{"id":10282,"date":"2025-08-14T07:49:00","date_gmt":"2025-08-14T07:49:00","guid":{"rendered":"https:\/\/iberoid-shop.com\/?post_type=product&#038;p=10282"},"modified":"2026-02-02T16:40:00","modified_gmt":"2026-02-02T16:40:00","slug":"pboll-primo-tabs-methenolone-acetate","status":"publish","type":"product","link":"https:\/\/iberoid-shop.com\/it\/product\/pboll-primo-tabs-methenolone-acetate\/","title":{"rendered":"PBOLL 10 \/ PRIMO TABS \/ methenolone acetate"},"content":{"rendered":"<p>Il <b>Primobolan<\/b> \u00e8 un anabolizzante con una componente androgena estremamente bassa. L&#8217;effetto anabolico del Primobolan \u00e8 moderatamente forte. Le compresse di Primobolan hanno un effetto limitato sulla costruzione della massa muscolare e sulla forza, e vengono assunte per lo pi\u00f9 per un periodo prolungato. L&#8217;uso principale delle compresse di Primobolan \u00e8 nella preparazione per una competizione.<\/p>\n<p>La sua forma acetata non aromatizza in estrogeni e non provoca ritenzione idrica. Le compresse di Primobolan acetato non dovrebbero mai essere prese come unico steroide durante una dieta, poich\u00e9, a causa del suo effetto androgeno estremamente basso, si possono verificare perdite significative di muscolo e forza, e c&#8217;\u00e8 il rischio di sovrallenamento. Non \u00e8 <b>c17 alfa-alchilato<\/b> come la maggior parte degli steroidi orali.<\/p>\n<p>Questo prodotto offre pi\u00f9 o meno gli stessi effetti del <b>Winstrol<\/b>, con la differenza che non \u00e8 tossico per il fegato, poich\u00e9 non \u00e8 <b>AA17<\/b>.<\/p>\n<p>Ha un grande vantaggio: anche se assunto da solo, pu\u00f2 causare un aumento della massa muscolare associato a una &#8220;carburezione&#8221; dei grassi, come avviene con il Winstrol. Il Primobolan orale offre un aumento muscolare moderato ma di qualit\u00e0 migliore, pi\u00f9 denso e magro.<\/p>\n<p>La caratteristica principale dell&#8217;<b>Acetato di Metenolone (Primobolan)<\/b> in compresse \u00e8 che non \u00e8 assolutamente tossico per il fegato o altri organi, a differenza del Winstrol e di molti altri anabolizzanti orali. Questo perch\u00e9 non \u00e8 alchilato, il che lo rende uno degli steroidi orali meno pericolosi.<\/p>","protected":false},"excerpt":{"rendered":"<p>Il Primobolan \u00e8 un anabolizzante con una componente androgena estremamente bassa. L&#8217;effetto anabolico del Primobolan \u00e8 moderatamente forte. Le compresse<\/p>\n","protected":false},"featured_media":10283,"comment_status":"open","ping_status":"closed","template":"","meta":[],"product_brand":[],"product_cat":[73],"product_tag":[],"class_list":{"0":"post-10282","1":"product","2":"type-product","3":"status-publish","4":"has-post-thumbnail","6":"product_cat-ssteroides_orales","8":"first","9":"instock","10":"shipping-taxable","11":"purchasable","12":"product-type-simple"},"yoast_head":"<!-- This site is optimized with the Yoast SEO Premium plugin v24.4 (Yoast SEO v27.3) - https:\/\/yoast.com\/product\/yoast-seo-premium-wordpress\/ -->\n<title>PBOLL 10 \/ PRIMO TABS \/ methenolone acetate - Steroidi in linea<\/title>\n<meta name=\"description\" content=\"Il Primobolan \u00e8 un leggero steroide anabolizzante orale che aiuta a costruire massa muscolare magra e a bruciare i grassi senza tossicit\u00e0 epatica, ritenzione idrica o conversione in estrogeni.\" \/>\n<meta name=\"robots\" content=\"index, follow, max-snippet:-1, max-image-preview:large, max-video-preview:-1\" \/>\n<link rel=\"canonical\" href=\"https:\/\/iberoid-shop.com\/it\/product\/pboll-primo-tabs-methenolone-acetate\/\" \/>\n<meta property=\"og:locale\" content=\"it_IT\" \/>\n<meta property=\"og:type\" content=\"article\" \/>\n<meta property=\"og:title\" content=\"PBOLL 10 \/ PRIMO TABS \/ methenolone acetate\" \/>\n<meta property=\"og:description\" content=\"Il Primobolan \u00e8 un leggero steroide anabolizzante orale che aiuta a costruire massa muscolare magra e a bruciare i grassi senza tossicit\u00e0 epatica, ritenzione idrica o conversione in estrogeni.\" \/>\n<meta property=\"og:url\" content=\"https:\/\/iberoid-shop.com\/it\/product\/pboll-primo-tabs-methenolone-acetate\/\" \/>\n<meta property=\"og:site_name\" content=\"Steroidi in linea\" \/>\n<meta property=\"article:modified_time\" content=\"2026-02-02T16:40:00+00:00\" \/>\n<meta property=\"og:image\" content=\"https:\/\/iberoid-shop.com\/wp-content\/uploads\/2025\/08\/PBOL1-scaled.jpeg?v=1755157698\" \/>\n\t<meta property=\"og:image:width\" content=\"1767\" \/>\n\t<meta property=\"og:image:height\" content=\"2560\" \/>\n\t<meta property=\"og:image:type\" content=\"image\/jpeg\" \/>\n<meta name=\"twitter:card\" content=\"summary_large_image\" \/>\n<meta name=\"twitter:label1\" content=\"Prezzo\" \/>\n\t<meta name=\"twitter:data1\" content=\"&euro;30.00\" \/>\n\t<meta name=\"twitter:label2\" content=\"Disponibilit\u00e0\" \/>\n\t<meta name=\"twitter:data2\" content=\"In stock\" \/>\n<script type=\"application\/ld+json\" class=\"yoast-schema-graph\">{\"@context\":\"https:\\\/\\\/schema.org\",\"@graph\":[{\"@type\":\"WebPage\",\"@id\":\"https:\\\/\\\/iberoid-shop.com\\\/it\\\/product\\\/pboll-primo-tabs-methenolone-acetate\\\/\",\"url\":\"https:\\\/\\\/iberoid-shop.com\\\/it\\\/product\\\/pboll-primo-tabs-methenolone-acetate\\\/\",\"name\":\"PBOLL 10 \\\/ PRIMO TABS \\\/ methenolone acetate - Steroidi in linea\",\"isPartOf\":{\"@id\":\"https:\\\/\\\/iberoid.com\\\/#website\"},\"primaryImageOfPage\":{\"@id\":\"https:\\\/\\\/iberoid-shop.com\\\/it\\\/product\\\/pboll-primo-tabs-methenolone-acetate\\\/#primaryimage\"},\"image\":{\"@id\":\"https:\\\/\\\/iberoid-shop.com\\\/it\\\/product\\\/pboll-primo-tabs-methenolone-acetate\\\/#primaryimage\"},\"thumbnailUrl\":\"https:\\\/\\\/iberoid-shop.com\\\/wp-content\\\/uploads\\\/2025\\\/08\\\/PBOL1-scaled.jpeg?v=1755157698\",\"datePublished\":\"2025-08-14T07:49:00+00:00\",\"dateModified\":\"2026-02-02T16:40:00+00:00\",\"description\":\"Il Primobolan \u00e8 un leggero steroide anabolizzante orale che aiuta a costruire massa muscolare magra e a bruciare i grassi senza tossicit\u00e0 epatica, ritenzione idrica o conversione in estrogeni.\",\"breadcrumb\":{\"@id\":\"https:\\\/\\\/iberoid-shop.com\\\/it\\\/product\\\/pboll-primo-tabs-methenolone-acetate\\\/#breadcrumb\"},\"inLanguage\":\"it-IT\",\"potentialAction\":[{\"@type\":\"ReadAction\",\"target\":[[\"https:\\\/\\\/iberoid-shop.com\\\/it\\\/product\\\/pboll-primo-tabs-methenolone-acetate\\\/\"]]}]},{\"@type\":\"ImageObject\",\"inLanguage\":\"it-IT\",\"@id\":\"https:\\\/\\\/iberoid-shop.com\\\/it\\\/product\\\/pboll-primo-tabs-methenolone-acetate\\\/#primaryimage\",\"url\":\"https:\\\/\\\/iberoid-shop.com\\\/wp-content\\\/uploads\\\/2025\\\/08\\\/PBOL1-scaled.jpeg?v=1755157698\",\"contentUrl\":\"https:\\\/\\\/iberoid-shop.com\\\/wp-content\\\/uploads\\\/2025\\\/08\\\/PBOL1-scaled.jpeg?v=1755157698\",\"width\":1767,\"height\":2560},{\"@type\":\"BreadcrumbList\",\"@id\":\"https:\\\/\\\/iberoid-shop.com\\\/it\\\/product\\\/pboll-primo-tabs-methenolone-acetate\\\/#breadcrumb\",\"itemListElement\":[{\"@type\":\"ListItem\",\"position\":1,\"name\":\"Portada\",\"item\":\"https:\\\/\\\/iberoid.com\\\/\"},{\"@type\":\"ListItem\",\"position\":2,\"name\":\"Negozio\",\"item\":\"https:\\\/\\\/iberoid-shop.com\\\/it\\\/shop\\\/\"},{\"@type\":\"ListItem\",\"position\":3,\"name\":\"PBOLL 10 \\\/ PRIMO TABS \\\/ methenolone acetate\"}]},{\"@type\":\"WebSite\",\"@id\":\"https:\\\/\\\/iberoid.com\\\/#website\",\"url\":\"https:\\\/\\\/iberoid.com\\\/\",\"name\":\"Steroidi in linea\",\"description\":\"Acquista steroidi online oggi in Spagna e Portogallo. Abbiamo il miglior servizio clienti del settore e prodotti di altissima qualit\u00e0\",\"potentialAction\":[{\"@type\":\"SearchAction\",\"target\":{\"@type\":\"EntryPoint\",\"urlTemplate\":\"https:\\\/\\\/iberoid.com\\\/?s={search_term_string}\"},\"query-input\":{\"@type\":\"PropertyValueSpecification\",\"valueRequired\":true,\"valueName\":\"search_term_string\"}}],\"inLanguage\":\"it-IT\"}]}<\/script>\n<meta property=\"product:brand\" content=\"Mp-Pharm\" \/>\n<meta property=\"product:price:amount\" content=\"30.00\" \/>\n<meta property=\"product:price:currency\" content=\"EUR\" \/>\n<meta property=\"og:availability\" content=\"instock\" \/>\n<meta property=\"product:availability\" content=\"instock\" \/>\n<meta property=\"product:condition\" content=\"new\" \/>\n<!-- \/ Yoast SEO Premium plugin. -->","yoast_head_json":{"title":"PBOLL 10 \/ PRIMO TABS \/ methenolone acetate - Steroidi in linea","description":"Il Primobolan \u00e8 un leggero steroide anabolizzante orale che aiuta a costruire massa muscolare magra e a bruciare i grassi senza tossicit\u00e0 epatica, ritenzione idrica o conversione in estrogeni.","robots":{"index":"index","follow":"follow","max-snippet":"max-snippet:-1","max-image-preview":"max-image-preview:large","max-video-preview":"max-video-preview:-1"},"canonical":"https:\/\/iberoid-shop.com\/it\/product\/pboll-primo-tabs-methenolone-acetate\/","og_locale":"it_IT","og_type":"article","og_title":"PBOLL 10 \/ PRIMO TABS \/ methenolone acetate","og_description":"Il Primobolan \u00e8 un leggero steroide anabolizzante orale che aiuta a costruire massa muscolare magra e a bruciare i grassi senza tossicit\u00e0 epatica, ritenzione idrica o conversione in estrogeni.","og_url":"https:\/\/iberoid-shop.com\/it\/product\/pboll-primo-tabs-methenolone-acetate\/","og_site_name":"Steroidi in linea","article_modified_time":"2026-02-02T16:40:00+00:00","og_image":[{"width":1767,"height":2560,"url":"https:\/\/iberoid-shop.com\/wp-content\/uploads\/2025\/08\/PBOL1-scaled.jpeg?v=1755157698","type":"image\/jpeg"}],"twitter_card":"summary_large_image","twitter_misc":{"Prezzo":"&euro;30.00","Disponibilit\u00e0":"In stock"},"schema":{"@context":"https:\/\/schema.org","@graph":[{"@type":"WebPage","@id":"https:\/\/iberoid-shop.com\/it\/product\/pboll-primo-tabs-methenolone-acetate\/","url":"https:\/\/iberoid-shop.com\/it\/product\/pboll-primo-tabs-methenolone-acetate\/","name":"PBOLL 10 \/ PRIMO TABS \/ methenolone acetate - Steroidi in linea","isPartOf":{"@id":"https:\/\/iberoid.com\/#website"},"primaryImageOfPage":{"@id":"https:\/\/iberoid-shop.com\/it\/product\/pboll-primo-tabs-methenolone-acetate\/#primaryimage"},"image":{"@id":"https:\/\/iberoid-shop.com\/it\/product\/pboll-primo-tabs-methenolone-acetate\/#primaryimage"},"thumbnailUrl":"https:\/\/iberoid-shop.com\/wp-content\/uploads\/2025\/08\/PBOL1-scaled.jpeg?v=1755157698","datePublished":"2025-08-14T07:49:00+00:00","dateModified":"2026-02-02T16:40:00+00:00","description":"Il Primobolan \u00e8 un leggero steroide anabolizzante orale che aiuta a costruire massa muscolare magra e a bruciare i grassi senza tossicit\u00e0 epatica, ritenzione idrica o conversione in estrogeni.","breadcrumb":{"@id":"https:\/\/iberoid-shop.com\/it\/product\/pboll-primo-tabs-methenolone-acetate\/#breadcrumb"},"inLanguage":"it-IT","potentialAction":[{"@type":"ReadAction","target":[["https:\/\/iberoid-shop.com\/it\/product\/pboll-primo-tabs-methenolone-acetate\/"]]}]},{"@type":"ImageObject","inLanguage":"it-IT","@id":"https:\/\/iberoid-shop.com\/it\/product\/pboll-primo-tabs-methenolone-acetate\/#primaryimage","url":"https:\/\/iberoid-shop.com\/wp-content\/uploads\/2025\/08\/PBOL1-scaled.jpeg?v=1755157698","contentUrl":"https:\/\/iberoid-shop.com\/wp-content\/uploads\/2025\/08\/PBOL1-scaled.jpeg?v=1755157698","width":1767,"height":2560},{"@type":"BreadcrumbList","@id":"https:\/\/iberoid-shop.com\/it\/product\/pboll-primo-tabs-methenolone-acetate\/#breadcrumb","itemListElement":[{"@type":"ListItem","position":1,"name":"Portada","item":"https:\/\/iberoid.com\/"},{"@type":"ListItem","position":2,"name":"Negozio","item":"https:\/\/iberoid-shop.com\/it\/shop\/"},{"@type":"ListItem","position":3,"name":"PBOLL 10 \/ PRIMO TABS \/ methenolone acetate"}]},{"@type":"WebSite","@id":"https:\/\/iberoid.com\/#website","url":"https:\/\/iberoid.com\/","name":"Steroidi in linea","description":"Acquista steroidi online oggi in Spagna e Portogallo. Abbiamo il miglior servizio clienti del settore e prodotti di altissima qualit\u00e0","potentialAction":[{"@type":"SearchAction","target":{"@type":"EntryPoint","urlTemplate":"https:\/\/iberoid.com\/?s={search_term_string}"},"query-input":{"@type":"PropertyValueSpecification","valueRequired":true,"valueName":"search_term_string"}}],"inLanguage":"it-IT"}]},"product_brand":"Mp-Pharm","product_price_amount":"30.00","product_price_currency":"EUR","og_availability":"instock","product_availability":"instock","product_condition":"new"},"_links":{"self":[{"href":"https:\/\/iberoid-shop.com\/it\/wp-json\/wp\/v2\/product\/10282","targetHints":{"allow":["GET"]}}],"collection":[{"href":"https:\/\/iberoid-shop.com\/it\/wp-json\/wp\/v2\/product"}],"about":[{"href":"https:\/\/iberoid-shop.com\/it\/wp-json\/wp\/v2\/types\/product"}],"replies":[{"embeddable":true,"href":"https:\/\/iberoid-shop.com\/it\/wp-json\/wp\/v2\/comments?post=10282"}],"wp:featuredmedia":[{"embeddable":true,"href":"https:\/\/iberoid-shop.com\/it\/wp-json\/wp\/v2\/media\/10283"}],"wp:attachment":[{"href":"https:\/\/iberoid-shop.com\/it\/wp-json\/wp\/v2\/media?parent=10282"}],"wp:term":[{"taxonomy":"product_brand","embeddable":true,"href":"https:\/\/iberoid-shop.com\/it\/wp-json\/wp\/v2\/product_brand?post=10282"},{"taxonomy":"product_cat","embeddable":true,"href":"https:\/\/iberoid-shop.com\/it\/wp-json\/wp\/v2\/product_cat?post=10282"},{"taxonomy":"product_tag","embeddable":true,"href":"https:\/\/iberoid-shop.com\/it\/wp-json\/wp\/v2\/product_tag?post=10282"}],"curies":[{"name":"wp","href":"https:\/\/api.w.org\/{rel}","templated":true}]}}