{"id":10277,"date":"2025-08-14T07:37:40","date_gmt":"2025-08-14T07:37:40","guid":{"rendered":"https:\/\/iberoid-shop.com\/?post_type=product&#038;p=10277"},"modified":"2025-12-30T14:11:42","modified_gmt":"2025-12-30T14:11:42","slug":"c2boll-clenbuterol-20-mcg","status":"publish","type":"product","link":"https:\/\/iberoid-shop.com\/it\/product\/c2boll-clenbuterol-20-mcg\/","title":{"rendered":"Clenbuterol 20 mcg"},"content":{"rendered":"<p>Il <b>Clenbuterolo<\/b> \u00e8 un noto farmaco brucia-grassi che accelera il metabolismo. \u00c8 molto usato da culturisti e atleti per aiutarli a raggiungere i loro obiettivi di forma fisica.<\/p>\n<h3>Che cos&#8217;\u00e8 il Clenbuterolo?<\/h3>\n<p>Sviluppato in origine per curare patologie respiratorie come l&#8217;asma, il Clenbuterolo ha guadagnato popolarit\u00e0 tra i culturisti e gli atleti per i suoi potenziali effetti sulla composizione corporea e sulle prestazioni.<\/p>\n<p>Quando viene usato per la perdita di peso e il miglioramento delle prestazioni, il Clenbuterolo pu\u00f2 essere assunto sotto forma di compresse, liquidi o iniezioni. Il dosaggio comune va tipicamente da <b>0,06 a 0,12 milligrammi al giorno<\/b>, che \u00e8 pi\u00f9 alto rispetto alla dose raccomandata per l&#8217;asma, che varia da <b>0,02 a 0,03 milligrammi<\/b>. Il Clenbuterolo aiuta a rilassare i muscoli e i polmoni, facilitando la respirazione e, allo stesso tempo, brucia grassi e calorie aumentando la temperatura corporea.<\/p>\n<h3>Uso del Clenbuterolo nel Culturismo<\/h3>\n<p>I culturisti e gli atleti sono attratti dal Clenbuterolo soprattutto per le sue propriet\u00e0 brucia-grassi. Inoltre, rilassando i muscoli e i polmoni, il Clenbuterolo pu\u00f2 aiutare gli atleti a migliorare la resistenza e, di conseguenza, le prestazioni generali.<\/p>\n<h3>Benefici<\/h3>\n<p>Nella comunit\u00e0 del culturismo, il Clenbuterolo ha la reputazione di essere uno &#8220;steroide non steroideo&#8221;. Questo perch\u00e9, pur non essendo uno steroide, ne imita le propriet\u00e0, ed \u00e8 per questo che molti culturisti si rivolgono al Clenbuterolo per un approccio pi\u00f9 &#8220;naturale&#8221; al potenziamento delle loro prestazioni.<\/p>\n<p>I principali benefici del Clenbuterolo nel culturismo includono:<\/p>\n<ul>\n<li><b>Perdita di grasso:<\/b> Si ritiene che il Clenbuterolo favorisca la perdita di grasso aumentando la velocit\u00e0 con cui il corpo metabolizza i lipidi per produrre energia. Pu\u00f2 promuovere la lipolisi, ovvero la scomposizione del grasso immagazzinato in acidi grassi liberi che possono essere usati come fonte di energia.<\/li>\n<li><b>Aumento di energia:<\/b> Alcuni utilizzatori riportano un aumento dei livelli di energia durante l&#8217;uso del Clenbuterolo. Questo pu\u00f2 essere vantaggioso per chi si dedica ad allenamenti intensi.<\/li>\n<li><b>Conservazione della massa muscolare magra:<\/b> Si pensa che il Clenbuterolo abbia propriet\u00e0 anticataboliche, il che significa che pu\u00f2 aiutare a preservare la massa muscolare magra durante i periodi di restrizione calorica o perdita di peso.<\/li>\n<\/ul>\n<h3>Dosaggio<\/h3>\n<p>Quando viene utilizzato per la perdita di peso e il miglioramento delle prestazioni, il Clenbuterolo pu\u00f2 essere assunto in compresse, liquidi o iniezioni. Il dosaggio comune va tipicamente da <b>0,06 a 0,12 milligrammi al giorno<\/b>, che \u00e8 pi\u00f9 alto rispetto alla dose raccomandata per l&#8217;asma, che varia da <b>0,02 a 0,03 milligrammi<\/b>.<\/p>\n<p>Se non hai mai usato il Clenbuterolo, la cosa pi\u00f9 sicura da fare \u00e8 iniziare con una dose ridotta. Dovresti anche consultare un medico prima di usarlo per ridurre il rischio di gravi effetti negativi sul tuo benessere.<\/p>","protected":false},"excerpt":{"rendered":"<p>Il Clenbuterolo \u00e8 un noto farmaco brucia-grassi che accelera il metabolismo. \u00c8 molto usato da culturisti e atleti per aiutarli<\/p>\n","protected":false},"featured_media":10279,"comment_status":"open","ping_status":"closed","template":"","meta":[],"product_brand":[],"product_cat":[73],"product_tag":[],"class_list":{"0":"post-10277","1":"product","2":"type-product","3":"status-publish","4":"has-post-thumbnail","6":"product_cat-ssteroides_orales","8":"first","9":"instock","10":"shipping-taxable","11":"purchasable","12":"product-type-simple"},"yoast_head":"<!-- This site is optimized with the Yoast SEO Premium plugin v24.4 (Yoast SEO v27.3) - https:\/\/yoast.com\/product\/yoast-seo-premium-wordpress\/ -->\n<title>Clenbuterol 20 mcg - Steroidi in linea<\/title>\n<meta name=\"description\" content=\"Il Clenbuterolo \u00e8 un farmaco non steroideo che potenzia la combustione dei grassi e l&#039;energia aumentando il metabolismo corporeo e preservando la massa muscolare magra.\" \/>\n<meta name=\"robots\" content=\"index, follow, max-snippet:-1, max-image-preview:large, max-video-preview:-1\" \/>\n<link rel=\"canonical\" href=\"https:\/\/iberoid-shop.com\/it\/product\/c2boll-clenbuterol-20-mcg\/\" \/>\n<meta property=\"og:locale\" content=\"it_IT\" \/>\n<meta property=\"og:type\" content=\"article\" \/>\n<meta property=\"og:title\" content=\"Clenbuterol 20 mcg\" \/>\n<meta property=\"og:description\" content=\"Il Clenbuterolo \u00e8 un farmaco non steroideo che potenzia la combustione dei grassi e l&#039;energia aumentando il metabolismo corporeo e preservando la massa muscolare magra.\" \/>\n<meta property=\"og:url\" content=\"https:\/\/iberoid-shop.com\/it\/product\/c2boll-clenbuterol-20-mcg\/\" \/>\n<meta property=\"og:site_name\" content=\"Steroidi in linea\" \/>\n<meta property=\"article:modified_time\" content=\"2025-12-30T14:11:42+00:00\" \/>\n<meta property=\"og:image\" content=\"https:\/\/iberoid-shop.com\/wp-content\/uploads\/2025\/08\/1-C2-1-scaled.jpeg?v=1755157039\" \/>\n\t<meta property=\"og:image:width\" content=\"1860\" \/>\n\t<meta property=\"og:image:height\" content=\"2560\" \/>\n\t<meta property=\"og:image:type\" content=\"image\/jpeg\" \/>\n<meta name=\"twitter:card\" content=\"summary_large_image\" \/>\n<meta name=\"twitter:label1\" content=\"Prezzo\" \/>\n\t<meta name=\"twitter:data1\" content=\"&euro;20.00\" \/>\n\t<meta name=\"twitter:label2\" content=\"Disponibilit\u00e0\" \/>\n\t<meta name=\"twitter:data2\" content=\"In stock\" \/>\n<script type=\"application\/ld+json\" class=\"yoast-schema-graph\">{\"@context\":\"https:\\\/\\\/schema.org\",\"@graph\":[{\"@type\":\"WebPage\",\"@id\":\"https:\\\/\\\/iberoid-shop.com\\\/it\\\/product\\\/c2boll-clenbuterol-20-mcg\\\/\",\"url\":\"https:\\\/\\\/iberoid-shop.com\\\/it\\\/product\\\/c2boll-clenbuterol-20-mcg\\\/\",\"name\":\"Clenbuterol 20 mcg - Steroidi in linea\",\"isPartOf\":{\"@id\":\"https:\\\/\\\/iberoid-shop.com\\\/it\\\/#website\"},\"primaryImageOfPage\":{\"@id\":\"https:\\\/\\\/iberoid-shop.com\\\/it\\\/product\\\/c2boll-clenbuterol-20-mcg\\\/#primaryimage\"},\"image\":{\"@id\":\"https:\\\/\\\/iberoid-shop.com\\\/it\\\/product\\\/c2boll-clenbuterol-20-mcg\\\/#primaryimage\"},\"thumbnailUrl\":\"https:\\\/\\\/iberoid-shop.com\\\/wp-content\\\/uploads\\\/2025\\\/08\\\/1-C2-1-scaled.jpeg?v=1755157039\",\"datePublished\":\"2025-08-14T07:37:40+00:00\",\"dateModified\":\"2025-12-30T14:11:42+00:00\",\"description\":\"Il Clenbuterolo \u00e8 un farmaco non steroideo che potenzia la combustione dei grassi e l'energia aumentando il metabolismo corporeo e preservando la massa muscolare magra.\",\"breadcrumb\":{\"@id\":\"https:\\\/\\\/iberoid-shop.com\\\/it\\\/product\\\/c2boll-clenbuterol-20-mcg\\\/#breadcrumb\"},\"inLanguage\":\"it-IT\",\"potentialAction\":[{\"@type\":\"ReadAction\",\"target\":[[\"https:\\\/\\\/iberoid-shop.com\\\/it\\\/product\\\/c2boll-clenbuterol-20-mcg\\\/\"]]}]},{\"@type\":\"ImageObject\",\"inLanguage\":\"it-IT\",\"@id\":\"https:\\\/\\\/iberoid-shop.com\\\/it\\\/product\\\/c2boll-clenbuterol-20-mcg\\\/#primaryimage\",\"url\":\"https:\\\/\\\/iberoid-shop.com\\\/wp-content\\\/uploads\\\/2025\\\/08\\\/1-C2-1-scaled.jpeg?v=1755157039\",\"contentUrl\":\"https:\\\/\\\/iberoid-shop.com\\\/wp-content\\\/uploads\\\/2025\\\/08\\\/1-C2-1-scaled.jpeg?v=1755157039\",\"width\":1860,\"height\":2560},{\"@type\":\"BreadcrumbList\",\"@id\":\"https:\\\/\\\/iberoid-shop.com\\\/it\\\/product\\\/c2boll-clenbuterol-20-mcg\\\/#breadcrumb\",\"itemListElement\":[{\"@type\":\"ListItem\",\"position\":1,\"name\":\"Portada\",\"item\":\"https:\\\/\\\/iberoid-shop.com\\\/it\\\/\"},{\"@type\":\"ListItem\",\"position\":2,\"name\":\"Negozio\",\"item\":\"https:\\\/\\\/iberoid-shop.com\\\/it\\\/shop\\\/\"},{\"@type\":\"ListItem\",\"position\":3,\"name\":\"Clenbuterol 20 mcg\"}]},{\"@type\":\"WebSite\",\"@id\":\"https:\\\/\\\/iberoid-shop.com\\\/it\\\/#website\",\"url\":\"https:\\\/\\\/iberoid-shop.com\\\/it\\\/\",\"name\":\"Steroidi in linea\",\"description\":\"Acquista steroidi online oggi in Spagna e Portogallo. Abbiamo il miglior servizio clienti del settore e prodotti di altissima qualit\u00e0\",\"potentialAction\":[{\"@type\":\"SearchAction\",\"target\":{\"@type\":\"EntryPoint\",\"urlTemplate\":\"https:\\\/\\\/iberoid-shop.com\\\/it\\\/?s={search_term_string}\"},\"query-input\":{\"@type\":\"PropertyValueSpecification\",\"valueRequired\":true,\"valueName\":\"search_term_string\"}}],\"inLanguage\":\"it-IT\"}]}<\/script>\n<meta property=\"product:brand\" content=\"Mp-Pharm\" \/>\n<meta property=\"product:price:amount\" content=\"20.00\" \/>\n<meta property=\"product:price:currency\" content=\"EUR\" \/>\n<meta property=\"og:availability\" content=\"instock\" \/>\n<meta property=\"product:availability\" content=\"instock\" \/>\n<meta property=\"product:condition\" content=\"new\" \/>\n<!-- \/ Yoast SEO Premium plugin. -->","yoast_head_json":{"title":"Clenbuterol 20 mcg - Steroidi in linea","description":"Il Clenbuterolo \u00e8 un farmaco non steroideo che potenzia la combustione dei grassi e l'energia aumentando il metabolismo corporeo e preservando la massa muscolare magra.","robots":{"index":"index","follow":"follow","max-snippet":"max-snippet:-1","max-image-preview":"max-image-preview:large","max-video-preview":"max-video-preview:-1"},"canonical":"https:\/\/iberoid-shop.com\/it\/product\/c2boll-clenbuterol-20-mcg\/","og_locale":"it_IT","og_type":"article","og_title":"Clenbuterol 20 mcg","og_description":"Il Clenbuterolo \u00e8 un farmaco non steroideo che potenzia la combustione dei grassi e l'energia aumentando il metabolismo corporeo e preservando la massa muscolare magra.","og_url":"https:\/\/iberoid-shop.com\/it\/product\/c2boll-clenbuterol-20-mcg\/","og_site_name":"Steroidi in linea","article_modified_time":"2025-12-30T14:11:42+00:00","og_image":[{"width":1860,"height":2560,"url":"https:\/\/iberoid-shop.com\/wp-content\/uploads\/2025\/08\/1-C2-1-scaled.jpeg?v=1755157039","type":"image\/jpeg"}],"twitter_card":"summary_large_image","twitter_misc":{"Prezzo":"&euro;20.00","Disponibilit\u00e0":"In stock"},"schema":{"@context":"https:\/\/schema.org","@graph":[{"@type":"WebPage","@id":"https:\/\/iberoid-shop.com\/it\/product\/c2boll-clenbuterol-20-mcg\/","url":"https:\/\/iberoid-shop.com\/it\/product\/c2boll-clenbuterol-20-mcg\/","name":"Clenbuterol 20 mcg - Steroidi in linea","isPartOf":{"@id":"https:\/\/iberoid-shop.com\/it\/#website"},"primaryImageOfPage":{"@id":"https:\/\/iberoid-shop.com\/it\/product\/c2boll-clenbuterol-20-mcg\/#primaryimage"},"image":{"@id":"https:\/\/iberoid-shop.com\/it\/product\/c2boll-clenbuterol-20-mcg\/#primaryimage"},"thumbnailUrl":"https:\/\/iberoid-shop.com\/wp-content\/uploads\/2025\/08\/1-C2-1-scaled.jpeg?v=1755157039","datePublished":"2025-08-14T07:37:40+00:00","dateModified":"2025-12-30T14:11:42+00:00","description":"Il Clenbuterolo \u00e8 un farmaco non steroideo che potenzia la combustione dei grassi e l'energia aumentando il metabolismo corporeo e preservando la massa muscolare magra.","breadcrumb":{"@id":"https:\/\/iberoid-shop.com\/it\/product\/c2boll-clenbuterol-20-mcg\/#breadcrumb"},"inLanguage":"it-IT","potentialAction":[{"@type":"ReadAction","target":[["https:\/\/iberoid-shop.com\/it\/product\/c2boll-clenbuterol-20-mcg\/"]]}]},{"@type":"ImageObject","inLanguage":"it-IT","@id":"https:\/\/iberoid-shop.com\/it\/product\/c2boll-clenbuterol-20-mcg\/#primaryimage","url":"https:\/\/iberoid-shop.com\/wp-content\/uploads\/2025\/08\/1-C2-1-scaled.jpeg?v=1755157039","contentUrl":"https:\/\/iberoid-shop.com\/wp-content\/uploads\/2025\/08\/1-C2-1-scaled.jpeg?v=1755157039","width":1860,"height":2560},{"@type":"BreadcrumbList","@id":"https:\/\/iberoid-shop.com\/it\/product\/c2boll-clenbuterol-20-mcg\/#breadcrumb","itemListElement":[{"@type":"ListItem","position":1,"name":"Portada","item":"https:\/\/iberoid-shop.com\/it\/"},{"@type":"ListItem","position":2,"name":"Negozio","item":"https:\/\/iberoid-shop.com\/it\/shop\/"},{"@type":"ListItem","position":3,"name":"Clenbuterol 20 mcg"}]},{"@type":"WebSite","@id":"https:\/\/iberoid-shop.com\/it\/#website","url":"https:\/\/iberoid-shop.com\/it\/","name":"Steroidi in linea","description":"Acquista steroidi online oggi in Spagna e Portogallo. Abbiamo il miglior servizio clienti del settore e prodotti di altissima qualit\u00e0","potentialAction":[{"@type":"SearchAction","target":{"@type":"EntryPoint","urlTemplate":"https:\/\/iberoid-shop.com\/it\/?s={search_term_string}"},"query-input":{"@type":"PropertyValueSpecification","valueRequired":true,"valueName":"search_term_string"}}],"inLanguage":"it-IT"}]},"product_brand":"Mp-Pharm","product_price_amount":"20.00","product_price_currency":"EUR","og_availability":"instock","product_availability":"instock","product_condition":"new"},"_links":{"self":[{"href":"https:\/\/iberoid-shop.com\/it\/wp-json\/wp\/v2\/product\/10277","targetHints":{"allow":["GET"]}}],"collection":[{"href":"https:\/\/iberoid-shop.com\/it\/wp-json\/wp\/v2\/product"}],"about":[{"href":"https:\/\/iberoid-shop.com\/it\/wp-json\/wp\/v2\/types\/product"}],"replies":[{"embeddable":true,"href":"https:\/\/iberoid-shop.com\/it\/wp-json\/wp\/v2\/comments?post=10277"}],"wp:featuredmedia":[{"embeddable":true,"href":"https:\/\/iberoid-shop.com\/it\/wp-json\/wp\/v2\/media\/10279"}],"wp:attachment":[{"href":"https:\/\/iberoid-shop.com\/it\/wp-json\/wp\/v2\/media?parent=10277"}],"wp:term":[{"taxonomy":"product_brand","embeddable":true,"href":"https:\/\/iberoid-shop.com\/it\/wp-json\/wp\/v2\/product_brand?post=10277"},{"taxonomy":"product_cat","embeddable":true,"href":"https:\/\/iberoid-shop.com\/it\/wp-json\/wp\/v2\/product_cat?post=10277"},{"taxonomy":"product_tag","embeddable":true,"href":"https:\/\/iberoid-shop.com\/it\/wp-json\/wp\/v2\/product_tag?post=10277"}],"curies":[{"name":"wp","href":"https:\/\/api.w.org\/{rel}","templated":true}]}}