{"id":10274,"date":"2025-08-13T10:16:08","date_gmt":"2025-08-13T10:16:08","guid":{"rendered":"https:\/\/iberoid-shop.com\/?post_type=product&#038;p=10274"},"modified":"2026-04-24T15:33:04","modified_gmt":"2026-04-24T15:33:04","slug":"testosteron-propionat-zphc","status":"publish","type":"product","link":"https:\/\/iberoid-shop.com\/it\/product\/testosteron-propionat-zphc\/","title":{"rendered":"Testosterone Propionate"},"content":{"rendered":"<p>Il testosterone propionato ZPHC \u00e8 uno steroide anabolizzante molto comune. La sua sostanza principale \u00e8 il testosterone a cui viene aggiunto un estere di acido propionico. \u00c8 molto diffuso negli sport in cui la forza e la velocit\u00e0 sono fondamentali. Pu\u00f2 essere usato sia durante la preparazione per una gara che prima di una competizione (corse, duelli) o nella fase di &#8220;definizione&#8221;, perch\u00e9 preserva perfettamente la massa corporea!<\/p>\n<h3><b>Effetti<\/b><\/h3>\n<ul>\n<li><b>Aumento della massa muscolare<\/b>. Il corpo non trattiene acqua, rendendo i muscoli duri e forti.<\/li>\n<li>Diminuzione dei livelli di leptina, il che influenza l&#8217;appetito e il metabolismo, favorendo la combustione dei grassi se si seguono una dieta e un regime di allenamento adeguati.<\/li>\n<li>Aumento dei livelli di IGF-1 (fattore di crescita insulino-simile 1), un peptide biologicamente attivo, nei muscoli e nel fegato.<\/li>\n<li>Variazione del bilancio dell&#8217;azoto in senso positivo.<\/li>\n<\/ul>\n<hr \/>\n<p>&nbsp;<\/p>\n<h3><b>Utilizzo<\/b><\/h3>\n<p>\u00c8 l&#8217;ideale per gli atleti principianti che vogliono aumentare di peso. Si abbina bene con altri preparati farmacologici. \u00c8 consigliabile iniziare il ciclo con un dosaggio di 50 mg, ripetendo le iniezioni a giorni alterni per monitorare la reazione del corpo al farmaco e i cambiamenti ormonali. Il ciclo dura da 4 a 6 settimane.<\/p>\n<h3><b>Ciclo combinato<\/b><\/h3>\n<p>Nella fase di &#8220;definizione&#8221;, si abbina bene con Winstrol, Trenbolone acetato, Drostanolone propionato, Methenolone enantato e altri farmaci.<\/p>","protected":false},"excerpt":{"rendered":"<p>Il testosterone propionato ZPHC \u00e8 uno steroide anabolizzante molto comune. La sua sostanza principale \u00e8 il testosterone a cui viene<\/p>\n","protected":false},"featured_media":10275,"comment_status":"open","ping_status":"closed","template":"","meta":[],"product_brand":[],"product_cat":[69,3533],"product_tag":[],"class_list":{"0":"post-10274","1":"product","2":"type-product","3":"status-publish","4":"has-post-thumbnail","6":"product_cat-esteroides_inyectables","7":"product_cat-sales-rebajas","9":"first","10":"instock","11":"sale","12":"shipping-taxable","13":"purchasable","14":"product-type-simple"},"yoast_head":"<!-- This site is optimized with the Yoast SEO Premium plugin v24.4 (Yoast SEO v27.3) - https:\/\/yoast.com\/product\/yoast-seo-premium-wordpress\/ -->\n<title>Testosterone Propionate - Steroidi in linea<\/title>\n<meta name=\"description\" content=\"Il Testosterone Propionato \u00e8 uno steroide anabolizzante che aumenta massa muscolare, forza e combustione dei grassi, preservando la massa corporea senza causare ritenzione idrica.\" \/>\n<meta name=\"robots\" content=\"index, follow, max-snippet:-1, max-image-preview:large, max-video-preview:-1\" \/>\n<link rel=\"canonical\" href=\"https:\/\/iberoid-shop.com\/it\/product\/testosteron-propionat-zphc\/\" \/>\n<meta property=\"og:locale\" content=\"it_IT\" \/>\n<meta property=\"og:type\" content=\"article\" \/>\n<meta property=\"og:title\" content=\"Testosterone Propionate\" \/>\n<meta property=\"og:description\" content=\"Il Testosterone Propionato \u00e8 uno steroide anabolizzante che aumenta massa muscolare, forza e combustione dei grassi, preservando la massa corporea senza causare ritenzione idrica.\" \/>\n<meta property=\"og:url\" content=\"https:\/\/iberoid-shop.com\/it\/product\/testosteron-propionat-zphc\/\" \/>\n<meta property=\"og:site_name\" content=\"Steroidi in linea\" \/>\n<meta property=\"article:modified_time\" content=\"2026-04-24T15:33:04+00:00\" \/>\n<meta property=\"og:image\" content=\"https:\/\/iberoid-shop.com\/wp-content\/uploads\/2025\/08\/tp-zphc-1.webp\" \/>\n\t<meta property=\"og:image:width\" content=\"700\" \/>\n\t<meta property=\"og:image:height\" content=\"700\" \/>\n\t<meta property=\"og:image:type\" content=\"image\/webp\" \/>\n<meta name=\"twitter:card\" content=\"summary_large_image\" \/>\n<meta name=\"twitter:label1\" content=\"Prezzo\" \/>\n\t<meta name=\"twitter:data1\" content=\"&euro;25.00\" \/>\n\t<meta name=\"twitter:label2\" content=\"Disponibilit\u00e0\" \/>\n\t<meta name=\"twitter:data2\" content=\"In stock\" \/>\n<script type=\"application\/ld+json\" class=\"yoast-schema-graph\">{\"@context\":\"https:\\\/\\\/schema.org\",\"@graph\":[{\"@type\":\"WebPage\",\"@id\":\"https:\\\/\\\/iberoid-shop.com\\\/it\\\/product\\\/testosteron-propionat-zphc\\\/\",\"url\":\"https:\\\/\\\/iberoid-shop.com\\\/it\\\/product\\\/testosteron-propionat-zphc\\\/\",\"name\":\"Testosterone Propionate - Steroidi in linea\",\"isPartOf\":{\"@id\":\"https:\\\/\\\/iberoid-shop.com\\\/it\\\/#website\"},\"primaryImageOfPage\":{\"@id\":\"https:\\\/\\\/iberoid-shop.com\\\/it\\\/product\\\/testosteron-propionat-zphc\\\/#primaryimage\"},\"image\":{\"@id\":\"https:\\\/\\\/iberoid-shop.com\\\/it\\\/product\\\/testosteron-propionat-zphc\\\/#primaryimage\"},\"thumbnailUrl\":\"https:\\\/\\\/iberoid-shop.com\\\/wp-content\\\/uploads\\\/2025\\\/08\\\/tp-zphc-1.webp\",\"datePublished\":\"2025-08-13T10:16:08+00:00\",\"dateModified\":\"2026-04-24T15:33:04+00:00\",\"description\":\"Il Testosterone Propionato \u00e8 uno steroide anabolizzante che aumenta massa muscolare, forza e combustione dei grassi, preservando la massa corporea senza causare ritenzione idrica.\",\"breadcrumb\":{\"@id\":\"https:\\\/\\\/iberoid-shop.com\\\/it\\\/product\\\/testosteron-propionat-zphc\\\/#breadcrumb\"},\"inLanguage\":\"it-IT\",\"potentialAction\":[{\"@type\":\"ReadAction\",\"target\":[[\"https:\\\/\\\/iberoid-shop.com\\\/it\\\/product\\\/testosteron-propionat-zphc\\\/\"]]}]},{\"@type\":\"ImageObject\",\"inLanguage\":\"it-IT\",\"@id\":\"https:\\\/\\\/iberoid-shop.com\\\/it\\\/product\\\/testosteron-propionat-zphc\\\/#primaryimage\",\"url\":\"https:\\\/\\\/iberoid-shop.com\\\/wp-content\\\/uploads\\\/2025\\\/08\\\/tp-zphc-1.webp\",\"contentUrl\":\"https:\\\/\\\/iberoid-shop.com\\\/wp-content\\\/uploads\\\/2025\\\/08\\\/tp-zphc-1.webp\",\"width\":700,\"height\":700},{\"@type\":\"BreadcrumbList\",\"@id\":\"https:\\\/\\\/iberoid-shop.com\\\/it\\\/product\\\/testosteron-propionat-zphc\\\/#breadcrumb\",\"itemListElement\":[{\"@type\":\"ListItem\",\"position\":1,\"name\":\"Portada\",\"item\":\"https:\\\/\\\/iberoid-shop.com\\\/it\\\/\"},{\"@type\":\"ListItem\",\"position\":2,\"name\":\"Negozio\",\"item\":\"https:\\\/\\\/iberoid-shop.com\\\/it\\\/shop\\\/\"},{\"@type\":\"ListItem\",\"position\":3,\"name\":\"Testosterone Propionate\"}]},{\"@type\":\"WebSite\",\"@id\":\"https:\\\/\\\/iberoid-shop.com\\\/it\\\/#website\",\"url\":\"https:\\\/\\\/iberoid-shop.com\\\/it\\\/\",\"name\":\"Steroidi in linea\",\"description\":\"Acquista steroidi online oggi in Spagna e Portogallo. Abbiamo il miglior servizio clienti del settore e prodotti di altissima qualit\u00e0\",\"potentialAction\":[{\"@type\":\"SearchAction\",\"target\":{\"@type\":\"EntryPoint\",\"urlTemplate\":\"https:\\\/\\\/iberoid-shop.com\\\/it\\\/?s={search_term_string}\"},\"query-input\":{\"@type\":\"PropertyValueSpecification\",\"valueRequired\":true,\"valueName\":\"search_term_string\"}}],\"inLanguage\":\"it-IT\"}]}<\/script>\n<meta property=\"product:brand\" content=\"ZPHC\" \/>\n<meta property=\"product:price:amount\" content=\"25.00\" \/>\n<meta property=\"product:price:currency\" content=\"EUR\" \/>\n<meta property=\"og:availability\" content=\"instock\" \/>\n<meta property=\"product:availability\" content=\"instock\" \/>\n<meta property=\"product:condition\" content=\"new\" \/>\n<!-- \/ Yoast SEO Premium plugin. -->","yoast_head_json":{"title":"Testosterone Propionate - Steroidi in linea","description":"Il Testosterone Propionato \u00e8 uno steroide anabolizzante che aumenta massa muscolare, forza e combustione dei grassi, preservando la massa corporea senza causare ritenzione idrica.","robots":{"index":"index","follow":"follow","max-snippet":"max-snippet:-1","max-image-preview":"max-image-preview:large","max-video-preview":"max-video-preview:-1"},"canonical":"https:\/\/iberoid-shop.com\/it\/product\/testosteron-propionat-zphc\/","og_locale":"it_IT","og_type":"article","og_title":"Testosterone Propionate","og_description":"Il Testosterone Propionato \u00e8 uno steroide anabolizzante che aumenta massa muscolare, forza e combustione dei grassi, preservando la massa corporea senza causare ritenzione idrica.","og_url":"https:\/\/iberoid-shop.com\/it\/product\/testosteron-propionat-zphc\/","og_site_name":"Steroidi in linea","article_modified_time":"2026-04-24T15:33:04+00:00","og_image":[{"width":700,"height":700,"url":"https:\/\/iberoid-shop.com\/wp-content\/uploads\/2025\/08\/tp-zphc-1.webp","type":"image\/webp"}],"twitter_card":"summary_large_image","twitter_misc":{"Prezzo":"&euro;25.00","Disponibilit\u00e0":"In stock"},"schema":{"@context":"https:\/\/schema.org","@graph":[{"@type":"WebPage","@id":"https:\/\/iberoid-shop.com\/it\/product\/testosteron-propionat-zphc\/","url":"https:\/\/iberoid-shop.com\/it\/product\/testosteron-propionat-zphc\/","name":"Testosterone Propionate - Steroidi in linea","isPartOf":{"@id":"https:\/\/iberoid-shop.com\/it\/#website"},"primaryImageOfPage":{"@id":"https:\/\/iberoid-shop.com\/it\/product\/testosteron-propionat-zphc\/#primaryimage"},"image":{"@id":"https:\/\/iberoid-shop.com\/it\/product\/testosteron-propionat-zphc\/#primaryimage"},"thumbnailUrl":"https:\/\/iberoid-shop.com\/wp-content\/uploads\/2025\/08\/tp-zphc-1.webp","datePublished":"2025-08-13T10:16:08+00:00","dateModified":"2026-04-24T15:33:04+00:00","description":"Il Testosterone Propionato \u00e8 uno steroide anabolizzante che aumenta massa muscolare, forza e combustione dei grassi, preservando la massa corporea senza causare ritenzione idrica.","breadcrumb":{"@id":"https:\/\/iberoid-shop.com\/it\/product\/testosteron-propionat-zphc\/#breadcrumb"},"inLanguage":"it-IT","potentialAction":[{"@type":"ReadAction","target":[["https:\/\/iberoid-shop.com\/it\/product\/testosteron-propionat-zphc\/"]]}]},{"@type":"ImageObject","inLanguage":"it-IT","@id":"https:\/\/iberoid-shop.com\/it\/product\/testosteron-propionat-zphc\/#primaryimage","url":"https:\/\/iberoid-shop.com\/wp-content\/uploads\/2025\/08\/tp-zphc-1.webp","contentUrl":"https:\/\/iberoid-shop.com\/wp-content\/uploads\/2025\/08\/tp-zphc-1.webp","width":700,"height":700},{"@type":"BreadcrumbList","@id":"https:\/\/iberoid-shop.com\/it\/product\/testosteron-propionat-zphc\/#breadcrumb","itemListElement":[{"@type":"ListItem","position":1,"name":"Portada","item":"https:\/\/iberoid-shop.com\/it\/"},{"@type":"ListItem","position":2,"name":"Negozio","item":"https:\/\/iberoid-shop.com\/it\/shop\/"},{"@type":"ListItem","position":3,"name":"Testosterone Propionate"}]},{"@type":"WebSite","@id":"https:\/\/iberoid-shop.com\/it\/#website","url":"https:\/\/iberoid-shop.com\/it\/","name":"Steroidi in linea","description":"Acquista steroidi online oggi in Spagna e Portogallo. Abbiamo il miglior servizio clienti del settore e prodotti di altissima qualit\u00e0","potentialAction":[{"@type":"SearchAction","target":{"@type":"EntryPoint","urlTemplate":"https:\/\/iberoid-shop.com\/it\/?s={search_term_string}"},"query-input":{"@type":"PropertyValueSpecification","valueRequired":true,"valueName":"search_term_string"}}],"inLanguage":"it-IT"}]},"product_brand":"ZPHC","product_price_amount":"25.00","product_price_currency":"EUR","og_availability":"instock","product_availability":"instock","product_condition":"new"},"_links":{"self":[{"href":"https:\/\/iberoid-shop.com\/it\/wp-json\/wp\/v2\/product\/10274","targetHints":{"allow":["GET"]}}],"collection":[{"href":"https:\/\/iberoid-shop.com\/it\/wp-json\/wp\/v2\/product"}],"about":[{"href":"https:\/\/iberoid-shop.com\/it\/wp-json\/wp\/v2\/types\/product"}],"replies":[{"embeddable":true,"href":"https:\/\/iberoid-shop.com\/it\/wp-json\/wp\/v2\/comments?post=10274"}],"wp:featuredmedia":[{"embeddable":true,"href":"https:\/\/iberoid-shop.com\/it\/wp-json\/wp\/v2\/media\/10275"}],"wp:attachment":[{"href":"https:\/\/iberoid-shop.com\/it\/wp-json\/wp\/v2\/media?parent=10274"}],"wp:term":[{"taxonomy":"product_brand","embeddable":true,"href":"https:\/\/iberoid-shop.com\/it\/wp-json\/wp\/v2\/product_brand?post=10274"},{"taxonomy":"product_cat","embeddable":true,"href":"https:\/\/iberoid-shop.com\/it\/wp-json\/wp\/v2\/product_cat?post=10274"},{"taxonomy":"product_tag","embeddable":true,"href":"https:\/\/iberoid-shop.com\/it\/wp-json\/wp\/v2\/product_tag?post=10274"}],"curies":[{"name":"wp","href":"https:\/\/api.w.org\/{rel}","templated":true}]}}