{"id":10230,"date":"2025-07-13T17:24:10","date_gmt":"2025-07-13T17:24:10","guid":{"rendered":"https:\/\/iberoid-shop.com\/?post_type=product&#038;p=10230"},"modified":"2026-03-10T20:19:39","modified_gmt":"2026-03-10T20:19:39","slug":"nandrolonedecanoate-zphc-pharm","status":"publish","type":"product","link":"https:\/\/iberoid-shop.com\/it\/product\/nandrolonedecanoate-zphc-pharm\/","title":{"rendered":"Nandrolone Decanoate"},"content":{"rendered":"<p><\/p>\n<p data-start=\"0\" data-end=\"274\"><strong data-start=\"0\" data-end=\"29\">Nandrolone Decanoato ZPHC<\/strong> \u00e8 uno steroide anabolizzante e androgeno prodotto in forma iniettabile. Il suo nome chimico \u00e8 19-Nortestosterone. Il corpo umano pu\u00f2 produrre nandrolone in risposta ad attivit\u00e0 fisiche intense e prolungate (e durante la gravidanza nelle donne).<\/p>\n<p data-start=\"276\" data-end=\"770\">Allo stesso tempo, la sua concentrazione \u00e8 molto bassa, soltanto pochi nanogrammi per millilitro di urina. Il nandrolone \u00e8 disponibile nelle forme decanoato e fenilpropionato (Nandrolone Decanoato e Fenilpropionato). Questo steroide \u00e8 stato introdotto sul mercato per la prima volta nel 1962 e oggi occupa una posizione chiave nel mercato della farmacologia sportiva. La popolarit\u00e0 di questo farmaco \u00e8 dovuta alla sua elevata attivit\u00e0 anabolica con una bassa probabilit\u00e0 di effetti collaterali.<\/p>\n<hr data-start=\"772\" data-end=\"775\" \/>\n<h3 data-start=\"777\" data-end=\"791\"><strong data-start=\"781\" data-end=\"791\">Azione<\/strong><\/h3>\n<p data-start=\"793\" data-end=\"1149\">Il Nandrolone Decanoato \u00e8 un prodotto che favorisce la crescita muscolare migliorata. In un ciclo solo con nandrolone decanoato, con una corretta alimentazione e una certa predisposizione genetica, si possono guadagnare fino a 8 chilogrammi. A differenza della metandrostenolone e di altri steroidi anabolizzanti, il fenomeno del rollback \u00e8 insignificante.<\/p>\n<ul data-start=\"1151\" data-end=\"1600\">\n<li data-start=\"1151\" data-end=\"1186\">\n<p data-start=\"1153\" data-end=\"1186\">Aumento dei parametri di forza.<\/p>\n<\/li>\n<li data-start=\"1187\" data-end=\"1283\">\n<p data-start=\"1189\" data-end=\"1283\">Rafforzamento di articolazioni, ossa e legamenti (stimolazione della sintesi del collagene).<\/p>\n<\/li>\n<li data-start=\"1284\" data-end=\"1340\">\n<p data-start=\"1286\" data-end=\"1340\">Stimolazione della secrezione del liquido sinoviale.<\/p>\n<\/li>\n<li data-start=\"1341\" data-end=\"1559\">\n<p data-start=\"1343\" data-end=\"1559\">Aumento della massa dei globuli rossi. Il nandrolone decanoato e fenilpropionato stimolano la formazione dei globuli rossi, aumentando cos\u00ec la quantit\u00e0 di ossigeno trasportata ai muscoli, migliorando la resistenza.<\/p>\n<\/li>\n<li data-start=\"1560\" data-end=\"1600\">\n<p data-start=\"1562\" data-end=\"1600\">Rafforzamento del sistema immunitario.<\/p>\n<\/li>\n<\/ul>\n<hr data-start=\"1602\" data-end=\"1605\" \/>\n<h3 data-start=\"1607\" data-end=\"1627\"><strong data-start=\"1611\" data-end=\"1627\">Applicazione<\/strong><\/h3>\n<p data-start=\"1629\" data-end=\"2226\">L\u2019azione del farmaco si sviluppa piuttosto lentamente. Non bisogna aspettarsi un effetto anabolizzante rapido. Tuttavia, quasi tutti i benefici acquisiti persistono anche dopo la sospensione dello steroide. Il ciclo solo con nandrolone decanoato \u00e8 generalmente lungo. Il guadagno di peso \u00e8 circa la met\u00e0 rispetto all\u2019uso di testosterone. La durata consigliata del ciclo va da 8 a 10 settimane. In alcuni casi, gli atleti lo utilizzano fino a sei mesi, con un aumento graduale del dosaggio. Le iniezioni vengono effettuate non pi\u00f9 di una volta alla settimana, in un volume da 200 a 600 milligrammi.<\/p>\n<p data-start=\"2228\" data-end=\"2637\">Per quanto riguarda l\u2019uso di nandrolone decanoato in combinazione con altri steroidi, si pu\u00f2 dire che le miscele sono molto efficaci, poich\u00e9 eliminano la diminuzione della libido, la soppressione della produzione naturale di testosterone, la lentezza dell\u2019azione e altri effetti indesiderati. Winstrol, Testosterone, Sustanon e altri hanno un\u2019ottima compatibilit\u00e0. Viene utilizzata anche la metandrostenolone.<\/p>\n<hr data-start=\"2639\" data-end=\"2642\" \/>\n<h3 data-start=\"2644\" data-end=\"2671\"><strong data-start=\"2648\" data-end=\"2671\">Effetti Collaterali<\/strong><\/h3>\n<p data-start=\"2673\" data-end=\"2993\">Circa un quinto dello steroide somministrato si lega ai recettori della progesterone (a causa dell\u2019assenza di un atomo di carbonio in posizione 19), causando reazioni come la soppressione della secrezione degli ormoni gonadotropici, un aumento della produzione di prolattina e una significativa diminuzione della libido.<\/p>\n<p data-start=\"2995\" data-end=\"3336\" data-is-last-node=\"\" data-is-only-node=\"\">La disfunzione erettile lenta \u00e8 la conseguenza pi\u00f9 marcata e grave dell\u2019abuso di deca nandrolone. Se si superano le dosi consigliate e la durata del ciclo, possono verificarsi rinite, mal di testa e dolori alla schiena, oltre a eruzioni cutanee. In generale, gli effetti collaterali del Nandrolone Decanoato sono l\u2019eccezione e non la regola.<\/p>\n<p><\/p>","protected":false},"excerpt":{"rendered":"<p>Nandrolone Decanoato ZPHC \u00e8 uno steroide anabolizzante e androgeno prodotto in forma iniettabile. Il suo nome chimico \u00e8 19-Nortestosterone. Il<\/p>\n","protected":false},"featured_media":10231,"comment_status":"open","ping_status":"closed","template":"","meta":[],"product_brand":[],"product_cat":[69],"product_tag":[],"class_list":{"0":"post-10230","1":"product","2":"type-product","3":"status-publish","4":"has-post-thumbnail","6":"product_cat-esteroides_inyectables","8":"first","9":"instock","10":"shipping-taxable","11":"purchasable","12":"product-type-simple"},"yoast_head":"<!-- This site is optimized with the Yoast SEO Premium plugin v24.4 (Yoast SEO v27.0) - https:\/\/yoast.com\/product\/yoast-seo-premium-wordpress\/ -->\n<title>Nandrolone Decanoate - Steroidi in linea<\/title>\n<meta name=\"description\" content=\"NANDROLONE DECANOATE ZPHC \u00e8 uno steroide anabolizzante che aumenta massa muscolare, forza, resistenza e salute articolare con effetti collaterali minimi.\" \/>\n<meta name=\"robots\" content=\"index, follow, max-snippet:-1, max-image-preview:large, max-video-preview:-1\" \/>\n<link rel=\"canonical\" href=\"https:\/\/iberoid-shop.com\/it\/product\/nandrolonedecanoate-zphc-pharm\/\" \/>\n<meta property=\"og:locale\" content=\"it_IT\" \/>\n<meta property=\"og:type\" content=\"article\" \/>\n<meta property=\"og:title\" content=\"Nandrolone Decanoate\" \/>\n<meta property=\"og:description\" content=\"NANDROLONE DECANOATE ZPHC \u00e8 uno steroide anabolizzante che aumenta massa muscolare, forza, resistenza e salute articolare con effetti collaterali minimi.\" \/>\n<meta property=\"og:url\" content=\"https:\/\/iberoid-shop.com\/it\/product\/nandrolonedecanoate-zphc-pharm\/\" \/>\n<meta property=\"og:site_name\" content=\"Steroidi in linea\" \/>\n<meta property=\"article:modified_time\" content=\"2026-03-10T20:19:39+00:00\" \/>\n<meta property=\"og:image\" content=\"https:\/\/iberoid-shop.com\/wp-content\/uploads\/2025\/07\/zphcg.webp\" \/>\n\t<meta property=\"og:image:width\" content=\"1000\" \/>\n\t<meta property=\"og:image:height\" content=\"805\" \/>\n\t<meta property=\"og:image:type\" content=\"image\/webp\" \/>\n<meta name=\"twitter:card\" content=\"summary_large_image\" \/>\n<meta name=\"twitter:label1\" content=\"Prezzo\" \/>\n\t<meta name=\"twitter:data1\" content=\"&euro;55.00\" \/>\n\t<meta name=\"twitter:label2\" content=\"Disponibilit\u00e0\" \/>\n\t<meta name=\"twitter:data2\" content=\"In stock\" \/>\n<script type=\"application\/ld+json\" class=\"yoast-schema-graph\">{\"@context\":\"https:\/\/schema.org\",\"@graph\":[{\"@type\":\"WebPage\",\"@id\":\"https:\/\/iberoid-shop.com\/it\/product\/nandrolonedecanoate-zphc-pharm\/\",\"url\":\"https:\/\/iberoid-shop.com\/it\/product\/nandrolonedecanoate-zphc-pharm\/\",\"name\":\"Nandrolone Decanoate - Steroidi in linea\",\"isPartOf\":{\"@id\":\"https:\/\/iberoid-shop.com\/it\/#website\"},\"primaryImageOfPage\":{\"@id\":\"https:\/\/iberoid-shop.com\/it\/product\/nandrolonedecanoate-zphc-pharm\/#primaryimage\"},\"image\":{\"@id\":\"https:\/\/iberoid-shop.com\/it\/product\/nandrolonedecanoate-zphc-pharm\/#primaryimage\"},\"thumbnailUrl\":\"https:\/\/iberoid-shop.com\/wp-content\/uploads\/2025\/07\/zphcg.webp\",\"datePublished\":\"2025-07-13T17:24:10+00:00\",\"dateModified\":\"2026-03-10T20:19:39+00:00\",\"description\":\"NANDROLONE DECANOATE ZPHC \u00e8 uno steroide anabolizzante che aumenta massa muscolare, forza, resistenza e salute articolare con effetti collaterali minimi.\",\"breadcrumb\":{\"@id\":\"https:\/\/iberoid-shop.com\/it\/product\/nandrolonedecanoate-zphc-pharm\/#breadcrumb\"},\"inLanguage\":\"it-IT\",\"potentialAction\":[{\"@type\":\"ReadAction\",\"target\":[[\"https:\/\/iberoid-shop.com\/it\/product\/nandrolonedecanoate-zphc-pharm\/\"]]}]},{\"@type\":\"ImageObject\",\"inLanguage\":\"it-IT\",\"@id\":\"https:\/\/iberoid-shop.com\/it\/product\/nandrolonedecanoate-zphc-pharm\/#primaryimage\",\"url\":\"https:\/\/iberoid-shop.com\/wp-content\/uploads\/2025\/07\/zphcg.webp\",\"contentUrl\":\"https:\/\/iberoid-shop.com\/wp-content\/uploads\/2025\/07\/zphcg.webp\",\"width\":1000,\"height\":805},{\"@type\":\"BreadcrumbList\",\"@id\":\"https:\/\/iberoid-shop.com\/it\/product\/nandrolonedecanoate-zphc-pharm\/#breadcrumb\",\"itemListElement\":[{\"@type\":\"ListItem\",\"position\":1,\"name\":\"Portada\",\"item\":\"https:\/\/iberoid-shop.com\/it\/\"},{\"@type\":\"ListItem\",\"position\":2,\"name\":\"Negozio\",\"item\":\"https:\/\/iberoid-shop.com\/it\/shop\/\"},{\"@type\":\"ListItem\",\"position\":3,\"name\":\"Nandrolone Decanoate\"}]},{\"@type\":\"WebSite\",\"@id\":\"https:\/\/iberoid-shop.com\/it\/#website\",\"url\":\"https:\/\/iberoid-shop.com\/it\/\",\"name\":\"Steroidi in linea\",\"description\":\"Acquista steroidi online oggi in Spagna e Portogallo. Abbiamo il miglior servizio clienti del settore e prodotti di altissima qualit\u00e0\",\"potentialAction\":[{\"@type\":\"SearchAction\",\"target\":{\"@type\":\"EntryPoint\",\"urlTemplate\":\"https:\/\/iberoid-shop.com\/it\/?s={search_term_string}\"},\"query-input\":{\"@type\":\"PropertyValueSpecification\",\"valueRequired\":true,\"valueName\":\"search_term_string\"}}],\"inLanguage\":\"it-IT\"}]}<\/script>\n<meta property=\"product:brand\" content=\"ZPHC\" \/>\n<meta property=\"product:price:amount\" content=\"55.00\" \/>\n<meta property=\"product:price:currency\" content=\"EUR\" \/>\n<meta property=\"og:availability\" content=\"instock\" \/>\n<meta property=\"product:availability\" content=\"instock\" \/>\n<meta property=\"product:condition\" content=\"new\" \/>\n<!-- \/ Yoast SEO Premium plugin. -->","yoast_head_json":{"title":"Nandrolone Decanoate - Steroidi in linea","description":"NANDROLONE DECANOATE ZPHC \u00e8 uno steroide anabolizzante che aumenta massa muscolare, forza, resistenza e salute articolare con effetti collaterali minimi.","robots":{"index":"index","follow":"follow","max-snippet":"max-snippet:-1","max-image-preview":"max-image-preview:large","max-video-preview":"max-video-preview:-1"},"canonical":"https:\/\/iberoid-shop.com\/it\/product\/nandrolonedecanoate-zphc-pharm\/","og_locale":"it_IT","og_type":"article","og_title":"Nandrolone Decanoate","og_description":"NANDROLONE DECANOATE ZPHC \u00e8 uno steroide anabolizzante che aumenta massa muscolare, forza, resistenza e salute articolare con effetti collaterali minimi.","og_url":"https:\/\/iberoid-shop.com\/it\/product\/nandrolonedecanoate-zphc-pharm\/","og_site_name":"Steroidi in linea","article_modified_time":"2026-03-10T20:19:39+00:00","og_image":[{"width":1000,"height":805,"url":"https:\/\/iberoid-shop.com\/wp-content\/uploads\/2025\/07\/zphcg.webp","type":"image\/webp"}],"twitter_card":"summary_large_image","twitter_misc":{"Prezzo":"&euro;55.00","Disponibilit\u00e0":"In stock"},"schema":{"@context":"https:\/\/schema.org","@graph":[{"@type":"WebPage","@id":"https:\/\/iberoid-shop.com\/it\/product\/nandrolonedecanoate-zphc-pharm\/","url":"https:\/\/iberoid-shop.com\/it\/product\/nandrolonedecanoate-zphc-pharm\/","name":"Nandrolone Decanoate - Steroidi in linea","isPartOf":{"@id":"https:\/\/iberoid-shop.com\/it\/#website"},"primaryImageOfPage":{"@id":"https:\/\/iberoid-shop.com\/it\/product\/nandrolonedecanoate-zphc-pharm\/#primaryimage"},"image":{"@id":"https:\/\/iberoid-shop.com\/it\/product\/nandrolonedecanoate-zphc-pharm\/#primaryimage"},"thumbnailUrl":"https:\/\/iberoid-shop.com\/wp-content\/uploads\/2025\/07\/zphcg.webp","datePublished":"2025-07-13T17:24:10+00:00","dateModified":"2026-03-10T20:19:39+00:00","description":"NANDROLONE DECANOATE ZPHC \u00e8 uno steroide anabolizzante che aumenta massa muscolare, forza, resistenza e salute articolare con effetti collaterali minimi.","breadcrumb":{"@id":"https:\/\/iberoid-shop.com\/it\/product\/nandrolonedecanoate-zphc-pharm\/#breadcrumb"},"inLanguage":"it-IT","potentialAction":[{"@type":"ReadAction","target":[["https:\/\/iberoid-shop.com\/it\/product\/nandrolonedecanoate-zphc-pharm\/"]]}]},{"@type":"ImageObject","inLanguage":"it-IT","@id":"https:\/\/iberoid-shop.com\/it\/product\/nandrolonedecanoate-zphc-pharm\/#primaryimage","url":"https:\/\/iberoid-shop.com\/wp-content\/uploads\/2025\/07\/zphcg.webp","contentUrl":"https:\/\/iberoid-shop.com\/wp-content\/uploads\/2025\/07\/zphcg.webp","width":1000,"height":805},{"@type":"BreadcrumbList","@id":"https:\/\/iberoid-shop.com\/it\/product\/nandrolonedecanoate-zphc-pharm\/#breadcrumb","itemListElement":[{"@type":"ListItem","position":1,"name":"Portada","item":"https:\/\/iberoid-shop.com\/it\/"},{"@type":"ListItem","position":2,"name":"Negozio","item":"https:\/\/iberoid-shop.com\/it\/shop\/"},{"@type":"ListItem","position":3,"name":"Nandrolone Decanoate"}]},{"@type":"WebSite","@id":"https:\/\/iberoid-shop.com\/it\/#website","url":"https:\/\/iberoid-shop.com\/it\/","name":"Steroidi in linea","description":"Acquista steroidi online oggi in Spagna e Portogallo. Abbiamo il miglior servizio clienti del settore e prodotti di altissima qualit\u00e0","potentialAction":[{"@type":"SearchAction","target":{"@type":"EntryPoint","urlTemplate":"https:\/\/iberoid-shop.com\/it\/?s={search_term_string}"},"query-input":{"@type":"PropertyValueSpecification","valueRequired":true,"valueName":"search_term_string"}}],"inLanguage":"it-IT"}]},"product_brand":"ZPHC","product_price_amount":"55.00","product_price_currency":"EUR","og_availability":"instock","product_availability":"instock","product_condition":"new"},"_links":{"self":[{"href":"https:\/\/iberoid-shop.com\/it\/wp-json\/wp\/v2\/product\/10230","targetHints":{"allow":["GET"]}}],"collection":[{"href":"https:\/\/iberoid-shop.com\/it\/wp-json\/wp\/v2\/product"}],"about":[{"href":"https:\/\/iberoid-shop.com\/it\/wp-json\/wp\/v2\/types\/product"}],"replies":[{"embeddable":true,"href":"https:\/\/iberoid-shop.com\/it\/wp-json\/wp\/v2\/comments?post=10230"}],"wp:featuredmedia":[{"embeddable":true,"href":"https:\/\/iberoid-shop.com\/it\/wp-json\/wp\/v2\/media\/10231"}],"wp:attachment":[{"href":"https:\/\/iberoid-shop.com\/it\/wp-json\/wp\/v2\/media?parent=10230"}],"wp:term":[{"taxonomy":"product_brand","embeddable":true,"href":"https:\/\/iberoid-shop.com\/it\/wp-json\/wp\/v2\/product_brand?post=10230"},{"taxonomy":"product_cat","embeddable":true,"href":"https:\/\/iberoid-shop.com\/it\/wp-json\/wp\/v2\/product_cat?post=10230"},{"taxonomy":"product_tag","embeddable":true,"href":"https:\/\/iberoid-shop.com\/it\/wp-json\/wp\/v2\/product_tag?post=10230"}],"curies":[{"name":"wp","href":"https:\/\/api.w.org\/{rel}","templated":true}]}}