{"id":10223,"date":"2025-07-13T17:09:04","date_gmt":"2025-07-13T17:09:04","guid":{"rendered":"https:\/\/iberoid-shop.com\/?post_type=product&#038;p=10223"},"modified":"2026-03-19T12:49:55","modified_gmt":"2026-03-19T12:49:55","slug":"primobol-forte-primobolan125mg-ml","status":"publish","type":"product","link":"https:\/\/iberoid-shop.com\/it\/product\/primobol-forte-primobolan125mg-ml\/","title":{"rendered":"PRIMOBOL FORTE \/ Primobolan 125mg\/ml"},"content":{"rendered":"<p><\/p>\n<p data-start=\"45\" data-end=\"271\">Questa \u00e8 una versione modificata di <strong data-start=\"81\" data-end=\"97\">PRIMOBOL 100<\/strong>. Grazie all\u2019implementazione di tecnologie di sintesi farmaceutica ad alta purezza, siamo riusciti a creare un farmaco con una concentrazione doppia rispetto al Primobol 100.<\/p>\n<p data-start=\"273\" data-end=\"563\"><strong data-start=\"273\" data-end=\"288\">ATTENZIONE:<\/strong> se stai per usare un farmaco ad alta concentrazione per la prima volta, ti consigliamo vivamente di iniettare solo <strong data-start=\"404\" data-end=\"412\">\u00bd ml<\/strong> per verificare la reazione del corpo ed evitare possibili effetti collaterali, che possono includere dolore post-iniezione (PIP), febbre, noduli, ecc.<\/p>\n<p data-start=\"565\" data-end=\"1137\">Il metenolone (noto anche come primobolan) \u00e8 stato descritto per la prima volta nel 1960. La Squibb Company inizi\u00f2 a produrre il farmaco iniettabile nel 1962. Originariamente, il metenolone veniva prescritto nei casi di perdita muscolare dopo interventi chirurgici, infezioni, malattie di lunga durata, terapie aggressive con corticosteroidi o malnutrizione; in alcuni casi veniva utilizzato per trattare l\u2019osteoporosi e il tumore al seno. Il metenolone veniva comunemente utilizzato per favorire l\u2019aumento di peso nei neonati sottopeso, senza causare effetti collaterali.<\/p>\n<p data-start=\"1139\" data-end=\"1292\">Il metenolone \u00e8 uno steroide anabolizzante, una modifica del diidrotestosterone (DHT), con una debole attivit\u00e0 androgena e un effetto anabolico moderato.<\/p>\n<p data-start=\"1294\" data-end=\"1490\">Una caratteristica rilevante del metenolone \u00e8 la sua capacit\u00e0 di legarsi saldamente ai recettori androgeni, anche pi\u00f9 della testosterone. Questa propriet\u00e0 rende il primobolan un buon bruciagrassi.<\/p>\n<p data-start=\"1492\" data-end=\"1668\">Il primobolan non si converte in estradiolo, pertanto pu\u00f2 essere utilizzato senza rischio di sviluppare effetti collaterali estrogenici (come ginecomastia o ritenzione idrica).<\/p>\n<p data-start=\"1670\" data-end=\"1868\">Il metenolone \u00e8 uno degli steroidi pi\u00f9 sicuri sul mercato, motivo per cui \u00e8 spesso scelto da donne, atleti anziani e giovani che desiderano migliorare il proprio fisico evitando effetti collaterali.<\/p>\n<p data-start=\"1870\" data-end=\"2314\" data-is-last-node=\"\" data-is-only-node=\"\">In generale, pur essendo uno degli steroidi anabolizzanti pi\u00f9 sicuri disponibili, il metenolone \u00e8 anche un composto relativamente debole e richiede tempo per mostrare i suoi effetti migliori. I risultati del primobolan si noteranno se il farmaco viene utilizzato per almeno 10 settimane e in combinazione con altri steroidi. Il primobolan \u00e8 particolarmente adatto ai cicli di definizione, quando l\u2019aumento di massa non \u00e8 l\u2019obiettivo principale.<\/p>\n<p><\/p>","protected":false},"excerpt":{"rendered":"<p>Questa \u00e8 una versione modificata di PRIMOBOL 100. Grazie all\u2019implementazione di tecnologie di sintesi farmaceutica ad alta purezza, siamo riusciti<\/p>\n","protected":false},"featured_media":10225,"comment_status":"open","ping_status":"closed","template":"","meta":[],"product_brand":[3526],"product_cat":[69,3533],"product_tag":[],"class_list":{"0":"post-10223","1":"product","2":"type-product","3":"status-publish","4":"has-post-thumbnail","6":"product_brand-pharmabol","7":"product_cat-esteroides_inyectables","8":"product_cat-sales-rebajas","10":"first","11":"instock","12":"sale","13":"shipping-taxable","14":"purchasable","15":"product-type-simple"},"yoast_head":"<!-- This site is optimized with the Yoast SEO Premium plugin v24.4 (Yoast SEO v27.3) - https:\/\/yoast.com\/product\/yoast-seo-premium-wordpress\/ -->\n<title>PRIMOBOL FORTE \/ Primobolan 125mg\/ml - Steroidi in linea<\/title>\n<meta name=\"description\" content=\"Il Primobolan 200 \u00e8 uno steroide anabolizzante sicuro e altamente concentrato che aiuta a perdere grasso e a preservare la massa muscolare senza effetti collaterali estrogenici.\" \/>\n<meta name=\"robots\" content=\"index, follow, max-snippet:-1, max-image-preview:large, max-video-preview:-1\" \/>\n<link rel=\"canonical\" href=\"https:\/\/iberoid-shop.com\/it\/product\/primobol-forte-primobolan125mg-ml\/\" \/>\n<meta property=\"og:locale\" content=\"it_IT\" \/>\n<meta property=\"og:type\" content=\"article\" \/>\n<meta property=\"og:title\" content=\"PRIMOBOL FORTE \/ Primobolan 125mg\/ml\" \/>\n<meta property=\"og:description\" content=\"Il Primobolan 200 \u00e8 uno steroide anabolizzante sicuro e altamente concentrato che aiuta a perdere grasso e a preservare la massa muscolare senza effetti collaterali estrogenici.\" \/>\n<meta property=\"og:url\" content=\"https:\/\/iberoid-shop.com\/it\/product\/primobol-forte-primobolan125mg-ml\/\" \/>\n<meta property=\"og:site_name\" content=\"Steroidi in linea\" \/>\n<meta property=\"article:modified_time\" content=\"2026-03-19T12:49:55+00:00\" \/>\n<meta property=\"og:image\" content=\"https:\/\/iberoid-shop.com\/wp-content\/uploads\/2025\/07\/primo1pb.jpeg?v=1752426506\" \/>\n\t<meta property=\"og:image:width\" content=\"972\" \/>\n\t<meta property=\"og:image:height\" content=\"627\" \/>\n\t<meta property=\"og:image:type\" content=\"image\/jpeg\" \/>\n<meta name=\"twitter:card\" content=\"summary_large_image\" \/>\n<meta name=\"twitter:label1\" content=\"Prezzo\" \/>\n\t<meta name=\"twitter:data1\" content=\"&euro;50.00\" \/>\n\t<meta name=\"twitter:label2\" content=\"Disponibilit\u00e0\" \/>\n\t<meta name=\"twitter:data2\" content=\"In stock\" \/>\n<script type=\"application\/ld+json\" class=\"yoast-schema-graph\">{\"@context\":\"https:\\\/\\\/schema.org\",\"@graph\":[{\"@type\":\"WebPage\",\"@id\":\"https:\\\/\\\/iberoid-shop.com\\\/it\\\/product\\\/primobol-forte-primobolan125mg-ml\\\/\",\"url\":\"https:\\\/\\\/iberoid-shop.com\\\/it\\\/product\\\/primobol-forte-primobolan125mg-ml\\\/\",\"name\":\"PRIMOBOL FORTE \\\/ Primobolan 125mg\\\/ml - Steroidi in linea\",\"isPartOf\":{\"@id\":\"https:\\\/\\\/iberoid.com\\\/#website\"},\"primaryImageOfPage\":{\"@id\":\"https:\\\/\\\/iberoid-shop.com\\\/it\\\/product\\\/primobol-forte-primobolan125mg-ml\\\/#primaryimage\"},\"image\":{\"@id\":\"https:\\\/\\\/iberoid-shop.com\\\/it\\\/product\\\/primobol-forte-primobolan125mg-ml\\\/#primaryimage\"},\"thumbnailUrl\":\"https:\\\/\\\/iberoid-shop.com\\\/wp-content\\\/uploads\\\/2025\\\/07\\\/primo1pb.jpeg?v=1752426506\",\"datePublished\":\"2025-07-13T17:09:04+00:00\",\"dateModified\":\"2026-03-19T12:49:55+00:00\",\"description\":\"Il Primobolan 200 \u00e8 uno steroide anabolizzante sicuro e altamente concentrato che aiuta a perdere grasso e a preservare la massa muscolare senza effetti collaterali estrogenici.\",\"breadcrumb\":{\"@id\":\"https:\\\/\\\/iberoid-shop.com\\\/it\\\/product\\\/primobol-forte-primobolan125mg-ml\\\/#breadcrumb\"},\"inLanguage\":\"it-IT\",\"potentialAction\":[{\"@type\":\"ReadAction\",\"target\":[[\"https:\\\/\\\/iberoid-shop.com\\\/it\\\/product\\\/primobol-forte-primobolan125mg-ml\\\/\"]]}]},{\"@type\":\"ImageObject\",\"inLanguage\":\"it-IT\",\"@id\":\"https:\\\/\\\/iberoid-shop.com\\\/it\\\/product\\\/primobol-forte-primobolan125mg-ml\\\/#primaryimage\",\"url\":\"https:\\\/\\\/iberoid-shop.com\\\/wp-content\\\/uploads\\\/2025\\\/07\\\/primo1pb.jpeg?v=1752426506\",\"contentUrl\":\"https:\\\/\\\/iberoid-shop.com\\\/wp-content\\\/uploads\\\/2025\\\/07\\\/primo1pb.jpeg?v=1752426506\",\"width\":972,\"height\":627},{\"@type\":\"BreadcrumbList\",\"@id\":\"https:\\\/\\\/iberoid-shop.com\\\/it\\\/product\\\/primobol-forte-primobolan125mg-ml\\\/#breadcrumb\",\"itemListElement\":[{\"@type\":\"ListItem\",\"position\":1,\"name\":\"Portada\",\"item\":\"https:\\\/\\\/iberoid.com\\\/\"},{\"@type\":\"ListItem\",\"position\":2,\"name\":\"Negozio\",\"item\":\"https:\\\/\\\/iberoid-shop.com\\\/it\\\/shop\\\/\"},{\"@type\":\"ListItem\",\"position\":3,\"name\":\"PRIMOBOL FORTE \\\/ Primobolan 125mg\\\/ml\"}]},{\"@type\":\"WebSite\",\"@id\":\"https:\\\/\\\/iberoid.com\\\/#website\",\"url\":\"https:\\\/\\\/iberoid.com\\\/\",\"name\":\"Steroidi in linea\",\"description\":\"Acquista steroidi online oggi in Spagna e Portogallo. Abbiamo il miglior servizio clienti del settore e prodotti di altissima qualit\u00e0\",\"potentialAction\":[{\"@type\":\"SearchAction\",\"target\":{\"@type\":\"EntryPoint\",\"urlTemplate\":\"https:\\\/\\\/iberoid.com\\\/?s={search_term_string}\"},\"query-input\":{\"@type\":\"PropertyValueSpecification\",\"valueRequired\":true,\"valueName\":\"search_term_string\"}}],\"inLanguage\":\"it-IT\"}]}<\/script>\n<meta property=\"product:brand\" content=\"Pharmabol\" \/>\n<meta property=\"product:price:amount\" content=\"50.00\" \/>\n<meta property=\"product:price:currency\" content=\"EUR\" \/>\n<meta property=\"og:availability\" content=\"instock\" \/>\n<meta property=\"product:availability\" content=\"instock\" \/>\n<meta property=\"product:condition\" content=\"new\" \/>\n<!-- \/ Yoast SEO Premium plugin. -->","yoast_head_json":{"title":"PRIMOBOL FORTE \/ Primobolan 125mg\/ml - Steroidi in linea","description":"Il Primobolan 200 \u00e8 uno steroide anabolizzante sicuro e altamente concentrato che aiuta a perdere grasso e a preservare la massa muscolare senza effetti collaterali estrogenici.","robots":{"index":"index","follow":"follow","max-snippet":"max-snippet:-1","max-image-preview":"max-image-preview:large","max-video-preview":"max-video-preview:-1"},"canonical":"https:\/\/iberoid-shop.com\/it\/product\/primobol-forte-primobolan125mg-ml\/","og_locale":"it_IT","og_type":"article","og_title":"PRIMOBOL FORTE \/ Primobolan 125mg\/ml","og_description":"Il Primobolan 200 \u00e8 uno steroide anabolizzante sicuro e altamente concentrato che aiuta a perdere grasso e a preservare la massa muscolare senza effetti collaterali estrogenici.","og_url":"https:\/\/iberoid-shop.com\/it\/product\/primobol-forte-primobolan125mg-ml\/","og_site_name":"Steroidi in linea","article_modified_time":"2026-03-19T12:49:55+00:00","og_image":[{"width":972,"height":627,"url":"https:\/\/iberoid-shop.com\/wp-content\/uploads\/2025\/07\/primo1pb.jpeg?v=1752426506","type":"image\/jpeg"}],"twitter_card":"summary_large_image","twitter_misc":{"Prezzo":"&euro;50.00","Disponibilit\u00e0":"In stock"},"schema":{"@context":"https:\/\/schema.org","@graph":[{"@type":"WebPage","@id":"https:\/\/iberoid-shop.com\/it\/product\/primobol-forte-primobolan125mg-ml\/","url":"https:\/\/iberoid-shop.com\/it\/product\/primobol-forte-primobolan125mg-ml\/","name":"PRIMOBOL FORTE \/ Primobolan 125mg\/ml - Steroidi in linea","isPartOf":{"@id":"https:\/\/iberoid.com\/#website"},"primaryImageOfPage":{"@id":"https:\/\/iberoid-shop.com\/it\/product\/primobol-forte-primobolan125mg-ml\/#primaryimage"},"image":{"@id":"https:\/\/iberoid-shop.com\/it\/product\/primobol-forte-primobolan125mg-ml\/#primaryimage"},"thumbnailUrl":"https:\/\/iberoid-shop.com\/wp-content\/uploads\/2025\/07\/primo1pb.jpeg?v=1752426506","datePublished":"2025-07-13T17:09:04+00:00","dateModified":"2026-03-19T12:49:55+00:00","description":"Il Primobolan 200 \u00e8 uno steroide anabolizzante sicuro e altamente concentrato che aiuta a perdere grasso e a preservare la massa muscolare senza effetti collaterali estrogenici.","breadcrumb":{"@id":"https:\/\/iberoid-shop.com\/it\/product\/primobol-forte-primobolan125mg-ml\/#breadcrumb"},"inLanguage":"it-IT","potentialAction":[{"@type":"ReadAction","target":[["https:\/\/iberoid-shop.com\/it\/product\/primobol-forte-primobolan125mg-ml\/"]]}]},{"@type":"ImageObject","inLanguage":"it-IT","@id":"https:\/\/iberoid-shop.com\/it\/product\/primobol-forte-primobolan125mg-ml\/#primaryimage","url":"https:\/\/iberoid-shop.com\/wp-content\/uploads\/2025\/07\/primo1pb.jpeg?v=1752426506","contentUrl":"https:\/\/iberoid-shop.com\/wp-content\/uploads\/2025\/07\/primo1pb.jpeg?v=1752426506","width":972,"height":627},{"@type":"BreadcrumbList","@id":"https:\/\/iberoid-shop.com\/it\/product\/primobol-forte-primobolan125mg-ml\/#breadcrumb","itemListElement":[{"@type":"ListItem","position":1,"name":"Portada","item":"https:\/\/iberoid.com\/"},{"@type":"ListItem","position":2,"name":"Negozio","item":"https:\/\/iberoid-shop.com\/it\/shop\/"},{"@type":"ListItem","position":3,"name":"PRIMOBOL FORTE \/ Primobolan 125mg\/ml"}]},{"@type":"WebSite","@id":"https:\/\/iberoid.com\/#website","url":"https:\/\/iberoid.com\/","name":"Steroidi in linea","description":"Acquista steroidi online oggi in Spagna e Portogallo. Abbiamo il miglior servizio clienti del settore e prodotti di altissima qualit\u00e0","potentialAction":[{"@type":"SearchAction","target":{"@type":"EntryPoint","urlTemplate":"https:\/\/iberoid.com\/?s={search_term_string}"},"query-input":{"@type":"PropertyValueSpecification","valueRequired":true,"valueName":"search_term_string"}}],"inLanguage":"it-IT"}]},"product_brand":"Pharmabol","product_price_amount":"50.00","product_price_currency":"EUR","og_availability":"instock","product_availability":"instock","product_condition":"new"},"_links":{"self":[{"href":"https:\/\/iberoid-shop.com\/it\/wp-json\/wp\/v2\/product\/10223","targetHints":{"allow":["GET"]}}],"collection":[{"href":"https:\/\/iberoid-shop.com\/it\/wp-json\/wp\/v2\/product"}],"about":[{"href":"https:\/\/iberoid-shop.com\/it\/wp-json\/wp\/v2\/types\/product"}],"replies":[{"embeddable":true,"href":"https:\/\/iberoid-shop.com\/it\/wp-json\/wp\/v2\/comments?post=10223"}],"wp:featuredmedia":[{"embeddable":true,"href":"https:\/\/iberoid-shop.com\/it\/wp-json\/wp\/v2\/media\/10225"}],"wp:attachment":[{"href":"https:\/\/iberoid-shop.com\/it\/wp-json\/wp\/v2\/media?parent=10223"}],"wp:term":[{"taxonomy":"product_brand","embeddable":true,"href":"https:\/\/iberoid-shop.com\/it\/wp-json\/wp\/v2\/product_brand?post=10223"},{"taxonomy":"product_cat","embeddable":true,"href":"https:\/\/iberoid-shop.com\/it\/wp-json\/wp\/v2\/product_cat?post=10223"},{"taxonomy":"product_tag","embeddable":true,"href":"https:\/\/iberoid-shop.com\/it\/wp-json\/wp\/v2\/product_tag?post=10223"}],"curies":[{"name":"wp","href":"https:\/\/api.w.org\/{rel}","templated":true}]}}