{"id":10126,"date":"2025-05-24T08:10:40","date_gmt":"2025-05-24T08:10:40","guid":{"rendered":"https:\/\/iberoid-shop.com\/?post_type=product&#038;p=10126"},"modified":"2026-04-06T01:10:46","modified_gmt":"2026-04-06T01:10:46","slug":"pack3susta-gen-sustanon-mix-testosterone","status":"publish","type":"product","link":"https:\/\/iberoid-shop.com\/it\/product\/pack3susta-gen-sustanon-mix-testosterone\/","title":{"rendered":"3 pack SUSTA-GEN &#8211; SUSTANON \/ mix testosterone"},"content":{"rendered":"<p><\/p>\n<p data-sourcepos=\"3:1-3:1372\">Susta-gen (Sustanon) \u00e8 un testosterone esterificato. Il suo principale beneficio per atleti e bodybuilder \u00e8 che viene iniettato solo una volta al mese, quindi devono recarsi dal medico solo una volta al mese e, inoltre, insieme ad esso possono essere utilizzati anche altri steroidi. Causa crescita muscolare e perdita di grasso. Quindi questo steroide \u00e8 anabolico oltre che fortemente catabolico. Ha anche la capacit\u00e0 di aumentare l&#8217;eritropoiesi e l&#8217;assunzione di ossigeno da parte dei muscoli. Grazie all&#8217;elevato apporto di ossigeno ai muscoli, anche l&#8217;esercizio fisico intenso pu\u00f2 essere affrontato facilmente. Pu\u00f2 aumentare l&#8217;aggressivit\u00e0 attraverso la trasmissione neuromuscolare. L&#8217;aumento di peso utilizzando questo medicinale \u00e8 notevole. Viene utilizzato dagli atleti per aumentare il numero e l&#8217;aspetto dei muscoli. Grazie alle sue attivit\u00e0 anaboliche e cataboliche, \u00e8 molto popolare tra gli sportivi per perdere grasso corporeo. In realt\u00e0, non aumenta la massa muscolare ma si concentra sull&#8217;aumento del numero di muscoli. Aumenta significativamente l&#8217;eritropoiesi ed \u00e8 utilizzato in alcune anemie. Viene utilizzato in condizioni in cui \u00e8 richiesta la sintesi del glicogeno. I bodybuilder lo usano per aumentare l&#8217;aggressivit\u00e0 nel gioco. Gli atleti lo usano durante l&#8217;allenamento eccessivo perch\u00e9 aiuta molto grazie all&#8217;aumento dei livelli di ossigeno muscolare.<\/p>\n<p data-sourcepos=\"5:1-6:455\"><strong>Possibili effetti collaterali:<\/strong> Gli effetti collaterali sono ginecomastia, acne, diminuzione della libido, restringimento dei testicoli, aumento della pressione sanguigna perch\u00e9 ha un&#8217;alta affinit\u00e0 nel trattenere l&#8217;acqua nel corpo, aumento delle dimensioni della prostata e difficolt\u00e0 nella minzione, calvizie maschile, gli effetti collaterali estrogenici sono prodotti a causa della conversione dell&#8217;androgeno in estrogeno, nelle donne pu\u00f2 anche portare all&#8217;ingrossamento del clitoride.<\/p>\n<p><\/p>","protected":false},"excerpt":{"rendered":"<p>Susta-gen (Sustanon) \u00e8 un testosterone esterificato. Il suo principale beneficio per atleti e bodybuilder \u00e8 che viene iniettato solo una<\/p>\n","protected":false},"featured_media":10127,"comment_status":"open","ping_status":"closed","template":"","meta":[],"product_brand":[],"product_cat":[69,3474],"product_tag":[],"class_list":{"0":"post-10126","1":"product","2":"type-product","3":"status-publish","4":"has-post-thumbnail","6":"product_cat-esteroides_inyectables","7":"product_cat-packs","9":"first","10":"instock","11":"sale","12":"shipping-taxable","13":"purchasable","14":"product-type-simple"},"yoast_head":"<!-- This site is optimized with the Yoast SEO Premium plugin v24.4 (Yoast SEO v27.3) - https:\/\/yoast.com\/product\/yoast-seo-premium-wordpress\/ -->\n<title>3 pack SUSTA-GEN - SUSTANON \/ mix testosterone - Steroidi in linea<\/title>\n<meta name=\"description\" content=\"Susta-gen (Sustanon) \u00e8 un estere di testosterone iniettabile mensile che aumenta crescita muscolare, perdita di grasso, assorbimento di ossigeno e aggressivit\u00e0.\" \/>\n<meta name=\"robots\" content=\"index, follow, max-snippet:-1, max-image-preview:large, max-video-preview:-1\" \/>\n<link rel=\"canonical\" href=\"https:\/\/iberoid-shop.com\/it\/product\/pack3susta-gen-sustanon-mix-testosterone\/\" \/>\n<meta property=\"og:locale\" content=\"it_IT\" \/>\n<meta property=\"og:type\" content=\"article\" \/>\n<meta property=\"og:title\" content=\"3 pack SUSTA-GEN - SUSTANON \/ mix testosterone\" \/>\n<meta property=\"og:description\" content=\"Susta-gen (Sustanon) \u00e8 un estere di testosterone iniettabile mensile che aumenta crescita muscolare, perdita di grasso, assorbimento di ossigeno e aggressivit\u00e0.\" \/>\n<meta property=\"og:url\" content=\"https:\/\/iberoid-shop.com\/it\/product\/pack3susta-gen-sustanon-mix-testosterone\/\" \/>\n<meta property=\"og:site_name\" content=\"Steroidi in linea\" \/>\n<meta property=\"article:modified_time\" content=\"2026-04-06T01:10:46+00:00\" \/>\n<meta property=\"og:image\" content=\"https:\/\/iberoid-shop.com\/wp-content\/uploads\/2025\/05\/sustgn-scaled.jpeg?v=1748074213\" \/>\n\t<meta property=\"og:image:width\" content=\"2053\" \/>\n\t<meta property=\"og:image:height\" content=\"2560\" \/>\n\t<meta property=\"og:image:type\" content=\"image\/jpeg\" \/>\n<meta name=\"twitter:card\" content=\"summary_large_image\" \/>\n<meta name=\"twitter:label1\" content=\"Prezzo\" \/>\n\t<meta name=\"twitter:data1\" content=\"&euro;55.00\" \/>\n\t<meta name=\"twitter:label2\" content=\"Disponibilit\u00e0\" \/>\n\t<meta name=\"twitter:data2\" content=\"In stock\" \/>\n<script type=\"application\/ld+json\" class=\"yoast-schema-graph\">{\"@context\":\"https:\\\/\\\/schema.org\",\"@graph\":[{\"@type\":\"WebPage\",\"@id\":\"https:\\\/\\\/iberoid-shop.com\\\/it\\\/product\\\/pack3susta-gen-sustanon-mix-testosterone\\\/\",\"url\":\"https:\\\/\\\/iberoid-shop.com\\\/it\\\/product\\\/pack3susta-gen-sustanon-mix-testosterone\\\/\",\"name\":\"3 pack SUSTA-GEN - SUSTANON \\\/ mix testosterone - Steroidi in linea\",\"isPartOf\":{\"@id\":\"https:\\\/\\\/iberoid-shop.com\\\/it\\\/#website\"},\"primaryImageOfPage\":{\"@id\":\"https:\\\/\\\/iberoid-shop.com\\\/it\\\/product\\\/pack3susta-gen-sustanon-mix-testosterone\\\/#primaryimage\"},\"image\":{\"@id\":\"https:\\\/\\\/iberoid-shop.com\\\/it\\\/product\\\/pack3susta-gen-sustanon-mix-testosterone\\\/#primaryimage\"},\"thumbnailUrl\":\"https:\\\/\\\/iberoid-shop.com\\\/wp-content\\\/uploads\\\/2025\\\/05\\\/sustgn-scaled.jpeg?v=1748074213\",\"datePublished\":\"2025-05-24T08:10:40+00:00\",\"dateModified\":\"2026-04-06T01:10:46+00:00\",\"description\":\"Susta-gen (Sustanon) \u00e8 un estere di testosterone iniettabile mensile che aumenta crescita muscolare, perdita di grasso, assorbimento di ossigeno e aggressivit\u00e0.\",\"breadcrumb\":{\"@id\":\"https:\\\/\\\/iberoid-shop.com\\\/it\\\/product\\\/pack3susta-gen-sustanon-mix-testosterone\\\/#breadcrumb\"},\"inLanguage\":\"it-IT\",\"potentialAction\":[{\"@type\":\"ReadAction\",\"target\":[[\"https:\\\/\\\/iberoid-shop.com\\\/it\\\/product\\\/pack3susta-gen-sustanon-mix-testosterone\\\/\"]]}]},{\"@type\":\"ImageObject\",\"inLanguage\":\"it-IT\",\"@id\":\"https:\\\/\\\/iberoid-shop.com\\\/it\\\/product\\\/pack3susta-gen-sustanon-mix-testosterone\\\/#primaryimage\",\"url\":\"https:\\\/\\\/iberoid-shop.com\\\/wp-content\\\/uploads\\\/2025\\\/05\\\/sustgn-scaled.jpeg?v=1748074213\",\"contentUrl\":\"https:\\\/\\\/iberoid-shop.com\\\/wp-content\\\/uploads\\\/2025\\\/05\\\/sustgn-scaled.jpeg?v=1748074213\",\"width\":2053,\"height\":2560},{\"@type\":\"BreadcrumbList\",\"@id\":\"https:\\\/\\\/iberoid-shop.com\\\/it\\\/product\\\/pack3susta-gen-sustanon-mix-testosterone\\\/#breadcrumb\",\"itemListElement\":[{\"@type\":\"ListItem\",\"position\":1,\"name\":\"Portada\",\"item\":\"https:\\\/\\\/iberoid-shop.com\\\/it\\\/\"},{\"@type\":\"ListItem\",\"position\":2,\"name\":\"Negozio\",\"item\":\"https:\\\/\\\/iberoid-shop.com\\\/it\\\/shop\\\/\"},{\"@type\":\"ListItem\",\"position\":3,\"name\":\"3 pack SUSTA-GEN &#8211; SUSTANON \\\/ mix testosterone\"}]},{\"@type\":\"WebSite\",\"@id\":\"https:\\\/\\\/iberoid-shop.com\\\/it\\\/#website\",\"url\":\"https:\\\/\\\/iberoid-shop.com\\\/it\\\/\",\"name\":\"Steroidi in linea\",\"description\":\"Acquista steroidi online oggi in Spagna e Portogallo. Abbiamo il miglior servizio clienti del settore e prodotti di altissima qualit\u00e0\",\"potentialAction\":[{\"@type\":\"SearchAction\",\"target\":{\"@type\":\"EntryPoint\",\"urlTemplate\":\"https:\\\/\\\/iberoid-shop.com\\\/it\\\/?s={search_term_string}\"},\"query-input\":{\"@type\":\"PropertyValueSpecification\",\"valueRequired\":true,\"valueName\":\"search_term_string\"}}],\"inLanguage\":\"it-IT\"}]}<\/script>\n<meta property=\"product:brand\" content=\"Golden Dragon\" \/>\n<meta property=\"product:price:amount\" content=\"55.00\" \/>\n<meta property=\"product:price:currency\" content=\"EUR\" \/>\n<meta property=\"og:availability\" content=\"instock\" \/>\n<meta property=\"product:availability\" content=\"instock\" \/>\n<meta property=\"product:condition\" content=\"new\" \/>\n<!-- \/ Yoast SEO Premium plugin. -->","yoast_head_json":{"title":"3 pack SUSTA-GEN - SUSTANON \/ mix testosterone - Steroidi in linea","description":"Susta-gen (Sustanon) \u00e8 un estere di testosterone iniettabile mensile che aumenta crescita muscolare, perdita di grasso, assorbimento di ossigeno e aggressivit\u00e0.","robots":{"index":"index","follow":"follow","max-snippet":"max-snippet:-1","max-image-preview":"max-image-preview:large","max-video-preview":"max-video-preview:-1"},"canonical":"https:\/\/iberoid-shop.com\/it\/product\/pack3susta-gen-sustanon-mix-testosterone\/","og_locale":"it_IT","og_type":"article","og_title":"3 pack SUSTA-GEN - SUSTANON \/ mix testosterone","og_description":"Susta-gen (Sustanon) \u00e8 un estere di testosterone iniettabile mensile che aumenta crescita muscolare, perdita di grasso, assorbimento di ossigeno e aggressivit\u00e0.","og_url":"https:\/\/iberoid-shop.com\/it\/product\/pack3susta-gen-sustanon-mix-testosterone\/","og_site_name":"Steroidi in linea","article_modified_time":"2026-04-06T01:10:46+00:00","og_image":[{"width":2053,"height":2560,"url":"https:\/\/iberoid-shop.com\/wp-content\/uploads\/2025\/05\/sustgn-scaled.jpeg?v=1748074213","type":"image\/jpeg"}],"twitter_card":"summary_large_image","twitter_misc":{"Prezzo":"&euro;55.00","Disponibilit\u00e0":"In stock"},"schema":{"@context":"https:\/\/schema.org","@graph":[{"@type":"WebPage","@id":"https:\/\/iberoid-shop.com\/it\/product\/pack3susta-gen-sustanon-mix-testosterone\/","url":"https:\/\/iberoid-shop.com\/it\/product\/pack3susta-gen-sustanon-mix-testosterone\/","name":"3 pack SUSTA-GEN - SUSTANON \/ mix testosterone - Steroidi in linea","isPartOf":{"@id":"https:\/\/iberoid-shop.com\/it\/#website"},"primaryImageOfPage":{"@id":"https:\/\/iberoid-shop.com\/it\/product\/pack3susta-gen-sustanon-mix-testosterone\/#primaryimage"},"image":{"@id":"https:\/\/iberoid-shop.com\/it\/product\/pack3susta-gen-sustanon-mix-testosterone\/#primaryimage"},"thumbnailUrl":"https:\/\/iberoid-shop.com\/wp-content\/uploads\/2025\/05\/sustgn-scaled.jpeg?v=1748074213","datePublished":"2025-05-24T08:10:40+00:00","dateModified":"2026-04-06T01:10:46+00:00","description":"Susta-gen (Sustanon) \u00e8 un estere di testosterone iniettabile mensile che aumenta crescita muscolare, perdita di grasso, assorbimento di ossigeno e aggressivit\u00e0.","breadcrumb":{"@id":"https:\/\/iberoid-shop.com\/it\/product\/pack3susta-gen-sustanon-mix-testosterone\/#breadcrumb"},"inLanguage":"it-IT","potentialAction":[{"@type":"ReadAction","target":[["https:\/\/iberoid-shop.com\/it\/product\/pack3susta-gen-sustanon-mix-testosterone\/"]]}]},{"@type":"ImageObject","inLanguage":"it-IT","@id":"https:\/\/iberoid-shop.com\/it\/product\/pack3susta-gen-sustanon-mix-testosterone\/#primaryimage","url":"https:\/\/iberoid-shop.com\/wp-content\/uploads\/2025\/05\/sustgn-scaled.jpeg?v=1748074213","contentUrl":"https:\/\/iberoid-shop.com\/wp-content\/uploads\/2025\/05\/sustgn-scaled.jpeg?v=1748074213","width":2053,"height":2560},{"@type":"BreadcrumbList","@id":"https:\/\/iberoid-shop.com\/it\/product\/pack3susta-gen-sustanon-mix-testosterone\/#breadcrumb","itemListElement":[{"@type":"ListItem","position":1,"name":"Portada","item":"https:\/\/iberoid-shop.com\/it\/"},{"@type":"ListItem","position":2,"name":"Negozio","item":"https:\/\/iberoid-shop.com\/it\/shop\/"},{"@type":"ListItem","position":3,"name":"3 pack SUSTA-GEN &#8211; SUSTANON \/ mix testosterone"}]},{"@type":"WebSite","@id":"https:\/\/iberoid-shop.com\/it\/#website","url":"https:\/\/iberoid-shop.com\/it\/","name":"Steroidi in linea","description":"Acquista steroidi online oggi in Spagna e Portogallo. Abbiamo il miglior servizio clienti del settore e prodotti di altissima qualit\u00e0","potentialAction":[{"@type":"SearchAction","target":{"@type":"EntryPoint","urlTemplate":"https:\/\/iberoid-shop.com\/it\/?s={search_term_string}"},"query-input":{"@type":"PropertyValueSpecification","valueRequired":true,"valueName":"search_term_string"}}],"inLanguage":"it-IT"}]},"product_brand":"Golden Dragon","product_price_amount":"55.00","product_price_currency":"EUR","og_availability":"instock","product_availability":"instock","product_condition":"new"},"_links":{"self":[{"href":"https:\/\/iberoid-shop.com\/it\/wp-json\/wp\/v2\/product\/10126","targetHints":{"allow":["GET"]}}],"collection":[{"href":"https:\/\/iberoid-shop.com\/it\/wp-json\/wp\/v2\/product"}],"about":[{"href":"https:\/\/iberoid-shop.com\/it\/wp-json\/wp\/v2\/types\/product"}],"replies":[{"embeddable":true,"href":"https:\/\/iberoid-shop.com\/it\/wp-json\/wp\/v2\/comments?post=10126"}],"wp:featuredmedia":[{"embeddable":true,"href":"https:\/\/iberoid-shop.com\/it\/wp-json\/wp\/v2\/media\/10127"}],"wp:attachment":[{"href":"https:\/\/iberoid-shop.com\/it\/wp-json\/wp\/v2\/media?parent=10126"}],"wp:term":[{"taxonomy":"product_brand","embeddable":true,"href":"https:\/\/iberoid-shop.com\/it\/wp-json\/wp\/v2\/product_brand?post=10126"},{"taxonomy":"product_cat","embeddable":true,"href":"https:\/\/iberoid-shop.com\/it\/wp-json\/wp\/v2\/product_cat?post=10126"},{"taxonomy":"product_tag","embeddable":true,"href":"https:\/\/iberoid-shop.com\/it\/wp-json\/wp\/v2\/product_tag?post=10126"}],"curies":[{"name":"wp","href":"https:\/\/api.w.org\/{rel}","templated":true}]}}