{"id":10124,"date":"2025-05-24T08:07:34","date_gmt":"2025-05-24T08:07:34","guid":{"rendered":"https:\/\/iberoid-shop.com\/?post_type=product&#038;p=10124"},"modified":"2026-03-22T11:32:22","modified_gmt":"2026-03-22T11:32:22","slug":"primo-gen-primobolan-methenolone-enanthate","status":"publish","type":"product","link":"https:\/\/iberoid-shop.com\/it\/product\/primo-gen-primobolan-methenolone-enanthate\/","title":{"rendered":"PRIMO-GEN &#8211; PRIMOBOLAN \/ methenolone enanthate"},"content":{"rendered":"<p><\/p>\n<p data-sourcepos=\"3:1-3:1352\">\u00c8 uno steroide anabolizzante a base di Diidrotestosterone. Normalmente \u00e8 disponibile sul mercato con il nome di Primobolan in compresse o forma iniettabile. Questo steroide anabolizzante \u00e8 comunemente usato da coloro che hanno un&#8217;alta suscettibilit\u00e0 ai segni estrogenici perch\u00e9 in questo steroide non si produce estrogeno. I bodybuilder usano il metenolone durante il periodo di riposo per mantenere il corpo con lo stesso vigore e forza. Non ha un profilo di prescrizione approvato. Molti giocatori e bodybuilder sono risultati positivi a questo steroide e sono stati penalizzati. Inoltre, \u00e8 anche formulato per assistere i pazienti che soffrono di alcune forme idiopatiche di anemia. I bodybuilder lo usano quando non sono funzionali per quanto riguarda l&#8217;esercizio fisico per mantenere il loro aspetto fisico. \u00c8 molto sicuro nelle donne bodybuilder perch\u00e9 i segni estrogenici non sono prodotti da questo steroide anabolizzante. \u00c8 indicato nei pazienti che hanno il midollo osseo danneggiato <span class=\"citation-9 citation-end-9\">e qualsiasi altra forma idiopatica di anemia perch\u00e9 stimola l&#8217;eritropoiesi. \u00c8 controindicato nelle donne in gravidanza e negli<\/span> uomini che soffrono di ipertrofia prostatica e cancro alla prostata. Deve essere continuato per tre mesi al dosaggio prescritto. Non dovrebbe essere interrotto perch\u00e9 i risultati attesi potrebbero non essere raggiunti.<\/p>\n<p data-sourcepos=\"5:1-6:332\"><strong>Possibili effetti collaterali:<\/strong> Nelle femmine sessualmente mature ci sono possibilit\u00e0 di irregolarit\u00e0 mestruali. Nei ragazzi, la pubert\u00e0 precoce \u00e8 un possibile effetto collaterale. Nei maschi adulti, potrebbe esserci una spermatogenesi rallentata. Colpisce il fegato in una certa misura, ma il danno \u00e8 relativamente minore rispetto ad altri steroidi anabolizzanti.<\/p>\n<p><\/p>","protected":false},"excerpt":{"rendered":"<p>\u00c8 uno steroide anabolizzante a base di Diidrotestosterone. Normalmente \u00e8 disponibile sul mercato con il nome di Primobolan in compresse<\/p>\n","protected":false},"featured_media":10125,"comment_status":"open","ping_status":"closed","template":"","meta":[],"product_brand":[],"product_cat":[69,3533],"product_tag":[],"class_list":{"0":"post-10124","1":"product","2":"type-product","3":"status-publish","4":"has-post-thumbnail","6":"product_cat-esteroides_inyectables","7":"product_cat-sales-rebajas","9":"first","10":"outofstock","11":"sale","12":"shipping-taxable","13":"purchasable","14":"product-type-simple"},"yoast_head":"<!-- This site is optimized with the Yoast SEO Premium plugin v24.4 (Yoast SEO v27.0) - https:\/\/yoast.com\/product\/yoast-seo-premium-wordpress\/ -->\n<title>PRIMO-GEN - PRIMOBOLAN \/ methenolone enanthate - Steroidi in linea<\/title>\n<meta name=\"description\" content=\"Il metenolone \u00e8 uno steroide anabolizzante a base di diidrotestosterone che aiuta a mantenere il fisico, ideale per chi \u00e8 sensibile agli effetti estrogenici, con un basso impatto sul fegato.\" \/>\n<meta name=\"robots\" content=\"index, follow, max-snippet:-1, max-image-preview:large, max-video-preview:-1\" \/>\n<link rel=\"canonical\" href=\"https:\/\/iberoid-shop.com\/it\/product\/primo-gen-primobolan-methenolone-enanthate\/\" \/>\n<meta property=\"og:locale\" content=\"it_IT\" \/>\n<meta property=\"og:type\" content=\"article\" \/>\n<meta property=\"og:title\" content=\"PRIMO-GEN - PRIMOBOLAN \/ methenolone enanthate\" \/>\n<meta property=\"og:description\" content=\"Il metenolone \u00e8 uno steroide anabolizzante a base di diidrotestosterone che aiuta a mantenere il fisico, ideale per chi \u00e8 sensibile agli effetti estrogenici, con un basso impatto sul fegato.\" \/>\n<meta property=\"og:url\" content=\"https:\/\/iberoid-shop.com\/it\/product\/primo-gen-primobolan-methenolone-enanthate\/\" \/>\n<meta property=\"og:site_name\" content=\"Steroidi in linea\" \/>\n<meta property=\"article:modified_time\" content=\"2026-03-22T11:32:22+00:00\" \/>\n<meta property=\"og:image\" content=\"https:\/\/iberoid-shop.com\/wp-content\/uploads\/2025\/05\/prmgn-scaled.jpeg?v=1748073830\" \/>\n\t<meta property=\"og:image:width\" content=\"1685\" \/>\n\t<meta property=\"og:image:height\" content=\"2560\" \/>\n\t<meta property=\"og:image:type\" content=\"image\/jpeg\" \/>\n<meta name=\"twitter:card\" content=\"summary_large_image\" \/>\n<meta name=\"twitter:label1\" content=\"Prezzo\" \/>\n\t<meta name=\"twitter:data1\" content=\"&euro;40.00\" \/>\n\t<meta name=\"twitter:label2\" content=\"Disponibilit\u00e0\" \/>\n\t<meta name=\"twitter:data2\" content=\"Esaurito\" \/>\n<script type=\"application\/ld+json\" class=\"yoast-schema-graph\">{\"@context\":\"https:\/\/schema.org\",\"@graph\":[{\"@type\":\"WebPage\",\"@id\":\"https:\/\/iberoid-shop.com\/it\/product\/primo-gen-primobolan-methenolone-enanthate\/\",\"url\":\"https:\/\/iberoid-shop.com\/it\/product\/primo-gen-primobolan-methenolone-enanthate\/\",\"name\":\"PRIMO-GEN - PRIMOBOLAN \/ methenolone enanthate - Steroidi in linea\",\"isPartOf\":{\"@id\":\"https:\/\/iberoid-shop.com\/it\/#website\"},\"primaryImageOfPage\":{\"@id\":\"https:\/\/iberoid-shop.com\/it\/product\/primo-gen-primobolan-methenolone-enanthate\/#primaryimage\"},\"image\":{\"@id\":\"https:\/\/iberoid-shop.com\/it\/product\/primo-gen-primobolan-methenolone-enanthate\/#primaryimage\"},\"thumbnailUrl\":\"https:\/\/iberoid-shop.com\/wp-content\/uploads\/2025\/05\/prmgn-scaled.jpeg?v=1748073830\",\"datePublished\":\"2025-05-24T08:07:34+00:00\",\"dateModified\":\"2026-03-22T11:32:22+00:00\",\"description\":\"Il metenolone \u00e8 uno steroide anabolizzante a base di diidrotestosterone che aiuta a mantenere il fisico, ideale per chi \u00e8 sensibile agli effetti estrogenici, con un basso impatto sul fegato.\",\"breadcrumb\":{\"@id\":\"https:\/\/iberoid-shop.com\/it\/product\/primo-gen-primobolan-methenolone-enanthate\/#breadcrumb\"},\"inLanguage\":\"it-IT\",\"potentialAction\":[{\"@type\":\"ReadAction\",\"target\":[[\"https:\/\/iberoid-shop.com\/it\/product\/primo-gen-primobolan-methenolone-enanthate\/\"]]}]},{\"@type\":\"ImageObject\",\"inLanguage\":\"it-IT\",\"@id\":\"https:\/\/iberoid-shop.com\/it\/product\/primo-gen-primobolan-methenolone-enanthate\/#primaryimage\",\"url\":\"https:\/\/iberoid-shop.com\/wp-content\/uploads\/2025\/05\/prmgn-scaled.jpeg?v=1748073830\",\"contentUrl\":\"https:\/\/iberoid-shop.com\/wp-content\/uploads\/2025\/05\/prmgn-scaled.jpeg?v=1748073830\",\"width\":1685,\"height\":2560},{\"@type\":\"BreadcrumbList\",\"@id\":\"https:\/\/iberoid-shop.com\/it\/product\/primo-gen-primobolan-methenolone-enanthate\/#breadcrumb\",\"itemListElement\":[{\"@type\":\"ListItem\",\"position\":1,\"name\":\"Portada\",\"item\":\"https:\/\/iberoid-shop.com\/it\/\"},{\"@type\":\"ListItem\",\"position\":2,\"name\":\"Negozio\",\"item\":\"https:\/\/iberoid-shop.com\/it\/shop\/\"},{\"@type\":\"ListItem\",\"position\":3,\"name\":\"PRIMO-GEN &#8211; PRIMOBOLAN \/ methenolone enanthate\"}]},{\"@type\":\"WebSite\",\"@id\":\"https:\/\/iberoid-shop.com\/it\/#website\",\"url\":\"https:\/\/iberoid-shop.com\/it\/\",\"name\":\"Steroidi in linea\",\"description\":\"Acquista steroidi online oggi in Spagna e Portogallo. Abbiamo il miglior servizio clienti del settore e prodotti di altissima qualit\u00e0\",\"potentialAction\":[{\"@type\":\"SearchAction\",\"target\":{\"@type\":\"EntryPoint\",\"urlTemplate\":\"https:\/\/iberoid-shop.com\/it\/?s={search_term_string}\"},\"query-input\":{\"@type\":\"PropertyValueSpecification\",\"valueRequired\":true,\"valueName\":\"search_term_string\"}}],\"inLanguage\":\"it-IT\"}]}<\/script>\n<meta property=\"product:brand\" content=\"Golden Dragon\" \/>\n<meta property=\"product:price:amount\" content=\"40.00\" \/>\n<meta property=\"product:price:currency\" content=\"EUR\" \/>\n<meta property=\"og:availability\" content=\"out of stock\" \/>\n<meta property=\"product:availability\" content=\"out of stock\" \/>\n<meta property=\"product:condition\" content=\"new\" \/>\n<!-- \/ Yoast SEO Premium plugin. -->","yoast_head_json":{"title":"PRIMO-GEN - PRIMOBOLAN \/ methenolone enanthate - Steroidi in linea","description":"Il metenolone \u00e8 uno steroide anabolizzante a base di diidrotestosterone che aiuta a mantenere il fisico, ideale per chi \u00e8 sensibile agli effetti estrogenici, con un basso impatto sul fegato.","robots":{"index":"index","follow":"follow","max-snippet":"max-snippet:-1","max-image-preview":"max-image-preview:large","max-video-preview":"max-video-preview:-1"},"canonical":"https:\/\/iberoid-shop.com\/it\/product\/primo-gen-primobolan-methenolone-enanthate\/","og_locale":"it_IT","og_type":"article","og_title":"PRIMO-GEN - PRIMOBOLAN \/ methenolone enanthate","og_description":"Il metenolone \u00e8 uno steroide anabolizzante a base di diidrotestosterone che aiuta a mantenere il fisico, ideale per chi \u00e8 sensibile agli effetti estrogenici, con un basso impatto sul fegato.","og_url":"https:\/\/iberoid-shop.com\/it\/product\/primo-gen-primobolan-methenolone-enanthate\/","og_site_name":"Steroidi in linea","article_modified_time":"2026-03-22T11:32:22+00:00","og_image":[{"width":1685,"height":2560,"url":"https:\/\/iberoid-shop.com\/wp-content\/uploads\/2025\/05\/prmgn-scaled.jpeg?v=1748073830","type":"image\/jpeg"}],"twitter_card":"summary_large_image","twitter_misc":{"Prezzo":"&euro;40.00","Disponibilit\u00e0":"Esaurito"},"schema":{"@context":"https:\/\/schema.org","@graph":[{"@type":"WebPage","@id":"https:\/\/iberoid-shop.com\/it\/product\/primo-gen-primobolan-methenolone-enanthate\/","url":"https:\/\/iberoid-shop.com\/it\/product\/primo-gen-primobolan-methenolone-enanthate\/","name":"PRIMO-GEN - PRIMOBOLAN \/ methenolone enanthate - Steroidi in linea","isPartOf":{"@id":"https:\/\/iberoid-shop.com\/it\/#website"},"primaryImageOfPage":{"@id":"https:\/\/iberoid-shop.com\/it\/product\/primo-gen-primobolan-methenolone-enanthate\/#primaryimage"},"image":{"@id":"https:\/\/iberoid-shop.com\/it\/product\/primo-gen-primobolan-methenolone-enanthate\/#primaryimage"},"thumbnailUrl":"https:\/\/iberoid-shop.com\/wp-content\/uploads\/2025\/05\/prmgn-scaled.jpeg?v=1748073830","datePublished":"2025-05-24T08:07:34+00:00","dateModified":"2026-03-22T11:32:22+00:00","description":"Il metenolone \u00e8 uno steroide anabolizzante a base di diidrotestosterone che aiuta a mantenere il fisico, ideale per chi \u00e8 sensibile agli effetti estrogenici, con un basso impatto sul fegato.","breadcrumb":{"@id":"https:\/\/iberoid-shop.com\/it\/product\/primo-gen-primobolan-methenolone-enanthate\/#breadcrumb"},"inLanguage":"it-IT","potentialAction":[{"@type":"ReadAction","target":[["https:\/\/iberoid-shop.com\/it\/product\/primo-gen-primobolan-methenolone-enanthate\/"]]}]},{"@type":"ImageObject","inLanguage":"it-IT","@id":"https:\/\/iberoid-shop.com\/it\/product\/primo-gen-primobolan-methenolone-enanthate\/#primaryimage","url":"https:\/\/iberoid-shop.com\/wp-content\/uploads\/2025\/05\/prmgn-scaled.jpeg?v=1748073830","contentUrl":"https:\/\/iberoid-shop.com\/wp-content\/uploads\/2025\/05\/prmgn-scaled.jpeg?v=1748073830","width":1685,"height":2560},{"@type":"BreadcrumbList","@id":"https:\/\/iberoid-shop.com\/it\/product\/primo-gen-primobolan-methenolone-enanthate\/#breadcrumb","itemListElement":[{"@type":"ListItem","position":1,"name":"Portada","item":"https:\/\/iberoid-shop.com\/it\/"},{"@type":"ListItem","position":2,"name":"Negozio","item":"https:\/\/iberoid-shop.com\/it\/shop\/"},{"@type":"ListItem","position":3,"name":"PRIMO-GEN &#8211; PRIMOBOLAN \/ methenolone enanthate"}]},{"@type":"WebSite","@id":"https:\/\/iberoid-shop.com\/it\/#website","url":"https:\/\/iberoid-shop.com\/it\/","name":"Steroidi in linea","description":"Acquista steroidi online oggi in Spagna e Portogallo. Abbiamo il miglior servizio clienti del settore e prodotti di altissima qualit\u00e0","potentialAction":[{"@type":"SearchAction","target":{"@type":"EntryPoint","urlTemplate":"https:\/\/iberoid-shop.com\/it\/?s={search_term_string}"},"query-input":{"@type":"PropertyValueSpecification","valueRequired":true,"valueName":"search_term_string"}}],"inLanguage":"it-IT"}]},"product_brand":"Golden Dragon","product_price_amount":"40.00","product_price_currency":"EUR","og_availability":"out of stock","product_availability":"out of stock","product_condition":"new"},"_links":{"self":[{"href":"https:\/\/iberoid-shop.com\/it\/wp-json\/wp\/v2\/product\/10124","targetHints":{"allow":["GET"]}}],"collection":[{"href":"https:\/\/iberoid-shop.com\/it\/wp-json\/wp\/v2\/product"}],"about":[{"href":"https:\/\/iberoid-shop.com\/it\/wp-json\/wp\/v2\/types\/product"}],"replies":[{"embeddable":true,"href":"https:\/\/iberoid-shop.com\/it\/wp-json\/wp\/v2\/comments?post=10124"}],"wp:featuredmedia":[{"embeddable":true,"href":"https:\/\/iberoid-shop.com\/it\/wp-json\/wp\/v2\/media\/10125"}],"wp:attachment":[{"href":"https:\/\/iberoid-shop.com\/it\/wp-json\/wp\/v2\/media?parent=10124"}],"wp:term":[{"taxonomy":"product_brand","embeddable":true,"href":"https:\/\/iberoid-shop.com\/it\/wp-json\/wp\/v2\/product_brand?post=10124"},{"taxonomy":"product_cat","embeddable":true,"href":"https:\/\/iberoid-shop.com\/it\/wp-json\/wp\/v2\/product_cat?post=10124"},{"taxonomy":"product_tag","embeddable":true,"href":"https:\/\/iberoid-shop.com\/it\/wp-json\/wp\/v2\/product_tag?post=10124"}],"curies":[{"name":"wp","href":"https:\/\/api.w.org\/{rel}","templated":true}]}}