{"id":10114,"date":"2025-05-21T18:22:08","date_gmt":"2025-05-21T18:22:08","guid":{"rendered":"https:\/\/iberoid-shop.com\/?post_type=product&#038;p=10114"},"modified":"2026-01-12T17:15:05","modified_gmt":"2026-01-12T17:15:05","slug":"testosterone-cypionate-250mg","status":"publish","type":"product","link":"https:\/\/iberoid-shop.com\/it\/product\/testosterone-cypionate-250mg\/","title":{"rendered":"Testosterone Cypionate 250mg"},"content":{"rendered":"<p><\/p>\n<p data-sourcepos=\"1:1-1:31\">Ecco la traduzione in italiano:<\/p>\n<p data-sourcepos=\"3:1-4:51\"><strong>Confezione:<\/strong> 10 fiale da 1 ml (250 mg\/ml) <strong>Principio attivo:<\/strong> Testosterone Cipionato 250 mg<\/p>\n<p data-sourcepos=\"6:1-8:231\">Il Testosterone Cipionato contiene il principio attivo testosterone cipionato, un ormone maschile. Il testosterone cipionato \u00e8 una forma artificiale dell&#8217;ormone sessuale maschile, il testosterone, che viene secreto naturalmente. Questo \u00e8 uno degli steroidi estrogenici che non danneggia il fegato. Viene utilizzato negli uomini per sostituire il testosterone e trattare vari problemi di salute causati da una carenza <span class=\"citation-20\">di testosterone (ipogonadismo maschile). Ci\u00f2 dovrebbe essere confermato <\/span><span class=\"citation-19 citation-20 citation-end-20\">da due misurazioni separate del testosterone nel sangue e includere anche sintomi clinici come impotenza, infertilit\u00e0,<\/span><span class=\"citation-19 citation-end-19\"> basso desiderio sessuale,<\/span> affaticamento, depressione, perdita ossea causata da bassi livelli dell&#8217;ormone testosterone. Il rischio di mascolinizzazione \u00e8 molto alto per le femmine e quindi il testosterone cipionato \u00e8 destinato solo agli uomini. Il Testosterone Cipionato aumenta la massa muscolare, incrementa la produttivit\u00e0 e stimola il metabolismo.<\/p>\n<p data-sourcepos=\"10:1-10:22\"><strong>Controindicazioni:<\/strong><\/p>\n<ul data-sourcepos=\"12:1-18:0\">\n<li data-sourcepos=\"12:1-12:89\">Allergia al testosterone cipionato o a qualsiasi altro componente di questo medicinale.<\/li>\n<li data-sourcepos=\"13:1-13:54\">Cancro alla prostata o al seno androgeno-dipendente.<\/li>\n<li data-sourcepos=\"14:1-14:38\">Tumori epatici \u2013 passati o presenti.<\/li>\n<li data-sourcepos=\"15:1-15:64\">Alti livelli di calcio nel sangue insieme a neoplasie maligne.<\/li>\n<li data-sourcepos=\"16:1-16:65\">Infarto miocardico pregresso o altre gravi patologie cardiache.<\/li>\n<li data-sourcepos=\"17:1-18:0\">Aterosclerosi (depositi di placche ateromatose nel lume dei vasi sanguigni).<\/li>\n<\/ul>\n<p data-sourcepos=\"19:1-19:36\"><strong>Posologia ed effetti collaterali<\/strong><\/p>\n<p data-sourcepos=\"21:1-26:165\">Per stimolare lo sviluppo di organi sottosviluppati androgeno-dipendenti e per il trattamento iniziale dei sintomi da carenza endogena di testosterone, si somministrano 50\u2013200 mg di testosterone cipionato per via intramuscolare ogni 2\u20134 settimane. L&#8217;iniezione deve essere effettuata molto lentamente nel muscolo. Non \u00e8 raccomandata una dose di 400 mg al mese. La durata del trattamento viene stabilita individualmente. Il dosaggio viene regolato a seconda della risposta del paziente al trattamento e della comparsa di reazioni avverse. La dose corretta viene determinata dal medico. Per i pazienti anziani, dovrebbero essere prescritte dosi pi\u00f9 basse. Il Testosterone Cipionato viene utilizzato solo per iniezione intramuscolare. Si deve prestare particolare attenzione per evitare che entri in un vaso sanguigno. La soluzione iniettabile in fiale pu\u00f2 essere utilizzata pi\u00f9 volte dopo la prima iniezione, a condizione che il tappo della fiala non sia stato rimosso e il contenuto rimanente sia rimasto ermeticamente sigillato. Se si ritiene che l&#8217;effetto del Testosterone Cipionato sia troppo forte o troppo debole, parlarne con il proprio medico. Si prega di rispettare le condizioni per gli intervalli tra le iniezioni concordate con il proprio medico. Quando si interrompe l&#8217;assunzione del farmaco, possono manifestarsi sintomi da carenza di testosterone. Come tutti i medicinali, il Testosterone Cipionato pu\u00f2 causare effetti collaterali. Gli effetti collaterali pi\u00f9 comuni sono l&#8217;acne e il dolore nel sito di iniezione.<\/p>\n<p data-sourcepos=\"28:1-28:76\"><strong>Effetti collaterali comuni (possono interessare fino a 1 persona su 10):<\/strong><\/p>\n<ul data-sourcepos=\"29:1-30:120\">\n<li data-sourcepos=\"29:1-30:120\">livelli anormalmente alti di globuli rossi nel sangue; aumento di peso; acne; aumento dell&#8217;antigene prostatico specifico (aumento dell&#8217;indice biochimico nel sangue); aumento delle dimensioni della prostata e problemi correlati; varie reazioni nel sito di iniezione (ad esempio, dolore, fastidio, prurito, arrossamento, lividi o irritazione); aumento del numero di globuli rossi, ematocrito (come percentuale di globuli rossi); erezione aumentata. Si prega di controllare il foglietto illustrativo del prodotto per maggiori dettagli sugli effetti collaterali insoliti.<\/li>\n<\/ul>\n<p><\/p>","protected":false},"excerpt":{"rendered":"<p>Ecco la traduzione in italiano: Confezione: 10 fiale da 1 ml (250 mg\/ml) Principio attivo: Testosterone Cipionato 250 mg Il<\/p>\n","protected":false},"featured_media":10115,"comment_status":"open","ping_status":"closed","template":"","meta":[],"product_brand":[],"product_cat":[69],"product_tag":[],"class_list":{"0":"post-10114","1":"product","2":"type-product","3":"status-publish","4":"has-post-thumbnail","6":"product_cat-esteroides_inyectables","8":"first","9":"outofstock","10":"shipping-taxable","11":"purchasable","12":"product-type-simple"},"yoast_head":"<!-- This site is optimized with the Yoast SEO Premium plugin v24.4 (Yoast SEO v27.0) - https:\/\/yoast.com\/product\/yoast-seo-premium-wordpress\/ -->\n<title>Testosterone Cypionate 250mg - Steroidi in linea<\/title>\n<meta name=\"description\" content=\"Il Testosterone Cipionato 250mg tratta il basso testosterone, aumenta massa muscolare e metabolismo, essenziale per la salute maschile.\" \/>\n<meta name=\"robots\" content=\"index, follow, max-snippet:-1, max-image-preview:large, max-video-preview:-1\" \/>\n<link rel=\"canonical\" href=\"https:\/\/iberoid-shop.com\/it\/product\/testosterone-cypionate-250mg\/\" \/>\n<meta property=\"og:locale\" content=\"it_IT\" \/>\n<meta property=\"og:type\" content=\"article\" \/>\n<meta property=\"og:title\" content=\"Testosterone Cypionate 250mg\" \/>\n<meta property=\"og:description\" content=\"Il Testosterone Cipionato 250mg tratta il basso testosterone, aumenta massa muscolare e metabolismo, essenziale per la salute maschile.\" \/>\n<meta property=\"og:url\" content=\"https:\/\/iberoid-shop.com\/it\/product\/testosterone-cypionate-250mg\/\" \/>\n<meta property=\"og:site_name\" content=\"Steroidi in linea\" \/>\n<meta property=\"article:modified_time\" content=\"2026-01-12T17:15:05+00:00\" \/>\n<meta property=\"og:image\" content=\"https:\/\/iberoid-shop.com\/wp-content\/uploads\/2025\/05\/CYP.jpg?v=1747851707\" \/>\n\t<meta property=\"og:image:width\" content=\"2200\" \/>\n\t<meta property=\"og:image:height\" content=\"1540\" \/>\n\t<meta property=\"og:image:type\" content=\"image\/jpeg\" \/>\n<meta name=\"twitter:card\" content=\"summary_large_image\" \/>\n<meta name=\"twitter:label1\" content=\"Prezzo\" \/>\n\t<meta name=\"twitter:data1\" content=\"&euro;40.00\" \/>\n\t<meta name=\"twitter:label2\" content=\"Disponibilit\u00e0\" \/>\n\t<meta name=\"twitter:data2\" content=\"Esaurito\" \/>\n<script type=\"application\/ld+json\" class=\"yoast-schema-graph\">{\"@context\":\"https:\/\/schema.org\",\"@graph\":[{\"@type\":\"WebPage\",\"@id\":\"https:\/\/iberoid-shop.com\/it\/product\/testosterone-cypionate-250mg\/\",\"url\":\"https:\/\/iberoid-shop.com\/it\/product\/testosterone-cypionate-250mg\/\",\"name\":\"Testosterone Cypionate 250mg - Steroidi in linea\",\"isPartOf\":{\"@id\":\"https:\/\/iberoid-shop.com\/it\/#website\"},\"primaryImageOfPage\":{\"@id\":\"https:\/\/iberoid-shop.com\/it\/product\/testosterone-cypionate-250mg\/#primaryimage\"},\"image\":{\"@id\":\"https:\/\/iberoid-shop.com\/it\/product\/testosterone-cypionate-250mg\/#primaryimage\"},\"thumbnailUrl\":\"https:\/\/iberoid-shop.com\/wp-content\/uploads\/2025\/05\/CYP.jpg?v=1747851707\",\"datePublished\":\"2025-05-21T18:22:08+00:00\",\"dateModified\":\"2026-01-12T17:15:05+00:00\",\"description\":\"Il Testosterone Cipionato 250mg tratta il basso testosterone, aumenta massa muscolare e metabolismo, essenziale per la salute maschile.\",\"breadcrumb\":{\"@id\":\"https:\/\/iberoid-shop.com\/it\/product\/testosterone-cypionate-250mg\/#breadcrumb\"},\"inLanguage\":\"it-IT\",\"potentialAction\":[{\"@type\":\"ReadAction\",\"target\":[[\"https:\/\/iberoid-shop.com\/it\/product\/testosterone-cypionate-250mg\/\"]]}]},{\"@type\":\"ImageObject\",\"inLanguage\":\"it-IT\",\"@id\":\"https:\/\/iberoid-shop.com\/it\/product\/testosterone-cypionate-250mg\/#primaryimage\",\"url\":\"https:\/\/iberoid-shop.com\/wp-content\/uploads\/2025\/05\/CYP.jpg?v=1747851707\",\"contentUrl\":\"https:\/\/iberoid-shop.com\/wp-content\/uploads\/2025\/05\/CYP.jpg?v=1747851707\",\"width\":2200,\"height\":1540},{\"@type\":\"BreadcrumbList\",\"@id\":\"https:\/\/iberoid-shop.com\/it\/product\/testosterone-cypionate-250mg\/#breadcrumb\",\"itemListElement\":[{\"@type\":\"ListItem\",\"position\":1,\"name\":\"Portada\",\"item\":\"https:\/\/iberoid-shop.com\/it\/\"},{\"@type\":\"ListItem\",\"position\":2,\"name\":\"Negozio\",\"item\":\"https:\/\/iberoid-shop.com\/it\/shop\/\"},{\"@type\":\"ListItem\",\"position\":3,\"name\":\"Testosterone Cypionate 250mg\"}]},{\"@type\":\"WebSite\",\"@id\":\"https:\/\/iberoid-shop.com\/it\/#website\",\"url\":\"https:\/\/iberoid-shop.com\/it\/\",\"name\":\"Steroidi in linea\",\"description\":\"Acquista steroidi online oggi in Spagna e Portogallo. Abbiamo il miglior servizio clienti del settore e prodotti di altissima qualit\u00e0\",\"potentialAction\":[{\"@type\":\"SearchAction\",\"target\":{\"@type\":\"EntryPoint\",\"urlTemplate\":\"https:\/\/iberoid-shop.com\/it\/?s={search_term_string}\"},\"query-input\":{\"@type\":\"PropertyValueSpecification\",\"valueRequired\":true,\"valueName\":\"search_term_string\"}}],\"inLanguage\":\"it-IT\"}]}<\/script>\n<meta property=\"product:brand\" content=\"Genetic Life Science\" \/>\n<meta property=\"product:price:amount\" content=\"40.00\" \/>\n<meta property=\"product:price:currency\" content=\"EUR\" \/>\n<meta property=\"og:availability\" content=\"out of stock\" \/>\n<meta property=\"product:availability\" content=\"out of stock\" \/>\n<meta property=\"product:condition\" content=\"new\" \/>\n<!-- \/ Yoast SEO Premium plugin. -->","yoast_head_json":{"title":"Testosterone Cypionate 250mg - Steroidi in linea","description":"Il Testosterone Cipionato 250mg tratta il basso testosterone, aumenta massa muscolare e metabolismo, essenziale per la salute maschile.","robots":{"index":"index","follow":"follow","max-snippet":"max-snippet:-1","max-image-preview":"max-image-preview:large","max-video-preview":"max-video-preview:-1"},"canonical":"https:\/\/iberoid-shop.com\/it\/product\/testosterone-cypionate-250mg\/","og_locale":"it_IT","og_type":"article","og_title":"Testosterone Cypionate 250mg","og_description":"Il Testosterone Cipionato 250mg tratta il basso testosterone, aumenta massa muscolare e metabolismo, essenziale per la salute maschile.","og_url":"https:\/\/iberoid-shop.com\/it\/product\/testosterone-cypionate-250mg\/","og_site_name":"Steroidi in linea","article_modified_time":"2026-01-12T17:15:05+00:00","og_image":[{"width":2200,"height":1540,"url":"https:\/\/iberoid-shop.com\/wp-content\/uploads\/2025\/05\/CYP.jpg?v=1747851707","type":"image\/jpeg"}],"twitter_card":"summary_large_image","twitter_misc":{"Prezzo":"&euro;40.00","Disponibilit\u00e0":"Esaurito"},"schema":{"@context":"https:\/\/schema.org","@graph":[{"@type":"WebPage","@id":"https:\/\/iberoid-shop.com\/it\/product\/testosterone-cypionate-250mg\/","url":"https:\/\/iberoid-shop.com\/it\/product\/testosterone-cypionate-250mg\/","name":"Testosterone Cypionate 250mg - Steroidi in linea","isPartOf":{"@id":"https:\/\/iberoid-shop.com\/it\/#website"},"primaryImageOfPage":{"@id":"https:\/\/iberoid-shop.com\/it\/product\/testosterone-cypionate-250mg\/#primaryimage"},"image":{"@id":"https:\/\/iberoid-shop.com\/it\/product\/testosterone-cypionate-250mg\/#primaryimage"},"thumbnailUrl":"https:\/\/iberoid-shop.com\/wp-content\/uploads\/2025\/05\/CYP.jpg?v=1747851707","datePublished":"2025-05-21T18:22:08+00:00","dateModified":"2026-01-12T17:15:05+00:00","description":"Il Testosterone Cipionato 250mg tratta il basso testosterone, aumenta massa muscolare e metabolismo, essenziale per la salute maschile.","breadcrumb":{"@id":"https:\/\/iberoid-shop.com\/it\/product\/testosterone-cypionate-250mg\/#breadcrumb"},"inLanguage":"it-IT","potentialAction":[{"@type":"ReadAction","target":[["https:\/\/iberoid-shop.com\/it\/product\/testosterone-cypionate-250mg\/"]]}]},{"@type":"ImageObject","inLanguage":"it-IT","@id":"https:\/\/iberoid-shop.com\/it\/product\/testosterone-cypionate-250mg\/#primaryimage","url":"https:\/\/iberoid-shop.com\/wp-content\/uploads\/2025\/05\/CYP.jpg?v=1747851707","contentUrl":"https:\/\/iberoid-shop.com\/wp-content\/uploads\/2025\/05\/CYP.jpg?v=1747851707","width":2200,"height":1540},{"@type":"BreadcrumbList","@id":"https:\/\/iberoid-shop.com\/it\/product\/testosterone-cypionate-250mg\/#breadcrumb","itemListElement":[{"@type":"ListItem","position":1,"name":"Portada","item":"https:\/\/iberoid-shop.com\/it\/"},{"@type":"ListItem","position":2,"name":"Negozio","item":"https:\/\/iberoid-shop.com\/it\/shop\/"},{"@type":"ListItem","position":3,"name":"Testosterone Cypionate 250mg"}]},{"@type":"WebSite","@id":"https:\/\/iberoid-shop.com\/it\/#website","url":"https:\/\/iberoid-shop.com\/it\/","name":"Steroidi in linea","description":"Acquista steroidi online oggi in Spagna e Portogallo. Abbiamo il miglior servizio clienti del settore e prodotti di altissima qualit\u00e0","potentialAction":[{"@type":"SearchAction","target":{"@type":"EntryPoint","urlTemplate":"https:\/\/iberoid-shop.com\/it\/?s={search_term_string}"},"query-input":{"@type":"PropertyValueSpecification","valueRequired":true,"valueName":"search_term_string"}}],"inLanguage":"it-IT"}]},"product_brand":"Genetic Life Science","product_price_amount":"40.00","product_price_currency":"EUR","og_availability":"out of stock","product_availability":"out of stock","product_condition":"new"},"_links":{"self":[{"href":"https:\/\/iberoid-shop.com\/it\/wp-json\/wp\/v2\/product\/10114","targetHints":{"allow":["GET"]}}],"collection":[{"href":"https:\/\/iberoid-shop.com\/it\/wp-json\/wp\/v2\/product"}],"about":[{"href":"https:\/\/iberoid-shop.com\/it\/wp-json\/wp\/v2\/types\/product"}],"replies":[{"embeddable":true,"href":"https:\/\/iberoid-shop.com\/it\/wp-json\/wp\/v2\/comments?post=10114"}],"wp:featuredmedia":[{"embeddable":true,"href":"https:\/\/iberoid-shop.com\/it\/wp-json\/wp\/v2\/media\/10115"}],"wp:attachment":[{"href":"https:\/\/iberoid-shop.com\/it\/wp-json\/wp\/v2\/media?parent=10114"}],"wp:term":[{"taxonomy":"product_brand","embeddable":true,"href":"https:\/\/iberoid-shop.com\/it\/wp-json\/wp\/v2\/product_brand?post=10114"},{"taxonomy":"product_cat","embeddable":true,"href":"https:\/\/iberoid-shop.com\/it\/wp-json\/wp\/v2\/product_cat?post=10114"},{"taxonomy":"product_tag","embeddable":true,"href":"https:\/\/iberoid-shop.com\/it\/wp-json\/wp\/v2\/product_tag?post=10114"}],"curies":[{"name":"wp","href":"https:\/\/api.w.org\/{rel}","templated":true}]}}