{"id":10112,"date":"2025-05-21T18:20:15","date_gmt":"2025-05-21T18:20:15","guid":{"rendered":"https:\/\/iberoid-shop.com\/?post_type=product&#038;p=10112"},"modified":"2025-11-25T09:34:01","modified_gmt":"2025-11-25T09:34:01","slug":"trenbolone-acetate-100mg","status":"publish","type":"product","link":"https:\/\/iberoid-shop.com\/it\/product\/trenbolone-acetate-100mg\/","title":{"rendered":"Trenbolone Acetate 100mg"},"content":{"rendered":"<p><\/p>\n<p data-sourcepos=\"3:1-4:47\"><strong>Confezione:<\/strong> 10 fiale da 1 ml (100 mg\/ml)<\/p>\n<p data-sourcepos=\"3:1-4:47\"><strong>Principio attivo:<\/strong> Trenbolone Acetato 100 mg<\/p>\n<p data-sourcepos=\"6:1-7:176\">Il trenbolone acetato \u00e8 uno steroide anabolizzante sintetico, \u00e8 un estere androgeno e un profarmaco a lunga durata d&#8217;azione del trenbolone. Si lega molto bene al recettore degli androgeni ed \u00e8 cinque volte pi\u00f9 potente del testosterone. Il trenbolone non \u00e8 estrogenico e non \u00e8 tossico per il fegato. Il trenbolone acetato permette di aumentare di peso senza gonfiore. Sebbene potente, \u00e8 relativamente sicuro e gli effetti collaterali sono per lo pi\u00f9 connessi al sovradosaggio.<\/p>\n<p data-sourcepos=\"9:1-9:46\"><strong>Precauzioni (o Condizioni da considerare):<\/strong><\/p>\n<ul data-sourcepos=\"10:1-14:0\">\n<li data-sourcepos=\"10:1-10:18\">Malattia renale.<\/li>\n<li data-sourcepos=\"11:1-11:20\">Malattia cardiaca.<\/li>\n<li data-sourcepos=\"12:1-12:17\">Pressione alta.<\/li>\n<li data-sourcepos=\"13:1-14:0\">Diabete.<\/li>\n<\/ul>\n<p data-sourcepos=\"15:1-15:36\"><strong>Posologia ed effetti collaterali<\/strong><\/p>\n<p data-sourcepos=\"17:1-18:79\">Il Trenbolone Acetato \u00e8 raccomandato per l&#8217;uso esclusivo da parte degli uomini e tutte le dosi indicate sono pensate per gli uomini. La dose raccomandata del farmaco \u00e8 di 50-100 mg una volta ogni due giorni come iniezione intramuscolare. Per i principianti, il ciclo inizia con una dose da 50 a 100 mg una volta ogni due giorni. La durata del ciclo di Trenbolone Acetato \u00e8 di circa 56-60 giorni. Come tutti i medicinali, il Trenbolone Acetato pu\u00f2 causare effetti collaterali:<\/p>\n<ul data-sourcepos=\"19:1-30:116\">\n<li data-sourcepos=\"19:1-19:74\">soppressione della produzione di testosterone; diminuzione della libido;<\/li>\n<li data-sourcepos=\"20:1-20:28\">diminuzione dell&#8217;erezione;<\/li>\n<li data-sourcepos=\"21:1-21:87\">atrofia testicolare dovuta a una forte soppressione della produzione di testosterone;<\/li>\n<li data-sourcepos=\"22:1-22:76\">elevato carico sui reni; ginecomastia da prolattina; acne; pressione alta;<\/li>\n<li data-sourcepos=\"23:1-23:83\">aumento dell&#8217;aggressivit\u00e0 ed eccitazione nervosa; perdita di capelli sulla testa;<\/li>\n<li data-sourcepos=\"24:1-24:74\">aumento della crescita dei peli sul viso e sul corpo (di tipo maschile);<\/li>\n<li data-sourcepos=\"25:1-25:52\">deformazione delle corde vocali; atrofia genitale;<\/li>\n<li data-sourcepos=\"26:1-26:52\">un tipo specifico di tosse \u00e8 quella da trenbolone;<\/li>\n<li data-sourcepos=\"27:1-27:29\">aumento della pelle grassa;<\/li>\n<li data-sourcepos=\"28:1-30:116\">insonnia e altri disturbi del sonno. \u00c8 possibile la manifestazione di effetti androgeni, mentre non ci sono effetti estrogenici. Se si notano effetti collaterali non elencati in questo foglietto illustrativo, informare il medico o il farmacista.<\/li>\n<\/ul>\n<p><\/p>","protected":false},"excerpt":{"rendered":"<p>Confezione: 10 fiale da 1 ml (100 mg\/ml) Principio attivo: Trenbolone Acetato 100 mg Il trenbolone acetato \u00e8 uno steroide<\/p>\n","protected":false},"featured_media":10113,"comment_status":"open","ping_status":"closed","template":"","meta":[],"product_brand":[],"product_cat":[69],"product_tag":[],"class_list":{"0":"post-10112","1":"product","2":"type-product","3":"status-publish","4":"has-post-thumbnail","6":"product_cat-esteroides_inyectables","8":"first","9":"outofstock","10":"shipping-taxable","11":"purchasable","12":"product-type-simple"},"yoast_head":"<!-- This site is optimized with the Yoast SEO Premium plugin v24.4 (Yoast SEO v27.0) - https:\/\/yoast.com\/product\/yoast-seo-premium-wordpress\/ -->\n<title>Trenbolone Acetate 100mg - Steroidi in linea<\/title>\n<meta name=\"description\" content=\"Acetato di Trenbolone \u00e8 un potente steroide anabolizzante per massa muscolare, forza e perdita di grasso, senza effetti estrogenici.\" \/>\n<meta name=\"robots\" content=\"index, follow, max-snippet:-1, max-image-preview:large, max-video-preview:-1\" \/>\n<link rel=\"canonical\" href=\"https:\/\/iberoid-shop.com\/it\/product\/trenbolone-acetate-100mg\/\" \/>\n<meta property=\"og:locale\" content=\"it_IT\" \/>\n<meta property=\"og:type\" content=\"article\" \/>\n<meta property=\"og:title\" content=\"Trenbolone Acetate 100mg\" \/>\n<meta property=\"og:description\" content=\"Acetato di Trenbolone \u00e8 un potente steroide anabolizzante per massa muscolare, forza e perdita di grasso, senza effetti estrogenici.\" \/>\n<meta property=\"og:url\" content=\"https:\/\/iberoid-shop.com\/it\/product\/trenbolone-acetate-100mg\/\" \/>\n<meta property=\"og:site_name\" content=\"Steroidi in linea\" \/>\n<meta property=\"article:modified_time\" content=\"2025-11-25T09:34:01+00:00\" \/>\n<meta property=\"og:image\" content=\"https:\/\/iberoid-shop.com\/wp-content\/uploads\/2025\/05\/TA.jpg?v=1747851597\" \/>\n\t<meta property=\"og:image:width\" content=\"2200\" \/>\n\t<meta property=\"og:image:height\" content=\"1540\" \/>\n\t<meta property=\"og:image:type\" content=\"image\/jpeg\" \/>\n<meta name=\"twitter:card\" content=\"summary_large_image\" \/>\n<meta name=\"twitter:label1\" content=\"Prezzo\" \/>\n\t<meta name=\"twitter:data1\" content=\"&euro;55.00\" \/>\n\t<meta name=\"twitter:label2\" content=\"Disponibilit\u00e0\" \/>\n\t<meta name=\"twitter:data2\" content=\"Esaurito\" \/>\n<script type=\"application\/ld+json\" class=\"yoast-schema-graph\">{\"@context\":\"https:\/\/schema.org\",\"@graph\":[{\"@type\":\"WebPage\",\"@id\":\"https:\/\/iberoid-shop.com\/it\/product\/trenbolone-acetate-100mg\/\",\"url\":\"https:\/\/iberoid-shop.com\/it\/product\/trenbolone-acetate-100mg\/\",\"name\":\"Trenbolone Acetate 100mg - Steroidi in linea\",\"isPartOf\":{\"@id\":\"https:\/\/iberoid-shop.com\/it\/#website\"},\"primaryImageOfPage\":{\"@id\":\"https:\/\/iberoid-shop.com\/it\/product\/trenbolone-acetate-100mg\/#primaryimage\"},\"image\":{\"@id\":\"https:\/\/iberoid-shop.com\/it\/product\/trenbolone-acetate-100mg\/#primaryimage\"},\"thumbnailUrl\":\"https:\/\/iberoid-shop.com\/wp-content\/uploads\/2025\/05\/TA.jpg?v=1747851597\",\"datePublished\":\"2025-05-21T18:20:15+00:00\",\"dateModified\":\"2025-11-25T09:34:01+00:00\",\"description\":\"Acetato di Trenbolone \u00e8 un potente steroide anabolizzante per massa muscolare, forza e perdita di grasso, senza effetti estrogenici.\",\"breadcrumb\":{\"@id\":\"https:\/\/iberoid-shop.com\/it\/product\/trenbolone-acetate-100mg\/#breadcrumb\"},\"inLanguage\":\"it-IT\",\"potentialAction\":[{\"@type\":\"ReadAction\",\"target\":[[\"https:\/\/iberoid-shop.com\/it\/product\/trenbolone-acetate-100mg\/\"]]}]},{\"@type\":\"ImageObject\",\"inLanguage\":\"it-IT\",\"@id\":\"https:\/\/iberoid-shop.com\/it\/product\/trenbolone-acetate-100mg\/#primaryimage\",\"url\":\"https:\/\/iberoid-shop.com\/wp-content\/uploads\/2025\/05\/TA.jpg?v=1747851597\",\"contentUrl\":\"https:\/\/iberoid-shop.com\/wp-content\/uploads\/2025\/05\/TA.jpg?v=1747851597\",\"width\":2200,\"height\":1540},{\"@type\":\"BreadcrumbList\",\"@id\":\"https:\/\/iberoid-shop.com\/it\/product\/trenbolone-acetate-100mg\/#breadcrumb\",\"itemListElement\":[{\"@type\":\"ListItem\",\"position\":1,\"name\":\"Portada\",\"item\":\"https:\/\/iberoid-shop.com\/it\/\"},{\"@type\":\"ListItem\",\"position\":2,\"name\":\"Negozio\",\"item\":\"https:\/\/iberoid-shop.com\/it\/shop\/\"},{\"@type\":\"ListItem\",\"position\":3,\"name\":\"Trenbolone Acetate 100mg\"}]},{\"@type\":\"WebSite\",\"@id\":\"https:\/\/iberoid-shop.com\/it\/#website\",\"url\":\"https:\/\/iberoid-shop.com\/it\/\",\"name\":\"Steroidi in linea\",\"description\":\"Acquista steroidi online oggi in Spagna e Portogallo. Abbiamo il miglior servizio clienti del settore e prodotti di altissima qualit\u00e0\",\"potentialAction\":[{\"@type\":\"SearchAction\",\"target\":{\"@type\":\"EntryPoint\",\"urlTemplate\":\"https:\/\/iberoid-shop.com\/it\/?s={search_term_string}\"},\"query-input\":{\"@type\":\"PropertyValueSpecification\",\"valueRequired\":true,\"valueName\":\"search_term_string\"}}],\"inLanguage\":\"it-IT\"}]}<\/script>\n<meta property=\"product:brand\" content=\"Genetic Life Science\" \/>\n<meta property=\"product:price:amount\" content=\"55.00\" \/>\n<meta property=\"product:price:currency\" content=\"EUR\" \/>\n<meta property=\"og:availability\" content=\"out of stock\" \/>\n<meta property=\"product:availability\" content=\"out of stock\" \/>\n<meta property=\"product:condition\" content=\"new\" \/>\n<!-- \/ Yoast SEO Premium plugin. -->","yoast_head_json":{"title":"Trenbolone Acetate 100mg - Steroidi in linea","description":"Acetato di Trenbolone \u00e8 un potente steroide anabolizzante per massa muscolare, forza e perdita di grasso, senza effetti estrogenici.","robots":{"index":"index","follow":"follow","max-snippet":"max-snippet:-1","max-image-preview":"max-image-preview:large","max-video-preview":"max-video-preview:-1"},"canonical":"https:\/\/iberoid-shop.com\/it\/product\/trenbolone-acetate-100mg\/","og_locale":"it_IT","og_type":"article","og_title":"Trenbolone Acetate 100mg","og_description":"Acetato di Trenbolone \u00e8 un potente steroide anabolizzante per massa muscolare, forza e perdita di grasso, senza effetti estrogenici.","og_url":"https:\/\/iberoid-shop.com\/it\/product\/trenbolone-acetate-100mg\/","og_site_name":"Steroidi in linea","article_modified_time":"2025-11-25T09:34:01+00:00","og_image":[{"width":2200,"height":1540,"url":"https:\/\/iberoid-shop.com\/wp-content\/uploads\/2025\/05\/TA.jpg?v=1747851597","type":"image\/jpeg"}],"twitter_card":"summary_large_image","twitter_misc":{"Prezzo":"&euro;55.00","Disponibilit\u00e0":"Esaurito"},"schema":{"@context":"https:\/\/schema.org","@graph":[{"@type":"WebPage","@id":"https:\/\/iberoid-shop.com\/it\/product\/trenbolone-acetate-100mg\/","url":"https:\/\/iberoid-shop.com\/it\/product\/trenbolone-acetate-100mg\/","name":"Trenbolone Acetate 100mg - Steroidi in linea","isPartOf":{"@id":"https:\/\/iberoid-shop.com\/it\/#website"},"primaryImageOfPage":{"@id":"https:\/\/iberoid-shop.com\/it\/product\/trenbolone-acetate-100mg\/#primaryimage"},"image":{"@id":"https:\/\/iberoid-shop.com\/it\/product\/trenbolone-acetate-100mg\/#primaryimage"},"thumbnailUrl":"https:\/\/iberoid-shop.com\/wp-content\/uploads\/2025\/05\/TA.jpg?v=1747851597","datePublished":"2025-05-21T18:20:15+00:00","dateModified":"2025-11-25T09:34:01+00:00","description":"Acetato di Trenbolone \u00e8 un potente steroide anabolizzante per massa muscolare, forza e perdita di grasso, senza effetti estrogenici.","breadcrumb":{"@id":"https:\/\/iberoid-shop.com\/it\/product\/trenbolone-acetate-100mg\/#breadcrumb"},"inLanguage":"it-IT","potentialAction":[{"@type":"ReadAction","target":[["https:\/\/iberoid-shop.com\/it\/product\/trenbolone-acetate-100mg\/"]]}]},{"@type":"ImageObject","inLanguage":"it-IT","@id":"https:\/\/iberoid-shop.com\/it\/product\/trenbolone-acetate-100mg\/#primaryimage","url":"https:\/\/iberoid-shop.com\/wp-content\/uploads\/2025\/05\/TA.jpg?v=1747851597","contentUrl":"https:\/\/iberoid-shop.com\/wp-content\/uploads\/2025\/05\/TA.jpg?v=1747851597","width":2200,"height":1540},{"@type":"BreadcrumbList","@id":"https:\/\/iberoid-shop.com\/it\/product\/trenbolone-acetate-100mg\/#breadcrumb","itemListElement":[{"@type":"ListItem","position":1,"name":"Portada","item":"https:\/\/iberoid-shop.com\/it\/"},{"@type":"ListItem","position":2,"name":"Negozio","item":"https:\/\/iberoid-shop.com\/it\/shop\/"},{"@type":"ListItem","position":3,"name":"Trenbolone Acetate 100mg"}]},{"@type":"WebSite","@id":"https:\/\/iberoid-shop.com\/it\/#website","url":"https:\/\/iberoid-shop.com\/it\/","name":"Steroidi in linea","description":"Acquista steroidi online oggi in Spagna e Portogallo. Abbiamo il miglior servizio clienti del settore e prodotti di altissima qualit\u00e0","potentialAction":[{"@type":"SearchAction","target":{"@type":"EntryPoint","urlTemplate":"https:\/\/iberoid-shop.com\/it\/?s={search_term_string}"},"query-input":{"@type":"PropertyValueSpecification","valueRequired":true,"valueName":"search_term_string"}}],"inLanguage":"it-IT"}]},"product_brand":"Genetic Life Science","product_price_amount":"55.00","product_price_currency":"EUR","og_availability":"out of stock","product_availability":"out of stock","product_condition":"new"},"_links":{"self":[{"href":"https:\/\/iberoid-shop.com\/it\/wp-json\/wp\/v2\/product\/10112","targetHints":{"allow":["GET"]}}],"collection":[{"href":"https:\/\/iberoid-shop.com\/it\/wp-json\/wp\/v2\/product"}],"about":[{"href":"https:\/\/iberoid-shop.com\/it\/wp-json\/wp\/v2\/types\/product"}],"replies":[{"embeddable":true,"href":"https:\/\/iberoid-shop.com\/it\/wp-json\/wp\/v2\/comments?post=10112"}],"wp:featuredmedia":[{"embeddable":true,"href":"https:\/\/iberoid-shop.com\/it\/wp-json\/wp\/v2\/media\/10113"}],"wp:attachment":[{"href":"https:\/\/iberoid-shop.com\/it\/wp-json\/wp\/v2\/media?parent=10112"}],"wp:term":[{"taxonomy":"product_brand","embeddable":true,"href":"https:\/\/iberoid-shop.com\/it\/wp-json\/wp\/v2\/product_brand?post=10112"},{"taxonomy":"product_cat","embeddable":true,"href":"https:\/\/iberoid-shop.com\/it\/wp-json\/wp\/v2\/product_cat?post=10112"},{"taxonomy":"product_tag","embeddable":true,"href":"https:\/\/iberoid-shop.com\/it\/wp-json\/wp\/v2\/product_tag?post=10112"}],"curies":[{"name":"wp","href":"https:\/\/api.w.org\/{rel}","templated":true}]}}