{"id":10089,"date":"2025-05-17T07:47:59","date_gmt":"2025-05-17T07:47:59","guid":{"rendered":"https:\/\/iberoid-shop.com\/?post_type=product&#038;p=10089"},"modified":"2026-01-11T18:08:39","modified_gmt":"2026-01-11T18:08:39","slug":"apcalis-sx-oral-jelly-20mg-gel-de-tadalafilo","status":"publish","type":"product","link":"https:\/\/iberoid-shop.com\/it\/product\/apcalis-sx-oral-jelly-20mg-gel-de-tadalafilo\/","title":{"rendered":"Apcalis-sx Oral Jelly 20mg \u2013 Gel de Tadalafilo"},"content":{"rendered":"<p><\/p>\n<p data-sourcepos=\"1:1-1:373\">Apcalis-SX Oral Jelly \u00e8 un sostituto al 100% del farmaco Cialis, sotto forma di gelatine ai vari gusti di frutta. Il <strong>Tadalafil<\/strong> \u00e8 usato per trattare la disfunzione erettile. Questo farmaco assicura un&#8217;<strong>erezione di qualit\u00e0 e duratura<\/strong> e contribuisce a una <strong>rigenerazione pi\u00f9 rapida<\/strong> dopo l&#8217;eiaculazione. La sostanza attiva Tadalafil agisce pi\u00f9 a lungo del Sildenafil.<\/p>\n<hr data-sourcepos=\"3:1-3:3\" \/>\n<h3 data-sourcepos=\"5:1-5:38\">Vantaggi di Apcalis-SX Oral Jelly:<\/h3>\n<ul data-sourcepos=\"6:1-9:0\">\n<li data-sourcepos=\"6:1-6:202\"><strong>Rapido inizio dell&#8217;effetto<\/strong> \u2013 il farmaco raggiunge la massima efficacia entro 20 minuti dalla somministrazione, grazie all&#8217;assorbimento attraverso la mucosa orale direttamente nel flusso sanguigno.<\/li>\n<li data-sourcepos=\"7:1-7:89\"><strong>Sicurezza<\/strong> \u2013 se si rispetta la dose raccomandata, ha pochissimi effetti collaterali.<\/li>\n<li data-sourcepos=\"8:1-9:0\"><strong>Basta spremerlo in bocca<\/strong> \u2013 non \u00e8 necessario bere acqua.<\/li>\n<\/ul>\n<hr data-sourcepos=\"10:1-10:3\" \/>\n<h3 data-sourcepos=\"12:1-12:25\">Dosaggio Raccomandato<\/h3>\n<p data-sourcepos=\"13:1-13:396\">Si consiglia di assumere una bustina di Apcalis-SX Oral Jelly prima dell&#8217;attivit\u00e0 sessuale. \u00c8 efficace 10-20 minuti dopo la somministrazione. Apcalis-SX Oral Jelly \u00e8 un farmaco estremamente potente, pertanto non si raccomanda di assumere pi\u00f9 di una bustina entro 36 ore. Apcalis-SX Oral Jelly non \u00e8 un afrodisiaco \u2013 <strong>gli effetti del farmaco compaiono con una sufficiente stimolazione sessuale.<\/strong><\/p>\n<hr data-sourcepos=\"15:1-15:3\" \/>\n<h3 data-sourcepos=\"17:1-17:47\">Assunzione del farmaco con altri medicinali<\/h3>\n<p data-sourcepos=\"18:1-18:213\">In nessun caso assumere Apcalis-SX Oral Jelly insieme a farmaci che contengono donatori di ossido nitrico o nitrati. Inoltre, evitare alimenti contenenti <strong>POMPELMO<\/strong>, per prevenire la comparsa di effetti avversi.<\/p>\n<hr data-sourcepos=\"20:1-20:3\" \/>\n<h3 data-sourcepos=\"22:1-22:23\">Inizio dell&#8217;effetto<\/h3>\n<p data-sourcepos=\"23:1-23:305\">L&#8217;inizio dell&#8217;effetto \u00e8 davvero molto rapido, 10-20 minuti dopo la somministrazione. Per un effetto massimo desiderato, si consiglia di assumere le gelatine <strong>2 ore dopo un pasto<\/strong>. Se somministrato con il cibo o poco dopo un pasto, il tempo di inizio dell&#8217;effetto pu\u00f2 essere prolungato considerevolmente.<\/p>\n<p data-sourcepos=\"25:1-25:272\">Si sconsiglia di bere grandi quantit\u00e0 di alcol prima dell&#8217;uso \u2013 questo riduce l&#8217;efficacia del farmaco e pu\u00f2 intensificare gli effetti collaterali. L&#8217;efficacia del farmaco \u00e8 ridotta anche dal consumo di cibi grassi e pesanti. Apcalis-SX Oral Jelly agisce per <strong>24-36 ore<\/strong>.<\/p>\n<hr data-sourcepos=\"27:1-27:3\" \/>\n<h3 data-sourcepos=\"29:1-29:42\">Non assumere Apcalis-SX Oral Jelly se:<\/h3>\n<ul data-sourcepos=\"30:1-37:0\">\n<li data-sourcepos=\"30:1-30:33\">si soffre di malattie cardiache<\/li>\n<li data-sourcepos=\"31:1-31:41\">si soffre di malattie renali o epatiche<\/li>\n<li data-sourcepos=\"32:1-32:46\">si \u00e8 sofferto un attacco di cuore o un ictus<\/li>\n<li data-sourcepos=\"33:1-33:67\">si ha meno di 18 o pi\u00f9 di 65 anni, o consultare il proprio medico<\/li>\n<li data-sourcepos=\"34:1-34:42\">si ha una scarsa coagulazione del sangue<\/li>\n<li data-sourcepos=\"35:1-35:43\">si ha la pressione sanguigna alta o bassa<\/li>\n<li data-sourcepos=\"36:1-37:0\">si sta assumendo un altro farmaco per la disfunzione erettile<\/li>\n<\/ul>\n<hr data-sourcepos=\"38:1-38:3\" \/>\n<h3 data-sourcepos=\"40:1-40:23\">Effetti collaterali<\/h3>\n<p data-sourcepos=\"41:1-42:72\">Come tutti i medicinali, anche Apcalis-SX Oral Jelly ha <strong>effetti collaterali<\/strong>. Tra gli effetti collaterali pi\u00f9 comuni di Apcalis-SX Oral Jelly ci sono:<\/p>\n<ul data-sourcepos=\"43:1-48:0\">\n<li data-sourcepos=\"43:1-43:14\">mal di testa<\/li>\n<li data-sourcepos=\"44:1-44:23\">arrossamento del viso<\/li>\n<li data-sourcepos=\"45:1-45:13\">naso chiuso<\/li>\n<li data-sourcepos=\"46:1-46:22\">disturbi della vista<\/li>\n<li data-sourcepos=\"47:1-48:0\">priapismo<\/li>\n<\/ul>\n<hr data-sourcepos=\"49:1-49:3\" \/>\n<h3 data-sourcepos=\"51:1-51:17\">Conservazione<\/h3>\n<p data-sourcepos=\"52:1-52:265\">Conservare le gelatine nella loro confezione originale per proteggere il farmaco dall&#8217;umidit\u00e0. <strong>Non conservare il farmaco fuori dalla portata dei bambini, tenerlo in un ambiente asciutto, senza esposizione alla luce solare<\/strong> \u2013 idealmente a temperature di 10-30 \u00b0C.<\/p>\n<p><\/p>","protected":false},"excerpt":{"rendered":"<p>Apcalis-SX Oral Jelly \u00e8 un sostituto al 100% del farmaco Cialis, sotto forma di gelatine ai vari gusti di frutta.<\/p>\n","protected":false},"featured_media":10090,"comment_status":"open","ping_status":"closed","template":"","meta":[],"product_brand":[],"product_cat":[73],"product_tag":[],"class_list":{"0":"post-10089","1":"product","2":"type-product","3":"status-publish","4":"has-post-thumbnail","6":"product_cat-ssteroides_orales","8":"first","9":"outofstock","10":"shipping-taxable","11":"purchasable","12":"product-type-simple"},"yoast_head":"<!-- This site is optimized with the Yoast SEO Premium plugin v24.4 (Yoast SEO v27.0) - https:\/\/yoast.com\/product\/yoast-seo-premium-wordpress\/ -->\n<title>Apcalis-sx Oral Jelly 20mg \u2013 Gel de Tadalafilo - Steroidi in linea<\/title>\n<meta name=\"description\" content=\"Apcalis-SX Oral Jelly \u00e8 un gel di tadalafil ad azione rapida per la disfunzione erettile, garantendo effetto duraturo e rapido assorbimento senza acqua.\" \/>\n<meta name=\"robots\" content=\"index, follow, max-snippet:-1, max-image-preview:large, max-video-preview:-1\" \/>\n<link rel=\"canonical\" href=\"https:\/\/iberoid-shop.com\/it\/product\/apcalis-sx-oral-jelly-20mg-gel-de-tadalafilo\/\" \/>\n<meta property=\"og:locale\" content=\"it_IT\" \/>\n<meta property=\"og:type\" content=\"article\" \/>\n<meta property=\"og:title\" content=\"Apcalis-sx Oral Jelly 20mg \u2013 Gel de Tadalafilo\" \/>\n<meta property=\"og:description\" content=\"Apcalis-SX Oral Jelly \u00e8 un gel di tadalafil ad azione rapida per la disfunzione erettile, garantendo effetto duraturo e rapido assorbimento senza acqua.\" \/>\n<meta property=\"og:url\" content=\"https:\/\/iberoid-shop.com\/it\/product\/apcalis-sx-oral-jelly-20mg-gel-de-tadalafilo\/\" \/>\n<meta property=\"og:site_name\" content=\"Steroidi in linea\" \/>\n<meta property=\"article:modified_time\" content=\"2026-01-11T18:08:39+00:00\" \/>\n<meta property=\"og:image\" content=\"https:\/\/iberoid-shop.com\/wp-content\/uploads\/2025\/05\/apocalis.webp\" \/>\n\t<meta property=\"og:image:width\" content=\"685\" \/>\n\t<meta property=\"og:image:height\" content=\"685\" \/>\n\t<meta property=\"og:image:type\" content=\"image\/webp\" \/>\n<meta name=\"twitter:card\" content=\"summary_large_image\" \/>\n<meta name=\"twitter:label1\" content=\"Prezzo\" \/>\n\t<meta name=\"twitter:data1\" content=\"&euro;10.00\" \/>\n\t<meta name=\"twitter:label2\" content=\"Disponibilit\u00e0\" \/>\n\t<meta name=\"twitter:data2\" content=\"Esaurito\" \/>\n<script type=\"application\/ld+json\" class=\"yoast-schema-graph\">{\"@context\":\"https:\/\/schema.org\",\"@graph\":[{\"@type\":\"WebPage\",\"@id\":\"https:\/\/iberoid-shop.com\/it\/product\/apcalis-sx-oral-jelly-20mg-gel-de-tadalafilo\/\",\"url\":\"https:\/\/iberoid-shop.com\/it\/product\/apcalis-sx-oral-jelly-20mg-gel-de-tadalafilo\/\",\"name\":\"Apcalis-sx Oral Jelly 20mg \u2013 Gel de Tadalafilo - Steroidi in linea\",\"isPartOf\":{\"@id\":\"https:\/\/iberoid-shop.com\/it\/#website\"},\"primaryImageOfPage\":{\"@id\":\"https:\/\/iberoid-shop.com\/it\/product\/apcalis-sx-oral-jelly-20mg-gel-de-tadalafilo\/#primaryimage\"},\"image\":{\"@id\":\"https:\/\/iberoid-shop.com\/it\/product\/apcalis-sx-oral-jelly-20mg-gel-de-tadalafilo\/#primaryimage\"},\"thumbnailUrl\":\"https:\/\/iberoid-shop.com\/wp-content\/uploads\/2025\/05\/apocalis.webp\",\"datePublished\":\"2025-05-17T07:47:59+00:00\",\"dateModified\":\"2026-01-11T18:08:39+00:00\",\"description\":\"Apcalis-SX Oral Jelly \u00e8 un gel di tadalafil ad azione rapida per la disfunzione erettile, garantendo effetto duraturo e rapido assorbimento senza acqua.\",\"breadcrumb\":{\"@id\":\"https:\/\/iberoid-shop.com\/it\/product\/apcalis-sx-oral-jelly-20mg-gel-de-tadalafilo\/#breadcrumb\"},\"inLanguage\":\"it-IT\",\"potentialAction\":[{\"@type\":\"ReadAction\",\"target\":[[\"https:\/\/iberoid-shop.com\/it\/product\/apcalis-sx-oral-jelly-20mg-gel-de-tadalafilo\/\"]]}]},{\"@type\":\"ImageObject\",\"inLanguage\":\"it-IT\",\"@id\":\"https:\/\/iberoid-shop.com\/it\/product\/apcalis-sx-oral-jelly-20mg-gel-de-tadalafilo\/#primaryimage\",\"url\":\"https:\/\/iberoid-shop.com\/wp-content\/uploads\/2025\/05\/apocalis.webp\",\"contentUrl\":\"https:\/\/iberoid-shop.com\/wp-content\/uploads\/2025\/05\/apocalis.webp\",\"width\":685,\"height\":685},{\"@type\":\"BreadcrumbList\",\"@id\":\"https:\/\/iberoid-shop.com\/it\/product\/apcalis-sx-oral-jelly-20mg-gel-de-tadalafilo\/#breadcrumb\",\"itemListElement\":[{\"@type\":\"ListItem\",\"position\":1,\"name\":\"Portada\",\"item\":\"https:\/\/iberoid-shop.com\/it\/\"},{\"@type\":\"ListItem\",\"position\":2,\"name\":\"Negozio\",\"item\":\"https:\/\/iberoid-shop.com\/it\/shop\/\"},{\"@type\":\"ListItem\",\"position\":3,\"name\":\"Apcalis-sx Oral Jelly 20mg \u2013 Gel de Tadalafilo\"}]},{\"@type\":\"WebSite\",\"@id\":\"https:\/\/iberoid-shop.com\/it\/#website\",\"url\":\"https:\/\/iberoid-shop.com\/it\/\",\"name\":\"Steroidi in linea\",\"description\":\"Acquista steroidi online oggi in Spagna e Portogallo. Abbiamo il miglior servizio clienti del settore e prodotti di altissima qualit\u00e0\",\"potentialAction\":[{\"@type\":\"SearchAction\",\"target\":{\"@type\":\"EntryPoint\",\"urlTemplate\":\"https:\/\/iberoid-shop.com\/it\/?s={search_term_string}\"},\"query-input\":{\"@type\":\"PropertyValueSpecification\",\"valueRequired\":true,\"valueName\":\"search_term_string\"}}],\"inLanguage\":\"it-IT\"}]}<\/script>\n<meta property=\"product:brand\" content=\"Ajanta Pharma\" \/>\n<meta property=\"product:price:amount\" content=\"10.00\" \/>\n<meta property=\"product:price:currency\" content=\"EUR\" \/>\n<meta property=\"og:availability\" content=\"out of stock\" \/>\n<meta property=\"product:availability\" content=\"out of stock\" \/>\n<meta property=\"product:condition\" content=\"new\" \/>\n<!-- \/ Yoast SEO Premium plugin. -->","yoast_head_json":{"title":"Apcalis-sx Oral Jelly 20mg \u2013 Gel de Tadalafilo - Steroidi in linea","description":"Apcalis-SX Oral Jelly \u00e8 un gel di tadalafil ad azione rapida per la disfunzione erettile, garantendo effetto duraturo e rapido assorbimento senza acqua.","robots":{"index":"index","follow":"follow","max-snippet":"max-snippet:-1","max-image-preview":"max-image-preview:large","max-video-preview":"max-video-preview:-1"},"canonical":"https:\/\/iberoid-shop.com\/it\/product\/apcalis-sx-oral-jelly-20mg-gel-de-tadalafilo\/","og_locale":"it_IT","og_type":"article","og_title":"Apcalis-sx Oral Jelly 20mg \u2013 Gel de Tadalafilo","og_description":"Apcalis-SX Oral Jelly \u00e8 un gel di tadalafil ad azione rapida per la disfunzione erettile, garantendo effetto duraturo e rapido assorbimento senza acqua.","og_url":"https:\/\/iberoid-shop.com\/it\/product\/apcalis-sx-oral-jelly-20mg-gel-de-tadalafilo\/","og_site_name":"Steroidi in linea","article_modified_time":"2026-01-11T18:08:39+00:00","og_image":[{"width":685,"height":685,"url":"https:\/\/iberoid-shop.com\/wp-content\/uploads\/2025\/05\/apocalis.webp","type":"image\/webp"}],"twitter_card":"summary_large_image","twitter_misc":{"Prezzo":"&euro;10.00","Disponibilit\u00e0":"Esaurito"},"schema":{"@context":"https:\/\/schema.org","@graph":[{"@type":"WebPage","@id":"https:\/\/iberoid-shop.com\/it\/product\/apcalis-sx-oral-jelly-20mg-gel-de-tadalafilo\/","url":"https:\/\/iberoid-shop.com\/it\/product\/apcalis-sx-oral-jelly-20mg-gel-de-tadalafilo\/","name":"Apcalis-sx Oral Jelly 20mg \u2013 Gel de Tadalafilo - Steroidi in linea","isPartOf":{"@id":"https:\/\/iberoid-shop.com\/it\/#website"},"primaryImageOfPage":{"@id":"https:\/\/iberoid-shop.com\/it\/product\/apcalis-sx-oral-jelly-20mg-gel-de-tadalafilo\/#primaryimage"},"image":{"@id":"https:\/\/iberoid-shop.com\/it\/product\/apcalis-sx-oral-jelly-20mg-gel-de-tadalafilo\/#primaryimage"},"thumbnailUrl":"https:\/\/iberoid-shop.com\/wp-content\/uploads\/2025\/05\/apocalis.webp","datePublished":"2025-05-17T07:47:59+00:00","dateModified":"2026-01-11T18:08:39+00:00","description":"Apcalis-SX Oral Jelly \u00e8 un gel di tadalafil ad azione rapida per la disfunzione erettile, garantendo effetto duraturo e rapido assorbimento senza acqua.","breadcrumb":{"@id":"https:\/\/iberoid-shop.com\/it\/product\/apcalis-sx-oral-jelly-20mg-gel-de-tadalafilo\/#breadcrumb"},"inLanguage":"it-IT","potentialAction":[{"@type":"ReadAction","target":[["https:\/\/iberoid-shop.com\/it\/product\/apcalis-sx-oral-jelly-20mg-gel-de-tadalafilo\/"]]}]},{"@type":"ImageObject","inLanguage":"it-IT","@id":"https:\/\/iberoid-shop.com\/it\/product\/apcalis-sx-oral-jelly-20mg-gel-de-tadalafilo\/#primaryimage","url":"https:\/\/iberoid-shop.com\/wp-content\/uploads\/2025\/05\/apocalis.webp","contentUrl":"https:\/\/iberoid-shop.com\/wp-content\/uploads\/2025\/05\/apocalis.webp","width":685,"height":685},{"@type":"BreadcrumbList","@id":"https:\/\/iberoid-shop.com\/it\/product\/apcalis-sx-oral-jelly-20mg-gel-de-tadalafilo\/#breadcrumb","itemListElement":[{"@type":"ListItem","position":1,"name":"Portada","item":"https:\/\/iberoid-shop.com\/it\/"},{"@type":"ListItem","position":2,"name":"Negozio","item":"https:\/\/iberoid-shop.com\/it\/shop\/"},{"@type":"ListItem","position":3,"name":"Apcalis-sx Oral Jelly 20mg \u2013 Gel de Tadalafilo"}]},{"@type":"WebSite","@id":"https:\/\/iberoid-shop.com\/it\/#website","url":"https:\/\/iberoid-shop.com\/it\/","name":"Steroidi in linea","description":"Acquista steroidi online oggi in Spagna e Portogallo. Abbiamo il miglior servizio clienti del settore e prodotti di altissima qualit\u00e0","potentialAction":[{"@type":"SearchAction","target":{"@type":"EntryPoint","urlTemplate":"https:\/\/iberoid-shop.com\/it\/?s={search_term_string}"},"query-input":{"@type":"PropertyValueSpecification","valueRequired":true,"valueName":"search_term_string"}}],"inLanguage":"it-IT"}]},"product_brand":"Ajanta Pharma","product_price_amount":"10.00","product_price_currency":"EUR","og_availability":"out of stock","product_availability":"out of stock","product_condition":"new"},"_links":{"self":[{"href":"https:\/\/iberoid-shop.com\/it\/wp-json\/wp\/v2\/product\/10089","targetHints":{"allow":["GET"]}}],"collection":[{"href":"https:\/\/iberoid-shop.com\/it\/wp-json\/wp\/v2\/product"}],"about":[{"href":"https:\/\/iberoid-shop.com\/it\/wp-json\/wp\/v2\/types\/product"}],"replies":[{"embeddable":true,"href":"https:\/\/iberoid-shop.com\/it\/wp-json\/wp\/v2\/comments?post=10089"}],"wp:featuredmedia":[{"embeddable":true,"href":"https:\/\/iberoid-shop.com\/it\/wp-json\/wp\/v2\/media\/10090"}],"wp:attachment":[{"href":"https:\/\/iberoid-shop.com\/it\/wp-json\/wp\/v2\/media?parent=10089"}],"wp:term":[{"taxonomy":"product_brand","embeddable":true,"href":"https:\/\/iberoid-shop.com\/it\/wp-json\/wp\/v2\/product_brand?post=10089"},{"taxonomy":"product_cat","embeddable":true,"href":"https:\/\/iberoid-shop.com\/it\/wp-json\/wp\/v2\/product_cat?post=10089"},{"taxonomy":"product_tag","embeddable":true,"href":"https:\/\/iberoid-shop.com\/it\/wp-json\/wp\/v2\/product_tag?post=10089"}],"curies":[{"name":"wp","href":"https:\/\/api.w.org\/{rel}","templated":true}]}}