{"id":10047,"date":"2025-04-27T07:57:20","date_gmt":"2025-04-27T07:57:20","guid":{"rendered":"https:\/\/iberoid-shop.com\/?post_type=product&#038;p=10047"},"modified":"2026-03-17T19:33:02","modified_gmt":"2026-03-17T19:33:02","slug":"s-boll-stanozolol","status":"publish","type":"product","link":"https:\/\/iberoid-shop.com\/it\/product\/s-boll-stanozolol\/","title":{"rendered":"S-BOLL &#8211; STANOZOLOL 10mg"},"content":{"rendered":"<p><\/p>\n<p class=\"\" data-start=\"0\" data-end=\"683\"><strong data-start=\"0\" data-end=\"11\">S-BOL10<\/strong> \u00e8 uno degli steroidi anabolizzanti pi\u00f9 popolari e conosciuti al mondo. Fu sviluppato da <strong data-start=\"100\" data-end=\"125\">Winthrop Laboratories<\/strong> alla fine degli anni \u201950 e ha attirato l\u2019attenzione dei media nel corso degli anni. Anche persone che non hanno mai usato steroidi anabolizzanti \u2014 se riescono a citarne uno \u2014 di solito nominano <strong data-start=\"320\" data-end=\"332\">Winstrol<\/strong> o <strong data-start=\"335\" data-end=\"349\">Stanozolol<\/strong>. Il nome <strong data-start=\"359\" data-end=\"371\">Winstrol<\/strong> \u00e8 in realt\u00e0 il marchio commerciale pi\u00f9 noto dello steroide anabolizzante <strong data-start=\"445\" data-end=\"459\">Stanozolol<\/strong>. Ha ottenuto notoriet\u00e0 a livello mondiale a causa dei numerosi scandali sportivi nel corso del tempo. Quando degli atleti sono stati colti a usare steroidi anabolizzanti, il Winstrol \u00e8 stato protagonista innumerevoli volte.<\/p>\n<hr class=\"\" data-start=\"685\" data-end=\"688\" \/>\n<h3 class=\"\" data-start=\"690\" data-end=\"726\"><strong data-start=\"694\" data-end=\"726\">Scopo e propriet\u00e0 di S-BOL10<\/strong><\/h3>\n<p class=\"\" data-start=\"728\" data-end=\"969\"><strong data-start=\"728\" data-end=\"739\">S-BOL10<\/strong> (<em data-start=\"741\" data-end=\"753\">Stanozolol<\/em>) \u00e8 uno steroide anabolizzante androgeno, derivato dalla <strong data-start=\"810\" data-end=\"838\">diidrotestosterone (DHT)<\/strong>, o pi\u00f9 precisamente da una sua forma modificata strutturalmente. Lo stanozololo \u00e8 un DHT con due modifiche strutturali principali:<\/p>\n<ol data-start=\"971\" data-end=\"1440\">\n<li class=\"\" data-start=\"971\" data-end=\"1166\">\n<p class=\"\" data-start=\"974\" data-end=\"1166\">La prima \u00e8 l\u2019aggiunta di un <strong data-start=\"1002\" data-end=\"1021\">gruppo pirazolo<\/strong> all\u2019anello A in sostituzione del gruppo 3-chetone. Questa modifica classifica ufficialmente lo stanozololo come uno <strong data-start=\"1138\" data-end=\"1163\">steroide eterociclico<\/strong>.<\/p>\n<\/li>\n<li class=\"\" data-start=\"1167\" data-end=\"1440\">\n<p class=\"\" data-start=\"1170\" data-end=\"1440\">La seconda \u00e8 l\u2019aggiunta di un <strong data-start=\"1200\" data-end=\"1217\">gruppo metile<\/strong> per preservare l\u2019ormone dopo la somministrazione orale. Questa modifica avviene nella <strong data-start=\"1304\" data-end=\"1333\">posizione 17 del carbonio<\/strong>, classificando ufficialmente lo stanozololo come uno steroide anabolizzante <strong data-start=\"1410\" data-end=\"1439\">alchilato in C17 (C17-AA)<\/strong>.<\/p>\n<\/li>\n<\/ol>\n<p class=\"\" data-start=\"1442\" data-end=\"1877\">Questa combinazione di modifiche strutturali riduce notevolmente l\u2019<strong data-start=\"1509\" data-end=\"1531\">attivit\u00e0 androgena<\/strong> di S-BOL10 (<em data-start=\"1544\" data-end=\"1556\">stanozolol<\/em>) e ne aumenta in modo significativo il <strong data-start=\"1596\" data-end=\"1624\">potenziale anabolizzante<\/strong>. Ufficialmente, il <strong data-start=\"1644\" data-end=\"1664\">valore anabolico<\/strong> di S-BOL10 \u00e8 <strong data-start=\"1678\" data-end=\"1685\">320<\/strong>, mentre il <strong data-start=\"1697\" data-end=\"1717\">valore androgeno<\/strong> \u00e8 <strong data-start=\"1720\" data-end=\"1726\">20<\/strong>. La cosa pi\u00f9 importante \u00e8 che questi numeri rispecchiano esattamente la sua reale azione, rendendolo uno steroide anabolizzante estremamente efficace.<\/p>\n<p class=\"\" data-start=\"1879\" data-end=\"2484\">S-BOL10 (<em data-start=\"1888\" data-end=\"1900\">stanozolol<\/em>) ha numerose propriet\u00e0 positive come steroide anabolizzante, tra cui la capacit\u00e0 di <strong data-start=\"1985\" data-end=\"2073\">ridurre significativamente i livelli di globulina legante gli ormoni sessuali (SHBG)<\/strong>. Questo permette a una maggiore quantit\u00e0 dello steroide assunto di rimanere <strong data-start=\"2150\" data-end=\"2164\">non legato<\/strong>, aumentando cos\u00ec i livelli di <strong data-start=\"2195\" data-end=\"2218\">testosterone libero<\/strong>. Anche se molti steroidi riducono la SHBG, S-BOL10 sembra avere un\u2019affinit\u00e0 molto pi\u00f9 elevata per essa rispetto alla maggior parte degli altri. Studi hanno dimostrato una <strong data-start=\"2390\" data-end=\"2430\">riduzione di circa il 50% della SHBG<\/strong> in pochi giorni, anche a dosaggi relativamente bassi.<\/p>\n<p><\/p>","protected":false},"excerpt":{"rendered":"<p>S-BOL10 \u00e8 uno degli steroidi anabolizzanti pi\u00f9 popolari e conosciuti al mondo. Fu sviluppato da Winthrop Laboratories alla fine degli<\/p>\n","protected":false},"featured_media":10048,"comment_status":"open","ping_status":"closed","template":"","meta":[],"product_brand":[],"product_cat":[73],"product_tag":[],"class_list":{"0":"post-10047","1":"product","2":"type-product","3":"status-publish","4":"has-post-thumbnail","6":"product_cat-ssteroides_orales","8":"first","9":"instock","10":"sale","11":"shipping-taxable","12":"purchasable","13":"product-type-simple"},"yoast_head":"<!-- This site is optimized with the Yoast SEO Premium plugin v24.4 (Yoast SEO v27.3) - https:\/\/yoast.com\/product\/yoast-seo-premium-wordpress\/ -->\n<title>S-BOLL - STANOZOLOL 10mg - Steroidi in linea<\/title>\n<meta name=\"description\" content=\"S-BOL10 (Stanozolol) \u00e8 un popolare steroide anabolizzante che aumenta la crescita muscolare, riduce la SHBG e aumenta i livelli di testosterone libero.\" \/>\n<meta name=\"robots\" content=\"index, follow, max-snippet:-1, max-image-preview:large, max-video-preview:-1\" \/>\n<link rel=\"canonical\" href=\"https:\/\/iberoid-shop.com\/it\/product\/s-boll-stanozolol\/\" \/>\n<meta property=\"og:locale\" content=\"it_IT\" \/>\n<meta property=\"og:type\" content=\"article\" \/>\n<meta property=\"og:title\" content=\"S-BOLL - STANOZOLOL 10mg\" \/>\n<meta property=\"og:description\" content=\"S-BOL10 (Stanozolol) \u00e8 un popolare steroide anabolizzante che aumenta la crescita muscolare, riduce la SHBG e aumenta i livelli di testosterone libero.\" \/>\n<meta property=\"og:url\" content=\"https:\/\/iberoid-shop.com\/it\/product\/s-boll-stanozolol\/\" \/>\n<meta property=\"og:site_name\" content=\"Steroidi in linea\" \/>\n<meta property=\"article:modified_time\" content=\"2026-03-17T19:33:02+00:00\" \/>\n<meta property=\"og:image\" content=\"https:\/\/iberoid-shop.com\/wp-content\/uploads\/2025\/04\/1sbol-scaled.jpeg?v=1745740582\" \/>\n\t<meta property=\"og:image:width\" content=\"1883\" \/>\n\t<meta property=\"og:image:height\" content=\"2560\" \/>\n\t<meta property=\"og:image:type\" content=\"image\/jpeg\" \/>\n<meta name=\"twitter:card\" content=\"summary_large_image\" \/>\n<meta name=\"twitter:label1\" content=\"Prezzo\" \/>\n\t<meta name=\"twitter:data1\" content=\"&euro;15.00\" \/>\n\t<meta name=\"twitter:label2\" content=\"Disponibilit\u00e0\" \/>\n\t<meta name=\"twitter:data2\" content=\"In stock\" \/>\n<script type=\"application\/ld+json\" class=\"yoast-schema-graph\">{\"@context\":\"https:\\\/\\\/schema.org\",\"@graph\":[{\"@type\":\"WebPage\",\"@id\":\"https:\\\/\\\/iberoid-shop.com\\\/it\\\/product\\\/s-boll-stanozolol\\\/\",\"url\":\"https:\\\/\\\/iberoid-shop.com\\\/it\\\/product\\\/s-boll-stanozolol\\\/\",\"name\":\"S-BOLL - STANOZOLOL 10mg - Steroidi in linea\",\"isPartOf\":{\"@id\":\"https:\\\/\\\/iberoid-shop.com\\\/it\\\/#website\"},\"primaryImageOfPage\":{\"@id\":\"https:\\\/\\\/iberoid-shop.com\\\/it\\\/product\\\/s-boll-stanozolol\\\/#primaryimage\"},\"image\":{\"@id\":\"https:\\\/\\\/iberoid-shop.com\\\/it\\\/product\\\/s-boll-stanozolol\\\/#primaryimage\"},\"thumbnailUrl\":\"https:\\\/\\\/iberoid-shop.com\\\/wp-content\\\/uploads\\\/2025\\\/04\\\/1sbol-scaled.jpeg?v=1745740582\",\"datePublished\":\"2025-04-27T07:57:20+00:00\",\"dateModified\":\"2026-03-17T19:33:02+00:00\",\"description\":\"S-BOL10 (Stanozolol) \u00e8 un popolare steroide anabolizzante che aumenta la crescita muscolare, riduce la SHBG e aumenta i livelli di testosterone libero.\",\"breadcrumb\":{\"@id\":\"https:\\\/\\\/iberoid-shop.com\\\/it\\\/product\\\/s-boll-stanozolol\\\/#breadcrumb\"},\"inLanguage\":\"it-IT\",\"potentialAction\":[{\"@type\":\"ReadAction\",\"target\":[[\"https:\\\/\\\/iberoid-shop.com\\\/it\\\/product\\\/s-boll-stanozolol\\\/\"]]}]},{\"@type\":\"ImageObject\",\"inLanguage\":\"it-IT\",\"@id\":\"https:\\\/\\\/iberoid-shop.com\\\/it\\\/product\\\/s-boll-stanozolol\\\/#primaryimage\",\"url\":\"https:\\\/\\\/iberoid-shop.com\\\/wp-content\\\/uploads\\\/2025\\\/04\\\/1sbol-scaled.jpeg?v=1745740582\",\"contentUrl\":\"https:\\\/\\\/iberoid-shop.com\\\/wp-content\\\/uploads\\\/2025\\\/04\\\/1sbol-scaled.jpeg?v=1745740582\",\"width\":1883,\"height\":2560},{\"@type\":\"BreadcrumbList\",\"@id\":\"https:\\\/\\\/iberoid-shop.com\\\/it\\\/product\\\/s-boll-stanozolol\\\/#breadcrumb\",\"itemListElement\":[{\"@type\":\"ListItem\",\"position\":1,\"name\":\"Portada\",\"item\":\"https:\\\/\\\/iberoid-shop.com\\\/it\\\/\"},{\"@type\":\"ListItem\",\"position\":2,\"name\":\"Negozio\",\"item\":\"https:\\\/\\\/iberoid-shop.com\\\/it\\\/shop\\\/\"},{\"@type\":\"ListItem\",\"position\":3,\"name\":\"S-BOLL &#8211; STANOZOLOL 10mg\"}]},{\"@type\":\"WebSite\",\"@id\":\"https:\\\/\\\/iberoid-shop.com\\\/it\\\/#website\",\"url\":\"https:\\\/\\\/iberoid-shop.com\\\/it\\\/\",\"name\":\"Steroidi in linea\",\"description\":\"Acquista steroidi online oggi in Spagna e Portogallo. Abbiamo il miglior servizio clienti del settore e prodotti di altissima qualit\u00e0\",\"potentialAction\":[{\"@type\":\"SearchAction\",\"target\":{\"@type\":\"EntryPoint\",\"urlTemplate\":\"https:\\\/\\\/iberoid-shop.com\\\/it\\\/?s={search_term_string}\"},\"query-input\":{\"@type\":\"PropertyValueSpecification\",\"valueRequired\":true,\"valueName\":\"search_term_string\"}}],\"inLanguage\":\"it-IT\"}]}<\/script>\n<meta property=\"product:brand\" content=\"Mp-Pharm\" \/>\n<meta property=\"product:price:amount\" content=\"15.00\" \/>\n<meta property=\"product:price:currency\" content=\"EUR\" \/>\n<meta property=\"og:availability\" content=\"instock\" \/>\n<meta property=\"product:availability\" content=\"instock\" \/>\n<meta property=\"product:condition\" content=\"new\" \/>\n<!-- \/ Yoast SEO Premium plugin. -->","yoast_head_json":{"title":"S-BOLL - STANOZOLOL 10mg - Steroidi in linea","description":"S-BOL10 (Stanozolol) \u00e8 un popolare steroide anabolizzante che aumenta la crescita muscolare, riduce la SHBG e aumenta i livelli di testosterone libero.","robots":{"index":"index","follow":"follow","max-snippet":"max-snippet:-1","max-image-preview":"max-image-preview:large","max-video-preview":"max-video-preview:-1"},"canonical":"https:\/\/iberoid-shop.com\/it\/product\/s-boll-stanozolol\/","og_locale":"it_IT","og_type":"article","og_title":"S-BOLL - STANOZOLOL 10mg","og_description":"S-BOL10 (Stanozolol) \u00e8 un popolare steroide anabolizzante che aumenta la crescita muscolare, riduce la SHBG e aumenta i livelli di testosterone libero.","og_url":"https:\/\/iberoid-shop.com\/it\/product\/s-boll-stanozolol\/","og_site_name":"Steroidi in linea","article_modified_time":"2026-03-17T19:33:02+00:00","og_image":[{"width":1883,"height":2560,"url":"https:\/\/iberoid-shop.com\/wp-content\/uploads\/2025\/04\/1sbol-scaled.jpeg?v=1745740582","type":"image\/jpeg"}],"twitter_card":"summary_large_image","twitter_misc":{"Prezzo":"&euro;15.00","Disponibilit\u00e0":"In stock"},"schema":{"@context":"https:\/\/schema.org","@graph":[{"@type":"WebPage","@id":"https:\/\/iberoid-shop.com\/it\/product\/s-boll-stanozolol\/","url":"https:\/\/iberoid-shop.com\/it\/product\/s-boll-stanozolol\/","name":"S-BOLL - STANOZOLOL 10mg - Steroidi in linea","isPartOf":{"@id":"https:\/\/iberoid-shop.com\/it\/#website"},"primaryImageOfPage":{"@id":"https:\/\/iberoid-shop.com\/it\/product\/s-boll-stanozolol\/#primaryimage"},"image":{"@id":"https:\/\/iberoid-shop.com\/it\/product\/s-boll-stanozolol\/#primaryimage"},"thumbnailUrl":"https:\/\/iberoid-shop.com\/wp-content\/uploads\/2025\/04\/1sbol-scaled.jpeg?v=1745740582","datePublished":"2025-04-27T07:57:20+00:00","dateModified":"2026-03-17T19:33:02+00:00","description":"S-BOL10 (Stanozolol) \u00e8 un popolare steroide anabolizzante che aumenta la crescita muscolare, riduce la SHBG e aumenta i livelli di testosterone libero.","breadcrumb":{"@id":"https:\/\/iberoid-shop.com\/it\/product\/s-boll-stanozolol\/#breadcrumb"},"inLanguage":"it-IT","potentialAction":[{"@type":"ReadAction","target":[["https:\/\/iberoid-shop.com\/it\/product\/s-boll-stanozolol\/"]]}]},{"@type":"ImageObject","inLanguage":"it-IT","@id":"https:\/\/iberoid-shop.com\/it\/product\/s-boll-stanozolol\/#primaryimage","url":"https:\/\/iberoid-shop.com\/wp-content\/uploads\/2025\/04\/1sbol-scaled.jpeg?v=1745740582","contentUrl":"https:\/\/iberoid-shop.com\/wp-content\/uploads\/2025\/04\/1sbol-scaled.jpeg?v=1745740582","width":1883,"height":2560},{"@type":"BreadcrumbList","@id":"https:\/\/iberoid-shop.com\/it\/product\/s-boll-stanozolol\/#breadcrumb","itemListElement":[{"@type":"ListItem","position":1,"name":"Portada","item":"https:\/\/iberoid-shop.com\/it\/"},{"@type":"ListItem","position":2,"name":"Negozio","item":"https:\/\/iberoid-shop.com\/it\/shop\/"},{"@type":"ListItem","position":3,"name":"S-BOLL &#8211; STANOZOLOL 10mg"}]},{"@type":"WebSite","@id":"https:\/\/iberoid-shop.com\/it\/#website","url":"https:\/\/iberoid-shop.com\/it\/","name":"Steroidi in linea","description":"Acquista steroidi online oggi in Spagna e Portogallo. Abbiamo il miglior servizio clienti del settore e prodotti di altissima qualit\u00e0","potentialAction":[{"@type":"SearchAction","target":{"@type":"EntryPoint","urlTemplate":"https:\/\/iberoid-shop.com\/it\/?s={search_term_string}"},"query-input":{"@type":"PropertyValueSpecification","valueRequired":true,"valueName":"search_term_string"}}],"inLanguage":"it-IT"}]},"product_brand":"Mp-Pharm","product_price_amount":"15.00","product_price_currency":"EUR","og_availability":"instock","product_availability":"instock","product_condition":"new"},"_links":{"self":[{"href":"https:\/\/iberoid-shop.com\/it\/wp-json\/wp\/v2\/product\/10047","targetHints":{"allow":["GET"]}}],"collection":[{"href":"https:\/\/iberoid-shop.com\/it\/wp-json\/wp\/v2\/product"}],"about":[{"href":"https:\/\/iberoid-shop.com\/it\/wp-json\/wp\/v2\/types\/product"}],"replies":[{"embeddable":true,"href":"https:\/\/iberoid-shop.com\/it\/wp-json\/wp\/v2\/comments?post=10047"}],"wp:featuredmedia":[{"embeddable":true,"href":"https:\/\/iberoid-shop.com\/it\/wp-json\/wp\/v2\/media\/10048"}],"wp:attachment":[{"href":"https:\/\/iberoid-shop.com\/it\/wp-json\/wp\/v2\/media?parent=10047"}],"wp:term":[{"taxonomy":"product_brand","embeddable":true,"href":"https:\/\/iberoid-shop.com\/it\/wp-json\/wp\/v2\/product_brand?post=10047"},{"taxonomy":"product_cat","embeddable":true,"href":"https:\/\/iberoid-shop.com\/it\/wp-json\/wp\/v2\/product_cat?post=10047"},{"taxonomy":"product_tag","embeddable":true,"href":"https:\/\/iberoid-shop.com\/it\/wp-json\/wp\/v2\/product_tag?post=10047"}],"curies":[{"name":"wp","href":"https:\/\/api.w.org\/{rel}","templated":true}]}}