{"id":10040,"date":"2025-04-26T08:08:51","date_gmt":"2025-04-26T08:08:51","guid":{"rendered":"https:\/\/iberoid-shop.com\/?post_type=product&#038;p=10040"},"modified":"2026-03-01T15:10:47","modified_gmt":"2026-03-01T15:10:47","slug":"anavar-anvarged-epf-premium","status":"publish","type":"product","link":"https:\/\/iberoid-shop.com\/it\/product\/anavar-anvarged-epf-premium\/","title":{"rendered":"ANVARGED &#8211; ANAVAR (Oxandrolone)"},"content":{"rendered":"<p><\/p>\n<p class=\"\" data-start=\"0\" data-end=\"29\"><strong data-start=\"0\" data-end=\"29\">Contenuto della Bottiglia<\/strong><\/p>\n<p class=\"\" data-start=\"31\" data-end=\"67\">100 compresse da 10mg di Oxandrolone<\/p>\n<p class=\"\" data-start=\"69\" data-end=\"152\"><strong data-start=\"69\" data-end=\"152\">Muscoli Altamente Definiti con Resistenza e Forza Straordinarie con Oxandrolone<\/strong><\/p>\n<p class=\"\" data-start=\"154\" data-end=\"832\">ANVARGED \u00e8 un&#8217;oxandrolone, uno steroide anabolizzante sintetico che imita l&#8217;ormone maschile principale, la testosterona, stimolando una sintesi massiccia di proteine, fondamentale per la crescita muscolare. Quando l&#8217;oxandrolone si lega al recettore androgenico nelle cellule muscolari, attiva vie che portano a una maggiore sintesi proteica, riduzione della degradazione delle proteine e maggiore ritenzione di azoto, con conseguente maggiore crescita muscolare magra. L&#8217;oxandrolone non si converte in estrogeni, il che rende ANVAR uno degli steroidi anabolizzanti pi\u00f9 sicuri, aiutando ad evitare la ritenzione idrica e l&#8217;aumento di grasso, promuovendo muscoli magri e definiti.<\/p>\n<p class=\"\" data-start=\"834\" data-end=\"861\"><strong data-start=\"834\" data-end=\"861\">Come Funziona ANVARGED:<\/strong><\/p>\n<p class=\"\" data-start=\"863\" data-end=\"1327\"><strong data-start=\"863\" data-end=\"919\">Alta Attivit\u00e0 Anabolica e Bassi Effetti Androgenici:<\/strong> L&#8217;oxandrolone ha una forte attivit\u00e0 anabolica, il che significa che promuove efficacemente la sintesi proteica. Questo porta ad un aumento della massa muscolare e della forza. Ha effetti androgenici pi\u00f9 bassi rispetto ad altri steroidi anabolizzanti, il che significa che ci sono meno effetti collaterali legati alle caratteristiche maschili (come il rassodamento della voce o l&#8217;aumento dei peli sul corpo).<\/p>\n<p class=\"\" data-start=\"1329\" data-end=\"1493\"><strong data-start=\"1329\" data-end=\"1383\">Ritenzione di Azoto per Muscoli Pi\u00f9 Forti e Pieni:<\/strong> Aiuta a trattenere l&#8217;azoto nei tessuti muscolari, che \u00e8 fondamentale per la crescita e il recupero muscolare.<\/p>\n<p class=\"\" data-start=\"1495\" data-end=\"1925\"><strong data-start=\"1495\" data-end=\"1544\">Riduzione del Grasso e Definizione Muscolare:<\/strong> L&#8217;oxandrolone aiuta a ridurre il grasso corporeo stimolando la degradazione dei grassi (lipolisi) aumentando il tasso metabolico basale, contribuendo ulteriormente a una composizione corporea pi\u00f9 magra e pronta per il palco. L&#8217;oxandrolone non si aromatizza (non si converte in estrogeni), il che significa che non ci sono preoccupazioni per la ritenzione idrica o la ginecomastia.<\/p>\n<p class=\"\" data-start=\"1927\" data-end=\"1974\"><strong data-start=\"1927\" data-end=\"1974\">Perch\u00e9 ANVARGED \u00e8 Meglio di Altri Steroidi:<\/strong><\/p>\n<p class=\"\" data-start=\"1976\" data-end=\"2256\"><strong data-start=\"1976\" data-end=\"2006\">Effetti Collaterali Lieve:<\/strong> L&#8217;oxandrolone \u00e8 conosciuta per avere effetti collaterali pi\u00f9 lievi rispetto ad altri steroidi anabolizzanti pi\u00f9 potenti. Questo la rende una scelta preferita per i principianti o per coloro che sono sensibili agli effetti collaterali degli steroidi.<\/p>\n<p class=\"\" data-start=\"2258\" data-end=\"2450\"><strong data-start=\"2258\" data-end=\"2287\">Minore Tossicit\u00e0 Ep\u00e1tica:<\/strong> \u00c8 meno epatotossica rispetto a molti altri steroidi orali. Tuttavia, \u00e8 importante notare che tutti gli steroidi orali hanno un certo livello di tossicit\u00e0 epatica.<\/p>\n<p class=\"\" data-start=\"2452\" data-end=\"2596\"><strong data-start=\"2452\" data-end=\"2474\">Adatta alle Donne:<\/strong> \u00c8 uno dei pochi steroidi considerati sicuri per l&#8217;uso da parte delle donne, grazie ai suoi effetti androgenici pi\u00f9 bassi.<\/p>\n<p><\/p>","protected":false},"excerpt":{"rendered":"<p>Contenuto della Bottiglia 100 compresse da 10mg di Oxandrolone Muscoli Altamente Definiti con Resistenza e Forza Straordinarie con Oxandrolone ANVARGED<\/p>\n","protected":false},"featured_media":10041,"comment_status":"open","ping_status":"closed","template":"","meta":[],"product_brand":[3528],"product_cat":[73,3533],"product_tag":[],"class_list":{"0":"post-10040","1":"product","2":"type-product","3":"status-publish","4":"has-post-thumbnail","6":"product_brand-epf-premium","7":"product_cat-ssteroides_orales","8":"product_cat-sales-rebajas","10":"first","11":"instock","12":"sale","13":"shipping-taxable","14":"purchasable","15":"product-type-simple"},"yoast_head":"<!-- This site is optimized with the Yoast SEO Premium plugin v24.4 (Yoast SEO v27.0) - https:\/\/yoast.com\/product\/yoast-seo-premium-wordpress\/ -->\n<title>ANVARGED - ANAVAR (Oxandrolone) - Steroidi in linea<\/title>\n<meta name=\"description\" content=\"ANVARGED (Oxandrolone) promuove la crescita muscolare magra, aumenta la forza e riduce il grasso con effetti collaterali minimi, sicuro per uomini e donne.\" \/>\n<meta name=\"robots\" content=\"index, follow, max-snippet:-1, max-image-preview:large, max-video-preview:-1\" \/>\n<link rel=\"canonical\" href=\"https:\/\/iberoid-shop.com\/it\/product\/anavar-anvarged-epf-premium\/\" \/>\n<meta property=\"og:locale\" content=\"it_IT\" \/>\n<meta property=\"og:type\" content=\"article\" \/>\n<meta property=\"og:title\" content=\"ANVARGED - ANAVAR (Oxandrolone)\" \/>\n<meta property=\"og:description\" content=\"ANVARGED (Oxandrolone) promuove la crescita muscolare magra, aumenta la forza e riduce il grasso con effetti collaterali minimi, sicuro per uomini e donne.\" \/>\n<meta property=\"og:url\" content=\"https:\/\/iberoid-shop.com\/it\/product\/anavar-anvarged-epf-premium\/\" \/>\n<meta property=\"og:site_name\" content=\"Steroidi in linea\" \/>\n<meta property=\"article:modified_time\" content=\"2026-03-01T15:10:47+00:00\" \/>\n<meta property=\"og:image\" content=\"https:\/\/iberoid-shop.com\/wp-content\/uploads\/2025\/04\/anavar-scaled.jpeg?v=1745654874\" \/>\n\t<meta property=\"og:image:width\" content=\"2560\" \/>\n\t<meta property=\"og:image:height\" content=\"927\" \/>\n\t<meta property=\"og:image:type\" content=\"image\/jpeg\" \/>\n<meta name=\"twitter:card\" content=\"summary_large_image\" \/>\n<meta name=\"twitter:label1\" content=\"Prezzo\" \/>\n\t<meta name=\"twitter:data1\" content=\"&euro;50.00\" \/>\n\t<meta name=\"twitter:label2\" content=\"Disponibilit\u00e0\" \/>\n\t<meta name=\"twitter:data2\" content=\"In stock\" \/>\n<script type=\"application\/ld+json\" class=\"yoast-schema-graph\">{\"@context\":\"https:\/\/schema.org\",\"@graph\":[{\"@type\":\"WebPage\",\"@id\":\"https:\/\/iberoid-shop.com\/it\/product\/anavar-anvarged-epf-premium\/\",\"url\":\"https:\/\/iberoid-shop.com\/it\/product\/anavar-anvarged-epf-premium\/\",\"name\":\"ANVARGED - ANAVAR (Oxandrolone) - Steroidi in linea\",\"isPartOf\":{\"@id\":\"https:\/\/iberoid-shop.com\/it\/#website\"},\"primaryImageOfPage\":{\"@id\":\"https:\/\/iberoid-shop.com\/it\/product\/anavar-anvarged-epf-premium\/#primaryimage\"},\"image\":{\"@id\":\"https:\/\/iberoid-shop.com\/it\/product\/anavar-anvarged-epf-premium\/#primaryimage\"},\"thumbnailUrl\":\"https:\/\/iberoid-shop.com\/wp-content\/uploads\/2025\/04\/anavar-scaled.jpeg?v=1745654874\",\"datePublished\":\"2025-04-26T08:08:51+00:00\",\"dateModified\":\"2026-03-01T15:10:47+00:00\",\"description\":\"ANVARGED (Oxandrolone) promuove la crescita muscolare magra, aumenta la forza e riduce il grasso con effetti collaterali minimi, sicuro per uomini e donne.\",\"breadcrumb\":{\"@id\":\"https:\/\/iberoid-shop.com\/it\/product\/anavar-anvarged-epf-premium\/#breadcrumb\"},\"inLanguage\":\"it-IT\",\"potentialAction\":[{\"@type\":\"ReadAction\",\"target\":[[\"https:\/\/iberoid-shop.com\/it\/product\/anavar-anvarged-epf-premium\/\"]]}]},{\"@type\":\"ImageObject\",\"inLanguage\":\"it-IT\",\"@id\":\"https:\/\/iberoid-shop.com\/it\/product\/anavar-anvarged-epf-premium\/#primaryimage\",\"url\":\"https:\/\/iberoid-shop.com\/wp-content\/uploads\/2025\/04\/anavar-scaled.jpeg?v=1745654874\",\"contentUrl\":\"https:\/\/iberoid-shop.com\/wp-content\/uploads\/2025\/04\/anavar-scaled.jpeg?v=1745654874\",\"width\":2560,\"height\":927},{\"@type\":\"BreadcrumbList\",\"@id\":\"https:\/\/iberoid-shop.com\/it\/product\/anavar-anvarged-epf-premium\/#breadcrumb\",\"itemListElement\":[{\"@type\":\"ListItem\",\"position\":1,\"name\":\"Portada\",\"item\":\"https:\/\/iberoid-shop.com\/it\/\"},{\"@type\":\"ListItem\",\"position\":2,\"name\":\"Negozio\",\"item\":\"https:\/\/iberoid-shop.com\/it\/shop\/\"},{\"@type\":\"ListItem\",\"position\":3,\"name\":\"ANVARGED &#8211; ANAVAR (Oxandrolone)\"}]},{\"@type\":\"WebSite\",\"@id\":\"https:\/\/iberoid-shop.com\/it\/#website\",\"url\":\"https:\/\/iberoid-shop.com\/it\/\",\"name\":\"Steroidi in linea\",\"description\":\"Acquista steroidi online oggi in Spagna e Portogallo. Abbiamo il miglior servizio clienti del settore e prodotti di altissima qualit\u00e0\",\"potentialAction\":[{\"@type\":\"SearchAction\",\"target\":{\"@type\":\"EntryPoint\",\"urlTemplate\":\"https:\/\/iberoid-shop.com\/it\/?s={search_term_string}\"},\"query-input\":{\"@type\":\"PropertyValueSpecification\",\"valueRequired\":true,\"valueName\":\"search_term_string\"}}],\"inLanguage\":\"it-IT\"}]}<\/script>\n<meta property=\"product:brand\" content=\"Euro Prime Pharmaceuticals (EPF)\" \/>\n<meta property=\"product:price:amount\" content=\"50.00\" \/>\n<meta property=\"product:price:currency\" content=\"EUR\" \/>\n<meta property=\"og:availability\" content=\"instock\" \/>\n<meta property=\"product:availability\" content=\"instock\" \/>\n<meta property=\"product:condition\" content=\"new\" \/>\n<!-- \/ Yoast SEO Premium plugin. -->","yoast_head_json":{"title":"ANVARGED - ANAVAR (Oxandrolone) - Steroidi in linea","description":"ANVARGED (Oxandrolone) promuove la crescita muscolare magra, aumenta la forza e riduce il grasso con effetti collaterali minimi, sicuro per uomini e donne.","robots":{"index":"index","follow":"follow","max-snippet":"max-snippet:-1","max-image-preview":"max-image-preview:large","max-video-preview":"max-video-preview:-1"},"canonical":"https:\/\/iberoid-shop.com\/it\/product\/anavar-anvarged-epf-premium\/","og_locale":"it_IT","og_type":"article","og_title":"ANVARGED - ANAVAR (Oxandrolone)","og_description":"ANVARGED (Oxandrolone) promuove la crescita muscolare magra, aumenta la forza e riduce il grasso con effetti collaterali minimi, sicuro per uomini e donne.","og_url":"https:\/\/iberoid-shop.com\/it\/product\/anavar-anvarged-epf-premium\/","og_site_name":"Steroidi in linea","article_modified_time":"2026-03-01T15:10:47+00:00","og_image":[{"width":2560,"height":927,"url":"https:\/\/iberoid-shop.com\/wp-content\/uploads\/2025\/04\/anavar-scaled.jpeg?v=1745654874","type":"image\/jpeg"}],"twitter_card":"summary_large_image","twitter_misc":{"Prezzo":"&euro;50.00","Disponibilit\u00e0":"In stock"},"schema":{"@context":"https:\/\/schema.org","@graph":[{"@type":"WebPage","@id":"https:\/\/iberoid-shop.com\/it\/product\/anavar-anvarged-epf-premium\/","url":"https:\/\/iberoid-shop.com\/it\/product\/anavar-anvarged-epf-premium\/","name":"ANVARGED - ANAVAR (Oxandrolone) - Steroidi in linea","isPartOf":{"@id":"https:\/\/iberoid-shop.com\/it\/#website"},"primaryImageOfPage":{"@id":"https:\/\/iberoid-shop.com\/it\/product\/anavar-anvarged-epf-premium\/#primaryimage"},"image":{"@id":"https:\/\/iberoid-shop.com\/it\/product\/anavar-anvarged-epf-premium\/#primaryimage"},"thumbnailUrl":"https:\/\/iberoid-shop.com\/wp-content\/uploads\/2025\/04\/anavar-scaled.jpeg?v=1745654874","datePublished":"2025-04-26T08:08:51+00:00","dateModified":"2026-03-01T15:10:47+00:00","description":"ANVARGED (Oxandrolone) promuove la crescita muscolare magra, aumenta la forza e riduce il grasso con effetti collaterali minimi, sicuro per uomini e donne.","breadcrumb":{"@id":"https:\/\/iberoid-shop.com\/it\/product\/anavar-anvarged-epf-premium\/#breadcrumb"},"inLanguage":"it-IT","potentialAction":[{"@type":"ReadAction","target":[["https:\/\/iberoid-shop.com\/it\/product\/anavar-anvarged-epf-premium\/"]]}]},{"@type":"ImageObject","inLanguage":"it-IT","@id":"https:\/\/iberoid-shop.com\/it\/product\/anavar-anvarged-epf-premium\/#primaryimage","url":"https:\/\/iberoid-shop.com\/wp-content\/uploads\/2025\/04\/anavar-scaled.jpeg?v=1745654874","contentUrl":"https:\/\/iberoid-shop.com\/wp-content\/uploads\/2025\/04\/anavar-scaled.jpeg?v=1745654874","width":2560,"height":927},{"@type":"BreadcrumbList","@id":"https:\/\/iberoid-shop.com\/it\/product\/anavar-anvarged-epf-premium\/#breadcrumb","itemListElement":[{"@type":"ListItem","position":1,"name":"Portada","item":"https:\/\/iberoid-shop.com\/it\/"},{"@type":"ListItem","position":2,"name":"Negozio","item":"https:\/\/iberoid-shop.com\/it\/shop\/"},{"@type":"ListItem","position":3,"name":"ANVARGED &#8211; ANAVAR (Oxandrolone)"}]},{"@type":"WebSite","@id":"https:\/\/iberoid-shop.com\/it\/#website","url":"https:\/\/iberoid-shop.com\/it\/","name":"Steroidi in linea","description":"Acquista steroidi online oggi in Spagna e Portogallo. Abbiamo il miglior servizio clienti del settore e prodotti di altissima qualit\u00e0","potentialAction":[{"@type":"SearchAction","target":{"@type":"EntryPoint","urlTemplate":"https:\/\/iberoid-shop.com\/it\/?s={search_term_string}"},"query-input":{"@type":"PropertyValueSpecification","valueRequired":true,"valueName":"search_term_string"}}],"inLanguage":"it-IT"}]},"product_brand":"Euro Prime Pharmaceuticals (EPF)","product_price_amount":"50.00","product_price_currency":"EUR","og_availability":"instock","product_availability":"instock","product_condition":"new"},"_links":{"self":[{"href":"https:\/\/iberoid-shop.com\/it\/wp-json\/wp\/v2\/product\/10040","targetHints":{"allow":["GET"]}}],"collection":[{"href":"https:\/\/iberoid-shop.com\/it\/wp-json\/wp\/v2\/product"}],"about":[{"href":"https:\/\/iberoid-shop.com\/it\/wp-json\/wp\/v2\/types\/product"}],"replies":[{"embeddable":true,"href":"https:\/\/iberoid-shop.com\/it\/wp-json\/wp\/v2\/comments?post=10040"}],"wp:featuredmedia":[{"embeddable":true,"href":"https:\/\/iberoid-shop.com\/it\/wp-json\/wp\/v2\/media\/10041"}],"wp:attachment":[{"href":"https:\/\/iberoid-shop.com\/it\/wp-json\/wp\/v2\/media?parent=10040"}],"wp:term":[{"taxonomy":"product_brand","embeddable":true,"href":"https:\/\/iberoid-shop.com\/it\/wp-json\/wp\/v2\/product_brand?post=10040"},{"taxonomy":"product_cat","embeddable":true,"href":"https:\/\/iberoid-shop.com\/it\/wp-json\/wp\/v2\/product_cat?post=10040"},{"taxonomy":"product_tag","embeddable":true,"href":"https:\/\/iberoid-shop.com\/it\/wp-json\/wp\/v2\/product_tag?post=10040"}],"curies":[{"name":"wp","href":"https:\/\/api.w.org\/{rel}","templated":true}]}}