{"id":10037,"date":"2025-04-26T07:12:16","date_gmt":"2025-04-26T07:12:16","guid":{"rendered":"https:\/\/iberoid-shop.com\/?post_type=product&#038;p=10037"},"modified":"2026-03-29T15:56:07","modified_gmt":"2026-03-29T15:56:07","slug":"pack10proviron","status":"publish","type":"product","link":"https:\/\/iberoid-shop.com\/it\/product\/pack10proviron\/","title":{"rendered":"10 PACK PROVIRON &#8211; Mesterolon 25mg"},"content":{"rendered":"<p><\/p>\n<p class=\"\" data-start=\"0\" data-end=\"245\">Il Proviron \u00e8 un farmaco esteroide sintetico molto popolare tra i bodybuilder e gli altri atleti che utilizzano steroidi anabolizzanti. Il Proviron \u00e8 solitamente prodotto in forma di compresse ed \u00e8 anche conosciuto popolarmente come Mesterolone.<\/p>\n<p class=\"\" data-start=\"247\" data-end=\"311\"><strong data-start=\"247\" data-end=\"311\">Azione e risultati nell\u2019assunzione di Proviron \/ Mesterolone<\/strong><\/p>\n<p class=\"\" data-start=\"313\" data-end=\"773\">Il principio attivo del Proviron \u00e8 il Mesterolone. Questo farmaco ormonale ha una bassa attivit\u00e0 androgenica e migliora notevolmente le funzioni erettili del corpo. Molto spesso questo farmaco viene utilizzato durante un ciclo di steroidi anabolizzanti e per un po&#8217; di tempo dopo. Il Mesterolone \u00e8 uno dei pi\u00f9 popolari anti-estrogeni usati per uscire da un ciclo di steroidi. Il Proviron supporta la libido e aiuta se si hanno problemi di disfunzione erettile.<\/p>\n<p class=\"\" data-start=\"775\" data-end=\"828\"><strong data-start=\"775\" data-end=\"828\">Effetti dell\u2019assunzione di Proviron \/ Mesterolone<\/strong><\/p>\n<p class=\"\" data-start=\"830\" data-end=\"1521\">Lo scopo principale dell&#8217;uso del Proviron \u00e8 nello sport: ridurre il rischio di effetti collaterali indesiderati durante l&#8217;assunzione di steroidi anabolizzanti. Questo farmaco non porta ad un aumento diretto della produzione di testosterone nel corpo, ma allo stesso tempo, il Proviron elimina completamente i disturbi causati dalla mancanza di testosterone, o riduce al minimo gli effetti collaterali. Questi effetti sono causati dall\u2019utilizzo di steroidi anabolizzanti, che riducono la qualit\u00e0 dello sperma, ne diminuiscono il volume e possono portare a infertilit\u00e0 o disfunzione erettile. Tuttavia, l&#8217;uso di Proviron durante o dopo il ciclo contribuir\u00e0 a rafforzare la potenza e la libido.<\/p>\n<p class=\"\" data-start=\"1523\" data-end=\"1567\"><strong data-start=\"1523\" data-end=\"1567\">Come funziona il Proviron \/ Mesterolone?<\/strong><\/p>\n<p class=\"\" data-start=\"1569\" data-end=\"1667\">Il Mesterolone aumenta la concentrazione di testosterone libero nel corpo, bloccando la globulina.<\/p>\n<p class=\"\" data-start=\"1669\" data-end=\"1709\"><strong data-start=\"1669\" data-end=\"1709\">Assunzione di Proviron \/ Mesterolone<\/strong><\/p>\n<p class=\"\" data-start=\"1711\" data-end=\"1873\">La dose popolare di Proviron \/ Mesterolone tra gli atleti \u00e8: Proviron in una dose di 25 mg &#8211; una compressa o 50 mg al giorno (25 mg al mattino e 25 mg alla sera).<\/p>\n<p class=\"\" data-start=\"1875\" data-end=\"1925\"><strong data-start=\"1875\" data-end=\"1925\">Effetti collaterali del Proviron (Mesterolone)<\/strong><\/p>\n<p class=\"\" data-start=\"1927\" data-end=\"2449\">Come per qualsiasi farmaco, questo anti-estrogeno ha alcuni effetti collaterali. Fortunatamente, secondo le opinioni degli atleti, gli effetti collaterali sono rari. Alcuni di questi effetti collaterali includono pelle grassa, comparsa di acne, eccessiva crescita dei peli o calvizie. Non \u00e8 consigliato che le donne assumano Mesterolone, poich\u00e9 gli effetti collaterali includono cambiamenti nella voce (che diventa pi\u00f9 &#8220;maschile&#8221;), eccessiva crescita dei peli (anche sul viso), problemi mestruali e difficolt\u00e0 a concepire.<\/p>\n<p class=\"\" data-start=\"2451\" data-end=\"2506\"><strong data-start=\"2451\" data-end=\"2506\">Recensioni del Proviron (Mesterolone) dopo il ciclo<\/strong><\/p>\n<p class=\"\" data-start=\"2508\" data-end=\"3004\">Se osservi attentamente i forum di fitness, noterai che quasi tutti i cicli di steroidi anabolizzanti per bodybuilder e allenatori avanzati terminano con Proviron (Mesterolone). Questo non \u00e8 casuale, perch\u00e9 il Proviron (Mesterolone) riesce effettivamente a ripristinare l&#8217;equilibrio del corpo dopo un ciclo, oltre a rafforzare nuovamente la libido. Molto spesso, il Proviron (Mesterolone) viene combinato con Clomid. Le opinioni nei circoli di fitness sugli effetti del Proviron sono molto buone.<\/p>\n<p class=\"\" data-start=\"3006\" data-end=\"3281\">Secondo molte opinioni, l&#8217;androgeno ha un grande effetto, ed \u00e8 per questo che \u00e8 cos\u00ec ricercato. Stimola la spermatogenesi e aiuta il corpo a iniziare a produrre di nuovo la quantit\u00e0 necessaria di ormoni sessuali maschili. Il Mesterolone \u00e8 uno stimolante ideale della potenza.<\/p>\n<p><\/p>","protected":false},"excerpt":{"rendered":"<p>Il Proviron \u00e8 un farmaco esteroide sintetico molto popolare tra i bodybuilder e gli altri atleti che utilizzano steroidi anabolizzanti.<\/p>\n","protected":false},"featured_media":10038,"comment_status":"open","ping_status":"closed","template":"","meta":[],"product_brand":[],"product_cat":[73,3474],"product_tag":[],"class_list":{"0":"post-10037","1":"product","2":"type-product","3":"status-publish","4":"has-post-thumbnail","6":"product_cat-ssteroides_orales","7":"product_cat-packs","9":"first","10":"outofstock","11":"sale","12":"shipping-taxable","13":"purchasable","14":"product-type-simple"},"yoast_head":"<!-- This site is optimized with the Yoast SEO Premium plugin v24.4 (Yoast SEO v27.0) - https:\/\/yoast.com\/product\/yoast-seo-premium-wordpress\/ -->\n<title>10 PACK PROVIRON - Mesterolon 25mg - Steroidi in linea<\/title>\n<meta name=\"description\" content=\"Proviron (Mesterolone) \u00e8 un antiestrogeno popolare nel bodybuilding per aumentare la libido, migliorare i livelli di testosterone e ridurre gli effetti collaterali degli steroidi.\" \/>\n<meta name=\"robots\" content=\"index, follow, max-snippet:-1, max-image-preview:large, max-video-preview:-1\" \/>\n<link rel=\"canonical\" href=\"https:\/\/iberoid-shop.com\/it\/product\/pack10proviron\/\" \/>\n<meta property=\"og:locale\" content=\"it_IT\" \/>\n<meta property=\"og:type\" content=\"article\" \/>\n<meta property=\"og:title\" content=\"10 PACK PROVIRON - Mesterolon 25mg\" \/>\n<meta property=\"og:description\" content=\"Proviron (Mesterolone) \u00e8 un antiestrogeno popolare nel bodybuilding per aumentare la libido, migliorare i livelli di testosterone e ridurre gli effetti collaterali degli steroidi.\" \/>\n<meta property=\"og:url\" content=\"https:\/\/iberoid-shop.com\/it\/product\/pack10proviron\/\" \/>\n<meta property=\"og:site_name\" content=\"Steroidi in linea\" \/>\n<meta property=\"article:modified_time\" content=\"2026-03-29T15:56:07+00:00\" \/>\n<meta property=\"og:image\" content=\"https:\/\/iberoid-shop.com\/wp-content\/uploads\/2025\/04\/10-provi-scaled.jpeg?v=1745650743\" \/>\n\t<meta property=\"og:image:width\" content=\"1618\" \/>\n\t<meta property=\"og:image:height\" content=\"2560\" \/>\n\t<meta property=\"og:image:type\" content=\"image\/jpeg\" \/>\n<meta name=\"twitter:card\" content=\"summary_large_image\" \/>\n<meta name=\"twitter:label1\" content=\"Prezzo\" \/>\n\t<meta name=\"twitter:data1\" content=\"&euro;100.00\" \/>\n\t<meta name=\"twitter:label2\" content=\"Disponibilit\u00e0\" \/>\n\t<meta name=\"twitter:data2\" content=\"Esaurito\" \/>\n<script type=\"application\/ld+json\" class=\"yoast-schema-graph\">{\"@context\":\"https:\/\/schema.org\",\"@graph\":[{\"@type\":\"WebPage\",\"@id\":\"https:\/\/iberoid-shop.com\/it\/product\/pack10proviron\/\",\"url\":\"https:\/\/iberoid-shop.com\/it\/product\/pack10proviron\/\",\"name\":\"10 PACK PROVIRON - Mesterolon 25mg - Steroidi in linea\",\"isPartOf\":{\"@id\":\"https:\/\/iberoid-shop.com\/it\/#website\"},\"primaryImageOfPage\":{\"@id\":\"https:\/\/iberoid-shop.com\/it\/product\/pack10proviron\/#primaryimage\"},\"image\":{\"@id\":\"https:\/\/iberoid-shop.com\/it\/product\/pack10proviron\/#primaryimage\"},\"thumbnailUrl\":\"https:\/\/iberoid-shop.com\/wp-content\/uploads\/2025\/04\/10-provi-scaled.jpeg?v=1745650743\",\"datePublished\":\"2025-04-26T07:12:16+00:00\",\"dateModified\":\"2026-03-29T15:56:07+00:00\",\"description\":\"Proviron (Mesterolone) \u00e8 un antiestrogeno popolare nel bodybuilding per aumentare la libido, migliorare i livelli di testosterone e ridurre gli effetti collaterali degli steroidi.\",\"breadcrumb\":{\"@id\":\"https:\/\/iberoid-shop.com\/it\/product\/pack10proviron\/#breadcrumb\"},\"inLanguage\":\"it-IT\",\"potentialAction\":[{\"@type\":\"ReadAction\",\"target\":[[\"https:\/\/iberoid-shop.com\/it\/product\/pack10proviron\/\"]]}]},{\"@type\":\"ImageObject\",\"inLanguage\":\"it-IT\",\"@id\":\"https:\/\/iberoid-shop.com\/it\/product\/pack10proviron\/#primaryimage\",\"url\":\"https:\/\/iberoid-shop.com\/wp-content\/uploads\/2025\/04\/10-provi-scaled.jpeg?v=1745650743\",\"contentUrl\":\"https:\/\/iberoid-shop.com\/wp-content\/uploads\/2025\/04\/10-provi-scaled.jpeg?v=1745650743\",\"width\":1618,\"height\":2560},{\"@type\":\"BreadcrumbList\",\"@id\":\"https:\/\/iberoid-shop.com\/it\/product\/pack10proviron\/#breadcrumb\",\"itemListElement\":[{\"@type\":\"ListItem\",\"position\":1,\"name\":\"Portada\",\"item\":\"https:\/\/iberoid-shop.com\/it\/\"},{\"@type\":\"ListItem\",\"position\":2,\"name\":\"Negozio\",\"item\":\"https:\/\/iberoid-shop.com\/it\/shop\/\"},{\"@type\":\"ListItem\",\"position\":3,\"name\":\"10 PACK PROVIRON &#8211; Mesterolon 25mg\"}]},{\"@type\":\"WebSite\",\"@id\":\"https:\/\/iberoid-shop.com\/it\/#website\",\"url\":\"https:\/\/iberoid-shop.com\/it\/\",\"name\":\"Steroidi in linea\",\"description\":\"Acquista steroidi online oggi in Spagna e Portogallo. Abbiamo il miglior servizio clienti del settore e prodotti di altissima qualit\u00e0\",\"potentialAction\":[{\"@type\":\"SearchAction\",\"target\":{\"@type\":\"EntryPoint\",\"urlTemplate\":\"https:\/\/iberoid-shop.com\/it\/?s={search_term_string}\"},\"query-input\":{\"@type\":\"PropertyValueSpecification\",\"valueRequired\":true,\"valueName\":\"search_term_string\"}}],\"inLanguage\":\"it-IT\"}]}<\/script>\n<meta property=\"product:brand\" content=\"Bayer\" \/>\n<meta property=\"product:price:amount\" content=\"100.00\" \/>\n<meta property=\"product:price:currency\" content=\"EUR\" \/>\n<meta property=\"og:availability\" content=\"out of stock\" \/>\n<meta property=\"product:availability\" content=\"out of stock\" \/>\n<meta property=\"product:condition\" content=\"new\" \/>\n<!-- \/ Yoast SEO Premium plugin. -->","yoast_head_json":{"title":"10 PACK PROVIRON - Mesterolon 25mg - Steroidi in linea","description":"Proviron (Mesterolone) \u00e8 un antiestrogeno popolare nel bodybuilding per aumentare la libido, migliorare i livelli di testosterone e ridurre gli effetti collaterali degli steroidi.","robots":{"index":"index","follow":"follow","max-snippet":"max-snippet:-1","max-image-preview":"max-image-preview:large","max-video-preview":"max-video-preview:-1"},"canonical":"https:\/\/iberoid-shop.com\/it\/product\/pack10proviron\/","og_locale":"it_IT","og_type":"article","og_title":"10 PACK PROVIRON - Mesterolon 25mg","og_description":"Proviron (Mesterolone) \u00e8 un antiestrogeno popolare nel bodybuilding per aumentare la libido, migliorare i livelli di testosterone e ridurre gli effetti collaterali degli steroidi.","og_url":"https:\/\/iberoid-shop.com\/it\/product\/pack10proviron\/","og_site_name":"Steroidi in linea","article_modified_time":"2026-03-29T15:56:07+00:00","og_image":[{"width":1618,"height":2560,"url":"https:\/\/iberoid-shop.com\/wp-content\/uploads\/2025\/04\/10-provi-scaled.jpeg?v=1745650743","type":"image\/jpeg"}],"twitter_card":"summary_large_image","twitter_misc":{"Prezzo":"&euro;100.00","Disponibilit\u00e0":"Esaurito"},"schema":{"@context":"https:\/\/schema.org","@graph":[{"@type":"WebPage","@id":"https:\/\/iberoid-shop.com\/it\/product\/pack10proviron\/","url":"https:\/\/iberoid-shop.com\/it\/product\/pack10proviron\/","name":"10 PACK PROVIRON - Mesterolon 25mg - Steroidi in linea","isPartOf":{"@id":"https:\/\/iberoid-shop.com\/it\/#website"},"primaryImageOfPage":{"@id":"https:\/\/iberoid-shop.com\/it\/product\/pack10proviron\/#primaryimage"},"image":{"@id":"https:\/\/iberoid-shop.com\/it\/product\/pack10proviron\/#primaryimage"},"thumbnailUrl":"https:\/\/iberoid-shop.com\/wp-content\/uploads\/2025\/04\/10-provi-scaled.jpeg?v=1745650743","datePublished":"2025-04-26T07:12:16+00:00","dateModified":"2026-03-29T15:56:07+00:00","description":"Proviron (Mesterolone) \u00e8 un antiestrogeno popolare nel bodybuilding per aumentare la libido, migliorare i livelli di testosterone e ridurre gli effetti collaterali degli steroidi.","breadcrumb":{"@id":"https:\/\/iberoid-shop.com\/it\/product\/pack10proviron\/#breadcrumb"},"inLanguage":"it-IT","potentialAction":[{"@type":"ReadAction","target":[["https:\/\/iberoid-shop.com\/it\/product\/pack10proviron\/"]]}]},{"@type":"ImageObject","inLanguage":"it-IT","@id":"https:\/\/iberoid-shop.com\/it\/product\/pack10proviron\/#primaryimage","url":"https:\/\/iberoid-shop.com\/wp-content\/uploads\/2025\/04\/10-provi-scaled.jpeg?v=1745650743","contentUrl":"https:\/\/iberoid-shop.com\/wp-content\/uploads\/2025\/04\/10-provi-scaled.jpeg?v=1745650743","width":1618,"height":2560},{"@type":"BreadcrumbList","@id":"https:\/\/iberoid-shop.com\/it\/product\/pack10proviron\/#breadcrumb","itemListElement":[{"@type":"ListItem","position":1,"name":"Portada","item":"https:\/\/iberoid-shop.com\/it\/"},{"@type":"ListItem","position":2,"name":"Negozio","item":"https:\/\/iberoid-shop.com\/it\/shop\/"},{"@type":"ListItem","position":3,"name":"10 PACK PROVIRON &#8211; Mesterolon 25mg"}]},{"@type":"WebSite","@id":"https:\/\/iberoid-shop.com\/it\/#website","url":"https:\/\/iberoid-shop.com\/it\/","name":"Steroidi in linea","description":"Acquista steroidi online oggi in Spagna e Portogallo. Abbiamo il miglior servizio clienti del settore e prodotti di altissima qualit\u00e0","potentialAction":[{"@type":"SearchAction","target":{"@type":"EntryPoint","urlTemplate":"https:\/\/iberoid-shop.com\/it\/?s={search_term_string}"},"query-input":{"@type":"PropertyValueSpecification","valueRequired":true,"valueName":"search_term_string"}}],"inLanguage":"it-IT"}]},"product_brand":"Bayer","product_price_amount":"100.00","product_price_currency":"EUR","og_availability":"out of stock","product_availability":"out of stock","product_condition":"new"},"_links":{"self":[{"href":"https:\/\/iberoid-shop.com\/it\/wp-json\/wp\/v2\/product\/10037","targetHints":{"allow":["GET"]}}],"collection":[{"href":"https:\/\/iberoid-shop.com\/it\/wp-json\/wp\/v2\/product"}],"about":[{"href":"https:\/\/iberoid-shop.com\/it\/wp-json\/wp\/v2\/types\/product"}],"replies":[{"embeddable":true,"href":"https:\/\/iberoid-shop.com\/it\/wp-json\/wp\/v2\/comments?post=10037"}],"wp:featuredmedia":[{"embeddable":true,"href":"https:\/\/iberoid-shop.com\/it\/wp-json\/wp\/v2\/media\/10038"}],"wp:attachment":[{"href":"https:\/\/iberoid-shop.com\/it\/wp-json\/wp\/v2\/media?parent=10037"}],"wp:term":[{"taxonomy":"product_brand","embeddable":true,"href":"https:\/\/iberoid-shop.com\/it\/wp-json\/wp\/v2\/product_brand?post=10037"},{"taxonomy":"product_cat","embeddable":true,"href":"https:\/\/iberoid-shop.com\/it\/wp-json\/wp\/v2\/product_cat?post=10037"},{"taxonomy":"product_tag","embeddable":true,"href":"https:\/\/iberoid-shop.com\/it\/wp-json\/wp\/v2\/product_tag?post=10037"}],"curies":[{"name":"wp","href":"https:\/\/api.w.org\/{rel}","templated":true}]}}