{"id":10035,"date":"2025-04-26T06:55:39","date_gmt":"2025-04-26T06:55:39","guid":{"rendered":"https:\/\/iberoid-shop.com\/?post_type=product&#038;p=10035"},"modified":"2026-03-29T15:56:32","modified_gmt":"2026-03-29T15:56:32","slug":"pack3proviron","status":"publish","type":"product","link":"https:\/\/iberoid-shop.com\/it\/product\/pack3proviron\/","title":{"rendered":"Pack 3 &#8211; PROVIRON 25mg"},"content":{"rendered":"<p><\/p>\n<p class=\"\" data-start=\"0\" data-end=\"22\">Che cos&#8217;\u00e8 il Proviron?<\/p>\n<p class=\"\" data-start=\"24\" data-end=\"231\">Acquista Proviron \u2013 Il momento migliore per assumere Proviron \u00e8 durante la fase di definizione di un ciclo o come parte del tuo PCT. La sua funzione principale \u00e8 quella di fornire un effetto antiestrogenico.<\/p>\n<p class=\"\" data-start=\"233\" data-end=\"258\"><strong data-start=\"233\" data-end=\"258\">Benefici del Proviron<\/strong><\/p>\n<p class=\"\" data-start=\"260\" data-end=\"667\">Proviron ha quattro funzioni principali che definiscono ampiamente il suo utilizzo. L&#8217;ormone Mesterolone ha una forte affinit\u00e0 di legame con la globulina legante gli ormoni sessuali (SHBG). In particolare, aumenter\u00e0 la quantit\u00e0 degli steroidi anabolizzanti assunti disponibili in forma libera anzich\u00e9 legata. Fondamentalmente, gli steroidi anabolizzanti che stai assumendo diventano pi\u00f9 potenti ed efficaci.<\/p>\n<p class=\"\" data-start=\"669\" data-end=\"698\"><strong data-start=\"669\" data-end=\"698\">Come assumere il Proviron<\/strong><\/p>\n<p class=\"\" data-start=\"700\" data-end=\"881\">Come parte di un ciclo o stack basato sulle prestazioni, consigliamo agli atleti di assumere tra i 50-150 mg al giorno per 8 settimane (non consigliamo di superare le 12 settimane).<\/p>\n<p class=\"\" data-start=\"883\" data-end=\"921\"><strong data-start=\"883\" data-end=\"921\">Ciclo di Proviron per principianti<\/strong><\/p>\n<p class=\"\" data-start=\"923\" data-end=\"1224\">Obiettivo: Aumento moderato della libido, dell&#8217;energia e della durezza muscolare durante un ciclo semplice o fuori stagione.<br data-start=\"1047\" data-end=\"1050\" \/>Durata del ciclo: 6-8 settimane<br data-start=\"1081\" data-end=\"1084\" \/>Dosaggio: 25-50 mg al giorno<br data-start=\"1112\" data-end=\"1115\" \/>Esempio di stack:<br data-start=\"1132\" data-end=\"1135\" \/>Proviron: 25-50 mg al giorno<br data-start=\"1163\" data-end=\"1166\" \/>Opzionale: 250-500 mg di Testosterone Enantato a settimana<\/p>\n<p class=\"\" data-start=\"1226\" data-end=\"1440\">Questo ciclo consente ai principianti di sperimentare gli effetti del Proviron senza rischi significativi. Funziona bene con il testosterone per prevenire gli effetti collaterali estrogenici e migliorare la libido.<\/p>\n<p class=\"\" data-start=\"1442\" data-end=\"1477\"><strong data-start=\"1442\" data-end=\"1477\">Ciclo di Proviron per intermedi<\/strong><\/p>\n<p class=\"\" data-start=\"1479\" data-end=\"1843\">Obiettivo: Migliorare la definizione muscolare e la forza, riducendo al minimo l\u2019estrogeno durante i cicli di cutting o recomp.<br data-start=\"1606\" data-end=\"1609\" \/>Durata del ciclo: 8-10 settimane<br data-start=\"1641\" data-end=\"1644\" \/>Dosaggio: 50 mg al giorno<br data-start=\"1669\" data-end=\"1672\" \/>Esempio di stack:<br data-start=\"1689\" data-end=\"1692\" \/>Proviron: 50 mg al giorno<br data-start=\"1717\" data-end=\"1720\" \/>Testosterone Propionato: 300-400 mg a settimana<br data-start=\"1767\" data-end=\"1770\" \/>Anavar: 40-50 mg al giorno (opzionale per maggiore definizione muscolare)<\/p>\n<p class=\"\" data-start=\"1845\" data-end=\"2072\">Questo ciclo intermedio migliora la vascularizzazione e la durezza muscolare mantenendo sotto controllo i livelli di estrogeni. Il Proviron aiuter\u00e0 anche a combattere la soppressione della libido che pu\u00f2 verificarsi con Anavar.<\/p>\n<p class=\"\" data-start=\"2074\" data-end=\"2104\"><strong data-start=\"2074\" data-end=\"2104\">Ciclo avanzato di Proviron<\/strong><\/p>\n<p class=\"\" data-start=\"2106\" data-end=\"2467\">Obiettivo: Massimizzare la durezza muscolare e la forza durante un ciclo avanzato di cutting o preparazione per una competizione.<br data-start=\"2235\" data-end=\"2238\" \/>Durata del ciclo: 8-12 settimane<br data-start=\"2270\" data-end=\"2273\" \/>Dosaggio: 75-100 mg al giorno<br data-start=\"2302\" data-end=\"2305\" \/>Esempio di stack:<br data-start=\"2322\" data-end=\"2325\" \/>Proviron: 75-100 mg al giorno<br data-start=\"2354\" data-end=\"2357\" \/>Testosterone Propionato: 400-500 mg a settimana<br data-start=\"2404\" data-end=\"2407\" \/>Winstrol: 50 mg al giorno<br data-start=\"2432\" data-end=\"2435\" \/>Masteron: 300-400 mg a settimana<\/p>\n<p class=\"\" data-start=\"2469\" data-end=\"2693\">Questo ciclo avanzato \u00e8 ideale per i bodybuilder che mirano a ottenere una durezza muscolare estrema e una definizione ottimale. Il Proviron aiuter\u00e0 a combattere gli estrogeni mentre potenzier\u00e0 gli effetti di altri composti.<\/p>\n<p><\/p>","protected":false},"excerpt":{"rendered":"<p>Che cos&#8217;\u00e8 il Proviron? Acquista Proviron \u2013 Il momento migliore per assumere Proviron \u00e8 durante la fase di definizione di<\/p>\n","protected":false},"featured_media":10036,"comment_status":"open","ping_status":"closed","template":"","meta":[],"product_brand":[],"product_cat":[73,3474],"product_tag":[],"class_list":{"0":"post-10035","1":"product","2":"type-product","3":"status-publish","4":"has-post-thumbnail","6":"product_cat-ssteroides_orales","7":"product_cat-packs","9":"first","10":"instock","11":"sale","12":"shipping-taxable","13":"purchasable","14":"product-type-simple"},"yoast_head":"<!-- This site is optimized with the Yoast SEO Premium plugin v24.4 (Yoast SEO v27.0) - https:\/\/yoast.com\/product\/yoast-seo-premium-wordpress\/ -->\n<title>Pack 3 - PROVIRON 25mg - Steroidi in linea<\/title>\n<meta name=\"description\" content=\"Proviron aumenta la durezza muscolare, stimola la libido e riduce gli effetti collaterali estrogenici, ideale per la fase di cutting o terapia post-ciclo (PCT).\" \/>\n<meta name=\"robots\" content=\"index, follow, max-snippet:-1, max-image-preview:large, max-video-preview:-1\" \/>\n<link rel=\"canonical\" href=\"https:\/\/iberoid-shop.com\/it\/product\/pack3proviron\/\" \/>\n<meta property=\"og:locale\" content=\"it_IT\" \/>\n<meta property=\"og:type\" content=\"article\" \/>\n<meta property=\"og:title\" content=\"Pack 3 - PROVIRON 25mg\" \/>\n<meta property=\"og:description\" content=\"Proviron aumenta la durezza muscolare, stimola la libido e riduce gli effetti collaterali estrogenici, ideale per la fase di cutting o terapia post-ciclo (PCT).\" \/>\n<meta property=\"og:url\" content=\"https:\/\/iberoid-shop.com\/it\/product\/pack3proviron\/\" \/>\n<meta property=\"og:site_name\" content=\"Steroidi in linea\" \/>\n<meta property=\"article:modified_time\" content=\"2026-03-29T15:56:32+00:00\" \/>\n<meta property=\"og:image\" content=\"https:\/\/iberoid-shop.com\/wp-content\/uploads\/2025\/04\/3provi-scaled.jpeg?v=1745650429\" \/>\n\t<meta property=\"og:image:width\" content=\"2130\" \/>\n\t<meta property=\"og:image:height\" content=\"2560\" \/>\n\t<meta property=\"og:image:type\" content=\"image\/jpeg\" \/>\n<meta name=\"twitter:card\" content=\"summary_large_image\" \/>\n<meta name=\"twitter:label1\" content=\"Prezzo\" \/>\n\t<meta name=\"twitter:data1\" content=\"&euro;50.00\" \/>\n\t<meta name=\"twitter:label2\" content=\"Disponibilit\u00e0\" \/>\n\t<meta name=\"twitter:data2\" content=\"In stock\" \/>\n<script type=\"application\/ld+json\" class=\"yoast-schema-graph\">{\"@context\":\"https:\/\/schema.org\",\"@graph\":[{\"@type\":\"WebPage\",\"@id\":\"https:\/\/iberoid-shop.com\/it\/product\/pack3proviron\/\",\"url\":\"https:\/\/iberoid-shop.com\/it\/product\/pack3proviron\/\",\"name\":\"Pack 3 - PROVIRON 25mg - Steroidi in linea\",\"isPartOf\":{\"@id\":\"https:\/\/iberoid-shop.com\/it\/#website\"},\"primaryImageOfPage\":{\"@id\":\"https:\/\/iberoid-shop.com\/it\/product\/pack3proviron\/#primaryimage\"},\"image\":{\"@id\":\"https:\/\/iberoid-shop.com\/it\/product\/pack3proviron\/#primaryimage\"},\"thumbnailUrl\":\"https:\/\/iberoid-shop.com\/wp-content\/uploads\/2025\/04\/3provi-scaled.jpeg?v=1745650429\",\"datePublished\":\"2025-04-26T06:55:39+00:00\",\"dateModified\":\"2026-03-29T15:56:32+00:00\",\"description\":\"Proviron aumenta la durezza muscolare, stimola la libido e riduce gli effetti collaterali estrogenici, ideale per la fase di cutting o terapia post-ciclo (PCT).\",\"breadcrumb\":{\"@id\":\"https:\/\/iberoid-shop.com\/it\/product\/pack3proviron\/#breadcrumb\"},\"inLanguage\":\"it-IT\",\"potentialAction\":[{\"@type\":\"ReadAction\",\"target\":[[\"https:\/\/iberoid-shop.com\/it\/product\/pack3proviron\/\"]]}]},{\"@type\":\"ImageObject\",\"inLanguage\":\"it-IT\",\"@id\":\"https:\/\/iberoid-shop.com\/it\/product\/pack3proviron\/#primaryimage\",\"url\":\"https:\/\/iberoid-shop.com\/wp-content\/uploads\/2025\/04\/3provi-scaled.jpeg?v=1745650429\",\"contentUrl\":\"https:\/\/iberoid-shop.com\/wp-content\/uploads\/2025\/04\/3provi-scaled.jpeg?v=1745650429\",\"width\":2130,\"height\":2560},{\"@type\":\"BreadcrumbList\",\"@id\":\"https:\/\/iberoid-shop.com\/it\/product\/pack3proviron\/#breadcrumb\",\"itemListElement\":[{\"@type\":\"ListItem\",\"position\":1,\"name\":\"Portada\",\"item\":\"https:\/\/iberoid-shop.com\/it\/\"},{\"@type\":\"ListItem\",\"position\":2,\"name\":\"Negozio\",\"item\":\"https:\/\/iberoid-shop.com\/it\/shop\/\"},{\"@type\":\"ListItem\",\"position\":3,\"name\":\"Pack 3 &#8211; PROVIRON 25mg\"}]},{\"@type\":\"WebSite\",\"@id\":\"https:\/\/iberoid-shop.com\/it\/#website\",\"url\":\"https:\/\/iberoid-shop.com\/it\/\",\"name\":\"Steroidi in linea\",\"description\":\"Acquista steroidi online oggi in Spagna e Portogallo. Abbiamo il miglior servizio clienti del settore e prodotti di altissima qualit\u00e0\",\"potentialAction\":[{\"@type\":\"SearchAction\",\"target\":{\"@type\":\"EntryPoint\",\"urlTemplate\":\"https:\/\/iberoid-shop.com\/it\/?s={search_term_string}\"},\"query-input\":{\"@type\":\"PropertyValueSpecification\",\"valueRequired\":true,\"valueName\":\"search_term_string\"}}],\"inLanguage\":\"it-IT\"}]}<\/script>\n<meta property=\"product:brand\" content=\"Bayer\" \/>\n<meta property=\"product:price:amount\" content=\"50.00\" \/>\n<meta property=\"product:price:currency\" content=\"EUR\" \/>\n<meta property=\"og:availability\" content=\"instock\" \/>\n<meta property=\"product:availability\" content=\"instock\" \/>\n<meta property=\"product:condition\" content=\"new\" \/>\n<!-- \/ Yoast SEO Premium plugin. -->","yoast_head_json":{"title":"Pack 3 - PROVIRON 25mg - Steroidi in linea","description":"Proviron aumenta la durezza muscolare, stimola la libido e riduce gli effetti collaterali estrogenici, ideale per la fase di cutting o terapia post-ciclo (PCT).","robots":{"index":"index","follow":"follow","max-snippet":"max-snippet:-1","max-image-preview":"max-image-preview:large","max-video-preview":"max-video-preview:-1"},"canonical":"https:\/\/iberoid-shop.com\/it\/product\/pack3proviron\/","og_locale":"it_IT","og_type":"article","og_title":"Pack 3 - PROVIRON 25mg","og_description":"Proviron aumenta la durezza muscolare, stimola la libido e riduce gli effetti collaterali estrogenici, ideale per la fase di cutting o terapia post-ciclo (PCT).","og_url":"https:\/\/iberoid-shop.com\/it\/product\/pack3proviron\/","og_site_name":"Steroidi in linea","article_modified_time":"2026-03-29T15:56:32+00:00","og_image":[{"width":2130,"height":2560,"url":"https:\/\/iberoid-shop.com\/wp-content\/uploads\/2025\/04\/3provi-scaled.jpeg?v=1745650429","type":"image\/jpeg"}],"twitter_card":"summary_large_image","twitter_misc":{"Prezzo":"&euro;50.00","Disponibilit\u00e0":"In stock"},"schema":{"@context":"https:\/\/schema.org","@graph":[{"@type":"WebPage","@id":"https:\/\/iberoid-shop.com\/it\/product\/pack3proviron\/","url":"https:\/\/iberoid-shop.com\/it\/product\/pack3proviron\/","name":"Pack 3 - PROVIRON 25mg - Steroidi in linea","isPartOf":{"@id":"https:\/\/iberoid-shop.com\/it\/#website"},"primaryImageOfPage":{"@id":"https:\/\/iberoid-shop.com\/it\/product\/pack3proviron\/#primaryimage"},"image":{"@id":"https:\/\/iberoid-shop.com\/it\/product\/pack3proviron\/#primaryimage"},"thumbnailUrl":"https:\/\/iberoid-shop.com\/wp-content\/uploads\/2025\/04\/3provi-scaled.jpeg?v=1745650429","datePublished":"2025-04-26T06:55:39+00:00","dateModified":"2026-03-29T15:56:32+00:00","description":"Proviron aumenta la durezza muscolare, stimola la libido e riduce gli effetti collaterali estrogenici, ideale per la fase di cutting o terapia post-ciclo (PCT).","breadcrumb":{"@id":"https:\/\/iberoid-shop.com\/it\/product\/pack3proviron\/#breadcrumb"},"inLanguage":"it-IT","potentialAction":[{"@type":"ReadAction","target":[["https:\/\/iberoid-shop.com\/it\/product\/pack3proviron\/"]]}]},{"@type":"ImageObject","inLanguage":"it-IT","@id":"https:\/\/iberoid-shop.com\/it\/product\/pack3proviron\/#primaryimage","url":"https:\/\/iberoid-shop.com\/wp-content\/uploads\/2025\/04\/3provi-scaled.jpeg?v=1745650429","contentUrl":"https:\/\/iberoid-shop.com\/wp-content\/uploads\/2025\/04\/3provi-scaled.jpeg?v=1745650429","width":2130,"height":2560},{"@type":"BreadcrumbList","@id":"https:\/\/iberoid-shop.com\/it\/product\/pack3proviron\/#breadcrumb","itemListElement":[{"@type":"ListItem","position":1,"name":"Portada","item":"https:\/\/iberoid-shop.com\/it\/"},{"@type":"ListItem","position":2,"name":"Negozio","item":"https:\/\/iberoid-shop.com\/it\/shop\/"},{"@type":"ListItem","position":3,"name":"Pack 3 &#8211; PROVIRON 25mg"}]},{"@type":"WebSite","@id":"https:\/\/iberoid-shop.com\/it\/#website","url":"https:\/\/iberoid-shop.com\/it\/","name":"Steroidi in linea","description":"Acquista steroidi online oggi in Spagna e Portogallo. Abbiamo il miglior servizio clienti del settore e prodotti di altissima qualit\u00e0","potentialAction":[{"@type":"SearchAction","target":{"@type":"EntryPoint","urlTemplate":"https:\/\/iberoid-shop.com\/it\/?s={search_term_string}"},"query-input":{"@type":"PropertyValueSpecification","valueRequired":true,"valueName":"search_term_string"}}],"inLanguage":"it-IT"}]},"product_brand":"Bayer","product_price_amount":"50.00","product_price_currency":"EUR","og_availability":"instock","product_availability":"instock","product_condition":"new"},"_links":{"self":[{"href":"https:\/\/iberoid-shop.com\/it\/wp-json\/wp\/v2\/product\/10035","targetHints":{"allow":["GET"]}}],"collection":[{"href":"https:\/\/iberoid-shop.com\/it\/wp-json\/wp\/v2\/product"}],"about":[{"href":"https:\/\/iberoid-shop.com\/it\/wp-json\/wp\/v2\/types\/product"}],"replies":[{"embeddable":true,"href":"https:\/\/iberoid-shop.com\/it\/wp-json\/wp\/v2\/comments?post=10035"}],"wp:featuredmedia":[{"embeddable":true,"href":"https:\/\/iberoid-shop.com\/it\/wp-json\/wp\/v2\/media\/10036"}],"wp:attachment":[{"href":"https:\/\/iberoid-shop.com\/it\/wp-json\/wp\/v2\/media?parent=10035"}],"wp:term":[{"taxonomy":"product_brand","embeddable":true,"href":"https:\/\/iberoid-shop.com\/it\/wp-json\/wp\/v2\/product_brand?post=10035"},{"taxonomy":"product_cat","embeddable":true,"href":"https:\/\/iberoid-shop.com\/it\/wp-json\/wp\/v2\/product_cat?post=10035"},{"taxonomy":"product_tag","embeddable":true,"href":"https:\/\/iberoid-shop.com\/it\/wp-json\/wp\/v2\/product_tag?post=10035"}],"curies":[{"name":"wp","href":"https:\/\/api.w.org\/{rel}","templated":true}]}}