{"id":9995,"date":"2025-04-02T18:12:39","date_gmt":"2025-04-02T18:12:39","guid":{"rendered":"https:\/\/iberoid-shop.com\/?post_type=product&#038;p=9995"},"modified":"2026-02-02T17:22:31","modified_gmt":"2026-02-02T17:22:31","slug":"pack3testosteronpropionate-mp-pharm","status":"publish","type":"product","link":"https:\/\/iberoid-shop.com\/fr\/product\/pack3testosteronpropionate-mp-pharm\/","title":{"rendered":"PACK 3 &#8211; Testosterone Propionate"},"content":{"rendered":"<p><\/p>\n<p class=\"\" data-start=\"0\" data-end=\"377\">Le propionate de testost\u00e9rone est utilis\u00e9 dans le traitement du d\u00e9ficit androg\u00e9nique apr\u00e8s castration, l\u2019eunuchisme, l\u2019impuissance d\u2019origine hormonale, les signes du climax masculin (diminution de la libido et de l\u2019activit\u00e9 physique et intellectuelle) dans l\u2019acrom\u00e9galie, dans l\u2019hypertrophie prostatique au stade pr\u00e9coce, l\u2019ost\u00e9oporose caus\u00e9e par une insuffisance androg\u00e9nique.<\/p>\n<p class=\"\" data-start=\"379\" data-end=\"837\">Chez les femmes, le propionate de testost\u00e9rone est utilis\u00e9 pour traiter les troubles vasculaires et nerveux li\u00e9s \u00e0 la m\u00e9nopause, lorsque des pr\u00e9parations contre les \u0153strog\u00e8nes (cancer de l\u2019ovaire et du sein, saignements ut\u00e9rins) sont administr\u00e9es conjointement avec une radioth\u00e9rapie dans le cancer du sein et des ovaires (g\u00e9n\u00e9ralement chez les femmes de moins de 60 ans) chez les femmes pr\u00e9sentant des saignements ut\u00e9rins dysfonctionnels \u00e0 partir de 45 ans.<\/p>\n<p class=\"\" data-start=\"839\" data-end=\"859\">Contre-indications :<\/p>\n<p class=\"\" data-start=\"861\" data-end=\"1458\">Les personnes pr\u00e9sentant une hypersensibilit\u00e9 au propionate de testost\u00e9rone et \u00e0 ses composants, ayant des probl\u00e8mes li\u00e9s \u00e0 la prostate ou \u00e9ventuellement au cancer du sein, une hypertrophie prostatique avec sympt\u00f4mes de troubles urinaires, un syndrome n\u00e9phrotique ou m\u00eame la p\u00e9riode n\u00e9phrotique associ\u00e9e \u00e0 une n\u00e9phrite, un \u0153d\u00e8me, une hypercalc\u00e9mie, une dysfonction h\u00e9patique, un diab\u00e8te sucr\u00e9 et des maladies coronariennes, un infarctus du myocarde avec ant\u00e9c\u00e9dents, une ath\u00e9roscl\u00e9rose chez les hommes plus \u00e2g\u00e9s, la grossesse et l\u2019allaitement ne doivent pas utiliser le propionate de testost\u00e9rone.<\/p>\n<p class=\"\" data-start=\"1460\" data-end=\"1476\">Administration :<\/p>\n<p class=\"\" data-start=\"1478\" data-end=\"1700\">Le Test-Propionate peut \u00eatre administr\u00e9 uniquement par injection intramusculaire, dans le muscle fessier. Le cycle de dosage est ajust\u00e9 individuellement en fonction de la maladie, du sexe, de l\u2019\u00e2ge et du r\u00e9sultat clinique.<\/p>\n<p class=\"\" data-start=\"1702\" data-end=\"1883\">La dose la plus optimale \u00e0 administrer est de 50 mg, augment\u00e9e jusqu\u2019\u00e0 100 mg, quotidiennement ou tous les deux jours. La dose hebdomadaire totale sera comprise entre 300 et 700 mg.<\/p>\n<p class=\"\" data-start=\"1885\" data-end=\"1902\">Action m\u00e9dicale :<\/p>\n<p class=\"\" data-start=\"1904\" data-end=\"2720\">La testost\u00e9rone est l\u2019hormone androg\u00e8ne principale produite par les testicules. La testost\u00e9rone est responsable du d\u00e9veloppement des organes sexuels masculins et des caract\u00e9ristiques sexuelles secondaires (d\u00e9veloppement de la prostate, des v\u00e9sicules s\u00e9minales, du p\u00e9nis et du scrotum), de la distribution des poils masculins (visage, os pubien, poitrine), du d\u00e9veloppement des muscles laryng\u00e9s et de la distribution du poids corporel. Elle maintient l\u2019\u00e9quilibre du sodium, du potassium et du phosphore, augmente le m\u00e9tabolisme anabolique des prot\u00e9ines et r\u00e9duit le catabolisme. Elle augmente les concentrations plasmatiques, pendant la p\u00e9riode pr\u00e9pubertaire, elle entra\u00eene un retard de croissance et la fermeture des \u00e9piphyses. Le propionate de testost\u00e9rone stimule la production de glycoprot\u00e9ines et d\u2019\u00e9rythrocytes.<\/p>\n<p class=\"\" data-start=\"2722\" data-end=\"2735\">Pr\u00e9cautions :<\/p>\n<p class=\"\" data-start=\"2737\" data-end=\"3455\">Les personnes souffrant de maladies cardiaques latentes ou \u00e9videntes, de fonction r\u00e9nale alt\u00e9r\u00e9e, d\u2019hypertension, d\u2019\u00e9pilepsie ou de migraines (ou ayant des ant\u00e9c\u00e9dents de ces conditions) doivent \u00eatre surveill\u00e9es en permanence, car la testost\u00e9rone peut provoquer une r\u00e9tention de sodium et d\u2019eau. Pendant la p\u00e9riode de traitement, les fonctions h\u00e9patiques doivent \u00eatre surveill\u00e9es. Chez les patients atteints de cancer du sein, d\u2019hypern\u00e9phrome, de cancer du poumon avec m\u00e9tastases osseuses, le niveau de calcium dans le sang et les urines sera contr\u00f4l\u00e9. L\u2019administration de testost\u00e9rone chez les adolescents pr\u00e9pub\u00e8res doit \u00eatre effectu\u00e9e avec pr\u00e9caution pour \u00e9viter l\u2019arr\u00eat pr\u00e9matur\u00e9 de la croissance et de la pubert\u00e9.<\/p>\n<p><\/p>","protected":false},"excerpt":{"rendered":"<p>Le propionate de testost\u00e9rone est utilis\u00e9 dans le traitement du d\u00e9ficit androg\u00e9nique apr\u00e8s castration, l\u2019eunuchisme, l\u2019impuissance d\u2019origine hormonale, les signes<\/p>\n","protected":false},"featured_media":9996,"comment_status":"open","ping_status":"closed","template":"","meta":[],"product_brand":[],"product_cat":[69,3474],"product_tag":[],"class_list":{"0":"post-9995","1":"product","2":"type-product","3":"status-publish","4":"has-post-thumbnail","6":"product_cat-esteroides_inyectables","7":"product_cat-packs","9":"first","10":"instock","11":"sale","12":"shipping-taxable","13":"purchasable","14":"product-type-simple"},"yoast_head":"<!-- This site is optimized with the Yoast SEO Premium plugin v24.4 (Yoast SEO v27.0) - https:\/\/yoast.com\/product\/yoast-seo-premium-wordpress\/ -->\n<title>PACK 3 - Testosterone Propionate - (Espa\u00f1ol) Esteroides en l\u00ednea<\/title>\n<meta name=\"description\" content=\"L&#039;injection de propionate de testost\u00e9rone traite la d\u00e9ficience androg\u00e9nique, les probl\u00e8mes de la m\u00e9nopause masculine et l&#039;ost\u00e9oporose. \u00c9galement utilis\u00e9 pour certaines affections f\u00e9minines. Dose typique 50-100mg par jour\/tous les deux jours. Contre-indiqu\u00e9 en cas de cancer, grossesse, probl\u00e8mes cardiaques\/h\u00e9patiques\/r\u00e9naux. Injection IM uniquement.\" \/>\n<meta name=\"robots\" content=\"index, follow, max-snippet:-1, max-image-preview:large, max-video-preview:-1\" \/>\n<link rel=\"canonical\" href=\"https:\/\/iberoid-shop.com\/fr\/product\/pack3testosteronpropionate-mp-pharm\/\" \/>\n<meta property=\"og:locale\" content=\"fr_FR\" \/>\n<meta property=\"og:type\" content=\"article\" \/>\n<meta property=\"og:title\" content=\"PACK 3 - Testosterone Propionate\" \/>\n<meta property=\"og:description\" content=\"L&#039;injection de propionate de testost\u00e9rone traite la d\u00e9ficience androg\u00e9nique, les probl\u00e8mes de la m\u00e9nopause masculine et l&#039;ost\u00e9oporose. \u00c9galement utilis\u00e9 pour certaines affections f\u00e9minines. Dose typique 50-100mg par jour\/tous les deux jours. Contre-indiqu\u00e9 en cas de cancer, grossesse, probl\u00e8mes cardiaques\/h\u00e9patiques\/r\u00e9naux. Injection IM uniquement.\" \/>\n<meta property=\"og:url\" content=\"https:\/\/iberoid-shop.com\/fr\/product\/pack3testosteronpropionate-mp-pharm\/\" \/>\n<meta property=\"og:site_name\" content=\"(Espa\u00f1ol) Esteroides en l\u00ednea\" \/>\n<meta property=\"article:modified_time\" content=\"2026-02-02T17:22:31+00:00\" \/>\n<meta property=\"og:image\" content=\"https:\/\/iberoid-shop.com\/wp-content\/uploads\/2025\/04\/TP3-scaled.jpg?v=1743617477\" \/>\n\t<meta property=\"og:image:width\" content=\"2560\" \/>\n\t<meta property=\"og:image:height\" content=\"2073\" \/>\n\t<meta property=\"og:image:type\" content=\"image\/jpeg\" \/>\n<meta name=\"twitter:card\" content=\"summary_large_image\" \/>\n<meta name=\"twitter:label1\" content=\"Prix\" \/>\n\t<meta name=\"twitter:data1\" content=\"&euro;40.00\" \/>\n\t<meta name=\"twitter:label2\" content=\"Disponibilit\u00e9\" \/>\n\t<meta name=\"twitter:data2\" content=\"En stock\" \/>\n<script type=\"application\/ld+json\" class=\"yoast-schema-graph\">{\"@context\":\"https:\/\/schema.org\",\"@graph\":[{\"@type\":\"WebPage\",\"@id\":\"https:\/\/iberoid-shop.com\/fr\/product\/pack3testosteronpropionate-mp-pharm\/\",\"url\":\"https:\/\/iberoid-shop.com\/fr\/product\/pack3testosteronpropionate-mp-pharm\/\",\"name\":\"PACK 3 - Testosterone Propionate - (Espa\u00f1ol) Esteroides en l\u00ednea\",\"isPartOf\":{\"@id\":\"https:\/\/iberoid-shop.com\/fr\/#website\"},\"primaryImageOfPage\":{\"@id\":\"https:\/\/iberoid-shop.com\/fr\/product\/pack3testosteronpropionate-mp-pharm\/#primaryimage\"},\"image\":{\"@id\":\"https:\/\/iberoid-shop.com\/fr\/product\/pack3testosteronpropionate-mp-pharm\/#primaryimage\"},\"thumbnailUrl\":\"https:\/\/iberoid-shop.com\/wp-content\/uploads\/2025\/04\/TP3-scaled.jpg?v=1743617477\",\"datePublished\":\"2025-04-02T18:12:39+00:00\",\"dateModified\":\"2026-02-02T17:22:31+00:00\",\"description\":\"L'injection de propionate de testost\u00e9rone traite la d\u00e9ficience androg\u00e9nique, les probl\u00e8mes de la m\u00e9nopause masculine et l'ost\u00e9oporose. \u00c9galement utilis\u00e9 pour certaines affections f\u00e9minines. Dose typique 50-100mg par jour\/tous les deux jours. Contre-indiqu\u00e9 en cas de cancer, grossesse, probl\u00e8mes cardiaques\/h\u00e9patiques\/r\u00e9naux. Injection IM uniquement.\",\"breadcrumb\":{\"@id\":\"https:\/\/iberoid-shop.com\/fr\/product\/pack3testosteronpropionate-mp-pharm\/#breadcrumb\"},\"inLanguage\":\"fr-FR\",\"potentialAction\":[{\"@type\":\"ReadAction\",\"target\":[[\"https:\/\/iberoid-shop.com\/fr\/product\/pack3testosteronpropionate-mp-pharm\/\"]]}]},{\"@type\":\"ImageObject\",\"inLanguage\":\"fr-FR\",\"@id\":\"https:\/\/iberoid-shop.com\/fr\/product\/pack3testosteronpropionate-mp-pharm\/#primaryimage\",\"url\":\"https:\/\/iberoid-shop.com\/wp-content\/uploads\/2025\/04\/TP3-scaled.jpg?v=1743617477\",\"contentUrl\":\"https:\/\/iberoid-shop.com\/wp-content\/uploads\/2025\/04\/TP3-scaled.jpg?v=1743617477\",\"width\":2560,\"height\":2073},{\"@type\":\"BreadcrumbList\",\"@id\":\"https:\/\/iberoid-shop.com\/fr\/product\/pack3testosteronpropionate-mp-pharm\/#breadcrumb\",\"itemListElement\":[{\"@type\":\"ListItem\",\"position\":1,\"name\":\"Portada\",\"item\":\"https:\/\/iberoid-shop.com\/fr\/\"},{\"@type\":\"ListItem\",\"position\":2,\"name\":\"Magasin\",\"item\":\"https:\/\/iberoid-shop.com\/fr\/shop\/\"},{\"@type\":\"ListItem\",\"position\":3,\"name\":\"PACK 3 &#8211; Testosterone Propionate\"}]},{\"@type\":\"WebSite\",\"@id\":\"https:\/\/iberoid-shop.com\/fr\/#website\",\"url\":\"https:\/\/iberoid-shop.com\/fr\/\",\"name\":\"(Espa\u00f1ol) Esteroides en l\u00ednea\",\"description\":\"(Espa\u00f1ol) Comprar esteroides en l\u00ednea hoy en Espa\u00f1a y Portugal. Tenemos el mejor servicio al cliente en la industria y los productos de la m\u00e1s alta calidad\",\"potentialAction\":[{\"@type\":\"SearchAction\",\"target\":{\"@type\":\"EntryPoint\",\"urlTemplate\":\"https:\/\/iberoid-shop.com\/fr\/?s={search_term_string}\"},\"query-input\":{\"@type\":\"PropertyValueSpecification\",\"valueRequired\":true,\"valueName\":\"search_term_string\"}}],\"inLanguage\":\"fr-FR\"}]}<\/script>\n<meta property=\"product:price:amount\" content=\"40.00\" \/>\n<meta property=\"product:price:currency\" content=\"EUR\" \/>\n<meta property=\"og:availability\" content=\"instock\" \/>\n<meta property=\"product:availability\" content=\"instock\" \/>\n<meta property=\"product:condition\" content=\"new\" \/>\n<!-- \/ Yoast SEO Premium plugin. -->","yoast_head_json":{"title":"PACK 3 - Testosterone Propionate - (Espa\u00f1ol) Esteroides en l\u00ednea","description":"L'injection de propionate de testost\u00e9rone traite la d\u00e9ficience androg\u00e9nique, les probl\u00e8mes de la m\u00e9nopause masculine et l'ost\u00e9oporose. \u00c9galement utilis\u00e9 pour certaines affections f\u00e9minines. Dose typique 50-100mg par jour\/tous les deux jours. Contre-indiqu\u00e9 en cas de cancer, grossesse, probl\u00e8mes cardiaques\/h\u00e9patiques\/r\u00e9naux. Injection IM uniquement.","robots":{"index":"index","follow":"follow","max-snippet":"max-snippet:-1","max-image-preview":"max-image-preview:large","max-video-preview":"max-video-preview:-1"},"canonical":"https:\/\/iberoid-shop.com\/fr\/product\/pack3testosteronpropionate-mp-pharm\/","og_locale":"fr_FR","og_type":"article","og_title":"PACK 3 - Testosterone Propionate","og_description":"L'injection de propionate de testost\u00e9rone traite la d\u00e9ficience androg\u00e9nique, les probl\u00e8mes de la m\u00e9nopause masculine et l'ost\u00e9oporose. \u00c9galement utilis\u00e9 pour certaines affections f\u00e9minines. Dose typique 50-100mg par jour\/tous les deux jours. Contre-indiqu\u00e9 en cas de cancer, grossesse, probl\u00e8mes cardiaques\/h\u00e9patiques\/r\u00e9naux. Injection IM uniquement.","og_url":"https:\/\/iberoid-shop.com\/fr\/product\/pack3testosteronpropionate-mp-pharm\/","og_site_name":"(Espa\u00f1ol) Esteroides en l\u00ednea","article_modified_time":"2026-02-02T17:22:31+00:00","og_image":[{"width":2560,"height":2073,"url":"https:\/\/iberoid-shop.com\/wp-content\/uploads\/2025\/04\/TP3-scaled.jpg?v=1743617477","type":"image\/jpeg"}],"twitter_card":"summary_large_image","twitter_misc":{"Prix":"&euro;40.00","Disponibilit\u00e9":"En stock"},"schema":{"@context":"https:\/\/schema.org","@graph":[{"@type":"WebPage","@id":"https:\/\/iberoid-shop.com\/fr\/product\/pack3testosteronpropionate-mp-pharm\/","url":"https:\/\/iberoid-shop.com\/fr\/product\/pack3testosteronpropionate-mp-pharm\/","name":"PACK 3 - Testosterone Propionate - (Espa\u00f1ol) Esteroides en l\u00ednea","isPartOf":{"@id":"https:\/\/iberoid-shop.com\/fr\/#website"},"primaryImageOfPage":{"@id":"https:\/\/iberoid-shop.com\/fr\/product\/pack3testosteronpropionate-mp-pharm\/#primaryimage"},"image":{"@id":"https:\/\/iberoid-shop.com\/fr\/product\/pack3testosteronpropionate-mp-pharm\/#primaryimage"},"thumbnailUrl":"https:\/\/iberoid-shop.com\/wp-content\/uploads\/2025\/04\/TP3-scaled.jpg?v=1743617477","datePublished":"2025-04-02T18:12:39+00:00","dateModified":"2026-02-02T17:22:31+00:00","description":"L'injection de propionate de testost\u00e9rone traite la d\u00e9ficience androg\u00e9nique, les probl\u00e8mes de la m\u00e9nopause masculine et l'ost\u00e9oporose. \u00c9galement utilis\u00e9 pour certaines affections f\u00e9minines. Dose typique 50-100mg par jour\/tous les deux jours. Contre-indiqu\u00e9 en cas de cancer, grossesse, probl\u00e8mes cardiaques\/h\u00e9patiques\/r\u00e9naux. Injection IM uniquement.","breadcrumb":{"@id":"https:\/\/iberoid-shop.com\/fr\/product\/pack3testosteronpropionate-mp-pharm\/#breadcrumb"},"inLanguage":"fr-FR","potentialAction":[{"@type":"ReadAction","target":[["https:\/\/iberoid-shop.com\/fr\/product\/pack3testosteronpropionate-mp-pharm\/"]]}]},{"@type":"ImageObject","inLanguage":"fr-FR","@id":"https:\/\/iberoid-shop.com\/fr\/product\/pack3testosteronpropionate-mp-pharm\/#primaryimage","url":"https:\/\/iberoid-shop.com\/wp-content\/uploads\/2025\/04\/TP3-scaled.jpg?v=1743617477","contentUrl":"https:\/\/iberoid-shop.com\/wp-content\/uploads\/2025\/04\/TP3-scaled.jpg?v=1743617477","width":2560,"height":2073},{"@type":"BreadcrumbList","@id":"https:\/\/iberoid-shop.com\/fr\/product\/pack3testosteronpropionate-mp-pharm\/#breadcrumb","itemListElement":[{"@type":"ListItem","position":1,"name":"Portada","item":"https:\/\/iberoid-shop.com\/fr\/"},{"@type":"ListItem","position":2,"name":"Magasin","item":"https:\/\/iberoid-shop.com\/fr\/shop\/"},{"@type":"ListItem","position":3,"name":"PACK 3 &#8211; Testosterone Propionate"}]},{"@type":"WebSite","@id":"https:\/\/iberoid-shop.com\/fr\/#website","url":"https:\/\/iberoid-shop.com\/fr\/","name":"(Espa\u00f1ol) Esteroides en l\u00ednea","description":"(Espa\u00f1ol) Comprar esteroides en l\u00ednea hoy en Espa\u00f1a y Portugal. Tenemos el mejor servicio al cliente en la industria y los productos de la m\u00e1s alta calidad","potentialAction":[{"@type":"SearchAction","target":{"@type":"EntryPoint","urlTemplate":"https:\/\/iberoid-shop.com\/fr\/?s={search_term_string}"},"query-input":{"@type":"PropertyValueSpecification","valueRequired":true,"valueName":"search_term_string"}}],"inLanguage":"fr-FR"}]},"product_price_amount":"40.00","product_price_currency":"EUR","og_availability":"instock","product_availability":"instock","product_condition":"new"},"_links":{"self":[{"href":"https:\/\/iberoid-shop.com\/fr\/wp-json\/wp\/v2\/product\/9995","targetHints":{"allow":["GET"]}}],"collection":[{"href":"https:\/\/iberoid-shop.com\/fr\/wp-json\/wp\/v2\/product"}],"about":[{"href":"https:\/\/iberoid-shop.com\/fr\/wp-json\/wp\/v2\/types\/product"}],"replies":[{"embeddable":true,"href":"https:\/\/iberoid-shop.com\/fr\/wp-json\/wp\/v2\/comments?post=9995"}],"wp:featuredmedia":[{"embeddable":true,"href":"https:\/\/iberoid-shop.com\/fr\/wp-json\/wp\/v2\/media\/9996"}],"wp:attachment":[{"href":"https:\/\/iberoid-shop.com\/fr\/wp-json\/wp\/v2\/media?parent=9995"}],"wp:term":[{"taxonomy":"product_brand","embeddable":true,"href":"https:\/\/iberoid-shop.com\/fr\/wp-json\/wp\/v2\/product_brand?post=9995"},{"taxonomy":"product_cat","embeddable":true,"href":"https:\/\/iberoid-shop.com\/fr\/wp-json\/wp\/v2\/product_cat?post=9995"},{"taxonomy":"product_tag","embeddable":true,"href":"https:\/\/iberoid-shop.com\/fr\/wp-json\/wp\/v2\/product_tag?post=9995"}],"curies":[{"name":"wp","href":"https:\/\/api.w.org\/{rel}","templated":true}]}}