{"id":9991,"date":"2025-04-02T17:57:14","date_gmt":"2025-04-02T17:57:14","guid":{"rendered":"https:\/\/iberoid-shop.com\/?post_type=product&#038;p=9991"},"modified":"2026-03-29T15:58:21","modified_gmt":"2026-03-29T15:58:21","slug":"pack3-boldenon-mp-pharm","status":"publish","type":"product","link":"https:\/\/iberoid-shop.com\/fr\/product\/pack3-boldenon-mp-pharm\/","title":{"rendered":"BOLDENON PACK 3"},"content":{"rendered":"<p><\/p>\n<p class=\"\" data-start=\"0\" data-end=\"383\"><strong data-start=\"0\" data-end=\"26\">Bold\u00e9none Und\u00e9cyl\u00e9nate<\/strong> a \u00e9t\u00e9 d\u00e9velopp\u00e9e dans le but de cr\u00e9er un ester injectable de <strong data-start=\"88\" data-end=\"105\">M\u00e9thandi\u00e9none<\/strong> \u00e0 action prolong\u00e9e, mais le r\u00e9sultat a \u00e9t\u00e9 un produit totalement diff\u00e9rent. Elle est aussi anabolique que la testost\u00e9rone, mais avec un ratio androg\u00e9nique deux fois plus faible. Cependant, lorsqu\u2019on l\u2019utilise, on ne gagne pas autant de masse musculaire qu\u2019avec la testost\u00e9rone.<\/p>\n<p class=\"\" data-start=\"385\" data-end=\"971\">Des \u00e9tudes ont montr\u00e9 que la <strong data-start=\"414\" data-end=\"440\">Bold\u00e9none Und\u00e9cyl\u00e9nate<\/strong> peut augmenter le nombre de globules rouges davantage que la plupart des st\u00e9ro\u00efdes. Les effets b\u00e9n\u00e9fiques de ce st\u00e9ro\u00efde sont grandement appr\u00e9ci\u00e9s chez les athl\u00e8tes, et il est devenu de plus en plus populaire ces derni\u00e8res ann\u00e9es. Beaucoup consid\u00e8rent la <strong data-start=\"696\" data-end=\"722\">Bold\u00e9none Und\u00e9cyl\u00e9nate<\/strong> comme un constructeur de masse musculaire moins puissant que la <strong data-start=\"787\" data-end=\"811\">Nandrolone D\u00e9canoate<\/strong>, mais qui favorise une plus grande force et une meilleure vascularisation. <strong data-start=\"887\" data-end=\"900\">Equipoise<\/strong> est un st\u00e9ro\u00efde g\u00e9n\u00e9ralement bien tol\u00e9r\u00e9 par la majorit\u00e9 des athl\u00e8tes.<\/p>\n<p class=\"\" data-start=\"973\" data-end=\"1250\">La demi-vie de ce st\u00e9ro\u00efde est longue, ce qui entra\u00eene des gains musculaires lents mais de tr\u00e8s bonne qualit\u00e9. Pour cette raison, lorsqu\u2019il est utilis\u00e9 seul dans un cycle de st\u00e9ro\u00efdes, il est n\u00e9cessaire de l\u2019utiliser pendant au moins 12 semaines pour obtenir de bons r\u00e9sultats.<\/p>\n<p class=\"\" data-start=\"1252\" data-end=\"1457\">Puisqu\u2019il s\u2019agit d\u2019un st\u00e9ro\u00efde qui augmente l\u2019app\u00e9tit, la <strong data-start=\"1310\" data-end=\"1336\">Bold\u00e9none Und\u00e9cyl\u00e9nate<\/strong> peut \u00eatre difficile \u00e0 utiliser lorsqu\u2019on cherche une d\u00e9finition musculaire, mais cela ne s\u2019applique pas \u00e0 tout le monde.<\/p>\n<p class=\"\" data-start=\"1459\" data-end=\"1678\">La <strong data-start=\"1462\" data-end=\"1488\">Bold\u00e9none Und\u00e9cyl\u00e9nate<\/strong> est souvent utilis\u00e9e en combinaison avec d\u2019autres st\u00e9ro\u00efdes comme la testost\u00e9rone pour de meilleurs r\u00e9sultats. Elle augmentera la force musculaire et entra\u00eenera d\u2019importants gains de masse.<\/p>\n<hr class=\"\" data-start=\"1680\" data-end=\"1683\" \/>\n<h3 class=\"\" data-start=\"1685\" data-end=\"1728\"><strong data-start=\"1689\" data-end=\"1728\">Dosage de la Bold\u00e9none Und\u00e9cyl\u00e9nate<\/strong><\/h3>\n<p class=\"\" data-start=\"1730\" data-end=\"2322\">Il est recommand\u00e9 d\u2019utiliser la <strong data-start=\"1762\" data-end=\"1788\">Bold\u00e9none Und\u00e9cyl\u00e9nate<\/strong> au moins une fois par semaine \u00e0 des doses de <strong data-start=\"1834\" data-end=\"1858\">200 \u00e0 600 mg\/semaine<\/strong>. La dose optimale est de <strong data-start=\"1884\" data-end=\"1906\">500-600 mg\/semaine<\/strong>. Elle peut \u00e9galement \u00eatre administr\u00e9e en doses plus petites tous les deux jours, tant que la quantit\u00e9 hebdomadaire souhait\u00e9e est atteinte. Il est important de changer le site d\u2019injection pour \u00e9viter les irritations. Si une trop grande quantit\u00e9 de substance huileuse est inject\u00e9e au m\u00eame endroit, des complications chirurgicales peuvent survenir. Pour \u00e9viter cela, il ne faut pas injecter plus de <strong data-start=\"2303\" data-end=\"2311\">3 ml<\/strong> \u00e0 la fois.<\/p>\n<p class=\"\" data-start=\"2324\" data-end=\"2448\">Un cycle avec <strong data-start=\"2338\" data-end=\"2351\">Equipoise<\/strong> devrait durer au moins <strong data-start=\"2375\" data-end=\"2389\">8 semaines<\/strong>, avec une possibilit\u00e9 d\u2019extension jusqu\u2019\u00e0 <strong data-start=\"2432\" data-end=\"2447\">16 semaines<\/strong>.<\/p>\n<p class=\"\" data-start=\"2450\" data-end=\"2547\">La <strong data-start=\"2453\" data-end=\"2479\">Bold\u00e9none Und\u00e9cyl\u00e9nate<\/strong> peut \u00eatre utilis\u00e9e par les femmes \u00e0 des doses de <strong data-start=\"2529\" data-end=\"2546\">50 mg\/semaine<\/strong>.<\/p>\n<hr class=\"\" data-start=\"2549\" data-end=\"2552\" \/>\n<h3 class=\"\" data-start=\"2554\" data-end=\"2596\"><strong data-start=\"2558\" data-end=\"2596\">Effets Secondaires de la Bold\u00e9none<\/strong><\/h3>\n<p class=\"\" data-start=\"2598\" data-end=\"2761\">Les effets secondaires associ\u00e9s \u00e0 ce st\u00e9ro\u00efde sont g\u00e9n\u00e9ralement l\u00e9gers, sauf en cas de surdosage. \u00c0 tr\u00e8s faibles doses, il peut m\u00eame \u00eatre utilis\u00e9 par des athl\u00e8tes.<\/p>\n<p><\/p>","protected":false},"excerpt":{"rendered":"<p>Bold\u00e9none Und\u00e9cyl\u00e9nate a \u00e9t\u00e9 d\u00e9velopp\u00e9e dans le but de cr\u00e9er un ester injectable de M\u00e9thandi\u00e9none \u00e0 action prolong\u00e9e, mais le<\/p>\n","protected":false},"featured_media":9992,"comment_status":"open","ping_status":"closed","template":"","meta":[],"product_brand":[],"product_cat":[69,3474],"product_tag":[],"class_list":{"0":"post-9991","1":"product","2":"type-product","3":"status-publish","4":"has-post-thumbnail","6":"product_cat-esteroides_inyectables","7":"product_cat-packs","9":"first","10":"outofstock","11":"sale","12":"shipping-taxable","13":"purchasable","14":"product-type-simple"},"yoast_head":"<!-- This site is optimized with the Yoast SEO Premium plugin v24.4 (Yoast SEO v27.3) - https:\/\/yoast.com\/product\/yoast-seo-premium-wordpress\/ -->\n<title>BOLDENON PACK 3 - (Espa\u00f1ol) Esteroides en l\u00ednea<\/title>\n<meta name=\"description\" content=\"Bold\u00e9none Und\u00e9cyl\u00e9nate (Equipoise) : Anabolisant (similaire \u00e0 la testo), androg\u00e9nicit\u00e9 plus faible. Bon pour un gain musculaire lent et de qualit\u00e9, la force et la vascularisation. Cycle de 12+ semaines (hommes 200-600mg\/semaine, femmes 50mg\/semaine). Peut augmenter l&#039;app\u00e9tit.\" \/>\n<meta name=\"robots\" content=\"index, follow, max-snippet:-1, max-image-preview:large, max-video-preview:-1\" \/>\n<link rel=\"canonical\" href=\"https:\/\/iberoid-shop.com\/fr\/product\/pack3-boldenon-mp-pharm\/\" \/>\n<meta property=\"og:locale\" content=\"fr_FR\" \/>\n<meta property=\"og:type\" content=\"article\" \/>\n<meta property=\"og:title\" content=\"BOLDENON PACK 3\" \/>\n<meta property=\"og:description\" content=\"Bold\u00e9none Und\u00e9cyl\u00e9nate (Equipoise) : Anabolisant (similaire \u00e0 la testo), androg\u00e9nicit\u00e9 plus faible. Bon pour un gain musculaire lent et de qualit\u00e9, la force et la vascularisation. Cycle de 12+ semaines (hommes 200-600mg\/semaine, femmes 50mg\/semaine). Peut augmenter l&#039;app\u00e9tit.\" \/>\n<meta property=\"og:url\" content=\"https:\/\/iberoid-shop.com\/fr\/product\/pack3-boldenon-mp-pharm\/\" \/>\n<meta property=\"og:site_name\" content=\"(Espa\u00f1ol) Esteroides en l\u00ednea\" \/>\n<meta property=\"article:modified_time\" content=\"2026-03-29T15:58:21+00:00\" \/>\n<meta property=\"og:image\" content=\"https:\/\/iberoid-shop.com\/wp-content\/uploads\/2025\/04\/B3-scaled.jpg?v=1743616607\" \/>\n\t<meta property=\"og:image:width\" content=\"2560\" \/>\n\t<meta property=\"og:image:height\" content=\"2024\" \/>\n\t<meta property=\"og:image:type\" content=\"image\/jpeg\" \/>\n<meta name=\"twitter:card\" content=\"summary_large_image\" \/>\n<meta name=\"twitter:label1\" content=\"Prix\" \/>\n\t<meta name=\"twitter:data1\" content=\"&euro;55.00\" \/>\n\t<meta name=\"twitter:label2\" content=\"Disponibilit\u00e9\" \/>\n\t<meta name=\"twitter:data2\" content=\"Rupture de stock\" \/>\n<script type=\"application\/ld+json\" class=\"yoast-schema-graph\">{\"@context\":\"https:\\\/\\\/schema.org\",\"@graph\":[{\"@type\":\"WebPage\",\"@id\":\"https:\\\/\\\/iberoid-shop.com\\\/fr\\\/product\\\/pack3-boldenon-mp-pharm\\\/\",\"url\":\"https:\\\/\\\/iberoid-shop.com\\\/fr\\\/product\\\/pack3-boldenon-mp-pharm\\\/\",\"name\":\"BOLDENON PACK 3 - (Espa\u00f1ol) Esteroides en l\u00ednea\",\"isPartOf\":{\"@id\":\"https:\\\/\\\/iberoid-shop.com\\\/fr\\\/#website\"},\"primaryImageOfPage\":{\"@id\":\"https:\\\/\\\/iberoid-shop.com\\\/fr\\\/product\\\/pack3-boldenon-mp-pharm\\\/#primaryimage\"},\"image\":{\"@id\":\"https:\\\/\\\/iberoid-shop.com\\\/fr\\\/product\\\/pack3-boldenon-mp-pharm\\\/#primaryimage\"},\"thumbnailUrl\":\"https:\\\/\\\/iberoid-shop.com\\\/wp-content\\\/uploads\\\/2025\\\/04\\\/B3-scaled.jpg?v=1743616607\",\"datePublished\":\"2025-04-02T17:57:14+00:00\",\"dateModified\":\"2026-03-29T15:58:21+00:00\",\"description\":\"Bold\u00e9none Und\u00e9cyl\u00e9nate (Equipoise) : Anabolisant (similaire \u00e0 la testo), androg\u00e9nicit\u00e9 plus faible. Bon pour un gain musculaire lent et de qualit\u00e9, la force et la vascularisation. Cycle de 12+ semaines (hommes 200-600mg\\\/semaine, femmes 50mg\\\/semaine). Peut augmenter l'app\u00e9tit.\",\"breadcrumb\":{\"@id\":\"https:\\\/\\\/iberoid-shop.com\\\/fr\\\/product\\\/pack3-boldenon-mp-pharm\\\/#breadcrumb\"},\"inLanguage\":\"fr-FR\",\"potentialAction\":[{\"@type\":\"ReadAction\",\"target\":[[\"https:\\\/\\\/iberoid-shop.com\\\/fr\\\/product\\\/pack3-boldenon-mp-pharm\\\/\"]]}]},{\"@type\":\"ImageObject\",\"inLanguage\":\"fr-FR\",\"@id\":\"https:\\\/\\\/iberoid-shop.com\\\/fr\\\/product\\\/pack3-boldenon-mp-pharm\\\/#primaryimage\",\"url\":\"https:\\\/\\\/iberoid-shop.com\\\/wp-content\\\/uploads\\\/2025\\\/04\\\/B3-scaled.jpg?v=1743616607\",\"contentUrl\":\"https:\\\/\\\/iberoid-shop.com\\\/wp-content\\\/uploads\\\/2025\\\/04\\\/B3-scaled.jpg?v=1743616607\",\"width\":2560,\"height\":2024},{\"@type\":\"BreadcrumbList\",\"@id\":\"https:\\\/\\\/iberoid-shop.com\\\/fr\\\/product\\\/pack3-boldenon-mp-pharm\\\/#breadcrumb\",\"itemListElement\":[{\"@type\":\"ListItem\",\"position\":1,\"name\":\"Portada\",\"item\":\"https:\\\/\\\/iberoid-shop.com\\\/fr\\\/\"},{\"@type\":\"ListItem\",\"position\":2,\"name\":\"Magasin\",\"item\":\"https:\\\/\\\/iberoid-shop.com\\\/fr\\\/shop\\\/\"},{\"@type\":\"ListItem\",\"position\":3,\"name\":\"BOLDENON PACK 3\"}]},{\"@type\":\"WebSite\",\"@id\":\"https:\\\/\\\/iberoid-shop.com\\\/fr\\\/#website\",\"url\":\"https:\\\/\\\/iberoid-shop.com\\\/fr\\\/\",\"name\":\"(Espa\u00f1ol) Esteroides en l\u00ednea\",\"description\":\"(Espa\u00f1ol) Comprar esteroides en l\u00ednea hoy en Espa\u00f1a y Portugal. Tenemos el mejor servicio al cliente en la industria y los productos de la m\u00e1s alta calidad\",\"potentialAction\":[{\"@type\":\"SearchAction\",\"target\":{\"@type\":\"EntryPoint\",\"urlTemplate\":\"https:\\\/\\\/iberoid-shop.com\\\/fr\\\/?s={search_term_string}\"},\"query-input\":{\"@type\":\"PropertyValueSpecification\",\"valueRequired\":true,\"valueName\":\"search_term_string\"}}],\"inLanguage\":\"fr-FR\"}]}<\/script>\n<meta property=\"product:brand\" content=\"Mp-Pharm\" \/>\n<meta property=\"product:price:amount\" content=\"55.00\" \/>\n<meta property=\"product:price:currency\" content=\"EUR\" \/>\n<meta property=\"og:availability\" content=\"out of stock\" \/>\n<meta property=\"product:availability\" content=\"out of stock\" \/>\n<meta property=\"product:condition\" content=\"new\" \/>\n<!-- \/ Yoast SEO Premium plugin. -->","yoast_head_json":{"title":"BOLDENON PACK 3 - (Espa\u00f1ol) Esteroides en l\u00ednea","description":"Bold\u00e9none Und\u00e9cyl\u00e9nate (Equipoise) : Anabolisant (similaire \u00e0 la testo), androg\u00e9nicit\u00e9 plus faible. Bon pour un gain musculaire lent et de qualit\u00e9, la force et la vascularisation. Cycle de 12+ semaines (hommes 200-600mg\/semaine, femmes 50mg\/semaine). Peut augmenter l'app\u00e9tit.","robots":{"index":"index","follow":"follow","max-snippet":"max-snippet:-1","max-image-preview":"max-image-preview:large","max-video-preview":"max-video-preview:-1"},"canonical":"https:\/\/iberoid-shop.com\/fr\/product\/pack3-boldenon-mp-pharm\/","og_locale":"fr_FR","og_type":"article","og_title":"BOLDENON PACK 3","og_description":"Bold\u00e9none Und\u00e9cyl\u00e9nate (Equipoise) : Anabolisant (similaire \u00e0 la testo), androg\u00e9nicit\u00e9 plus faible. Bon pour un gain musculaire lent et de qualit\u00e9, la force et la vascularisation. Cycle de 12+ semaines (hommes 200-600mg\/semaine, femmes 50mg\/semaine). Peut augmenter l'app\u00e9tit.","og_url":"https:\/\/iberoid-shop.com\/fr\/product\/pack3-boldenon-mp-pharm\/","og_site_name":"(Espa\u00f1ol) Esteroides en l\u00ednea","article_modified_time":"2026-03-29T15:58:21+00:00","og_image":[{"width":2560,"height":2024,"url":"https:\/\/iberoid-shop.com\/wp-content\/uploads\/2025\/04\/B3-scaled.jpg?v=1743616607","type":"image\/jpeg"}],"twitter_card":"summary_large_image","twitter_misc":{"Prix":"&euro;55.00","Disponibilit\u00e9":"Rupture de stock"},"schema":{"@context":"https:\/\/schema.org","@graph":[{"@type":"WebPage","@id":"https:\/\/iberoid-shop.com\/fr\/product\/pack3-boldenon-mp-pharm\/","url":"https:\/\/iberoid-shop.com\/fr\/product\/pack3-boldenon-mp-pharm\/","name":"BOLDENON PACK 3 - (Espa\u00f1ol) Esteroides en l\u00ednea","isPartOf":{"@id":"https:\/\/iberoid-shop.com\/fr\/#website"},"primaryImageOfPage":{"@id":"https:\/\/iberoid-shop.com\/fr\/product\/pack3-boldenon-mp-pharm\/#primaryimage"},"image":{"@id":"https:\/\/iberoid-shop.com\/fr\/product\/pack3-boldenon-mp-pharm\/#primaryimage"},"thumbnailUrl":"https:\/\/iberoid-shop.com\/wp-content\/uploads\/2025\/04\/B3-scaled.jpg?v=1743616607","datePublished":"2025-04-02T17:57:14+00:00","dateModified":"2026-03-29T15:58:21+00:00","description":"Bold\u00e9none Und\u00e9cyl\u00e9nate (Equipoise) : Anabolisant (similaire \u00e0 la testo), androg\u00e9nicit\u00e9 plus faible. Bon pour un gain musculaire lent et de qualit\u00e9, la force et la vascularisation. Cycle de 12+ semaines (hommes 200-600mg\/semaine, femmes 50mg\/semaine). Peut augmenter l'app\u00e9tit.","breadcrumb":{"@id":"https:\/\/iberoid-shop.com\/fr\/product\/pack3-boldenon-mp-pharm\/#breadcrumb"},"inLanguage":"fr-FR","potentialAction":[{"@type":"ReadAction","target":[["https:\/\/iberoid-shop.com\/fr\/product\/pack3-boldenon-mp-pharm\/"]]}]},{"@type":"ImageObject","inLanguage":"fr-FR","@id":"https:\/\/iberoid-shop.com\/fr\/product\/pack3-boldenon-mp-pharm\/#primaryimage","url":"https:\/\/iberoid-shop.com\/wp-content\/uploads\/2025\/04\/B3-scaled.jpg?v=1743616607","contentUrl":"https:\/\/iberoid-shop.com\/wp-content\/uploads\/2025\/04\/B3-scaled.jpg?v=1743616607","width":2560,"height":2024},{"@type":"BreadcrumbList","@id":"https:\/\/iberoid-shop.com\/fr\/product\/pack3-boldenon-mp-pharm\/#breadcrumb","itemListElement":[{"@type":"ListItem","position":1,"name":"Portada","item":"https:\/\/iberoid-shop.com\/fr\/"},{"@type":"ListItem","position":2,"name":"Magasin","item":"https:\/\/iberoid-shop.com\/fr\/shop\/"},{"@type":"ListItem","position":3,"name":"BOLDENON PACK 3"}]},{"@type":"WebSite","@id":"https:\/\/iberoid-shop.com\/fr\/#website","url":"https:\/\/iberoid-shop.com\/fr\/","name":"(Espa\u00f1ol) Esteroides en l\u00ednea","description":"(Espa\u00f1ol) Comprar esteroides en l\u00ednea hoy en Espa\u00f1a y Portugal. Tenemos el mejor servicio al cliente en la industria y los productos de la m\u00e1s alta calidad","potentialAction":[{"@type":"SearchAction","target":{"@type":"EntryPoint","urlTemplate":"https:\/\/iberoid-shop.com\/fr\/?s={search_term_string}"},"query-input":{"@type":"PropertyValueSpecification","valueRequired":true,"valueName":"search_term_string"}}],"inLanguage":"fr-FR"}]},"product_brand":"Mp-Pharm","product_price_amount":"55.00","product_price_currency":"EUR","og_availability":"out of stock","product_availability":"out of stock","product_condition":"new"},"_links":{"self":[{"href":"https:\/\/iberoid-shop.com\/fr\/wp-json\/wp\/v2\/product\/9991","targetHints":{"allow":["GET"]}}],"collection":[{"href":"https:\/\/iberoid-shop.com\/fr\/wp-json\/wp\/v2\/product"}],"about":[{"href":"https:\/\/iberoid-shop.com\/fr\/wp-json\/wp\/v2\/types\/product"}],"replies":[{"embeddable":true,"href":"https:\/\/iberoid-shop.com\/fr\/wp-json\/wp\/v2\/comments?post=9991"}],"wp:featuredmedia":[{"embeddable":true,"href":"https:\/\/iberoid-shop.com\/fr\/wp-json\/wp\/v2\/media\/9992"}],"wp:attachment":[{"href":"https:\/\/iberoid-shop.com\/fr\/wp-json\/wp\/v2\/media?parent=9991"}],"wp:term":[{"taxonomy":"product_brand","embeddable":true,"href":"https:\/\/iberoid-shop.com\/fr\/wp-json\/wp\/v2\/product_brand?post=9991"},{"taxonomy":"product_cat","embeddable":true,"href":"https:\/\/iberoid-shop.com\/fr\/wp-json\/wp\/v2\/product_cat?post=9991"},{"taxonomy":"product_tag","embeddable":true,"href":"https:\/\/iberoid-shop.com\/fr\/wp-json\/wp\/v2\/product_tag?post=9991"}],"curies":[{"name":"wp","href":"https:\/\/api.w.org\/{rel}","templated":true}]}}