{"id":9936,"date":"2025-02-16T09:07:21","date_gmt":"2025-02-16T09:07:21","guid":{"rendered":"https:\/\/iberoid-shop.com\/?post_type=product&#038;p=9936"},"modified":"2025-06-13T12:12:26","modified_gmt":"2025-06-13T12:12:26","slug":"pack3-stanozolol-suspension-water-genetic","status":"publish","type":"product","link":"https:\/\/iberoid-shop.com\/fr\/product\/pack3-stanozolol-suspension-water-genetic\/","title":{"rendered":"PACK 3 STANOZOLOL water suspension"},"content":{"rendered":"<p><strong>STANOZOLOL 50mg<\/strong>\u00a0\u2013 est un m\u00e9dicament efficace s&rsquo;il est administr\u00e9 correctement. Il est important de conna\u00eetre les 2 formes diff\u00e9rentes de ce m\u00e9dicament : orale et injectable. Alors que \u00ab\u00a0STANOZOLOL\u00a0\u00bb fait souvent r\u00e9f\u00e9rence aux comprim\u00e9s, \u00ab\u00a0Stanozolol\u00a0\u00bb d\u00e9signe la forme injectable de ce m\u00e9dicament pour une application intramusculaire.<\/p>\n<p>L&rsquo;une des propri\u00e9t\u00e9s du Stanozolol est la suivante : le principe actif est dissous dans l&rsquo;eau, et non dans l&rsquo;huile.<br \/>\n<strong>Stanozolol 50mg<\/strong>\u00a0\u2013 peut \u00eatre utilis\u00e9 \u00e0 la fois pour des besoins th\u00e9rapeutiques et athl\u00e9tiques. Ce m\u00e9dicament peut \u00eatre prescrit en cas d&rsquo;an\u00e9mie et d&rsquo;angio-\u0153d\u00e8me h\u00e9r\u00e9ditaire. Bien que l&rsquo;an\u00e9mie soit une maladie connue de nombreuses personnes, il est important de mentionner ce que repr\u00e9sente l&rsquo;angio-\u0153d\u00e8me. Il s&rsquo;agit d&rsquo;un gonflement rapide du derme, de la muqueuse, des tissus sous-cutan\u00e9s et sous-muqueux.<\/p>\n<p>En ce qui concerne les besoins athl\u00e9tiques, le Stanozolol est efficacement utilis\u00e9 principalement pour les phases de d\u00e9finition, mais il peut \u00e9galement \u00eatre utile pour les cycles de prise de masse. De nombreux bodybuilders et autres athl\u00e8tes pr\u00e9f\u00e8rent utiliser ce m\u00e9dicament plut\u00f4t que d&rsquo;autres st\u00e9ro\u00efdes. Il existe certaines raisons qui peuvent expliquer ce choix. Ce m\u00e9dicament ne provoque pas de prise de poids significative ni de r\u00e9tention d&rsquo;eau. Ainsi, ceux qui utilisent ce st\u00e9ro\u00efde ne s&rsquo;inqui\u00e8tent pas de ces effets d\u00e9sagr\u00e9ables. De plus, on dit que ce m\u00e9dicament agit comme un diur\u00e9tique, augmentant l&rsquo;excr\u00e9tion d&rsquo;eau du corps des utilisateurs. Ainsi, les sportifs peuvent gagner en masse musculaire sans accumulation de liquide et de graisse gr\u00e2ce \u00e0 l&rsquo;utilisation de ce m\u00e9dicament. Si l&rsquo;administration de Stanozolol est accompagn\u00e9e d&rsquo;un r\u00e9gime alimentaire appropri\u00e9, les utilisateurs obtiennent des muscles durs.<\/p>\n<p>Il est affirm\u00e9 que\u00a0<strong>25-50 mg de Stanozolol oral<\/strong>\u00a0constituent une dose quotidienne normale. Mais que peut-on dire concernant la dose de la forme injectable de ce m\u00e9dicament ? Il existe de nombreuses opinions d&rsquo;utilisateurs qui peuvent \u00eatre assez controvers\u00e9es. Plusieurs bodybuilders exp\u00e9riment\u00e9s confirment que\u00a0<strong>100 mg de Stanozolol<\/strong>\u00a0peuvent \u00eatre pris quotidiennement pendant un cycle d&rsquo;environ 2 mois. Il n&rsquo;est pas possible de confirmer qu&rsquo;ils ne subissent aucun effet ind\u00e9sirable en utilisant une dose aussi \u00e9lev\u00e9e de ce m\u00e9dicament. Les d\u00e9butants confirment qu&rsquo;une dose aussi \u00e9lev\u00e9e de ce m\u00e9dicament provoque une perte de cheveux et de l&rsquo;acn\u00e9. Alors, quelle est la quantit\u00e9 appropri\u00e9e de Stanozolol pour les hommes ? Il est affirm\u00e9 que\u00a0<strong>35-75 mg<\/strong>\u00a0de ce m\u00e9dicament constituent une dose suffisante pour les hommes.<\/p>","protected":false},"excerpt":{"rendered":"<p>STANOZOLOL 50mg\u00a0\u2013 est un m\u00e9dicament efficace s&rsquo;il est administr\u00e9 correctement. Il est important de conna\u00eetre les 2 formes diff\u00e9rentes de<\/p>\n","protected":false},"featured_media":9901,"comment_status":"open","ping_status":"closed","template":"","meta":[],"product_brand":[],"product_cat":[69,3474],"product_tag":[],"class_list":{"0":"post-9936","1":"product","2":"type-product","3":"status-publish","4":"has-post-thumbnail","6":"product_cat-esteroides_inyectables","7":"product_cat-packs","9":"first","10":"outofstock","11":"shipping-taxable","12":"purchasable","13":"product-type-simple"},"yoast_head":"<!-- This site is optimized with the Yoast SEO Premium plugin v24.4 (Yoast SEO v27.3) - https:\/\/yoast.com\/product\/yoast-seo-premium-wordpress\/ -->\n<title>PACK 3 STANOZOLOL water suspension - (Espa\u00f1ol) Esteroides en l\u00ednea<\/title>\n<meta name=\"description\" content=\"Stanozolol 50 mg : Efficace pour l&#039;an\u00e9mie, l&#039;angio-\u0153d\u00e8me et l&#039;usage sportif. Disponible sous forme orale et injectable. Favorise la croissance musculaire avec une r\u00e9tention d&#039;eau minimale.\" \/>\n<meta name=\"robots\" content=\"index, follow, max-snippet:-1, max-image-preview:large, max-video-preview:-1\" \/>\n<link rel=\"canonical\" href=\"https:\/\/iberoid-shop.com\/fr\/product\/pack3-stanozolol-suspension-water-genetic\/\" \/>\n<meta property=\"og:locale\" content=\"fr_FR\" \/>\n<meta property=\"og:type\" content=\"article\" \/>\n<meta property=\"og:title\" content=\"PACK 3 STANOZOLOL water suspension\" \/>\n<meta property=\"og:description\" content=\"Stanozolol 50 mg : Efficace pour l&#039;an\u00e9mie, l&#039;angio-\u0153d\u00e8me et l&#039;usage sportif. Disponible sous forme orale et injectable. Favorise la croissance musculaire avec une r\u00e9tention d&#039;eau minimale.\" \/>\n<meta property=\"og:url\" content=\"https:\/\/iberoid-shop.com\/fr\/product\/pack3-stanozolol-suspension-water-genetic\/\" \/>\n<meta property=\"og:site_name\" content=\"(Espa\u00f1ol) Esteroides en l\u00ednea\" \/>\n<meta property=\"article:modified_time\" content=\"2025-06-13T12:12:26+00:00\" \/>\n<meta property=\"og:image\" content=\"https:\/\/iberoid-shop.com\/wp-content\/uploads\/2025\/01\/stan-gene.jpg?v=1737898379\" \/>\n\t<meta property=\"og:image:width\" content=\"2200\" \/>\n\t<meta property=\"og:image:height\" content=\"1540\" \/>\n\t<meta property=\"og:image:type\" content=\"image\/jpeg\" \/>\n<meta name=\"twitter:card\" content=\"summary_large_image\" \/>\n<meta name=\"twitter:label1\" content=\"Prix\" \/>\n\t<meta name=\"twitter:data1\" content=\"&euro;90.00\" \/>\n\t<meta name=\"twitter:label2\" content=\"Disponibilit\u00e9\" \/>\n\t<meta name=\"twitter:data2\" content=\"Rupture de stock\" \/>\n<script type=\"application\/ld+json\" class=\"yoast-schema-graph\">{\"@context\":\"https:\\\/\\\/schema.org\",\"@graph\":[{\"@type\":\"WebPage\",\"@id\":\"https:\\\/\\\/iberoid-shop.com\\\/fr\\\/product\\\/pack3-stanozolol-suspension-water-genetic\\\/\",\"url\":\"https:\\\/\\\/iberoid-shop.com\\\/fr\\\/product\\\/pack3-stanozolol-suspension-water-genetic\\\/\",\"name\":\"PACK 3 STANOZOLOL water suspension - (Espa\u00f1ol) Esteroides en l\u00ednea\",\"isPartOf\":{\"@id\":\"https:\\\/\\\/iberoid-shop.com\\\/fr\\\/#website\"},\"primaryImageOfPage\":{\"@id\":\"https:\\\/\\\/iberoid-shop.com\\\/fr\\\/product\\\/pack3-stanozolol-suspension-water-genetic\\\/#primaryimage\"},\"image\":{\"@id\":\"https:\\\/\\\/iberoid-shop.com\\\/fr\\\/product\\\/pack3-stanozolol-suspension-water-genetic\\\/#primaryimage\"},\"thumbnailUrl\":\"https:\\\/\\\/iberoid-shop.com\\\/wp-content\\\/uploads\\\/2025\\\/01\\\/stan-gene.jpg?v=1737898379\",\"datePublished\":\"2025-02-16T09:07:21+00:00\",\"dateModified\":\"2025-06-13T12:12:26+00:00\",\"description\":\"Stanozolol 50 mg : Efficace pour l'an\u00e9mie, l'angio-\u0153d\u00e8me et l'usage sportif. Disponible sous forme orale et injectable. Favorise la croissance musculaire avec une r\u00e9tention d'eau minimale.\",\"breadcrumb\":{\"@id\":\"https:\\\/\\\/iberoid-shop.com\\\/fr\\\/product\\\/pack3-stanozolol-suspension-water-genetic\\\/#breadcrumb\"},\"inLanguage\":\"fr-FR\",\"potentialAction\":[{\"@type\":\"ReadAction\",\"target\":[[\"https:\\\/\\\/iberoid-shop.com\\\/fr\\\/product\\\/pack3-stanozolol-suspension-water-genetic\\\/\"]]}]},{\"@type\":\"ImageObject\",\"inLanguage\":\"fr-FR\",\"@id\":\"https:\\\/\\\/iberoid-shop.com\\\/fr\\\/product\\\/pack3-stanozolol-suspension-water-genetic\\\/#primaryimage\",\"url\":\"https:\\\/\\\/iberoid-shop.com\\\/wp-content\\\/uploads\\\/2025\\\/01\\\/stan-gene.jpg?v=1737898379\",\"contentUrl\":\"https:\\\/\\\/iberoid-shop.com\\\/wp-content\\\/uploads\\\/2025\\\/01\\\/stan-gene.jpg?v=1737898379\",\"width\":2200,\"height\":1540},{\"@type\":\"BreadcrumbList\",\"@id\":\"https:\\\/\\\/iberoid-shop.com\\\/fr\\\/product\\\/pack3-stanozolol-suspension-water-genetic\\\/#breadcrumb\",\"itemListElement\":[{\"@type\":\"ListItem\",\"position\":1,\"name\":\"Portada\",\"item\":\"https:\\\/\\\/iberoid-shop.com\\\/fr\\\/\"},{\"@type\":\"ListItem\",\"position\":2,\"name\":\"Magasin\",\"item\":\"https:\\\/\\\/iberoid-shop.com\\\/fr\\\/shop\\\/\"},{\"@type\":\"ListItem\",\"position\":3,\"name\":\"PACK 3 STANOZOLOL water suspension\"}]},{\"@type\":\"WebSite\",\"@id\":\"https:\\\/\\\/iberoid-shop.com\\\/fr\\\/#website\",\"url\":\"https:\\\/\\\/iberoid-shop.com\\\/fr\\\/\",\"name\":\"(Espa\u00f1ol) Esteroides en l\u00ednea\",\"description\":\"(Espa\u00f1ol) Comprar esteroides en l\u00ednea hoy en Espa\u00f1a y Portugal. Tenemos el mejor servicio al cliente en la industria y los productos de la m\u00e1s alta calidad\",\"potentialAction\":[{\"@type\":\"SearchAction\",\"target\":{\"@type\":\"EntryPoint\",\"urlTemplate\":\"https:\\\/\\\/iberoid-shop.com\\\/fr\\\/?s={search_term_string}\"},\"query-input\":{\"@type\":\"PropertyValueSpecification\",\"valueRequired\":true,\"valueName\":\"search_term_string\"}}],\"inLanguage\":\"fr-FR\"}]}<\/script>\n<meta property=\"product:brand\" content=\"Genetic Life Science\" \/>\n<meta property=\"product:price:amount\" content=\"90.00\" \/>\n<meta property=\"product:price:currency\" content=\"EUR\" \/>\n<meta property=\"og:availability\" content=\"out of stock\" \/>\n<meta property=\"product:availability\" content=\"out of stock\" \/>\n<meta property=\"product:condition\" content=\"new\" \/>\n<!-- \/ Yoast SEO Premium plugin. -->","yoast_head_json":{"title":"PACK 3 STANOZOLOL water suspension - (Espa\u00f1ol) Esteroides en l\u00ednea","description":"Stanozolol 50 mg : Efficace pour l'an\u00e9mie, l'angio-\u0153d\u00e8me et l'usage sportif. Disponible sous forme orale et injectable. Favorise la croissance musculaire avec une r\u00e9tention d'eau minimale.","robots":{"index":"index","follow":"follow","max-snippet":"max-snippet:-1","max-image-preview":"max-image-preview:large","max-video-preview":"max-video-preview:-1"},"canonical":"https:\/\/iberoid-shop.com\/fr\/product\/pack3-stanozolol-suspension-water-genetic\/","og_locale":"fr_FR","og_type":"article","og_title":"PACK 3 STANOZOLOL water suspension","og_description":"Stanozolol 50 mg : Efficace pour l'an\u00e9mie, l'angio-\u0153d\u00e8me et l'usage sportif. Disponible sous forme orale et injectable. Favorise la croissance musculaire avec une r\u00e9tention d'eau minimale.","og_url":"https:\/\/iberoid-shop.com\/fr\/product\/pack3-stanozolol-suspension-water-genetic\/","og_site_name":"(Espa\u00f1ol) Esteroides en l\u00ednea","article_modified_time":"2025-06-13T12:12:26+00:00","og_image":[{"width":2200,"height":1540,"url":"https:\/\/iberoid-shop.com\/wp-content\/uploads\/2025\/01\/stan-gene.jpg?v=1737898379","type":"image\/jpeg"}],"twitter_card":"summary_large_image","twitter_misc":{"Prix":"&euro;90.00","Disponibilit\u00e9":"Rupture de stock"},"schema":{"@context":"https:\/\/schema.org","@graph":[{"@type":"WebPage","@id":"https:\/\/iberoid-shop.com\/fr\/product\/pack3-stanozolol-suspension-water-genetic\/","url":"https:\/\/iberoid-shop.com\/fr\/product\/pack3-stanozolol-suspension-water-genetic\/","name":"PACK 3 STANOZOLOL water suspension - (Espa\u00f1ol) Esteroides en l\u00ednea","isPartOf":{"@id":"https:\/\/iberoid-shop.com\/fr\/#website"},"primaryImageOfPage":{"@id":"https:\/\/iberoid-shop.com\/fr\/product\/pack3-stanozolol-suspension-water-genetic\/#primaryimage"},"image":{"@id":"https:\/\/iberoid-shop.com\/fr\/product\/pack3-stanozolol-suspension-water-genetic\/#primaryimage"},"thumbnailUrl":"https:\/\/iberoid-shop.com\/wp-content\/uploads\/2025\/01\/stan-gene.jpg?v=1737898379","datePublished":"2025-02-16T09:07:21+00:00","dateModified":"2025-06-13T12:12:26+00:00","description":"Stanozolol 50 mg : Efficace pour l'an\u00e9mie, l'angio-\u0153d\u00e8me et l'usage sportif. Disponible sous forme orale et injectable. Favorise la croissance musculaire avec une r\u00e9tention d'eau minimale.","breadcrumb":{"@id":"https:\/\/iberoid-shop.com\/fr\/product\/pack3-stanozolol-suspension-water-genetic\/#breadcrumb"},"inLanguage":"fr-FR","potentialAction":[{"@type":"ReadAction","target":[["https:\/\/iberoid-shop.com\/fr\/product\/pack3-stanozolol-suspension-water-genetic\/"]]}]},{"@type":"ImageObject","inLanguage":"fr-FR","@id":"https:\/\/iberoid-shop.com\/fr\/product\/pack3-stanozolol-suspension-water-genetic\/#primaryimage","url":"https:\/\/iberoid-shop.com\/wp-content\/uploads\/2025\/01\/stan-gene.jpg?v=1737898379","contentUrl":"https:\/\/iberoid-shop.com\/wp-content\/uploads\/2025\/01\/stan-gene.jpg?v=1737898379","width":2200,"height":1540},{"@type":"BreadcrumbList","@id":"https:\/\/iberoid-shop.com\/fr\/product\/pack3-stanozolol-suspension-water-genetic\/#breadcrumb","itemListElement":[{"@type":"ListItem","position":1,"name":"Portada","item":"https:\/\/iberoid-shop.com\/fr\/"},{"@type":"ListItem","position":2,"name":"Magasin","item":"https:\/\/iberoid-shop.com\/fr\/shop\/"},{"@type":"ListItem","position":3,"name":"PACK 3 STANOZOLOL water suspension"}]},{"@type":"WebSite","@id":"https:\/\/iberoid-shop.com\/fr\/#website","url":"https:\/\/iberoid-shop.com\/fr\/","name":"(Espa\u00f1ol) Esteroides en l\u00ednea","description":"(Espa\u00f1ol) Comprar esteroides en l\u00ednea hoy en Espa\u00f1a y Portugal. Tenemos el mejor servicio al cliente en la industria y los productos de la m\u00e1s alta calidad","potentialAction":[{"@type":"SearchAction","target":{"@type":"EntryPoint","urlTemplate":"https:\/\/iberoid-shop.com\/fr\/?s={search_term_string}"},"query-input":{"@type":"PropertyValueSpecification","valueRequired":true,"valueName":"search_term_string"}}],"inLanguage":"fr-FR"}]},"product_brand":"Genetic Life Science","product_price_amount":"90.00","product_price_currency":"EUR","og_availability":"out of stock","product_availability":"out of stock","product_condition":"new"},"_links":{"self":[{"href":"https:\/\/iberoid-shop.com\/fr\/wp-json\/wp\/v2\/product\/9936","targetHints":{"allow":["GET"]}}],"collection":[{"href":"https:\/\/iberoid-shop.com\/fr\/wp-json\/wp\/v2\/product"}],"about":[{"href":"https:\/\/iberoid-shop.com\/fr\/wp-json\/wp\/v2\/types\/product"}],"replies":[{"embeddable":true,"href":"https:\/\/iberoid-shop.com\/fr\/wp-json\/wp\/v2\/comments?post=9936"}],"wp:featuredmedia":[{"embeddable":true,"href":"https:\/\/iberoid-shop.com\/fr\/wp-json\/wp\/v2\/media\/9901"}],"wp:attachment":[{"href":"https:\/\/iberoid-shop.com\/fr\/wp-json\/wp\/v2\/media?parent=9936"}],"wp:term":[{"taxonomy":"product_brand","embeddable":true,"href":"https:\/\/iberoid-shop.com\/fr\/wp-json\/wp\/v2\/product_brand?post=9936"},{"taxonomy":"product_cat","embeddable":true,"href":"https:\/\/iberoid-shop.com\/fr\/wp-json\/wp\/v2\/product_cat?post=9936"},{"taxonomy":"product_tag","embeddable":true,"href":"https:\/\/iberoid-shop.com\/fr\/wp-json\/wp\/v2\/product_tag?post=9936"}],"curies":[{"name":"wp","href":"https:\/\/api.w.org\/{rel}","templated":true}]}}