{"id":9905,"date":"2025-01-26T13:46:49","date_gmt":"2025-01-26T13:46:49","guid":{"rendered":"https:\/\/iberoid-shop.com\/?post_type=product&#038;p=9905"},"modified":"2026-01-11T17:33:27","modified_gmt":"2026-01-11T17:33:27","slug":"somatogen-100-ui-hormona-somatogen","status":"publish","type":"product","link":"https:\/\/iberoid-shop.com\/fr\/product\/somatogen-100-ui-hormona-somatogen\/","title":{"rendered":"SOMATOGEN 100 UI"},"content":{"rendered":"<p>SOMATROPINE 100 est l&rsquo;un des rares produits d&rsquo;hormone de croissance humaine 100 % authentiques, purs et de qualit\u00e9 pharmaceutique disponibles sur le march\u00e9 aujourd&rsquo;hui. D\u00e9velopp\u00e9e par des scientifiques de premier plan, SOMATROPINE 100 a \u00e9t\u00e9 sp\u00e9cifiquement formul\u00e9e pour offrir les meilleurs r\u00e9sultats. Chaque kit de SOMATROPINE 100 contient 10 flacons de 10 UI de HGH.<\/p>\n<p>POURQUOI DEVRIEZ-VOUS ACHETER SOMATROPINE 100 ?<\/p>\n<p>Les injections de SOMATROPINE 100 peuvent aider les personnes \u00e0 :<\/p>\n<p>\u2013 Acc\u00e9l\u00e9rer le m\u00e9tabolisme pour br\u00fbler la graisse corporelle \u2013 Augmenter la masse musculaire \u2013 Augmenter le niveau global d&rsquo;\u00e9nergie et acc\u00e9l\u00e9rer la r\u00e9cup\u00e9ration apr\u00e8s l&rsquo;exercice \u2013 Augmenter la densit\u00e9 osseuse<\/p>\n<p>En raison de ces avantages, de nombreuses personnes utilisent SOMATROPINE 100 pour am\u00e9liorer leurs capacit\u00e9s athl\u00e9tiques. Il est parfois utilis\u00e9 en combinaison avec des st\u00e9ro\u00efdes anabolisants pour augmenter la masse musculaire et am\u00e9liorer les performances athl\u00e9tiques.<\/p>","protected":false},"excerpt":{"rendered":"<p>SOMATROPINE 100 est l&rsquo;un des rares produits d&rsquo;hormone de croissance humaine 100 % authentiques, purs et de qualit\u00e9 pharmaceutique disponibles<\/p>\n","protected":false},"featured_media":9906,"comment_status":"open","ping_status":"closed","template":"","meta":[],"product_brand":[],"product_cat":[76],"product_tag":[],"class_list":{"0":"post-9905","1":"product","2":"type-product","3":"status-publish","4":"has-post-thumbnail","6":"product_cat-hgh_peptido","8":"first","9":"outofstock","10":"sale","11":"shipping-taxable","12":"purchasable","13":"product-type-simple"},"yoast_head":"<!-- This site is optimized with the Yoast SEO Premium plugin v24.4 (Yoast SEO v27.3) - https:\/\/yoast.com\/product\/yoast-seo-premium-wordpress\/ -->\n<title>SOMATOGEN 100 UI - (Espa\u00f1ol) Esteroides en l\u00ednea<\/title>\n<meta name=\"description\" content=\"SOMATROPIN 100 : HGH authentique et pure de qualit\u00e9 pharmaceutique (10 flacons de 10 UI). Acc\u00e9l\u00e8re le m\u00e9tabolisme pour br\u00fbler les graisses, augmente la masse musculaire, l&#039;\u00e9nergie, la r\u00e9cup\u00e9ration et la densit\u00e9 osseuse. Utilis\u00e9 par les athl\u00e8tes, parfois avec des st\u00e9ro\u00efdes.\" \/>\n<meta name=\"robots\" content=\"index, follow, max-snippet:-1, max-image-preview:large, max-video-preview:-1\" \/>\n<link rel=\"canonical\" href=\"https:\/\/iberoid-shop.com\/fr\/product\/somatogen-100-ui-hormona-somatogen\/\" \/>\n<meta property=\"og:locale\" content=\"fr_FR\" \/>\n<meta property=\"og:type\" content=\"article\" \/>\n<meta property=\"og:title\" content=\"SOMATOGEN 100 UI\" \/>\n<meta property=\"og:description\" content=\"SOMATROPIN 100 : HGH authentique et pure de qualit\u00e9 pharmaceutique (10 flacons de 10 UI). Acc\u00e9l\u00e8re le m\u00e9tabolisme pour br\u00fbler les graisses, augmente la masse musculaire, l&#039;\u00e9nergie, la r\u00e9cup\u00e9ration et la densit\u00e9 osseuse. Utilis\u00e9 par les athl\u00e8tes, parfois avec des st\u00e9ro\u00efdes.\" \/>\n<meta property=\"og:url\" content=\"https:\/\/iberoid-shop.com\/fr\/product\/somatogen-100-ui-hormona-somatogen\/\" \/>\n<meta property=\"og:site_name\" content=\"(Espa\u00f1ol) Esteroides en l\u00ednea\" \/>\n<meta property=\"article:modified_time\" content=\"2026-01-11T17:33:27+00:00\" \/>\n<meta property=\"og:image\" content=\"https:\/\/iberoid-shop.com\/wp-content\/uploads\/2025\/01\/somatogen.jpg?v=1737899204\" \/>\n\t<meta property=\"og:image:width\" content=\"1100\" \/>\n\t<meta property=\"og:image:height\" content=\"1100\" \/>\n\t<meta property=\"og:image:type\" content=\"image\/jpeg\" \/>\n<meta name=\"twitter:card\" content=\"summary_large_image\" \/>\n<meta name=\"twitter:label1\" content=\"Prix\" \/>\n\t<meta name=\"twitter:data1\" content=\"&euro;120.00\" \/>\n\t<meta name=\"twitter:label2\" content=\"Disponibilit\u00e9\" \/>\n\t<meta name=\"twitter:data2\" content=\"Rupture de stock\" \/>\n<script type=\"application\/ld+json\" class=\"yoast-schema-graph\">{\"@context\":\"https:\\\/\\\/schema.org\",\"@graph\":[{\"@type\":\"WebPage\",\"@id\":\"https:\\\/\\\/iberoid-shop.com\\\/fr\\\/product\\\/somatogen-100-ui-hormona-somatogen\\\/\",\"url\":\"https:\\\/\\\/iberoid-shop.com\\\/fr\\\/product\\\/somatogen-100-ui-hormona-somatogen\\\/\",\"name\":\"SOMATOGEN 100 UI - (Espa\u00f1ol) Esteroides en l\u00ednea\",\"isPartOf\":{\"@id\":\"https:\\\/\\\/iberoid-shop.com\\\/fr\\\/#website\"},\"primaryImageOfPage\":{\"@id\":\"https:\\\/\\\/iberoid-shop.com\\\/fr\\\/product\\\/somatogen-100-ui-hormona-somatogen\\\/#primaryimage\"},\"image\":{\"@id\":\"https:\\\/\\\/iberoid-shop.com\\\/fr\\\/product\\\/somatogen-100-ui-hormona-somatogen\\\/#primaryimage\"},\"thumbnailUrl\":\"https:\\\/\\\/iberoid-shop.com\\\/wp-content\\\/uploads\\\/2025\\\/01\\\/somatogen.jpg?v=1737899204\",\"datePublished\":\"2025-01-26T13:46:49+00:00\",\"dateModified\":\"2026-01-11T17:33:27+00:00\",\"description\":\"SOMATROPIN 100 : HGH authentique et pure de qualit\u00e9 pharmaceutique (10 flacons de 10 UI). Acc\u00e9l\u00e8re le m\u00e9tabolisme pour br\u00fbler les graisses, augmente la masse musculaire, l'\u00e9nergie, la r\u00e9cup\u00e9ration et la densit\u00e9 osseuse. Utilis\u00e9 par les athl\u00e8tes, parfois avec des st\u00e9ro\u00efdes.\",\"breadcrumb\":{\"@id\":\"https:\\\/\\\/iberoid-shop.com\\\/fr\\\/product\\\/somatogen-100-ui-hormona-somatogen\\\/#breadcrumb\"},\"inLanguage\":\"fr-FR\",\"potentialAction\":[{\"@type\":\"ReadAction\",\"target\":[[\"https:\\\/\\\/iberoid-shop.com\\\/fr\\\/product\\\/somatogen-100-ui-hormona-somatogen\\\/\"]]}]},{\"@type\":\"ImageObject\",\"inLanguage\":\"fr-FR\",\"@id\":\"https:\\\/\\\/iberoid-shop.com\\\/fr\\\/product\\\/somatogen-100-ui-hormona-somatogen\\\/#primaryimage\",\"url\":\"https:\\\/\\\/iberoid-shop.com\\\/wp-content\\\/uploads\\\/2025\\\/01\\\/somatogen.jpg?v=1737899204\",\"contentUrl\":\"https:\\\/\\\/iberoid-shop.com\\\/wp-content\\\/uploads\\\/2025\\\/01\\\/somatogen.jpg?v=1737899204\",\"width\":1100,\"height\":1100},{\"@type\":\"BreadcrumbList\",\"@id\":\"https:\\\/\\\/iberoid-shop.com\\\/fr\\\/product\\\/somatogen-100-ui-hormona-somatogen\\\/#breadcrumb\",\"itemListElement\":[{\"@type\":\"ListItem\",\"position\":1,\"name\":\"Portada\",\"item\":\"https:\\\/\\\/iberoid-shop.com\\\/fr\\\/\"},{\"@type\":\"ListItem\",\"position\":2,\"name\":\"Magasin\",\"item\":\"https:\\\/\\\/iberoid-shop.com\\\/fr\\\/shop\\\/\"},{\"@type\":\"ListItem\",\"position\":3,\"name\":\"SOMATOGEN 100 UI\"}]},{\"@type\":\"WebSite\",\"@id\":\"https:\\\/\\\/iberoid-shop.com\\\/fr\\\/#website\",\"url\":\"https:\\\/\\\/iberoid-shop.com\\\/fr\\\/\",\"name\":\"(Espa\u00f1ol) Esteroides en l\u00ednea\",\"description\":\"(Espa\u00f1ol) Comprar esteroides en l\u00ednea hoy en Espa\u00f1a y Portugal. Tenemos el mejor servicio al cliente en la industria y los productos de la m\u00e1s alta calidad\",\"potentialAction\":[{\"@type\":\"SearchAction\",\"target\":{\"@type\":\"EntryPoint\",\"urlTemplate\":\"https:\\\/\\\/iberoid-shop.com\\\/fr\\\/?s={search_term_string}\"},\"query-input\":{\"@type\":\"PropertyValueSpecification\",\"valueRequired\":true,\"valueName\":\"search_term_string\"}}],\"inLanguage\":\"fr-FR\"}]}<\/script>\n<meta property=\"product:price:amount\" content=\"120.00\" \/>\n<meta property=\"product:price:currency\" content=\"EUR\" \/>\n<meta property=\"og:availability\" content=\"out of stock\" \/>\n<meta property=\"product:availability\" content=\"out of stock\" \/>\n<meta property=\"product:condition\" content=\"new\" \/>\n<!-- \/ Yoast SEO Premium plugin. -->","yoast_head_json":{"title":"SOMATOGEN 100 UI - (Espa\u00f1ol) Esteroides en l\u00ednea","description":"SOMATROPIN 100 : HGH authentique et pure de qualit\u00e9 pharmaceutique (10 flacons de 10 UI). Acc\u00e9l\u00e8re le m\u00e9tabolisme pour br\u00fbler les graisses, augmente la masse musculaire, l'\u00e9nergie, la r\u00e9cup\u00e9ration et la densit\u00e9 osseuse. Utilis\u00e9 par les athl\u00e8tes, parfois avec des st\u00e9ro\u00efdes.","robots":{"index":"index","follow":"follow","max-snippet":"max-snippet:-1","max-image-preview":"max-image-preview:large","max-video-preview":"max-video-preview:-1"},"canonical":"https:\/\/iberoid-shop.com\/fr\/product\/somatogen-100-ui-hormona-somatogen\/","og_locale":"fr_FR","og_type":"article","og_title":"SOMATOGEN 100 UI","og_description":"SOMATROPIN 100 : HGH authentique et pure de qualit\u00e9 pharmaceutique (10 flacons de 10 UI). Acc\u00e9l\u00e8re le m\u00e9tabolisme pour br\u00fbler les graisses, augmente la masse musculaire, l'\u00e9nergie, la r\u00e9cup\u00e9ration et la densit\u00e9 osseuse. Utilis\u00e9 par les athl\u00e8tes, parfois avec des st\u00e9ro\u00efdes.","og_url":"https:\/\/iberoid-shop.com\/fr\/product\/somatogen-100-ui-hormona-somatogen\/","og_site_name":"(Espa\u00f1ol) Esteroides en l\u00ednea","article_modified_time":"2026-01-11T17:33:27+00:00","og_image":[{"width":1100,"height":1100,"url":"https:\/\/iberoid-shop.com\/wp-content\/uploads\/2025\/01\/somatogen.jpg?v=1737899204","type":"image\/jpeg"}],"twitter_card":"summary_large_image","twitter_misc":{"Prix":"&euro;120.00","Disponibilit\u00e9":"Rupture de stock"},"schema":{"@context":"https:\/\/schema.org","@graph":[{"@type":"WebPage","@id":"https:\/\/iberoid-shop.com\/fr\/product\/somatogen-100-ui-hormona-somatogen\/","url":"https:\/\/iberoid-shop.com\/fr\/product\/somatogen-100-ui-hormona-somatogen\/","name":"SOMATOGEN 100 UI - (Espa\u00f1ol) Esteroides en l\u00ednea","isPartOf":{"@id":"https:\/\/iberoid-shop.com\/fr\/#website"},"primaryImageOfPage":{"@id":"https:\/\/iberoid-shop.com\/fr\/product\/somatogen-100-ui-hormona-somatogen\/#primaryimage"},"image":{"@id":"https:\/\/iberoid-shop.com\/fr\/product\/somatogen-100-ui-hormona-somatogen\/#primaryimage"},"thumbnailUrl":"https:\/\/iberoid-shop.com\/wp-content\/uploads\/2025\/01\/somatogen.jpg?v=1737899204","datePublished":"2025-01-26T13:46:49+00:00","dateModified":"2026-01-11T17:33:27+00:00","description":"SOMATROPIN 100 : HGH authentique et pure de qualit\u00e9 pharmaceutique (10 flacons de 10 UI). Acc\u00e9l\u00e8re le m\u00e9tabolisme pour br\u00fbler les graisses, augmente la masse musculaire, l'\u00e9nergie, la r\u00e9cup\u00e9ration et la densit\u00e9 osseuse. Utilis\u00e9 par les athl\u00e8tes, parfois avec des st\u00e9ro\u00efdes.","breadcrumb":{"@id":"https:\/\/iberoid-shop.com\/fr\/product\/somatogen-100-ui-hormona-somatogen\/#breadcrumb"},"inLanguage":"fr-FR","potentialAction":[{"@type":"ReadAction","target":[["https:\/\/iberoid-shop.com\/fr\/product\/somatogen-100-ui-hormona-somatogen\/"]]}]},{"@type":"ImageObject","inLanguage":"fr-FR","@id":"https:\/\/iberoid-shop.com\/fr\/product\/somatogen-100-ui-hormona-somatogen\/#primaryimage","url":"https:\/\/iberoid-shop.com\/wp-content\/uploads\/2025\/01\/somatogen.jpg?v=1737899204","contentUrl":"https:\/\/iberoid-shop.com\/wp-content\/uploads\/2025\/01\/somatogen.jpg?v=1737899204","width":1100,"height":1100},{"@type":"BreadcrumbList","@id":"https:\/\/iberoid-shop.com\/fr\/product\/somatogen-100-ui-hormona-somatogen\/#breadcrumb","itemListElement":[{"@type":"ListItem","position":1,"name":"Portada","item":"https:\/\/iberoid-shop.com\/fr\/"},{"@type":"ListItem","position":2,"name":"Magasin","item":"https:\/\/iberoid-shop.com\/fr\/shop\/"},{"@type":"ListItem","position":3,"name":"SOMATOGEN 100 UI"}]},{"@type":"WebSite","@id":"https:\/\/iberoid-shop.com\/fr\/#website","url":"https:\/\/iberoid-shop.com\/fr\/","name":"(Espa\u00f1ol) Esteroides en l\u00ednea","description":"(Espa\u00f1ol) Comprar esteroides en l\u00ednea hoy en Espa\u00f1a y Portugal. Tenemos el mejor servicio al cliente en la industria y los productos de la m\u00e1s alta calidad","potentialAction":[{"@type":"SearchAction","target":{"@type":"EntryPoint","urlTemplate":"https:\/\/iberoid-shop.com\/fr\/?s={search_term_string}"},"query-input":{"@type":"PropertyValueSpecification","valueRequired":true,"valueName":"search_term_string"}}],"inLanguage":"fr-FR"}]},"product_price_amount":"120.00","product_price_currency":"EUR","og_availability":"out of stock","product_availability":"out of stock","product_condition":"new"},"_links":{"self":[{"href":"https:\/\/iberoid-shop.com\/fr\/wp-json\/wp\/v2\/product\/9905","targetHints":{"allow":["GET"]}}],"collection":[{"href":"https:\/\/iberoid-shop.com\/fr\/wp-json\/wp\/v2\/product"}],"about":[{"href":"https:\/\/iberoid-shop.com\/fr\/wp-json\/wp\/v2\/types\/product"}],"replies":[{"embeddable":true,"href":"https:\/\/iberoid-shop.com\/fr\/wp-json\/wp\/v2\/comments?post=9905"}],"wp:featuredmedia":[{"embeddable":true,"href":"https:\/\/iberoid-shop.com\/fr\/wp-json\/wp\/v2\/media\/9906"}],"wp:attachment":[{"href":"https:\/\/iberoid-shop.com\/fr\/wp-json\/wp\/v2\/media?parent=9905"}],"wp:term":[{"taxonomy":"product_brand","embeddable":true,"href":"https:\/\/iberoid-shop.com\/fr\/wp-json\/wp\/v2\/product_brand?post=9905"},{"taxonomy":"product_cat","embeddable":true,"href":"https:\/\/iberoid-shop.com\/fr\/wp-json\/wp\/v2\/product_cat?post=9905"},{"taxonomy":"product_tag","embeddable":true,"href":"https:\/\/iberoid-shop.com\/fr\/wp-json\/wp\/v2\/product_tag?post=9905"}],"curies":[{"name":"wp","href":"https:\/\/api.w.org\/{rel}","templated":true}]}}