{"id":9902,"date":"2025-01-26T13:41:49","date_gmt":"2025-01-26T13:41:49","guid":{"rendered":"https:\/\/iberoid-shop.com\/?post_type=product&#038;p=9902"},"modified":"2026-02-18T09:30:50","modified_gmt":"2026-02-18T09:30:50","slug":"sibutramina-sibucaps-30-capsulas20-mg","status":"publish","type":"product","link":"https:\/\/iberoid-shop.com\/fr\/product\/sibutramina-sibucaps-30-capsulas20-mg\/","title":{"rendered":"SIBUTRAMINA (SIBUCAPS) 30 capsulas 20 mg"},"content":{"rendered":"<p>La sibutramine, pr\u00e9c\u00e9demment vendue sous la marque Meridia, entre autres, est un supresseur d&rsquo;app\u00e9tit qui a \u00e9t\u00e9 retir\u00e9 dans de nombreux pays. Elle agit comme un inhibiteur de la recapture de la s\u00e9rotonine-noradr\u00e9naline (ISRN), similaire \u00e0 certains antid\u00e9presseurs.<\/p>\n<p>La sibutramine a \u00e9t\u00e9 utilis\u00e9e pour induire une suppression de l&rsquo;app\u00e9tit dans le but de favoriser la perte de poids chez les patients souffrant d&rsquo;ob\u00e9sit\u00e9.<\/p>\n<p>La sibutramine est un inhibiteur de la recapture de la s\u00e9rotonine-noradr\u00e9naline (ISRN) qui, chez l&rsquo;humain, r\u00e9duit la recapture de la noradr\u00e9naline (~73%), de la s\u00e9rotonine (~54%) et de la dopamine (~16%), augmentant ainsi les niveaux de ces substances dans les fentes synaptiques et contribuant \u00e0 am\u00e9liorer la sati\u00e9t\u00e9 ; on pense que l&rsquo;action serotoninergique, en particulier, influence l&rsquo;app\u00e9tit. Des agents anorexig\u00e8nes plus anciens tels que l&rsquo;amph\u00e9tamine et la fenfluramine induisent la lib\u00e9ration de ces neurotransmetteurs plut\u00f4t que d&rsquo;affecter leur recapture.<\/p>\n<p>Le m\u00e9canisme d&rsquo;action de la sibutramine est similaire \u00e0 celui des antid\u00e9presseurs tricycliques, et elle a d\u00e9montr\u00e9 des effets antid\u00e9presseurs dans des mod\u00e8les animaux de d\u00e9pression. Elle a \u00e9t\u00e9 approuv\u00e9e par la Food and Drug Administration (FDA) des \u00c9tats-Unis en novembre 1997 pour le traitement de l&rsquo;ob\u00e9sit\u00e9.<\/p>\n<p>La sibutramine est consid\u00e9r\u00e9e comme un pro-m\u00e9dicament de deux m\u00e9tabolites actifs, la desmethylsibutramine (M1; BTS-54354) et la didesmethylsibutramine (M2; BTS-54505), avec une puissance bien sup\u00e9rieure en tant qu&rsquo;inhibiteurs de la recapture des monoamines. Des \u00e9tudes suppl\u00e9mentaires ont indiqu\u00e9 que les \u00e9nantiom\u00e8res (R) de chaque m\u00e9tabolite exercent des effets anorexig\u00e8nes significativement plus forts que les \u00e9nantiom\u00e8res (S).<\/p>\n<p>Contrairement \u00e0 d&rsquo;autres supresseurs de l&rsquo;app\u00e9tit serotoninergiques comme la fenfluramine, la sibutramine et ses m\u00e9tabolites ont une faible et probablement n\u00e9gligeable affinit\u00e9 pour le r\u00e9cepteur 5-HT2B.<\/p>\n<p>La sibutramine est bien absorb\u00e9e par le tractus gastro-intestinal (77%), mais subit un important m\u00e9tabolisme de premier passage, r\u00e9duisant sa biodisponibilit\u00e9. Le m\u00e9dicament atteint son niveau plasmatique maximal apr\u00e8s 1 heure et a \u00e9galement une demi-vie de 1 heure. La sibutramine est m\u00e9tabolis\u00e9e par l&rsquo;isoenzyme du cytochrome P450 CYP3A4 en deux amines primaires et secondaires pharmacologiquement actives (appel\u00e9es m\u00e9tabolites actifs 1 et 2) avec des demi-vies de 14 et 16 heures, respectivement. Les concentrations plasmatiques maximales des m\u00e9tabolites actifs 1 et 2 sont atteintes apr\u00e8s trois \u00e0 quatre heures. Le chemin m\u00e9tabolique suivant aboutit principalement \u00e0 deux m\u00e9tabolites inactifs conjugu\u00e9s et hydroxyl\u00e9s (appel\u00e9s m\u00e9tabolites 5 et 6). Les m\u00e9tabolites 5 et 6 sont principalement excr\u00e9t\u00e9s dans les urines.<\/p>","protected":false},"excerpt":{"rendered":"<p>La sibutramine, pr\u00e9c\u00e9demment vendue sous la marque Meridia, entre autres, est un supresseur d&rsquo;app\u00e9tit qui a \u00e9t\u00e9 retir\u00e9 dans de<\/p>\n","protected":false},"featured_media":9903,"comment_status":"open","ping_status":"closed","template":"","meta":[],"product_brand":[],"product_cat":[73],"product_tag":[],"class_list":{"0":"post-9902","1":"product","2":"type-product","3":"status-publish","4":"has-post-thumbnail","6":"product_cat-ssteroides_orales","8":"first","9":"instock","10":"sale","11":"shipping-taxable","12":"purchasable","13":"product-type-simple"},"yoast_head":"<!-- This site is optimized with the Yoast SEO Premium plugin v24.4 (Yoast SEO v27.3) - https:\/\/yoast.com\/product\/yoast-seo-premium-wordpress\/ -->\n<title>SIBUTRAMINA (SIBUCAPS) 30 capsulas 20 mg - (Espa\u00f1ol) Esteroides en l\u00ednea<\/title>\n<meta name=\"description\" content=\"La sibutramine, un coupe-faim et un inhibiteur de la recapture de la s\u00e9rotonine et de la noradr\u00e9naline (IRSN) utilis\u00e9 pour le traitement de l&#039;ob\u00e9sit\u00e9.\" \/>\n<meta name=\"robots\" content=\"index, follow, max-snippet:-1, max-image-preview:large, max-video-preview:-1\" \/>\n<link rel=\"canonical\" href=\"https:\/\/iberoid-shop.com\/fr\/product\/sibutramina-sibucaps-30-capsulas20-mg\/\" \/>\n<meta property=\"og:locale\" content=\"fr_FR\" \/>\n<meta property=\"og:type\" content=\"article\" \/>\n<meta property=\"og:title\" content=\"SIBUTRAMINA (SIBUCAPS) 30 capsulas 20 mg\" \/>\n<meta property=\"og:description\" content=\"La sibutramine, un coupe-faim et un inhibiteur de la recapture de la s\u00e9rotonine et de la noradr\u00e9naline (IRSN) utilis\u00e9 pour le traitement de l&#039;ob\u00e9sit\u00e9.\" \/>\n<meta property=\"og:url\" content=\"https:\/\/iberoid-shop.com\/fr\/product\/sibutramina-sibucaps-30-capsulas20-mg\/\" \/>\n<meta property=\"og:site_name\" content=\"(Espa\u00f1ol) Esteroides en l\u00ednea\" \/>\n<meta property=\"article:modified_time\" content=\"2026-02-18T09:30:50+00:00\" \/>\n<meta property=\"og:image\" content=\"https:\/\/iberoid-shop.com\/wp-content\/uploads\/2025\/01\/vital-research-sibu-caps-30-caps-shop-1.webp\" \/>\n\t<meta property=\"og:image:width\" content=\"800\" \/>\n\t<meta property=\"og:image:height\" content=\"800\" \/>\n\t<meta property=\"og:image:type\" content=\"image\/webp\" \/>\n<meta name=\"twitter:card\" content=\"summary_large_image\" \/>\n<meta name=\"twitter:label1\" content=\"Prix\" \/>\n\t<meta name=\"twitter:data1\" content=\"&euro;35.00\" \/>\n\t<meta name=\"twitter:label2\" content=\"Disponibilit\u00e9\" \/>\n\t<meta name=\"twitter:data2\" content=\"En stock\" \/>\n<script type=\"application\/ld+json\" class=\"yoast-schema-graph\">{\"@context\":\"https:\\\/\\\/schema.org\",\"@graph\":[{\"@type\":\"WebPage\",\"@id\":\"https:\\\/\\\/iberoid-shop.com\\\/fr\\\/product\\\/sibutramina-sibucaps-30-capsulas20-mg\\\/\",\"url\":\"https:\\\/\\\/iberoid-shop.com\\\/fr\\\/product\\\/sibutramina-sibucaps-30-capsulas20-mg\\\/\",\"name\":\"SIBUTRAMINA (SIBUCAPS) 30 capsulas 20 mg - (Espa\u00f1ol) Esteroides en l\u00ednea\",\"isPartOf\":{\"@id\":\"https:\\\/\\\/iberoid.com\\\/#website\"},\"primaryImageOfPage\":{\"@id\":\"https:\\\/\\\/iberoid-shop.com\\\/fr\\\/product\\\/sibutramina-sibucaps-30-capsulas20-mg\\\/#primaryimage\"},\"image\":{\"@id\":\"https:\\\/\\\/iberoid-shop.com\\\/fr\\\/product\\\/sibutramina-sibucaps-30-capsulas20-mg\\\/#primaryimage\"},\"thumbnailUrl\":\"https:\\\/\\\/iberoid-shop.com\\\/wp-content\\\/uploads\\\/2025\\\/01\\\/vital-research-sibu-caps-30-caps-shop-1.webp\",\"datePublished\":\"2025-01-26T13:41:49+00:00\",\"dateModified\":\"2026-02-18T09:30:50+00:00\",\"description\":\"La sibutramine, un coupe-faim et un inhibiteur de la recapture de la s\u00e9rotonine et de la noradr\u00e9naline (IRSN) utilis\u00e9 pour le traitement de l'ob\u00e9sit\u00e9.\",\"breadcrumb\":{\"@id\":\"https:\\\/\\\/iberoid-shop.com\\\/fr\\\/product\\\/sibutramina-sibucaps-30-capsulas20-mg\\\/#breadcrumb\"},\"inLanguage\":\"fr-FR\",\"potentialAction\":[{\"@type\":\"ReadAction\",\"target\":[[\"https:\\\/\\\/iberoid-shop.com\\\/fr\\\/product\\\/sibutramina-sibucaps-30-capsulas20-mg\\\/\"]]}]},{\"@type\":\"ImageObject\",\"inLanguage\":\"fr-FR\",\"@id\":\"https:\\\/\\\/iberoid-shop.com\\\/fr\\\/product\\\/sibutramina-sibucaps-30-capsulas20-mg\\\/#primaryimage\",\"url\":\"https:\\\/\\\/iberoid-shop.com\\\/wp-content\\\/uploads\\\/2025\\\/01\\\/vital-research-sibu-caps-30-caps-shop-1.webp\",\"contentUrl\":\"https:\\\/\\\/iberoid-shop.com\\\/wp-content\\\/uploads\\\/2025\\\/01\\\/vital-research-sibu-caps-30-caps-shop-1.webp\",\"width\":800,\"height\":800},{\"@type\":\"BreadcrumbList\",\"@id\":\"https:\\\/\\\/iberoid-shop.com\\\/fr\\\/product\\\/sibutramina-sibucaps-30-capsulas20-mg\\\/#breadcrumb\",\"itemListElement\":[{\"@type\":\"ListItem\",\"position\":1,\"name\":\"Portada\",\"item\":\"https:\\\/\\\/iberoid.com\\\/\"},{\"@type\":\"ListItem\",\"position\":2,\"name\":\"Magasin\",\"item\":\"https:\\\/\\\/iberoid-shop.com\\\/fr\\\/shop\\\/\"},{\"@type\":\"ListItem\",\"position\":3,\"name\":\"SIBUTRAMINA (SIBUCAPS) 30 capsulas 20 mg\"}]},{\"@type\":\"WebSite\",\"@id\":\"https:\\\/\\\/iberoid.com\\\/#website\",\"url\":\"https:\\\/\\\/iberoid.com\\\/\",\"name\":\"(Espa\u00f1ol) Esteroides en l\u00ednea\",\"description\":\"(Espa\u00f1ol) Comprar esteroides en l\u00ednea hoy en Espa\u00f1a y Portugal. Tenemos el mejor servicio al cliente en la industria y los productos de la m\u00e1s alta calidad\",\"potentialAction\":[{\"@type\":\"SearchAction\",\"target\":{\"@type\":\"EntryPoint\",\"urlTemplate\":\"https:\\\/\\\/iberoid.com\\\/?s={search_term_string}\"},\"query-input\":{\"@type\":\"PropertyValueSpecification\",\"valueRequired\":true,\"valueName\":\"search_term_string\"}}],\"inLanguage\":\"fr-FR\"}]}<\/script>\n<meta property=\"product:price:amount\" content=\"35.00\" \/>\n<meta property=\"product:price:currency\" content=\"EUR\" \/>\n<meta property=\"og:availability\" content=\"instock\" \/>\n<meta property=\"product:availability\" content=\"instock\" \/>\n<meta property=\"product:condition\" content=\"new\" \/>\n<!-- \/ Yoast SEO Premium plugin. -->","yoast_head_json":{"title":"SIBUTRAMINA (SIBUCAPS) 30 capsulas 20 mg - (Espa\u00f1ol) Esteroides en l\u00ednea","description":"La sibutramine, un coupe-faim et un inhibiteur de la recapture de la s\u00e9rotonine et de la noradr\u00e9naline (IRSN) utilis\u00e9 pour le traitement de l'ob\u00e9sit\u00e9.","robots":{"index":"index","follow":"follow","max-snippet":"max-snippet:-1","max-image-preview":"max-image-preview:large","max-video-preview":"max-video-preview:-1"},"canonical":"https:\/\/iberoid-shop.com\/fr\/product\/sibutramina-sibucaps-30-capsulas20-mg\/","og_locale":"fr_FR","og_type":"article","og_title":"SIBUTRAMINA (SIBUCAPS) 30 capsulas 20 mg","og_description":"La sibutramine, un coupe-faim et un inhibiteur de la recapture de la s\u00e9rotonine et de la noradr\u00e9naline (IRSN) utilis\u00e9 pour le traitement de l'ob\u00e9sit\u00e9.","og_url":"https:\/\/iberoid-shop.com\/fr\/product\/sibutramina-sibucaps-30-capsulas20-mg\/","og_site_name":"(Espa\u00f1ol) Esteroides en l\u00ednea","article_modified_time":"2026-02-18T09:30:50+00:00","og_image":[{"width":800,"height":800,"url":"https:\/\/iberoid-shop.com\/wp-content\/uploads\/2025\/01\/vital-research-sibu-caps-30-caps-shop-1.webp","type":"image\/webp"}],"twitter_card":"summary_large_image","twitter_misc":{"Prix":"&euro;35.00","Disponibilit\u00e9":"En stock"},"schema":{"@context":"https:\/\/schema.org","@graph":[{"@type":"WebPage","@id":"https:\/\/iberoid-shop.com\/fr\/product\/sibutramina-sibucaps-30-capsulas20-mg\/","url":"https:\/\/iberoid-shop.com\/fr\/product\/sibutramina-sibucaps-30-capsulas20-mg\/","name":"SIBUTRAMINA (SIBUCAPS) 30 capsulas 20 mg - (Espa\u00f1ol) Esteroides en l\u00ednea","isPartOf":{"@id":"https:\/\/iberoid.com\/#website"},"primaryImageOfPage":{"@id":"https:\/\/iberoid-shop.com\/fr\/product\/sibutramina-sibucaps-30-capsulas20-mg\/#primaryimage"},"image":{"@id":"https:\/\/iberoid-shop.com\/fr\/product\/sibutramina-sibucaps-30-capsulas20-mg\/#primaryimage"},"thumbnailUrl":"https:\/\/iberoid-shop.com\/wp-content\/uploads\/2025\/01\/vital-research-sibu-caps-30-caps-shop-1.webp","datePublished":"2025-01-26T13:41:49+00:00","dateModified":"2026-02-18T09:30:50+00:00","description":"La sibutramine, un coupe-faim et un inhibiteur de la recapture de la s\u00e9rotonine et de la noradr\u00e9naline (IRSN) utilis\u00e9 pour le traitement de l'ob\u00e9sit\u00e9.","breadcrumb":{"@id":"https:\/\/iberoid-shop.com\/fr\/product\/sibutramina-sibucaps-30-capsulas20-mg\/#breadcrumb"},"inLanguage":"fr-FR","potentialAction":[{"@type":"ReadAction","target":[["https:\/\/iberoid-shop.com\/fr\/product\/sibutramina-sibucaps-30-capsulas20-mg\/"]]}]},{"@type":"ImageObject","inLanguage":"fr-FR","@id":"https:\/\/iberoid-shop.com\/fr\/product\/sibutramina-sibucaps-30-capsulas20-mg\/#primaryimage","url":"https:\/\/iberoid-shop.com\/wp-content\/uploads\/2025\/01\/vital-research-sibu-caps-30-caps-shop-1.webp","contentUrl":"https:\/\/iberoid-shop.com\/wp-content\/uploads\/2025\/01\/vital-research-sibu-caps-30-caps-shop-1.webp","width":800,"height":800},{"@type":"BreadcrumbList","@id":"https:\/\/iberoid-shop.com\/fr\/product\/sibutramina-sibucaps-30-capsulas20-mg\/#breadcrumb","itemListElement":[{"@type":"ListItem","position":1,"name":"Portada","item":"https:\/\/iberoid.com\/"},{"@type":"ListItem","position":2,"name":"Magasin","item":"https:\/\/iberoid-shop.com\/fr\/shop\/"},{"@type":"ListItem","position":3,"name":"SIBUTRAMINA (SIBUCAPS) 30 capsulas 20 mg"}]},{"@type":"WebSite","@id":"https:\/\/iberoid.com\/#website","url":"https:\/\/iberoid.com\/","name":"(Espa\u00f1ol) Esteroides en l\u00ednea","description":"(Espa\u00f1ol) Comprar esteroides en l\u00ednea hoy en Espa\u00f1a y Portugal. Tenemos el mejor servicio al cliente en la industria y los productos de la m\u00e1s alta calidad","potentialAction":[{"@type":"SearchAction","target":{"@type":"EntryPoint","urlTemplate":"https:\/\/iberoid.com\/?s={search_term_string}"},"query-input":{"@type":"PropertyValueSpecification","valueRequired":true,"valueName":"search_term_string"}}],"inLanguage":"fr-FR"}]},"product_price_amount":"35.00","product_price_currency":"EUR","og_availability":"instock","product_availability":"instock","product_condition":"new"},"_links":{"self":[{"href":"https:\/\/iberoid-shop.com\/fr\/wp-json\/wp\/v2\/product\/9902","targetHints":{"allow":["GET"]}}],"collection":[{"href":"https:\/\/iberoid-shop.com\/fr\/wp-json\/wp\/v2\/product"}],"about":[{"href":"https:\/\/iberoid-shop.com\/fr\/wp-json\/wp\/v2\/types\/product"}],"replies":[{"embeddable":true,"href":"https:\/\/iberoid-shop.com\/fr\/wp-json\/wp\/v2\/comments?post=9902"}],"wp:featuredmedia":[{"embeddable":true,"href":"https:\/\/iberoid-shop.com\/fr\/wp-json\/wp\/v2\/media\/9903"}],"wp:attachment":[{"href":"https:\/\/iberoid-shop.com\/fr\/wp-json\/wp\/v2\/media?parent=9902"}],"wp:term":[{"taxonomy":"product_brand","embeddable":true,"href":"https:\/\/iberoid-shop.com\/fr\/wp-json\/wp\/v2\/product_brand?post=9902"},{"taxonomy":"product_cat","embeddable":true,"href":"https:\/\/iberoid-shop.com\/fr\/wp-json\/wp\/v2\/product_cat?post=9902"},{"taxonomy":"product_tag","embeddable":true,"href":"https:\/\/iberoid-shop.com\/fr\/wp-json\/wp\/v2\/product_tag?post=9902"}],"curies":[{"name":"wp","href":"https:\/\/api.w.org\/{rel}","templated":true}]}}