{"id":9900,"date":"2025-01-26T13:33:14","date_gmt":"2025-01-26T13:33:14","guid":{"rendered":"https:\/\/iberoid-shop.com\/?post_type=product&#038;p=9900"},"modified":"2025-06-13T12:14:40","modified_gmt":"2025-06-13T12:14:40","slug":"winstrol-stanozolol-supension-agua-genetic","status":"publish","type":"product","link":"https:\/\/iberoid-shop.com\/fr\/product\/winstrol-stanozolol-supension-agua-genetic\/","title":{"rendered":"stanozolol supension agua (WINSTROL)"},"content":{"rendered":"<p>Winstrol (st\u00e9ro\u00efdes anabolisants) est un st\u00e9ro\u00efde synth\u00e9tique, similaire \u00e0 la testost\u00e9rone, utilis\u00e9 dans le traitement de l&rsquo;angioed\u00e8me h\u00e9r\u00e9ditaire, qui provoque des \u00e9pisodes de gonflement du visage, des extr\u00e9mit\u00e9s, des organes g\u00e9nitaux, de la paroi intestinale et de la gorge. Winstrol peut diminuer la fr\u00e9quence et la gravit\u00e9 de ces attaques.<\/p>\n<p><strong>Posologie de Winstrol<\/strong><\/p>\n<p>L&rsquo;utilisation de st\u00e9ro\u00efdes anabolisants comme Winstrol peut \u00eatre associ\u00e9e \u00e0 des r\u00e9actions ind\u00e9sirables graves, dont beaucoup sont li\u00e9es \u00e0 la dose. Les patients doivent \u00eatre trait\u00e9s avec la dose efficace la plus faible possible.<\/p>\n<p><strong>Quels m\u00e9dicaments, substances ou suppl\u00e9ments interagissent avec Winstrol ?<\/strong><\/p>\n<p>Les m\u00e9dicaments pouvant interagir avec Winstrol incluent les anticoagulants (fluidifiants sanguins), l&rsquo;insuline ou des m\u00e9dicaments antidiab\u00e9tiques oraux.<\/p>","protected":false},"excerpt":{"rendered":"<p>Winstrol (st\u00e9ro\u00efdes anabolisants) est un st\u00e9ro\u00efde synth\u00e9tique, similaire \u00e0 la testost\u00e9rone, utilis\u00e9 dans le traitement de l&rsquo;angioed\u00e8me h\u00e9r\u00e9ditaire, qui provoque<\/p>\n","protected":false},"featured_media":9901,"comment_status":"open","ping_status":"closed","template":"","meta":[],"product_brand":[],"product_cat":[69],"product_tag":[],"class_list":{"0":"post-9900","1":"product","2":"type-product","3":"status-publish","4":"has-post-thumbnail","6":"product_cat-esteroides_inyectables","8":"first","9":"outofstock","10":"shipping-taxable","11":"purchasable","12":"product-type-simple"},"yoast_head":"<!-- This site is optimized with the Yoast SEO Premium plugin v24.4 (Yoast SEO v27.0) - https:\/\/yoast.com\/product\/yoast-seo-premium-wordpress\/ -->\n<title>stanozolol supension agua (WINSTROL) - (Espa\u00f1ol) Esteroides en l\u00ednea<\/title>\n<meta name=\"description\" content=\"Le stanozolol, un st\u00e9ro\u00efde anabolisant synth\u00e9tique, traite l&#039;angioed\u00e8me h\u00e9r\u00e9ditaire en r\u00e9duisant les \u00e9pisodes de gonflement. Utilisez la dose efficace la plus faible; il interagit avec les anticoagulants, l&#039;insuline et les m\u00e9dicaments pour le diab\u00e8te.\" \/>\n<meta name=\"robots\" content=\"index, follow, max-snippet:-1, max-image-preview:large, max-video-preview:-1\" \/>\n<link rel=\"canonical\" href=\"https:\/\/iberoid-shop.com\/fr\/product\/winstrol-stanozolol-supension-agua-genetic\/\" \/>\n<meta property=\"og:locale\" content=\"fr_FR\" \/>\n<meta property=\"og:type\" content=\"article\" \/>\n<meta property=\"og:title\" content=\"stanozolol supension agua (WINSTROL)\" \/>\n<meta property=\"og:description\" content=\"Le stanozolol, un st\u00e9ro\u00efde anabolisant synth\u00e9tique, traite l&#039;angioed\u00e8me h\u00e9r\u00e9ditaire en r\u00e9duisant les \u00e9pisodes de gonflement. Utilisez la dose efficace la plus faible; il interagit avec les anticoagulants, l&#039;insuline et les m\u00e9dicaments pour le diab\u00e8te.\" \/>\n<meta property=\"og:url\" content=\"https:\/\/iberoid-shop.com\/fr\/product\/winstrol-stanozolol-supension-agua-genetic\/\" \/>\n<meta property=\"og:site_name\" content=\"(Espa\u00f1ol) Esteroides en l\u00ednea\" \/>\n<meta property=\"article:modified_time\" content=\"2025-06-13T12:14:40+00:00\" \/>\n<meta property=\"og:image\" content=\"https:\/\/iberoid-shop.com\/wp-content\/uploads\/2025\/01\/stan-gene.jpg?v=1737898379\" \/>\n\t<meta property=\"og:image:width\" content=\"2200\" \/>\n\t<meta property=\"og:image:height\" content=\"1540\" \/>\n\t<meta property=\"og:image:type\" content=\"image\/jpeg\" \/>\n<meta name=\"twitter:card\" content=\"summary_large_image\" \/>\n<meta name=\"twitter:label1\" content=\"Prix\" \/>\n\t<meta name=\"twitter:data1\" content=\"&euro;45.00\" \/>\n\t<meta name=\"twitter:label2\" content=\"Disponibilit\u00e9\" \/>\n\t<meta name=\"twitter:data2\" content=\"Rupture de stock\" \/>\n<script type=\"application\/ld+json\" class=\"yoast-schema-graph\">{\"@context\":\"https:\/\/schema.org\",\"@graph\":[{\"@type\":\"WebPage\",\"@id\":\"https:\/\/iberoid-shop.com\/fr\/product\/winstrol-stanozolol-supension-agua-genetic\/\",\"url\":\"https:\/\/iberoid-shop.com\/fr\/product\/winstrol-stanozolol-supension-agua-genetic\/\",\"name\":\"stanozolol supension agua (WINSTROL) - (Espa\u00f1ol) Esteroides en l\u00ednea\",\"isPartOf\":{\"@id\":\"https:\/\/iberoid-shop.com\/fr\/#website\"},\"primaryImageOfPage\":{\"@id\":\"https:\/\/iberoid-shop.com\/fr\/product\/winstrol-stanozolol-supension-agua-genetic\/#primaryimage\"},\"image\":{\"@id\":\"https:\/\/iberoid-shop.com\/fr\/product\/winstrol-stanozolol-supension-agua-genetic\/#primaryimage\"},\"thumbnailUrl\":\"https:\/\/iberoid-shop.com\/wp-content\/uploads\/2025\/01\/stan-gene.jpg?v=1737898379\",\"datePublished\":\"2025-01-26T13:33:14+00:00\",\"dateModified\":\"2025-06-13T12:14:40+00:00\",\"description\":\"Le stanozolol, un st\u00e9ro\u00efde anabolisant synth\u00e9tique, traite l'angioed\u00e8me h\u00e9r\u00e9ditaire en r\u00e9duisant les \u00e9pisodes de gonflement. Utilisez la dose efficace la plus faible; il interagit avec les anticoagulants, l'insuline et les m\u00e9dicaments pour le diab\u00e8te.\",\"breadcrumb\":{\"@id\":\"https:\/\/iberoid-shop.com\/fr\/product\/winstrol-stanozolol-supension-agua-genetic\/#breadcrumb\"},\"inLanguage\":\"fr-FR\",\"potentialAction\":[{\"@type\":\"ReadAction\",\"target\":[[\"https:\/\/iberoid-shop.com\/fr\/product\/winstrol-stanozolol-supension-agua-genetic\/\"]]}]},{\"@type\":\"ImageObject\",\"inLanguage\":\"fr-FR\",\"@id\":\"https:\/\/iberoid-shop.com\/fr\/product\/winstrol-stanozolol-supension-agua-genetic\/#primaryimage\",\"url\":\"https:\/\/iberoid-shop.com\/wp-content\/uploads\/2025\/01\/stan-gene.jpg?v=1737898379\",\"contentUrl\":\"https:\/\/iberoid-shop.com\/wp-content\/uploads\/2025\/01\/stan-gene.jpg?v=1737898379\",\"width\":2200,\"height\":1540},{\"@type\":\"BreadcrumbList\",\"@id\":\"https:\/\/iberoid-shop.com\/fr\/product\/winstrol-stanozolol-supension-agua-genetic\/#breadcrumb\",\"itemListElement\":[{\"@type\":\"ListItem\",\"position\":1,\"name\":\"Portada\",\"item\":\"https:\/\/iberoid-shop.com\/fr\/\"},{\"@type\":\"ListItem\",\"position\":2,\"name\":\"Magasin\",\"item\":\"https:\/\/iberoid-shop.com\/fr\/shop\/\"},{\"@type\":\"ListItem\",\"position\":3,\"name\":\"stanozolol supension agua (WINSTROL)\"}]},{\"@type\":\"WebSite\",\"@id\":\"https:\/\/iberoid-shop.com\/fr\/#website\",\"url\":\"https:\/\/iberoid-shop.com\/fr\/\",\"name\":\"(Espa\u00f1ol) Esteroides en l\u00ednea\",\"description\":\"(Espa\u00f1ol) Comprar esteroides en l\u00ednea hoy en Espa\u00f1a y Portugal. Tenemos el mejor servicio al cliente en la industria y los productos de la m\u00e1s alta calidad\",\"potentialAction\":[{\"@type\":\"SearchAction\",\"target\":{\"@type\":\"EntryPoint\",\"urlTemplate\":\"https:\/\/iberoid-shop.com\/fr\/?s={search_term_string}\"},\"query-input\":{\"@type\":\"PropertyValueSpecification\",\"valueRequired\":true,\"valueName\":\"search_term_string\"}}],\"inLanguage\":\"fr-FR\"}]}<\/script>\n<meta property=\"product:brand\" content=\"Genetic Life Science\" \/>\n<meta property=\"product:price:amount\" content=\"45.00\" \/>\n<meta property=\"product:price:currency\" content=\"EUR\" \/>\n<meta property=\"og:availability\" content=\"out of stock\" \/>\n<meta property=\"product:availability\" content=\"out of stock\" \/>\n<meta property=\"product:condition\" content=\"new\" \/>\n<!-- \/ Yoast SEO Premium plugin. -->","yoast_head_json":{"title":"stanozolol supension agua (WINSTROL) - (Espa\u00f1ol) Esteroides en l\u00ednea","description":"Le stanozolol, un st\u00e9ro\u00efde anabolisant synth\u00e9tique, traite l'angioed\u00e8me h\u00e9r\u00e9ditaire en r\u00e9duisant les \u00e9pisodes de gonflement. Utilisez la dose efficace la plus faible; il interagit avec les anticoagulants, l'insuline et les m\u00e9dicaments pour le diab\u00e8te.","robots":{"index":"index","follow":"follow","max-snippet":"max-snippet:-1","max-image-preview":"max-image-preview:large","max-video-preview":"max-video-preview:-1"},"canonical":"https:\/\/iberoid-shop.com\/fr\/product\/winstrol-stanozolol-supension-agua-genetic\/","og_locale":"fr_FR","og_type":"article","og_title":"stanozolol supension agua (WINSTROL)","og_description":"Le stanozolol, un st\u00e9ro\u00efde anabolisant synth\u00e9tique, traite l'angioed\u00e8me h\u00e9r\u00e9ditaire en r\u00e9duisant les \u00e9pisodes de gonflement. Utilisez la dose efficace la plus faible; il interagit avec les anticoagulants, l'insuline et les m\u00e9dicaments pour le diab\u00e8te.","og_url":"https:\/\/iberoid-shop.com\/fr\/product\/winstrol-stanozolol-supension-agua-genetic\/","og_site_name":"(Espa\u00f1ol) Esteroides en l\u00ednea","article_modified_time":"2025-06-13T12:14:40+00:00","og_image":[{"width":2200,"height":1540,"url":"https:\/\/iberoid-shop.com\/wp-content\/uploads\/2025\/01\/stan-gene.jpg?v=1737898379","type":"image\/jpeg"}],"twitter_card":"summary_large_image","twitter_misc":{"Prix":"&euro;45.00","Disponibilit\u00e9":"Rupture de stock"},"schema":{"@context":"https:\/\/schema.org","@graph":[{"@type":"WebPage","@id":"https:\/\/iberoid-shop.com\/fr\/product\/winstrol-stanozolol-supension-agua-genetic\/","url":"https:\/\/iberoid-shop.com\/fr\/product\/winstrol-stanozolol-supension-agua-genetic\/","name":"stanozolol supension agua (WINSTROL) - (Espa\u00f1ol) Esteroides en l\u00ednea","isPartOf":{"@id":"https:\/\/iberoid-shop.com\/fr\/#website"},"primaryImageOfPage":{"@id":"https:\/\/iberoid-shop.com\/fr\/product\/winstrol-stanozolol-supension-agua-genetic\/#primaryimage"},"image":{"@id":"https:\/\/iberoid-shop.com\/fr\/product\/winstrol-stanozolol-supension-agua-genetic\/#primaryimage"},"thumbnailUrl":"https:\/\/iberoid-shop.com\/wp-content\/uploads\/2025\/01\/stan-gene.jpg?v=1737898379","datePublished":"2025-01-26T13:33:14+00:00","dateModified":"2025-06-13T12:14:40+00:00","description":"Le stanozolol, un st\u00e9ro\u00efde anabolisant synth\u00e9tique, traite l'angioed\u00e8me h\u00e9r\u00e9ditaire en r\u00e9duisant les \u00e9pisodes de gonflement. Utilisez la dose efficace la plus faible; il interagit avec les anticoagulants, l'insuline et les m\u00e9dicaments pour le diab\u00e8te.","breadcrumb":{"@id":"https:\/\/iberoid-shop.com\/fr\/product\/winstrol-stanozolol-supension-agua-genetic\/#breadcrumb"},"inLanguage":"fr-FR","potentialAction":[{"@type":"ReadAction","target":[["https:\/\/iberoid-shop.com\/fr\/product\/winstrol-stanozolol-supension-agua-genetic\/"]]}]},{"@type":"ImageObject","inLanguage":"fr-FR","@id":"https:\/\/iberoid-shop.com\/fr\/product\/winstrol-stanozolol-supension-agua-genetic\/#primaryimage","url":"https:\/\/iberoid-shop.com\/wp-content\/uploads\/2025\/01\/stan-gene.jpg?v=1737898379","contentUrl":"https:\/\/iberoid-shop.com\/wp-content\/uploads\/2025\/01\/stan-gene.jpg?v=1737898379","width":2200,"height":1540},{"@type":"BreadcrumbList","@id":"https:\/\/iberoid-shop.com\/fr\/product\/winstrol-stanozolol-supension-agua-genetic\/#breadcrumb","itemListElement":[{"@type":"ListItem","position":1,"name":"Portada","item":"https:\/\/iberoid-shop.com\/fr\/"},{"@type":"ListItem","position":2,"name":"Magasin","item":"https:\/\/iberoid-shop.com\/fr\/shop\/"},{"@type":"ListItem","position":3,"name":"stanozolol supension agua (WINSTROL)"}]},{"@type":"WebSite","@id":"https:\/\/iberoid-shop.com\/fr\/#website","url":"https:\/\/iberoid-shop.com\/fr\/","name":"(Espa\u00f1ol) Esteroides en l\u00ednea","description":"(Espa\u00f1ol) Comprar esteroides en l\u00ednea hoy en Espa\u00f1a y Portugal. Tenemos el mejor servicio al cliente en la industria y los productos de la m\u00e1s alta calidad","potentialAction":[{"@type":"SearchAction","target":{"@type":"EntryPoint","urlTemplate":"https:\/\/iberoid-shop.com\/fr\/?s={search_term_string}"},"query-input":{"@type":"PropertyValueSpecification","valueRequired":true,"valueName":"search_term_string"}}],"inLanguage":"fr-FR"}]},"product_brand":"Genetic Life Science","product_price_amount":"45.00","product_price_currency":"EUR","og_availability":"out of stock","product_availability":"out of stock","product_condition":"new"},"_links":{"self":[{"href":"https:\/\/iberoid-shop.com\/fr\/wp-json\/wp\/v2\/product\/9900","targetHints":{"allow":["GET"]}}],"collection":[{"href":"https:\/\/iberoid-shop.com\/fr\/wp-json\/wp\/v2\/product"}],"about":[{"href":"https:\/\/iberoid-shop.com\/fr\/wp-json\/wp\/v2\/types\/product"}],"replies":[{"embeddable":true,"href":"https:\/\/iberoid-shop.com\/fr\/wp-json\/wp\/v2\/comments?post=9900"}],"wp:featuredmedia":[{"embeddable":true,"href":"https:\/\/iberoid-shop.com\/fr\/wp-json\/wp\/v2\/media\/9901"}],"wp:attachment":[{"href":"https:\/\/iberoid-shop.com\/fr\/wp-json\/wp\/v2\/media?parent=9900"}],"wp:term":[{"taxonomy":"product_brand","embeddable":true,"href":"https:\/\/iberoid-shop.com\/fr\/wp-json\/wp\/v2\/product_brand?post=9900"},{"taxonomy":"product_cat","embeddable":true,"href":"https:\/\/iberoid-shop.com\/fr\/wp-json\/wp\/v2\/product_cat?post=9900"},{"taxonomy":"product_tag","embeddable":true,"href":"https:\/\/iberoid-shop.com\/fr\/wp-json\/wp\/v2\/product_tag?post=9900"}],"curies":[{"name":"wp","href":"https:\/\/api.w.org\/{rel}","templated":true}]}}