{"id":9870,"date":"2025-01-02T13:52:25","date_gmt":"2025-01-02T13:52:25","guid":{"rendered":"https:\/\/iberoid-shop.com\/?post_type=product&#038;p=9870"},"modified":"2026-03-22T11:48:21","modified_gmt":"2026-03-22T11:48:21","slug":"pack3boldenon-premium-boldoged-epf","status":"publish","type":"product","link":"https:\/\/iberoid-shop.com\/fr\/product\/pack3boldenon-premium-boldoged-epf\/","title":{"rendered":"PACK 3 BOLDENON PREMIUM (BOLDOGED)"},"content":{"rendered":"<p>Le bold\u00e9none und\u00e9cyl\u00e9nate est un st\u00e9ro\u00efde v\u00e9t\u00e9rinaire injectable qui pr\u00e9sente de fortes propri\u00e9t\u00e9s anabolisantes et mod\u00e9r\u00e9ment androg\u00e8nes. L&rsquo;ester und\u00e9cyl\u00e9nate prolonge consid\u00e9rablement l&rsquo;activit\u00e9 du produit (l&rsquo;ester und\u00e9cyl\u00e9nate n&rsquo;a qu&rsquo;un atome de carbone de plus que le d\u00e9canoate), de sorte que les injections doivent \u00eatre r\u00e9p\u00e9t\u00e9es uniquement une fois toutes les 3 ou 4 semaines. Les propri\u00e9t\u00e9s anabolisantes et androg\u00e8nes bien \u00e9quilibr\u00e9es de ce produit sont tr\u00e8s appr\u00e9ci\u00e9es des athl\u00e8tes, qui le consid\u00e8rent g\u00e9n\u00e9ralement comme une alternative plus puissante et l\u00e9g\u00e8rement plus androg\u00e8ne au DecaDurabolin\u00ae. Il est g\u00e9n\u00e9ralement moins cher et peut remplacer le Deca dans la plupart des cycles sans changer significativement le r\u00e9sultat final.<\/p>\n<p>Le bold\u00e9none und\u00e9cyl\u00e9nate est \u00e9galement couramment connu comme un produit capable d&rsquo;augmenter la production de globules rouges, bien qu&rsquo;il ne faille pas confondre cela avec un effet exclusif \u00e0 ce compos\u00e9, car c&rsquo;est une caract\u00e9ristique commune \u00e0 presque tous les st\u00e9ro\u00efdes anabolisants\/androg\u00e8nes.<\/p>","protected":false},"excerpt":{"rendered":"<p>Le bold\u00e9none und\u00e9cyl\u00e9nate est un st\u00e9ro\u00efde v\u00e9t\u00e9rinaire injectable qui pr\u00e9sente de fortes propri\u00e9t\u00e9s anabolisantes et mod\u00e9r\u00e9ment androg\u00e8nes. L&rsquo;ester und\u00e9cyl\u00e9nate prolonge<\/p>\n","protected":false},"featured_media":9325,"comment_status":"open","ping_status":"closed","template":"","meta":[],"product_brand":[],"product_cat":[3474],"product_tag":[],"class_list":{"0":"post-9870","1":"product","2":"type-product","3":"status-publish","4":"has-post-thumbnail","6":"product_cat-packs","8":"first","9":"instock","10":"sale","11":"shipping-taxable","12":"purchasable","13":"product-type-simple"},"yoast_head":"<!-- This site is optimized with the Yoast SEO Premium plugin v24.4 (Yoast SEO v27.3) - https:\/\/yoast.com\/product\/yoast-seo-premium-wordpress\/ -->\n<title>PACK 3 BOLDENON PREMIUM (BOLDOGED) - (Espa\u00f1ol) Esteroides en l\u00ednea<\/title>\n<meta name=\"description\" content=\"Le bold\u00e9none und\u00e9cyl\u00e9nate est un st\u00e9ro\u00efde v\u00e9t\u00e9rinaire aux effets anabolisants puissants et aux effets androg\u00e9niques mod\u00e9r\u00e9s. Populaire parmi les athl\u00e8tes, il augmente la production de globules rouges et offre des r\u00e9sultats durables avec moins d&#039;injections.\" \/>\n<meta name=\"robots\" content=\"index, follow, max-snippet:-1, max-image-preview:large, max-video-preview:-1\" \/>\n<link rel=\"canonical\" href=\"https:\/\/iberoid-shop.com\/fr\/product\/pack3boldenon-premium-boldoged-epf\/\" \/>\n<meta property=\"og:locale\" content=\"fr_FR\" \/>\n<meta property=\"og:type\" content=\"article\" \/>\n<meta property=\"og:title\" content=\"PACK 3 BOLDENON PREMIUM (BOLDOGED)\" \/>\n<meta property=\"og:description\" content=\"Le bold\u00e9none und\u00e9cyl\u00e9nate est un st\u00e9ro\u00efde v\u00e9t\u00e9rinaire aux effets anabolisants puissants et aux effets androg\u00e9niques mod\u00e9r\u00e9s. Populaire parmi les athl\u00e8tes, il augmente la production de globules rouges et offre des r\u00e9sultats durables avec moins d&#039;injections.\" \/>\n<meta property=\"og:url\" content=\"https:\/\/iberoid-shop.com\/fr\/product\/pack3boldenon-premium-boldoged-epf\/\" \/>\n<meta property=\"og:site_name\" content=\"(Espa\u00f1ol) Esteroides en l\u00ednea\" \/>\n<meta property=\"article:modified_time\" content=\"2026-03-22T11:48:21+00:00\" \/>\n<meta property=\"og:image\" content=\"https:\/\/iberoid-shop.com\/wp-content\/uploads\/2024\/04\/boldp.jpg?v=1712263998\" \/>\n\t<meta property=\"og:image:width\" content=\"1280\" \/>\n\t<meta property=\"og:image:height\" content=\"1280\" \/>\n\t<meta property=\"og:image:type\" content=\"image\/jpeg\" \/>\n<meta name=\"twitter:card\" content=\"summary_large_image\" \/>\n<meta name=\"twitter:label1\" content=\"Prix\" \/>\n\t<meta name=\"twitter:data1\" content=\"&euro;100.00\" \/>\n\t<meta name=\"twitter:label2\" content=\"Disponibilit\u00e9\" \/>\n\t<meta name=\"twitter:data2\" content=\"En stock\" \/>\n<script type=\"application\/ld+json\" class=\"yoast-schema-graph\">{\"@context\":\"https:\\\/\\\/schema.org\",\"@graph\":[{\"@type\":\"WebPage\",\"@id\":\"https:\\\/\\\/iberoid-shop.com\\\/fr\\\/product\\\/pack3boldenon-premium-boldoged-epf\\\/\",\"url\":\"https:\\\/\\\/iberoid-shop.com\\\/fr\\\/product\\\/pack3boldenon-premium-boldoged-epf\\\/\",\"name\":\"PACK 3 BOLDENON PREMIUM (BOLDOGED) - (Espa\u00f1ol) Esteroides en l\u00ednea\",\"isPartOf\":{\"@id\":\"https:\\\/\\\/iberoid-shop.com\\\/fr\\\/#website\"},\"primaryImageOfPage\":{\"@id\":\"https:\\\/\\\/iberoid-shop.com\\\/fr\\\/product\\\/pack3boldenon-premium-boldoged-epf\\\/#primaryimage\"},\"image\":{\"@id\":\"https:\\\/\\\/iberoid-shop.com\\\/fr\\\/product\\\/pack3boldenon-premium-boldoged-epf\\\/#primaryimage\"},\"thumbnailUrl\":\"https:\\\/\\\/iberoid-shop.com\\\/wp-content\\\/uploads\\\/2024\\\/04\\\/boldp.jpg?v=1712263998\",\"datePublished\":\"2025-01-02T13:52:25+00:00\",\"dateModified\":\"2026-03-22T11:48:21+00:00\",\"description\":\"Le bold\u00e9none und\u00e9cyl\u00e9nate est un st\u00e9ro\u00efde v\u00e9t\u00e9rinaire aux effets anabolisants puissants et aux effets androg\u00e9niques mod\u00e9r\u00e9s. Populaire parmi les athl\u00e8tes, il augmente la production de globules rouges et offre des r\u00e9sultats durables avec moins d'injections.\",\"breadcrumb\":{\"@id\":\"https:\\\/\\\/iberoid-shop.com\\\/fr\\\/product\\\/pack3boldenon-premium-boldoged-epf\\\/#breadcrumb\"},\"inLanguage\":\"fr-FR\",\"potentialAction\":[{\"@type\":\"ReadAction\",\"target\":[[\"https:\\\/\\\/iberoid-shop.com\\\/fr\\\/product\\\/pack3boldenon-premium-boldoged-epf\\\/\"]]}]},{\"@type\":\"ImageObject\",\"inLanguage\":\"fr-FR\",\"@id\":\"https:\\\/\\\/iberoid-shop.com\\\/fr\\\/product\\\/pack3boldenon-premium-boldoged-epf\\\/#primaryimage\",\"url\":\"https:\\\/\\\/iberoid-shop.com\\\/wp-content\\\/uploads\\\/2024\\\/04\\\/boldp.jpg?v=1712263998\",\"contentUrl\":\"https:\\\/\\\/iberoid-shop.com\\\/wp-content\\\/uploads\\\/2024\\\/04\\\/boldp.jpg?v=1712263998\",\"width\":1280,\"height\":1280,\"caption\":\"BOLDOGED PREMIUM LINE\"},{\"@type\":\"BreadcrumbList\",\"@id\":\"https:\\\/\\\/iberoid-shop.com\\\/fr\\\/product\\\/pack3boldenon-premium-boldoged-epf\\\/#breadcrumb\",\"itemListElement\":[{\"@type\":\"ListItem\",\"position\":1,\"name\":\"Portada\",\"item\":\"https:\\\/\\\/iberoid-shop.com\\\/fr\\\/\"},{\"@type\":\"ListItem\",\"position\":2,\"name\":\"Magasin\",\"item\":\"https:\\\/\\\/iberoid-shop.com\\\/fr\\\/shop\\\/\"},{\"@type\":\"ListItem\",\"position\":3,\"name\":\"PACK 3 BOLDENON PREMIUM (BOLDOGED)\"}]},{\"@type\":\"WebSite\",\"@id\":\"https:\\\/\\\/iberoid-shop.com\\\/fr\\\/#website\",\"url\":\"https:\\\/\\\/iberoid-shop.com\\\/fr\\\/\",\"name\":\"(Espa\u00f1ol) Esteroides en l\u00ednea\",\"description\":\"(Espa\u00f1ol) Comprar esteroides en l\u00ednea hoy en Espa\u00f1a y Portugal. Tenemos el mejor servicio al cliente en la industria y los productos de la m\u00e1s alta calidad\",\"potentialAction\":[{\"@type\":\"SearchAction\",\"target\":{\"@type\":\"EntryPoint\",\"urlTemplate\":\"https:\\\/\\\/iberoid-shop.com\\\/fr\\\/?s={search_term_string}\"},\"query-input\":{\"@type\":\"PropertyValueSpecification\",\"valueRequired\":true,\"valueName\":\"search_term_string\"}}],\"inLanguage\":\"fr-FR\"}]}<\/script>\n<meta property=\"product:brand\" content=\"Euro Prime Pharmaceuticals (EPF)\" \/>\n<meta property=\"product:price:amount\" content=\"100.00\" \/>\n<meta property=\"product:price:currency\" content=\"EUR\" \/>\n<meta property=\"og:availability\" content=\"instock\" \/>\n<meta property=\"product:availability\" content=\"instock\" \/>\n<meta property=\"product:condition\" content=\"new\" \/>\n<!-- \/ Yoast SEO Premium plugin. -->","yoast_head_json":{"title":"PACK 3 BOLDENON PREMIUM (BOLDOGED) - (Espa\u00f1ol) Esteroides en l\u00ednea","description":"Le bold\u00e9none und\u00e9cyl\u00e9nate est un st\u00e9ro\u00efde v\u00e9t\u00e9rinaire aux effets anabolisants puissants et aux effets androg\u00e9niques mod\u00e9r\u00e9s. Populaire parmi les athl\u00e8tes, il augmente la production de globules rouges et offre des r\u00e9sultats durables avec moins d'injections.","robots":{"index":"index","follow":"follow","max-snippet":"max-snippet:-1","max-image-preview":"max-image-preview:large","max-video-preview":"max-video-preview:-1"},"canonical":"https:\/\/iberoid-shop.com\/fr\/product\/pack3boldenon-premium-boldoged-epf\/","og_locale":"fr_FR","og_type":"article","og_title":"PACK 3 BOLDENON PREMIUM (BOLDOGED)","og_description":"Le bold\u00e9none und\u00e9cyl\u00e9nate est un st\u00e9ro\u00efde v\u00e9t\u00e9rinaire aux effets anabolisants puissants et aux effets androg\u00e9niques mod\u00e9r\u00e9s. Populaire parmi les athl\u00e8tes, il augmente la production de globules rouges et offre des r\u00e9sultats durables avec moins d'injections.","og_url":"https:\/\/iberoid-shop.com\/fr\/product\/pack3boldenon-premium-boldoged-epf\/","og_site_name":"(Espa\u00f1ol) Esteroides en l\u00ednea","article_modified_time":"2026-03-22T11:48:21+00:00","og_image":[{"width":1280,"height":1280,"url":"https:\/\/iberoid-shop.com\/wp-content\/uploads\/2024\/04\/boldp.jpg?v=1712263998","type":"image\/jpeg"}],"twitter_card":"summary_large_image","twitter_misc":{"Prix":"&euro;100.00","Disponibilit\u00e9":"En stock"},"schema":{"@context":"https:\/\/schema.org","@graph":[{"@type":"WebPage","@id":"https:\/\/iberoid-shop.com\/fr\/product\/pack3boldenon-premium-boldoged-epf\/","url":"https:\/\/iberoid-shop.com\/fr\/product\/pack3boldenon-premium-boldoged-epf\/","name":"PACK 3 BOLDENON PREMIUM (BOLDOGED) - (Espa\u00f1ol) Esteroides en l\u00ednea","isPartOf":{"@id":"https:\/\/iberoid-shop.com\/fr\/#website"},"primaryImageOfPage":{"@id":"https:\/\/iberoid-shop.com\/fr\/product\/pack3boldenon-premium-boldoged-epf\/#primaryimage"},"image":{"@id":"https:\/\/iberoid-shop.com\/fr\/product\/pack3boldenon-premium-boldoged-epf\/#primaryimage"},"thumbnailUrl":"https:\/\/iberoid-shop.com\/wp-content\/uploads\/2024\/04\/boldp.jpg?v=1712263998","datePublished":"2025-01-02T13:52:25+00:00","dateModified":"2026-03-22T11:48:21+00:00","description":"Le bold\u00e9none und\u00e9cyl\u00e9nate est un st\u00e9ro\u00efde v\u00e9t\u00e9rinaire aux effets anabolisants puissants et aux effets androg\u00e9niques mod\u00e9r\u00e9s. Populaire parmi les athl\u00e8tes, il augmente la production de globules rouges et offre des r\u00e9sultats durables avec moins d'injections.","breadcrumb":{"@id":"https:\/\/iberoid-shop.com\/fr\/product\/pack3boldenon-premium-boldoged-epf\/#breadcrumb"},"inLanguage":"fr-FR","potentialAction":[{"@type":"ReadAction","target":[["https:\/\/iberoid-shop.com\/fr\/product\/pack3boldenon-premium-boldoged-epf\/"]]}]},{"@type":"ImageObject","inLanguage":"fr-FR","@id":"https:\/\/iberoid-shop.com\/fr\/product\/pack3boldenon-premium-boldoged-epf\/#primaryimage","url":"https:\/\/iberoid-shop.com\/wp-content\/uploads\/2024\/04\/boldp.jpg?v=1712263998","contentUrl":"https:\/\/iberoid-shop.com\/wp-content\/uploads\/2024\/04\/boldp.jpg?v=1712263998","width":1280,"height":1280,"caption":"BOLDOGED PREMIUM LINE"},{"@type":"BreadcrumbList","@id":"https:\/\/iberoid-shop.com\/fr\/product\/pack3boldenon-premium-boldoged-epf\/#breadcrumb","itemListElement":[{"@type":"ListItem","position":1,"name":"Portada","item":"https:\/\/iberoid-shop.com\/fr\/"},{"@type":"ListItem","position":2,"name":"Magasin","item":"https:\/\/iberoid-shop.com\/fr\/shop\/"},{"@type":"ListItem","position":3,"name":"PACK 3 BOLDENON PREMIUM (BOLDOGED)"}]},{"@type":"WebSite","@id":"https:\/\/iberoid-shop.com\/fr\/#website","url":"https:\/\/iberoid-shop.com\/fr\/","name":"(Espa\u00f1ol) Esteroides en l\u00ednea","description":"(Espa\u00f1ol) Comprar esteroides en l\u00ednea hoy en Espa\u00f1a y Portugal. Tenemos el mejor servicio al cliente en la industria y los productos de la m\u00e1s alta calidad","potentialAction":[{"@type":"SearchAction","target":{"@type":"EntryPoint","urlTemplate":"https:\/\/iberoid-shop.com\/fr\/?s={search_term_string}"},"query-input":{"@type":"PropertyValueSpecification","valueRequired":true,"valueName":"search_term_string"}}],"inLanguage":"fr-FR"}]},"product_brand":"Euro Prime Pharmaceuticals (EPF)","product_price_amount":"100.00","product_price_currency":"EUR","og_availability":"instock","product_availability":"instock","product_condition":"new"},"_links":{"self":[{"href":"https:\/\/iberoid-shop.com\/fr\/wp-json\/wp\/v2\/product\/9870","targetHints":{"allow":["GET"]}}],"collection":[{"href":"https:\/\/iberoid-shop.com\/fr\/wp-json\/wp\/v2\/product"}],"about":[{"href":"https:\/\/iberoid-shop.com\/fr\/wp-json\/wp\/v2\/types\/product"}],"replies":[{"embeddable":true,"href":"https:\/\/iberoid-shop.com\/fr\/wp-json\/wp\/v2\/comments?post=9870"}],"wp:featuredmedia":[{"embeddable":true,"href":"https:\/\/iberoid-shop.com\/fr\/wp-json\/wp\/v2\/media\/9325"}],"wp:attachment":[{"href":"https:\/\/iberoid-shop.com\/fr\/wp-json\/wp\/v2\/media?parent=9870"}],"wp:term":[{"taxonomy":"product_brand","embeddable":true,"href":"https:\/\/iberoid-shop.com\/fr\/wp-json\/wp\/v2\/product_brand?post=9870"},{"taxonomy":"product_cat","embeddable":true,"href":"https:\/\/iberoid-shop.com\/fr\/wp-json\/wp\/v2\/product_cat?post=9870"},{"taxonomy":"product_tag","embeddable":true,"href":"https:\/\/iberoid-shop.com\/fr\/wp-json\/wp\/v2\/product_tag?post=9870"}],"curies":[{"name":"wp","href":"https:\/\/api.w.org\/{rel}","templated":true}]}}