{"id":9776,"date":"2024-10-27T11:20:48","date_gmt":"2024-10-27T11:20:48","guid":{"rendered":"https:\/\/iberoid-shop.com\/?post_type=product&#038;p=9776"},"modified":"2025-08-06T06:42:42","modified_gmt":"2025-08-06T06:42:42","slug":"anavaros-driada-oxandrolone","status":"publish","type":"product","link":"https:\/\/iberoid-shop.com\/fr\/product\/anavaros-driada-oxandrolone\/","title":{"rendered":"ANAVAROS \/ OXANDROLONE"},"content":{"rendered":"<p><\/p>\n<ul>\n<li>Ingr\u00e9dient actif : oxandrolone<\/li>\n<li>Type : St\u00e9ro\u00efdes anabolisants (d\u00e9riv\u00e9 de la DHT)<\/li>\n<li>Forme : Orales (pilules)<\/li>\n<\/ul>\n<h2>Qu&rsquo;est-ce que l&rsquo;Anavar (Oxandrolone) ?<\/h2>\n<p>L&rsquo;oxandrolone (\u00e9galement connu sous les noms de marque Anavar, Oxandrine, Vasorome, Anatrofill, etc.) est un st\u00e9ro\u00efde anabolisant cr\u00e9\u00e9 par les laboratoires Searle et commercialis\u00e9 sous le nom de marque Anavar en 1964.<\/p>\n<p>L&rsquo;oxandrolone est un st\u00e9ro\u00efde androg\u00e8ne synth\u00e9tique, caract\u00e9ris\u00e9 par son anneau A \u00e9tant un h\u00e9t\u00e9rocycle, o\u00f9 le deuxi\u00e8me atome de carbone est substitu\u00e9 par un atome d&rsquo;oxyg\u00e8ne. Il est reconnu pour sa tr\u00e8s faible activit\u00e9 androg\u00e9nique coupl\u00e9e \u00e0 un fort indice anabolique.<\/p>\n<p>\u00c0 l&rsquo;origine, l&rsquo;oxandrolone a \u00e9t\u00e9 formul\u00e9e pour aider les patients infect\u00e9s par le VIH qui \u00e9taient affaiblis, ainsi que ceux atteints du syndrome de Turner, d&rsquo;an\u00e9mie, de r\u00e9cup\u00e9ration de br\u00fblures, et ceux ayant besoin de renforcer leurs os. Il a rapidement trouv\u00e9 sa place dans la communaut\u00e9 du culturisme et du fitness, o\u00f9 il a commenc\u00e9 \u00e0 \u00eatre utilis\u00e9 activement.<\/p>\n<p>Habituellement, l&rsquo;oxandrolone se vend en comprim\u00e9s de 10 mg.<\/p>\n<h2>\u00c0 quoi sert l&rsquo;Anavar ?<\/h2>\n<p>L&rsquo;oxandrolone, \u00e9galement connue sous le nom d&rsquo;Anavar, est couramment utilis\u00e9e dans les sports pour maintenir la performance, prot\u00e9ger la masse musculaire et acc\u00e9l\u00e9rer la r\u00e9cup\u00e9ration entre les s\u00e9ances d&rsquo;entra\u00eenement. Elle n&rsquo;est pas recommand\u00e9e pour la prise de masse musculaire. Un traitement \u00e0 l&rsquo;Anavar est mieux adapt\u00e9 aux individus qui ont d\u00e9j\u00e0 une masse musculaire ad\u00e9quate et un niveau mod\u00e9r\u00e9 de graisse corporelle. Son objectif principal est d&rsquo;am\u00e9liorer la d\u00e9finition musculaire et de r\u00e9duire la graisse sous-cutan\u00e9e, offrant ainsi une apparence plus sculpt\u00e9e aux muscles.<\/p>\n<h2>Effets de l&rsquo;oxandrolone :<\/h2>\n<ul>\n<li>Augmenter le relief et la duret\u00e9 des muscles est l&rsquo;effet principal de l&rsquo;oxandrolone ;<\/li>\n<li>Br\u00fbler les graisses ;<\/li>\n<li>Augmentation des niveaux d&rsquo;hormone de croissance ;<\/li>\n<li>Augmentation de la force ;<\/li>\n<li>L&rsquo;oxandrolone est l&rsquo;un des rares st\u00e9ro\u00efdes pouvant \u00eatre utilis\u00e9 par les femmes sans grand risque de virilisation ;<\/li>\n<li>Pas d&rsquo;aromatisation et pas d&rsquo;effets secondaires caus\u00e9s par les \u0153strog\u00e8nes.<\/li>\n<\/ul>\n<p>En fait, l&rsquo;oxandrolone est le m\u00e9dicament le plus s\u00fbr parmi les st\u00e9ro\u00efdes anabolisants en termes d&rsquo;effets secondaires.<\/p>\n<h2>Comment prendre l&rsquo;Oxandrolone<\/h2>\n<p>Avant de prendre de l&rsquo;Anavar (le plus souvent c&rsquo;est le premier cycle), il est conseill\u00e9 de faire un test sanguin afin de regarder le niveau initial d&rsquo;hormones, et de faire un test sanguin g\u00e9n\u00e9ral pour exclure des conditions pathologiques. Si tous les tests sont normaux, vous pouvez proc\u00e9der en toute s\u00e9curit\u00e9 au populaire cycle solo d&rsquo;oxandrolone !<\/p>\n<h3>Premier cycle<\/h3>\n<p>Comme mentionn\u00e9 pr\u00e9c\u00e9demment, un cycle \u00ab\u00a0solo\u00a0\u00bb d&rsquo;Oxandrolone (Anavar) est g\u00e9n\u00e9ralement entrepris pour am\u00e9liorer la d\u00e9finition musculaire. Ce cycle est en g\u00e9n\u00e9ral d\u2019une dur\u00e9e totale de 6 \u00e0 8 semaines.<\/p>\n<p>La dose initiale d&rsquo;Oxandrolone est de 20 mg par jour, et elle doit \u00eatre divis\u00e9e en deux parties &#8211; une \u00e0 prendre le matin et l&rsquo;autre en d\u00e9but d&rsquo;apr\u00e8s-midi.<\/p>\n<p>Apr\u00e8s une semaine, augmentez la dose d&rsquo;Anavar \u00e0 40-80 mg par jour, divis\u00e9e en 3 doses \u00e9gales.<\/p>\n<p>Continuez le cycle si aucun effet secondaire n&rsquo;est observ\u00e9 pendant 5-6 semaines.<\/p>\n<p>2 jours apr\u00e8s la fin du cycle d&rsquo;Anavar, commencez \u00e0 prendre du Tamoxif\u00e8ne \u00e0 une dose de 10 mg par jour ou du Clomid 25 mg par jour pour restaurer la production de votre propre testost\u00e9rone pendant 1-2 semaines.<\/p>\n<h3>Dosage<\/h3>\n<p>Pour les hommes, la dose la plus courante est de 50 mg par jour.<\/p>\n<p>Pour les femmes, il est pr\u00e9f\u00e9rable de commencer par une dose minimale d\u2019Oxandrolone de 10 mg par jour, en augmentant progressivement la dose.<\/p>\n<p>L&rsquo;oxandrolone se combine bien avec d&rsquo;autres st\u00e9ro\u00efdes &#8211; testost\u00e9rone, Masteron, etc. Vous pouvez toujours consulter les sp\u00e9cialistes m\u00e9dicaux de Driada pour planifier le meilleur cycle pour atteindre vos objectifs.<\/p>\n<h3>Demi-vie<\/h3>\n<p>La demi-vie d&rsquo;\u00e9limination moyenne a \u00e9t\u00e9 d\u00e9termin\u00e9e entre 9 et 13 heures. Par cons\u00e9quent, il est logique de prendre le m\u00e9dicament deux fois par jour.<\/p>\n<h3>Effets secondaires possibles :<\/h3>\n<ul>\n<li>Diminution de l&rsquo;app\u00e9tit ;<\/li>\n<li>Douleurs abdominales ;<\/li>\n<li>Naus\u00e9es ;<\/li>\n<li>Maux de t\u00eate ;<\/li>\n<li>Suppression de votre propre testost\u00e9rone ;<\/li>\n<li>Fertilit\u00e9 r\u00e9duite ;<\/li>\n<li>Augmentation de la pression art\u00e9rielle ;<\/li>\n<li>Acn\u00e9 ;<\/li>\n<li>Calvitie ;<\/li>\n<li>D\u00e9t\u00e9rioration du profil lipidique.<\/li>\n<\/ul>\n<h3>Les Risques possibles avec des doses \u00e9lev\u00e9es<\/h3>\n<p>Aucun cas de surdosage avec l&rsquo;oxandrolone n&rsquo;a \u00e9t\u00e9 identifi\u00e9, cependant, avec un dosage excessif, les effets secondaires n\u00e9gatifs augmentent significativement, ce qui peut \u00eatre dangereux, il n&rsquo;est donc pas recommand\u00e9 de d\u00e9passer les dosages recommand\u00e9s sans consulter un m\u00e9decin.<\/p>\n<h2>Conclusion<\/h2>\n<p>L&rsquo;oxandrolone est un m\u00e9dicament s\u00fbr excellent pour les athl\u00e8tes d\u00e9butants, les femmes et ceux qui souhaitent br\u00fbler des graisses ou augmenter leurs performances. Donc, si vous \u00e9vitez les injections, vous pouvez commander de l&rsquo;Anavar (Oxandrolone) en ligne.<\/p>","protected":false},"excerpt":{"rendered":"<p>Ingr\u00e9dient actif : oxandrolone Type : St\u00e9ro\u00efdes anabolisants (d\u00e9riv\u00e9 de la DHT) Forme : Orales (pilules) Qu&rsquo;est-ce que l&rsquo;Anavar (Oxandrolone)<\/p>\n","protected":false},"featured_media":9777,"comment_status":"open","ping_status":"closed","template":"","meta":[],"product_brand":[],"product_cat":[73],"product_tag":[],"class_list":{"0":"post-9776","1":"product","2":"type-product","3":"status-publish","4":"has-post-thumbnail","6":"product_cat-ssteroides_orales","8":"first","9":"outofstock","10":"sale","11":"shipping-taxable","12":"purchasable","13":"product-type-simple"},"yoast_head":"<!-- This site is optimized with the Yoast SEO Premium plugin v24.4 (Yoast SEO v27.0) - https:\/\/yoast.com\/product\/yoast-seo-premium-wordpress\/ -->\n<title>ANAVAROS \/ OXANDROLONE - (Espa\u00f1ol) Esteroides en l\u00ednea<\/title>\n<meta name=\"description\" content=\"Anavar (Oxandrolone) est un st\u00e9ro\u00efde anabolisant l\u00e9ger utilis\u00e9 pour la d\u00e9finition musculaire, la perte de graisse et l\u2019augmentation de la force. Il est populaire pour ses faibles effets androg\u00e9niques.\" \/>\n<meta name=\"robots\" content=\"index, follow, max-snippet:-1, max-image-preview:large, max-video-preview:-1\" \/>\n<link rel=\"canonical\" href=\"https:\/\/iberoid-shop.com\/fr\/product\/anavaros-driada-oxandrolone\/\" \/>\n<meta property=\"og:locale\" content=\"fr_FR\" \/>\n<meta property=\"og:type\" content=\"article\" \/>\n<meta property=\"og:title\" content=\"ANAVAROS \/ OXANDROLONE\" \/>\n<meta property=\"og:description\" content=\"Anavar (Oxandrolone) est un st\u00e9ro\u00efde anabolisant l\u00e9ger utilis\u00e9 pour la d\u00e9finition musculaire, la perte de graisse et l\u2019augmentation de la force. Il est populaire pour ses faibles effets androg\u00e9niques.\" \/>\n<meta property=\"og:url\" content=\"https:\/\/iberoid-shop.com\/fr\/product\/anavaros-driada-oxandrolone\/\" \/>\n<meta property=\"og:site_name\" content=\"(Espa\u00f1ol) Esteroides en l\u00ednea\" \/>\n<meta property=\"article:modified_time\" content=\"2025-08-06T06:42:42+00:00\" \/>\n<meta property=\"og:image\" content=\"https:\/\/iberoid-shop.com\/wp-content\/uploads\/2024\/10\/anavaros_driada-scaled.webp\" \/>\n\t<meta property=\"og:image:width\" content=\"2560\" \/>\n\t<meta property=\"og:image:height\" content=\"2560\" \/>\n\t<meta property=\"og:image:type\" content=\"image\/webp\" \/>\n<meta name=\"twitter:card\" content=\"summary_large_image\" \/>\n<meta name=\"twitter:label1\" content=\"Prix\" \/>\n\t<meta name=\"twitter:data1\" content=\"&euro;50.00\" \/>\n\t<meta name=\"twitter:label2\" content=\"Disponibilit\u00e9\" \/>\n\t<meta name=\"twitter:data2\" content=\"Rupture de stock\" \/>\n<script type=\"application\/ld+json\" class=\"yoast-schema-graph\">{\"@context\":\"https:\/\/schema.org\",\"@graph\":[{\"@type\":\"WebPage\",\"@id\":\"https:\/\/iberoid-shop.com\/fr\/product\/anavaros-driada-oxandrolone\/\",\"url\":\"https:\/\/iberoid-shop.com\/fr\/product\/anavaros-driada-oxandrolone\/\",\"name\":\"ANAVAROS \/ OXANDROLONE - (Espa\u00f1ol) Esteroides en l\u00ednea\",\"isPartOf\":{\"@id\":\"https:\/\/iberoid-shop.com\/fr\/#website\"},\"primaryImageOfPage\":{\"@id\":\"https:\/\/iberoid-shop.com\/fr\/product\/anavaros-driada-oxandrolone\/#primaryimage\"},\"image\":{\"@id\":\"https:\/\/iberoid-shop.com\/fr\/product\/anavaros-driada-oxandrolone\/#primaryimage\"},\"thumbnailUrl\":\"https:\/\/iberoid-shop.com\/wp-content\/uploads\/2024\/10\/anavaros_driada-scaled.webp\",\"datePublished\":\"2024-10-27T11:20:48+00:00\",\"dateModified\":\"2025-08-06T06:42:42+00:00\",\"description\":\"Anavar (Oxandrolone) est un st\u00e9ro\u00efde anabolisant l\u00e9ger utilis\u00e9 pour la d\u00e9finition musculaire, la perte de graisse et l\u2019augmentation de la force. Il est populaire pour ses faibles effets androg\u00e9niques.\",\"breadcrumb\":{\"@id\":\"https:\/\/iberoid-shop.com\/fr\/product\/anavaros-driada-oxandrolone\/#breadcrumb\"},\"inLanguage\":\"fr-FR\",\"potentialAction\":[{\"@type\":\"ReadAction\",\"target\":[[\"https:\/\/iberoid-shop.com\/fr\/product\/anavaros-driada-oxandrolone\/\"]]}]},{\"@type\":\"ImageObject\",\"inLanguage\":\"fr-FR\",\"@id\":\"https:\/\/iberoid-shop.com\/fr\/product\/anavaros-driada-oxandrolone\/#primaryimage\",\"url\":\"https:\/\/iberoid-shop.com\/wp-content\/uploads\/2024\/10\/anavaros_driada-scaled.webp\",\"contentUrl\":\"https:\/\/iberoid-shop.com\/wp-content\/uploads\/2024\/10\/anavaros_driada-scaled.webp\",\"width\":2560,\"height\":2560},{\"@type\":\"BreadcrumbList\",\"@id\":\"https:\/\/iberoid-shop.com\/fr\/product\/anavaros-driada-oxandrolone\/#breadcrumb\",\"itemListElement\":[{\"@type\":\"ListItem\",\"position\":1,\"name\":\"Portada\",\"item\":\"https:\/\/iberoid-shop.com\/fr\/\"},{\"@type\":\"ListItem\",\"position\":2,\"name\":\"Magasin\",\"item\":\"https:\/\/iberoid-shop.com\/fr\/shop\/\"},{\"@type\":\"ListItem\",\"position\":3,\"name\":\"ANAVAROS \/ OXANDROLONE\"}]},{\"@type\":\"WebSite\",\"@id\":\"https:\/\/iberoid-shop.com\/fr\/#website\",\"url\":\"https:\/\/iberoid-shop.com\/fr\/\",\"name\":\"(Espa\u00f1ol) Esteroides en l\u00ednea\",\"description\":\"(Espa\u00f1ol) Comprar esteroides en l\u00ednea hoy en Espa\u00f1a y Portugal. Tenemos el mejor servicio al cliente en la industria y los productos de la m\u00e1s alta calidad\",\"potentialAction\":[{\"@type\":\"SearchAction\",\"target\":{\"@type\":\"EntryPoint\",\"urlTemplate\":\"https:\/\/iberoid-shop.com\/fr\/?s={search_term_string}\"},\"query-input\":{\"@type\":\"PropertyValueSpecification\",\"valueRequired\":true,\"valueName\":\"search_term_string\"}}],\"inLanguage\":\"fr-FR\"}]}<\/script>\n<meta property=\"product:brand\" content=\"Driada\" \/>\n<meta property=\"product:price:amount\" content=\"50.00\" \/>\n<meta property=\"product:price:currency\" content=\"EUR\" \/>\n<meta property=\"og:availability\" content=\"out of stock\" \/>\n<meta property=\"product:availability\" content=\"out of stock\" \/>\n<meta property=\"product:condition\" content=\"new\" \/>\n<!-- \/ Yoast SEO Premium plugin. -->","yoast_head_json":{"title":"ANAVAROS \/ OXANDROLONE - (Espa\u00f1ol) Esteroides en l\u00ednea","description":"Anavar (Oxandrolone) est un st\u00e9ro\u00efde anabolisant l\u00e9ger utilis\u00e9 pour la d\u00e9finition musculaire, la perte de graisse et l\u2019augmentation de la force. Il est populaire pour ses faibles effets androg\u00e9niques.","robots":{"index":"index","follow":"follow","max-snippet":"max-snippet:-1","max-image-preview":"max-image-preview:large","max-video-preview":"max-video-preview:-1"},"canonical":"https:\/\/iberoid-shop.com\/fr\/product\/anavaros-driada-oxandrolone\/","og_locale":"fr_FR","og_type":"article","og_title":"ANAVAROS \/ OXANDROLONE","og_description":"Anavar (Oxandrolone) est un st\u00e9ro\u00efde anabolisant l\u00e9ger utilis\u00e9 pour la d\u00e9finition musculaire, la perte de graisse et l\u2019augmentation de la force. Il est populaire pour ses faibles effets androg\u00e9niques.","og_url":"https:\/\/iberoid-shop.com\/fr\/product\/anavaros-driada-oxandrolone\/","og_site_name":"(Espa\u00f1ol) Esteroides en l\u00ednea","article_modified_time":"2025-08-06T06:42:42+00:00","og_image":[{"width":2560,"height":2560,"url":"https:\/\/iberoid-shop.com\/wp-content\/uploads\/2024\/10\/anavaros_driada-scaled.webp","type":"image\/webp"}],"twitter_card":"summary_large_image","twitter_misc":{"Prix":"&euro;50.00","Disponibilit\u00e9":"Rupture de stock"},"schema":{"@context":"https:\/\/schema.org","@graph":[{"@type":"WebPage","@id":"https:\/\/iberoid-shop.com\/fr\/product\/anavaros-driada-oxandrolone\/","url":"https:\/\/iberoid-shop.com\/fr\/product\/anavaros-driada-oxandrolone\/","name":"ANAVAROS \/ OXANDROLONE - (Espa\u00f1ol) Esteroides en l\u00ednea","isPartOf":{"@id":"https:\/\/iberoid-shop.com\/fr\/#website"},"primaryImageOfPage":{"@id":"https:\/\/iberoid-shop.com\/fr\/product\/anavaros-driada-oxandrolone\/#primaryimage"},"image":{"@id":"https:\/\/iberoid-shop.com\/fr\/product\/anavaros-driada-oxandrolone\/#primaryimage"},"thumbnailUrl":"https:\/\/iberoid-shop.com\/wp-content\/uploads\/2024\/10\/anavaros_driada-scaled.webp","datePublished":"2024-10-27T11:20:48+00:00","dateModified":"2025-08-06T06:42:42+00:00","description":"Anavar (Oxandrolone) est un st\u00e9ro\u00efde anabolisant l\u00e9ger utilis\u00e9 pour la d\u00e9finition musculaire, la perte de graisse et l\u2019augmentation de la force. Il est populaire pour ses faibles effets androg\u00e9niques.","breadcrumb":{"@id":"https:\/\/iberoid-shop.com\/fr\/product\/anavaros-driada-oxandrolone\/#breadcrumb"},"inLanguage":"fr-FR","potentialAction":[{"@type":"ReadAction","target":[["https:\/\/iberoid-shop.com\/fr\/product\/anavaros-driada-oxandrolone\/"]]}]},{"@type":"ImageObject","inLanguage":"fr-FR","@id":"https:\/\/iberoid-shop.com\/fr\/product\/anavaros-driada-oxandrolone\/#primaryimage","url":"https:\/\/iberoid-shop.com\/wp-content\/uploads\/2024\/10\/anavaros_driada-scaled.webp","contentUrl":"https:\/\/iberoid-shop.com\/wp-content\/uploads\/2024\/10\/anavaros_driada-scaled.webp","width":2560,"height":2560},{"@type":"BreadcrumbList","@id":"https:\/\/iberoid-shop.com\/fr\/product\/anavaros-driada-oxandrolone\/#breadcrumb","itemListElement":[{"@type":"ListItem","position":1,"name":"Portada","item":"https:\/\/iberoid-shop.com\/fr\/"},{"@type":"ListItem","position":2,"name":"Magasin","item":"https:\/\/iberoid-shop.com\/fr\/shop\/"},{"@type":"ListItem","position":3,"name":"ANAVAROS \/ OXANDROLONE"}]},{"@type":"WebSite","@id":"https:\/\/iberoid-shop.com\/fr\/#website","url":"https:\/\/iberoid-shop.com\/fr\/","name":"(Espa\u00f1ol) Esteroides en l\u00ednea","description":"(Espa\u00f1ol) Comprar esteroides en l\u00ednea hoy en Espa\u00f1a y Portugal. Tenemos el mejor servicio al cliente en la industria y los productos de la m\u00e1s alta calidad","potentialAction":[{"@type":"SearchAction","target":{"@type":"EntryPoint","urlTemplate":"https:\/\/iberoid-shop.com\/fr\/?s={search_term_string}"},"query-input":{"@type":"PropertyValueSpecification","valueRequired":true,"valueName":"search_term_string"}}],"inLanguage":"fr-FR"}]},"product_brand":"Driada","product_price_amount":"50.00","product_price_currency":"EUR","og_availability":"out of stock","product_availability":"out of stock","product_condition":"new"},"_links":{"self":[{"href":"https:\/\/iberoid-shop.com\/fr\/wp-json\/wp\/v2\/product\/9776","targetHints":{"allow":["GET"]}}],"collection":[{"href":"https:\/\/iberoid-shop.com\/fr\/wp-json\/wp\/v2\/product"}],"about":[{"href":"https:\/\/iberoid-shop.com\/fr\/wp-json\/wp\/v2\/types\/product"}],"replies":[{"embeddable":true,"href":"https:\/\/iberoid-shop.com\/fr\/wp-json\/wp\/v2\/comments?post=9776"}],"wp:featuredmedia":[{"embeddable":true,"href":"https:\/\/iberoid-shop.com\/fr\/wp-json\/wp\/v2\/media\/9777"}],"wp:attachment":[{"href":"https:\/\/iberoid-shop.com\/fr\/wp-json\/wp\/v2\/media?parent=9776"}],"wp:term":[{"taxonomy":"product_brand","embeddable":true,"href":"https:\/\/iberoid-shop.com\/fr\/wp-json\/wp\/v2\/product_brand?post=9776"},{"taxonomy":"product_cat","embeddable":true,"href":"https:\/\/iberoid-shop.com\/fr\/wp-json\/wp\/v2\/product_cat?post=9776"},{"taxonomy":"product_tag","embeddable":true,"href":"https:\/\/iberoid-shop.com\/fr\/wp-json\/wp\/v2\/product_tag?post=9776"}],"curies":[{"name":"wp","href":"https:\/\/api.w.org\/{rel}","templated":true}]}}