{"id":9769,"date":"2024-10-26T09:51:12","date_gmt":"2024-10-26T09:51:12","guid":{"rendered":"https:\/\/iberoid-shop.com\/?post_type=product&#038;p=9769"},"modified":"2025-12-01T09:40:15","modified_gmt":"2025-12-01T09:40:15","slug":"clomiphene-citrate-anpharm-hellas","status":"publish","type":"product","link":"https:\/\/iberoid-shop.com\/fr\/product\/clomiphene-citrate-anpharm-hellas\/","title":{"rendered":"Clomiphene Citrate 50mg"},"content":{"rendered":"<p><\/p>\n<div class=\"descriptionPart\"><i id=\"contents-0\"><\/i><span style=\"vertical-align: inherit;\"><span style=\"vertical-align: inherit;\">Le citrate de clomif\u00e8ne 50 mg Anfarm Hellas ( <\/span><\/span><span style=\"vertical-align: inherit;\"><span style=\"vertical-align: inherit;\">clomid<\/span><\/span><span style=\"vertical-align: inherit;\"><span style=\"vertical-align: inherit;\"> ) est une substance appartenant au groupe des anti-\u0153strog\u00e8nes. Ce m\u00e9dicament fait partie des moyens efficaces de th\u00e9rapie post-cycle ( <\/span><\/span><span style=\"vertical-align: inherit;\"><span style=\"vertical-align: inherit;\">PCT<\/span><\/span><span style=\"vertical-align: inherit;\"><span style=\"vertical-align: inherit;\"> ). Il est tr\u00e8s populaire parmi les athl\u00e8tes qui prennent des st\u00e9ro\u00efdes anabolisants pour am\u00e9liorer leurs performances physiques et leur force, cr\u00e9ant ainsi une apparence musculaire d\u00e9finie et profil\u00e9e. Le Citrate de Clomif\u00e8ne 50 mg de la soci\u00e9t\u00e9 pharmaceutique grecque Anfarm Hellas aide les sportifs \u00e0 contr\u00f4ler les effets ind\u00e9sirables qui surviennent apr\u00e8s la prise d&rsquo;anabolisants.<\/span><\/span><\/p>\n<h2 class=\"jsHandle\"><span style=\"vertical-align: inherit;\"><span style=\"vertical-align: inherit;\">Indications d&rsquo;utilisation du Citrate de Clomif\u00e8ne 50 mg Anfarm Hellas<\/span><\/span><\/h2>\n<div><span style=\"vertical-align: inherit;\"><span style=\"vertical-align: inherit;\">Le clomif\u00e8ne aide \u00e0 restaurer la production naturelle d&rsquo;hormones sexuelles m\u00e2les ( <\/span><\/span><span style=\"vertical-align: inherit;\"><span style=\"vertical-align: inherit;\">testost\u00e9rone<\/span><\/span><span style=\"vertical-align: inherit;\"><span style=\"vertical-align: inherit;\"> ) et bloque les \u0153strog\u00e8nes.<\/span><\/span><\/div>\n<div><span style=\"vertical-align: inherit;\"><span style=\"vertical-align: inherit;\">Le m\u00e9dicament vous permet de pr\u00e9venir des sympt\u00f4mes tels que :<\/span><\/span><\/div>\n<ul>\n<li><span style=\"vertical-align: inherit;\"><span style=\"vertical-align: inherit;\">alop\u00e9cie;<\/span><\/span><\/li>\n<li><span style=\"vertical-align: inherit;\"><span style=\"vertical-align: inherit;\">accumulation de tissu adipeux;<\/span><\/span><\/li>\n<li><span style=\"vertical-align: inherit;\"><span style=\"vertical-align: inherit;\">gyn\u00e9comastie, etc.<\/span><\/span><\/li>\n<\/ul>\n<div><span style=\"vertical-align: inherit;\"><span style=\"vertical-align: inherit;\">Les athl\u00e8tes prenant du clomif\u00e8ne notent les effets positifs suivants :<\/span><\/span><\/div>\n<ul>\n<li><span style=\"vertical-align: inherit;\"><span style=\"vertical-align: inherit;\">restauration de l&rsquo;\u00e9quilibre hormonal;<\/span><\/span><\/li>\n<li><span style=\"vertical-align: inherit;\"><span style=\"vertical-align: inherit;\">pr\u00e9vention de l&rsquo;effet rebond\u00a0;<\/span><\/span><\/li>\n<li><span style=\"vertical-align: inherit;\"><span style=\"vertical-align: inherit;\">pr\u00e9vention des cons\u00e9quences ind\u00e9sirables de la prise de st\u00e9ro\u00efdes anabolisants.<\/span><\/span><\/li>\n<\/ul>\n<p><span style=\"vertical-align: inherit;\"><span style=\"vertical-align: inherit;\">Le m\u00e9dicament Citrate de Clomif\u00e8ne vous permet de maintenir et de maintenir la masse musculaire acquise au cours du cycle des st\u00e9ro\u00efdes anabolisants. De m\u00eame, le compos\u00e9 emp\u00eache la diminution de la densit\u00e9 min\u00e9rale osseuse, ce qui r\u00e9duit le risque de blessures au syst\u00e8me musculo-squelettique.<\/span><\/span><\/p>\n<h2 class=\"jsHandle\"><span style=\"vertical-align: inherit;\"><span style=\"vertical-align: inherit;\">Effets secondaires<\/span><\/span><\/h2>\n<div><span style=\"font-variant-numeric: normal; font-variant-east-asian: normal; font-variant-alternates: normal; font-variant-position: normal; vertical-align: baseline;\"><span style=\"vertical-align: inherit;\"><span style=\"vertical-align: inherit;\">Le clomif\u00e8ne est consid\u00e9r\u00e9 comme sans danger pour le corps humain, \u00e0 condition que le traitement prescrit par le m\u00e9decin soit strictement suivi.<\/span><\/span><\/span><\/div>\n<div><span style=\"vertical-align: inherit;\"><span style=\"vertical-align: inherit;\">Sinon, les cons\u00e9quences suivantes peuvent survenir :<\/span><\/span><\/div>\n<ul>\n<li><span style=\"vertical-align: inherit;\"><span style=\"vertical-align: inherit;\">acn\u00e9;<\/span><\/span><\/li>\n<li><span style=\"vertical-align: inherit;\"><span style=\"vertical-align: inherit;\">\u00e9tat d\u00e9pressif;<\/span><\/span><\/li>\n<li><span style=\"vertical-align: inherit;\"><span style=\"vertical-align: inherit;\">excitabilit\u00e9 excessive, agressivit\u00e9;<\/span><\/span><\/li>\n<li><span style=\"vertical-align: inherit;\"><span style=\"vertical-align: inherit;\">insomnie;<\/span><\/span><\/li>\n<li><span style=\"vertical-align: inherit;\"><span style=\"vertical-align: inherit;\">mal de t\u00eate.<\/span><\/span><\/li>\n<\/ul>\n<p><span style=\"vertical-align: inherit;\"><span style=\"vertical-align: inherit;\">Des probl\u00e8mes de vision et une fatigue rapide sont \u00e9galement possibles.<\/span><\/span><\/p>\n<h2 class=\"jsHandle\"><span style=\"vertical-align: inherit;\"><span style=\"vertical-align: inherit;\">Contre-indications Citrate de clomif\u00e8ne 50 mg Anfarm Hellas<\/span><\/span><\/h2>\n<div><span style=\"vertical-align: inherit;\"><span style=\"vertical-align: inherit;\">Les contre-indications g\u00e9n\u00e9rales \u00e0 la prise de clomif\u00e8ne comprennent\u00a0:<\/span><\/span><\/div>\n<ul>\n<li><span style=\"vertical-align: inherit;\"><span style=\"vertical-align: inherit;\">tumeurs hypophysaires;<\/span><\/span><\/li>\n<li><span style=\"vertical-align: inherit;\"><span style=\"vertical-align: inherit;\">saignements ut\u00e9rins d&rsquo;origine inconnue\u00a0;<\/span><\/span><\/li>\n<li><span style=\"vertical-align: inherit;\"><span style=\"vertical-align: inherit;\">insuffisance r\u00e9nale et h\u00e9patique.<\/span><\/span><\/li>\n<\/ul>\n<p><span style=\"font-variant-numeric: normal; font-variant-east-asian: normal; font-variant-alternates: normal; font-variant-position: normal; vertical-align: baseline;\"><span style=\"vertical-align: inherit;\"><span style=\"vertical-align: inherit;\">De plus, il est possible d&rsquo;envisager une intol\u00e9rance individuelle envers les composants du m\u00e9dicament, ainsi que la grossesse et l&rsquo;allaitement.<\/span><\/span><\/span><\/p>\n<h2 class=\"jsHandle\"><span style=\"vertical-align: inherit;\"><span style=\"vertical-align: inherit;\">Caract\u00e9ristiques d&#8217;embauche<\/span><\/span><\/h2>\n<div><span style=\"vertical-align: inherit;\"><span style=\"vertical-align: inherit;\">Le m\u00e9decin calcule la posologie et la dur\u00e9e du cycle de citrate de clomif\u00e8ne 50 mg. En r\u00e8gle g\u00e9n\u00e9rale, les athl\u00e8tes commencent \u00e0 prendre la substance le lendemain de la fin du cycle de st\u00e9ro\u00efdes. La dur\u00e9e et la posologie quotidienne sont prescrites en fonction de la gravit\u00e9 et de la puissance des st\u00e9ro\u00efdes pris au cours du cycle.\u00a0 <\/span><\/span><span style=\"font-variant-numeric: normal; font-variant-east-asian: normal; font-variant-alternates: normal; font-variant-position: normal; vertical-align: baseline;\"><span style=\"vertical-align: inherit;\"><span style=\"vertical-align: inherit;\">De plus, l&rsquo;\u00e9quilibre hormonal actuel et les caract\u00e9ristiques individuelles de l&rsquo;athl\u00e8te sont pris en compte.<\/span><\/span><\/span><span style=\"vertical-align: inherit;\"><span style=\"vertical-align: inherit;\"> \u00a0La consommation de boissons alcoolis\u00e9es en association avec du clomif\u00e8ne est interdite.<\/span><\/span><\/div>\n<p><span style=\"vertical-align: inherit;\"><span style=\"vertical-align: inherit;\">Chez les athl\u00e8tes f\u00e9minines, le m\u00e9dicament peut provoquer une d\u00e9faillance hormonale, une production excessive de testost\u00e9rone et d&rsquo;\u0153strog\u00e8nes aggravera la forme. <\/span><\/span><\/p>\n<\/div>\n<p><\/p>","protected":false},"excerpt":{"rendered":"<p>Le citrate de clomif\u00e8ne 50 mg Anfarm Hellas ( clomid ) est une substance appartenant au groupe des anti-\u0153strog\u00e8nes. Ce<\/p>\n","protected":false},"featured_media":9770,"comment_status":"open","ping_status":"closed","template":"","meta":[],"product_brand":[],"product_cat":[73],"product_tag":[],"class_list":{"0":"post-9769","1":"product","2":"type-product","3":"status-publish","4":"has-post-thumbnail","6":"product_cat-ssteroides_orales","8":"first","9":"outofstock","10":"shipping-taxable","11":"purchasable","12":"product-type-simple"},"yoast_head":"<!-- This site is optimized with the Yoast SEO Premium plugin v24.4 (Yoast SEO v27.3) - https:\/\/yoast.com\/product\/yoast-seo-premium-wordpress\/ -->\n<title>Clomiphene Citrate 50mg - (Espa\u00f1ol) Esteroides en l\u00ednea<\/title>\n<meta name=\"description\" content=\"Le Citrate de Clomif\u00e8ne 50 mg d&#039;Anfarm Hellas est un anti-\u0153strog\u00e8ne utilis\u00e9 en th\u00e9rapie post-cycle (PCT) pour restaurer la testost\u00e9rone, pr\u00e9venir les effets secondaires comme la gyn\u00e9comastie et maintenir la masse musculaire apr\u00e8s des cycles de st\u00e9ro\u00efdes.\" \/>\n<meta name=\"robots\" content=\"index, follow, max-snippet:-1, max-image-preview:large, max-video-preview:-1\" \/>\n<link rel=\"canonical\" href=\"https:\/\/iberoid-shop.com\/fr\/product\/clomiphene-citrate-anpharm-hellas\/\" \/>\n<meta property=\"og:locale\" content=\"fr_FR\" \/>\n<meta property=\"og:type\" content=\"article\" \/>\n<meta property=\"og:title\" content=\"Clomiphene Citrate 50mg\" \/>\n<meta property=\"og:description\" content=\"Le Citrate de Clomif\u00e8ne 50 mg d&#039;Anfarm Hellas est un anti-\u0153strog\u00e8ne utilis\u00e9 en th\u00e9rapie post-cycle (PCT) pour restaurer la testost\u00e9rone, pr\u00e9venir les effets secondaires comme la gyn\u00e9comastie et maintenir la masse musculaire apr\u00e8s des cycles de st\u00e9ro\u00efdes.\" \/>\n<meta property=\"og:url\" content=\"https:\/\/iberoid-shop.com\/fr\/product\/clomiphene-citrate-anpharm-hellas\/\" \/>\n<meta property=\"og:site_name\" content=\"(Espa\u00f1ol) Esteroides en l\u00ednea\" \/>\n<meta property=\"article:modified_time\" content=\"2025-12-01T09:40:15+00:00\" \/>\n<meta property=\"og:image\" content=\"https:\/\/iberoid-shop.com\/wp-content\/uploads\/2024\/10\/clomiphene-citrate-1.jpg?v=1729936265\" \/>\n\t<meta property=\"og:image:width\" content=\"1000\" \/>\n\t<meta property=\"og:image:height\" content=\"1000\" \/>\n\t<meta property=\"og:image:type\" content=\"image\/jpeg\" \/>\n<meta name=\"twitter:card\" content=\"summary_large_image\" \/>\n<meta name=\"twitter:label1\" content=\"Prix\" \/>\n\t<meta name=\"twitter:data1\" content=\"&euro;20.00\" \/>\n\t<meta name=\"twitter:label2\" content=\"Disponibilit\u00e9\" \/>\n\t<meta name=\"twitter:data2\" content=\"Rupture de stock\" \/>\n<script type=\"application\/ld+json\" class=\"yoast-schema-graph\">{\"@context\":\"https:\\\/\\\/schema.org\",\"@graph\":[{\"@type\":\"WebPage\",\"@id\":\"https:\\\/\\\/iberoid-shop.com\\\/fr\\\/product\\\/clomiphene-citrate-anpharm-hellas\\\/\",\"url\":\"https:\\\/\\\/iberoid-shop.com\\\/fr\\\/product\\\/clomiphene-citrate-anpharm-hellas\\\/\",\"name\":\"Clomiphene Citrate 50mg - (Espa\u00f1ol) Esteroides en l\u00ednea\",\"isPartOf\":{\"@id\":\"https:\\\/\\\/iberoid.com\\\/#website\"},\"primaryImageOfPage\":{\"@id\":\"https:\\\/\\\/iberoid-shop.com\\\/fr\\\/product\\\/clomiphene-citrate-anpharm-hellas\\\/#primaryimage\"},\"image\":{\"@id\":\"https:\\\/\\\/iberoid-shop.com\\\/fr\\\/product\\\/clomiphene-citrate-anpharm-hellas\\\/#primaryimage\"},\"thumbnailUrl\":\"https:\\\/\\\/iberoid-shop.com\\\/wp-content\\\/uploads\\\/2024\\\/10\\\/clomiphene-citrate-1.jpg?v=1729936265\",\"datePublished\":\"2024-10-26T09:51:12+00:00\",\"dateModified\":\"2025-12-01T09:40:15+00:00\",\"description\":\"Le Citrate de Clomif\u00e8ne 50 mg d'Anfarm Hellas est un anti-\u0153strog\u00e8ne utilis\u00e9 en th\u00e9rapie post-cycle (PCT) pour restaurer la testost\u00e9rone, pr\u00e9venir les effets secondaires comme la gyn\u00e9comastie et maintenir la masse musculaire apr\u00e8s des cycles de st\u00e9ro\u00efdes.\",\"breadcrumb\":{\"@id\":\"https:\\\/\\\/iberoid-shop.com\\\/fr\\\/product\\\/clomiphene-citrate-anpharm-hellas\\\/#breadcrumb\"},\"inLanguage\":\"fr-FR\",\"potentialAction\":[{\"@type\":\"ReadAction\",\"target\":[[\"https:\\\/\\\/iberoid-shop.com\\\/fr\\\/product\\\/clomiphene-citrate-anpharm-hellas\\\/\"]]}]},{\"@type\":\"ImageObject\",\"inLanguage\":\"fr-FR\",\"@id\":\"https:\\\/\\\/iberoid-shop.com\\\/fr\\\/product\\\/clomiphene-citrate-anpharm-hellas\\\/#primaryimage\",\"url\":\"https:\\\/\\\/iberoid-shop.com\\\/wp-content\\\/uploads\\\/2024\\\/10\\\/clomiphene-citrate-1.jpg?v=1729936265\",\"contentUrl\":\"https:\\\/\\\/iberoid-shop.com\\\/wp-content\\\/uploads\\\/2024\\\/10\\\/clomiphene-citrate-1.jpg?v=1729936265\",\"width\":1000,\"height\":1000},{\"@type\":\"BreadcrumbList\",\"@id\":\"https:\\\/\\\/iberoid-shop.com\\\/fr\\\/product\\\/clomiphene-citrate-anpharm-hellas\\\/#breadcrumb\",\"itemListElement\":[{\"@type\":\"ListItem\",\"position\":1,\"name\":\"Portada\",\"item\":\"https:\\\/\\\/iberoid.com\\\/\"},{\"@type\":\"ListItem\",\"position\":2,\"name\":\"Magasin\",\"item\":\"https:\\\/\\\/iberoid-shop.com\\\/fr\\\/shop\\\/\"},{\"@type\":\"ListItem\",\"position\":3,\"name\":\"Clomiphene Citrate 50mg\"}]},{\"@type\":\"WebSite\",\"@id\":\"https:\\\/\\\/iberoid.com\\\/#website\",\"url\":\"https:\\\/\\\/iberoid.com\\\/\",\"name\":\"(Espa\u00f1ol) Esteroides en l\u00ednea\",\"description\":\"(Espa\u00f1ol) Comprar esteroides en l\u00ednea hoy en Espa\u00f1a y Portugal. Tenemos el mejor servicio al cliente en la industria y los productos de la m\u00e1s alta calidad\",\"potentialAction\":[{\"@type\":\"SearchAction\",\"target\":{\"@type\":\"EntryPoint\",\"urlTemplate\":\"https:\\\/\\\/iberoid.com\\\/?s={search_term_string}\"},\"query-input\":{\"@type\":\"PropertyValueSpecification\",\"valueRequired\":true,\"valueName\":\"search_term_string\"}}],\"inLanguage\":\"fr-FR\"}]}<\/script>\n<meta property=\"product:brand\" content=\"Anfarm\" \/>\n<meta property=\"product:price:amount\" content=\"20.00\" \/>\n<meta property=\"product:price:currency\" content=\"EUR\" \/>\n<meta property=\"og:availability\" content=\"out of stock\" \/>\n<meta property=\"product:availability\" content=\"out of stock\" \/>\n<meta property=\"product:condition\" content=\"new\" \/>\n<!-- \/ Yoast SEO Premium plugin. -->","yoast_head_json":{"title":"Clomiphene Citrate 50mg - (Espa\u00f1ol) Esteroides en l\u00ednea","description":"Le Citrate de Clomif\u00e8ne 50 mg d'Anfarm Hellas est un anti-\u0153strog\u00e8ne utilis\u00e9 en th\u00e9rapie post-cycle (PCT) pour restaurer la testost\u00e9rone, pr\u00e9venir les effets secondaires comme la gyn\u00e9comastie et maintenir la masse musculaire apr\u00e8s des cycles de st\u00e9ro\u00efdes.","robots":{"index":"index","follow":"follow","max-snippet":"max-snippet:-1","max-image-preview":"max-image-preview:large","max-video-preview":"max-video-preview:-1"},"canonical":"https:\/\/iberoid-shop.com\/fr\/product\/clomiphene-citrate-anpharm-hellas\/","og_locale":"fr_FR","og_type":"article","og_title":"Clomiphene Citrate 50mg","og_description":"Le Citrate de Clomif\u00e8ne 50 mg d'Anfarm Hellas est un anti-\u0153strog\u00e8ne utilis\u00e9 en th\u00e9rapie post-cycle (PCT) pour restaurer la testost\u00e9rone, pr\u00e9venir les effets secondaires comme la gyn\u00e9comastie et maintenir la masse musculaire apr\u00e8s des cycles de st\u00e9ro\u00efdes.","og_url":"https:\/\/iberoid-shop.com\/fr\/product\/clomiphene-citrate-anpharm-hellas\/","og_site_name":"(Espa\u00f1ol) Esteroides en l\u00ednea","article_modified_time":"2025-12-01T09:40:15+00:00","og_image":[{"width":1000,"height":1000,"url":"https:\/\/iberoid-shop.com\/wp-content\/uploads\/2024\/10\/clomiphene-citrate-1.jpg?v=1729936265","type":"image\/jpeg"}],"twitter_card":"summary_large_image","twitter_misc":{"Prix":"&euro;20.00","Disponibilit\u00e9":"Rupture de stock"},"schema":{"@context":"https:\/\/schema.org","@graph":[{"@type":"WebPage","@id":"https:\/\/iberoid-shop.com\/fr\/product\/clomiphene-citrate-anpharm-hellas\/","url":"https:\/\/iberoid-shop.com\/fr\/product\/clomiphene-citrate-anpharm-hellas\/","name":"Clomiphene Citrate 50mg - (Espa\u00f1ol) Esteroides en l\u00ednea","isPartOf":{"@id":"https:\/\/iberoid.com\/#website"},"primaryImageOfPage":{"@id":"https:\/\/iberoid-shop.com\/fr\/product\/clomiphene-citrate-anpharm-hellas\/#primaryimage"},"image":{"@id":"https:\/\/iberoid-shop.com\/fr\/product\/clomiphene-citrate-anpharm-hellas\/#primaryimage"},"thumbnailUrl":"https:\/\/iberoid-shop.com\/wp-content\/uploads\/2024\/10\/clomiphene-citrate-1.jpg?v=1729936265","datePublished":"2024-10-26T09:51:12+00:00","dateModified":"2025-12-01T09:40:15+00:00","description":"Le Citrate de Clomif\u00e8ne 50 mg d'Anfarm Hellas est un anti-\u0153strog\u00e8ne utilis\u00e9 en th\u00e9rapie post-cycle (PCT) pour restaurer la testost\u00e9rone, pr\u00e9venir les effets secondaires comme la gyn\u00e9comastie et maintenir la masse musculaire apr\u00e8s des cycles de st\u00e9ro\u00efdes.","breadcrumb":{"@id":"https:\/\/iberoid-shop.com\/fr\/product\/clomiphene-citrate-anpharm-hellas\/#breadcrumb"},"inLanguage":"fr-FR","potentialAction":[{"@type":"ReadAction","target":[["https:\/\/iberoid-shop.com\/fr\/product\/clomiphene-citrate-anpharm-hellas\/"]]}]},{"@type":"ImageObject","inLanguage":"fr-FR","@id":"https:\/\/iberoid-shop.com\/fr\/product\/clomiphene-citrate-anpharm-hellas\/#primaryimage","url":"https:\/\/iberoid-shop.com\/wp-content\/uploads\/2024\/10\/clomiphene-citrate-1.jpg?v=1729936265","contentUrl":"https:\/\/iberoid-shop.com\/wp-content\/uploads\/2024\/10\/clomiphene-citrate-1.jpg?v=1729936265","width":1000,"height":1000},{"@type":"BreadcrumbList","@id":"https:\/\/iberoid-shop.com\/fr\/product\/clomiphene-citrate-anpharm-hellas\/#breadcrumb","itemListElement":[{"@type":"ListItem","position":1,"name":"Portada","item":"https:\/\/iberoid.com\/"},{"@type":"ListItem","position":2,"name":"Magasin","item":"https:\/\/iberoid-shop.com\/fr\/shop\/"},{"@type":"ListItem","position":3,"name":"Clomiphene Citrate 50mg"}]},{"@type":"WebSite","@id":"https:\/\/iberoid.com\/#website","url":"https:\/\/iberoid.com\/","name":"(Espa\u00f1ol) Esteroides en l\u00ednea","description":"(Espa\u00f1ol) Comprar esteroides en l\u00ednea hoy en Espa\u00f1a y Portugal. Tenemos el mejor servicio al cliente en la industria y los productos de la m\u00e1s alta calidad","potentialAction":[{"@type":"SearchAction","target":{"@type":"EntryPoint","urlTemplate":"https:\/\/iberoid.com\/?s={search_term_string}"},"query-input":{"@type":"PropertyValueSpecification","valueRequired":true,"valueName":"search_term_string"}}],"inLanguage":"fr-FR"}]},"product_brand":"Anfarm","product_price_amount":"20.00","product_price_currency":"EUR","og_availability":"out of stock","product_availability":"out of stock","product_condition":"new"},"_links":{"self":[{"href":"https:\/\/iberoid-shop.com\/fr\/wp-json\/wp\/v2\/product\/9769","targetHints":{"allow":["GET"]}}],"collection":[{"href":"https:\/\/iberoid-shop.com\/fr\/wp-json\/wp\/v2\/product"}],"about":[{"href":"https:\/\/iberoid-shop.com\/fr\/wp-json\/wp\/v2\/types\/product"}],"replies":[{"embeddable":true,"href":"https:\/\/iberoid-shop.com\/fr\/wp-json\/wp\/v2\/comments?post=9769"}],"wp:featuredmedia":[{"embeddable":true,"href":"https:\/\/iberoid-shop.com\/fr\/wp-json\/wp\/v2\/media\/9770"}],"wp:attachment":[{"href":"https:\/\/iberoid-shop.com\/fr\/wp-json\/wp\/v2\/media?parent=9769"}],"wp:term":[{"taxonomy":"product_brand","embeddable":true,"href":"https:\/\/iberoid-shop.com\/fr\/wp-json\/wp\/v2\/product_brand?post=9769"},{"taxonomy":"product_cat","embeddable":true,"href":"https:\/\/iberoid-shop.com\/fr\/wp-json\/wp\/v2\/product_cat?post=9769"},{"taxonomy":"product_tag","embeddable":true,"href":"https:\/\/iberoid-shop.com\/fr\/wp-json\/wp\/v2\/product_tag?post=9769"}],"curies":[{"name":"wp","href":"https:\/\/api.w.org\/{rel}","templated":true}]}}