{"id":9761,"date":"2024-10-20T11:49:43","date_gmt":"2024-10-20T11:49:43","guid":{"rendered":"https:\/\/iberoid-shop.com\/?post_type=product&#038;p=9761"},"modified":"2025-03-29T10:51:52","modified_gmt":"2025-03-29T10:51:52","slug":"androbolic50tabs-oxymetholon50mg-arenis","status":"publish","type":"product","link":"https:\/\/iberoid-shop.com\/fr\/product\/androbolic50tabs-oxymetholon50mg-arenis\/","title":{"rendered":"ANDROBOLIC \/ OXYMETHOLON  &#8211; 50tabs \/ 50mg"},"content":{"rendered":"<p><\/p>\n<div class=\"wd-single-content wd-wpb wd-rs-63515175a95d9 vc_custom_1666273659357\">\n<p><span style=\"vertical-align: inherit;\"><span style=\"vertical-align: inherit;\">Androbolic contient 50 mg d&rsquo;oxym\u00e9tholone.<\/span><\/span><\/p>\n<p><span style=\"vertical-align: inherit;\"><span style=\"vertical-align: inherit;\">Androbolic (oxym\u00e9tholone) est un st\u00e9ro\u00efde anabolisant oral d\u00e9riv\u00e9 de la dihydrotestost\u00e9rone.<\/span><\/span><\/p>\n<h3><span id=\"Efectos-secundarios-estrogenicos\" class=\"ez-toc-section\"><\/span><span style=\"vertical-align: inherit;\"><span style=\"vertical-align: inherit;\">Effets secondaires \u0153strog\u00e9niques<\/span><\/span><\/h3>\n<p><span style=\"vertical-align: inherit;\"><span style=\"vertical-align: inherit;\">Androbolic (Oxymetholone) est un st\u00e9ro\u00efde hautement \u0153strog\u00e9nique. Des niveaux \u00e9lev\u00e9s d\u2019\u0153strog\u00e8nes provoquent souvent une gyn\u00e9comastie. Dans le m\u00eame temps, la r\u00e9tention d\u2019eau peut devenir un probl\u00e8me, entra\u00eenant une perte notable de d\u00e9finition musculaire \u00e0 mesure que la r\u00e9tention d\u2019eau sous-cutan\u00e9e et les niveaux de graisse s\u2019accumulent.<\/span><\/span><\/p>\n<p><span style=\"vertical-align: inherit;\"><span style=\"vertical-align: inherit;\">Un anti-\u0153strog\u00e8ne peut \u00eatre n\u00e9cessaire pour pr\u00e9venir les effets secondaires \u0153strog\u00e9niques.<\/span><\/span><\/p>\n<h3><span id=\"Efectos-secundarios-androgenicos\" class=\"ez-toc-section\"><\/span><span style=\"vertical-align: inherit;\"><span style=\"vertical-align: inherit;\">Effets secondaires androg\u00e8nes<\/span><\/span><\/h3>\n<p><span style=\"vertical-align: inherit;\"><span style=\"vertical-align: inherit;\">Bien qu\u2019il soit class\u00e9 comme st\u00e9ro\u00efde anabolisant, les effets secondaires androg\u00e8nes sont encore fr\u00e9quents avec cette substance, en particulier \u00e0 des doses plus \u00e9lev\u00e9es. Cela peut inclure des \u00e9pisodes de peau grasse, d\u2019acn\u00e9 et de croissance des poils sur le corps et le visage.<\/span><\/span><\/p>\n<p><span style=\"vertical-align: inherit;\"><span style=\"vertical-align: inherit;\">Les st\u00e9ro\u00efdes anabolisants\/androg\u00e8nes peuvent \u00e9galement aggraver la perte de cheveux chez les hommes.<\/span><\/span><\/p>\n<p><span style=\"vertical-align: inherit;\"><span style=\"vertical-align: inherit;\">Les femmes sont \u00e9galement averties des \u00e9ventuels effets virilisants des st\u00e9ro\u00efdes anabolisants\/androg\u00e8nes. Ceux-ci peuvent inclure une voix plus grave, des irr\u00e9gularit\u00e9s menstruelles, des changements dans la texture de la peau, la croissance des poils du visage et une hypertrophie du clitoris.<\/span><\/span><\/p>\n<h3><span id=\"Efectos-secundarios-de-hepatotoxicidad\" class=\"ez-toc-section\"><\/span><span style=\"vertical-align: inherit;\"><span style=\"vertical-align: inherit;\">Effets secondaires de l&rsquo;h\u00e9patotoxicit\u00e9<\/span><\/span><\/h3>\n<p><span style=\"vertical-align: inherit;\"><span style=\"vertical-align: inherit;\">Androbolic (oxym\u00e9tholone) est un compos\u00e9 alkyl\u00e9 en c17-alpha. Les st\u00e9ro\u00efdes anabolisants\/androg\u00e8nes alkyl\u00e9s en C17-alpha peuvent \u00eatre h\u00e9patotoxiques. Une exposition prolong\u00e9e ou \u00e9lev\u00e9e peut entra\u00eener des l\u00e9sions h\u00e9patiques. Dans de rares cas, un dysfonctionnement potentiellement mortel peut se d\u00e9velopper. Il est conseill\u00e9 de consulter p\u00e9riodiquement un m\u00e9decin au cours de chaque cycle pour surveiller la fonction h\u00e9patique et l&rsquo;\u00e9tat de sant\u00e9 g\u00e9n\u00e9ral. La prise de st\u00e9ro\u00efdes alkyl\u00e9s c17-alpha est g\u00e9n\u00e9ralement limit\u00e9e \u00e0 6 \u00e0 8 semaines, dans le but de pr\u00e9venir une augmentation du stress h\u00e9patique.<\/span><\/span><\/p>\n<p><span style=\"vertical-align: inherit;\"><span style=\"vertical-align: inherit;\">L\u2019utilisation d\u2019un suppl\u00e9ment de d\u00e9sintoxication du foie est recommand\u00e9e lors de la prise de st\u00e9ro\u00efdes anabolisants\/androg\u00e8nes h\u00e9patotoxiques.<\/span><\/span><\/p>\n<p><span style=\"vertical-align: inherit;\"><span style=\"vertical-align: inherit;\">L\u2019h\u00e9patotoxicit\u00e9 relative augmente \u00e0 mesure que la dose augmente, de sorte que le dysfonctionnement h\u00e9patique reste un sujet de pr\u00e9occupation.<\/span><\/span><\/p>\n<h3><span id=\"Efectos-secundarios-cardiovasculares\" class=\"ez-toc-section\"><\/span><span style=\"vertical-align: inherit;\"><span style=\"vertical-align: inherit;\">Effets secondaires cardiovasculaires<\/span><\/span><\/h3>\n<p><span style=\"vertical-align: inherit;\"><span style=\"vertical-align: inherit;\">Les st\u00e9ro\u00efdes anabolisants\/androg\u00e8nes peuvent avoir des effets d\u00e9l\u00e9t\u00e8res sur le cholest\u00e9rol s\u00e9rique. Cela inclut une tendance \u00e0 abaisser les valeurs du HDL (bon) cholest\u00e9rol et \u00e0 augmenter les valeurs du LDL (mauvais) cholest\u00e9rol, ce qui peut d\u00e9placer l&rsquo;\u00e9quilibre du HDL vers le LDL dans une direction qui favorise un risque accru d&rsquo;art\u00e9rioscl\u00e9rose.<\/span><\/span><\/p>\n<p><span style=\"vertical-align: inherit;\"><span style=\"vertical-align: inherit;\">L&rsquo;impact relatif d&rsquo;un st\u00e9ro\u00efde anabolisant\/androg\u00e8ne sur les lipides s\u00e9riques d\u00e9pend de la dose, de la voie d&rsquo;administration (orale ou injectable), du type de st\u00e9ro\u00efde (aromatisable ou non aromatisable) et du niveau de r\u00e9sistance au m\u00e9tabolisme h\u00e9patique.<\/span><\/span><\/p>\n<p><span style=\"vertical-align: inherit;\"><span style=\"vertical-align: inherit;\">Les st\u00e9ro\u00efdes anabolisants\/androg\u00e8nes peuvent \u00e9galement affecter n\u00e9gativement la tension art\u00e9rielle et les triglyc\u00e9rides, r\u00e9duire la relaxation endoth\u00e9liale et favoriser l&rsquo;hypertrophie ventriculaire gauche, ce qui peut tous augmenter le risque de maladie cardiovasculaire et d&rsquo;infarctus du myocarde.<\/span><\/span><\/p>\n<p><span style=\"vertical-align: inherit;\"><span style=\"vertical-align: inherit;\">Pour aider \u00e0 r\u00e9duire la tension cardiovasculaire, il est recommand\u00e9 de maintenir un programme d&rsquo;exercices cardiovasculaires actif et de minimiser la consommation de graisses satur\u00e9es, de cholest\u00e9rol et de glucides simples \u00e0 tout moment pendant l&rsquo;administration active de st\u00e9ro\u00efdes. Il est \u00e9galement recommand\u00e9 de compl\u00e9ter avec des huiles de poisson et une formule naturelle de cholest\u00e9rol\/antioxydant.<\/span><\/span><\/p>\n<h3><span id=\"Supresion-de-testosterona\" class=\"ez-toc-section\"><\/span><span style=\"vertical-align: inherit;\"><span style=\"vertical-align: inherit;\">Suppression de la testost\u00e9rone<\/span><\/span><\/h3>\n<p><span style=\"vertical-align: inherit;\"><span style=\"vertical-align: inherit;\">Tous les st\u00e9ro\u00efdes anabolisants\/androg\u00e8nes devraient supprimer la production endog\u00e8ne de testost\u00e9rone. La testost\u00e9rone est le principal androg\u00e8ne masculin et fournit une forte r\u00e9troaction n\u00e9gative sur la production endog\u00e8ne de testost\u00e9rone.<\/span><\/span><\/p>\n<p><span style=\"vertical-align: inherit;\"><span style=\"vertical-align: inherit;\">De m\u00eame, les m\u00e9dicaments \u00e0 base de testost\u00e9rone auront un effet important sur la r\u00e9gulation hypothalamique des hormones st\u00e9ro\u00efdes naturelles. Sans l\u2019intervention de substances stimulant la testost\u00e9rone, les taux de testost\u00e9rone devraient revenir \u00e0 la normale dans les 1 \u00e0 4 mois suivant l\u2019arr\u00eat du m\u00e9dicament.<\/span><\/span><\/p>\n<p><span style=\"vertical-align: inherit;\"><span style=\"vertical-align: inherit;\">Veuillez noter qu&rsquo;un hypogonadisme hypogonadotrophique prolong\u00e9 peut se d\u00e9velopper \u00e0 la suite d&rsquo;un abus de st\u00e9ro\u00efdes, n\u00e9cessitant une intervention m\u00e9dicale.<\/span><\/span><\/p>\n<h3><span id=\"Administracion-para-hombres\" class=\"ez-toc-section\"><\/span><span style=\"vertical-align: inherit;\"><span style=\"vertical-align: inherit;\">Administration pour les hommes<\/span><\/span><\/h3>\n<p><span style=\"vertical-align: inherit;\"><span style=\"vertical-align: inherit;\">Il est le plus souvent utilis\u00e9 \u00e0 une dose de 25 \u00e0 150 mg par jour, en deux ou trois prises tout au long de la journ\u00e9e.<\/span><\/span><\/p>\n<p><span style=\"vertical-align: inherit;\"><span style=\"vertical-align: inherit;\">Les effets positifs de ce m\u00e9dicament deviennent plus \u00e9vidents lorsqu\u2019il est utilis\u00e9 pendant des cycles plus longs, d\u2019une dur\u00e9e g\u00e9n\u00e9ralement de 6 \u00e0 8 semaines.<\/span><\/span><\/p>\n<p><span style=\"vertical-align: inherit;\"><span style=\"vertical-align: inherit;\">Androbolic (Oxymetholone) est un m\u00e9dicament tr\u00e8s polyvalent et peut \u00eatre combin\u00e9 avec un certain nombre d\u2019autres agents en fonction du r\u00e9sultat souhait\u00e9.<\/span><\/span><\/p>\n<p><span style=\"vertical-align: inherit;\"><span style=\"vertical-align: inherit;\">Pour une utilisation maximale, Androbolic (Oxymetholone) doit \u00eatre pris \u00e0 jeun.<\/span><\/span><\/p>\n<h3><span id=\"Administracion-para-la-Mujer\" class=\"ez-toc-section\"><\/span><span style=\"vertical-align: inherit;\"><span style=\"vertical-align: inherit;\">Administration pour les femmes<\/span><\/span><\/h3>\n<p><span style=\"vertical-align: inherit;\"><span style=\"vertical-align: inherit;\">Androbolic (Oxymetholone) est rarement utilis\u00e9 chez les femmes en m\u00e9decine clinique.<\/span><\/span><\/p>\n<p><span style=\"vertical-align: inherit;\"><span style=\"vertical-align: inherit;\">Androbolic (Oxymetholone) n&rsquo;est pas recommand\u00e9 aux femmes \u00e0 des fins d&rsquo;am\u00e9lioration des performances en raison de sa forte nature androg\u00e8ne et de sa tendance \u00e0 produire des effets secondaires virilisants.<\/span><\/span><\/p>\n<\/div>\n<p><\/p>","protected":false},"excerpt":{"rendered":"<p>Androbolic contient 50 mg d&rsquo;oxym\u00e9tholone. Androbolic (oxym\u00e9tholone) est un st\u00e9ro\u00efde anabolisant oral d\u00e9riv\u00e9 de la dihydrotestost\u00e9rone. Effets secondaires \u0153strog\u00e9niques Androbolic<\/p>\n","protected":false},"featured_media":9762,"comment_status":"open","ping_status":"closed","template":"","meta":[],"product_brand":[],"product_cat":[73],"product_tag":[],"class_list":{"0":"post-9761","1":"product","2":"type-product","3":"status-publish","4":"has-post-thumbnail","6":"product_cat-ssteroides_orales","8":"first","9":"outofstock","10":"featured","11":"shipping-taxable","12":"purchasable","13":"product-type-simple"},"yoast_head":"<!-- This site is optimized with the Yoast SEO Premium plugin v24.4 (Yoast SEO v27.3) - https:\/\/yoast.com\/product\/yoast-seo-premium-wordpress\/ -->\n<title>ANDROBOLIC \/ OXYMETHOLON - 50tabs \/ 50mg - (Espa\u00f1ol) Esteroides en l\u00ednea<\/title>\n<meta name=\"description\" content=\"Androbolic (Oxymetholone) est un st\u00e9ro\u00efde anabolisant puissant avec de forts effets \u0153strog\u00e9niques, une toxicit\u00e9 h\u00e9patique, des risques cardiovasculaires et une suppression de la testost\u00e9rone.\" \/>\n<meta name=\"robots\" content=\"index, follow, max-snippet:-1, max-image-preview:large, max-video-preview:-1\" \/>\n<link rel=\"canonical\" href=\"https:\/\/iberoid-shop.com\/fr\/product\/androbolic50tabs-oxymetholon50mg-arenis\/\" \/>\n<meta property=\"og:locale\" content=\"fr_FR\" \/>\n<meta property=\"og:type\" content=\"article\" \/>\n<meta property=\"og:title\" content=\"ANDROBOLIC \/ OXYMETHOLON - 50tabs \/ 50mg\" \/>\n<meta property=\"og:description\" content=\"Androbolic (Oxymetholone) est un st\u00e9ro\u00efde anabolisant puissant avec de forts effets \u0153strog\u00e9niques, une toxicit\u00e9 h\u00e9patique, des risques cardiovasculaires et une suppression de la testost\u00e9rone.\" \/>\n<meta property=\"og:url\" content=\"https:\/\/iberoid-shop.com\/fr\/product\/androbolic50tabs-oxymetholon50mg-arenis\/\" \/>\n<meta property=\"og:site_name\" content=\"(Espa\u00f1ol) Esteroides en l\u00ednea\" \/>\n<meta property=\"article:modified_time\" content=\"2025-03-29T10:51:52+00:00\" \/>\n<meta property=\"og:image\" content=\"https:\/\/iberoid-shop.com\/wp-content\/uploads\/2024\/10\/androbolic.jpg?v=1729424968\" \/>\n\t<meta property=\"og:image:width\" content=\"1000\" \/>\n\t<meta property=\"og:image:height\" content=\"1000\" \/>\n\t<meta property=\"og:image:type\" content=\"image\/jpeg\" \/>\n<meta name=\"twitter:card\" content=\"summary_large_image\" \/>\n<meta name=\"twitter:label1\" content=\"Prix\" \/>\n\t<meta name=\"twitter:data1\" content=\"&euro;40.00\" \/>\n\t<meta name=\"twitter:label2\" content=\"Disponibilit\u00e9\" \/>\n\t<meta name=\"twitter:data2\" content=\"Rupture de stock\" \/>\n<script type=\"application\/ld+json\" class=\"yoast-schema-graph\">{\"@context\":\"https:\\\/\\\/schema.org\",\"@graph\":[{\"@type\":\"WebPage\",\"@id\":\"https:\\\/\\\/iberoid-shop.com\\\/fr\\\/product\\\/androbolic50tabs-oxymetholon50mg-arenis\\\/\",\"url\":\"https:\\\/\\\/iberoid-shop.com\\\/fr\\\/product\\\/androbolic50tabs-oxymetholon50mg-arenis\\\/\",\"name\":\"ANDROBOLIC \\\/ OXYMETHOLON - 50tabs \\\/ 50mg - (Espa\u00f1ol) Esteroides en l\u00ednea\",\"isPartOf\":{\"@id\":\"https:\\\/\\\/iberoid-shop.com\\\/fr\\\/#website\"},\"primaryImageOfPage\":{\"@id\":\"https:\\\/\\\/iberoid-shop.com\\\/fr\\\/product\\\/androbolic50tabs-oxymetholon50mg-arenis\\\/#primaryimage\"},\"image\":{\"@id\":\"https:\\\/\\\/iberoid-shop.com\\\/fr\\\/product\\\/androbolic50tabs-oxymetholon50mg-arenis\\\/#primaryimage\"},\"thumbnailUrl\":\"https:\\\/\\\/iberoid-shop.com\\\/wp-content\\\/uploads\\\/2024\\\/10\\\/androbolic.jpg?v=1729424968\",\"datePublished\":\"2024-10-20T11:49:43+00:00\",\"dateModified\":\"2025-03-29T10:51:52+00:00\",\"description\":\"Androbolic (Oxymetholone) est un st\u00e9ro\u00efde anabolisant puissant avec de forts effets \u0153strog\u00e9niques, une toxicit\u00e9 h\u00e9patique, des risques cardiovasculaires et une suppression de la testost\u00e9rone.\",\"breadcrumb\":{\"@id\":\"https:\\\/\\\/iberoid-shop.com\\\/fr\\\/product\\\/androbolic50tabs-oxymetholon50mg-arenis\\\/#breadcrumb\"},\"inLanguage\":\"fr-FR\",\"potentialAction\":[{\"@type\":\"ReadAction\",\"target\":[[\"https:\\\/\\\/iberoid-shop.com\\\/fr\\\/product\\\/androbolic50tabs-oxymetholon50mg-arenis\\\/\"]]}]},{\"@type\":\"ImageObject\",\"inLanguage\":\"fr-FR\",\"@id\":\"https:\\\/\\\/iberoid-shop.com\\\/fr\\\/product\\\/androbolic50tabs-oxymetholon50mg-arenis\\\/#primaryimage\",\"url\":\"https:\\\/\\\/iberoid-shop.com\\\/wp-content\\\/uploads\\\/2024\\\/10\\\/androbolic.jpg?v=1729424968\",\"contentUrl\":\"https:\\\/\\\/iberoid-shop.com\\\/wp-content\\\/uploads\\\/2024\\\/10\\\/androbolic.jpg?v=1729424968\",\"width\":1000,\"height\":1000},{\"@type\":\"BreadcrumbList\",\"@id\":\"https:\\\/\\\/iberoid-shop.com\\\/fr\\\/product\\\/androbolic50tabs-oxymetholon50mg-arenis\\\/#breadcrumb\",\"itemListElement\":[{\"@type\":\"ListItem\",\"position\":1,\"name\":\"Portada\",\"item\":\"https:\\\/\\\/iberoid-shop.com\\\/fr\\\/\"},{\"@type\":\"ListItem\",\"position\":2,\"name\":\"Magasin\",\"item\":\"https:\\\/\\\/iberoid-shop.com\\\/fr\\\/shop\\\/\"},{\"@type\":\"ListItem\",\"position\":3,\"name\":\"ANDROBOLIC \\\/ OXYMETHOLON &#8211; 50tabs \\\/ 50mg\"}]},{\"@type\":\"WebSite\",\"@id\":\"https:\\\/\\\/iberoid-shop.com\\\/fr\\\/#website\",\"url\":\"https:\\\/\\\/iberoid-shop.com\\\/fr\\\/\",\"name\":\"(Espa\u00f1ol) Esteroides en l\u00ednea\",\"description\":\"(Espa\u00f1ol) Comprar esteroides en l\u00ednea hoy en Espa\u00f1a y Portugal. Tenemos el mejor servicio al cliente en la industria y los productos de la m\u00e1s alta calidad\",\"potentialAction\":[{\"@type\":\"SearchAction\",\"target\":{\"@type\":\"EntryPoint\",\"urlTemplate\":\"https:\\\/\\\/iberoid-shop.com\\\/fr\\\/?s={search_term_string}\"},\"query-input\":{\"@type\":\"PropertyValueSpecification\",\"valueRequired\":true,\"valueName\":\"search_term_string\"}}],\"inLanguage\":\"fr-FR\"}]}<\/script>\n<meta property=\"product:brand\" content=\"Arenis Medico\" \/>\n<meta property=\"product:price:amount\" content=\"40.00\" \/>\n<meta property=\"product:price:currency\" content=\"EUR\" \/>\n<meta property=\"og:availability\" content=\"out of stock\" \/>\n<meta property=\"product:availability\" content=\"out of stock\" \/>\n<meta property=\"product:condition\" content=\"new\" \/>\n<!-- \/ Yoast SEO Premium plugin. -->","yoast_head_json":{"title":"ANDROBOLIC \/ OXYMETHOLON - 50tabs \/ 50mg - (Espa\u00f1ol) Esteroides en l\u00ednea","description":"Androbolic (Oxymetholone) est un st\u00e9ro\u00efde anabolisant puissant avec de forts effets \u0153strog\u00e9niques, une toxicit\u00e9 h\u00e9patique, des risques cardiovasculaires et une suppression de la testost\u00e9rone.","robots":{"index":"index","follow":"follow","max-snippet":"max-snippet:-1","max-image-preview":"max-image-preview:large","max-video-preview":"max-video-preview:-1"},"canonical":"https:\/\/iberoid-shop.com\/fr\/product\/androbolic50tabs-oxymetholon50mg-arenis\/","og_locale":"fr_FR","og_type":"article","og_title":"ANDROBOLIC \/ OXYMETHOLON - 50tabs \/ 50mg","og_description":"Androbolic (Oxymetholone) est un st\u00e9ro\u00efde anabolisant puissant avec de forts effets \u0153strog\u00e9niques, une toxicit\u00e9 h\u00e9patique, des risques cardiovasculaires et une suppression de la testost\u00e9rone.","og_url":"https:\/\/iberoid-shop.com\/fr\/product\/androbolic50tabs-oxymetholon50mg-arenis\/","og_site_name":"(Espa\u00f1ol) Esteroides en l\u00ednea","article_modified_time":"2025-03-29T10:51:52+00:00","og_image":[{"width":1000,"height":1000,"url":"https:\/\/iberoid-shop.com\/wp-content\/uploads\/2024\/10\/androbolic.jpg?v=1729424968","type":"image\/jpeg"}],"twitter_card":"summary_large_image","twitter_misc":{"Prix":"&euro;40.00","Disponibilit\u00e9":"Rupture de stock"},"schema":{"@context":"https:\/\/schema.org","@graph":[{"@type":"WebPage","@id":"https:\/\/iberoid-shop.com\/fr\/product\/androbolic50tabs-oxymetholon50mg-arenis\/","url":"https:\/\/iberoid-shop.com\/fr\/product\/androbolic50tabs-oxymetholon50mg-arenis\/","name":"ANDROBOLIC \/ OXYMETHOLON - 50tabs \/ 50mg - (Espa\u00f1ol) Esteroides en l\u00ednea","isPartOf":{"@id":"https:\/\/iberoid-shop.com\/fr\/#website"},"primaryImageOfPage":{"@id":"https:\/\/iberoid-shop.com\/fr\/product\/androbolic50tabs-oxymetholon50mg-arenis\/#primaryimage"},"image":{"@id":"https:\/\/iberoid-shop.com\/fr\/product\/androbolic50tabs-oxymetholon50mg-arenis\/#primaryimage"},"thumbnailUrl":"https:\/\/iberoid-shop.com\/wp-content\/uploads\/2024\/10\/androbolic.jpg?v=1729424968","datePublished":"2024-10-20T11:49:43+00:00","dateModified":"2025-03-29T10:51:52+00:00","description":"Androbolic (Oxymetholone) est un st\u00e9ro\u00efde anabolisant puissant avec de forts effets \u0153strog\u00e9niques, une toxicit\u00e9 h\u00e9patique, des risques cardiovasculaires et une suppression de la testost\u00e9rone.","breadcrumb":{"@id":"https:\/\/iberoid-shop.com\/fr\/product\/androbolic50tabs-oxymetholon50mg-arenis\/#breadcrumb"},"inLanguage":"fr-FR","potentialAction":[{"@type":"ReadAction","target":[["https:\/\/iberoid-shop.com\/fr\/product\/androbolic50tabs-oxymetholon50mg-arenis\/"]]}]},{"@type":"ImageObject","inLanguage":"fr-FR","@id":"https:\/\/iberoid-shop.com\/fr\/product\/androbolic50tabs-oxymetholon50mg-arenis\/#primaryimage","url":"https:\/\/iberoid-shop.com\/wp-content\/uploads\/2024\/10\/androbolic.jpg?v=1729424968","contentUrl":"https:\/\/iberoid-shop.com\/wp-content\/uploads\/2024\/10\/androbolic.jpg?v=1729424968","width":1000,"height":1000},{"@type":"BreadcrumbList","@id":"https:\/\/iberoid-shop.com\/fr\/product\/androbolic50tabs-oxymetholon50mg-arenis\/#breadcrumb","itemListElement":[{"@type":"ListItem","position":1,"name":"Portada","item":"https:\/\/iberoid-shop.com\/fr\/"},{"@type":"ListItem","position":2,"name":"Magasin","item":"https:\/\/iberoid-shop.com\/fr\/shop\/"},{"@type":"ListItem","position":3,"name":"ANDROBOLIC \/ OXYMETHOLON &#8211; 50tabs \/ 50mg"}]},{"@type":"WebSite","@id":"https:\/\/iberoid-shop.com\/fr\/#website","url":"https:\/\/iberoid-shop.com\/fr\/","name":"(Espa\u00f1ol) Esteroides en l\u00ednea","description":"(Espa\u00f1ol) Comprar esteroides en l\u00ednea hoy en Espa\u00f1a y Portugal. Tenemos el mejor servicio al cliente en la industria y los productos de la m\u00e1s alta calidad","potentialAction":[{"@type":"SearchAction","target":{"@type":"EntryPoint","urlTemplate":"https:\/\/iberoid-shop.com\/fr\/?s={search_term_string}"},"query-input":{"@type":"PropertyValueSpecification","valueRequired":true,"valueName":"search_term_string"}}],"inLanguage":"fr-FR"}]},"product_brand":"Arenis Medico","product_price_amount":"40.00","product_price_currency":"EUR","og_availability":"out of stock","product_availability":"out of stock","product_condition":"new"},"_links":{"self":[{"href":"https:\/\/iberoid-shop.com\/fr\/wp-json\/wp\/v2\/product\/9761","targetHints":{"allow":["GET"]}}],"collection":[{"href":"https:\/\/iberoid-shop.com\/fr\/wp-json\/wp\/v2\/product"}],"about":[{"href":"https:\/\/iberoid-shop.com\/fr\/wp-json\/wp\/v2\/types\/product"}],"replies":[{"embeddable":true,"href":"https:\/\/iberoid-shop.com\/fr\/wp-json\/wp\/v2\/comments?post=9761"}],"wp:featuredmedia":[{"embeddable":true,"href":"https:\/\/iberoid-shop.com\/fr\/wp-json\/wp\/v2\/media\/9762"}],"wp:attachment":[{"href":"https:\/\/iberoid-shop.com\/fr\/wp-json\/wp\/v2\/media?parent=9761"}],"wp:term":[{"taxonomy":"product_brand","embeddable":true,"href":"https:\/\/iberoid-shop.com\/fr\/wp-json\/wp\/v2\/product_brand?post=9761"},{"taxonomy":"product_cat","embeddable":true,"href":"https:\/\/iberoid-shop.com\/fr\/wp-json\/wp\/v2\/product_cat?post=9761"},{"taxonomy":"product_tag","embeddable":true,"href":"https:\/\/iberoid-shop.com\/fr\/wp-json\/wp\/v2\/product_tag?post=9761"}],"curies":[{"name":"wp","href":"https:\/\/api.w.org\/{rel}","templated":true}]}}