{"id":9755,"date":"2024-10-20T11:21:54","date_gmt":"2024-10-20T11:21:54","guid":{"rendered":"https:\/\/iberoid-shop.com\/?post_type=product&#038;p=9755"},"modified":"2026-04-04T09:13:18","modified_gmt":"2026-04-04T09:13:18","slug":"trenbolone-acetate-76mg-imperialabs","status":"publish","type":"product","link":"https:\/\/iberoid-shop.com\/fr\/product\/trenbolone-acetate-76mg-imperialabs\/","title":{"rendered":"Trenbolone Acetate 76mg"},"content":{"rendered":"<p>En utilisant Imperia Labs Trenbolon Acetat 76, les athl\u00e8tes peuvent augmenter les gains de masse musculaire maigre, augmenter la force et augmenter l&rsquo;oxyg\u00e8ne dans les cellules sanguines pour stimuler une r\u00e9g\u00e9n\u00e9ration plus rapide des tissus musculaires. De plus, il augmente le facteur de croissance analogue \u00e0 l\u2019insuline-1 (IFR-1) et acc\u00e9l\u00e8re la combustion des graisses.<\/p>\n<h2>Effets secondaires:<\/h2>\n<p>Les effets ind\u00e9sirables les plus courants attribu\u00e9s \u00e0 Trenbolon Acetat sont l&rsquo;acn\u00e9, l&rsquo;arr\u00eat temporaire de la reproduction de la ron , l&rsquo;augmentation du taux de cholest\u00e9rol de basse densit\u00e9 (LDL), les sautes d&rsquo;humeur, l&rsquo;augmentation du taux de prolactine, l&rsquo;insomnie et la col\u00e8re.<\/p>\n<h2>Protection:<\/h2>\n<p>Envisagez l&rsquo;inclusion de gonadotrophine, de cabergoline et de bromocriptine lors de l&rsquo;utilisation de ce produit. \u00c9vitez la consommation de tamoxif\u00e8ne lors de l\u2019utilisation Trenbolon Acetat .<\/p>\n<h2>Stacking :<\/h2>\n<p>Imperia Labs Trenbolon Acetat 76 montre d&rsquo;excellents r\u00e9sultats et peut \u00eatre appliqu\u00e9 en toute s\u00e9curit\u00e9 avec des esters courts comme Drostanolon Propionat HGH.<\/p>\n<p>&nbsp;<\/p>\n<h2>D\u00e9voiler la puissance de Trenbolon Acetat dans la musculation<\/h2>\n<h3>Introduction:<\/h3>\n<p>Dans le monde dynamique du bodybuilding et de l\u2019am\u00e9lioration des performances, certains compos\u00e9s sont apparus comme des outils puissants pour ceux qui recherchent des gains substantiels de masse et de force musculaire. Parmi ceux-ci, ce PED se d\u00e9marque par son impact remarquable sur la transformation physique et la performance sportive. Examinons les d\u00e9tails de ce puissant st\u00e9ro\u00efde anabolisant.<\/p>\n<h3>Comprendre Trenbolon Acetat\u00a0:<\/h3>\n<p>Cet AAS est un d\u00e9riv\u00e9 synth\u00e9tique de la nandrolone, connu pour ses propri\u00e9t\u00e9s anabolisantes exceptionnelles. Souvent pr\u00e9f\u00e9r\u00e9 par les bodybuilders et les athl\u00e8tes, ce compos\u00e9 a une action rapide gr\u00e2ce \u00e0 son ester court, permettant aux utilisateurs de ressentir ses effets relativement rapidement.<\/p>\n<h3>D\u00e9veloppement et pr\u00e9servation musculaire :<\/h3>\n<p>L\u2019un des attributs cl\u00e9s du Trenbolon Acetat est sa capacit\u00e9 \u00e0 stimuler la croissance musculaire et \u00e0 pr\u00e9server la masse maigre. Les utilisateurs signalent souvent des gains significatifs en termes de taille et de force musculaire, ce qui en fait un choix populaire lors des cycles de prise bulk . De plus, son impact sur la r\u00e9tention d\u2019azote contribue \u00e0 un \u00e9quilibre prot\u00e9ique positif au sein des tissus musculaires.<\/p>\n<h3>R\u00e9sistance et performances am\u00e9lior\u00e9es\u00a0:<\/h3>\n<p>Trenbolon Acetat est r\u00e9put\u00e9 pour sa capacit\u00e9 \u00e0 am\u00e9liorer la force et les performances sportives globales. Les utilisateurs constatent souvent une augmentation de puissance et d&rsquo;endurance pendant les entra\u00eenements, ce qui permet des s\u00e9ances d&rsquo;entra\u00eenement plus intenses et plus prolong\u00e9es. Cela peut conduire \u00e0 une plus grande stimulation musculaire et \u00e0 des progr\u00e8s acc\u00e9l\u00e9r\u00e9s dans la r\u00e9alisation des objectifs de remise en forme.<\/p>\n<h3>Recomposition corporelle et perte de graisse\u00a0:<\/h3>\n<p>Au-del\u00e0 de ses capacit\u00e9s de renforcement musculaire, ce PED se distingue par son impact sur la composition corporelle. Les utilisateurs observent fr\u00e9quemment une r\u00e9duction de la graisse corporelle tout en gagnant simultan\u00e9ment de la masse musculaire maigre. Ce double effet en fait un choix polyvalent pour ceux qui cherchent \u00e0 obtenir un physique plus d\u00e9fini et sculpt\u00e9.<\/p>\n<h3>Consid\u00e9rations et effets secondaires potentiels\u00a0:<\/h3>\n<p>Bien que ce m\u00e9dicament offre des avantages impressionnants, les utilisateurs doivent \u00eatre conscients des effets secondaires potentiels. Ceux-ci peuvent inclure des effets androg\u00e8nes tels que l\u2019acn\u00e9, une perte de cheveux acc\u00e9l\u00e9r\u00e9e et une agressivit\u00e9 accrue. De plus, le compos\u00e9 peut avoir un impact sur la sant\u00e9 cardiovasculaire et supprimer la production naturelle de ron . Une utilisation responsable, y compris un dosage appropri\u00e9 et une th\u00e9rapie post-cycle, est cruciale pour att\u00e9nuer ces risques.<\/p>\n<h3>Conclusion:<\/h3>\n<p>Ce m\u00e9dicament am\u00e9liorant la performance (PED), avec ses puissants effets anabolisants et son impact sur le d\u00e9veloppement musculaire, la force et la recomposition corporelle, a solidifi\u00e9 sa place dans l&rsquo;arsenal des bodybuilders s\u00e9rieux. Son action rapide et sa polyvalence en font un choix recherch\u00e9 pour ceux qui souhaitent repousser leurs limites physiques. Cependant, les utilisateurs doivent aborder son utilisation de mani\u00e8re responsable, en comprenant les risques potentiels et en consultant des professionnels de la sant\u00e9 pour garantir une exp\u00e9rience s\u00fbre et efficace.<\/p>","protected":false},"excerpt":{"rendered":"<p>En utilisant Imperia Labs Trenbolon Acetat 76, les athl\u00e8tes peuvent augmenter les gains de masse musculaire maigre, augmenter la force<\/p>\n","protected":false},"featured_media":9756,"comment_status":"open","ping_status":"closed","template":"","meta":[],"product_brand":[3532],"product_cat":[69],"product_tag":[],"class_list":{"0":"post-9755","1":"product","2":"type-product","3":"status-publish","4":"has-post-thumbnail","6":"product_brand-imperia-labs","7":"product_cat-esteroides_inyectables","9":"first","10":"instock","11":"sale","12":"shipping-taxable","13":"purchasable","14":"product-type-simple"},"yoast_head":"<!-- This site is optimized with the Yoast SEO Premium plugin v24.4 (Yoast SEO v27.0) - https:\/\/yoast.com\/product\/yoast-seo-premium-wordpress\/ -->\n<title>Trenbolone Acetate 76mg - (Espa\u00f1ol) Esteroides en l\u00ednea<\/title>\n<meta name=\"description\" content=\"Imperia Labs Trenbolone Acetate 76 augmente la croissance musculaire, la force et la combustion des graisses, tout en am\u00e9liorant l&#039;oxyg\u00e9nation et les niveaux d&#039;IGF-1.\" \/>\n<meta name=\"robots\" content=\"index, follow, max-snippet:-1, max-image-preview:large, max-video-preview:-1\" \/>\n<link rel=\"canonical\" href=\"https:\/\/iberoid-shop.com\/fr\/product\/trenbolone-acetate-76mg-imperialabs\/\" \/>\n<meta property=\"og:locale\" content=\"fr_FR\" \/>\n<meta property=\"og:type\" content=\"article\" \/>\n<meta property=\"og:title\" content=\"Trenbolone Acetate 76mg\" \/>\n<meta property=\"og:description\" content=\"Imperia Labs Trenbolone Acetate 76 augmente la croissance musculaire, la force et la combustion des graisses, tout en am\u00e9liorant l&#039;oxyg\u00e9nation et les niveaux d&#039;IGF-1.\" \/>\n<meta property=\"og:url\" content=\"https:\/\/iberoid-shop.com\/fr\/product\/trenbolone-acetate-76mg-imperialabs\/\" \/>\n<meta property=\"og:site_name\" content=\"(Espa\u00f1ol) Esteroides en l\u00ednea\" \/>\n<meta property=\"article:modified_time\" content=\"2026-04-04T09:13:18+00:00\" \/>\n<meta property=\"og:image\" content=\"https:\/\/iberoid-shop.com\/wp-content\/uploads\/2024\/10\/trenbo-ace-imp-scaled.jpg?v=1729423297\" \/>\n\t<meta property=\"og:image:width\" content=\"1707\" \/>\n\t<meta property=\"og:image:height\" content=\"2560\" \/>\n\t<meta property=\"og:image:type\" content=\"image\/jpeg\" \/>\n<meta name=\"twitter:card\" content=\"summary_large_image\" \/>\n<meta name=\"twitter:label1\" content=\"Prix\" \/>\n\t<meta name=\"twitter:data1\" content=\"&euro;65.00\" \/>\n\t<meta name=\"twitter:label2\" content=\"Disponibilit\u00e9\" \/>\n\t<meta name=\"twitter:data2\" content=\"En stock\" \/>\n<script type=\"application\/ld+json\" class=\"yoast-schema-graph\">{\"@context\":\"https:\/\/schema.org\",\"@graph\":[{\"@type\":\"WebPage\",\"@id\":\"https:\/\/iberoid-shop.com\/fr\/product\/trenbolone-acetate-76mg-imperialabs\/\",\"url\":\"https:\/\/iberoid-shop.com\/fr\/product\/trenbolone-acetate-76mg-imperialabs\/\",\"name\":\"Trenbolone Acetate 76mg - (Espa\u00f1ol) Esteroides en l\u00ednea\",\"isPartOf\":{\"@id\":\"https:\/\/iberoid-shop.com\/fr\/#website\"},\"primaryImageOfPage\":{\"@id\":\"https:\/\/iberoid-shop.com\/fr\/product\/trenbolone-acetate-76mg-imperialabs\/#primaryimage\"},\"image\":{\"@id\":\"https:\/\/iberoid-shop.com\/fr\/product\/trenbolone-acetate-76mg-imperialabs\/#primaryimage\"},\"thumbnailUrl\":\"https:\/\/iberoid-shop.com\/wp-content\/uploads\/2024\/10\/trenbo-ace-imp-scaled.jpg?v=1729423297\",\"datePublished\":\"2024-10-20T11:21:54+00:00\",\"dateModified\":\"2026-04-04T09:13:18+00:00\",\"description\":\"Imperia Labs Trenbolone Acetate 76 augmente la croissance musculaire, la force et la combustion des graisses, tout en am\u00e9liorant l'oxyg\u00e9nation et les niveaux d'IGF-1.\",\"breadcrumb\":{\"@id\":\"https:\/\/iberoid-shop.com\/fr\/product\/trenbolone-acetate-76mg-imperialabs\/#breadcrumb\"},\"inLanguage\":\"fr-FR\",\"potentialAction\":[{\"@type\":\"ReadAction\",\"target\":[[\"https:\/\/iberoid-shop.com\/fr\/product\/trenbolone-acetate-76mg-imperialabs\/\"]]}]},{\"@type\":\"ImageObject\",\"inLanguage\":\"fr-FR\",\"@id\":\"https:\/\/iberoid-shop.com\/fr\/product\/trenbolone-acetate-76mg-imperialabs\/#primaryimage\",\"url\":\"https:\/\/iberoid-shop.com\/wp-content\/uploads\/2024\/10\/trenbo-ace-imp-scaled.jpg?v=1729423297\",\"contentUrl\":\"https:\/\/iberoid-shop.com\/wp-content\/uploads\/2024\/10\/trenbo-ace-imp-scaled.jpg?v=1729423297\",\"width\":1707,\"height\":2560},{\"@type\":\"BreadcrumbList\",\"@id\":\"https:\/\/iberoid-shop.com\/fr\/product\/trenbolone-acetate-76mg-imperialabs\/#breadcrumb\",\"itemListElement\":[{\"@type\":\"ListItem\",\"position\":1,\"name\":\"Portada\",\"item\":\"https:\/\/iberoid-shop.com\/fr\/\"},{\"@type\":\"ListItem\",\"position\":2,\"name\":\"Magasin\",\"item\":\"https:\/\/iberoid-shop.com\/fr\/shop\/\"},{\"@type\":\"ListItem\",\"position\":3,\"name\":\"Trenbolone Acetate 76mg\"}]},{\"@type\":\"WebSite\",\"@id\":\"https:\/\/iberoid-shop.com\/fr\/#website\",\"url\":\"https:\/\/iberoid-shop.com\/fr\/\",\"name\":\"(Espa\u00f1ol) Esteroides en l\u00ednea\",\"description\":\"(Espa\u00f1ol) Comprar esteroides en l\u00ednea hoy en Espa\u00f1a y Portugal. Tenemos el mejor servicio al cliente en la industria y los productos de la m\u00e1s alta calidad\",\"potentialAction\":[{\"@type\":\"SearchAction\",\"target\":{\"@type\":\"EntryPoint\",\"urlTemplate\":\"https:\/\/iberoid-shop.com\/fr\/?s={search_term_string}\"},\"query-input\":{\"@type\":\"PropertyValueSpecification\",\"valueRequired\":true,\"valueName\":\"search_term_string\"}}],\"inLanguage\":\"fr-FR\"}]}<\/script>\n<meta property=\"product:brand\" content=\"IMPERIA LABS\" \/>\n<meta property=\"product:price:amount\" content=\"65.00\" \/>\n<meta property=\"product:price:currency\" content=\"EUR\" \/>\n<meta property=\"og:availability\" content=\"instock\" \/>\n<meta property=\"product:availability\" content=\"instock\" \/>\n<meta property=\"product:condition\" content=\"new\" \/>\n<!-- \/ Yoast SEO Premium plugin. -->","yoast_head_json":{"title":"Trenbolone Acetate 76mg - (Espa\u00f1ol) Esteroides en l\u00ednea","description":"Imperia Labs Trenbolone Acetate 76 augmente la croissance musculaire, la force et la combustion des graisses, tout en am\u00e9liorant l'oxyg\u00e9nation et les niveaux d'IGF-1.","robots":{"index":"index","follow":"follow","max-snippet":"max-snippet:-1","max-image-preview":"max-image-preview:large","max-video-preview":"max-video-preview:-1"},"canonical":"https:\/\/iberoid-shop.com\/fr\/product\/trenbolone-acetate-76mg-imperialabs\/","og_locale":"fr_FR","og_type":"article","og_title":"Trenbolone Acetate 76mg","og_description":"Imperia Labs Trenbolone Acetate 76 augmente la croissance musculaire, la force et la combustion des graisses, tout en am\u00e9liorant l'oxyg\u00e9nation et les niveaux d'IGF-1.","og_url":"https:\/\/iberoid-shop.com\/fr\/product\/trenbolone-acetate-76mg-imperialabs\/","og_site_name":"(Espa\u00f1ol) Esteroides en l\u00ednea","article_modified_time":"2026-04-04T09:13:18+00:00","og_image":[{"width":1707,"height":2560,"url":"https:\/\/iberoid-shop.com\/wp-content\/uploads\/2024\/10\/trenbo-ace-imp-scaled.jpg?v=1729423297","type":"image\/jpeg"}],"twitter_card":"summary_large_image","twitter_misc":{"Prix":"&euro;65.00","Disponibilit\u00e9":"En stock"},"schema":{"@context":"https:\/\/schema.org","@graph":[{"@type":"WebPage","@id":"https:\/\/iberoid-shop.com\/fr\/product\/trenbolone-acetate-76mg-imperialabs\/","url":"https:\/\/iberoid-shop.com\/fr\/product\/trenbolone-acetate-76mg-imperialabs\/","name":"Trenbolone Acetate 76mg - (Espa\u00f1ol) Esteroides en l\u00ednea","isPartOf":{"@id":"https:\/\/iberoid-shop.com\/fr\/#website"},"primaryImageOfPage":{"@id":"https:\/\/iberoid-shop.com\/fr\/product\/trenbolone-acetate-76mg-imperialabs\/#primaryimage"},"image":{"@id":"https:\/\/iberoid-shop.com\/fr\/product\/trenbolone-acetate-76mg-imperialabs\/#primaryimage"},"thumbnailUrl":"https:\/\/iberoid-shop.com\/wp-content\/uploads\/2024\/10\/trenbo-ace-imp-scaled.jpg?v=1729423297","datePublished":"2024-10-20T11:21:54+00:00","dateModified":"2026-04-04T09:13:18+00:00","description":"Imperia Labs Trenbolone Acetate 76 augmente la croissance musculaire, la force et la combustion des graisses, tout en am\u00e9liorant l'oxyg\u00e9nation et les niveaux d'IGF-1.","breadcrumb":{"@id":"https:\/\/iberoid-shop.com\/fr\/product\/trenbolone-acetate-76mg-imperialabs\/#breadcrumb"},"inLanguage":"fr-FR","potentialAction":[{"@type":"ReadAction","target":[["https:\/\/iberoid-shop.com\/fr\/product\/trenbolone-acetate-76mg-imperialabs\/"]]}]},{"@type":"ImageObject","inLanguage":"fr-FR","@id":"https:\/\/iberoid-shop.com\/fr\/product\/trenbolone-acetate-76mg-imperialabs\/#primaryimage","url":"https:\/\/iberoid-shop.com\/wp-content\/uploads\/2024\/10\/trenbo-ace-imp-scaled.jpg?v=1729423297","contentUrl":"https:\/\/iberoid-shop.com\/wp-content\/uploads\/2024\/10\/trenbo-ace-imp-scaled.jpg?v=1729423297","width":1707,"height":2560},{"@type":"BreadcrumbList","@id":"https:\/\/iberoid-shop.com\/fr\/product\/trenbolone-acetate-76mg-imperialabs\/#breadcrumb","itemListElement":[{"@type":"ListItem","position":1,"name":"Portada","item":"https:\/\/iberoid-shop.com\/fr\/"},{"@type":"ListItem","position":2,"name":"Magasin","item":"https:\/\/iberoid-shop.com\/fr\/shop\/"},{"@type":"ListItem","position":3,"name":"Trenbolone Acetate 76mg"}]},{"@type":"WebSite","@id":"https:\/\/iberoid-shop.com\/fr\/#website","url":"https:\/\/iberoid-shop.com\/fr\/","name":"(Espa\u00f1ol) Esteroides en l\u00ednea","description":"(Espa\u00f1ol) Comprar esteroides en l\u00ednea hoy en Espa\u00f1a y Portugal. Tenemos el mejor servicio al cliente en la industria y los productos de la m\u00e1s alta calidad","potentialAction":[{"@type":"SearchAction","target":{"@type":"EntryPoint","urlTemplate":"https:\/\/iberoid-shop.com\/fr\/?s={search_term_string}"},"query-input":{"@type":"PropertyValueSpecification","valueRequired":true,"valueName":"search_term_string"}}],"inLanguage":"fr-FR"}]},"product_brand":"IMPERIA LABS","product_price_amount":"65.00","product_price_currency":"EUR","og_availability":"instock","product_availability":"instock","product_condition":"new"},"_links":{"self":[{"href":"https:\/\/iberoid-shop.com\/fr\/wp-json\/wp\/v2\/product\/9755","targetHints":{"allow":["GET"]}}],"collection":[{"href":"https:\/\/iberoid-shop.com\/fr\/wp-json\/wp\/v2\/product"}],"about":[{"href":"https:\/\/iberoid-shop.com\/fr\/wp-json\/wp\/v2\/types\/product"}],"replies":[{"embeddable":true,"href":"https:\/\/iberoid-shop.com\/fr\/wp-json\/wp\/v2\/comments?post=9755"}],"wp:featuredmedia":[{"embeddable":true,"href":"https:\/\/iberoid-shop.com\/fr\/wp-json\/wp\/v2\/media\/9756"}],"wp:attachment":[{"href":"https:\/\/iberoid-shop.com\/fr\/wp-json\/wp\/v2\/media?parent=9755"}],"wp:term":[{"taxonomy":"product_brand","embeddable":true,"href":"https:\/\/iberoid-shop.com\/fr\/wp-json\/wp\/v2\/product_brand?post=9755"},{"taxonomy":"product_cat","embeddable":true,"href":"https:\/\/iberoid-shop.com\/fr\/wp-json\/wp\/v2\/product_cat?post=9755"},{"taxonomy":"product_tag","embeddable":true,"href":"https:\/\/iberoid-shop.com\/fr\/wp-json\/wp\/v2\/product_tag?post=9755"}],"curies":[{"name":"wp","href":"https:\/\/api.w.org\/{rel}","templated":true}]}}