{"id":9747,"date":"2024-10-20T11:01:08","date_gmt":"2024-10-20T11:01:08","guid":{"rendered":"https:\/\/iberoid-shop.com\/?post_type=product&#038;p=9747"},"modified":"2026-04-07T17:36:34","modified_gmt":"2026-04-07T17:36:34","slug":"dianabol10mg-methandienone100tabs-imperia-labs","status":"publish","type":"product","link":"https:\/\/iberoid-shop.com\/fr\/product\/dianabol10mg-methandienone100tabs-imperia-labs\/","title":{"rendered":"DIANABOL \/ METHANDIENONE &#8211; 10mg \/ 100tabs"},"content":{"rendered":"<p>En utilisant Imperia Labs Methandienon 10, les athl\u00e8tes peuvent augmenter les gains musculaires, augmenter la force et favoriser les d\u00e9p\u00f4ts de calcium pour des os tron . De plus, il augmente la r\u00e9tention d\u2019azote, de phosphore, de potassium et de soufre, am\u00e9liore le tropisme tissulaire et, stimule la synth\u00e8se des prot\u00e9ines dans l\u2019organisme, am\u00e9liore le tropisme tissulaire.<\/p>\n<h2>Effets secondaires:<\/h2>\n<p>Les effets ind\u00e9sirables les plus courants attribu\u00e9s au Methandienon sont l&rsquo;acn\u00e9, l&rsquo;arr\u00eat temporaire de la reproduction de la ron , les taux \u00e9lev\u00e9s de cholest\u00e9rol de basse densit\u00e9 (LDL), l&rsquo;augmentation des enzymes h\u00e9patiques et l&rsquo;aromatisation.<\/p>\n<h2>Protection:<\/h2>\n<p>Lorsque vous utilisez Imperia Labs Methandienon 10, envisagez l\u2019inclusion de gonadotrophine pour minimiser les effets secondaires. N&rsquo;utilisez pas Methandienon en association avec d&rsquo;autres st\u00e9ro\u00efdes anabolisants oraux en raison de la charge sur le foie.<\/p>\n<h2>Stacking :<\/h2>\n<p>Imperia Labs Methandienon 10 montre d&rsquo;excellents r\u00e9sultats et peut \u00eatre appliqu\u00e9 en toute s\u00e9curit\u00e9 avec HGH et des esters courts et longs comme Boldenone.<\/p>\n<p>&nbsp;<\/p>\n<h3>Methandienon : Une exploration compl\u00e8te du st\u00e9ro\u00efde anabolisant<\/h3>\n<h4>Introduction:<\/h4>\n<p>Methandienon , commun\u00e9ment appel\u00e9 Dianabol, est un puissant st\u00e9ro\u00efde anabolisant qui a laiss\u00e9 une marque ind\u00e9l\u00e9bile dans le monde du bodybuilding et de l&rsquo;am\u00e9lioration des performances. Cet article fournit un aper\u00e7u d\u00e9taill\u00e9 de ce m\u00e9dicament am\u00e9liorant la performance (PED), mettant en lumi\u00e8re ses caract\u00e9ristiques, ses utilisations et ses consid\u00e9rations potentielles.<\/p>\n<h4>Comprendre Methas\u00a0:<\/h4>\n<p>Ce m\u00e9dicament am\u00e9liorant les performances (PED) est un d\u00e9riv\u00e9 de la ron , class\u00e9 comme st\u00e9ro\u00efde anabolisant alkyl\u00e9 en C17-alpha. Cette modification permet au compos\u00e9 de survivre au premier passage dans le foie, permettant ainsi une administration orale. Cet AAS est r\u00e9put\u00e9 pour son action rapide, ce qui en fait un choix populaire parmi les bodybuilders recherchant des gains rapides de masse et de force musculaire.<\/p>\n<h4>D\u00e9veloppement musculaire et effets anabolisants\u00a0:<\/h4>\n<p>Ce PED est c\u00e9l\u00e8bre pour ses puissants effets anabolisants, favorisant des gains substantiels de masse musculaire et de force. Il am\u00e9liore la r\u00e9tention d&rsquo;azote dans les tissus musculaires, entra\u00eenant une augmentation du taux de synth\u00e8se des prot\u00e9ines. Cet ron anabolisant favorise le d\u00e9veloppement de la masse musculaire maigre, faisant de ce PED un choix privil\u00e9gi\u00e9 lors des cycles de prise bulk .<\/p>\n<h4>Endurance et r\u00e9cup\u00e9ration am\u00e9lior\u00e9es\u00a0:<\/h4>\n<p>Les athl\u00e8tes et les bodybuilders appr\u00e9cient ce PED pour sa capacit\u00e9 \u00e0 am\u00e9liorer l&rsquo;endurance et \u00e0 r\u00e9duire les temps de r\u00e9cup\u00e9ration. Le st\u00e9ro\u00efde am\u00e9liore la production de globules rouges, facilitant ainsi une meilleure oxyg\u00e9nation des muscles. Cet apport accru d&rsquo;oxyg\u00e8ne peut entra\u00eener une am\u00e9lioration de l&rsquo;endurance pendant les entra\u00eenements et une r\u00e9cup\u00e9ration plus rapide entre les s\u00e9ances d&rsquo;entra\u00eenement.<\/p>\n<h4>R\u00e9tention d\u2019eau et effets \u0153strog\u00e9niques\u00a0:<\/h4>\n<p>Bien que cet AAS apporte des gains rapides et significatifs, les utilisateurs doivent \u00eatre conscients des effets secondaires potentiels. Le compos\u00e9 est associ\u00e9 \u00e0 la r\u00e9tention d\u2019eau, ce qui peut contribuer \u00e0 une augmentation temporaire du poids corporel. De plus, ce PED poss\u00e8de des propri\u00e9t\u00e9s \u0153strog\u00e9niques et les utilisateurs devront peut-\u00eatre g\u00e9rer ou att\u00e9nuer les effets associ\u00e9s, tels que la gyn\u00e9comastie et la r\u00e9tention d&rsquo;eau accrue.<\/p>\n<h4>Consid\u00e9rations et effets secondaires potentiels\u00a0:<\/h4>\n<p>Comme pour tout st\u00e9ro\u00efde anabolisant, une utilisation responsable et le respect des doses recommand\u00e9es sont essentiels pour minimiser les effets secondaires potentiels. La toxicit\u00e9 h\u00e9patique est une pr\u00e9occupation pour cette DESP en raison de sa nature alkyl\u00e9e en C17-alpha. Des bilans de sant\u00e9 r\u00e9guliers et une surveillance de la fonction h\u00e9patique sont conseill\u00e9s lors de son utilisation.<\/p>\n<h4>Conclusion:<\/h4>\n<p>Metha, avec ses effets rapides et puissants sur le d\u00e9veloppement musculaire et la force, a gagn\u00e9 sa place comme choix populaire parmi les bodybuilders. Bien que ses avantages soient substantiels, les utilisateurs doivent aborder son utilisation de mani\u00e8re responsable, en tenant compte des effets secondaires potentiels et en prenant les pr\u00e9cautions n\u00e9cessaires. Consulter des professionnels de la sant\u00e9 avant d\u2019int\u00e9grer Thais \u00e0 un programme de remise en forme garantit une approche \u00e9quilibr\u00e9e et \u00e9clair\u00e9e pour atteindre les objectifs de musculation souhait\u00e9s.<\/p>","protected":false},"excerpt":{"rendered":"<p>En utilisant Imperia Labs Methandienon 10, les athl\u00e8tes peuvent augmenter les gains musculaires, augmenter la force et favoriser les d\u00e9p\u00f4ts<\/p>\n","protected":false},"featured_media":9748,"comment_status":"open","ping_status":"closed","template":"","meta":[],"product_brand":[3532],"product_cat":[73],"product_tag":[],"class_list":{"0":"post-9747","1":"product","2":"type-product","3":"status-publish","4":"has-post-thumbnail","6":"product_brand-imperia-labs","7":"product_cat-ssteroides_orales","9":"first","10":"instock","11":"shipping-taxable","12":"purchasable","13":"product-type-simple"},"yoast_head":"<!-- This site is optimized with the Yoast SEO Premium plugin v24.4 (Yoast SEO v27.3) - https:\/\/yoast.com\/product\/yoast-seo-premium-wordpress\/ -->\n<title>DIANABOL \/ METHANDIENONE - 10mg \/ 100tabs - (Espa\u00f1ol) Esteroides en l\u00ednea<\/title>\n<meta name=\"robots\" content=\"index, follow, max-snippet:-1, max-image-preview:large, max-video-preview:-1\" \/>\n<link rel=\"canonical\" href=\"https:\/\/iberoid-shop.com\/fr\/product\/dianabol10mg-methandienone100tabs-imperia-labs\/\" \/>\n<meta property=\"og:locale\" content=\"fr_FR\" \/>\n<meta property=\"og:type\" content=\"article\" \/>\n<meta property=\"og:title\" content=\"DIANABOL \/ METHANDIENONE - 10mg \/ 100tabs\" \/>\n<meta property=\"og:description\" content=\"En utilisant Imperia Labs Methandienon 10, les athl\u00e8tes peuvent augmenter les gains musculaires, augmenter la force et favoriser les d\u00e9p\u00f4ts\" \/>\n<meta property=\"og:url\" content=\"https:\/\/iberoid-shop.com\/fr\/product\/dianabol10mg-methandienone100tabs-imperia-labs\/\" \/>\n<meta property=\"og:site_name\" content=\"(Espa\u00f1ol) Esteroides en l\u00ednea\" \/>\n<meta property=\"article:modified_time\" content=\"2026-04-07T17:36:34+00:00\" \/>\n<meta property=\"og:image\" content=\"https:\/\/iberoid-shop.com\/wp-content\/uploads\/2024\/10\/dbol.jpeg?v=1729422025\" \/>\n\t<meta property=\"og:image:width\" content=\"2560\" \/>\n\t<meta property=\"og:image:height\" content=\"1920\" \/>\n\t<meta property=\"og:image:type\" content=\"image\/jpeg\" \/>\n<meta name=\"twitter:card\" content=\"summary_large_image\" \/>\n<meta name=\"twitter:label1\" content=\"Prix\" \/>\n\t<meta name=\"twitter:data1\" content=\"&euro;40.00\" \/>\n\t<meta name=\"twitter:label2\" content=\"Disponibilit\u00e9\" \/>\n\t<meta name=\"twitter:data2\" content=\"En stock\" \/>\n<script type=\"application\/ld+json\" class=\"yoast-schema-graph\">{\"@context\":\"https:\\\/\\\/schema.org\",\"@graph\":[{\"@type\":\"WebPage\",\"@id\":\"https:\\\/\\\/iberoid-shop.com\\\/fr\\\/product\\\/dianabol10mg-methandienone100tabs-imperia-labs\\\/\",\"url\":\"https:\\\/\\\/iberoid-shop.com\\\/fr\\\/product\\\/dianabol10mg-methandienone100tabs-imperia-labs\\\/\",\"name\":\"DIANABOL \\\/ METHANDIENONE - 10mg \\\/ 100tabs - (Espa\u00f1ol) Esteroides en l\u00ednea\",\"isPartOf\":{\"@id\":\"https:\\\/\\\/iberoid-shop.com\\\/fr\\\/#website\"},\"primaryImageOfPage\":{\"@id\":\"https:\\\/\\\/iberoid-shop.com\\\/fr\\\/product\\\/dianabol10mg-methandienone100tabs-imperia-labs\\\/#primaryimage\"},\"image\":{\"@id\":\"https:\\\/\\\/iberoid-shop.com\\\/fr\\\/product\\\/dianabol10mg-methandienone100tabs-imperia-labs\\\/#primaryimage\"},\"thumbnailUrl\":\"https:\\\/\\\/iberoid-shop.com\\\/wp-content\\\/uploads\\\/2024\\\/10\\\/dbol.jpeg?v=1729422025\",\"datePublished\":\"2024-10-20T11:01:08+00:00\",\"dateModified\":\"2026-04-07T17:36:34+00:00\",\"breadcrumb\":{\"@id\":\"https:\\\/\\\/iberoid-shop.com\\\/fr\\\/product\\\/dianabol10mg-methandienone100tabs-imperia-labs\\\/#breadcrumb\"},\"inLanguage\":\"fr-FR\",\"potentialAction\":[{\"@type\":\"ReadAction\",\"target\":[[\"https:\\\/\\\/iberoid-shop.com\\\/fr\\\/product\\\/dianabol10mg-methandienone100tabs-imperia-labs\\\/\"]]}]},{\"@type\":\"ImageObject\",\"inLanguage\":\"fr-FR\",\"@id\":\"https:\\\/\\\/iberoid-shop.com\\\/fr\\\/product\\\/dianabol10mg-methandienone100tabs-imperia-labs\\\/#primaryimage\",\"url\":\"https:\\\/\\\/iberoid-shop.com\\\/wp-content\\\/uploads\\\/2024\\\/10\\\/dbol.jpeg?v=1729422025\",\"contentUrl\":\"https:\\\/\\\/iberoid-shop.com\\\/wp-content\\\/uploads\\\/2024\\\/10\\\/dbol.jpeg?v=1729422025\",\"width\":2560,\"height\":1920},{\"@type\":\"BreadcrumbList\",\"@id\":\"https:\\\/\\\/iberoid-shop.com\\\/fr\\\/product\\\/dianabol10mg-methandienone100tabs-imperia-labs\\\/#breadcrumb\",\"itemListElement\":[{\"@type\":\"ListItem\",\"position\":1,\"name\":\"Portada\",\"item\":\"https:\\\/\\\/iberoid-shop.com\\\/fr\\\/\"},{\"@type\":\"ListItem\",\"position\":2,\"name\":\"Magasin\",\"item\":\"https:\\\/\\\/iberoid-shop.com\\\/fr\\\/shop\\\/\"},{\"@type\":\"ListItem\",\"position\":3,\"name\":\"DIANABOL \\\/ METHANDIENONE &#8211; 10mg \\\/ 100tabs\"}]},{\"@type\":\"WebSite\",\"@id\":\"https:\\\/\\\/iberoid-shop.com\\\/fr\\\/#website\",\"url\":\"https:\\\/\\\/iberoid-shop.com\\\/fr\\\/\",\"name\":\"(Espa\u00f1ol) Esteroides en l\u00ednea\",\"description\":\"(Espa\u00f1ol) Comprar esteroides en l\u00ednea hoy en Espa\u00f1a y Portugal. Tenemos el mejor servicio al cliente en la industria y los productos de la m\u00e1s alta calidad\",\"potentialAction\":[{\"@type\":\"SearchAction\",\"target\":{\"@type\":\"EntryPoint\",\"urlTemplate\":\"https:\\\/\\\/iberoid-shop.com\\\/fr\\\/?s={search_term_string}\"},\"query-input\":{\"@type\":\"PropertyValueSpecification\",\"valueRequired\":true,\"valueName\":\"search_term_string\"}}],\"inLanguage\":\"fr-FR\"}]}<\/script>\n<meta property=\"product:brand\" content=\"IMPERIA LABS\" \/>\n<meta property=\"product:price:amount\" content=\"40.00\" \/>\n<meta property=\"product:price:currency\" content=\"EUR\" \/>\n<meta property=\"og:availability\" content=\"instock\" \/>\n<meta property=\"product:availability\" content=\"instock\" \/>\n<meta property=\"product:condition\" content=\"new\" \/>\n<!-- \/ Yoast SEO Premium plugin. -->","yoast_head_json":{"title":"DIANABOL \/ METHANDIENONE - 10mg \/ 100tabs - (Espa\u00f1ol) Esteroides en l\u00ednea","robots":{"index":"index","follow":"follow","max-snippet":"max-snippet:-1","max-image-preview":"max-image-preview:large","max-video-preview":"max-video-preview:-1"},"canonical":"https:\/\/iberoid-shop.com\/fr\/product\/dianabol10mg-methandienone100tabs-imperia-labs\/","og_locale":"fr_FR","og_type":"article","og_title":"DIANABOL \/ METHANDIENONE - 10mg \/ 100tabs","og_description":"En utilisant Imperia Labs Methandienon 10, les athl\u00e8tes peuvent augmenter les gains musculaires, augmenter la force et favoriser les d\u00e9p\u00f4ts","og_url":"https:\/\/iberoid-shop.com\/fr\/product\/dianabol10mg-methandienone100tabs-imperia-labs\/","og_site_name":"(Espa\u00f1ol) Esteroides en l\u00ednea","article_modified_time":"2026-04-07T17:36:34+00:00","og_image":[{"width":2560,"height":1920,"url":"https:\/\/iberoid-shop.com\/wp-content\/uploads\/2024\/10\/dbol.jpeg?v=1729422025","type":"image\/jpeg"}],"twitter_card":"summary_large_image","twitter_misc":{"Prix":"&euro;40.00","Disponibilit\u00e9":"En stock"},"schema":{"@context":"https:\/\/schema.org","@graph":[{"@type":"WebPage","@id":"https:\/\/iberoid-shop.com\/fr\/product\/dianabol10mg-methandienone100tabs-imperia-labs\/","url":"https:\/\/iberoid-shop.com\/fr\/product\/dianabol10mg-methandienone100tabs-imperia-labs\/","name":"DIANABOL \/ METHANDIENONE - 10mg \/ 100tabs - (Espa\u00f1ol) Esteroides en l\u00ednea","isPartOf":{"@id":"https:\/\/iberoid-shop.com\/fr\/#website"},"primaryImageOfPage":{"@id":"https:\/\/iberoid-shop.com\/fr\/product\/dianabol10mg-methandienone100tabs-imperia-labs\/#primaryimage"},"image":{"@id":"https:\/\/iberoid-shop.com\/fr\/product\/dianabol10mg-methandienone100tabs-imperia-labs\/#primaryimage"},"thumbnailUrl":"https:\/\/iberoid-shop.com\/wp-content\/uploads\/2024\/10\/dbol.jpeg?v=1729422025","datePublished":"2024-10-20T11:01:08+00:00","dateModified":"2026-04-07T17:36:34+00:00","breadcrumb":{"@id":"https:\/\/iberoid-shop.com\/fr\/product\/dianabol10mg-methandienone100tabs-imperia-labs\/#breadcrumb"},"inLanguage":"fr-FR","potentialAction":[{"@type":"ReadAction","target":[["https:\/\/iberoid-shop.com\/fr\/product\/dianabol10mg-methandienone100tabs-imperia-labs\/"]]}]},{"@type":"ImageObject","inLanguage":"fr-FR","@id":"https:\/\/iberoid-shop.com\/fr\/product\/dianabol10mg-methandienone100tabs-imperia-labs\/#primaryimage","url":"https:\/\/iberoid-shop.com\/wp-content\/uploads\/2024\/10\/dbol.jpeg?v=1729422025","contentUrl":"https:\/\/iberoid-shop.com\/wp-content\/uploads\/2024\/10\/dbol.jpeg?v=1729422025","width":2560,"height":1920},{"@type":"BreadcrumbList","@id":"https:\/\/iberoid-shop.com\/fr\/product\/dianabol10mg-methandienone100tabs-imperia-labs\/#breadcrumb","itemListElement":[{"@type":"ListItem","position":1,"name":"Portada","item":"https:\/\/iberoid-shop.com\/fr\/"},{"@type":"ListItem","position":2,"name":"Magasin","item":"https:\/\/iberoid-shop.com\/fr\/shop\/"},{"@type":"ListItem","position":3,"name":"DIANABOL \/ METHANDIENONE &#8211; 10mg \/ 100tabs"}]},{"@type":"WebSite","@id":"https:\/\/iberoid-shop.com\/fr\/#website","url":"https:\/\/iberoid-shop.com\/fr\/","name":"(Espa\u00f1ol) Esteroides en l\u00ednea","description":"(Espa\u00f1ol) Comprar esteroides en l\u00ednea hoy en Espa\u00f1a y Portugal. Tenemos el mejor servicio al cliente en la industria y los productos de la m\u00e1s alta calidad","potentialAction":[{"@type":"SearchAction","target":{"@type":"EntryPoint","urlTemplate":"https:\/\/iberoid-shop.com\/fr\/?s={search_term_string}"},"query-input":{"@type":"PropertyValueSpecification","valueRequired":true,"valueName":"search_term_string"}}],"inLanguage":"fr-FR"}]},"product_brand":"IMPERIA LABS","product_price_amount":"40.00","product_price_currency":"EUR","og_availability":"instock","product_availability":"instock","product_condition":"new"},"_links":{"self":[{"href":"https:\/\/iberoid-shop.com\/fr\/wp-json\/wp\/v2\/product\/9747","targetHints":{"allow":["GET"]}}],"collection":[{"href":"https:\/\/iberoid-shop.com\/fr\/wp-json\/wp\/v2\/product"}],"about":[{"href":"https:\/\/iberoid-shop.com\/fr\/wp-json\/wp\/v2\/types\/product"}],"replies":[{"embeddable":true,"href":"https:\/\/iberoid-shop.com\/fr\/wp-json\/wp\/v2\/comments?post=9747"}],"wp:featuredmedia":[{"embeddable":true,"href":"https:\/\/iberoid-shop.com\/fr\/wp-json\/wp\/v2\/media\/9748"}],"wp:attachment":[{"href":"https:\/\/iberoid-shop.com\/fr\/wp-json\/wp\/v2\/media?parent=9747"}],"wp:term":[{"taxonomy":"product_brand","embeddable":true,"href":"https:\/\/iberoid-shop.com\/fr\/wp-json\/wp\/v2\/product_brand?post=9747"},{"taxonomy":"product_cat","embeddable":true,"href":"https:\/\/iberoid-shop.com\/fr\/wp-json\/wp\/v2\/product_cat?post=9747"},{"taxonomy":"product_tag","embeddable":true,"href":"https:\/\/iberoid-shop.com\/fr\/wp-json\/wp\/v2\/product_tag?post=9747"}],"curies":[{"name":"wp","href":"https:\/\/api.w.org\/{rel}","templated":true}]}}