{"id":9732,"date":"2024-10-20T10:35:06","date_gmt":"2024-10-20T10:35:06","guid":{"rendered":"https:\/\/iberoid-shop.com\/?post_type=product&#038;p=9732"},"modified":"2025-02-24T09:23:56","modified_gmt":"2025-02-24T09:23:56","slug":"sustanon-driada","status":"publish","type":"product","link":"https:\/\/iberoid-shop.com\/fr\/product\/sustanon-driada\/","title":{"rendered":"Sustalad 250 mg\/ml (Sustanon)"},"content":{"rendered":"<p><\/p>\n<ul>\n<li>Ingr\u00e9dient actif: Isocaproate de testost\u00e9rone 60 mg, ph\u00e9nylpropionate de testost\u00e9rone 60 mg, propionate de testost\u00e9rone 30 mg\/ml, d\u00e9canoate de testost\u00e9rone 100 mg\/ml<\/li>\n<li>Type: St\u00e9ro\u00efde anabolisant (d\u00e9riv\u00e9 de la testost\u00e9rone)<\/li>\n<li>Forme: Injections<\/li>\n<li><b>Huile porteuse:<\/b>\u00a0Huile de s\u00e9same + MCT<\/li>\n<\/ul>\n<h2><b>Description<\/b><\/h2>\n<p>La testost\u00e9rone est l&rsquo;hormone sexuelle principale chez les humains, elle joue un r\u00f4le cl\u00e9 dans le d\u00e9veloppement des tissus reproducteurs masculins tels que les testicules et la prostate, ainsi que chez les femmes, tout en favorisant les caract\u00e9ristiques sexuelles secondaires telles qu&rsquo;une masse musculaire et osseuse accrue et des poils corporels chez les hommes. De plus, la testost\u00e9rone est impliqu\u00e9e dans la sant\u00e9 et le bien-\u00eatre ainsi que dans la pr\u00e9vention de l&rsquo;ost\u00e9oporose chez les deux sexes. Des niveaux insuffisants de testost\u00e9rone chez les hommes peuvent entra\u00eener des anomalies, notamment une fragilit\u00e9 et une perte osseuse. La testost\u00e9rone a des propri\u00e9t\u00e9s anabolisantes prononc\u00e9es : elle augmente la masse musculaire, acc\u00e9l\u00e8re la synth\u00e8se des prot\u00e9ines, augmente le taux de r\u00e9cup\u00e9ration et l&rsquo;approvisionnement en glycog\u00e8ne dans les muscles, etc. La testost\u00e9rone contr\u00f4le un nombre infini de processus dans le corps, c&rsquo;est l&rsquo;hormone la plus courante dans notre corps qui est toujours n\u00e9cessaire, car les m\u00e9dicaments \u00e0 base de testost\u00e9rone sont utilis\u00e9s \u00e0 la fois par les personnes \u00e2g\u00e9es atteintes d&rsquo;hypogonadisme li\u00e9 \u00e0 l&rsquo;\u00e2ge et les athl\u00e8tes en cycle de st\u00e9ro\u00efdes comme base.<\/p>\n<h2><b>M\u00e9canisme d&rsquo;action<\/b><\/h2>\n<p>La testost\u00e9rone se lie aux r\u00e9cepteurs des androg\u00e8nes et est un pr\u00e9curseur d&rsquo;un autre androg\u00e8ne biologiquement actif, la dihydrotestost\u00e9rone, qui est form\u00e9e par exposition \u00e0 la testost\u00e9rone de l&rsquo;enzyme 5\u03b1-r\u00e9ductase. La dihydrotestost\u00e9rone a une capacit\u00e9 de liaison aux r\u00e9cepteurs des androg\u00e8nes 5 fois plus grande. Sous l&rsquo;influence de ces hormones, le r\u00e9cepteur change de structure et transmet un signal au noyau de la cellule, o\u00f9 les effets androg\u00e8nes sont r\u00e9alis\u00e9s en modifiant l&rsquo;activit\u00e9 de certains g\u00e8nes de l&rsquo;ADN. La testost\u00e9rone peut \u00eatre convertie en \u0153strog\u00e8ne sous l&rsquo;influence de l&rsquo;aromatase (cette caract\u00e9ristique est appel\u00e9e aromatisation). Principalement les \u0153strog\u00e8nes, plut\u00f4t que la testost\u00e9rone, activent une r\u00e9troaction par l&rsquo;axe hypothalamo-hypophyso-testiculaire et suppriment la s\u00e9cr\u00e9tion de testost\u00e9rone endog\u00e8ne lorsqu&rsquo;on administre des m\u00e9dicaments exog\u00e8nes.<\/p>\n<h2><b>Utilisation m\u00e9dicale<\/b><\/h2>\n<p>La testost\u00e9rone est incluse dans la liste des m\u00e9dicaments essentiels de l&rsquo;Organisation mondiale de la sant\u00e9, qui sont les m\u00e9dicaments les plus importants n\u00e9cessaires dans un syst\u00e8me de sant\u00e9 de base, donc l&rsquo;opinion selon laquelle il s&rsquo;agit uniquement d&rsquo;un st\u00e9ro\u00efde anabolisant pour augmenter la taille et la force des muscles est erron\u00e9e, c&rsquo;est un m\u00e9dicament hormonal vital. La testost\u00e9rone est utilis\u00e9e comme m\u00e9dicament pour le traitement de la dysphorie de genre, de l&rsquo;hypogonadisme masculin et de certains types de cancer du sein.<\/p>\n<p>\u00c9tant donn\u00e9 que les taux de testost\u00e9rone diminuent avec l&rsquo;\u00e2ge chez les hommes, pour maintenir la sant\u00e9 et la qualit\u00e9 de vie, il est n\u00e9cessaire d&rsquo;ajouter une th\u00e9rapie de remplacement hormonal (TRH) ou une th\u00e9rapie de remplacement de la testost\u00e9rone (TRT). La TRH maintient les taux de testost\u00e9rone s\u00e9rique dans la plage normale. La baisse de la production de testost\u00e9rone avec l&rsquo;\u00e2ge a suscit\u00e9 un int\u00e9r\u00eat pour la th\u00e9rapie de remplacement des androg\u00e8nes.<\/p>\n<p>L&rsquo;humeur, l&rsquo;aptitude spatiale, l&rsquo;attention, la m\u00e9moire et d&rsquo;autres fonctions cognitives cl\u00e9s sont affect\u00e9es par la testost\u00e9rone chez les humains. Des preuves pr\u00e9liminaires sugg\u00e8rent que des taux de testost\u00e9rone bas sont un facteur de risque de d\u00e9clin cognitif et peut-\u00eatre de d\u00e9mence de type Alzheimer.<\/p>\n<p>La testost\u00e9rone est impliqu\u00e9e dans la sant\u00e9 et le bien-\u00eatre ainsi que dans la pr\u00e9vention de l&rsquo;ost\u00e9oporose chez les deux sexes. Des niveaux insuffisants de testost\u00e9rone chez les hommes peuvent entra\u00eener des anomalies, notamment une fragilit\u00e9 et une perte osseuse. De plus, le traitement \u00e0 la testost\u00e9rone est b\u00e9n\u00e9fique chez les hommes adultes pr\u00e9sentant des niveaux de testost\u00e9rone bas li\u00e9s \u00e0 l&rsquo;\u00e2ge qui ont des dysfonctions sexuelles.<\/p>\n<h3><b>Testost\u00e9rone pour les personnes \u00e2g\u00e9es<\/b><\/h3>\n<p>Les hommes de plus de 35 ans qui se plaignent de leur bien-\u00eatre se voient tr\u00e8s souvent recommander de faire analyser leur taux de testost\u00e9rone dans le sang, et s&rsquo;il est inf\u00e9rieur \u00e0 12 nmol\/l, on leur propose de commencer une hormonoth\u00e9rapie de remplacement. Cette d\u00e9cision pr\u00e9sente plusieurs aspects positifs. La composition du corps s&rsquo;am\u00e9liore : plus de viande, moins de graisse, la fonction sexuelle conna\u00eet une seconde jeunesse, il y a un certain effet rajeunissant, en g\u00e9n\u00e9ral, le corps r\u00e9cup\u00e8re tous les aspects n\u00e9gatifs qu&rsquo;il a subis pendant le temps o\u00f9 il \u00e9tait dans un \u00e9tat de d\u00e9ficience androg\u00e9nique.<\/p>\n<p>L&rsquo;attention du m\u00e9decin est n\u00e9cessaire : Il est n\u00e9cessaire de surveiller en permanence le profil lipidique, les param\u00e8tres sanguins cliniques g\u00e9n\u00e9raux, les niveaux d&rsquo;estradiol et de prolactine.<\/p>\n<p>Il est tout aussi important que la production de gonadotrophines naturelles sous HRT se rapproche constamment de z\u00e9ro.<\/p>","protected":false},"excerpt":{"rendered":"<p>Ingr\u00e9dient actif: Isocaproate de testost\u00e9rone 60 mg, ph\u00e9nylpropionate de testost\u00e9rone 60 mg, propionate de testost\u00e9rone 30 mg\/ml, d\u00e9canoate de testost\u00e9rone<\/p>\n","protected":false},"featured_media":9733,"comment_status":"open","ping_status":"closed","template":"","meta":[],"product_brand":[],"product_cat":[69],"product_tag":[],"class_list":{"0":"post-9732","1":"product","2":"type-product","3":"status-publish","4":"has-post-thumbnail","6":"product_cat-esteroides_inyectables","8":"first","9":"outofstock","10":"sale","11":"shipping-taxable","12":"purchasable","13":"product-type-simple"},"yoast_head":"<!-- This site is optimized with the Yoast SEO Premium plugin v24.4 (Yoast SEO v27.3) - https:\/\/yoast.com\/product\/yoast-seo-premium-wordpress\/ -->\n<title>Sustalad 250 mg\/ml (Sustanon) - (Espa\u00f1ol) Esteroides en l\u00ednea<\/title>\n<meta name=\"robots\" content=\"index, follow, max-snippet:-1, max-image-preview:large, max-video-preview:-1\" \/>\n<link rel=\"canonical\" href=\"https:\/\/iberoid-shop.com\/fr\/product\/sustanon-driada\/\" \/>\n<meta property=\"og:locale\" content=\"fr_FR\" \/>\n<meta property=\"og:type\" content=\"article\" \/>\n<meta property=\"og:title\" content=\"Sustalad 250 mg\/ml (Sustanon)\" \/>\n<meta property=\"og:description\" content=\"Ingr\u00e9dient actif: Isocaproate de testost\u00e9rone 60 mg, ph\u00e9nylpropionate de testost\u00e9rone 60 mg, propionate de testost\u00e9rone 30 mg\/ml, d\u00e9canoate de testost\u00e9rone\" \/>\n<meta property=\"og:url\" content=\"https:\/\/iberoid-shop.com\/fr\/product\/sustanon-driada\/\" \/>\n<meta property=\"og:site_name\" content=\"(Espa\u00f1ol) Esteroides en l\u00ednea\" \/>\n<meta property=\"article:modified_time\" content=\"2025-02-24T09:23:56+00:00\" \/>\n<meta property=\"og:image\" content=\"https:\/\/iberoid-shop.com\/wp-content\/uploads\/2024\/10\/sustalad-driada-medical.webp\" \/>\n\t<meta property=\"og:image:width\" content=\"1000\" \/>\n\t<meta property=\"og:image:height\" content=\"1000\" \/>\n\t<meta property=\"og:image:type\" content=\"image\/webp\" \/>\n<meta name=\"twitter:card\" content=\"summary_large_image\" \/>\n<meta name=\"twitter:label1\" content=\"Prix\" \/>\n\t<meta name=\"twitter:data1\" content=\"&euro;30.00\" \/>\n\t<meta name=\"twitter:label2\" content=\"Disponibilit\u00e9\" \/>\n\t<meta name=\"twitter:data2\" content=\"Rupture de stock\" \/>\n<script type=\"application\/ld+json\" class=\"yoast-schema-graph\">{\"@context\":\"https:\\\/\\\/schema.org\",\"@graph\":[{\"@type\":\"WebPage\",\"@id\":\"https:\\\/\\\/iberoid-shop.com\\\/fr\\\/product\\\/sustanon-driada\\\/\",\"url\":\"https:\\\/\\\/iberoid-shop.com\\\/fr\\\/product\\\/sustanon-driada\\\/\",\"name\":\"Sustalad 250 mg\\\/ml (Sustanon) - (Espa\u00f1ol) Esteroides en l\u00ednea\",\"isPartOf\":{\"@id\":\"https:\\\/\\\/iberoid-shop.com\\\/fr\\\/#website\"},\"primaryImageOfPage\":{\"@id\":\"https:\\\/\\\/iberoid-shop.com\\\/fr\\\/product\\\/sustanon-driada\\\/#primaryimage\"},\"image\":{\"@id\":\"https:\\\/\\\/iberoid-shop.com\\\/fr\\\/product\\\/sustanon-driada\\\/#primaryimage\"},\"thumbnailUrl\":\"https:\\\/\\\/iberoid-shop.com\\\/wp-content\\\/uploads\\\/2024\\\/10\\\/sustalad-driada-medical.webp\",\"datePublished\":\"2024-10-20T10:35:06+00:00\",\"dateModified\":\"2025-02-24T09:23:56+00:00\",\"breadcrumb\":{\"@id\":\"https:\\\/\\\/iberoid-shop.com\\\/fr\\\/product\\\/sustanon-driada\\\/#breadcrumb\"},\"inLanguage\":\"fr-FR\",\"potentialAction\":[{\"@type\":\"ReadAction\",\"target\":[[\"https:\\\/\\\/iberoid-shop.com\\\/fr\\\/product\\\/sustanon-driada\\\/\"]]}]},{\"@type\":\"ImageObject\",\"inLanguage\":\"fr-FR\",\"@id\":\"https:\\\/\\\/iberoid-shop.com\\\/fr\\\/product\\\/sustanon-driada\\\/#primaryimage\",\"url\":\"https:\\\/\\\/iberoid-shop.com\\\/wp-content\\\/uploads\\\/2024\\\/10\\\/sustalad-driada-medical.webp\",\"contentUrl\":\"https:\\\/\\\/iberoid-shop.com\\\/wp-content\\\/uploads\\\/2024\\\/10\\\/sustalad-driada-medical.webp\",\"width\":1000,\"height\":1000},{\"@type\":\"BreadcrumbList\",\"@id\":\"https:\\\/\\\/iberoid-shop.com\\\/fr\\\/product\\\/sustanon-driada\\\/#breadcrumb\",\"itemListElement\":[{\"@type\":\"ListItem\",\"position\":1,\"name\":\"Portada\",\"item\":\"https:\\\/\\\/iberoid-shop.com\\\/fr\\\/\"},{\"@type\":\"ListItem\",\"position\":2,\"name\":\"Magasin\",\"item\":\"https:\\\/\\\/iberoid-shop.com\\\/fr\\\/shop\\\/\"},{\"@type\":\"ListItem\",\"position\":3,\"name\":\"Sustalad 250 mg\\\/ml (Sustanon)\"}]},{\"@type\":\"WebSite\",\"@id\":\"https:\\\/\\\/iberoid-shop.com\\\/fr\\\/#website\",\"url\":\"https:\\\/\\\/iberoid-shop.com\\\/fr\\\/\",\"name\":\"(Espa\u00f1ol) Esteroides en l\u00ednea\",\"description\":\"(Espa\u00f1ol) Comprar esteroides en l\u00ednea hoy en Espa\u00f1a y Portugal. Tenemos el mejor servicio al cliente en la industria y los productos de la m\u00e1s alta calidad\",\"potentialAction\":[{\"@type\":\"SearchAction\",\"target\":{\"@type\":\"EntryPoint\",\"urlTemplate\":\"https:\\\/\\\/iberoid-shop.com\\\/fr\\\/?s={search_term_string}\"},\"query-input\":{\"@type\":\"PropertyValueSpecification\",\"valueRequired\":true,\"valueName\":\"search_term_string\"}}],\"inLanguage\":\"fr-FR\"}]}<\/script>\n<meta property=\"product:price:amount\" content=\"30.00\" \/>\n<meta property=\"product:price:currency\" content=\"EUR\" \/>\n<meta property=\"og:availability\" content=\"out of stock\" \/>\n<meta property=\"product:availability\" content=\"out of stock\" \/>\n<meta property=\"product:condition\" content=\"new\" \/>\n<!-- \/ Yoast SEO Premium plugin. -->","yoast_head_json":{"title":"Sustalad 250 mg\/ml (Sustanon) - (Espa\u00f1ol) Esteroides en l\u00ednea","robots":{"index":"index","follow":"follow","max-snippet":"max-snippet:-1","max-image-preview":"max-image-preview:large","max-video-preview":"max-video-preview:-1"},"canonical":"https:\/\/iberoid-shop.com\/fr\/product\/sustanon-driada\/","og_locale":"fr_FR","og_type":"article","og_title":"Sustalad 250 mg\/ml (Sustanon)","og_description":"Ingr\u00e9dient actif: Isocaproate de testost\u00e9rone 60 mg, ph\u00e9nylpropionate de testost\u00e9rone 60 mg, propionate de testost\u00e9rone 30 mg\/ml, d\u00e9canoate de testost\u00e9rone","og_url":"https:\/\/iberoid-shop.com\/fr\/product\/sustanon-driada\/","og_site_name":"(Espa\u00f1ol) Esteroides en l\u00ednea","article_modified_time":"2025-02-24T09:23:56+00:00","og_image":[{"width":1000,"height":1000,"url":"https:\/\/iberoid-shop.com\/wp-content\/uploads\/2024\/10\/sustalad-driada-medical.webp","type":"image\/webp"}],"twitter_card":"summary_large_image","twitter_misc":{"Prix":"&euro;30.00","Disponibilit\u00e9":"Rupture de stock"},"schema":{"@context":"https:\/\/schema.org","@graph":[{"@type":"WebPage","@id":"https:\/\/iberoid-shop.com\/fr\/product\/sustanon-driada\/","url":"https:\/\/iberoid-shop.com\/fr\/product\/sustanon-driada\/","name":"Sustalad 250 mg\/ml (Sustanon) - (Espa\u00f1ol) Esteroides en l\u00ednea","isPartOf":{"@id":"https:\/\/iberoid-shop.com\/fr\/#website"},"primaryImageOfPage":{"@id":"https:\/\/iberoid-shop.com\/fr\/product\/sustanon-driada\/#primaryimage"},"image":{"@id":"https:\/\/iberoid-shop.com\/fr\/product\/sustanon-driada\/#primaryimage"},"thumbnailUrl":"https:\/\/iberoid-shop.com\/wp-content\/uploads\/2024\/10\/sustalad-driada-medical.webp","datePublished":"2024-10-20T10:35:06+00:00","dateModified":"2025-02-24T09:23:56+00:00","breadcrumb":{"@id":"https:\/\/iberoid-shop.com\/fr\/product\/sustanon-driada\/#breadcrumb"},"inLanguage":"fr-FR","potentialAction":[{"@type":"ReadAction","target":[["https:\/\/iberoid-shop.com\/fr\/product\/sustanon-driada\/"]]}]},{"@type":"ImageObject","inLanguage":"fr-FR","@id":"https:\/\/iberoid-shop.com\/fr\/product\/sustanon-driada\/#primaryimage","url":"https:\/\/iberoid-shop.com\/wp-content\/uploads\/2024\/10\/sustalad-driada-medical.webp","contentUrl":"https:\/\/iberoid-shop.com\/wp-content\/uploads\/2024\/10\/sustalad-driada-medical.webp","width":1000,"height":1000},{"@type":"BreadcrumbList","@id":"https:\/\/iberoid-shop.com\/fr\/product\/sustanon-driada\/#breadcrumb","itemListElement":[{"@type":"ListItem","position":1,"name":"Portada","item":"https:\/\/iberoid-shop.com\/fr\/"},{"@type":"ListItem","position":2,"name":"Magasin","item":"https:\/\/iberoid-shop.com\/fr\/shop\/"},{"@type":"ListItem","position":3,"name":"Sustalad 250 mg\/ml (Sustanon)"}]},{"@type":"WebSite","@id":"https:\/\/iberoid-shop.com\/fr\/#website","url":"https:\/\/iberoid-shop.com\/fr\/","name":"(Espa\u00f1ol) Esteroides en l\u00ednea","description":"(Espa\u00f1ol) Comprar esteroides en l\u00ednea hoy en Espa\u00f1a y Portugal. Tenemos el mejor servicio al cliente en la industria y los productos de la m\u00e1s alta calidad","potentialAction":[{"@type":"SearchAction","target":{"@type":"EntryPoint","urlTemplate":"https:\/\/iberoid-shop.com\/fr\/?s={search_term_string}"},"query-input":{"@type":"PropertyValueSpecification","valueRequired":true,"valueName":"search_term_string"}}],"inLanguage":"fr-FR"}]},"product_price_amount":"30.00","product_price_currency":"EUR","og_availability":"out of stock","product_availability":"out of stock","product_condition":"new"},"_links":{"self":[{"href":"https:\/\/iberoid-shop.com\/fr\/wp-json\/wp\/v2\/product\/9732","targetHints":{"allow":["GET"]}}],"collection":[{"href":"https:\/\/iberoid-shop.com\/fr\/wp-json\/wp\/v2\/product"}],"about":[{"href":"https:\/\/iberoid-shop.com\/fr\/wp-json\/wp\/v2\/types\/product"}],"replies":[{"embeddable":true,"href":"https:\/\/iberoid-shop.com\/fr\/wp-json\/wp\/v2\/comments?post=9732"}],"wp:featuredmedia":[{"embeddable":true,"href":"https:\/\/iberoid-shop.com\/fr\/wp-json\/wp\/v2\/media\/9733"}],"wp:attachment":[{"href":"https:\/\/iberoid-shop.com\/fr\/wp-json\/wp\/v2\/media?parent=9732"}],"wp:term":[{"taxonomy":"product_brand","embeddable":true,"href":"https:\/\/iberoid-shop.com\/fr\/wp-json\/wp\/v2\/product_brand?post=9732"},{"taxonomy":"product_cat","embeddable":true,"href":"https:\/\/iberoid-shop.com\/fr\/wp-json\/wp\/v2\/product_cat?post=9732"},{"taxonomy":"product_tag","embeddable":true,"href":"https:\/\/iberoid-shop.com\/fr\/wp-json\/wp\/v2\/product_tag?post=9732"}],"curies":[{"name":"wp","href":"https:\/\/api.w.org\/{rel}","templated":true}]}}