{"id":9730,"date":"2024-10-20T10:32:53","date_gmt":"2024-10-20T10:32:53","guid":{"rendered":"https:\/\/iberoid-shop.com\/?post_type=product&#038;p=9730"},"modified":"2025-02-16T08:08:02","modified_gmt":"2025-02-16T08:08:02","slug":"boldelad-250-mg-ml-boldenone-undecylenatedriada","status":"publish","type":"product","link":"https:\/\/iberoid-shop.com\/fr\/product\/boldelad-250-mg-ml-boldenone-undecylenatedriada\/","title":{"rendered":"Boldelad 250 mg\/ml (Boldenone Undecylenate)"},"content":{"rendered":"<p><\/p>\n<ul>\n<li>Substance active :\u00a0<b>Boldenone Undecylenate<\/b><\/li>\n<li>Type : st\u00e9ro\u00efde anabolisant (d\u00e9riv\u00e9 de la testost\u00e9rone)<\/li>\n<li>Forme : Injections<\/li>\n<li><b>Huile porteuse :\u00a0<\/b>Huile de s\u00e9same<\/li>\n<\/ul>\n<h2><b>Qu&rsquo;est-ce que le Boldenone ?<\/b><\/h2>\n<p>Boldenone est un d\u00e9riv\u00e9 de la testost\u00e9rone, class\u00e9 comme un st\u00e9ro\u00efde anabolisant. Ses effets principaux incluent la promotion du d\u00e9veloppement d&rsquo;une masse musculaire de haute qualit\u00e9 et l&rsquo;am\u00e9lioration de la force. Il contribue \u00e9galement \u00e0 am\u00e9liorer la d\u00e9finition corporelle lorsqu&rsquo;il est combin\u00e9 avec des techniques de d\u00e9coupe, augmente la visibilit\u00e9 des motifs veineux, booste les niveaux d&rsquo;\u00e9nergie, am\u00e9liore le bien-\u00eatre et augmente l&rsquo;estime de soi.<\/p>\n<p>Initialement, ce m\u00e9dicament a \u00e9t\u00e9 d\u00e9velopp\u00e9 pour stimuler la croissance musculaire chez les animaux et utilis\u00e9 exclusivement en m\u00e9decine v\u00e9t\u00e9rinaire. Avec le temps, d&rsquo;autres recherches ont \u00e9t\u00e9 men\u00e9es sur la formulation du Boldenone, conduisant \u00e0 sa recommandation pour une utilisation humaine. La structure chimique contient une double liaison entre les premiers atomes de carbone, ce qui r\u00e9duit consid\u00e9rablement le risque d&rsquo;effets secondaires et limite leur diversit\u00e9.<\/p>\n<p>Ce m\u00e9dicament a re\u00e7u des critiques positives car son indice androg\u00e8ne est deux fois inf\u00e9rieur \u00e0 celui de la testost\u00e9rone, tout en maintenant un indice anabolique de cent. Il ne pr\u00e9sente pas d&rsquo;activit\u00e9 \u0153strog\u00e9nique ni progestative, ce qui le rend non toxique pour le foie, un avantage crucial.<\/p>\n<p>Boldenone est m\u00e9tabolis\u00e9 et \u00e9limin\u00e9 par les reins, avec une demi-vie d&rsquo;environ deux semaines (ou quatorze jours). Sa pr\u00e9sence peut \u00eatre d\u00e9tect\u00e9e dans le corps pendant pr\u00e8s de six mois apr\u00e8s la derni\u00e8re dose, les mol\u00e9cules de Boldenone pouvant prendre jusqu&rsquo;\u00e0 quatre mois (dans certains cas, m\u00eame dix mois) pour \u00eatre compl\u00e8tement \u00e9limin\u00e9es.<\/p>\n<p>En plus de ses propri\u00e9t\u00e9s de renforcement musculaire et d&rsquo;am\u00e9lioration de la vascularisation, ce m\u00e9dicament am\u00e9liore l&rsquo;app\u00e9tit et augmente le nombre de globules rouges. Il stimule la lib\u00e9ration d&rsquo;\u00e9rythropo\u00ef\u00e9tine dans les reins, conduisant \u00e0 une meilleure oxyg\u00e9nation des tissus. Cependant, il provoque \u00e9galement un \u00e9paississement du sang, ce qui peut potentiellement entra\u00eener une thrombose et des probl\u00e8mes cardiovasculaires.<\/p>\n<p>Boldenone ne subit pas d&rsquo;aromatisation ni n&rsquo;active les r\u00e9cepteurs \u0153strog\u00e8nes. Il pr\u00e9sente moins de propri\u00e9t\u00e9s androg\u00e8nes par rapport \u00e0 d&rsquo;autres st\u00e9ro\u00efdes, le rendant appropri\u00e9 pour les individus ayant des conditions prostatiques.<\/p>\n<p>De plus, boldenone sert d&rsquo;anabolisant et d&rsquo;inhibiteur d&rsquo;aromatase doux dans les cycles de testost\u00e9rone. Pour les individus qui ne subissent pas une aromatisation significative, boldenone peut efficacement remplacer le besoin d&rsquo;anastrozole.<\/p>\n<p>Il est important de noter que boldenone n&rsquo;est disponible que sous forme d&rsquo;esters und\u00e9cyl\u00e9nates.<\/p>\n<h3><b>Utilisation pour la R\u00e9duction de l&rsquo;\u0153stradiol<\/b><\/h3>\n<p>Boldenone est un st\u00e9ro\u00efde anabolisant reconnu pour ses propri\u00e9t\u00e9s anaboliques exclusives. Cependant, il s&rsquo;av\u00e8re \u00e9galement \u00eatre un outil pr\u00e9cieux pour r\u00e9duire les niveaux d&rsquo;\u0153stradiol pendant un cycle. Outre l&rsquo;augmentation de l&rsquo;app\u00e9tit et la promotion de la vascularisation, boldenone poss\u00e8de la capacit\u00e9 de diminuer l&rsquo;\u0153stradiol, une hormone sexuelle f\u00e9minine. Les athl\u00e8tes professionnels administrent souvent boldenone \u00e0 des dosages allant de 800 \u00e0 1200 mg pendant les cycles de st\u00e9ro\u00efdes, ce qui peut surprendre les athl\u00e8tes novices.<\/p>\n<ul>\n<li>En tant qu&rsquo;agent anabolisant, ce m\u00e9dicament d\u00e9montre une efficacit\u00e9 limit\u00e9e, n\u00e9cessitant des dosages relativement \u00e9lev\u00e9s. M\u00eame si vous n&rsquo;\u00eates pas un halt\u00e9rophile intense, un dosage de 250 mg est peu susceptible de produire des r\u00e9sultats notables, surtout lors de votre premier cycle. Les athl\u00e8tes qui ont utilis\u00e9 boldenone comme m\u00e9dicament unique ont signal\u00e9 se sentir nettement \u00e0 l&rsquo;\u00e9cart apr\u00e8s quatre semaines, avec des niveaux d&rsquo;\u0153stradiol inf\u00e9rieurs \u00e0 la normale.<\/li>\n<li>La le\u00e7on \u00e0 retenir est que boldenone ne doit \u00eatre utilis\u00e9 que comme un composant adjoint dans un cycle, plut\u00f4t que comme sa base. La testost\u00e9rone doit \u00eatre incluse dans le cycle pour \u00e9viter une diminution drastique des niveaux d&rsquo;\u0153stradiol, ce qui peut nuire \u00e0 la sant\u00e9. Boldenone devrait \u00eatre combin\u00e9 avec la testost\u00e9rone pour maintenir un niveau appropri\u00e9 d&rsquo;\u0153stradiol, que boldenone abaisse naturellement.<\/li>\n<li>Ne pas le faire peut entra\u00eener des niveaux d&rsquo;\u0153stradiol excessivement bas, menant \u00e0 une diminution de la libido, \u00e0 de l&rsquo;ost\u00e9oporose, \u00e0 une d\u00e9t\u00e9rioration de l&rsquo;humeur et \u00e0 d&rsquo;autres cons\u00e9quences li\u00e9es. Le rapport optimal de boldenone \u00e0 la testost\u00e9rone devrait \u00eatre d\u00e9termin\u00e9 sur une base individuelle.<\/li>\n<\/ul>\n<p>Notre rapport de d\u00e9part recommand\u00e9 est de 2 parties de testost\u00e9rone pour 1 partie de boldenone.<\/p>\n<p>Plusieurs jours apr\u00e8s avoir administr\u00e9 une injection de boldenone, il est conseill\u00e9 de v\u00e9rifier les niveaux d&rsquo;\u0153stradiol dans le sang. Si l&rsquo;\u0153stradiol reste \u00e9lev\u00e9, envisagez d&rsquo;augmenter la dose de boldenone.<\/p>\n<p>Souvent, maintenir un rapport de 1:1 de boldenone \u00e0 testost\u00e9rone peut garder l&rsquo;\u0153stradiol dans la plage moyenne des valeurs de r\u00e9f\u00e9rence.<\/p>\n<h3><b>Profil<\/b><\/h3>\n<ul>\n<li>Fr\u00e9quence des injections : tous les 7 \u00e0 10 jours<\/li>\n<li>Demi-vie : 10-14 jours<\/li>\n<\/ul>\n<p><\/p>","protected":false},"excerpt":{"rendered":"<p>Substance active :\u00a0Boldenone Undecylenate Type : st\u00e9ro\u00efde anabolisant (d\u00e9riv\u00e9 de la testost\u00e9rone) Forme : Injections Huile porteuse :\u00a0Huile de s\u00e9same<\/p>\n","protected":false},"featured_media":9731,"comment_status":"open","ping_status":"closed","template":"","meta":[],"product_brand":[],"product_cat":[69],"product_tag":[],"class_list":{"0":"post-9730","1":"product","2":"type-product","3":"status-publish","4":"has-post-thumbnail","6":"product_cat-esteroides_inyectables","8":"first","9":"outofstock","10":"sale","11":"shipping-taxable","12":"purchasable","13":"product-type-simple"},"yoast_head":"<!-- This site is optimized with the Yoast SEO Premium plugin v24.4 (Yoast SEO v27.3) - https:\/\/yoast.com\/product\/yoast-seo-premium-wordpress\/ -->\n<title>Boldelad 250 mg\/ml (Boldenone Undecylenate) - (Espa\u00f1ol) Esteroides en l\u00ednea<\/title>\n<meta name=\"robots\" content=\"index, follow, max-snippet:-1, max-image-preview:large, max-video-preview:-1\" \/>\n<link rel=\"canonical\" href=\"https:\/\/iberoid-shop.com\/fr\/product\/boldelad-250-mg-ml-boldenone-undecylenatedriada\/\" \/>\n<meta property=\"og:locale\" content=\"fr_FR\" \/>\n<meta property=\"og:type\" content=\"article\" \/>\n<meta property=\"og:title\" content=\"Boldelad 250 mg\/ml (Boldenone Undecylenate)\" \/>\n<meta property=\"og:description\" content=\"Substance active :\u00a0Boldenone Undecylenate Type : st\u00e9ro\u00efde anabolisant (d\u00e9riv\u00e9 de la testost\u00e9rone) Forme : Injections Huile porteuse :\u00a0Huile de s\u00e9same\" \/>\n<meta property=\"og:url\" content=\"https:\/\/iberoid-shop.com\/fr\/product\/boldelad-250-mg-ml-boldenone-undecylenatedriada\/\" \/>\n<meta property=\"og:site_name\" content=\"(Espa\u00f1ol) Esteroides en l\u00ednea\" \/>\n<meta property=\"article:modified_time\" content=\"2025-02-16T08:08:02+00:00\" \/>\n<meta property=\"og:image\" content=\"https:\/\/iberoid-shop.com\/wp-content\/uploads\/2024\/10\/bolde-driad-scaled.webp\" \/>\n\t<meta property=\"og:image:width\" content=\"2560\" \/>\n\t<meta property=\"og:image:height\" content=\"2560\" \/>\n\t<meta property=\"og:image:type\" content=\"image\/webp\" \/>\n<meta name=\"twitter:card\" content=\"summary_large_image\" \/>\n<meta name=\"twitter:label1\" content=\"Prix\" \/>\n\t<meta name=\"twitter:data1\" content=\"&euro;40.00\" \/>\n\t<meta name=\"twitter:label2\" content=\"Disponibilit\u00e9\" \/>\n\t<meta name=\"twitter:data2\" content=\"Rupture de stock\" \/>\n<script type=\"application\/ld+json\" class=\"yoast-schema-graph\">{\"@context\":\"https:\\\/\\\/schema.org\",\"@graph\":[{\"@type\":\"WebPage\",\"@id\":\"https:\\\/\\\/iberoid-shop.com\\\/fr\\\/product\\\/boldelad-250-mg-ml-boldenone-undecylenatedriada\\\/\",\"url\":\"https:\\\/\\\/iberoid-shop.com\\\/fr\\\/product\\\/boldelad-250-mg-ml-boldenone-undecylenatedriada\\\/\",\"name\":\"Boldelad 250 mg\\\/ml (Boldenone Undecylenate) - (Espa\u00f1ol) Esteroides en l\u00ednea\",\"isPartOf\":{\"@id\":\"https:\\\/\\\/iberoid-shop.com\\\/fr\\\/#website\"},\"primaryImageOfPage\":{\"@id\":\"https:\\\/\\\/iberoid-shop.com\\\/fr\\\/product\\\/boldelad-250-mg-ml-boldenone-undecylenatedriada\\\/#primaryimage\"},\"image\":{\"@id\":\"https:\\\/\\\/iberoid-shop.com\\\/fr\\\/product\\\/boldelad-250-mg-ml-boldenone-undecylenatedriada\\\/#primaryimage\"},\"thumbnailUrl\":\"https:\\\/\\\/iberoid-shop.com\\\/wp-content\\\/uploads\\\/2024\\\/10\\\/bolde-driad-scaled.webp\",\"datePublished\":\"2024-10-20T10:32:53+00:00\",\"dateModified\":\"2025-02-16T08:08:02+00:00\",\"breadcrumb\":{\"@id\":\"https:\\\/\\\/iberoid-shop.com\\\/fr\\\/product\\\/boldelad-250-mg-ml-boldenone-undecylenatedriada\\\/#breadcrumb\"},\"inLanguage\":\"fr-FR\",\"potentialAction\":[{\"@type\":\"ReadAction\",\"target\":[[\"https:\\\/\\\/iberoid-shop.com\\\/fr\\\/product\\\/boldelad-250-mg-ml-boldenone-undecylenatedriada\\\/\"]]}]},{\"@type\":\"ImageObject\",\"inLanguage\":\"fr-FR\",\"@id\":\"https:\\\/\\\/iberoid-shop.com\\\/fr\\\/product\\\/boldelad-250-mg-ml-boldenone-undecylenatedriada\\\/#primaryimage\",\"url\":\"https:\\\/\\\/iberoid-shop.com\\\/wp-content\\\/uploads\\\/2024\\\/10\\\/bolde-driad-scaled.webp\",\"contentUrl\":\"https:\\\/\\\/iberoid-shop.com\\\/wp-content\\\/uploads\\\/2024\\\/10\\\/bolde-driad-scaled.webp\",\"width\":2560,\"height\":2560},{\"@type\":\"BreadcrumbList\",\"@id\":\"https:\\\/\\\/iberoid-shop.com\\\/fr\\\/product\\\/boldelad-250-mg-ml-boldenone-undecylenatedriada\\\/#breadcrumb\",\"itemListElement\":[{\"@type\":\"ListItem\",\"position\":1,\"name\":\"Portada\",\"item\":\"https:\\\/\\\/iberoid-shop.com\\\/fr\\\/\"},{\"@type\":\"ListItem\",\"position\":2,\"name\":\"Magasin\",\"item\":\"https:\\\/\\\/iberoid-shop.com\\\/fr\\\/shop\\\/\"},{\"@type\":\"ListItem\",\"position\":3,\"name\":\"Boldelad 250 mg\\\/ml (Boldenone Undecylenate)\"}]},{\"@type\":\"WebSite\",\"@id\":\"https:\\\/\\\/iberoid-shop.com\\\/fr\\\/#website\",\"url\":\"https:\\\/\\\/iberoid-shop.com\\\/fr\\\/\",\"name\":\"(Espa\u00f1ol) Esteroides en l\u00ednea\",\"description\":\"(Espa\u00f1ol) Comprar esteroides en l\u00ednea hoy en Espa\u00f1a y Portugal. Tenemos el mejor servicio al cliente en la industria y los productos de la m\u00e1s alta calidad\",\"potentialAction\":[{\"@type\":\"SearchAction\",\"target\":{\"@type\":\"EntryPoint\",\"urlTemplate\":\"https:\\\/\\\/iberoid-shop.com\\\/fr\\\/?s={search_term_string}\"},\"query-input\":{\"@type\":\"PropertyValueSpecification\",\"valueRequired\":true,\"valueName\":\"search_term_string\"}}],\"inLanguage\":\"fr-FR\"}]}<\/script>\n<meta property=\"product:brand\" content=\"Driada\" \/>\n<meta property=\"product:price:amount\" content=\"40.00\" \/>\n<meta property=\"product:price:currency\" content=\"EUR\" \/>\n<meta property=\"og:availability\" content=\"out of stock\" \/>\n<meta property=\"product:availability\" content=\"out of stock\" \/>\n<meta property=\"product:condition\" content=\"new\" \/>\n<!-- \/ Yoast SEO Premium plugin. -->","yoast_head_json":{"title":"Boldelad 250 mg\/ml (Boldenone Undecylenate) - (Espa\u00f1ol) Esteroides en l\u00ednea","robots":{"index":"index","follow":"follow","max-snippet":"max-snippet:-1","max-image-preview":"max-image-preview:large","max-video-preview":"max-video-preview:-1"},"canonical":"https:\/\/iberoid-shop.com\/fr\/product\/boldelad-250-mg-ml-boldenone-undecylenatedriada\/","og_locale":"fr_FR","og_type":"article","og_title":"Boldelad 250 mg\/ml (Boldenone Undecylenate)","og_description":"Substance active :\u00a0Boldenone Undecylenate Type : st\u00e9ro\u00efde anabolisant (d\u00e9riv\u00e9 de la testost\u00e9rone) Forme : Injections Huile porteuse :\u00a0Huile de s\u00e9same","og_url":"https:\/\/iberoid-shop.com\/fr\/product\/boldelad-250-mg-ml-boldenone-undecylenatedriada\/","og_site_name":"(Espa\u00f1ol) Esteroides en l\u00ednea","article_modified_time":"2025-02-16T08:08:02+00:00","og_image":[{"width":2560,"height":2560,"url":"https:\/\/iberoid-shop.com\/wp-content\/uploads\/2024\/10\/bolde-driad-scaled.webp","type":"image\/webp"}],"twitter_card":"summary_large_image","twitter_misc":{"Prix":"&euro;40.00","Disponibilit\u00e9":"Rupture de stock"},"schema":{"@context":"https:\/\/schema.org","@graph":[{"@type":"WebPage","@id":"https:\/\/iberoid-shop.com\/fr\/product\/boldelad-250-mg-ml-boldenone-undecylenatedriada\/","url":"https:\/\/iberoid-shop.com\/fr\/product\/boldelad-250-mg-ml-boldenone-undecylenatedriada\/","name":"Boldelad 250 mg\/ml (Boldenone Undecylenate) - (Espa\u00f1ol) Esteroides en l\u00ednea","isPartOf":{"@id":"https:\/\/iberoid-shop.com\/fr\/#website"},"primaryImageOfPage":{"@id":"https:\/\/iberoid-shop.com\/fr\/product\/boldelad-250-mg-ml-boldenone-undecylenatedriada\/#primaryimage"},"image":{"@id":"https:\/\/iberoid-shop.com\/fr\/product\/boldelad-250-mg-ml-boldenone-undecylenatedriada\/#primaryimage"},"thumbnailUrl":"https:\/\/iberoid-shop.com\/wp-content\/uploads\/2024\/10\/bolde-driad-scaled.webp","datePublished":"2024-10-20T10:32:53+00:00","dateModified":"2025-02-16T08:08:02+00:00","breadcrumb":{"@id":"https:\/\/iberoid-shop.com\/fr\/product\/boldelad-250-mg-ml-boldenone-undecylenatedriada\/#breadcrumb"},"inLanguage":"fr-FR","potentialAction":[{"@type":"ReadAction","target":[["https:\/\/iberoid-shop.com\/fr\/product\/boldelad-250-mg-ml-boldenone-undecylenatedriada\/"]]}]},{"@type":"ImageObject","inLanguage":"fr-FR","@id":"https:\/\/iberoid-shop.com\/fr\/product\/boldelad-250-mg-ml-boldenone-undecylenatedriada\/#primaryimage","url":"https:\/\/iberoid-shop.com\/wp-content\/uploads\/2024\/10\/bolde-driad-scaled.webp","contentUrl":"https:\/\/iberoid-shop.com\/wp-content\/uploads\/2024\/10\/bolde-driad-scaled.webp","width":2560,"height":2560},{"@type":"BreadcrumbList","@id":"https:\/\/iberoid-shop.com\/fr\/product\/boldelad-250-mg-ml-boldenone-undecylenatedriada\/#breadcrumb","itemListElement":[{"@type":"ListItem","position":1,"name":"Portada","item":"https:\/\/iberoid-shop.com\/fr\/"},{"@type":"ListItem","position":2,"name":"Magasin","item":"https:\/\/iberoid-shop.com\/fr\/shop\/"},{"@type":"ListItem","position":3,"name":"Boldelad 250 mg\/ml (Boldenone Undecylenate)"}]},{"@type":"WebSite","@id":"https:\/\/iberoid-shop.com\/fr\/#website","url":"https:\/\/iberoid-shop.com\/fr\/","name":"(Espa\u00f1ol) Esteroides en l\u00ednea","description":"(Espa\u00f1ol) Comprar esteroides en l\u00ednea hoy en Espa\u00f1a y Portugal. Tenemos el mejor servicio al cliente en la industria y los productos de la m\u00e1s alta calidad","potentialAction":[{"@type":"SearchAction","target":{"@type":"EntryPoint","urlTemplate":"https:\/\/iberoid-shop.com\/fr\/?s={search_term_string}"},"query-input":{"@type":"PropertyValueSpecification","valueRequired":true,"valueName":"search_term_string"}}],"inLanguage":"fr-FR"}]},"product_brand":"Driada","product_price_amount":"40.00","product_price_currency":"EUR","og_availability":"out of stock","product_availability":"out of stock","product_condition":"new"},"_links":{"self":[{"href":"https:\/\/iberoid-shop.com\/fr\/wp-json\/wp\/v2\/product\/9730","targetHints":{"allow":["GET"]}}],"collection":[{"href":"https:\/\/iberoid-shop.com\/fr\/wp-json\/wp\/v2\/product"}],"about":[{"href":"https:\/\/iberoid-shop.com\/fr\/wp-json\/wp\/v2\/types\/product"}],"replies":[{"embeddable":true,"href":"https:\/\/iberoid-shop.com\/fr\/wp-json\/wp\/v2\/comments?post=9730"}],"wp:featuredmedia":[{"embeddable":true,"href":"https:\/\/iberoid-shop.com\/fr\/wp-json\/wp\/v2\/media\/9731"}],"wp:attachment":[{"href":"https:\/\/iberoid-shop.com\/fr\/wp-json\/wp\/v2\/media?parent=9730"}],"wp:term":[{"taxonomy":"product_brand","embeddable":true,"href":"https:\/\/iberoid-shop.com\/fr\/wp-json\/wp\/v2\/product_brand?post=9730"},{"taxonomy":"product_cat","embeddable":true,"href":"https:\/\/iberoid-shop.com\/fr\/wp-json\/wp\/v2\/product_cat?post=9730"},{"taxonomy":"product_tag","embeddable":true,"href":"https:\/\/iberoid-shop.com\/fr\/wp-json\/wp\/v2\/product_tag?post=9730"}],"curies":[{"name":"wp","href":"https:\/\/api.w.org\/{rel}","templated":true}]}}