{"id":9728,"date":"2024-10-20T10:29:40","date_gmt":"2024-10-20T10:29:40","guid":{"rendered":"https:\/\/iberoid-shop.com\/?post_type=product&#038;p=9728"},"modified":"2024-12-05T20:00:29","modified_gmt":"2024-12-05T20:00:29","slug":"testosterone-enanthate-driada","status":"publish","type":"product","link":"https:\/\/iberoid-shop.com\/fr\/product\/testosterone-enanthate-driada\/","title":{"rendered":"Testos 250 mg\/ml (Testosterone Enanthate)"},"content":{"rendered":"<p><\/p>\n<ul>\n<li>Ingr\u00e9dient actif : \u00c9nanthate de testost\u00e9rone<\/li>\n<li>Type : St\u00e9ro\u00efde anabolisant (d\u00e9riv\u00e9 de la testost\u00e9rone)<\/li>\n<li>Forme : Injections<\/li>\n<li><b>Huile de support :\u00a0<\/b>Huile de p\u00e9pins de raisin + MCT<\/li>\n<\/ul>\n<h2>Qu&rsquo;est-ce que l&rsquo;\u00e9nanthate de testost\u00e9rone ?<\/h2>\n<p>L&rsquo;\u00e9nanthate de testost\u00e9rone 250 mg est une forme injectable de testost\u00e9rone, la principale hormone sexuelle masculine, avec un ester attach\u00e9, l&rsquo;\u00e9nanthate.<\/p>\n<p>La demi-vie de l&rsquo;hormone testost\u00e9rone sans ester est de plusieurs heures. Il est tr\u00e8s inconfortable de faire des injections toutes les quelques heures. Les scientifiques ont donc ajout\u00e9 l&rsquo;ester \u00e9nanthate, qui ralentit la lib\u00e9ration de testost\u00e9rone dans le sang et augmente la\u00a0<b>demi-vie \u00e0 5-6 jours<\/b>.<\/p>\n<p>L&rsquo;Androne 250 \u00c9nanthate de testost\u00e9rone est utilis\u00e9 dans le traitement hormonal substitutif et \u00e9galement dans le sport pour augmenter la vitesse des indicateurs de force, la croissance de la masse musculaire, ainsi que la pr\u00e9servation de la masse musculaire pendant le processus de coupe (br\u00fblage des graisses).<\/p>\n<h3>Injections d&rsquo;\u00e9nanthate de testost\u00e9rone 250 mg : Objectif et efficacit\u00e9<\/h3>\n<ul>\n<li>Le principal objectif des injections de Test Enanthate est le\u00a0<b>traitement du d\u00e9clin de la testost\u00e9rone li\u00e9 \u00e0 l&rsquo;\u00e2ge<\/b>. Les injections de Test Enanthate en Europe (la testost\u00e9rone cypionate est utilis\u00e9e aux \u00c9tats-Unis) sont consid\u00e9r\u00e9es comme le moyen le plus efficace pour le traitement hormonal substitutif (THS) et sont recommand\u00e9es dans les directives m\u00e9dicales.<\/li>\n<li>Le m\u00e9dicament lui-m\u00eame aide \u00e0 d\u00e9velopper les muscles en g\u00e9n\u00e9rant des prot\u00e9ines, ce qui augmente ensuite la force musculaire.<\/li>\n<li>Les prot\u00e9ines musculaires de testost\u00e9rone forment le catabolisme (d\u00e9gradation) pendant les p\u00e9riodes de d\u00e9ficit calorique dans le processus de combustion des graisses ou de perte de poids.<\/li>\n<li>La testost\u00e9rone est une hormone qui joue un r\u00f4le cl\u00e9 dans le m\u00e9tabolisme des glucides, des lipides et des prot\u00e9ines. On sait depuis longtemps que la testost\u00e9rone a une influence majeure sur la composition corporelle en graisse et la masse musculaire chez l&rsquo;homme.<\/li>\n<\/ul>\n<h3>Principaux avantages pour la sant\u00e9 du Test Enanthate 250 mg pour le corps<\/h3>\n<p>Le m\u00e9dicament a un impact significatif sur la sant\u00e9 et le bien-\u00eatre. Plus important encore, il a des effets b\u00e9n\u00e9fiques sur l&rsquo;<b>humeur<\/b>, les niveaux d&rsquo;<b>\u00e9nergie<\/b>\u00a0et le\u00a0<b>sentiment de bien-\u00eatre<\/b>\u00a0des patients, la fonction sexuelle, la masse corporelle maigre et la force musculaire, l&rsquo;\u00e9rythropo\u00ef\u00e8se et la densit\u00e9 min\u00e9rale osseuse (DMO), la cognition, et certains avantages sur les facteurs de risque cardiovasculaire.<\/p>\n<h2>Comment utiliser l&rsquo;Androne 250 \u00c9nanthate de testost\u00e9rone ?<\/h2>\n<p>L&rsquo;Androne 250 Test Enanthate est utilis\u00e9 par injection intramusculaire. La demi-vie et les instructions du m\u00e9decin d\u00e9terminent la fr\u00e9quence des injections. Pour obtenir un \u00e9quilibre hormonal plus uniforme, des injections plus fr\u00e9quentes sont pr\u00e9f\u00e9rables.<\/p>\n<h3>Combien par jour<\/h3>\n<p>Il n&rsquo;est pas n\u00e9cessaire d&rsquo;injecter Test Enanthate tous les jours; g\u00e9n\u00e9ralement, les injections sont effectu\u00e9es tous les 3 \u00e0 7 jours, en fonction du dosage et des objectifs.<\/p>\n<p>Pour le traitement hormonal substitutif (THS), le dosage commence \u00e0 partir de\u00a0<b>125 mg en 5 jours<\/b>.<\/p>\n<p>Pour la musculation et la remise en forme, il augmente jusqu&rsquo;\u00e0 1 gramme par semaine.<\/p>\n<h3>Demi-vie<\/h3>\n<p>Le test enanthate est une version est\u00e9rifi\u00e9e (r\u00e9action dans laquelle un ester est form\u00e9) de la testost\u00e9rone avec une demi-vie de 5 \u00e0 6 jours.<\/p>\n<h2>Recommandations de dosage pour les hommes et les femmes<\/h2>\n<ul>\n<li>Pour traiter la\u00a0<u>d\u00e9ficience en androg\u00e8nes<\/u>, la dose recommand\u00e9e est comprise entre\u00a0<b>125 et 250 mg<\/b>, administr\u00e9e chaque semaine.<\/li>\n<\/ul>\n<ul>\n<li>Le\u00a0<u>cycle de musculation<\/u>\u00a0o\u00f9 la testost\u00e9rone est souvent favoris\u00e9e, en particulier lorsque la l\u00e9g\u00e8re r\u00e9tention d&rsquo;eau n&rsquo;est pas un probl\u00e8me, elle est donc couramment inject\u00e9e chaque semaine pour la croissance musculaire. Lorsqu&rsquo;il est utilis\u00e9 pour am\u00e9liorer l&rsquo;apparence physique ou les performances, le dosage typique est compris entre\u00a0<b>250 et 750 mg<\/b>\u00a0par semaine, et cela est suivi en cycles allant de\u00a0<b>6 \u00e0 12 semaines<\/b>. La plupart des utilisateurs trouvent que cela suffit pour obtenir des am\u00e9liorations significatives en termes de masse musculaire et de puissance.<\/li>\n<li>Si la\u00a0<u>d\u00e9finition musculaire et la coupe<\/u>\u00a0sont votre objectif, vous pouvez inclure la testost\u00e9rone dans le cycle, g\u00e9n\u00e9ralement \u00e0 des doses plus faibles de\u00a0<b>100 \u00e0 200 mg<\/b>\u00a0par semaine. Dans ces cas, elle peut \u00eatre combin\u00e9e \u00e0 un inhibiteur de l&rsquo;aromatase pour g\u00e9rer les niveaux d&rsquo;\u0153strog\u00e8nes.<\/li>\n<\/ul>\n<p>N\u00e9anmoins, certaines personnes pr\u00e9f\u00e8rent le combiner avec d&rsquo;autres st\u00e9ro\u00efdes anabolisants\/androg\u00e8nes pour am\u00e9liorer ses effets. Si vous optez pour cette approche, l&rsquo;ajout de 200 \u00e0 400 mg suppl\u00e9mentaires par semaine de compos\u00e9s comme la\u00a0bold\u00e9none undecyl\u00e9nate, la\u00a0m\u00e9th\u00e9nolone \u00e9nanthate\u00a0ou la\u00a0nandrolone d\u00e9canoate\u00a0peut offrir des r\u00e9sultats remarquables sans affecter significativement le foie. L&rsquo;adaptabilit\u00e9 du m\u00e9dicament signifie qu&rsquo;il peut \u00eatre associ\u00e9 \u00e0 divers autres st\u00e9ro\u00efdes anabolisants\/androg\u00e8nes pour obtenir des r\u00e9sultats sp\u00e9cifiques.<\/p>\n<p>En m\u00e9decine clinique, le test enanthate est rarement utilis\u00e9 pour les\u00a0<b>femmes<\/b>. Il est g\u00e9n\u00e9ralement utilis\u00e9 comme traitement\u00a0<b>auxiliaire du cancer du sein inop\u00e9rable<\/b>\u00a0lorsque d&rsquo;autres traitements n&rsquo;ont pas obtenu les r\u00e9sultats souhait\u00e9s, et il est essentiel de\u00a0<b>supprimer l&rsquo;activit\u00e9 ovarienne<\/b>. En raison de ses puissantes propri\u00e9t\u00e9s androg\u00e8nes, du potentiel d&rsquo;effets secondaires virilisants et de sa nature \u00e0 lib\u00e9ration lente (ce qui rend la surveillance des taux sanguins difficile), le test enanthate est\u00a0<u>d\u00e9conseill\u00e9 aux femmes<\/u>\u00a0qui cherchent \u00e0 am\u00e9liorer leur physique ou leurs performances.<\/p>\n<p>Cependant, certaines athl\u00e8tes professionnelles l&rsquo;utilisent \u00e0 petites doses pendant les phases d&rsquo;entra\u00eenement de pointe.<\/p>","protected":false},"excerpt":{"rendered":"<p>Ingr\u00e9dient actif : \u00c9nanthate de testost\u00e9rone Type : St\u00e9ro\u00efde anabolisant (d\u00e9riv\u00e9 de la testost\u00e9rone) Forme : Injections Huile de support<\/p>\n","protected":false},"featured_media":9729,"comment_status":"open","ping_status":"closed","template":"","meta":[],"product_brand":[],"product_cat":[69],"product_tag":[],"class_list":{"0":"post-9728","1":"product","2":"type-product","3":"status-publish","4":"has-post-thumbnail","6":"product_cat-esteroides_inyectables","8":"first","9":"outofstock","10":"sale","11":"shipping-taxable","12":"purchasable","13":"product-type-simple"},"yoast_head":"<!-- This site is optimized with the Yoast SEO Premium plugin v24.4 (Yoast SEO v27.0) - https:\/\/yoast.com\/product\/yoast-seo-premium-wordpress\/ -->\n<title>Testos 250 mg\/ml (Testosterone Enanthate) - (Espa\u00f1ol) Esteroides en l\u00ednea<\/title>\n<meta name=\"robots\" content=\"index, follow, max-snippet:-1, max-image-preview:large, max-video-preview:-1\" \/>\n<link rel=\"canonical\" href=\"https:\/\/iberoid-shop.com\/fr\/product\/testosterone-enanthate-driada\/\" \/>\n<meta property=\"og:locale\" content=\"fr_FR\" \/>\n<meta property=\"og:type\" content=\"article\" \/>\n<meta property=\"og:title\" content=\"Testos 250 mg\/ml (Testosterone Enanthate)\" \/>\n<meta property=\"og:description\" content=\"Ingr\u00e9dient actif : \u00c9nanthate de testost\u00e9rone Type : St\u00e9ro\u00efde anabolisant (d\u00e9riv\u00e9 de la testost\u00e9rone) Forme : Injections Huile de support\" \/>\n<meta property=\"og:url\" content=\"https:\/\/iberoid-shop.com\/fr\/product\/testosterone-enanthate-driada\/\" \/>\n<meta property=\"og:site_name\" content=\"(Espa\u00f1ol) Esteroides en l\u00ednea\" \/>\n<meta property=\"article:modified_time\" content=\"2024-12-05T20:00:29+00:00\" \/>\n<meta property=\"og:image\" content=\"https:\/\/iberoid-shop.com\/wp-content\/uploads\/2024\/10\/testos-driada-medical.webp\" \/>\n\t<meta property=\"og:image:width\" content=\"1000\" \/>\n\t<meta property=\"og:image:height\" content=\"1000\" \/>\n\t<meta property=\"og:image:type\" content=\"image\/webp\" \/>\n<meta name=\"twitter:card\" content=\"summary_large_image\" \/>\n<meta name=\"twitter:label1\" content=\"Prix\" \/>\n\t<meta name=\"twitter:data1\" content=\"&euro;40.00\" \/>\n\t<meta name=\"twitter:label2\" content=\"Disponibilit\u00e9\" \/>\n\t<meta name=\"twitter:data2\" content=\"Rupture de stock\" \/>\n<script type=\"application\/ld+json\" class=\"yoast-schema-graph\">{\"@context\":\"https:\/\/schema.org\",\"@graph\":[{\"@type\":\"WebPage\",\"@id\":\"https:\/\/iberoid-shop.com\/fr\/product\/testosterone-enanthate-driada\/\",\"url\":\"https:\/\/iberoid-shop.com\/fr\/product\/testosterone-enanthate-driada\/\",\"name\":\"Testos 250 mg\/ml (Testosterone Enanthate) - (Espa\u00f1ol) Esteroides en l\u00ednea\",\"isPartOf\":{\"@id\":\"https:\/\/iberoid-shop.com\/fr\/#website\"},\"primaryImageOfPage\":{\"@id\":\"https:\/\/iberoid-shop.com\/fr\/product\/testosterone-enanthate-driada\/#primaryimage\"},\"image\":{\"@id\":\"https:\/\/iberoid-shop.com\/fr\/product\/testosterone-enanthate-driada\/#primaryimage\"},\"thumbnailUrl\":\"https:\/\/iberoid-shop.com\/wp-content\/uploads\/2024\/10\/testos-driada-medical.webp\",\"datePublished\":\"2024-10-20T10:29:40+00:00\",\"dateModified\":\"2024-12-05T20:00:29+00:00\",\"breadcrumb\":{\"@id\":\"https:\/\/iberoid-shop.com\/fr\/product\/testosterone-enanthate-driada\/#breadcrumb\"},\"inLanguage\":\"fr-FR\",\"potentialAction\":[{\"@type\":\"ReadAction\",\"target\":[[\"https:\/\/iberoid-shop.com\/fr\/product\/testosterone-enanthate-driada\/\"]]}]},{\"@type\":\"ImageObject\",\"inLanguage\":\"fr-FR\",\"@id\":\"https:\/\/iberoid-shop.com\/fr\/product\/testosterone-enanthate-driada\/#primaryimage\",\"url\":\"https:\/\/iberoid-shop.com\/wp-content\/uploads\/2024\/10\/testos-driada-medical.webp\",\"contentUrl\":\"https:\/\/iberoid-shop.com\/wp-content\/uploads\/2024\/10\/testos-driada-medical.webp\",\"width\":1000,\"height\":1000},{\"@type\":\"BreadcrumbList\",\"@id\":\"https:\/\/iberoid-shop.com\/fr\/product\/testosterone-enanthate-driada\/#breadcrumb\",\"itemListElement\":[{\"@type\":\"ListItem\",\"position\":1,\"name\":\"Portada\",\"item\":\"https:\/\/iberoid-shop.com\/fr\/\"},{\"@type\":\"ListItem\",\"position\":2,\"name\":\"Magasin\",\"item\":\"https:\/\/iberoid-shop.com\/fr\/shop\/\"},{\"@type\":\"ListItem\",\"position\":3,\"name\":\"Testos 250 mg\/ml (Testosterone Enanthate)\"}]},{\"@type\":\"WebSite\",\"@id\":\"https:\/\/iberoid-shop.com\/fr\/#website\",\"url\":\"https:\/\/iberoid-shop.com\/fr\/\",\"name\":\"(Espa\u00f1ol) Esteroides en l\u00ednea\",\"description\":\"(Espa\u00f1ol) Comprar esteroides en l\u00ednea hoy en Espa\u00f1a y Portugal. Tenemos el mejor servicio al cliente en la industria y los productos de la m\u00e1s alta calidad\",\"potentialAction\":[{\"@type\":\"SearchAction\",\"target\":{\"@type\":\"EntryPoint\",\"urlTemplate\":\"https:\/\/iberoid-shop.com\/fr\/?s={search_term_string}\"},\"query-input\":{\"@type\":\"PropertyValueSpecification\",\"valueRequired\":true,\"valueName\":\"search_term_string\"}}],\"inLanguage\":\"fr-FR\"}]}<\/script>\n<meta property=\"product:brand\" content=\"Driada\" \/>\n<meta property=\"product:price:amount\" content=\"40.00\" \/>\n<meta property=\"product:price:currency\" content=\"EUR\" \/>\n<meta property=\"og:availability\" content=\"out of stock\" \/>\n<meta property=\"product:availability\" content=\"out of stock\" \/>\n<meta property=\"product:condition\" content=\"new\" \/>\n<!-- \/ Yoast SEO Premium plugin. -->","yoast_head_json":{"title":"Testos 250 mg\/ml (Testosterone Enanthate) - (Espa\u00f1ol) Esteroides en l\u00ednea","robots":{"index":"index","follow":"follow","max-snippet":"max-snippet:-1","max-image-preview":"max-image-preview:large","max-video-preview":"max-video-preview:-1"},"canonical":"https:\/\/iberoid-shop.com\/fr\/product\/testosterone-enanthate-driada\/","og_locale":"fr_FR","og_type":"article","og_title":"Testos 250 mg\/ml (Testosterone Enanthate)","og_description":"Ingr\u00e9dient actif : \u00c9nanthate de testost\u00e9rone Type : St\u00e9ro\u00efde anabolisant (d\u00e9riv\u00e9 de la testost\u00e9rone) Forme : Injections Huile de support","og_url":"https:\/\/iberoid-shop.com\/fr\/product\/testosterone-enanthate-driada\/","og_site_name":"(Espa\u00f1ol) Esteroides en l\u00ednea","article_modified_time":"2024-12-05T20:00:29+00:00","og_image":[{"width":1000,"height":1000,"url":"https:\/\/iberoid-shop.com\/wp-content\/uploads\/2024\/10\/testos-driada-medical.webp","type":"image\/webp"}],"twitter_card":"summary_large_image","twitter_misc":{"Prix":"&euro;40.00","Disponibilit\u00e9":"Rupture de stock"},"schema":{"@context":"https:\/\/schema.org","@graph":[{"@type":"WebPage","@id":"https:\/\/iberoid-shop.com\/fr\/product\/testosterone-enanthate-driada\/","url":"https:\/\/iberoid-shop.com\/fr\/product\/testosterone-enanthate-driada\/","name":"Testos 250 mg\/ml (Testosterone Enanthate) - (Espa\u00f1ol) Esteroides en l\u00ednea","isPartOf":{"@id":"https:\/\/iberoid-shop.com\/fr\/#website"},"primaryImageOfPage":{"@id":"https:\/\/iberoid-shop.com\/fr\/product\/testosterone-enanthate-driada\/#primaryimage"},"image":{"@id":"https:\/\/iberoid-shop.com\/fr\/product\/testosterone-enanthate-driada\/#primaryimage"},"thumbnailUrl":"https:\/\/iberoid-shop.com\/wp-content\/uploads\/2024\/10\/testos-driada-medical.webp","datePublished":"2024-10-20T10:29:40+00:00","dateModified":"2024-12-05T20:00:29+00:00","breadcrumb":{"@id":"https:\/\/iberoid-shop.com\/fr\/product\/testosterone-enanthate-driada\/#breadcrumb"},"inLanguage":"fr-FR","potentialAction":[{"@type":"ReadAction","target":[["https:\/\/iberoid-shop.com\/fr\/product\/testosterone-enanthate-driada\/"]]}]},{"@type":"ImageObject","inLanguage":"fr-FR","@id":"https:\/\/iberoid-shop.com\/fr\/product\/testosterone-enanthate-driada\/#primaryimage","url":"https:\/\/iberoid-shop.com\/wp-content\/uploads\/2024\/10\/testos-driada-medical.webp","contentUrl":"https:\/\/iberoid-shop.com\/wp-content\/uploads\/2024\/10\/testos-driada-medical.webp","width":1000,"height":1000},{"@type":"BreadcrumbList","@id":"https:\/\/iberoid-shop.com\/fr\/product\/testosterone-enanthate-driada\/#breadcrumb","itemListElement":[{"@type":"ListItem","position":1,"name":"Portada","item":"https:\/\/iberoid-shop.com\/fr\/"},{"@type":"ListItem","position":2,"name":"Magasin","item":"https:\/\/iberoid-shop.com\/fr\/shop\/"},{"@type":"ListItem","position":3,"name":"Testos 250 mg\/ml (Testosterone Enanthate)"}]},{"@type":"WebSite","@id":"https:\/\/iberoid-shop.com\/fr\/#website","url":"https:\/\/iberoid-shop.com\/fr\/","name":"(Espa\u00f1ol) Esteroides en l\u00ednea","description":"(Espa\u00f1ol) Comprar esteroides en l\u00ednea hoy en Espa\u00f1a y Portugal. Tenemos el mejor servicio al cliente en la industria y los productos de la m\u00e1s alta calidad","potentialAction":[{"@type":"SearchAction","target":{"@type":"EntryPoint","urlTemplate":"https:\/\/iberoid-shop.com\/fr\/?s={search_term_string}"},"query-input":{"@type":"PropertyValueSpecification","valueRequired":true,"valueName":"search_term_string"}}],"inLanguage":"fr-FR"}]},"product_brand":"Driada","product_price_amount":"40.00","product_price_currency":"EUR","og_availability":"out of stock","product_availability":"out of stock","product_condition":"new"},"_links":{"self":[{"href":"https:\/\/iberoid-shop.com\/fr\/wp-json\/wp\/v2\/product\/9728","targetHints":{"allow":["GET"]}}],"collection":[{"href":"https:\/\/iberoid-shop.com\/fr\/wp-json\/wp\/v2\/product"}],"about":[{"href":"https:\/\/iberoid-shop.com\/fr\/wp-json\/wp\/v2\/types\/product"}],"replies":[{"embeddable":true,"href":"https:\/\/iberoid-shop.com\/fr\/wp-json\/wp\/v2\/comments?post=9728"}],"wp:featuredmedia":[{"embeddable":true,"href":"https:\/\/iberoid-shop.com\/fr\/wp-json\/wp\/v2\/media\/9729"}],"wp:attachment":[{"href":"https:\/\/iberoid-shop.com\/fr\/wp-json\/wp\/v2\/media?parent=9728"}],"wp:term":[{"taxonomy":"product_brand","embeddable":true,"href":"https:\/\/iberoid-shop.com\/fr\/wp-json\/wp\/v2\/product_brand?post=9728"},{"taxonomy":"product_cat","embeddable":true,"href":"https:\/\/iberoid-shop.com\/fr\/wp-json\/wp\/v2\/product_cat?post=9728"},{"taxonomy":"product_tag","embeddable":true,"href":"https:\/\/iberoid-shop.com\/fr\/wp-json\/wp\/v2\/product_tag?post=9728"}],"curies":[{"name":"wp","href":"https:\/\/api.w.org\/{rel}","templated":true}]}}