{"id":9717,"date":"2024-10-20T10:12:34","date_gmt":"2024-10-20T10:12:34","guid":{"rendered":"https:\/\/iberoid-shop.com\/?post_type=product&#038;p=9717"},"modified":"2024-11-18T15:13:02","modified_gmt":"2024-11-18T15:13:02","slug":"testosteron-cypionate-driada","status":"publish","type":"product","link":"https:\/\/iberoid-shop.com\/fr\/product\/testosteron-cypionate-driada\/","title":{"rendered":"Cypilos 250 mg\/ml (Testosterone Cypionate)"},"content":{"rendered":"<p><\/p>\n<ul>\n<li><strong>Ingr\u00e9dient actif :<\/strong>\u00a0Testosterone Cypionate<\/li>\n<li><strong>Type :<\/strong>\u00a0St\u00e9ro\u00efde anabolisant (d\u00e9riv\u00e9 de la testost\u00e9rone)<\/li>\n<li><strong>Forme :<\/strong>\u00a0Injections<\/li>\n<li><strong>Huile porteuse :<\/strong>\u00a0Huile de s\u00e9same<\/li>\n<\/ul>\n<h2>Qu&rsquo;est-ce que la Testosterone Cypionate ?<\/h2>\n<p>La Testosterone Cypionate 250 mg est un ester long de la testost\u00e9rone \u2014 l&rsquo;hormone m\u00e2le principale, dont le manque entra\u00eene une perte de masse musculaire, des probl\u00e8mes de puissance et de psych\u00e9, ainsi que d&rsquo;autres probl\u00e8mes de sant\u00e9. Pour compenser la carence en testost\u00e9rone li\u00e9e \u00e0 l&rsquo;\u00e2ge, il vaut la peine de la compl\u00e9ter avec des m\u00e9dicaments injectables.<\/p>\n<p><strong>Testosterone Cypionate<\/strong>\u00a0est une version synth\u00e9tique de l&rsquo;hormone testost\u00e9rone naturellement pr\u00e9sente, utilis\u00e9e principalement dans la th\u00e9rapie hormonale. Elle est administr\u00e9e par injection pour traiter des conditions caus\u00e9es par de faibles niveaux de testost\u00e9rone, comme l&rsquo;hypogonadisme et d&rsquo;autres d\u00e9s\u00e9quilibres hormonaux. Elle est efficace pour favoriser le d\u00e9veloppement sexuel masculin et lutter contre les maladies de d\u00e9p\u00e9rissement musculaire. Ce m\u00e9dicament est g\u00e9n\u00e9ralement prescrit aux personnes diagnostiqu\u00e9es avec une faible testost\u00e9rone, en particulier les hommes qui \u00e9prouvent des sympt\u00f4mes tels qu&rsquo;une libido r\u00e9duite, de la fatigue et une perte de masse musculaire. Il est important pour les patients d&rsquo;utiliser ce m\u00e9dicament sous supervision m\u00e9dicale en raison de ses effets puissants et de la possibilit\u00e9 d&rsquo;effets secondaires.<\/p>\n<p>La Testosterone Cypionate 250 mg est un m\u00e9dicament tr\u00e8s efficace mais de nos jours, il est difficile de le trouver en pharmacie, mais vous pouvez toujours commander la Testosterone Cypionate 250 mg en ligne sur la boutique Driada Medical ou chez des revendeurs officiels.<\/p>\n<h2>Que fait la Testosterone Cypionate<\/h2>\n<p>La Testosterone Cypionate compense le manque de testost\u00e9rone dans le corps en activant les r\u00e9cepteurs correspondants. Une fois inject\u00e9e, la Testosterone Cypionate est lentement lib\u00e9r\u00e9e dans le sang. Elle est convertie en testost\u00e9rone par l&rsquo;enzyme est\u00e9rase.<\/p>\n<p>La testost\u00e9rone circule ensuite dans le sang et p\u00e9n\u00e8tre dans divers tissus du corps. Dans ces tissus, elle se lie \u00e0 des r\u00e9cepteurs androg\u00e8nes sp\u00e9cifiques sur les cellules.<\/p>\n<p>La liaison de la testost\u00e9rone \u00e0 ces r\u00e9cepteurs d\u00e9clenche des modifications de l&rsquo;expression g\u00e9n\u00e9tique. Cela signifie qu&rsquo;elle peut activer ou d\u00e9sactiver certains g\u00e8nes cruciaux pour des processus tels que la synth\u00e8se des prot\u00e9ines et la croissance cellulaire.<\/p>\n<p>Outre l&rsquo;influence sur l&rsquo;expression g\u00e9n\u00e9tique, la testost\u00e9rone peut \u00e9galement activer des voies qui conduisent \u00e0 des changements imm\u00e9diats de la fonction cellulaire sans impliquer de modifications de l&rsquo;ADN.<\/p>\n<p>Les effets globaux de ces actions sont une augmentation de la synth\u00e8se des prot\u00e9ines, ce qui aide \u00e0 la croissance et \u00e0 la r\u00e9cup\u00e9ration musculaire ; la r\u00e9tention d&rsquo;azote, de phosphore et de potassium ; une production accrue de globules rouges ; et des am\u00e9liorations globales de la masse musculaire, de la densit\u00e9 osseuse et de la fonction sexuelle. De plus, elle affecte l&rsquo;humeur et les niveaux d&rsquo;\u00e9nergie, contribuant \u00e0 une r\u00e9duction des sensations de fatigue et de d\u00e9pression chez les individus ayant de faibles niveaux de testost\u00e9rone.<\/p>\n<h2>Avantages et inconv\u00e9nients de la Testosterone Cypionate<\/h2>\n<p>La Testosterone Cypionate est populaire dans les communaut\u00e9s de culturisme : elle favorise une augmentation saine des muscles et aide \u00e0 la perte de graisse, en particulier chez les hommes qui ont du mal \u00e0 voir des b\u00e9n\u00e9fices maximaux de l&rsquo;exercice en raison de faibles niveaux hormonaux.<\/p>\n<p>Et notez que l&rsquo;utilisation de ce st\u00e9ro\u00efde n&rsquo;a de sens que dans le cadre d&rsquo;un mode de vie sain.<\/p>\n<p>Autres avantages de la Testosterone Cypionate :<\/p>\n<ul>\n<li>Augmentation de la libido.<\/li>\n<li>Am\u00e9lioration de l&rsquo;attention.<\/li>\n<li>Grande force, puissance et taille des muscles.<\/li>\n<li>Am\u00e9lioration des performances athl\u00e9tiques.<\/li>\n<li>Am\u00e9lioration de la densit\u00e9 osseuse.<\/li>\n<li>Am\u00e9lioration de l&rsquo;humeur et du bien-\u00eatre mental.<\/li>\n<\/ul>\n<p>La liste des effets secondaires de la testost\u00e9rone est assez longue, mais cela n&rsquo;indique aucun danger particulier de ce m\u00e9dicament. C&rsquo;est l&rsquo;une des hormones androg\u00e8nes-anabolisantes les plus \u00e9tudi\u00e9es et les plus naturelles. L&rsquo;incidence des effets secondaires \u00e0 des doses th\u00e9rapeutiques varie de rare \u00e0 tr\u00e8s rare, et tous les effets secondaires possibles ont \u00e9t\u00e9 connus et \u00e9tudi\u00e9s autant que possible :<\/p>\n<ul>\n<li>Effets secondaires \u0153strog\u00e9niques (caus\u00e9s par l&rsquo;aromatisation).<\/li>\n<li>Augmentation du LDL.<\/li>\n<li>Acn\u00e9.<\/li>\n<li>Perte de cheveux.<\/li>\n<li>Agression.<\/li>\n<li>Anxi\u00e9t\u00e9.<\/li>\n<li>D\u00e9pression.<\/li>\n<li>Troubles du sommeil.<\/li>\n<li>Changements d&rsquo;humeur.<\/li>\n<li>Caillots sanguins.<\/li>\n<li>Probl\u00e8mes de prostate.<\/li>\n<li>Sensibilit\u00e9 des seins.<\/li>\n<li>Bouff\u00e9es de chaleur.<\/li>\n<\/ul>\n<p>Ces effets secondaires tels que la r\u00e9tention d&rsquo;eau accrue, la gyn\u00e9comastie et l&rsquo;accumulation de graisse corporelle peuvent \u00eatre \u00e9limin\u00e9s par l&rsquo;application d&rsquo;Anti-Estrog\u00e8nes.<\/p>\n<p>L&rsquo;acn\u00e9, la peau grasse et l&rsquo;augmentation des poils corporels et faciaux peuvent \u00eatre r\u00e9solus par un nettoyage r\u00e9gulier pour contr\u00f4ler les boutons et l&rsquo;onctuosit\u00e9 et les inhibiteurs de la 5-alpha r\u00e9ductase.<\/p>\n<p>Si un ou plusieurs effets secondaires se produisent, consultez imm\u00e9diatement votre m\u00e9decin !<\/p>\n<h2>Comment utiliser la Testosterone Cypionate<\/h2>\n<p>Voici quelques points sur la fa\u00e7on d&rsquo;utiliser la Testosterone Cypionate :<\/p>\n<ul>\n<li>La Testosterone Cypionate contient des esters longs, elle est donc la plus applicable pour des cycles longs de 6 \u00e0 12 semaines ou plus. Les dosages, selon les objectifs, peuvent commencer \u00e0 partir de 250 mg jusqu&rsquo;\u00e0 plusieurs grammes.<\/li>\n<li>La Testosterone Cypionate a plusieurs contre-indications et pr\u00e9cautions \u00e0 prendre en compte avant utilisation. Elle est contre-indiqu\u00e9e chez les individus atteints de cancer de la prostate ou du sein, car la testost\u00e9rone peut exacerber la croissance tumorale.\u00a0<strong>Les personnes enceintes ou allaitantes doivent \u00e9viter la Testosterone Cypionate en raison du risque potentiel pour le f\u0153tus ou le nourrisson.<\/strong>\u00a0De plus, ceux qui ont une hypersensibilit\u00e9 \u00e0 un composant de la Testosterone Cypionate doivent s&rsquo;abstenir de l&rsquo;utiliser. Une surveillance r\u00e9guli\u00e8re et une supervision m\u00e9dicale sont cruciales pour att\u00e9nuer les risques potentiels.<\/li>\n<li>La Testosterone Cypionate doit \u00eatre stock\u00e9e \u00e0 temp\u00e9rature ambiante, g\u00e9n\u00e9ralement entre 15\u00b0C et 25\u00b0C. \u00c9vitez l&rsquo;exposition \u00e0 des temp\u00e9ratures extr\u00eames. Gardez-la dans un endroit sombre pour la prot\u00e9ger de la lumi\u00e8re et de l&rsquo;humidit\u00e9, qui peuvent d\u00e9grader la Testosterone Cypionate. \u00c9vitez de la congeler et gardez-la hors de la port\u00e9e des enfants et des animaux domestiques.<\/li>\n<\/ul>\n<p>Donc, si votre objectif est d&rsquo;acheter de la testost\u00e9rone de bonne qualit\u00e9 pour la th\u00e9rapie de remplacement hormonal ou des fins de culturisme, vous devriez pr\u00eater attention au produit Driada, dont la qualit\u00e9 a \u00e9t\u00e9 confirm\u00e9e par de nombreux tests de laboratoire.<\/p>\n<p>Driada est une boutique en ligne fiable bas\u00e9e sur la confiance. Alors que nous commen\u00e7ons \u00e0 travailler ensemble, sachez que notre priorit\u00e9 absolue est de cr\u00e9er un partenariat durable et de confiance avec vous. Nous promettons de maintenir l&rsquo;honn\u00eatet\u00e9 et l&rsquo;int\u00e9grit\u00e9 dans toutes nos interactions. Nous serions honor\u00e9s si vous choisissez de nous faire confiance pour vous aider \u00e0 atteindre vos objectifs.<\/p>\n<p>Vous pourriez trouver la Testosterone Cypionate \u00e0 vendre pour le culturisme en ligne, mais seuls les produits Driada sont test\u00e9s en laboratoire et m\u00e9ritent votre confiance. Vous pouvez trouver les tests de laboratoire sur notre site web sur une page produit.<\/p>","protected":false},"excerpt":{"rendered":"<p>Ingr\u00e9dient actif :\u00a0Testosterone Cypionate Type :\u00a0St\u00e9ro\u00efde anabolisant (d\u00e9riv\u00e9 de la testost\u00e9rone) Forme :\u00a0Injections Huile porteuse :\u00a0Huile de s\u00e9same Qu&rsquo;est-ce que<\/p>\n","protected":false},"featured_media":9719,"comment_status":"open","ping_status":"closed","template":"","meta":[],"product_brand":[],"product_cat":[69],"product_tag":[],"class_list":{"0":"post-9717","1":"product","2":"type-product","3":"status-publish","4":"has-post-thumbnail","6":"product_cat-esteroides_inyectables","8":"first","9":"outofstock","10":"sale","11":"shipping-taxable","12":"purchasable","13":"product-type-simple"},"yoast_head":"<!-- This site is optimized with the Yoast SEO Premium plugin v24.4 (Yoast SEO v27.0) - https:\/\/yoast.com\/product\/yoast-seo-premium-wordpress\/ -->\n<title>Cypilos 250 mg\/ml (Testosterone Cypionate) - (Espa\u00f1ol) Esteroides en l\u00ednea<\/title>\n<meta name=\"robots\" content=\"index, follow, max-snippet:-1, max-image-preview:large, max-video-preview:-1\" \/>\n<link rel=\"canonical\" href=\"https:\/\/iberoid-shop.com\/fr\/product\/testosteron-cypionate-driada\/\" \/>\n<meta property=\"og:locale\" content=\"fr_FR\" \/>\n<meta property=\"og:type\" content=\"article\" \/>\n<meta property=\"og:title\" content=\"Cypilos 250 mg\/ml (Testosterone Cypionate)\" \/>\n<meta property=\"og:description\" content=\"Ingr\u00e9dient actif :\u00a0Testosterone Cypionate Type :\u00a0St\u00e9ro\u00efde anabolisant (d\u00e9riv\u00e9 de la testost\u00e9rone) Forme :\u00a0Injections Huile porteuse :\u00a0Huile de s\u00e9same Qu&rsquo;est-ce que\" \/>\n<meta property=\"og:url\" content=\"https:\/\/iberoid-shop.com\/fr\/product\/testosteron-cypionate-driada\/\" \/>\n<meta property=\"og:site_name\" content=\"(Espa\u00f1ol) Esteroides en l\u00ednea\" \/>\n<meta property=\"article:modified_time\" content=\"2024-11-18T15:13:02+00:00\" \/>\n<meta property=\"og:image\" content=\"https:\/\/iberoid-shop.com\/wp-content\/uploads\/2024\/10\/driada-cipi.webp\" \/>\n\t<meta property=\"og:image:width\" content=\"2000\" \/>\n\t<meta property=\"og:image:height\" content=\"2000\" \/>\n\t<meta property=\"og:image:type\" content=\"image\/webp\" \/>\n<meta name=\"twitter:card\" content=\"summary_large_image\" \/>\n<meta name=\"twitter:label1\" content=\"Prix\" \/>\n\t<meta name=\"twitter:data1\" content=\"&euro;40.00\" \/>\n\t<meta name=\"twitter:label2\" content=\"Disponibilit\u00e9\" \/>\n\t<meta name=\"twitter:data2\" content=\"Rupture de stock\" \/>\n<script type=\"application\/ld+json\" class=\"yoast-schema-graph\">{\"@context\":\"https:\/\/schema.org\",\"@graph\":[{\"@type\":\"WebPage\",\"@id\":\"https:\/\/iberoid-shop.com\/fr\/product\/testosteron-cypionate-driada\/\",\"url\":\"https:\/\/iberoid-shop.com\/fr\/product\/testosteron-cypionate-driada\/\",\"name\":\"Cypilos 250 mg\/ml (Testosterone Cypionate) - (Espa\u00f1ol) Esteroides en l\u00ednea\",\"isPartOf\":{\"@id\":\"https:\/\/iberoid-shop.com\/fr\/#website\"},\"primaryImageOfPage\":{\"@id\":\"https:\/\/iberoid-shop.com\/fr\/product\/testosteron-cypionate-driada\/#primaryimage\"},\"image\":{\"@id\":\"https:\/\/iberoid-shop.com\/fr\/product\/testosteron-cypionate-driada\/#primaryimage\"},\"thumbnailUrl\":\"https:\/\/iberoid-shop.com\/wp-content\/uploads\/2024\/10\/driada-cipi.webp\",\"datePublished\":\"2024-10-20T10:12:34+00:00\",\"dateModified\":\"2024-11-18T15:13:02+00:00\",\"breadcrumb\":{\"@id\":\"https:\/\/iberoid-shop.com\/fr\/product\/testosteron-cypionate-driada\/#breadcrumb\"},\"inLanguage\":\"fr-FR\",\"potentialAction\":[{\"@type\":\"ReadAction\",\"target\":[[\"https:\/\/iberoid-shop.com\/fr\/product\/testosteron-cypionate-driada\/\"]]}]},{\"@type\":\"ImageObject\",\"inLanguage\":\"fr-FR\",\"@id\":\"https:\/\/iberoid-shop.com\/fr\/product\/testosteron-cypionate-driada\/#primaryimage\",\"url\":\"https:\/\/iberoid-shop.com\/wp-content\/uploads\/2024\/10\/driada-cipi.webp\",\"contentUrl\":\"https:\/\/iberoid-shop.com\/wp-content\/uploads\/2024\/10\/driada-cipi.webp\",\"width\":2000,\"height\":2000},{\"@type\":\"BreadcrumbList\",\"@id\":\"https:\/\/iberoid-shop.com\/fr\/product\/testosteron-cypionate-driada\/#breadcrumb\",\"itemListElement\":[{\"@type\":\"ListItem\",\"position\":1,\"name\":\"Portada\",\"item\":\"https:\/\/iberoid-shop.com\/fr\/\"},{\"@type\":\"ListItem\",\"position\":2,\"name\":\"Magasin\",\"item\":\"https:\/\/iberoid-shop.com\/fr\/shop\/\"},{\"@type\":\"ListItem\",\"position\":3,\"name\":\"Cypilos 250 mg\/ml (Testosterone Cypionate)\"}]},{\"@type\":\"WebSite\",\"@id\":\"https:\/\/iberoid-shop.com\/fr\/#website\",\"url\":\"https:\/\/iberoid-shop.com\/fr\/\",\"name\":\"(Espa\u00f1ol) Esteroides en l\u00ednea\",\"description\":\"(Espa\u00f1ol) Comprar esteroides en l\u00ednea hoy en Espa\u00f1a y Portugal. Tenemos el mejor servicio al cliente en la industria y los productos de la m\u00e1s alta calidad\",\"potentialAction\":[{\"@type\":\"SearchAction\",\"target\":{\"@type\":\"EntryPoint\",\"urlTemplate\":\"https:\/\/iberoid-shop.com\/fr\/?s={search_term_string}\"},\"query-input\":{\"@type\":\"PropertyValueSpecification\",\"valueRequired\":true,\"valueName\":\"search_term_string\"}}],\"inLanguage\":\"fr-FR\"}]}<\/script>\n<meta property=\"product:brand\" content=\"Driada\" \/>\n<meta property=\"product:price:amount\" content=\"40.00\" \/>\n<meta property=\"product:price:currency\" content=\"EUR\" \/>\n<meta property=\"og:availability\" content=\"out of stock\" \/>\n<meta property=\"product:availability\" content=\"out of stock\" \/>\n<meta property=\"product:condition\" content=\"new\" \/>\n<!-- \/ Yoast SEO Premium plugin. -->","yoast_head_json":{"title":"Cypilos 250 mg\/ml (Testosterone Cypionate) - (Espa\u00f1ol) Esteroides en l\u00ednea","robots":{"index":"index","follow":"follow","max-snippet":"max-snippet:-1","max-image-preview":"max-image-preview:large","max-video-preview":"max-video-preview:-1"},"canonical":"https:\/\/iberoid-shop.com\/fr\/product\/testosteron-cypionate-driada\/","og_locale":"fr_FR","og_type":"article","og_title":"Cypilos 250 mg\/ml (Testosterone Cypionate)","og_description":"Ingr\u00e9dient actif :\u00a0Testosterone Cypionate Type :\u00a0St\u00e9ro\u00efde anabolisant (d\u00e9riv\u00e9 de la testost\u00e9rone) Forme :\u00a0Injections Huile porteuse :\u00a0Huile de s\u00e9same Qu&rsquo;est-ce que","og_url":"https:\/\/iberoid-shop.com\/fr\/product\/testosteron-cypionate-driada\/","og_site_name":"(Espa\u00f1ol) Esteroides en l\u00ednea","article_modified_time":"2024-11-18T15:13:02+00:00","og_image":[{"width":2000,"height":2000,"url":"https:\/\/iberoid-shop.com\/wp-content\/uploads\/2024\/10\/driada-cipi.webp","type":"image\/webp"}],"twitter_card":"summary_large_image","twitter_misc":{"Prix":"&euro;40.00","Disponibilit\u00e9":"Rupture de stock"},"schema":{"@context":"https:\/\/schema.org","@graph":[{"@type":"WebPage","@id":"https:\/\/iberoid-shop.com\/fr\/product\/testosteron-cypionate-driada\/","url":"https:\/\/iberoid-shop.com\/fr\/product\/testosteron-cypionate-driada\/","name":"Cypilos 250 mg\/ml (Testosterone Cypionate) - (Espa\u00f1ol) Esteroides en l\u00ednea","isPartOf":{"@id":"https:\/\/iberoid-shop.com\/fr\/#website"},"primaryImageOfPage":{"@id":"https:\/\/iberoid-shop.com\/fr\/product\/testosteron-cypionate-driada\/#primaryimage"},"image":{"@id":"https:\/\/iberoid-shop.com\/fr\/product\/testosteron-cypionate-driada\/#primaryimage"},"thumbnailUrl":"https:\/\/iberoid-shop.com\/wp-content\/uploads\/2024\/10\/driada-cipi.webp","datePublished":"2024-10-20T10:12:34+00:00","dateModified":"2024-11-18T15:13:02+00:00","breadcrumb":{"@id":"https:\/\/iberoid-shop.com\/fr\/product\/testosteron-cypionate-driada\/#breadcrumb"},"inLanguage":"fr-FR","potentialAction":[{"@type":"ReadAction","target":[["https:\/\/iberoid-shop.com\/fr\/product\/testosteron-cypionate-driada\/"]]}]},{"@type":"ImageObject","inLanguage":"fr-FR","@id":"https:\/\/iberoid-shop.com\/fr\/product\/testosteron-cypionate-driada\/#primaryimage","url":"https:\/\/iberoid-shop.com\/wp-content\/uploads\/2024\/10\/driada-cipi.webp","contentUrl":"https:\/\/iberoid-shop.com\/wp-content\/uploads\/2024\/10\/driada-cipi.webp","width":2000,"height":2000},{"@type":"BreadcrumbList","@id":"https:\/\/iberoid-shop.com\/fr\/product\/testosteron-cypionate-driada\/#breadcrumb","itemListElement":[{"@type":"ListItem","position":1,"name":"Portada","item":"https:\/\/iberoid-shop.com\/fr\/"},{"@type":"ListItem","position":2,"name":"Magasin","item":"https:\/\/iberoid-shop.com\/fr\/shop\/"},{"@type":"ListItem","position":3,"name":"Cypilos 250 mg\/ml (Testosterone Cypionate)"}]},{"@type":"WebSite","@id":"https:\/\/iberoid-shop.com\/fr\/#website","url":"https:\/\/iberoid-shop.com\/fr\/","name":"(Espa\u00f1ol) Esteroides en l\u00ednea","description":"(Espa\u00f1ol) Comprar esteroides en l\u00ednea hoy en Espa\u00f1a y Portugal. Tenemos el mejor servicio al cliente en la industria y los productos de la m\u00e1s alta calidad","potentialAction":[{"@type":"SearchAction","target":{"@type":"EntryPoint","urlTemplate":"https:\/\/iberoid-shop.com\/fr\/?s={search_term_string}"},"query-input":{"@type":"PropertyValueSpecification","valueRequired":true,"valueName":"search_term_string"}}],"inLanguage":"fr-FR"}]},"product_brand":"Driada","product_price_amount":"40.00","product_price_currency":"EUR","og_availability":"out of stock","product_availability":"out of stock","product_condition":"new"},"_links":{"self":[{"href":"https:\/\/iberoid-shop.com\/fr\/wp-json\/wp\/v2\/product\/9717","targetHints":{"allow":["GET"]}}],"collection":[{"href":"https:\/\/iberoid-shop.com\/fr\/wp-json\/wp\/v2\/product"}],"about":[{"href":"https:\/\/iberoid-shop.com\/fr\/wp-json\/wp\/v2\/types\/product"}],"replies":[{"embeddable":true,"href":"https:\/\/iberoid-shop.com\/fr\/wp-json\/wp\/v2\/comments?post=9717"}],"wp:featuredmedia":[{"embeddable":true,"href":"https:\/\/iberoid-shop.com\/fr\/wp-json\/wp\/v2\/media\/9719"}],"wp:attachment":[{"href":"https:\/\/iberoid-shop.com\/fr\/wp-json\/wp\/v2\/media?parent=9717"}],"wp:term":[{"taxonomy":"product_brand","embeddable":true,"href":"https:\/\/iberoid-shop.com\/fr\/wp-json\/wp\/v2\/product_brand?post=9717"},{"taxonomy":"product_cat","embeddable":true,"href":"https:\/\/iberoid-shop.com\/fr\/wp-json\/wp\/v2\/product_cat?post=9717"},{"taxonomy":"product_tag","embeddable":true,"href":"https:\/\/iberoid-shop.com\/fr\/wp-json\/wp\/v2\/product_tag?post=9717"}],"curies":[{"name":"wp","href":"https:\/\/api.w.org\/{rel}","templated":true}]}}