{"id":9715,"date":"2024-10-20T10:09:48","date_gmt":"2024-10-20T10:09:48","guid":{"rendered":"https:\/\/iberoid-shop.com\/?post_type=product&#038;p=9715"},"modified":"2024-11-11T09:34:45","modified_gmt":"2024-11-11T09:34:45","slug":"nandrolone-decanoste-driada","status":"publish","type":"product","link":"https:\/\/iberoid-shop.com\/fr\/product\/nandrolone-decanoste-driada\/","title":{"rendered":"Nandecos 200 mg\/ml (Nandrolone Decanoate)"},"content":{"rendered":"<p><\/p>\n<ul>\n<li><strong>Ingr\u00e9dient actif :<\/strong>\u00a0Nandrolone Decanoate<\/li>\n<li><strong>Type :<\/strong>\u00a0St\u00e9ro\u00efde anabolisant (d\u00e9riv\u00e9 de la 19-nortestost\u00e9rone)<\/li>\n<li><strong>Forme :<\/strong>\u00a0Injection<\/li>\n<li><strong>Huile porteuse :<\/strong>\u00a0Huile de s\u00e9same<\/li>\n<\/ul>\n<h2>Qu&rsquo;est-ce que la Nandrolone Decanoate ?<\/h2>\n<p><strong>Nandrolone Decanoate<\/strong>, commun\u00e9ment connue sous le nom de marque\u00a0<strong>Deca Durabolin<\/strong>, est un st\u00e9ro\u00efde anabolisant androg\u00e8ne (AAS) utilis\u00e9 en m\u00e9decine pour traiter diverses conditions de sant\u00e9, y compris l&rsquo;an\u00e9mie, l&rsquo;ost\u00e9oporose, et certaines formes de n\u00e9oplasies, y compris le cancer du sein. Il est \u00e9galement utilis\u00e9 pour pr\u00e9server la masse maigre chez les patients souffrant de syndromes de d\u00e9p\u00e9rissement ou en cas de br\u00fblures s\u00e9v\u00e8res, de traumatismes ou de traitements corticost\u00e9ro\u00efdes \u00e0 long terme.<\/p>\n<p>Comme la testost\u00e9rone, la nandrolone pr\u00e9sente des propri\u00e9t\u00e9s anabolisantes relativement fortes. Cependant, contrairement \u00e0 la testost\u00e9rone, son activit\u00e9 de construction des tissus est accompagn\u00e9e de propri\u00e9t\u00e9s androg\u00e8nes faibles. Cela est d\u00fb en grande partie \u00e0 la r\u00e9duction de la nandrolone en un st\u00e9ro\u00efde plus faible, la dihydronandrolone, dans les m\u00eames tissus cibles sensibles aux androg\u00e8nes qui potentialisent l&rsquo;action de la testost\u00e9rone (en la convertissant en DHT). Les propri\u00e9t\u00e9s douces de la nandrolone decanoate en ont fait l&rsquo;un des st\u00e9ro\u00efdes injectables les plus populaires dans le monde, tr\u00e8s appr\u00e9ci\u00e9 des athl\u00e8tes pour sa capacit\u00e9 \u00e0 favoriser des gains significatifs de force et de masse musculaire maigre sans effets secondaires androg\u00e9niques ou \u0153strog\u00e9niques forts.<\/p>\n<p>Elle peut \u00eatre trouv\u00e9e en diverses concentrations 50 mg\/ml, 100 mg\/ml, mais la plus courante est la nandrolone decanoate 200mg\/ml.<\/p>\n<p>La nandrolone decanoate 10ml est vendue en flacons, et c&rsquo;est le format le plus courant de ce m\u00e9dicament. M\u00eame si le co\u00fbt de la nandrolone n&rsquo;est pas si \u00e9lev\u00e9, le prix des injections de nandrolone decanoate en flacons est inf\u00e9rieur \u00e0 celui des ampoules, ce qui rend les flacons tr\u00e8s populaires parmi les bodybuilders.<\/p>\n<h2>M\u00e9canisme d&rsquo;action de la Nandrolone Decanoate<\/h2>\n<p>La nandrolone se lie aux r\u00e9cepteurs androg\u00e8nes, am\u00e9liorant la synth\u00e8se des prot\u00e9ines et la r\u00e9tention d&rsquo;azote dans les muscles, conduisant \u00e0 une augmentation de la croissance musculaire. Elle r\u00e9duit les effets cataboliques des hormones glucocortico\u00efdes comme le cortisol et stimule la production d&rsquo;IGF-1, soutenant davantage le d\u00e9veloppement musculaire. Contrairement \u00e0 la testost\u00e9rone, elle se convertit moins en \u0153strog\u00e8ne mais poss\u00e8de une certaine activit\u00e9 progestative, influen\u00e7ant les effets secondaires. La nandrolone am\u00e9liore \u00e9galement la synth\u00e8se du collag\u00e8ne et la densit\u00e9 osseuse, ce qui est b\u00e9n\u00e9fique pour les articulations et la sant\u00e9 osseuse.<\/p>\n<h2>Les avantages de la Nandrolone Decanoate pour le corps<\/h2>\n<p>Parmi les avantages communs \u00e0 tous les st\u00e9ro\u00efdes anabolisants, les avantages uniques de la Nandrolone sont :<\/p>\n<ul>\n<li><strong>Augmentation prononc\u00e9e de la masse musculaire.<\/strong><\/li>\n<li><strong>Am\u00e9lioration de la force.<\/strong><\/li>\n<li><strong>Temps de r\u00e9cup\u00e9ration am\u00e9lior\u00e9<\/strong>\u00a0entre les s\u00e9ries et les s\u00e9ances d&rsquo;entra\u00eenement.<\/li>\n<li><strong>Augmentation de la r\u00e9tention d&rsquo;azote.<\/strong><\/li>\n<li><strong>Augmentation de la synth\u00e8se des prot\u00e9ines<\/strong>\u00a0dans les muscles et r\u00e9duction du d\u00e9p\u00e9rissement musculaire.<\/li>\n<\/ul>\n<h2>Effets secondaires de la Nandrolone<\/h2>\n<p>Avant de consid\u00e9rer l&rsquo;utilisation de la nandrolone, il est essentiel de comprendre ses effets potentiels et ses consid\u00e9rations :<\/p>\n<ul>\n<li><strong>Soutien \u00e0 la sant\u00e9 des articulations et des os.<\/strong>\u00a0La nandrolone aide \u00e0 la sant\u00e9 des articulations et des os en am\u00e9liorant la synth\u00e8se du collag\u00e8ne et la densit\u00e9 osseuse.<\/li>\n<li><strong>Croissance des tissus canc\u00e9reux.<\/strong>\u00a0Les st\u00e9ro\u00efdes peuvent stimuler la croissance des tissus canc\u00e9reux, les rendant inappropri\u00e9s pour les patients masculins atteints de cancer de la prostate ou du sein.<\/li>\n<li><strong>R\u00e9duction de la croissance prostatique.<\/strong>\u00a0Contrairement \u00e0 certains autres st\u00e9ro\u00efdes, la nandrolone peut r\u00e9duire la croissance prostatique, pouvant ainsi att\u00e9nuer les sympt\u00f4mes des voies urinaires inf\u00e9rieures associ\u00e9s \u00e0 des conditions comme l&rsquo;hyperplasie b\u00e9nigne de la prostate (HBP).<\/li>\n<li><strong>R\u00e9duction de l&rsquo;alop\u00e9cie.<\/strong>\u00a0Il existe une possibilit\u00e9 th\u00e9orique de diminution des taux d&rsquo;alop\u00e9cie avec l&rsquo;utilisation de la nandrolone.<\/li>\n<li><strong>Traitement du cancer du sein avanc\u00e9.<\/strong>\u00a0La nandrolone decanoate est utilis\u00e9e dans le traitement du cancer du sein avanc\u00e9, offrant une option th\u00e9rapeutique potentielle pour les patients.<\/li>\n<li><strong>Effets cardiovasculaires.<\/strong>\u00a0La nandrolone decanoate, un st\u00e9ro\u00efde anabolisant, peut avoir des effets cardiovasculaires ind\u00e9sirables. Ceux-ci incluent une augmentation du cholest\u00e9rol LDL (le \u00ab\u00a0mauvais\u00a0\u00bb cholest\u00e9rol) et une diminution du cholest\u00e9rol HDL (le \u00ab\u00a0bon\u00a0\u00bb cholest\u00e9rol), augmentant potentiellement le risque d&rsquo;ath\u00e9roscl\u00e9rose et d&rsquo;\u00e9v\u00e9nements cardiovasculaires. De plus, elle peut \u00e9lever la pression art\u00e9rielle, contribuant davantage \u00e0 la tension cardiovasculaire. La prudence et la surveillance sont essentielles, en particulier pour les individus ayant des conditions cardiovasculaires pr\u00e9existantes.<\/li>\n<li><strong>Toxicit\u00e9 h\u00e9patique.<\/strong>\u00a0\u00c9vitez la consommation d&rsquo;alcool pour att\u00e9nuer les risques de toxicit\u00e9 h\u00e9patique associ\u00e9s \u00e0 l&rsquo;utilisation de la nandrolone.<\/li>\n<li><strong>Virilisation chez les femmes.<\/strong>\u00a0La nandrolone decanoate induit couramment la virilisation chez les femmes, caract\u00e9ris\u00e9e par des sympt\u00f4mes tels que l&rsquo;acn\u00e9, l&rsquo;enrouement de la voix, la croissance excessive des poils du visage\/corps (hirsutisme) et des changements de libido. L&rsquo;hypertrophie clitoridienne, bien que moins fr\u00e9quente, peut \u00e9galement se produire.<\/li>\n<li><strong>Changements d&rsquo;humeur et agressivit\u00e9.<\/strong>\u00a0L&rsquo;utilisation \u00e0 long terme de la nandrolone peut augmenter les niveaux de prolactine dans le sang, entra\u00eenant potentiellement des changements d&rsquo;humeur tels que la d\u00e9pression, la perte d&rsquo;int\u00e9r\u00eat et la fatigue. Des tests sanguins r\u00e9guliers pour surveiller les niveaux de prolactine sont recommand\u00e9s.<\/li>\n<\/ul>\n<h2>Comment utiliser la Nandrolone Decanoate ?<\/h2>\n<p>Cycles et dosage. La nandrolone est parfaite pour les cycles de gain de masse et de force. Un cycle typique peut impliquer des injections hebdomadaires de nandrolone decanoate \u00e0 une dose de 200-400 mg pendant 8-12 semaines. Notez que le decanoate est un ester long, donc il faudra 3-4 semaines pour que des concentrations significatives de nandrolone ne restent plus dans le sang.\u00a0<strong>Il est interdit d&rsquo;utiliser la nandrolone pendant la grossesse; en cas de syndromes oncologiques, une consultation est requise car certains types de cancer peuvent \u00eatre trait\u00e9s avec la nandrolone, cependant, ce sujet d\u00e9passe le cadre de cet article et n\u00e9cessite une supervision m\u00e9dicale.<\/strong><\/p>\n<p>Conservez la Nandrolone Decanoate \u00e0 temp\u00e9rature ambiante, g\u00e9n\u00e9ralement entre 20\u00b0C et 25\u00b0C (68\u00b0F et 77\u00b0F). \u00c9vitez l&rsquo;exposition \u00e0 des temp\u00e9ratures extr\u00eames.<\/p>\n<p>Gardez-la dans un endroit sombre pour la prot\u00e9ger de la lumi\u00e8re et de l&rsquo;humidit\u00e9, qui peuvent d\u00e9grader la Nandrolone Decanoate. \u00c9vitez le gel et gardez-la hors de port\u00e9e des enfants et des animaux domestiques.<\/p>\n<p>Si vous souhaitez r\u00e9cup\u00e9rer d&rsquo;une blessure, acc\u00e9l\u00e9rer la r\u00e9g\u00e9n\u00e9ration des articulations ou prendre du poids, alors la nandrolone est une excellente solution. Les cycles de gain de masse de 8 \u00e0 12 semaines, une rare fr\u00e9quence d&rsquo;effets secondaires et une grande efficacit\u00e9 \u2014 ce sont les principales propri\u00e9t\u00e9s du cycle de nandrolone.<\/p>","protected":false},"excerpt":{"rendered":"<p>Ingr\u00e9dient actif :\u00a0Nandrolone Decanoate Type :\u00a0St\u00e9ro\u00efde anabolisant (d\u00e9riv\u00e9 de la 19-nortestost\u00e9rone) Forme :\u00a0Injection Huile porteuse :\u00a0Huile de s\u00e9same Qu&rsquo;est-ce que<\/p>\n","protected":false},"featured_media":9716,"comment_status":"open","ping_status":"closed","template":"","meta":[],"product_brand":[],"product_cat":[69],"product_tag":[],"class_list":{"0":"post-9715","1":"product","2":"type-product","3":"status-publish","4":"has-post-thumbnail","6":"product_cat-esteroides_inyectables","8":"first","9":"outofstock","10":"sale","11":"shipping-taxable","12":"purchasable","13":"product-type-simple"},"yoast_head":"<!-- This site is optimized with the Yoast SEO Premium plugin v24.4 (Yoast SEO v27.0) - https:\/\/yoast.com\/product\/yoast-seo-premium-wordpress\/ -->\n<title>Nandecos 200 mg\/ml (Nandrolone Decanoate) - (Espa\u00f1ol) Esteroides en l\u00ednea<\/title>\n<meta name=\"robots\" content=\"index, follow, max-snippet:-1, max-image-preview:large, max-video-preview:-1\" \/>\n<link rel=\"canonical\" href=\"https:\/\/iberoid-shop.com\/fr\/product\/nandrolone-decanoste-driada\/\" \/>\n<meta property=\"og:locale\" content=\"fr_FR\" \/>\n<meta property=\"og:type\" content=\"article\" \/>\n<meta property=\"og:title\" content=\"Nandecos 200 mg\/ml (Nandrolone Decanoate)\" \/>\n<meta property=\"og:description\" content=\"Ingr\u00e9dient actif :\u00a0Nandrolone Decanoate Type :\u00a0St\u00e9ro\u00efde anabolisant (d\u00e9riv\u00e9 de la 19-nortestost\u00e9rone) Forme :\u00a0Injection Huile porteuse :\u00a0Huile de s\u00e9same Qu&rsquo;est-ce que\" \/>\n<meta property=\"og:url\" content=\"https:\/\/iberoid-shop.com\/fr\/product\/nandrolone-decanoste-driada\/\" \/>\n<meta property=\"og:site_name\" content=\"(Espa\u00f1ol) Esteroides en l\u00ednea\" \/>\n<meta property=\"article:modified_time\" content=\"2024-11-11T09:34:45+00:00\" \/>\n<meta property=\"og:image\" content=\"https:\/\/iberoid-shop.com\/wp-content\/uploads\/2024\/10\/nandecos-driada-medical.webp\" \/>\n\t<meta property=\"og:image:width\" content=\"1000\" \/>\n\t<meta property=\"og:image:height\" content=\"1000\" \/>\n\t<meta property=\"og:image:type\" content=\"image\/webp\" \/>\n<meta name=\"twitter:card\" content=\"summary_large_image\" \/>\n<meta name=\"twitter:label1\" content=\"Prix\" \/>\n\t<meta name=\"twitter:data1\" content=\"&euro;45.00\" \/>\n\t<meta name=\"twitter:label2\" content=\"Disponibilit\u00e9\" \/>\n\t<meta name=\"twitter:data2\" content=\"Rupture de stock\" \/>\n<script type=\"application\/ld+json\" class=\"yoast-schema-graph\">{\"@context\":\"https:\/\/schema.org\",\"@graph\":[{\"@type\":\"WebPage\",\"@id\":\"https:\/\/iberoid-shop.com\/fr\/product\/nandrolone-decanoste-driada\/\",\"url\":\"https:\/\/iberoid-shop.com\/fr\/product\/nandrolone-decanoste-driada\/\",\"name\":\"Nandecos 200 mg\/ml (Nandrolone Decanoate) - (Espa\u00f1ol) Esteroides en l\u00ednea\",\"isPartOf\":{\"@id\":\"https:\/\/iberoid-shop.com\/fr\/#website\"},\"primaryImageOfPage\":{\"@id\":\"https:\/\/iberoid-shop.com\/fr\/product\/nandrolone-decanoste-driada\/#primaryimage\"},\"image\":{\"@id\":\"https:\/\/iberoid-shop.com\/fr\/product\/nandrolone-decanoste-driada\/#primaryimage\"},\"thumbnailUrl\":\"https:\/\/iberoid-shop.com\/wp-content\/uploads\/2024\/10\/nandecos-driada-medical.webp\",\"datePublished\":\"2024-10-20T10:09:48+00:00\",\"dateModified\":\"2024-11-11T09:34:45+00:00\",\"breadcrumb\":{\"@id\":\"https:\/\/iberoid-shop.com\/fr\/product\/nandrolone-decanoste-driada\/#breadcrumb\"},\"inLanguage\":\"fr-FR\",\"potentialAction\":[{\"@type\":\"ReadAction\",\"target\":[[\"https:\/\/iberoid-shop.com\/fr\/product\/nandrolone-decanoste-driada\/\"]]}]},{\"@type\":\"ImageObject\",\"inLanguage\":\"fr-FR\",\"@id\":\"https:\/\/iberoid-shop.com\/fr\/product\/nandrolone-decanoste-driada\/#primaryimage\",\"url\":\"https:\/\/iberoid-shop.com\/wp-content\/uploads\/2024\/10\/nandecos-driada-medical.webp\",\"contentUrl\":\"https:\/\/iberoid-shop.com\/wp-content\/uploads\/2024\/10\/nandecos-driada-medical.webp\",\"width\":1000,\"height\":1000},{\"@type\":\"BreadcrumbList\",\"@id\":\"https:\/\/iberoid-shop.com\/fr\/product\/nandrolone-decanoste-driada\/#breadcrumb\",\"itemListElement\":[{\"@type\":\"ListItem\",\"position\":1,\"name\":\"Portada\",\"item\":\"https:\/\/iberoid-shop.com\/fr\/\"},{\"@type\":\"ListItem\",\"position\":2,\"name\":\"Magasin\",\"item\":\"https:\/\/iberoid-shop.com\/fr\/shop\/\"},{\"@type\":\"ListItem\",\"position\":3,\"name\":\"Nandecos 200 mg\/ml (Nandrolone Decanoate)\"}]},{\"@type\":\"WebSite\",\"@id\":\"https:\/\/iberoid-shop.com\/fr\/#website\",\"url\":\"https:\/\/iberoid-shop.com\/fr\/\",\"name\":\"(Espa\u00f1ol) Esteroides en l\u00ednea\",\"description\":\"(Espa\u00f1ol) Comprar esteroides en l\u00ednea hoy en Espa\u00f1a y Portugal. Tenemos el mejor servicio al cliente en la industria y los productos de la m\u00e1s alta calidad\",\"potentialAction\":[{\"@type\":\"SearchAction\",\"target\":{\"@type\":\"EntryPoint\",\"urlTemplate\":\"https:\/\/iberoid-shop.com\/fr\/?s={search_term_string}\"},\"query-input\":{\"@type\":\"PropertyValueSpecification\",\"valueRequired\":true,\"valueName\":\"search_term_string\"}}],\"inLanguage\":\"fr-FR\"}]}<\/script>\n<meta property=\"product:brand\" content=\"Driada\" \/>\n<meta property=\"product:price:amount\" content=\"45.00\" \/>\n<meta property=\"product:price:currency\" content=\"EUR\" \/>\n<meta property=\"og:availability\" content=\"out of stock\" \/>\n<meta property=\"product:availability\" content=\"out of stock\" \/>\n<meta property=\"product:condition\" content=\"new\" \/>\n<!-- \/ Yoast SEO Premium plugin. -->","yoast_head_json":{"title":"Nandecos 200 mg\/ml (Nandrolone Decanoate) - (Espa\u00f1ol) Esteroides en l\u00ednea","robots":{"index":"index","follow":"follow","max-snippet":"max-snippet:-1","max-image-preview":"max-image-preview:large","max-video-preview":"max-video-preview:-1"},"canonical":"https:\/\/iberoid-shop.com\/fr\/product\/nandrolone-decanoste-driada\/","og_locale":"fr_FR","og_type":"article","og_title":"Nandecos 200 mg\/ml (Nandrolone Decanoate)","og_description":"Ingr\u00e9dient actif :\u00a0Nandrolone Decanoate Type :\u00a0St\u00e9ro\u00efde anabolisant (d\u00e9riv\u00e9 de la 19-nortestost\u00e9rone) Forme :\u00a0Injection Huile porteuse :\u00a0Huile de s\u00e9same Qu&rsquo;est-ce que","og_url":"https:\/\/iberoid-shop.com\/fr\/product\/nandrolone-decanoste-driada\/","og_site_name":"(Espa\u00f1ol) Esteroides en l\u00ednea","article_modified_time":"2024-11-11T09:34:45+00:00","og_image":[{"width":1000,"height":1000,"url":"https:\/\/iberoid-shop.com\/wp-content\/uploads\/2024\/10\/nandecos-driada-medical.webp","type":"image\/webp"}],"twitter_card":"summary_large_image","twitter_misc":{"Prix":"&euro;45.00","Disponibilit\u00e9":"Rupture de stock"},"schema":{"@context":"https:\/\/schema.org","@graph":[{"@type":"WebPage","@id":"https:\/\/iberoid-shop.com\/fr\/product\/nandrolone-decanoste-driada\/","url":"https:\/\/iberoid-shop.com\/fr\/product\/nandrolone-decanoste-driada\/","name":"Nandecos 200 mg\/ml (Nandrolone Decanoate) - (Espa\u00f1ol) Esteroides en l\u00ednea","isPartOf":{"@id":"https:\/\/iberoid-shop.com\/fr\/#website"},"primaryImageOfPage":{"@id":"https:\/\/iberoid-shop.com\/fr\/product\/nandrolone-decanoste-driada\/#primaryimage"},"image":{"@id":"https:\/\/iberoid-shop.com\/fr\/product\/nandrolone-decanoste-driada\/#primaryimage"},"thumbnailUrl":"https:\/\/iberoid-shop.com\/wp-content\/uploads\/2024\/10\/nandecos-driada-medical.webp","datePublished":"2024-10-20T10:09:48+00:00","dateModified":"2024-11-11T09:34:45+00:00","breadcrumb":{"@id":"https:\/\/iberoid-shop.com\/fr\/product\/nandrolone-decanoste-driada\/#breadcrumb"},"inLanguage":"fr-FR","potentialAction":[{"@type":"ReadAction","target":[["https:\/\/iberoid-shop.com\/fr\/product\/nandrolone-decanoste-driada\/"]]}]},{"@type":"ImageObject","inLanguage":"fr-FR","@id":"https:\/\/iberoid-shop.com\/fr\/product\/nandrolone-decanoste-driada\/#primaryimage","url":"https:\/\/iberoid-shop.com\/wp-content\/uploads\/2024\/10\/nandecos-driada-medical.webp","contentUrl":"https:\/\/iberoid-shop.com\/wp-content\/uploads\/2024\/10\/nandecos-driada-medical.webp","width":1000,"height":1000},{"@type":"BreadcrumbList","@id":"https:\/\/iberoid-shop.com\/fr\/product\/nandrolone-decanoste-driada\/#breadcrumb","itemListElement":[{"@type":"ListItem","position":1,"name":"Portada","item":"https:\/\/iberoid-shop.com\/fr\/"},{"@type":"ListItem","position":2,"name":"Magasin","item":"https:\/\/iberoid-shop.com\/fr\/shop\/"},{"@type":"ListItem","position":3,"name":"Nandecos 200 mg\/ml (Nandrolone Decanoate)"}]},{"@type":"WebSite","@id":"https:\/\/iberoid-shop.com\/fr\/#website","url":"https:\/\/iberoid-shop.com\/fr\/","name":"(Espa\u00f1ol) Esteroides en l\u00ednea","description":"(Espa\u00f1ol) Comprar esteroides en l\u00ednea hoy en Espa\u00f1a y Portugal. Tenemos el mejor servicio al cliente en la industria y los productos de la m\u00e1s alta calidad","potentialAction":[{"@type":"SearchAction","target":{"@type":"EntryPoint","urlTemplate":"https:\/\/iberoid-shop.com\/fr\/?s={search_term_string}"},"query-input":{"@type":"PropertyValueSpecification","valueRequired":true,"valueName":"search_term_string"}}],"inLanguage":"fr-FR"}]},"product_brand":"Driada","product_price_amount":"45.00","product_price_currency":"EUR","og_availability":"out of stock","product_availability":"out of stock","product_condition":"new"},"_links":{"self":[{"href":"https:\/\/iberoid-shop.com\/fr\/wp-json\/wp\/v2\/product\/9715","targetHints":{"allow":["GET"]}}],"collection":[{"href":"https:\/\/iberoid-shop.com\/fr\/wp-json\/wp\/v2\/product"}],"about":[{"href":"https:\/\/iberoid-shop.com\/fr\/wp-json\/wp\/v2\/types\/product"}],"replies":[{"embeddable":true,"href":"https:\/\/iberoid-shop.com\/fr\/wp-json\/wp\/v2\/comments?post=9715"}],"wp:featuredmedia":[{"embeddable":true,"href":"https:\/\/iberoid-shop.com\/fr\/wp-json\/wp\/v2\/media\/9716"}],"wp:attachment":[{"href":"https:\/\/iberoid-shop.com\/fr\/wp-json\/wp\/v2\/media?parent=9715"}],"wp:term":[{"taxonomy":"product_brand","embeddable":true,"href":"https:\/\/iberoid-shop.com\/fr\/wp-json\/wp\/v2\/product_brand?post=9715"},{"taxonomy":"product_cat","embeddable":true,"href":"https:\/\/iberoid-shop.com\/fr\/wp-json\/wp\/v2\/product_cat?post=9715"},{"taxonomy":"product_tag","embeddable":true,"href":"https:\/\/iberoid-shop.com\/fr\/wp-json\/wp\/v2\/product_tag?post=9715"}],"curies":[{"name":"wp","href":"https:\/\/api.w.org\/{rel}","templated":true}]}}