{"id":9707,"date":"2024-10-14T06:50:11","date_gmt":"2024-10-14T06:50:11","guid":{"rendered":"https:\/\/iberoid-shop.com\/?post_type=product&#038;p=9707"},"modified":"2026-01-11T17:37:18","modified_gmt":"2026-01-11T17:37:18","slug":"deca-durabolin-50mg-ml","status":"publish","type":"product","link":"https:\/\/iberoid-shop.com\/fr\/product\/deca-durabolin-50mg-ml\/","title":{"rendered":"DECA DURABOLIN &#8211; 50mg\/ml"},"content":{"rendered":"<p><strong>D\u00c9CA-DURABOLINE &#8211; 50 mg\/ml<\/strong><\/p>\n<p>DECA DURABOLIN est un st\u00e9ro\u00efde anabolisant bien connu qui contient du d\u00e9canoate de nandrolone, un compos\u00e9 puissant utilis\u00e9 principalement pour la croissance et la r\u00e9cup\u00e9ration musculaire. Avec une concentration de 50 mg\/ml, cette solution injectable favorise une augmentation significative de la masse musculaire maigre, am\u00e9liore la force et am\u00e9liore les performances sportives globales.<\/p>\n<p><strong>Principales caract\u00e9ristiques de DECA DURABOLIN &#8211; 50 mg\/ml :<\/strong><\/p>\n<ul>\n<li><strong>Croissance musculaire : <\/strong>DECA est reconnu pour sa capacit\u00e9 \u00e0 favoriser des gains substantiels en termes de taille et de force musculaire.<\/li>\n<li><strong>Sant\u00e9 des articulations : <\/strong>Souvent utilis\u00e9 pour soulager les douleurs articulaires, il offre une lubrification et un confort suppl\u00e9mentaires pendant les entra\u00eenements intenses.<\/li>\n<li><strong>Propri\u00e9t\u00e9s anaboliques : <\/strong>Avec un rapport anabolisant\/androg\u00e8ne favorable, il aide \u00e0 d\u00e9velopper les muscles avec moins d\u2019effets secondaires androg\u00e8nes par rapport aux autres st\u00e9ro\u00efdes.<\/li>\n<li><strong>Longue demi-vie : <\/strong>sa lib\u00e9ration prolong\u00e9e permet des injections moins fr\u00e9quentes, ce qui la rend pratique pour les utilisateurs.<\/li>\n<\/ul>\n<p><strong>Utilisation : <\/strong>DECA DURABOLIN est g\u00e9n\u00e9ralement utilis\u00e9 dans les cycles de prise de masse, souvent associ\u00e9 \u00e0 d&rsquo;autres st\u00e9ro\u00efdes pour de meilleurs r\u00e9sultats. Il est essentiel de suivre les directives de dosage appropri\u00e9es et la th\u00e9rapie post-cycle pour att\u00e9nuer les effets secondaires potentiels.<\/p>","protected":false},"excerpt":{"rendered":"<p>D\u00c9CA-DURABOLINE &#8211; 50 mg\/ml DECA DURABOLIN est un st\u00e9ro\u00efde anabolisant bien connu qui contient du d\u00e9canoate de nandrolone, un compos\u00e9<\/p>\n","protected":false},"featured_media":9708,"comment_status":"open","ping_status":"closed","template":"","meta":[],"product_brand":[],"product_cat":[69],"product_tag":[],"class_list":{"0":"post-9707","1":"product","2":"type-product","3":"status-publish","4":"has-post-thumbnail","6":"product_cat-esteroides_inyectables","8":"first","9":"outofstock","10":"sale","11":"shipping-taxable","12":"purchasable","13":"product-type-simple"},"yoast_head":"<!-- This site is optimized with the Yoast SEO Premium plugin v24.4 (Yoast SEO v27.0) - https:\/\/yoast.com\/product\/yoast-seo-premium-wordpress\/ -->\n<title>DECA DURABOLIN - 50mg\/ml - (Espa\u00f1ol) Esteroides en l\u00ednea<\/title>\n<meta name=\"description\" content=\"DECA DURABOLIN - 50mg\/ml est un st\u00e9ro\u00efde anabolisant bien connu qui contient du D\u00e9canate de Nandrolone, un compos\u00e9 puissant utilis\u00e9 principalement pour la croissance musculaire.\" \/>\n<meta name=\"robots\" content=\"index, follow, max-snippet:-1, max-image-preview:large, max-video-preview:-1\" \/>\n<link rel=\"canonical\" href=\"https:\/\/iberoid-shop.com\/fr\/product\/deca-durabolin-50mg-ml\/\" \/>\n<meta property=\"og:locale\" content=\"fr_FR\" \/>\n<meta property=\"og:type\" content=\"article\" \/>\n<meta property=\"og:title\" content=\"DECA DURABOLIN - 50mg\/ml\" \/>\n<meta property=\"og:description\" content=\"DECA DURABOLIN - 50mg\/ml est un st\u00e9ro\u00efde anabolisant bien connu qui contient du D\u00e9canate de Nandrolone, un compos\u00e9 puissant utilis\u00e9 principalement pour la croissance musculaire.\" \/>\n<meta property=\"og:url\" content=\"https:\/\/iberoid-shop.com\/fr\/product\/deca-durabolin-50mg-ml\/\" \/>\n<meta property=\"og:site_name\" content=\"(Espa\u00f1ol) Esteroides en l\u00ednea\" \/>\n<meta property=\"article:modified_time\" content=\"2026-01-11T17:37:18+00:00\" \/>\n<meta property=\"og:image\" content=\"https:\/\/iberoid-shop.com\/wp-content\/uploads\/2024\/10\/Deca-durabolin.jpg?v=1728888591\" \/>\n\t<meta property=\"og:image:width\" content=\"801\" \/>\n\t<meta property=\"og:image:height\" content=\"933\" \/>\n\t<meta property=\"og:image:type\" content=\"image\/jpeg\" \/>\n<meta name=\"twitter:card\" content=\"summary_large_image\" \/>\n<meta name=\"twitter:label1\" content=\"Prix\" \/>\n\t<meta name=\"twitter:data1\" content=\"&euro;15.00\" \/>\n\t<meta name=\"twitter:label2\" content=\"Disponibilit\u00e9\" \/>\n\t<meta name=\"twitter:data2\" content=\"Rupture de stock\" \/>\n<script type=\"application\/ld+json\" class=\"yoast-schema-graph\">{\"@context\":\"https:\/\/schema.org\",\"@graph\":[{\"@type\":\"WebPage\",\"@id\":\"https:\/\/iberoid-shop.com\/fr\/product\/deca-durabolin-50mg-ml\/\",\"url\":\"https:\/\/iberoid-shop.com\/fr\/product\/deca-durabolin-50mg-ml\/\",\"name\":\"DECA DURABOLIN - 50mg\/ml - (Espa\u00f1ol) Esteroides en l\u00ednea\",\"isPartOf\":{\"@id\":\"https:\/\/iberoid-shop.com\/fr\/#website\"},\"primaryImageOfPage\":{\"@id\":\"https:\/\/iberoid-shop.com\/fr\/product\/deca-durabolin-50mg-ml\/#primaryimage\"},\"image\":{\"@id\":\"https:\/\/iberoid-shop.com\/fr\/product\/deca-durabolin-50mg-ml\/#primaryimage\"},\"thumbnailUrl\":\"https:\/\/iberoid-shop.com\/wp-content\/uploads\/2024\/10\/Deca-durabolin.jpg?v=1728888591\",\"datePublished\":\"2024-10-14T06:50:11+00:00\",\"dateModified\":\"2026-01-11T17:37:18+00:00\",\"description\":\"DECA DURABOLIN - 50mg\/ml est un st\u00e9ro\u00efde anabolisant bien connu qui contient du D\u00e9canate de Nandrolone, un compos\u00e9 puissant utilis\u00e9 principalement pour la croissance musculaire.\",\"breadcrumb\":{\"@id\":\"https:\/\/iberoid-shop.com\/fr\/product\/deca-durabolin-50mg-ml\/#breadcrumb\"},\"inLanguage\":\"fr-FR\",\"potentialAction\":[{\"@type\":\"ReadAction\",\"target\":[[\"https:\/\/iberoid-shop.com\/fr\/product\/deca-durabolin-50mg-ml\/\"]]}]},{\"@type\":\"ImageObject\",\"inLanguage\":\"fr-FR\",\"@id\":\"https:\/\/iberoid-shop.com\/fr\/product\/deca-durabolin-50mg-ml\/#primaryimage\",\"url\":\"https:\/\/iberoid-shop.com\/wp-content\/uploads\/2024\/10\/Deca-durabolin.jpg?v=1728888591\",\"contentUrl\":\"https:\/\/iberoid-shop.com\/wp-content\/uploads\/2024\/10\/Deca-durabolin.jpg?v=1728888591\",\"width\":801,\"height\":933,\"caption\":\"DECA DURABOLIN - 50mg\/ml\"},{\"@type\":\"BreadcrumbList\",\"@id\":\"https:\/\/iberoid-shop.com\/fr\/product\/deca-durabolin-50mg-ml\/#breadcrumb\",\"itemListElement\":[{\"@type\":\"ListItem\",\"position\":1,\"name\":\"Portada\",\"item\":\"https:\/\/iberoid-shop.com\/fr\/\"},{\"@type\":\"ListItem\",\"position\":2,\"name\":\"Magasin\",\"item\":\"https:\/\/iberoid-shop.com\/fr\/shop\/\"},{\"@type\":\"ListItem\",\"position\":3,\"name\":\"DECA DURABOLIN &#8211; 50mg\/ml\"}]},{\"@type\":\"WebSite\",\"@id\":\"https:\/\/iberoid-shop.com\/fr\/#website\",\"url\":\"https:\/\/iberoid-shop.com\/fr\/\",\"name\":\"(Espa\u00f1ol) Esteroides en l\u00ednea\",\"description\":\"(Espa\u00f1ol) Comprar esteroides en l\u00ednea hoy en Espa\u00f1a y Portugal. Tenemos el mejor servicio al cliente en la industria y los productos de la m\u00e1s alta calidad\",\"potentialAction\":[{\"@type\":\"SearchAction\",\"target\":{\"@type\":\"EntryPoint\",\"urlTemplate\":\"https:\/\/iberoid-shop.com\/fr\/?s={search_term_string}\"},\"query-input\":{\"@type\":\"PropertyValueSpecification\",\"valueRequired\":true,\"valueName\":\"search_term_string\"}}],\"inLanguage\":\"fr-FR\"}]}<\/script>\n<meta property=\"product:brand\" content=\"ASPEN\" \/>\n<meta property=\"product:price:amount\" content=\"15.00\" \/>\n<meta property=\"product:price:currency\" content=\"EUR\" \/>\n<meta property=\"og:availability\" content=\"out of stock\" \/>\n<meta property=\"product:availability\" content=\"out of stock\" \/>\n<meta property=\"product:condition\" content=\"new\" \/>\n<!-- \/ Yoast SEO Premium plugin. -->","yoast_head_json":{"title":"DECA DURABOLIN - 50mg\/ml - (Espa\u00f1ol) Esteroides en l\u00ednea","description":"DECA DURABOLIN - 50mg\/ml est un st\u00e9ro\u00efde anabolisant bien connu qui contient du D\u00e9canate de Nandrolone, un compos\u00e9 puissant utilis\u00e9 principalement pour la croissance musculaire.","robots":{"index":"index","follow":"follow","max-snippet":"max-snippet:-1","max-image-preview":"max-image-preview:large","max-video-preview":"max-video-preview:-1"},"canonical":"https:\/\/iberoid-shop.com\/fr\/product\/deca-durabolin-50mg-ml\/","og_locale":"fr_FR","og_type":"article","og_title":"DECA DURABOLIN - 50mg\/ml","og_description":"DECA DURABOLIN - 50mg\/ml est un st\u00e9ro\u00efde anabolisant bien connu qui contient du D\u00e9canate de Nandrolone, un compos\u00e9 puissant utilis\u00e9 principalement pour la croissance musculaire.","og_url":"https:\/\/iberoid-shop.com\/fr\/product\/deca-durabolin-50mg-ml\/","og_site_name":"(Espa\u00f1ol) Esteroides en l\u00ednea","article_modified_time":"2026-01-11T17:37:18+00:00","og_image":[{"width":801,"height":933,"url":"https:\/\/iberoid-shop.com\/wp-content\/uploads\/2024\/10\/Deca-durabolin.jpg?v=1728888591","type":"image\/jpeg"}],"twitter_card":"summary_large_image","twitter_misc":{"Prix":"&euro;15.00","Disponibilit\u00e9":"Rupture de stock"},"schema":{"@context":"https:\/\/schema.org","@graph":[{"@type":"WebPage","@id":"https:\/\/iberoid-shop.com\/fr\/product\/deca-durabolin-50mg-ml\/","url":"https:\/\/iberoid-shop.com\/fr\/product\/deca-durabolin-50mg-ml\/","name":"DECA DURABOLIN - 50mg\/ml - (Espa\u00f1ol) Esteroides en l\u00ednea","isPartOf":{"@id":"https:\/\/iberoid-shop.com\/fr\/#website"},"primaryImageOfPage":{"@id":"https:\/\/iberoid-shop.com\/fr\/product\/deca-durabolin-50mg-ml\/#primaryimage"},"image":{"@id":"https:\/\/iberoid-shop.com\/fr\/product\/deca-durabolin-50mg-ml\/#primaryimage"},"thumbnailUrl":"https:\/\/iberoid-shop.com\/wp-content\/uploads\/2024\/10\/Deca-durabolin.jpg?v=1728888591","datePublished":"2024-10-14T06:50:11+00:00","dateModified":"2026-01-11T17:37:18+00:00","description":"DECA DURABOLIN - 50mg\/ml est un st\u00e9ro\u00efde anabolisant bien connu qui contient du D\u00e9canate de Nandrolone, un compos\u00e9 puissant utilis\u00e9 principalement pour la croissance musculaire.","breadcrumb":{"@id":"https:\/\/iberoid-shop.com\/fr\/product\/deca-durabolin-50mg-ml\/#breadcrumb"},"inLanguage":"fr-FR","potentialAction":[{"@type":"ReadAction","target":[["https:\/\/iberoid-shop.com\/fr\/product\/deca-durabolin-50mg-ml\/"]]}]},{"@type":"ImageObject","inLanguage":"fr-FR","@id":"https:\/\/iberoid-shop.com\/fr\/product\/deca-durabolin-50mg-ml\/#primaryimage","url":"https:\/\/iberoid-shop.com\/wp-content\/uploads\/2024\/10\/Deca-durabolin.jpg?v=1728888591","contentUrl":"https:\/\/iberoid-shop.com\/wp-content\/uploads\/2024\/10\/Deca-durabolin.jpg?v=1728888591","width":801,"height":933,"caption":"DECA DURABOLIN - 50mg\/ml"},{"@type":"BreadcrumbList","@id":"https:\/\/iberoid-shop.com\/fr\/product\/deca-durabolin-50mg-ml\/#breadcrumb","itemListElement":[{"@type":"ListItem","position":1,"name":"Portada","item":"https:\/\/iberoid-shop.com\/fr\/"},{"@type":"ListItem","position":2,"name":"Magasin","item":"https:\/\/iberoid-shop.com\/fr\/shop\/"},{"@type":"ListItem","position":3,"name":"DECA DURABOLIN &#8211; 50mg\/ml"}]},{"@type":"WebSite","@id":"https:\/\/iberoid-shop.com\/fr\/#website","url":"https:\/\/iberoid-shop.com\/fr\/","name":"(Espa\u00f1ol) Esteroides en l\u00ednea","description":"(Espa\u00f1ol) Comprar esteroides en l\u00ednea hoy en Espa\u00f1a y Portugal. Tenemos el mejor servicio al cliente en la industria y los productos de la m\u00e1s alta calidad","potentialAction":[{"@type":"SearchAction","target":{"@type":"EntryPoint","urlTemplate":"https:\/\/iberoid-shop.com\/fr\/?s={search_term_string}"},"query-input":{"@type":"PropertyValueSpecification","valueRequired":true,"valueName":"search_term_string"}}],"inLanguage":"fr-FR"}]},"product_brand":"ASPEN","product_price_amount":"15.00","product_price_currency":"EUR","og_availability":"out of stock","product_availability":"out of stock","product_condition":"new"},"_links":{"self":[{"href":"https:\/\/iberoid-shop.com\/fr\/wp-json\/wp\/v2\/product\/9707","targetHints":{"allow":["GET"]}}],"collection":[{"href":"https:\/\/iberoid-shop.com\/fr\/wp-json\/wp\/v2\/product"}],"about":[{"href":"https:\/\/iberoid-shop.com\/fr\/wp-json\/wp\/v2\/types\/product"}],"replies":[{"embeddable":true,"href":"https:\/\/iberoid-shop.com\/fr\/wp-json\/wp\/v2\/comments?post=9707"}],"wp:featuredmedia":[{"embeddable":true,"href":"https:\/\/iberoid-shop.com\/fr\/wp-json\/wp\/v2\/media\/9708"}],"wp:attachment":[{"href":"https:\/\/iberoid-shop.com\/fr\/wp-json\/wp\/v2\/media?parent=9707"}],"wp:term":[{"taxonomy":"product_brand","embeddable":true,"href":"https:\/\/iberoid-shop.com\/fr\/wp-json\/wp\/v2\/product_brand?post=9707"},{"taxonomy":"product_cat","embeddable":true,"href":"https:\/\/iberoid-shop.com\/fr\/wp-json\/wp\/v2\/product_cat?post=9707"},{"taxonomy":"product_tag","embeddable":true,"href":"https:\/\/iberoid-shop.com\/fr\/wp-json\/wp\/v2\/product_tag?post=9707"}],"curies":[{"name":"wp","href":"https:\/\/api.w.org\/{rel}","templated":true}]}}