{"id":9701,"date":"2024-10-11T11:44:21","date_gmt":"2024-10-11T11:44:21","guid":{"rendered":"https:\/\/iberoid-shop.com\/?post_type=product&#038;p=9701"},"modified":"2026-02-08T11:03:03","modified_gmt":"2026-02-08T11:03:03","slug":"cabergoged-cabergolina-20tabs-05mg","status":"publish","type":"product","link":"https:\/\/iberoid-shop.com\/fr\/product\/cabergoged-cabergolina-20tabs-05mg\/","title":{"rendered":"CABERGOGED (CABERGOLINA)  20tabs &#8211; 0,5mg"},"content":{"rendered":"<p>CABERGOGED contient de la cabergoline et appartient \u00e0 un groupe de m\u00e9dicaments appel\u00e9s \u00ab agonistes dopaminergiques \u00bb. La dopamine est produite naturellement dans le corps humain et aide \u00e0 transmettre des messages au cerveau. La cabergoline imite l&rsquo;action de la dopamine en r\u00e9duisant la production de prolactine dans le sang. La prolactine est l&rsquo;hormone qui stimule la production de lait maternel.<\/p>\n<p>Cabergoline est utilis\u00e9 pour arr\u00eater la lactation dans la p\u00e9riode qui suit imm\u00e9diatement la naissance de l&rsquo;enfant, un avortement ou une interruption de grossesse. Il peut \u00e9galement \u00eatre utilis\u00e9 si vous allaitez d\u00e9j\u00e0 mais que vous ne souhaitez pas continuer \u00e0 allaiter.<\/p>\n<p>La cabergoline peut \u00e9galement \u00eatre utilis\u00e9e pour d\u2019autres affections caus\u00e9es par des troubles hormonaux pouvant entra\u00eener une augmentation de la concentration de prolactine. Cela inclut des taux \u00e9lev\u00e9s de prolactine caus\u00e9s par des tumeurs hypophysaires chez les hommes et les femmes.<\/p>","protected":false},"excerpt":{"rendered":"<p>CABERGOGED contient de la cabergoline et appartient \u00e0 un groupe de m\u00e9dicaments appel\u00e9s \u00ab agonistes dopaminergiques \u00bb. La dopamine est<\/p>\n","protected":false},"featured_media":9702,"comment_status":"open","ping_status":"closed","template":"","meta":[],"product_brand":[],"product_cat":[73],"product_tag":[],"class_list":{"0":"post-9701","1":"product","2":"type-product","3":"status-publish","4":"has-post-thumbnail","6":"product_cat-ssteroides_orales","8":"first","9":"instock","10":"sale","11":"shipping-taxable","12":"purchasable","13":"product-type-simple"},"yoast_head":"<!-- This site is optimized with the Yoast SEO Premium plugin v24.4 (Yoast SEO v27.0) - https:\/\/yoast.com\/product\/yoast-seo-premium-wordpress\/ -->\n<title>CABERGOGED (CABERGOLINA) 20tabs - 0,5mg - (Espa\u00f1ol) Esteroides en l\u00ednea<\/title>\n<meta name=\"description\" content=\"CABERGOGED, contenant de la cabergoline, est un agoniste de la dopamine qui imite la dopamine pour r\u00e9duire les niveaux de prolactine. Il arr\u00eate la lactation apr\u00e8s l&#039;accouchement, un avortement ou une fausse couche, et traite les troubles hormonaux comme l&#039;hyperprolactin\u00e9mie caus\u00e9e par des tumeurs hypophysaires.\" \/>\n<meta name=\"robots\" content=\"index, follow, max-snippet:-1, max-image-preview:large, max-video-preview:-1\" \/>\n<link rel=\"canonical\" href=\"https:\/\/iberoid-shop.com\/fr\/product\/cabergoged-cabergolina-20tabs-05mg\/\" \/>\n<meta property=\"og:locale\" content=\"fr_FR\" \/>\n<meta property=\"og:type\" content=\"article\" \/>\n<meta property=\"og:title\" content=\"CABERGOGED (CABERGOLINA) 20tabs - 0,5mg\" \/>\n<meta property=\"og:description\" content=\"CABERGOGED, contenant de la cabergoline, est un agoniste de la dopamine qui imite la dopamine pour r\u00e9duire les niveaux de prolactine. Il arr\u00eate la lactation apr\u00e8s l&#039;accouchement, un avortement ou une fausse couche, et traite les troubles hormonaux comme l&#039;hyperprolactin\u00e9mie caus\u00e9e par des tumeurs hypophysaires.\" \/>\n<meta property=\"og:url\" content=\"https:\/\/iberoid-shop.com\/fr\/product\/cabergoged-cabergolina-20tabs-05mg\/\" \/>\n<meta property=\"og:site_name\" content=\"(Espa\u00f1ol) Esteroides en l\u00ednea\" \/>\n<meta property=\"article:modified_time\" content=\"2026-02-08T11:03:03+00:00\" \/>\n<meta property=\"og:image\" content=\"https:\/\/iberoid-shop.com\/wp-content\/uploads\/2024\/10\/ceberg.jpg?v=1728647117\" \/>\n\t<meta property=\"og:image:width\" content=\"901\" \/>\n\t<meta property=\"og:image:height\" content=\"741\" \/>\n\t<meta property=\"og:image:type\" content=\"image\/jpeg\" \/>\n<meta name=\"twitter:card\" content=\"summary_large_image\" \/>\n<meta name=\"twitter:label1\" content=\"Prix\" \/>\n\t<meta name=\"twitter:data1\" content=\"&euro;25.00\" \/>\n\t<meta name=\"twitter:label2\" content=\"Disponibilit\u00e9\" \/>\n\t<meta name=\"twitter:data2\" content=\"En stock\" \/>\n<script type=\"application\/ld+json\" class=\"yoast-schema-graph\">{\"@context\":\"https:\/\/schema.org\",\"@graph\":[{\"@type\":\"WebPage\",\"@id\":\"https:\/\/iberoid-shop.com\/fr\/product\/cabergoged-cabergolina-20tabs-05mg\/\",\"url\":\"https:\/\/iberoid-shop.com\/fr\/product\/cabergoged-cabergolina-20tabs-05mg\/\",\"name\":\"CABERGOGED (CABERGOLINA) 20tabs - 0,5mg - (Espa\u00f1ol) Esteroides en l\u00ednea\",\"isPartOf\":{\"@id\":\"https:\/\/iberoid-shop.com\/fr\/#website\"},\"primaryImageOfPage\":{\"@id\":\"https:\/\/iberoid-shop.com\/fr\/product\/cabergoged-cabergolina-20tabs-05mg\/#primaryimage\"},\"image\":{\"@id\":\"https:\/\/iberoid-shop.com\/fr\/product\/cabergoged-cabergolina-20tabs-05mg\/#primaryimage\"},\"thumbnailUrl\":\"https:\/\/iberoid-shop.com\/wp-content\/uploads\/2024\/10\/ceberg.jpg?v=1728647117\",\"datePublished\":\"2024-10-11T11:44:21+00:00\",\"dateModified\":\"2026-02-08T11:03:03+00:00\",\"description\":\"CABERGOGED, contenant de la cabergoline, est un agoniste de la dopamine qui imite la dopamine pour r\u00e9duire les niveaux de prolactine. Il arr\u00eate la lactation apr\u00e8s l'accouchement, un avortement ou une fausse couche, et traite les troubles hormonaux comme l'hyperprolactin\u00e9mie caus\u00e9e par des tumeurs hypophysaires.\",\"breadcrumb\":{\"@id\":\"https:\/\/iberoid-shop.com\/fr\/product\/cabergoged-cabergolina-20tabs-05mg\/#breadcrumb\"},\"inLanguage\":\"fr-FR\",\"potentialAction\":[{\"@type\":\"ReadAction\",\"target\":[[\"https:\/\/iberoid-shop.com\/fr\/product\/cabergoged-cabergolina-20tabs-05mg\/\"]]}]},{\"@type\":\"ImageObject\",\"inLanguage\":\"fr-FR\",\"@id\":\"https:\/\/iberoid-shop.com\/fr\/product\/cabergoged-cabergolina-20tabs-05mg\/#primaryimage\",\"url\":\"https:\/\/iberoid-shop.com\/wp-content\/uploads\/2024\/10\/ceberg.jpg?v=1728647117\",\"contentUrl\":\"https:\/\/iberoid-shop.com\/wp-content\/uploads\/2024\/10\/ceberg.jpg?v=1728647117\",\"width\":901,\"height\":741,\"caption\":\"CABERGOGED\"},{\"@type\":\"BreadcrumbList\",\"@id\":\"https:\/\/iberoid-shop.com\/fr\/product\/cabergoged-cabergolina-20tabs-05mg\/#breadcrumb\",\"itemListElement\":[{\"@type\":\"ListItem\",\"position\":1,\"name\":\"Portada\",\"item\":\"https:\/\/iberoid-shop.com\/fr\/\"},{\"@type\":\"ListItem\",\"position\":2,\"name\":\"Magasin\",\"item\":\"https:\/\/iberoid-shop.com\/fr\/shop\/\"},{\"@type\":\"ListItem\",\"position\":3,\"name\":\"CABERGOGED (CABERGOLINA) 20tabs &#8211; 0,5mg\"}]},{\"@type\":\"WebSite\",\"@id\":\"https:\/\/iberoid-shop.com\/fr\/#website\",\"url\":\"https:\/\/iberoid-shop.com\/fr\/\",\"name\":\"(Espa\u00f1ol) Esteroides en l\u00ednea\",\"description\":\"(Espa\u00f1ol) Comprar esteroides en l\u00ednea hoy en Espa\u00f1a y Portugal. Tenemos el mejor servicio al cliente en la industria y los productos de la m\u00e1s alta calidad\",\"potentialAction\":[{\"@type\":\"SearchAction\",\"target\":{\"@type\":\"EntryPoint\",\"urlTemplate\":\"https:\/\/iberoid-shop.com\/fr\/?s={search_term_string}\"},\"query-input\":{\"@type\":\"PropertyValueSpecification\",\"valueRequired\":true,\"valueName\":\"search_term_string\"}}],\"inLanguage\":\"fr-FR\"}]}<\/script>\n<meta property=\"product:brand\" content=\"Euro Prime Pharmaceuticals (EPF)\" \/>\n<meta property=\"product:price:amount\" content=\"25.00\" \/>\n<meta property=\"product:price:currency\" content=\"EUR\" \/>\n<meta property=\"og:availability\" content=\"instock\" \/>\n<meta property=\"product:availability\" content=\"instock\" \/>\n<meta property=\"product:condition\" content=\"new\" \/>\n<!-- \/ Yoast SEO Premium plugin. -->","yoast_head_json":{"title":"CABERGOGED (CABERGOLINA) 20tabs - 0,5mg - (Espa\u00f1ol) Esteroides en l\u00ednea","description":"CABERGOGED, contenant de la cabergoline, est un agoniste de la dopamine qui imite la dopamine pour r\u00e9duire les niveaux de prolactine. Il arr\u00eate la lactation apr\u00e8s l'accouchement, un avortement ou une fausse couche, et traite les troubles hormonaux comme l'hyperprolactin\u00e9mie caus\u00e9e par des tumeurs hypophysaires.","robots":{"index":"index","follow":"follow","max-snippet":"max-snippet:-1","max-image-preview":"max-image-preview:large","max-video-preview":"max-video-preview:-1"},"canonical":"https:\/\/iberoid-shop.com\/fr\/product\/cabergoged-cabergolina-20tabs-05mg\/","og_locale":"fr_FR","og_type":"article","og_title":"CABERGOGED (CABERGOLINA) 20tabs - 0,5mg","og_description":"CABERGOGED, contenant de la cabergoline, est un agoniste de la dopamine qui imite la dopamine pour r\u00e9duire les niveaux de prolactine. Il arr\u00eate la lactation apr\u00e8s l'accouchement, un avortement ou une fausse couche, et traite les troubles hormonaux comme l'hyperprolactin\u00e9mie caus\u00e9e par des tumeurs hypophysaires.","og_url":"https:\/\/iberoid-shop.com\/fr\/product\/cabergoged-cabergolina-20tabs-05mg\/","og_site_name":"(Espa\u00f1ol) Esteroides en l\u00ednea","article_modified_time":"2026-02-08T11:03:03+00:00","og_image":[{"width":901,"height":741,"url":"https:\/\/iberoid-shop.com\/wp-content\/uploads\/2024\/10\/ceberg.jpg?v=1728647117","type":"image\/jpeg"}],"twitter_card":"summary_large_image","twitter_misc":{"Prix":"&euro;25.00","Disponibilit\u00e9":"En stock"},"schema":{"@context":"https:\/\/schema.org","@graph":[{"@type":"WebPage","@id":"https:\/\/iberoid-shop.com\/fr\/product\/cabergoged-cabergolina-20tabs-05mg\/","url":"https:\/\/iberoid-shop.com\/fr\/product\/cabergoged-cabergolina-20tabs-05mg\/","name":"CABERGOGED (CABERGOLINA) 20tabs - 0,5mg - (Espa\u00f1ol) Esteroides en l\u00ednea","isPartOf":{"@id":"https:\/\/iberoid-shop.com\/fr\/#website"},"primaryImageOfPage":{"@id":"https:\/\/iberoid-shop.com\/fr\/product\/cabergoged-cabergolina-20tabs-05mg\/#primaryimage"},"image":{"@id":"https:\/\/iberoid-shop.com\/fr\/product\/cabergoged-cabergolina-20tabs-05mg\/#primaryimage"},"thumbnailUrl":"https:\/\/iberoid-shop.com\/wp-content\/uploads\/2024\/10\/ceberg.jpg?v=1728647117","datePublished":"2024-10-11T11:44:21+00:00","dateModified":"2026-02-08T11:03:03+00:00","description":"CABERGOGED, contenant de la cabergoline, est un agoniste de la dopamine qui imite la dopamine pour r\u00e9duire les niveaux de prolactine. Il arr\u00eate la lactation apr\u00e8s l'accouchement, un avortement ou une fausse couche, et traite les troubles hormonaux comme l'hyperprolactin\u00e9mie caus\u00e9e par des tumeurs hypophysaires.","breadcrumb":{"@id":"https:\/\/iberoid-shop.com\/fr\/product\/cabergoged-cabergolina-20tabs-05mg\/#breadcrumb"},"inLanguage":"fr-FR","potentialAction":[{"@type":"ReadAction","target":[["https:\/\/iberoid-shop.com\/fr\/product\/cabergoged-cabergolina-20tabs-05mg\/"]]}]},{"@type":"ImageObject","inLanguage":"fr-FR","@id":"https:\/\/iberoid-shop.com\/fr\/product\/cabergoged-cabergolina-20tabs-05mg\/#primaryimage","url":"https:\/\/iberoid-shop.com\/wp-content\/uploads\/2024\/10\/ceberg.jpg?v=1728647117","contentUrl":"https:\/\/iberoid-shop.com\/wp-content\/uploads\/2024\/10\/ceberg.jpg?v=1728647117","width":901,"height":741,"caption":"CABERGOGED"},{"@type":"BreadcrumbList","@id":"https:\/\/iberoid-shop.com\/fr\/product\/cabergoged-cabergolina-20tabs-05mg\/#breadcrumb","itemListElement":[{"@type":"ListItem","position":1,"name":"Portada","item":"https:\/\/iberoid-shop.com\/fr\/"},{"@type":"ListItem","position":2,"name":"Magasin","item":"https:\/\/iberoid-shop.com\/fr\/shop\/"},{"@type":"ListItem","position":3,"name":"CABERGOGED (CABERGOLINA) 20tabs &#8211; 0,5mg"}]},{"@type":"WebSite","@id":"https:\/\/iberoid-shop.com\/fr\/#website","url":"https:\/\/iberoid-shop.com\/fr\/","name":"(Espa\u00f1ol) Esteroides en l\u00ednea","description":"(Espa\u00f1ol) Comprar esteroides en l\u00ednea hoy en Espa\u00f1a y Portugal. Tenemos el mejor servicio al cliente en la industria y los productos de la m\u00e1s alta calidad","potentialAction":[{"@type":"SearchAction","target":{"@type":"EntryPoint","urlTemplate":"https:\/\/iberoid-shop.com\/fr\/?s={search_term_string}"},"query-input":{"@type":"PropertyValueSpecification","valueRequired":true,"valueName":"search_term_string"}}],"inLanguage":"fr-FR"}]},"product_brand":"Euro Prime Pharmaceuticals (EPF)","product_price_amount":"25.00","product_price_currency":"EUR","og_availability":"instock","product_availability":"instock","product_condition":"new"},"_links":{"self":[{"href":"https:\/\/iberoid-shop.com\/fr\/wp-json\/wp\/v2\/product\/9701","targetHints":{"allow":["GET"]}}],"collection":[{"href":"https:\/\/iberoid-shop.com\/fr\/wp-json\/wp\/v2\/product"}],"about":[{"href":"https:\/\/iberoid-shop.com\/fr\/wp-json\/wp\/v2\/types\/product"}],"replies":[{"embeddable":true,"href":"https:\/\/iberoid-shop.com\/fr\/wp-json\/wp\/v2\/comments?post=9701"}],"wp:featuredmedia":[{"embeddable":true,"href":"https:\/\/iberoid-shop.com\/fr\/wp-json\/wp\/v2\/media\/9702"}],"wp:attachment":[{"href":"https:\/\/iberoid-shop.com\/fr\/wp-json\/wp\/v2\/media?parent=9701"}],"wp:term":[{"taxonomy":"product_brand","embeddable":true,"href":"https:\/\/iberoid-shop.com\/fr\/wp-json\/wp\/v2\/product_brand?post=9701"},{"taxonomy":"product_cat","embeddable":true,"href":"https:\/\/iberoid-shop.com\/fr\/wp-json\/wp\/v2\/product_cat?post=9701"},{"taxonomy":"product_tag","embeddable":true,"href":"https:\/\/iberoid-shop.com\/fr\/wp-json\/wp\/v2\/product_tag?post=9701"}],"curies":[{"name":"wp","href":"https:\/\/api.w.org\/{rel}","templated":true}]}}