{"id":9698,"date":"2024-10-11T11:40:10","date_gmt":"2024-10-11T11:40:10","guid":{"rendered":"https:\/\/iberoid-shop.com\/?post_type=product&#038;p=9698"},"modified":"2026-02-18T09:43:23","modified_gmt":"2026-02-18T09:43:23","slug":"sarms-ligandrol15mg-adam-pharm-2","status":"publish","type":"product","link":"https:\/\/iberoid-shop.com\/fr\/product\/sarms-ligandrol15mg-adam-pharm-2\/","title":{"rendered":"SARMS &#8211; LIGANDROL 15mg"},"content":{"rendered":"<p>LIGANDROL est l&rsquo;un des SARM les plus puissants<br \/>\nam\u00e9liore la libido<br \/>\na un fort effet anabolisant<br \/>\nest d\u00e9di\u00e9 \u00e0 un cycle de st\u00e9ro\u00efdes, o\u00f9 il s&rsquo;agit de construire une masse musculaire pure et de haute qualit\u00e9<br \/>\nest utilis\u00e9 pour la protection musculaire pendant un r\u00e9gime<br \/>\nEFFET LIGANDROL<br \/>\nL&rsquo;\u00e9tude la plus connue sur le sujet du Ligandrol a montr\u00e9 qu&rsquo;avec une dose \u00e9lev\u00e9e (1 mg \/ jour), une moyenne de 1,5 kg de masse musculaire pure pouvait \u00eatre construite en trois semaines. Quel r\u00e9sultat \u00e9tonnant pour un SARM.<br \/>\nUne autre caract\u00e9ristique int\u00e9ressante du Ligandrol est que, contrairement \u00e0 l&rsquo;Ostarine, par exemple, il a un certain effet androg\u00e8ne, qui chez la plupart des utilisateurs se manifeste par une agressivit\u00e9 accrue et une augmentation de la libido. En raison de son fort effet anabolisant et androg\u00e8ne mod\u00e9r\u00e9, le Ligandrol semble \u00eatre le SARM le plus efficace lorsqu&rsquo;il s&rsquo;agit de construire une masse musculaire de haute qualit\u00e9. L&rsquo;exp\u00e9rience a montr\u00e9 que le Ligandrol est au moins deux fois plus puissant pour le gain musculaire que l&rsquo;Ostarine.<\/p>\n<p>Utilisation sugg\u00e9r\u00e9e<\/p>\n<p>Le Ligandrol est g\u00e9n\u00e9ralement utilis\u00e9 \u00e0 une dose de 5 \u00e0 10 mg par jour.<\/p>\n<p>Le Ligandrol ayant une demi-vie estim\u00e9e de 24 \u00e0 36 heures, une prise quotidienne est suffisante.<\/p>\n<p>Le revenu maximal est compris entre 8 et 12 semaines.<\/p>","protected":false},"excerpt":{"rendered":"<p>LIGANDROL est l&rsquo;un des SARM les plus puissants am\u00e9liore la libido a un fort effet anabolisant est d\u00e9di\u00e9 \u00e0 un<\/p>\n","protected":false},"featured_media":9699,"comment_status":"open","ping_status":"closed","template":"","meta":[],"product_brand":[],"product_cat":[73],"product_tag":[],"class_list":{"0":"post-9698","1":"product","2":"type-product","3":"status-publish","4":"has-post-thumbnail","6":"product_cat-ssteroides_orales","8":"first","9":"instock","10":"sale","11":"shipping-taxable","12":"purchasable","13":"product-type-simple"},"yoast_head":"<!-- This site is optimized with the Yoast SEO Premium plugin v24.4 (Yoast SEO v27.0) - https:\/\/yoast.com\/product\/yoast-seo-premium-wordpress\/ -->\n<title>SARMS - LIGANDROL 15mg - (Espa\u00f1ol) Esteroides en l\u00ednea<\/title>\n<meta name=\"description\" content=\"LIGANDROL : SARM puissant pour un gain musculaire pur (jusqu&#039;\u00e0 1,5 kg en 3 semaines \u00e0 1 mg\/jour). Augmente la libido, a un certain effet androg\u00e9nique. Utiliser 5-10 mg par jour pendant 8-12 semaines.\" \/>\n<meta name=\"robots\" content=\"index, follow, max-snippet:-1, max-image-preview:large, max-video-preview:-1\" \/>\n<link rel=\"canonical\" href=\"https:\/\/iberoid-shop.com\/fr\/product\/sarms-ligandrol15mg-adam-pharm-2\/\" \/>\n<meta property=\"og:locale\" content=\"fr_FR\" \/>\n<meta property=\"og:type\" content=\"article\" \/>\n<meta property=\"og:title\" content=\"SARMS - LIGANDROL 15mg\" \/>\n<meta property=\"og:description\" content=\"LIGANDROL : SARM puissant pour un gain musculaire pur (jusqu&#039;\u00e0 1,5 kg en 3 semaines \u00e0 1 mg\/jour). Augmente la libido, a un certain effet androg\u00e9nique. Utiliser 5-10 mg par jour pendant 8-12 semaines.\" \/>\n<meta property=\"og:url\" content=\"https:\/\/iberoid-shop.com\/fr\/product\/sarms-ligandrol15mg-adam-pharm-2\/\" \/>\n<meta property=\"og:site_name\" content=\"(Espa\u00f1ol) Esteroides en l\u00ednea\" \/>\n<meta property=\"article:modified_time\" content=\"2026-02-18T09:43:23+00:00\" \/>\n<meta property=\"og:image\" content=\"https:\/\/iberoid-shop.com\/wp-content\/uploads\/2024\/10\/ligandrol-1-scaled.jpg?v=1728646799\" \/>\n\t<meta property=\"og:image:width\" content=\"1617\" \/>\n\t<meta property=\"og:image:height\" content=\"2560\" \/>\n\t<meta property=\"og:image:type\" content=\"image\/jpeg\" \/>\n<meta name=\"twitter:card\" content=\"summary_large_image\" \/>\n<meta name=\"twitter:label1\" content=\"Prix\" \/>\n\t<meta name=\"twitter:data1\" content=\"&euro;55.00\" \/>\n\t<meta name=\"twitter:label2\" content=\"Disponibilit\u00e9\" \/>\n\t<meta name=\"twitter:data2\" content=\"En stock\" \/>\n<script type=\"application\/ld+json\" class=\"yoast-schema-graph\">{\"@context\":\"https:\/\/schema.org\",\"@graph\":[{\"@type\":\"WebPage\",\"@id\":\"https:\/\/iberoid-shop.com\/fr\/product\/sarms-ligandrol15mg-adam-pharm-2\/\",\"url\":\"https:\/\/iberoid-shop.com\/fr\/product\/sarms-ligandrol15mg-adam-pharm-2\/\",\"name\":\"SARMS - LIGANDROL 15mg - (Espa\u00f1ol) Esteroides en l\u00ednea\",\"isPartOf\":{\"@id\":\"https:\/\/iberoid-shop.com\/fr\/#website\"},\"primaryImageOfPage\":{\"@id\":\"https:\/\/iberoid-shop.com\/fr\/product\/sarms-ligandrol15mg-adam-pharm-2\/#primaryimage\"},\"image\":{\"@id\":\"https:\/\/iberoid-shop.com\/fr\/product\/sarms-ligandrol15mg-adam-pharm-2\/#primaryimage\"},\"thumbnailUrl\":\"https:\/\/iberoid-shop.com\/wp-content\/uploads\/2024\/10\/ligandrol-1-scaled.jpg?v=1728646799\",\"datePublished\":\"2024-10-11T11:40:10+00:00\",\"dateModified\":\"2026-02-18T09:43:23+00:00\",\"description\":\"LIGANDROL : SARM puissant pour un gain musculaire pur (jusqu'\u00e0 1,5 kg en 3 semaines \u00e0 1 mg\/jour). Augmente la libido, a un certain effet androg\u00e9nique. Utiliser 5-10 mg par jour pendant 8-12 semaines.\",\"breadcrumb\":{\"@id\":\"https:\/\/iberoid-shop.com\/fr\/product\/sarms-ligandrol15mg-adam-pharm-2\/#breadcrumb\"},\"inLanguage\":\"fr-FR\",\"potentialAction\":[{\"@type\":\"ReadAction\",\"target\":[[\"https:\/\/iberoid-shop.com\/fr\/product\/sarms-ligandrol15mg-adam-pharm-2\/\"]]}]},{\"@type\":\"ImageObject\",\"inLanguage\":\"fr-FR\",\"@id\":\"https:\/\/iberoid-shop.com\/fr\/product\/sarms-ligandrol15mg-adam-pharm-2\/#primaryimage\",\"url\":\"https:\/\/iberoid-shop.com\/wp-content\/uploads\/2024\/10\/ligandrol-1-scaled.jpg?v=1728646799\",\"contentUrl\":\"https:\/\/iberoid-shop.com\/wp-content\/uploads\/2024\/10\/ligandrol-1-scaled.jpg?v=1728646799\",\"width\":1617,\"height\":2560},{\"@type\":\"BreadcrumbList\",\"@id\":\"https:\/\/iberoid-shop.com\/fr\/product\/sarms-ligandrol15mg-adam-pharm-2\/#breadcrumb\",\"itemListElement\":[{\"@type\":\"ListItem\",\"position\":1,\"name\":\"Portada\",\"item\":\"https:\/\/iberoid-shop.com\/fr\/\"},{\"@type\":\"ListItem\",\"position\":2,\"name\":\"Magasin\",\"item\":\"https:\/\/iberoid-shop.com\/fr\/shop\/\"},{\"@type\":\"ListItem\",\"position\":3,\"name\":\"SARMS &#8211; LIGANDROL 15mg\"}]},{\"@type\":\"WebSite\",\"@id\":\"https:\/\/iberoid-shop.com\/fr\/#website\",\"url\":\"https:\/\/iberoid-shop.com\/fr\/\",\"name\":\"(Espa\u00f1ol) Esteroides en l\u00ednea\",\"description\":\"(Espa\u00f1ol) Comprar esteroides en l\u00ednea hoy en Espa\u00f1a y Portugal. Tenemos el mejor servicio al cliente en la industria y los productos de la m\u00e1s alta calidad\",\"potentialAction\":[{\"@type\":\"SearchAction\",\"target\":{\"@type\":\"EntryPoint\",\"urlTemplate\":\"https:\/\/iberoid-shop.com\/fr\/?s={search_term_string}\"},\"query-input\":{\"@type\":\"PropertyValueSpecification\",\"valueRequired\":true,\"valueName\":\"search_term_string\"}}],\"inLanguage\":\"fr-FR\"}]}<\/script>\n<meta property=\"product:brand\" content=\"AdamLabs\" \/>\n<meta property=\"product:price:amount\" content=\"55.00\" \/>\n<meta property=\"product:price:currency\" content=\"EUR\" \/>\n<meta property=\"og:availability\" content=\"instock\" \/>\n<meta property=\"product:availability\" content=\"instock\" \/>\n<meta property=\"product:condition\" content=\"new\" \/>\n<!-- \/ Yoast SEO Premium plugin. -->","yoast_head_json":{"title":"SARMS - LIGANDROL 15mg - (Espa\u00f1ol) Esteroides en l\u00ednea","description":"LIGANDROL : SARM puissant pour un gain musculaire pur (jusqu'\u00e0 1,5 kg en 3 semaines \u00e0 1 mg\/jour). Augmente la libido, a un certain effet androg\u00e9nique. Utiliser 5-10 mg par jour pendant 8-12 semaines.","robots":{"index":"index","follow":"follow","max-snippet":"max-snippet:-1","max-image-preview":"max-image-preview:large","max-video-preview":"max-video-preview:-1"},"canonical":"https:\/\/iberoid-shop.com\/fr\/product\/sarms-ligandrol15mg-adam-pharm-2\/","og_locale":"fr_FR","og_type":"article","og_title":"SARMS - LIGANDROL 15mg","og_description":"LIGANDROL : SARM puissant pour un gain musculaire pur (jusqu'\u00e0 1,5 kg en 3 semaines \u00e0 1 mg\/jour). Augmente la libido, a un certain effet androg\u00e9nique. Utiliser 5-10 mg par jour pendant 8-12 semaines.","og_url":"https:\/\/iberoid-shop.com\/fr\/product\/sarms-ligandrol15mg-adam-pharm-2\/","og_site_name":"(Espa\u00f1ol) Esteroides en l\u00ednea","article_modified_time":"2026-02-18T09:43:23+00:00","og_image":[{"width":1617,"height":2560,"url":"https:\/\/iberoid-shop.com\/wp-content\/uploads\/2024\/10\/ligandrol-1-scaled.jpg?v=1728646799","type":"image\/jpeg"}],"twitter_card":"summary_large_image","twitter_misc":{"Prix":"&euro;55.00","Disponibilit\u00e9":"En stock"},"schema":{"@context":"https:\/\/schema.org","@graph":[{"@type":"WebPage","@id":"https:\/\/iberoid-shop.com\/fr\/product\/sarms-ligandrol15mg-adam-pharm-2\/","url":"https:\/\/iberoid-shop.com\/fr\/product\/sarms-ligandrol15mg-adam-pharm-2\/","name":"SARMS - LIGANDROL 15mg - (Espa\u00f1ol) Esteroides en l\u00ednea","isPartOf":{"@id":"https:\/\/iberoid-shop.com\/fr\/#website"},"primaryImageOfPage":{"@id":"https:\/\/iberoid-shop.com\/fr\/product\/sarms-ligandrol15mg-adam-pharm-2\/#primaryimage"},"image":{"@id":"https:\/\/iberoid-shop.com\/fr\/product\/sarms-ligandrol15mg-adam-pharm-2\/#primaryimage"},"thumbnailUrl":"https:\/\/iberoid-shop.com\/wp-content\/uploads\/2024\/10\/ligandrol-1-scaled.jpg?v=1728646799","datePublished":"2024-10-11T11:40:10+00:00","dateModified":"2026-02-18T09:43:23+00:00","description":"LIGANDROL : SARM puissant pour un gain musculaire pur (jusqu'\u00e0 1,5 kg en 3 semaines \u00e0 1 mg\/jour). Augmente la libido, a un certain effet androg\u00e9nique. Utiliser 5-10 mg par jour pendant 8-12 semaines.","breadcrumb":{"@id":"https:\/\/iberoid-shop.com\/fr\/product\/sarms-ligandrol15mg-adam-pharm-2\/#breadcrumb"},"inLanguage":"fr-FR","potentialAction":[{"@type":"ReadAction","target":[["https:\/\/iberoid-shop.com\/fr\/product\/sarms-ligandrol15mg-adam-pharm-2\/"]]}]},{"@type":"ImageObject","inLanguage":"fr-FR","@id":"https:\/\/iberoid-shop.com\/fr\/product\/sarms-ligandrol15mg-adam-pharm-2\/#primaryimage","url":"https:\/\/iberoid-shop.com\/wp-content\/uploads\/2024\/10\/ligandrol-1-scaled.jpg?v=1728646799","contentUrl":"https:\/\/iberoid-shop.com\/wp-content\/uploads\/2024\/10\/ligandrol-1-scaled.jpg?v=1728646799","width":1617,"height":2560},{"@type":"BreadcrumbList","@id":"https:\/\/iberoid-shop.com\/fr\/product\/sarms-ligandrol15mg-adam-pharm-2\/#breadcrumb","itemListElement":[{"@type":"ListItem","position":1,"name":"Portada","item":"https:\/\/iberoid-shop.com\/fr\/"},{"@type":"ListItem","position":2,"name":"Magasin","item":"https:\/\/iberoid-shop.com\/fr\/shop\/"},{"@type":"ListItem","position":3,"name":"SARMS &#8211; LIGANDROL 15mg"}]},{"@type":"WebSite","@id":"https:\/\/iberoid-shop.com\/fr\/#website","url":"https:\/\/iberoid-shop.com\/fr\/","name":"(Espa\u00f1ol) Esteroides en l\u00ednea","description":"(Espa\u00f1ol) Comprar esteroides en l\u00ednea hoy en Espa\u00f1a y Portugal. Tenemos el mejor servicio al cliente en la industria y los productos de la m\u00e1s alta calidad","potentialAction":[{"@type":"SearchAction","target":{"@type":"EntryPoint","urlTemplate":"https:\/\/iberoid-shop.com\/fr\/?s={search_term_string}"},"query-input":{"@type":"PropertyValueSpecification","valueRequired":true,"valueName":"search_term_string"}}],"inLanguage":"fr-FR"}]},"product_brand":"AdamLabs","product_price_amount":"55.00","product_price_currency":"EUR","og_availability":"instock","product_availability":"instock","product_condition":"new"},"_links":{"self":[{"href":"https:\/\/iberoid-shop.com\/fr\/wp-json\/wp\/v2\/product\/9698","targetHints":{"allow":["GET"]}}],"collection":[{"href":"https:\/\/iberoid-shop.com\/fr\/wp-json\/wp\/v2\/product"}],"about":[{"href":"https:\/\/iberoid-shop.com\/fr\/wp-json\/wp\/v2\/types\/product"}],"replies":[{"embeddable":true,"href":"https:\/\/iberoid-shop.com\/fr\/wp-json\/wp\/v2\/comments?post=9698"}],"wp:featuredmedia":[{"embeddable":true,"href":"https:\/\/iberoid-shop.com\/fr\/wp-json\/wp\/v2\/media\/9699"}],"wp:attachment":[{"href":"https:\/\/iberoid-shop.com\/fr\/wp-json\/wp\/v2\/media?parent=9698"}],"wp:term":[{"taxonomy":"product_brand","embeddable":true,"href":"https:\/\/iberoid-shop.com\/fr\/wp-json\/wp\/v2\/product_brand?post=9698"},{"taxonomy":"product_cat","embeddable":true,"href":"https:\/\/iberoid-shop.com\/fr\/wp-json\/wp\/v2\/product_cat?post=9698"},{"taxonomy":"product_tag","embeddable":true,"href":"https:\/\/iberoid-shop.com\/fr\/wp-json\/wp\/v2\/product_tag?post=9698"}],"curies":[{"name":"wp","href":"https:\/\/api.w.org\/{rel}","templated":true}]}}