{"id":9695,"date":"2024-10-11T11:37:42","date_gmt":"2024-10-11T11:37:42","guid":{"rendered":"https:\/\/iberoid-shop.com\/?post_type=product&#038;p=9695"},"modified":"2025-12-30T14:35:28","modified_gmt":"2025-12-30T14:35:28","slug":"sarms-yk-11-15mg-asam-pharm","status":"publish","type":"product","link":"https:\/\/iberoid-shop.com\/fr\/product\/sarms-yk-11-15mg-asam-pharm\/","title":{"rendered":"SARMS \/ YK 11 &#8211; 15mg"},"content":{"rendered":"<p>Le YK-11 est un compos\u00e9 synth\u00e9tique class\u00e9 comme modulateur s\u00e9lectif des r\u00e9cepteurs aux androg\u00e8nes (SARM) avec une structure chimique distinctive. Contrairement aux SARM typiques, le YK-11 est un agoniste partiel du r\u00e9cepteur aux androg\u00e8nes et poss\u00e8de une structure st\u00e9ro\u00efdienne, ce qui en fait un sujet unique dans l&rsquo;\u00e9tude de la croissance musculaire et de la sant\u00e9 osseuse. Son caract\u00e8re structurel unique offre une voie diff\u00e9rente d&rsquo;interaction avec les r\u00e9cepteurs aux androg\u00e8nes, ce qui a piqu\u00e9 l&rsquo;int\u00e9r\u00eat des chercheurs. En laboratoire, il a \u00e9t\u00e9 observ\u00e9 que le YK-11 augmente consid\u00e9rablement la production de follistatine, une prot\u00e9ine qui agit comme un puissant inhibiteur de la myostatine. La myostatine est une prot\u00e9ine r\u00e9gulatrice qui limite la croissance musculaire ; par cons\u00e9quent, son inhibition peut potentiellement conduire \u00e0 un d\u00e9veloppement musculaire am\u00e9lior\u00e9. En stimulant la follistatine, le YK-11 peut favoriser la masse musculaire maigre et la force au-del\u00e0 de ce qui est r\u00e9alisable par l&rsquo;entra\u00eenement et la nutrition seuls, offrant des informations pr\u00e9cieuses sur les m\u00e9canismes de renforcement musculaire.<\/p>\n<p>La double action du YK-11 en tant qu&rsquo;agoniste partiel des r\u00e9cepteurs aux androg\u00e8nes et inhibiteur de la myostatine le distingue des autres compos\u00e9s de sa cat\u00e9gorie. Ce profil unique en fait un compos\u00e9 pr\u00e9cieux pour la recherche pr\u00e9clinique ax\u00e9e sur la compr\u00e9hension de l&rsquo;hypertrophie musculaire et la r\u00e9gulation de la masse musculaire. Les \u00e9tudes impliquant YK-11 visent \u00e0 explorer ses applications potentielles dans les pathologies li\u00e9es \u00e0 l&rsquo;atrophie musculaire et \u00e0 l&rsquo;ost\u00e9oporose, contribuant ainsi \u00e0 l&rsquo;avancement des connaissances en biologie musculaire et au d\u00e9veloppement th\u00e9rapeutique.<\/p>","protected":false},"excerpt":{"rendered":"<p>Le YK-11 est un compos\u00e9 synth\u00e9tique class\u00e9 comme modulateur s\u00e9lectif des r\u00e9cepteurs aux androg\u00e8nes (SARM) avec une structure chimique distinctive.<\/p>\n","protected":false},"featured_media":9696,"comment_status":"open","ping_status":"closed","template":"","meta":[],"product_brand":[],"product_cat":[73],"product_tag":[],"class_list":{"0":"post-9695","1":"product","2":"type-product","3":"status-publish","4":"has-post-thumbnail","6":"product_cat-ssteroides_orales","8":"first","9":"instock","10":"sale","11":"shipping-taxable","12":"purchasable","13":"product-type-simple"},"yoast_head":"<!-- This site is optimized with the Yoast SEO Premium plugin v24.4 (Yoast SEO v27.3) - https:\/\/yoast.com\/product\/yoast-seo-premium-wordpress\/ -->\n<title>SARMS \/ YK 11 - 15mg - (Espa\u00f1ol) Esteroides en l\u00ednea<\/title>\n<meta name=\"description\" content=\"YK-11 est un SARM unique avec une structure st\u00e9ro\u00efdienne, agissant comme agoniste partiel du r\u00e9cepteur des androg\u00e8nes et inhibiteur de la myostatine, favorisant la croissance musculaire.\" \/>\n<meta name=\"robots\" content=\"index, follow, max-snippet:-1, max-image-preview:large, max-video-preview:-1\" \/>\n<link rel=\"canonical\" href=\"https:\/\/iberoid-shop.com\/fr\/product\/sarms-yk-11-15mg-asam-pharm\/\" \/>\n<meta property=\"og:locale\" content=\"fr_FR\" \/>\n<meta property=\"og:type\" content=\"article\" \/>\n<meta property=\"og:title\" content=\"SARMS \/ YK 11 - 15mg\" \/>\n<meta property=\"og:description\" content=\"YK-11 est un SARM unique avec une structure st\u00e9ro\u00efdienne, agissant comme agoniste partiel du r\u00e9cepteur des androg\u00e8nes et inhibiteur de la myostatine, favorisant la croissance musculaire.\" \/>\n<meta property=\"og:url\" content=\"https:\/\/iberoid-shop.com\/fr\/product\/sarms-yk-11-15mg-asam-pharm\/\" \/>\n<meta property=\"og:site_name\" content=\"(Espa\u00f1ol) Esteroides en l\u00ednea\" \/>\n<meta property=\"article:modified_time\" content=\"2025-12-30T14:35:28+00:00\" \/>\n<meta property=\"og:image\" content=\"https:\/\/iberoid-shop.com\/wp-content\/uploads\/2024\/10\/yk-scaled.jpg?v=1728646641\" \/>\n\t<meta property=\"og:image:width\" content=\"1320\" \/>\n\t<meta property=\"og:image:height\" content=\"2560\" \/>\n\t<meta property=\"og:image:type\" content=\"image\/jpeg\" \/>\n<meta name=\"twitter:card\" content=\"summary_large_image\" \/>\n<meta name=\"twitter:label1\" content=\"Prix\" \/>\n\t<meta name=\"twitter:data1\" content=\"&euro;45.00\" \/>\n\t<meta name=\"twitter:label2\" content=\"Disponibilit\u00e9\" \/>\n\t<meta name=\"twitter:data2\" content=\"En stock\" \/>\n<script type=\"application\/ld+json\" class=\"yoast-schema-graph\">{\"@context\":\"https:\\\/\\\/schema.org\",\"@graph\":[{\"@type\":\"WebPage\",\"@id\":\"https:\\\/\\\/iberoid-shop.com\\\/fr\\\/product\\\/sarms-yk-11-15mg-asam-pharm\\\/\",\"url\":\"https:\\\/\\\/iberoid-shop.com\\\/fr\\\/product\\\/sarms-yk-11-15mg-asam-pharm\\\/\",\"name\":\"SARMS \\\/ YK 11 - 15mg - (Espa\u00f1ol) Esteroides en l\u00ednea\",\"isPartOf\":{\"@id\":\"https:\\\/\\\/iberoid.com\\\/#website\"},\"primaryImageOfPage\":{\"@id\":\"https:\\\/\\\/iberoid-shop.com\\\/fr\\\/product\\\/sarms-yk-11-15mg-asam-pharm\\\/#primaryimage\"},\"image\":{\"@id\":\"https:\\\/\\\/iberoid-shop.com\\\/fr\\\/product\\\/sarms-yk-11-15mg-asam-pharm\\\/#primaryimage\"},\"thumbnailUrl\":\"https:\\\/\\\/iberoid-shop.com\\\/wp-content\\\/uploads\\\/2024\\\/10\\\/yk-scaled.jpg?v=1728646641\",\"datePublished\":\"2024-10-11T11:37:42+00:00\",\"dateModified\":\"2025-12-30T14:35:28+00:00\",\"description\":\"YK-11 est un SARM unique avec une structure st\u00e9ro\u00efdienne, agissant comme agoniste partiel du r\u00e9cepteur des androg\u00e8nes et inhibiteur de la myostatine, favorisant la croissance musculaire.\",\"breadcrumb\":{\"@id\":\"https:\\\/\\\/iberoid-shop.com\\\/fr\\\/product\\\/sarms-yk-11-15mg-asam-pharm\\\/#breadcrumb\"},\"inLanguage\":\"fr-FR\",\"potentialAction\":[{\"@type\":\"ReadAction\",\"target\":[[\"https:\\\/\\\/iberoid-shop.com\\\/fr\\\/product\\\/sarms-yk-11-15mg-asam-pharm\\\/\"]]}]},{\"@type\":\"ImageObject\",\"inLanguage\":\"fr-FR\",\"@id\":\"https:\\\/\\\/iberoid-shop.com\\\/fr\\\/product\\\/sarms-yk-11-15mg-asam-pharm\\\/#primaryimage\",\"url\":\"https:\\\/\\\/iberoid-shop.com\\\/wp-content\\\/uploads\\\/2024\\\/10\\\/yk-scaled.jpg?v=1728646641\",\"contentUrl\":\"https:\\\/\\\/iberoid-shop.com\\\/wp-content\\\/uploads\\\/2024\\\/10\\\/yk-scaled.jpg?v=1728646641\",\"width\":1320,\"height\":2560},{\"@type\":\"BreadcrumbList\",\"@id\":\"https:\\\/\\\/iberoid-shop.com\\\/fr\\\/product\\\/sarms-yk-11-15mg-asam-pharm\\\/#breadcrumb\",\"itemListElement\":[{\"@type\":\"ListItem\",\"position\":1,\"name\":\"Portada\",\"item\":\"https:\\\/\\\/iberoid.com\\\/\"},{\"@type\":\"ListItem\",\"position\":2,\"name\":\"Magasin\",\"item\":\"https:\\\/\\\/iberoid-shop.com\\\/fr\\\/shop\\\/\"},{\"@type\":\"ListItem\",\"position\":3,\"name\":\"SARMS \\\/ YK 11 &#8211; 15mg\"}]},{\"@type\":\"WebSite\",\"@id\":\"https:\\\/\\\/iberoid.com\\\/#website\",\"url\":\"https:\\\/\\\/iberoid.com\\\/\",\"name\":\"(Espa\u00f1ol) Esteroides en l\u00ednea\",\"description\":\"(Espa\u00f1ol) Comprar esteroides en l\u00ednea hoy en Espa\u00f1a y Portugal. Tenemos el mejor servicio al cliente en la industria y los productos de la m\u00e1s alta calidad\",\"potentialAction\":[{\"@type\":\"SearchAction\",\"target\":{\"@type\":\"EntryPoint\",\"urlTemplate\":\"https:\\\/\\\/iberoid.com\\\/?s={search_term_string}\"},\"query-input\":{\"@type\":\"PropertyValueSpecification\",\"valueRequired\":true,\"valueName\":\"search_term_string\"}}],\"inLanguage\":\"fr-FR\"}]}<\/script>\n<meta property=\"product:brand\" content=\"AdamLabs\" \/>\n<meta property=\"product:price:amount\" content=\"45.00\" \/>\n<meta property=\"product:price:currency\" content=\"EUR\" \/>\n<meta property=\"og:availability\" content=\"instock\" \/>\n<meta property=\"product:availability\" content=\"instock\" \/>\n<meta property=\"product:condition\" content=\"new\" \/>\n<!-- \/ Yoast SEO Premium plugin. -->","yoast_head_json":{"title":"SARMS \/ YK 11 - 15mg - (Espa\u00f1ol) Esteroides en l\u00ednea","description":"YK-11 est un SARM unique avec une structure st\u00e9ro\u00efdienne, agissant comme agoniste partiel du r\u00e9cepteur des androg\u00e8nes et inhibiteur de la myostatine, favorisant la croissance musculaire.","robots":{"index":"index","follow":"follow","max-snippet":"max-snippet:-1","max-image-preview":"max-image-preview:large","max-video-preview":"max-video-preview:-1"},"canonical":"https:\/\/iberoid-shop.com\/fr\/product\/sarms-yk-11-15mg-asam-pharm\/","og_locale":"fr_FR","og_type":"article","og_title":"SARMS \/ YK 11 - 15mg","og_description":"YK-11 est un SARM unique avec une structure st\u00e9ro\u00efdienne, agissant comme agoniste partiel du r\u00e9cepteur des androg\u00e8nes et inhibiteur de la myostatine, favorisant la croissance musculaire.","og_url":"https:\/\/iberoid-shop.com\/fr\/product\/sarms-yk-11-15mg-asam-pharm\/","og_site_name":"(Espa\u00f1ol) Esteroides en l\u00ednea","article_modified_time":"2025-12-30T14:35:28+00:00","og_image":[{"width":1320,"height":2560,"url":"https:\/\/iberoid-shop.com\/wp-content\/uploads\/2024\/10\/yk-scaled.jpg?v=1728646641","type":"image\/jpeg"}],"twitter_card":"summary_large_image","twitter_misc":{"Prix":"&euro;45.00","Disponibilit\u00e9":"En stock"},"schema":{"@context":"https:\/\/schema.org","@graph":[{"@type":"WebPage","@id":"https:\/\/iberoid-shop.com\/fr\/product\/sarms-yk-11-15mg-asam-pharm\/","url":"https:\/\/iberoid-shop.com\/fr\/product\/sarms-yk-11-15mg-asam-pharm\/","name":"SARMS \/ YK 11 - 15mg - (Espa\u00f1ol) Esteroides en l\u00ednea","isPartOf":{"@id":"https:\/\/iberoid.com\/#website"},"primaryImageOfPage":{"@id":"https:\/\/iberoid-shop.com\/fr\/product\/sarms-yk-11-15mg-asam-pharm\/#primaryimage"},"image":{"@id":"https:\/\/iberoid-shop.com\/fr\/product\/sarms-yk-11-15mg-asam-pharm\/#primaryimage"},"thumbnailUrl":"https:\/\/iberoid-shop.com\/wp-content\/uploads\/2024\/10\/yk-scaled.jpg?v=1728646641","datePublished":"2024-10-11T11:37:42+00:00","dateModified":"2025-12-30T14:35:28+00:00","description":"YK-11 est un SARM unique avec une structure st\u00e9ro\u00efdienne, agissant comme agoniste partiel du r\u00e9cepteur des androg\u00e8nes et inhibiteur de la myostatine, favorisant la croissance musculaire.","breadcrumb":{"@id":"https:\/\/iberoid-shop.com\/fr\/product\/sarms-yk-11-15mg-asam-pharm\/#breadcrumb"},"inLanguage":"fr-FR","potentialAction":[{"@type":"ReadAction","target":[["https:\/\/iberoid-shop.com\/fr\/product\/sarms-yk-11-15mg-asam-pharm\/"]]}]},{"@type":"ImageObject","inLanguage":"fr-FR","@id":"https:\/\/iberoid-shop.com\/fr\/product\/sarms-yk-11-15mg-asam-pharm\/#primaryimage","url":"https:\/\/iberoid-shop.com\/wp-content\/uploads\/2024\/10\/yk-scaled.jpg?v=1728646641","contentUrl":"https:\/\/iberoid-shop.com\/wp-content\/uploads\/2024\/10\/yk-scaled.jpg?v=1728646641","width":1320,"height":2560},{"@type":"BreadcrumbList","@id":"https:\/\/iberoid-shop.com\/fr\/product\/sarms-yk-11-15mg-asam-pharm\/#breadcrumb","itemListElement":[{"@type":"ListItem","position":1,"name":"Portada","item":"https:\/\/iberoid.com\/"},{"@type":"ListItem","position":2,"name":"Magasin","item":"https:\/\/iberoid-shop.com\/fr\/shop\/"},{"@type":"ListItem","position":3,"name":"SARMS \/ YK 11 &#8211; 15mg"}]},{"@type":"WebSite","@id":"https:\/\/iberoid.com\/#website","url":"https:\/\/iberoid.com\/","name":"(Espa\u00f1ol) Esteroides en l\u00ednea","description":"(Espa\u00f1ol) Comprar esteroides en l\u00ednea hoy en Espa\u00f1a y Portugal. Tenemos el mejor servicio al cliente en la industria y los productos de la m\u00e1s alta calidad","potentialAction":[{"@type":"SearchAction","target":{"@type":"EntryPoint","urlTemplate":"https:\/\/iberoid.com\/?s={search_term_string}"},"query-input":{"@type":"PropertyValueSpecification","valueRequired":true,"valueName":"search_term_string"}}],"inLanguage":"fr-FR"}]},"product_brand":"AdamLabs","product_price_amount":"45.00","product_price_currency":"EUR","og_availability":"instock","product_availability":"instock","product_condition":"new"},"_links":{"self":[{"href":"https:\/\/iberoid-shop.com\/fr\/wp-json\/wp\/v2\/product\/9695","targetHints":{"allow":["GET"]}}],"collection":[{"href":"https:\/\/iberoid-shop.com\/fr\/wp-json\/wp\/v2\/product"}],"about":[{"href":"https:\/\/iberoid-shop.com\/fr\/wp-json\/wp\/v2\/types\/product"}],"replies":[{"embeddable":true,"href":"https:\/\/iberoid-shop.com\/fr\/wp-json\/wp\/v2\/comments?post=9695"}],"wp:featuredmedia":[{"embeddable":true,"href":"https:\/\/iberoid-shop.com\/fr\/wp-json\/wp\/v2\/media\/9696"}],"wp:attachment":[{"href":"https:\/\/iberoid-shop.com\/fr\/wp-json\/wp\/v2\/media?parent=9695"}],"wp:term":[{"taxonomy":"product_brand","embeddable":true,"href":"https:\/\/iberoid-shop.com\/fr\/wp-json\/wp\/v2\/product_brand?post=9695"},{"taxonomy":"product_cat","embeddable":true,"href":"https:\/\/iberoid-shop.com\/fr\/wp-json\/wp\/v2\/product_cat?post=9695"},{"taxonomy":"product_tag","embeddable":true,"href":"https:\/\/iberoid-shop.com\/fr\/wp-json\/wp\/v2\/product_tag?post=9695"}],"curies":[{"name":"wp","href":"https:\/\/api.w.org\/{rel}","templated":true}]}}