{"id":9660,"date":"2024-09-15T13:05:47","date_gmt":"2024-09-15T13:05:47","guid":{"rendered":"https:\/\/iberoid-shop.com\/?post_type=product&#038;p=9660"},"modified":"2026-04-04T09:13:18","modified_gmt":"2026-04-04T09:13:18","slug":"decadurabolin200mg-imperia-labs","status":"publish","type":"product","link":"https:\/\/iberoid-shop.com\/fr\/product\/decadurabolin200mg-imperia-labs\/","title":{"rendered":"NANDROLON DECANOATE 200mgDECADURABOLIN 200mg"},"content":{"rendered":"<p>Le d\u00e9canoate de nandrolone est un st\u00e9ro\u00efde anabolisant connu pour imiter le r\u00f4le de l&rsquo;hormone m\u00e2le (testost\u00e9rone). L&rsquo;ingr\u00e9dient actif qu&rsquo;il contient agit en fournissant une bonne r\u00e9sistance aux os qui deviennent fragiles et minces \u00e0 cause de l&rsquo;ost\u00e9oporose.<\/p>\n<p>Avantages de l&rsquo;injection de Deca Durabolin 200 mg<br \/>\nRenforce les os et att\u00e9nue le risque d&rsquo;ost\u00e9oporose.<br \/>\nAide \u00e0 maintenir la densit\u00e9 osseuse.<\/p>\n<p>DECA DURABOLIN<\/p>\n<p>COMPOSITION : Chaque ml contient :<\/p>\n<p>D\u00e9canoate de nandrolone \u2026.. 200 mg<\/p>\n<p>Base d&rsquo;huile \u2026.. q.S.<\/p>\n<p>STOCKAGE :<\/p>\n<p>Conserver dans un endroit frais et sec \u00e0 une temp\u00e9rature inf\u00e9rieure \u00e0 15\u00b0C-25\u00b0C.<\/p>\n<p>Les ampoules doivent \u00eatre conserv\u00e9es dans leur bo\u00eete en carton. Ne pas r\u00e9frig\u00e9rer. Prot\u00e9ger de la lumi\u00e8re directe du soleil.<\/p>","protected":false},"excerpt":{"rendered":"<p>Le d\u00e9canoate de nandrolone est un st\u00e9ro\u00efde anabolisant connu pour imiter le r\u00f4le de l&rsquo;hormone m\u00e2le (testost\u00e9rone). L&rsquo;ingr\u00e9dient actif qu&rsquo;il<\/p>\n","protected":false},"featured_media":9661,"comment_status":"open","ping_status":"closed","template":"","meta":[],"product_brand":[3532],"product_cat":[69],"product_tag":[],"class_list":{"0":"post-9660","1":"product","2":"type-product","3":"status-publish","4":"has-post-thumbnail","6":"product_brand-imperia-labs","7":"product_cat-esteroides_inyectables","9":"first","10":"instock","11":"sale","12":"shipping-taxable","13":"purchasable","14":"product-type-simple"},"yoast_head":"<!-- This site is optimized with the Yoast SEO Premium plugin v24.4 (Yoast SEO v27.3) - https:\/\/yoast.com\/product\/yoast-seo-premium-wordpress\/ -->\n<title>NANDROLON DECANOATE 200mgDECADURABOLIN 200mg - (Espa\u00f1ol) Esteroides en l\u00ednea<\/title>\n<meta name=\"robots\" content=\"index, follow, max-snippet:-1, max-image-preview:large, max-video-preview:-1\" \/>\n<link rel=\"canonical\" href=\"https:\/\/iberoid-shop.com\/fr\/product\/decadurabolin200mg-imperia-labs\/\" \/>\n<meta property=\"og:locale\" content=\"fr_FR\" \/>\n<meta property=\"og:type\" content=\"article\" \/>\n<meta property=\"og:title\" content=\"NANDROLON DECANOATE 200mgDECADURABOLIN 200mg\" \/>\n<meta property=\"og:description\" content=\"Le d\u00e9canoate de nandrolone est un st\u00e9ro\u00efde anabolisant connu pour imiter le r\u00f4le de l&rsquo;hormone m\u00e2le (testost\u00e9rone). L&rsquo;ingr\u00e9dient actif qu&rsquo;il\" \/>\n<meta property=\"og:url\" content=\"https:\/\/iberoid-shop.com\/fr\/product\/decadurabolin200mg-imperia-labs\/\" \/>\n<meta property=\"og:site_name\" content=\"(Espa\u00f1ol) Esteroides en l\u00ednea\" \/>\n<meta property=\"article:modified_time\" content=\"2026-04-04T09:13:18+00:00\" \/>\n<meta property=\"og:image\" content=\"https:\/\/iberoid-shop.com\/wp-content\/uploads\/2024\/09\/DECA-DURABOLIN-imperia_lab-500x500-1.jpg?v=1726405521\" \/>\n\t<meta property=\"og:image:width\" content=\"500\" \/>\n\t<meta property=\"og:image:height\" content=\"500\" \/>\n\t<meta property=\"og:image:type\" content=\"image\/jpeg\" \/>\n<meta name=\"twitter:card\" content=\"summary_large_image\" \/>\n<meta name=\"twitter:label1\" content=\"Prix\" \/>\n\t<meta name=\"twitter:data1\" content=\"&euro;60.00\" \/>\n\t<meta name=\"twitter:label2\" content=\"Disponibilit\u00e9\" \/>\n\t<meta name=\"twitter:data2\" content=\"En stock\" \/>\n<script type=\"application\/ld+json\" class=\"yoast-schema-graph\">{\"@context\":\"https:\\\/\\\/schema.org\",\"@graph\":[{\"@type\":\"WebPage\",\"@id\":\"https:\\\/\\\/iberoid-shop.com\\\/fr\\\/product\\\/decadurabolin200mg-imperia-labs\\\/\",\"url\":\"https:\\\/\\\/iberoid-shop.com\\\/fr\\\/product\\\/decadurabolin200mg-imperia-labs\\\/\",\"name\":\"NANDROLON DECANOATE 200mgDECADURABOLIN 200mg - (Espa\u00f1ol) Esteroides en l\u00ednea\",\"isPartOf\":{\"@id\":\"https:\\\/\\\/iberoid-shop.com\\\/fr\\\/#website\"},\"primaryImageOfPage\":{\"@id\":\"https:\\\/\\\/iberoid-shop.com\\\/fr\\\/product\\\/decadurabolin200mg-imperia-labs\\\/#primaryimage\"},\"image\":{\"@id\":\"https:\\\/\\\/iberoid-shop.com\\\/fr\\\/product\\\/decadurabolin200mg-imperia-labs\\\/#primaryimage\"},\"thumbnailUrl\":\"https:\\\/\\\/iberoid-shop.com\\\/wp-content\\\/uploads\\\/2024\\\/09\\\/DECA-DURABOLIN-imperia_lab-500x500-1.jpg?v=1726405521\",\"datePublished\":\"2024-09-15T13:05:47+00:00\",\"dateModified\":\"2026-04-04T09:13:18+00:00\",\"breadcrumb\":{\"@id\":\"https:\\\/\\\/iberoid-shop.com\\\/fr\\\/product\\\/decadurabolin200mg-imperia-labs\\\/#breadcrumb\"},\"inLanguage\":\"fr-FR\",\"potentialAction\":[{\"@type\":\"ReadAction\",\"target\":[[\"https:\\\/\\\/iberoid-shop.com\\\/fr\\\/product\\\/decadurabolin200mg-imperia-labs\\\/\"]]}]},{\"@type\":\"ImageObject\",\"inLanguage\":\"fr-FR\",\"@id\":\"https:\\\/\\\/iberoid-shop.com\\\/fr\\\/product\\\/decadurabolin200mg-imperia-labs\\\/#primaryimage\",\"url\":\"https:\\\/\\\/iberoid-shop.com\\\/wp-content\\\/uploads\\\/2024\\\/09\\\/DECA-DURABOLIN-imperia_lab-500x500-1.jpg?v=1726405521\",\"contentUrl\":\"https:\\\/\\\/iberoid-shop.com\\\/wp-content\\\/uploads\\\/2024\\\/09\\\/DECA-DURABOLIN-imperia_lab-500x500-1.jpg?v=1726405521\",\"width\":500,\"height\":500},{\"@type\":\"BreadcrumbList\",\"@id\":\"https:\\\/\\\/iberoid-shop.com\\\/fr\\\/product\\\/decadurabolin200mg-imperia-labs\\\/#breadcrumb\",\"itemListElement\":[{\"@type\":\"ListItem\",\"position\":1,\"name\":\"Portada\",\"item\":\"https:\\\/\\\/iberoid-shop.com\\\/fr\\\/\"},{\"@type\":\"ListItem\",\"position\":2,\"name\":\"Magasin\",\"item\":\"https:\\\/\\\/iberoid-shop.com\\\/fr\\\/shop\\\/\"},{\"@type\":\"ListItem\",\"position\":3,\"name\":\"NANDROLON DECANOATE 200mgDECADURABOLIN 200mg\"}]},{\"@type\":\"WebSite\",\"@id\":\"https:\\\/\\\/iberoid-shop.com\\\/fr\\\/#website\",\"url\":\"https:\\\/\\\/iberoid-shop.com\\\/fr\\\/\",\"name\":\"(Espa\u00f1ol) Esteroides en l\u00ednea\",\"description\":\"(Espa\u00f1ol) Comprar esteroides en l\u00ednea hoy en Espa\u00f1a y Portugal. Tenemos el mejor servicio al cliente en la industria y los productos de la m\u00e1s alta calidad\",\"potentialAction\":[{\"@type\":\"SearchAction\",\"target\":{\"@type\":\"EntryPoint\",\"urlTemplate\":\"https:\\\/\\\/iberoid-shop.com\\\/fr\\\/?s={search_term_string}\"},\"query-input\":{\"@type\":\"PropertyValueSpecification\",\"valueRequired\":true,\"valueName\":\"search_term_string\"}}],\"inLanguage\":\"fr-FR\"}]}<\/script>\n<meta property=\"product:brand\" content=\"IMPERIA LABS\" \/>\n<meta property=\"product:price:amount\" content=\"60.00\" \/>\n<meta property=\"product:price:currency\" content=\"EUR\" \/>\n<meta property=\"og:availability\" content=\"instock\" \/>\n<meta property=\"product:availability\" content=\"instock\" \/>\n<meta property=\"product:condition\" content=\"new\" \/>\n<!-- \/ Yoast SEO Premium plugin. -->","yoast_head_json":{"title":"NANDROLON DECANOATE 200mgDECADURABOLIN 200mg - (Espa\u00f1ol) Esteroides en l\u00ednea","robots":{"index":"index","follow":"follow","max-snippet":"max-snippet:-1","max-image-preview":"max-image-preview:large","max-video-preview":"max-video-preview:-1"},"canonical":"https:\/\/iberoid-shop.com\/fr\/product\/decadurabolin200mg-imperia-labs\/","og_locale":"fr_FR","og_type":"article","og_title":"NANDROLON DECANOATE 200mgDECADURABOLIN 200mg","og_description":"Le d\u00e9canoate de nandrolone est un st\u00e9ro\u00efde anabolisant connu pour imiter le r\u00f4le de l&rsquo;hormone m\u00e2le (testost\u00e9rone). L&rsquo;ingr\u00e9dient actif qu&rsquo;il","og_url":"https:\/\/iberoid-shop.com\/fr\/product\/decadurabolin200mg-imperia-labs\/","og_site_name":"(Espa\u00f1ol) Esteroides en l\u00ednea","article_modified_time":"2026-04-04T09:13:18+00:00","og_image":[{"width":500,"height":500,"url":"https:\/\/iberoid-shop.com\/wp-content\/uploads\/2024\/09\/DECA-DURABOLIN-imperia_lab-500x500-1.jpg?v=1726405521","type":"image\/jpeg"}],"twitter_card":"summary_large_image","twitter_misc":{"Prix":"&euro;60.00","Disponibilit\u00e9":"En stock"},"schema":{"@context":"https:\/\/schema.org","@graph":[{"@type":"WebPage","@id":"https:\/\/iberoid-shop.com\/fr\/product\/decadurabolin200mg-imperia-labs\/","url":"https:\/\/iberoid-shop.com\/fr\/product\/decadurabolin200mg-imperia-labs\/","name":"NANDROLON DECANOATE 200mgDECADURABOLIN 200mg - (Espa\u00f1ol) Esteroides en l\u00ednea","isPartOf":{"@id":"https:\/\/iberoid-shop.com\/fr\/#website"},"primaryImageOfPage":{"@id":"https:\/\/iberoid-shop.com\/fr\/product\/decadurabolin200mg-imperia-labs\/#primaryimage"},"image":{"@id":"https:\/\/iberoid-shop.com\/fr\/product\/decadurabolin200mg-imperia-labs\/#primaryimage"},"thumbnailUrl":"https:\/\/iberoid-shop.com\/wp-content\/uploads\/2024\/09\/DECA-DURABOLIN-imperia_lab-500x500-1.jpg?v=1726405521","datePublished":"2024-09-15T13:05:47+00:00","dateModified":"2026-04-04T09:13:18+00:00","breadcrumb":{"@id":"https:\/\/iberoid-shop.com\/fr\/product\/decadurabolin200mg-imperia-labs\/#breadcrumb"},"inLanguage":"fr-FR","potentialAction":[{"@type":"ReadAction","target":[["https:\/\/iberoid-shop.com\/fr\/product\/decadurabolin200mg-imperia-labs\/"]]}]},{"@type":"ImageObject","inLanguage":"fr-FR","@id":"https:\/\/iberoid-shop.com\/fr\/product\/decadurabolin200mg-imperia-labs\/#primaryimage","url":"https:\/\/iberoid-shop.com\/wp-content\/uploads\/2024\/09\/DECA-DURABOLIN-imperia_lab-500x500-1.jpg?v=1726405521","contentUrl":"https:\/\/iberoid-shop.com\/wp-content\/uploads\/2024\/09\/DECA-DURABOLIN-imperia_lab-500x500-1.jpg?v=1726405521","width":500,"height":500},{"@type":"BreadcrumbList","@id":"https:\/\/iberoid-shop.com\/fr\/product\/decadurabolin200mg-imperia-labs\/#breadcrumb","itemListElement":[{"@type":"ListItem","position":1,"name":"Portada","item":"https:\/\/iberoid-shop.com\/fr\/"},{"@type":"ListItem","position":2,"name":"Magasin","item":"https:\/\/iberoid-shop.com\/fr\/shop\/"},{"@type":"ListItem","position":3,"name":"NANDROLON DECANOATE 200mgDECADURABOLIN 200mg"}]},{"@type":"WebSite","@id":"https:\/\/iberoid-shop.com\/fr\/#website","url":"https:\/\/iberoid-shop.com\/fr\/","name":"(Espa\u00f1ol) Esteroides en l\u00ednea","description":"(Espa\u00f1ol) Comprar esteroides en l\u00ednea hoy en Espa\u00f1a y Portugal. Tenemos el mejor servicio al cliente en la industria y los productos de la m\u00e1s alta calidad","potentialAction":[{"@type":"SearchAction","target":{"@type":"EntryPoint","urlTemplate":"https:\/\/iberoid-shop.com\/fr\/?s={search_term_string}"},"query-input":{"@type":"PropertyValueSpecification","valueRequired":true,"valueName":"search_term_string"}}],"inLanguage":"fr-FR"}]},"product_brand":"IMPERIA LABS","product_price_amount":"60.00","product_price_currency":"EUR","og_availability":"instock","product_availability":"instock","product_condition":"new"},"_links":{"self":[{"href":"https:\/\/iberoid-shop.com\/fr\/wp-json\/wp\/v2\/product\/9660","targetHints":{"allow":["GET"]}}],"collection":[{"href":"https:\/\/iberoid-shop.com\/fr\/wp-json\/wp\/v2\/product"}],"about":[{"href":"https:\/\/iberoid-shop.com\/fr\/wp-json\/wp\/v2\/types\/product"}],"replies":[{"embeddable":true,"href":"https:\/\/iberoid-shop.com\/fr\/wp-json\/wp\/v2\/comments?post=9660"}],"wp:featuredmedia":[{"embeddable":true,"href":"https:\/\/iberoid-shop.com\/fr\/wp-json\/wp\/v2\/media\/9661"}],"wp:attachment":[{"href":"https:\/\/iberoid-shop.com\/fr\/wp-json\/wp\/v2\/media?parent=9660"}],"wp:term":[{"taxonomy":"product_brand","embeddable":true,"href":"https:\/\/iberoid-shop.com\/fr\/wp-json\/wp\/v2\/product_brand?post=9660"},{"taxonomy":"product_cat","embeddable":true,"href":"https:\/\/iberoid-shop.com\/fr\/wp-json\/wp\/v2\/product_cat?post=9660"},{"taxonomy":"product_tag","embeddable":true,"href":"https:\/\/iberoid-shop.com\/fr\/wp-json\/wp\/v2\/product_tag?post=9660"}],"curies":[{"name":"wp","href":"https:\/\/api.w.org\/{rel}","templated":true}]}}