{"id":9656,"date":"2024-09-15T12:45:14","date_gmt":"2024-09-15T12:45:14","guid":{"rendered":"https:\/\/iberoid-shop.com\/?post_type=product&#038;p=9656"},"modified":"2025-01-26T14:03:48","modified_gmt":"2025-01-26T14:03:48","slug":"testosteronecypionate250mg-imperia-labs","status":"publish","type":"product","link":"https:\/\/iberoid-shop.com\/fr\/product\/testosteronecypionate250mg-imperia-labs\/","title":{"rendered":"TESTOSTERONE CYPIONATE 250mg"},"content":{"rendered":"<p>TESTOSTERONE CYPIONATE 250mg est un produit injectable qui est souvent utilis\u00e9 par les culturistes dans un cycle de st\u00e9ro\u00efdes. La substance active de ce m\u00e9dicament est la testost\u00e9rone cypionate.<\/p>\n<p>Caract\u00e9ristiques de la testost\u00e9rone cypionate\u00a0:<br \/>\nAugmente la synth\u00e8se des prot\u00e9ines dans le corps\u00a0;<br \/>\nAugmente la capacit\u00e9 de r\u00e9cup\u00e9ration apr\u00e8s l&rsquo;entra\u00eenement (l&rsquo;utilisateur r\u00e9cup\u00e8re beaucoup plus rapidement)\u00a0;<br \/>\nAide \u00e0 restaurer les articulations douloureuses\u00a0;<br \/>\nAugmente la capacit\u00e9 d&rsquo;oxyg\u00e9nation du sang.<br \/>\nEffets positifs\u00a0:<br \/>\nCroissance musculaire efficace (6 \u00e0 10 kg de muscle peuvent \u00eatre ajout\u00e9s en 6 semaines)\u00a0;<br \/>\nImpact minimal sur le processus de combustion des graisses corporelles\u00a0;<br \/>\nCroissance efficace des indicateurs de force\u00a0;<br \/>\nAugmentation de la libido (augmentation de l&rsquo;\u00e9rection et du d\u00e9sir sexuel).<br \/>\nDosage et dur\u00e9e du cycle<\/p>\n<p>Les dosages pour les hommes ne d\u00e9passent pas 500 mg par semaine, qui sont divis\u00e9s en deux doses \u00e9gales \u00e0 des jours diff\u00e9rents, par exemple, le lundi et le jeudi, 250 mg chacun.Un cycle de testost\u00e9rone Cypionate dure g\u00e9n\u00e9ralement de 5 \u00e0 6 semaines.<\/p>\n<p>Compatibilit\u00e9 avec d&rsquo;autres st\u00e9ro\u00efdes<\/p>\n<p>Le Cypionate 250 peut \u00eatre pris avec de la nandrolone, de la testost\u00e9rone ou d&rsquo;autres st\u00e9ro\u00efdes injectables, qui sont d\u00e9cemment inond\u00e9s d&rsquo;eau, mais qui font \u00e9galement grossir la masse. Cela est n\u00e9cessaire pour obtenir une meilleure masse musculaire, mais apr\u00e8s cela, le PCT est n\u00e9cessaire. Dans le processus de s\u00e9chage, il est souvent utilis\u00e9 avec du stanozolol injectable, afin de ne pas surcharger le foie. S&rsquo;il y a une combinaison de m\u00e9dicaments, alors, bien s\u00fbr, le dosage de Cypionate 250 est r\u00e9duit.<\/p>","protected":false},"excerpt":{"rendered":"<p>TESTOSTERONE CYPIONATE 250mg est un produit injectable qui est souvent utilis\u00e9 par les culturistes dans un cycle de st\u00e9ro\u00efdes. La<\/p>\n","protected":false},"featured_media":9657,"comment_status":"open","ping_status":"closed","template":"","meta":[],"product_brand":[],"product_cat":[69],"product_tag":[],"class_list":{"0":"post-9656","1":"product","2":"type-product","3":"status-publish","4":"has-post-thumbnail","6":"product_cat-esteroides_inyectables","8":"first","9":"outofstock","10":"sale","11":"shipping-taxable","12":"purchasable","13":"product-type-simple"},"yoast_head":"<!-- This site is optimized with the Yoast SEO Premium plugin v24.4 (Yoast SEO v27.3) - https:\/\/yoast.com\/product\/yoast-seo-premium-wordpress\/ -->\n<title>TESTOSTERONE CYPIONATE 250mg - (Espa\u00f1ol) Esteroides en l\u00ednea<\/title>\n<meta name=\"robots\" content=\"index, follow, max-snippet:-1, max-image-preview:large, max-video-preview:-1\" \/>\n<link rel=\"canonical\" href=\"https:\/\/iberoid-shop.com\/fr\/product\/testosteronecypionate250mg-imperia-labs\/\" \/>\n<meta property=\"og:locale\" content=\"fr_FR\" \/>\n<meta property=\"og:type\" content=\"article\" \/>\n<meta property=\"og:title\" content=\"TESTOSTERONE CYPIONATE 250mg\" \/>\n<meta property=\"og:description\" content=\"TESTOSTERONE CYPIONATE 250mg est un produit injectable qui est souvent utilis\u00e9 par les culturistes dans un cycle de st\u00e9ro\u00efdes. La\" \/>\n<meta property=\"og:url\" content=\"https:\/\/iberoid-shop.com\/fr\/product\/testosteronecypionate250mg-imperia-labs\/\" \/>\n<meta property=\"og:site_name\" content=\"(Espa\u00f1ol) Esteroides en l\u00ednea\" \/>\n<meta property=\"article:modified_time\" content=\"2025-01-26T14:03:48+00:00\" \/>\n<meta property=\"og:image\" content=\"https:\/\/iberoid-shop.com\/wp-content\/uploads\/2024\/09\/CYPIONATE-scaled.jpg?v=1726404301\" \/>\n\t<meta property=\"og:image:width\" content=\"1920\" \/>\n\t<meta property=\"og:image:height\" content=\"2560\" \/>\n\t<meta property=\"og:image:type\" content=\"image\/jpeg\" \/>\n<meta name=\"twitter:card\" content=\"summary_large_image\" \/>\n<meta name=\"twitter:label1\" content=\"Prix\" \/>\n\t<meta name=\"twitter:data1\" content=\"&euro;55.00\" \/>\n\t<meta name=\"twitter:label2\" content=\"Disponibilit\u00e9\" \/>\n\t<meta name=\"twitter:data2\" content=\"Rupture de stock\" \/>\n<script type=\"application\/ld+json\" class=\"yoast-schema-graph\">{\"@context\":\"https:\\\/\\\/schema.org\",\"@graph\":[{\"@type\":\"WebPage\",\"@id\":\"https:\\\/\\\/iberoid-shop.com\\\/fr\\\/product\\\/testosteronecypionate250mg-imperia-labs\\\/\",\"url\":\"https:\\\/\\\/iberoid-shop.com\\\/fr\\\/product\\\/testosteronecypionate250mg-imperia-labs\\\/\",\"name\":\"TESTOSTERONE CYPIONATE 250mg - (Espa\u00f1ol) Esteroides en l\u00ednea\",\"isPartOf\":{\"@id\":\"https:\\\/\\\/iberoid-shop.com\\\/fr\\\/#website\"},\"primaryImageOfPage\":{\"@id\":\"https:\\\/\\\/iberoid-shop.com\\\/fr\\\/product\\\/testosteronecypionate250mg-imperia-labs\\\/#primaryimage\"},\"image\":{\"@id\":\"https:\\\/\\\/iberoid-shop.com\\\/fr\\\/product\\\/testosteronecypionate250mg-imperia-labs\\\/#primaryimage\"},\"thumbnailUrl\":\"https:\\\/\\\/iberoid-shop.com\\\/wp-content\\\/uploads\\\/2024\\\/09\\\/CYPIONATE-scaled.jpg?v=1726404301\",\"datePublished\":\"2024-09-15T12:45:14+00:00\",\"dateModified\":\"2025-01-26T14:03:48+00:00\",\"breadcrumb\":{\"@id\":\"https:\\\/\\\/iberoid-shop.com\\\/fr\\\/product\\\/testosteronecypionate250mg-imperia-labs\\\/#breadcrumb\"},\"inLanguage\":\"fr-FR\",\"potentialAction\":[{\"@type\":\"ReadAction\",\"target\":[[\"https:\\\/\\\/iberoid-shop.com\\\/fr\\\/product\\\/testosteronecypionate250mg-imperia-labs\\\/\"]]}]},{\"@type\":\"ImageObject\",\"inLanguage\":\"fr-FR\",\"@id\":\"https:\\\/\\\/iberoid-shop.com\\\/fr\\\/product\\\/testosteronecypionate250mg-imperia-labs\\\/#primaryimage\",\"url\":\"https:\\\/\\\/iberoid-shop.com\\\/wp-content\\\/uploads\\\/2024\\\/09\\\/CYPIONATE-scaled.jpg?v=1726404301\",\"contentUrl\":\"https:\\\/\\\/iberoid-shop.com\\\/wp-content\\\/uploads\\\/2024\\\/09\\\/CYPIONATE-scaled.jpg?v=1726404301\",\"width\":1920,\"height\":2560},{\"@type\":\"BreadcrumbList\",\"@id\":\"https:\\\/\\\/iberoid-shop.com\\\/fr\\\/product\\\/testosteronecypionate250mg-imperia-labs\\\/#breadcrumb\",\"itemListElement\":[{\"@type\":\"ListItem\",\"position\":1,\"name\":\"Portada\",\"item\":\"https:\\\/\\\/iberoid-shop.com\\\/fr\\\/\"},{\"@type\":\"ListItem\",\"position\":2,\"name\":\"Magasin\",\"item\":\"https:\\\/\\\/iberoid-shop.com\\\/fr\\\/shop\\\/\"},{\"@type\":\"ListItem\",\"position\":3,\"name\":\"TESTOSTERONE CYPIONATE 250mg\"}]},{\"@type\":\"WebSite\",\"@id\":\"https:\\\/\\\/iberoid-shop.com\\\/fr\\\/#website\",\"url\":\"https:\\\/\\\/iberoid-shop.com\\\/fr\\\/\",\"name\":\"(Espa\u00f1ol) Esteroides en l\u00ednea\",\"description\":\"(Espa\u00f1ol) Comprar esteroides en l\u00ednea hoy en Espa\u00f1a y Portugal. Tenemos el mejor servicio al cliente en la industria y los productos de la m\u00e1s alta calidad\",\"potentialAction\":[{\"@type\":\"SearchAction\",\"target\":{\"@type\":\"EntryPoint\",\"urlTemplate\":\"https:\\\/\\\/iberoid-shop.com\\\/fr\\\/?s={search_term_string}\"},\"query-input\":{\"@type\":\"PropertyValueSpecification\",\"valueRequired\":true,\"valueName\":\"search_term_string\"}}],\"inLanguage\":\"fr-FR\"}]}<\/script>\n<meta property=\"product:brand\" content=\"IMPERIA LABS\" \/>\n<meta property=\"product:price:amount\" content=\"55.00\" \/>\n<meta property=\"product:price:currency\" content=\"EUR\" \/>\n<meta property=\"og:availability\" content=\"out of stock\" \/>\n<meta property=\"product:availability\" content=\"out of stock\" \/>\n<meta property=\"product:condition\" content=\"new\" \/>\n<!-- \/ Yoast SEO Premium plugin. -->","yoast_head_json":{"title":"TESTOSTERONE CYPIONATE 250mg - (Espa\u00f1ol) Esteroides en l\u00ednea","robots":{"index":"index","follow":"follow","max-snippet":"max-snippet:-1","max-image-preview":"max-image-preview:large","max-video-preview":"max-video-preview:-1"},"canonical":"https:\/\/iberoid-shop.com\/fr\/product\/testosteronecypionate250mg-imperia-labs\/","og_locale":"fr_FR","og_type":"article","og_title":"TESTOSTERONE CYPIONATE 250mg","og_description":"TESTOSTERONE CYPIONATE 250mg est un produit injectable qui est souvent utilis\u00e9 par les culturistes dans un cycle de st\u00e9ro\u00efdes. La","og_url":"https:\/\/iberoid-shop.com\/fr\/product\/testosteronecypionate250mg-imperia-labs\/","og_site_name":"(Espa\u00f1ol) Esteroides en l\u00ednea","article_modified_time":"2025-01-26T14:03:48+00:00","og_image":[{"width":1920,"height":2560,"url":"https:\/\/iberoid-shop.com\/wp-content\/uploads\/2024\/09\/CYPIONATE-scaled.jpg?v=1726404301","type":"image\/jpeg"}],"twitter_card":"summary_large_image","twitter_misc":{"Prix":"&euro;55.00","Disponibilit\u00e9":"Rupture de stock"},"schema":{"@context":"https:\/\/schema.org","@graph":[{"@type":"WebPage","@id":"https:\/\/iberoid-shop.com\/fr\/product\/testosteronecypionate250mg-imperia-labs\/","url":"https:\/\/iberoid-shop.com\/fr\/product\/testosteronecypionate250mg-imperia-labs\/","name":"TESTOSTERONE CYPIONATE 250mg - (Espa\u00f1ol) Esteroides en l\u00ednea","isPartOf":{"@id":"https:\/\/iberoid-shop.com\/fr\/#website"},"primaryImageOfPage":{"@id":"https:\/\/iberoid-shop.com\/fr\/product\/testosteronecypionate250mg-imperia-labs\/#primaryimage"},"image":{"@id":"https:\/\/iberoid-shop.com\/fr\/product\/testosteronecypionate250mg-imperia-labs\/#primaryimage"},"thumbnailUrl":"https:\/\/iberoid-shop.com\/wp-content\/uploads\/2024\/09\/CYPIONATE-scaled.jpg?v=1726404301","datePublished":"2024-09-15T12:45:14+00:00","dateModified":"2025-01-26T14:03:48+00:00","breadcrumb":{"@id":"https:\/\/iberoid-shop.com\/fr\/product\/testosteronecypionate250mg-imperia-labs\/#breadcrumb"},"inLanguage":"fr-FR","potentialAction":[{"@type":"ReadAction","target":[["https:\/\/iberoid-shop.com\/fr\/product\/testosteronecypionate250mg-imperia-labs\/"]]}]},{"@type":"ImageObject","inLanguage":"fr-FR","@id":"https:\/\/iberoid-shop.com\/fr\/product\/testosteronecypionate250mg-imperia-labs\/#primaryimage","url":"https:\/\/iberoid-shop.com\/wp-content\/uploads\/2024\/09\/CYPIONATE-scaled.jpg?v=1726404301","contentUrl":"https:\/\/iberoid-shop.com\/wp-content\/uploads\/2024\/09\/CYPIONATE-scaled.jpg?v=1726404301","width":1920,"height":2560},{"@type":"BreadcrumbList","@id":"https:\/\/iberoid-shop.com\/fr\/product\/testosteronecypionate250mg-imperia-labs\/#breadcrumb","itemListElement":[{"@type":"ListItem","position":1,"name":"Portada","item":"https:\/\/iberoid-shop.com\/fr\/"},{"@type":"ListItem","position":2,"name":"Magasin","item":"https:\/\/iberoid-shop.com\/fr\/shop\/"},{"@type":"ListItem","position":3,"name":"TESTOSTERONE CYPIONATE 250mg"}]},{"@type":"WebSite","@id":"https:\/\/iberoid-shop.com\/fr\/#website","url":"https:\/\/iberoid-shop.com\/fr\/","name":"(Espa\u00f1ol) Esteroides en l\u00ednea","description":"(Espa\u00f1ol) Comprar esteroides en l\u00ednea hoy en Espa\u00f1a y Portugal. Tenemos el mejor servicio al cliente en la industria y los productos de la m\u00e1s alta calidad","potentialAction":[{"@type":"SearchAction","target":{"@type":"EntryPoint","urlTemplate":"https:\/\/iberoid-shop.com\/fr\/?s={search_term_string}"},"query-input":{"@type":"PropertyValueSpecification","valueRequired":true,"valueName":"search_term_string"}}],"inLanguage":"fr-FR"}]},"product_brand":"IMPERIA LABS","product_price_amount":"55.00","product_price_currency":"EUR","og_availability":"out of stock","product_availability":"out of stock","product_condition":"new"},"_links":{"self":[{"href":"https:\/\/iberoid-shop.com\/fr\/wp-json\/wp\/v2\/product\/9656","targetHints":{"allow":["GET"]}}],"collection":[{"href":"https:\/\/iberoid-shop.com\/fr\/wp-json\/wp\/v2\/product"}],"about":[{"href":"https:\/\/iberoid-shop.com\/fr\/wp-json\/wp\/v2\/types\/product"}],"replies":[{"embeddable":true,"href":"https:\/\/iberoid-shop.com\/fr\/wp-json\/wp\/v2\/comments?post=9656"}],"wp:featuredmedia":[{"embeddable":true,"href":"https:\/\/iberoid-shop.com\/fr\/wp-json\/wp\/v2\/media\/9657"}],"wp:attachment":[{"href":"https:\/\/iberoid-shop.com\/fr\/wp-json\/wp\/v2\/media?parent=9656"}],"wp:term":[{"taxonomy":"product_brand","embeddable":true,"href":"https:\/\/iberoid-shop.com\/fr\/wp-json\/wp\/v2\/product_brand?post=9656"},{"taxonomy":"product_cat","embeddable":true,"href":"https:\/\/iberoid-shop.com\/fr\/wp-json\/wp\/v2\/product_cat?post=9656"},{"taxonomy":"product_tag","embeddable":true,"href":"https:\/\/iberoid-shop.com\/fr\/wp-json\/wp\/v2\/product_tag?post=9656"}],"curies":[{"name":"wp","href":"https:\/\/api.w.org\/{rel}","templated":true}]}}