{"id":9650,"date":"2024-09-15T12:24:00","date_gmt":"2024-09-15T12:24:00","guid":{"rendered":"https:\/\/iberoid-shop.com\/?post_type=product&#038;p=9650"},"modified":"2026-02-13T16:05:15","modified_gmt":"2026-02-13T16:05:15","slug":"primobolan-100mg-imperia-labs","status":"publish","type":"product","link":"https:\/\/iberoid-shop.com\/fr\/product\/primobolan-100mg-imperia-labs\/","title":{"rendered":"Primobolan 100mg"},"content":{"rendered":"<p>Primobolan 100 est un m\u00e9dicament \u00e0 activit\u00e9 androg\u00e9nique et anabolique connu de nombreux athl\u00e8tes sous le nom de Primobolan. Le principal ingr\u00e9dient actif est le m\u00e9th\u00e9nolone \u00e9nanthate qui est la forme injectable de Primobolan. Selon sa structure chimique, le m\u00e9dicament est un d\u00e9riv\u00e9 de la dihydrotestost\u00e9rone. En p\u00e9n\u00e9trant dans le corps, les composants actifs du m\u00e9th\u00e9nolone \u00e9nanthate s&rsquo;accumulent dans la couche de graisse, apr\u00e8s quoi ils p\u00e9n\u00e8trent progressivement dans la circulation sanguine.<\/p>\n<p>Action de Primobolan<\/p>\n<p>Les athl\u00e8tes exp\u00e9riment\u00e9s pr\u00e9f\u00e8rent la forme injectable du st\u00e9ro\u00efde. \u00c0 leur avis, les injections sont plus efficaces et ont un peu moins d&rsquo;effets n\u00e9gatifs sur la sant\u00e9. Parmi le grand nombre d&rsquo;effets b\u00e9n\u00e9fiques, les athl\u00e8tes choisissent le m\u00e9dicament car, avec son aide, il est possible d&rsquo;obtenir :<\/p>\n<p>Croissance musculaire acc\u00e9l\u00e9r\u00e9e ;<br \/>\nAugmentation des indicateurs de force ;<br \/>\nSuppression des d\u00e9p\u00f4ts graisseux ;<br \/>\nAm\u00e9lioration de la qualit\u00e9 des muscles, augmentation de leur d\u00e9finition et de leur trac\u00e9.<\/p>\n<p>Fondamentalement, ce m\u00e9dicament a trouv\u00e9 une utilisation g\u00e9n\u00e9ralis\u00e9e dans les cycles con\u00e7us pour am\u00e9liorer la qualit\u00e9 des muscles. En m\u00eame temps, apr\u00e8s la fin de la prise, l&rsquo;effet de retour en arri\u00e8re est minime.<\/p>\n<p>Recommandations d&rsquo;utilisation de Primobolan<\/p>\n<p>Ce st\u00e9ro\u00efde est essentiellement utilis\u00e9 par les athl\u00e8tes dans les cas o\u00f9 il est n\u00e9cessaire d&rsquo;am\u00e9liorer la qualit\u00e9 de la musculature, ainsi que de lui donner du tra\u00e7age et de la vascularisation. De nombreux experts recommandent de passer l&rsquo;ensemble des tests n\u00e9cessaires et de consulter un m\u00e9decin avant de prendre le m\u00e9dicament, ce qui vous permettra de garder sous contr\u00f4le les principaux indicateurs physiologiques. L&rsquo;administration solo du m\u00e9dicament ne peut pas durer plus de 8 semaines, tandis que la dose hebdomadaire ne doit pas d\u00e9passer 400 mg. La PCT doit \u00eatre effectu\u00e9e 3 semaines apr\u00e8s la derni\u00e8re injection. Primobolan peut \u00eatre pris avec d&rsquo;autres st\u00e9ro\u00efdes. Par exemple, pour gagner de la masse musculaire, vous pouvez prendre le m\u00e9dicament avec de la nandrolone, de la m\u00e9thandrost\u00e9nolone, diverses testost\u00e9rones, du sustanon et de l&rsquo;oxym\u00e9tholone. Lorsqu&rsquo;il est pris correctement, un cycle combin\u00e9 vous permet d&rsquo;obtenir d&rsquo;excellents r\u00e9sultats avec des effets secondaires minimes. Les experts ne recommandent pas de prendre un st\u00e9ro\u00efde en association avec plus de deux m\u00e9dicaments st\u00e9ro\u00efdes. Pour une plus grande efficacit\u00e9 du cycle combin\u00e9, il est recommand\u00e9 d&rsquo;utiliser la moiti\u00e9 des dosages. Il est extr\u00eamement contre-indiqu\u00e9 pour les femmes de suivre un cycle combin\u00e9 de st\u00e9ro\u00efdes.<\/p>","protected":false},"excerpt":{"rendered":"<p>Primobolan 100 est un m\u00e9dicament \u00e0 activit\u00e9 androg\u00e9nique et anabolique connu de nombreux athl\u00e8tes sous le nom de Primobolan. Le<\/p>\n","protected":false},"featured_media":9651,"comment_status":"open","ping_status":"closed","template":"","meta":[],"product_brand":[3532],"product_cat":[69],"product_tag":[],"class_list":{"0":"post-9650","1":"product","2":"type-product","3":"status-publish","4":"has-post-thumbnail","6":"product_brand-imperia-labs","7":"product_cat-esteroides_inyectables","9":"first","10":"instock","11":"sale","12":"shipping-taxable","13":"purchasable","14":"product-type-simple"},"yoast_head":"<!-- This site is optimized with the Yoast SEO Premium plugin v24.4 (Yoast SEO v27.0) - https:\/\/yoast.com\/product\/yoast-seo-premium-wordpress\/ -->\n<title>Primobolan 100mg - (Espa\u00f1ol) Esteroides en l\u00ednea<\/title>\n<meta name=\"description\" content=\"Primobolan 100 (m\u00e9th\u00e9nolone \u00e9nanthate) est un st\u00e9ro\u00efde anabolisant injectable utilis\u00e9 par les athl\u00e8tes pour la croissance musculaire, les gains de force, la perte de graisse et l&#039;am\u00e9lioration de la d\u00e9finition musculaire.\" \/>\n<meta name=\"robots\" content=\"index, follow, max-snippet:-1, max-image-preview:large, max-video-preview:-1\" \/>\n<link rel=\"canonical\" href=\"https:\/\/iberoid-shop.com\/fr\/product\/primobolan-100mg-imperia-labs\/\" \/>\n<meta property=\"og:locale\" content=\"fr_FR\" \/>\n<meta property=\"og:type\" content=\"article\" \/>\n<meta property=\"og:title\" content=\"Primobolan 100mg\" \/>\n<meta property=\"og:description\" content=\"Primobolan 100 (m\u00e9th\u00e9nolone \u00e9nanthate) est un st\u00e9ro\u00efde anabolisant injectable utilis\u00e9 par les athl\u00e8tes pour la croissance musculaire, les gains de force, la perte de graisse et l&#039;am\u00e9lioration de la d\u00e9finition musculaire.\" \/>\n<meta property=\"og:url\" content=\"https:\/\/iberoid-shop.com\/fr\/product\/primobolan-100mg-imperia-labs\/\" \/>\n<meta property=\"og:site_name\" content=\"(Espa\u00f1ol) Esteroides en l\u00ednea\" \/>\n<meta property=\"article:modified_time\" content=\"2026-02-13T16:05:15+00:00\" \/>\n<meta property=\"og:image\" content=\"https:\/\/iberoid-shop.com\/wp-content\/uploads\/2024\/09\/Imperia-Labs-Primobolan-100-1.jpg?v=1726403007\" \/>\n\t<meta property=\"og:image:width\" content=\"2560\" \/>\n\t<meta property=\"og:image:height\" content=\"1707\" \/>\n\t<meta property=\"og:image:type\" content=\"image\/jpeg\" \/>\n<meta name=\"twitter:card\" content=\"summary_large_image\" \/>\n<meta name=\"twitter:label1\" content=\"Prix\" \/>\n\t<meta name=\"twitter:data1\" content=\"&euro;75.00\" \/>\n\t<meta name=\"twitter:label2\" content=\"Disponibilit\u00e9\" \/>\n\t<meta name=\"twitter:data2\" content=\"En stock\" \/>\n<script type=\"application\/ld+json\" class=\"yoast-schema-graph\">{\"@context\":\"https:\/\/schema.org\",\"@graph\":[{\"@type\":\"WebPage\",\"@id\":\"https:\/\/iberoid-shop.com\/fr\/product\/primobolan-100mg-imperia-labs\/\",\"url\":\"https:\/\/iberoid-shop.com\/fr\/product\/primobolan-100mg-imperia-labs\/\",\"name\":\"Primobolan 100mg - (Espa\u00f1ol) Esteroides en l\u00ednea\",\"isPartOf\":{\"@id\":\"https:\/\/iberoid-shop.com\/fr\/#website\"},\"primaryImageOfPage\":{\"@id\":\"https:\/\/iberoid-shop.com\/fr\/product\/primobolan-100mg-imperia-labs\/#primaryimage\"},\"image\":{\"@id\":\"https:\/\/iberoid-shop.com\/fr\/product\/primobolan-100mg-imperia-labs\/#primaryimage\"},\"thumbnailUrl\":\"https:\/\/iberoid-shop.com\/wp-content\/uploads\/2024\/09\/Imperia-Labs-Primobolan-100-1.jpg?v=1726403007\",\"datePublished\":\"2024-09-15T12:24:00+00:00\",\"dateModified\":\"2026-02-13T16:05:15+00:00\",\"description\":\"Primobolan 100 (m\u00e9th\u00e9nolone \u00e9nanthate) est un st\u00e9ro\u00efde anabolisant injectable utilis\u00e9 par les athl\u00e8tes pour la croissance musculaire, les gains de force, la perte de graisse et l'am\u00e9lioration de la d\u00e9finition musculaire.\",\"breadcrumb\":{\"@id\":\"https:\/\/iberoid-shop.com\/fr\/product\/primobolan-100mg-imperia-labs\/#breadcrumb\"},\"inLanguage\":\"fr-FR\",\"potentialAction\":[{\"@type\":\"ReadAction\",\"target\":[[\"https:\/\/iberoid-shop.com\/fr\/product\/primobolan-100mg-imperia-labs\/\"]]}]},{\"@type\":\"ImageObject\",\"inLanguage\":\"fr-FR\",\"@id\":\"https:\/\/iberoid-shop.com\/fr\/product\/primobolan-100mg-imperia-labs\/#primaryimage\",\"url\":\"https:\/\/iberoid-shop.com\/wp-content\/uploads\/2024\/09\/Imperia-Labs-Primobolan-100-1.jpg?v=1726403007\",\"contentUrl\":\"https:\/\/iberoid-shop.com\/wp-content\/uploads\/2024\/09\/Imperia-Labs-Primobolan-100-1.jpg?v=1726403007\",\"width\":2560,\"height\":1707},{\"@type\":\"BreadcrumbList\",\"@id\":\"https:\/\/iberoid-shop.com\/fr\/product\/primobolan-100mg-imperia-labs\/#breadcrumb\",\"itemListElement\":[{\"@type\":\"ListItem\",\"position\":1,\"name\":\"Portada\",\"item\":\"https:\/\/iberoid-shop.com\/fr\/\"},{\"@type\":\"ListItem\",\"position\":2,\"name\":\"Magasin\",\"item\":\"https:\/\/iberoid-shop.com\/fr\/shop\/\"},{\"@type\":\"ListItem\",\"position\":3,\"name\":\"Primobolan 100mg\"}]},{\"@type\":\"WebSite\",\"@id\":\"https:\/\/iberoid-shop.com\/fr\/#website\",\"url\":\"https:\/\/iberoid-shop.com\/fr\/\",\"name\":\"(Espa\u00f1ol) Esteroides en l\u00ednea\",\"description\":\"(Espa\u00f1ol) Comprar esteroides en l\u00ednea hoy en Espa\u00f1a y Portugal. Tenemos el mejor servicio al cliente en la industria y los productos de la m\u00e1s alta calidad\",\"potentialAction\":[{\"@type\":\"SearchAction\",\"target\":{\"@type\":\"EntryPoint\",\"urlTemplate\":\"https:\/\/iberoid-shop.com\/fr\/?s={search_term_string}\"},\"query-input\":{\"@type\":\"PropertyValueSpecification\",\"valueRequired\":true,\"valueName\":\"search_term_string\"}}],\"inLanguage\":\"fr-FR\"}]}<\/script>\n<meta property=\"product:brand\" content=\"IMPERIA LABS\" \/>\n<meta property=\"product:price:amount\" content=\"75.00\" \/>\n<meta property=\"product:price:currency\" content=\"EUR\" \/>\n<meta property=\"og:availability\" content=\"instock\" \/>\n<meta property=\"product:availability\" content=\"instock\" \/>\n<meta property=\"product:condition\" content=\"new\" \/>\n<!-- \/ Yoast SEO Premium plugin. -->","yoast_head_json":{"title":"Primobolan 100mg - (Espa\u00f1ol) Esteroides en l\u00ednea","description":"Primobolan 100 (m\u00e9th\u00e9nolone \u00e9nanthate) est un st\u00e9ro\u00efde anabolisant injectable utilis\u00e9 par les athl\u00e8tes pour la croissance musculaire, les gains de force, la perte de graisse et l'am\u00e9lioration de la d\u00e9finition musculaire.","robots":{"index":"index","follow":"follow","max-snippet":"max-snippet:-1","max-image-preview":"max-image-preview:large","max-video-preview":"max-video-preview:-1"},"canonical":"https:\/\/iberoid-shop.com\/fr\/product\/primobolan-100mg-imperia-labs\/","og_locale":"fr_FR","og_type":"article","og_title":"Primobolan 100mg","og_description":"Primobolan 100 (m\u00e9th\u00e9nolone \u00e9nanthate) est un st\u00e9ro\u00efde anabolisant injectable utilis\u00e9 par les athl\u00e8tes pour la croissance musculaire, les gains de force, la perte de graisse et l'am\u00e9lioration de la d\u00e9finition musculaire.","og_url":"https:\/\/iberoid-shop.com\/fr\/product\/primobolan-100mg-imperia-labs\/","og_site_name":"(Espa\u00f1ol) Esteroides en l\u00ednea","article_modified_time":"2026-02-13T16:05:15+00:00","og_image":[{"width":2560,"height":1707,"url":"https:\/\/iberoid-shop.com\/wp-content\/uploads\/2024\/09\/Imperia-Labs-Primobolan-100-1.jpg?v=1726403007","type":"image\/jpeg"}],"twitter_card":"summary_large_image","twitter_misc":{"Prix":"&euro;75.00","Disponibilit\u00e9":"En stock"},"schema":{"@context":"https:\/\/schema.org","@graph":[{"@type":"WebPage","@id":"https:\/\/iberoid-shop.com\/fr\/product\/primobolan-100mg-imperia-labs\/","url":"https:\/\/iberoid-shop.com\/fr\/product\/primobolan-100mg-imperia-labs\/","name":"Primobolan 100mg - (Espa\u00f1ol) Esteroides en l\u00ednea","isPartOf":{"@id":"https:\/\/iberoid-shop.com\/fr\/#website"},"primaryImageOfPage":{"@id":"https:\/\/iberoid-shop.com\/fr\/product\/primobolan-100mg-imperia-labs\/#primaryimage"},"image":{"@id":"https:\/\/iberoid-shop.com\/fr\/product\/primobolan-100mg-imperia-labs\/#primaryimage"},"thumbnailUrl":"https:\/\/iberoid-shop.com\/wp-content\/uploads\/2024\/09\/Imperia-Labs-Primobolan-100-1.jpg?v=1726403007","datePublished":"2024-09-15T12:24:00+00:00","dateModified":"2026-02-13T16:05:15+00:00","description":"Primobolan 100 (m\u00e9th\u00e9nolone \u00e9nanthate) est un st\u00e9ro\u00efde anabolisant injectable utilis\u00e9 par les athl\u00e8tes pour la croissance musculaire, les gains de force, la perte de graisse et l'am\u00e9lioration de la d\u00e9finition musculaire.","breadcrumb":{"@id":"https:\/\/iberoid-shop.com\/fr\/product\/primobolan-100mg-imperia-labs\/#breadcrumb"},"inLanguage":"fr-FR","potentialAction":[{"@type":"ReadAction","target":[["https:\/\/iberoid-shop.com\/fr\/product\/primobolan-100mg-imperia-labs\/"]]}]},{"@type":"ImageObject","inLanguage":"fr-FR","@id":"https:\/\/iberoid-shop.com\/fr\/product\/primobolan-100mg-imperia-labs\/#primaryimage","url":"https:\/\/iberoid-shop.com\/wp-content\/uploads\/2024\/09\/Imperia-Labs-Primobolan-100-1.jpg?v=1726403007","contentUrl":"https:\/\/iberoid-shop.com\/wp-content\/uploads\/2024\/09\/Imperia-Labs-Primobolan-100-1.jpg?v=1726403007","width":2560,"height":1707},{"@type":"BreadcrumbList","@id":"https:\/\/iberoid-shop.com\/fr\/product\/primobolan-100mg-imperia-labs\/#breadcrumb","itemListElement":[{"@type":"ListItem","position":1,"name":"Portada","item":"https:\/\/iberoid-shop.com\/fr\/"},{"@type":"ListItem","position":2,"name":"Magasin","item":"https:\/\/iberoid-shop.com\/fr\/shop\/"},{"@type":"ListItem","position":3,"name":"Primobolan 100mg"}]},{"@type":"WebSite","@id":"https:\/\/iberoid-shop.com\/fr\/#website","url":"https:\/\/iberoid-shop.com\/fr\/","name":"(Espa\u00f1ol) Esteroides en l\u00ednea","description":"(Espa\u00f1ol) Comprar esteroides en l\u00ednea hoy en Espa\u00f1a y Portugal. Tenemos el mejor servicio al cliente en la industria y los productos de la m\u00e1s alta calidad","potentialAction":[{"@type":"SearchAction","target":{"@type":"EntryPoint","urlTemplate":"https:\/\/iberoid-shop.com\/fr\/?s={search_term_string}"},"query-input":{"@type":"PropertyValueSpecification","valueRequired":true,"valueName":"search_term_string"}}],"inLanguage":"fr-FR"}]},"product_brand":"IMPERIA LABS","product_price_amount":"75.00","product_price_currency":"EUR","og_availability":"instock","product_availability":"instock","product_condition":"new"},"_links":{"self":[{"href":"https:\/\/iberoid-shop.com\/fr\/wp-json\/wp\/v2\/product\/9650","targetHints":{"allow":["GET"]}}],"collection":[{"href":"https:\/\/iberoid-shop.com\/fr\/wp-json\/wp\/v2\/product"}],"about":[{"href":"https:\/\/iberoid-shop.com\/fr\/wp-json\/wp\/v2\/types\/product"}],"replies":[{"embeddable":true,"href":"https:\/\/iberoid-shop.com\/fr\/wp-json\/wp\/v2\/comments?post=9650"}],"wp:featuredmedia":[{"embeddable":true,"href":"https:\/\/iberoid-shop.com\/fr\/wp-json\/wp\/v2\/media\/9651"}],"wp:attachment":[{"href":"https:\/\/iberoid-shop.com\/fr\/wp-json\/wp\/v2\/media?parent=9650"}],"wp:term":[{"taxonomy":"product_brand","embeddable":true,"href":"https:\/\/iberoid-shop.com\/fr\/wp-json\/wp\/v2\/product_brand?post=9650"},{"taxonomy":"product_cat","embeddable":true,"href":"https:\/\/iberoid-shop.com\/fr\/wp-json\/wp\/v2\/product_cat?post=9650"},{"taxonomy":"product_tag","embeddable":true,"href":"https:\/\/iberoid-shop.com\/fr\/wp-json\/wp\/v2\/product_tag?post=9650"}],"curies":[{"name":"wp","href":"https:\/\/api.w.org\/{rel}","templated":true}]}}