{"id":9646,"date":"2024-09-15T12:19:08","date_gmt":"2024-09-15T12:19:08","guid":{"rendered":"https:\/\/iberoid-shop.com\/?post_type=product&#038;p=9646"},"modified":"2026-02-16T11:35:02","modified_gmt":"2026-02-16T11:35:02","slug":"oxandrolone-10mg-imperia-labs","status":"publish","type":"product","link":"https:\/\/iberoid-shop.com\/fr\/product\/oxandrolone-10mg-imperia-labs\/","title":{"rendered":"Oxandrolone 10mg"},"content":{"rendered":"<p>L&rsquo;oxandrolone est un st\u00e9ro\u00efde synth\u00e9tique, similaire \u00e0 l&rsquo;hormone testost\u00e9rone dans le corps humain. La substance active de ce m\u00e9dicament est en fait l&rsquo;oxandrolone, qui est utilis\u00e9e en m\u00e9decine pour aider les personnes qui ne peuvent pas prendre ou conserver une quantit\u00e9 d\u00e9cente de poids pour des raisons m\u00e9dicales. Ce m\u00e9dicament peut aider \u00e0 r\u00e9cup\u00e9rer le poids perdu apr\u00e8s des op\u00e9rations cliniques, une blessure grave ou des maladies persistantes. Il est \u00e9galement utilis\u00e9 pour arr\u00eater l&rsquo;atrophie musculaire et pour r\u00e9duire l&rsquo;affaiblissement des os chez les personnes atteintes d&rsquo;ost\u00e9oporose.<\/p>\n<p>Effets de l&rsquo;oxandrolone<\/p>\n<p>L&rsquo;oxandrolone est consid\u00e9r\u00e9e comme l&rsquo;un des meilleurs m\u00e9dicaments pour les femmes, car \u00e0 doses mod\u00e9r\u00e9es, elle ne provoque pas de masculinisation. L&rsquo;oxandrolone convient le mieux \u00e0 celles qui souhaitent augmenter leurs capacit\u00e9s de force et acqu\u00e9rir quelques kilos de bonne masse musculaire. L&rsquo;augmentation des indicateurs de force s&rsquo;explique par la synth\u00e8se de cr\u00e9atine phosphate. Les muscles d&rsquo;un athl\u00e8te n&rsquo;accumulent pas d&rsquo;eau lors de l&rsquo;utilisation d&rsquo;Oxandrolone, ce qui permet d&rsquo;augmenter la force sans augmentation soudaine de la masse. Pour de nombreux athl\u00e8tes, c&rsquo;est tr\u00e8s important, car cela permet d&rsquo;augmenter la force sans changer de cat\u00e9gorie de poids.<\/p>\n<p>La bonne m\u00e9thode de prise d&rsquo;Oxandrolone<\/p>\n<p>Oxandrolone est g\u00e9n\u00e9ralement pris pendant une dur\u00e9e maximale de 4 \u00e0 6 semaines. La dose initiale recommand\u00e9e est de 40 \u00e0 50 mg par jour, divis\u00e9e en deux doses, afin que vous puissiez ressentir l&rsquo;effet de la prise d&rsquo;Anavar. Il peut \u00eatre utilis\u00e9 par les femmes \u00e0 des doses de 10 \u00e0 20 mg par jour. Il n&rsquo;est pas conseill\u00e9 de prendre Oxandrolone \u00e0 des doses plus \u00e9lev\u00e9es ou plus longtemps que recommand\u00e9. Cela n&rsquo;augmentera pas l&rsquo;efficacit\u00e9, mais augmentera seulement les effets secondaires. L&rsquo;Oxandrolone dans un cycle solo est capable de provoquer une augmentation de poids assez forte, mais uniquement chez les d\u00e9butants dont le corps n&rsquo;est pas encore habitu\u00e9 \u00e0 l&rsquo;utilisation de st\u00e9ro\u00efdes. Cependant, si vous combinez correctement Oxandrolone avec d&rsquo;autres m\u00e9dicaments, vous pouvez renforcer mutuellement leur effet et obtenir un excellent r\u00e9sultat sous la forme d&rsquo;une augmentation du poids corporel.<\/p>\n<p>Cycles combin\u00e9s<\/p>\n<p>L&rsquo;oxandrolone se combine parfaitement avec presque tous les st\u00e9ro\u00efdes, tout en donnant un fort effet synergique (il renforce l&rsquo;effet d&rsquo;un autre st\u00e9ro\u00efde dans le processus de prise de masse, \u00e0 son tour, un autre st\u00e9ro\u00efde augmente l&rsquo;effet de l&rsquo;oxandrolone en ajoutant de la force). Si vous \u00eates d\u00e9butant, une combinaison d&rsquo;oxandrolone + primobolan (ou bold\u00e9none) sera une excellente combinaison pour vous. Cette combinaison augmentera les capacit\u00e9s de puissance et avec son aide, vous pourrez gagner un poids important. De plus, elle sera relativement s\u00fbre en termes d&rsquo;effets secondaires. Ceux qui ont d\u00e9j\u00e0 pris des st\u00e9ro\u00efdes (en particulier Oxandrolone) peuvent prendre un cycle combin\u00e9 de Sustanon (250-500 mg par semaine) et d&rsquo;Oxandrolone (30-40 mg par jour). Beaucoup regarderont une telle combinaison avec ironie, croyant qu&rsquo;Oxandrolone n&rsquo;a pas sa place en combinaison avec un st\u00e9ro\u00efde aussi puissant que Sustanon, mais avec une telle combinaison, Oxandrolone r\u00e9v\u00e8le son potentiel de puissance, tout en aidant Sustanon \u00e0 travailler plus efficacement. Il n\u2019est pas difficile de comprendre que dans cette paire, Sustanon est responsable de la croissance des fibres musculaires, des processus de r\u00e9cup\u00e9ration et des indicateurs de force, et Oxandrolone am\u00e9liore ces effets plusieurs fois.<\/p>","protected":false},"excerpt":{"rendered":"<p>L&rsquo;oxandrolone est un st\u00e9ro\u00efde synth\u00e9tique, similaire \u00e0 l&rsquo;hormone testost\u00e9rone dans le corps humain. La substance active de ce m\u00e9dicament est<\/p>\n","protected":false},"featured_media":9647,"comment_status":"open","ping_status":"closed","template":"","meta":[],"product_brand":[3532],"product_cat":[73],"product_tag":[],"class_list":{"0":"post-9646","1":"product","2":"type-product","3":"status-publish","4":"has-post-thumbnail","6":"product_brand-imperia-labs","7":"product_cat-ssteroides_orales","9":"first","10":"instock","11":"sale","12":"shipping-taxable","13":"purchasable","14":"product-type-simple"},"yoast_head":"<!-- This site is optimized with the Yoast SEO Premium plugin v24.4 (Yoast SEO v27.0) - https:\/\/yoast.com\/product\/yoast-seo-premium-wordpress\/ -->\n<title>Oxandrolone 10mg - (Espa\u00f1ol) Esteroides en l\u00ednea<\/title>\n<meta name=\"description\" content=\"L&#039;Oxandrolone, un st\u00e9ro\u00efde synth\u00e9tique semblable \u00e0 la testost\u00e9rone, aide \u00e0 prendre du poids, pr\u00e9vient la perte musculaire et augmente la force sans r\u00e9tention d&#039;eau, id\u00e9al pour les athl\u00e8tes.\" \/>\n<meta name=\"robots\" content=\"index, follow, max-snippet:-1, max-image-preview:large, max-video-preview:-1\" \/>\n<link rel=\"canonical\" href=\"https:\/\/iberoid-shop.com\/fr\/product\/oxandrolone-10mg-imperia-labs\/\" \/>\n<meta property=\"og:locale\" content=\"fr_FR\" \/>\n<meta property=\"og:type\" content=\"article\" \/>\n<meta property=\"og:title\" content=\"Oxandrolone 10mg\" \/>\n<meta property=\"og:description\" content=\"L&#039;Oxandrolone, un st\u00e9ro\u00efde synth\u00e9tique semblable \u00e0 la testost\u00e9rone, aide \u00e0 prendre du poids, pr\u00e9vient la perte musculaire et augmente la force sans r\u00e9tention d&#039;eau, id\u00e9al pour les athl\u00e8tes.\" \/>\n<meta property=\"og:url\" content=\"https:\/\/iberoid-shop.com\/fr\/product\/oxandrolone-10mg-imperia-labs\/\" \/>\n<meta property=\"og:site_name\" content=\"(Espa\u00f1ol) Esteroides en l\u00ednea\" \/>\n<meta property=\"article:modified_time\" content=\"2026-02-16T11:35:02+00:00\" \/>\n<meta property=\"og:image\" content=\"https:\/\/iberoid-shop.com\/wp-content\/uploads\/2024\/09\/Imperia-Labs-Oxandrolone-10.jpg?v=1726402738\" \/>\n\t<meta property=\"og:image:width\" content=\"2560\" \/>\n\t<meta property=\"og:image:height\" content=\"1707\" \/>\n\t<meta property=\"og:image:type\" content=\"image\/jpeg\" \/>\n<meta name=\"twitter:card\" content=\"summary_large_image\" \/>\n<meta name=\"twitter:label1\" content=\"Prix\" \/>\n\t<meta name=\"twitter:data1\" content=\"&euro;75.00\" \/>\n\t<meta name=\"twitter:label2\" content=\"Disponibilit\u00e9\" \/>\n\t<meta name=\"twitter:data2\" content=\"En stock\" \/>\n<script type=\"application\/ld+json\" class=\"yoast-schema-graph\">{\"@context\":\"https:\/\/schema.org\",\"@graph\":[{\"@type\":\"WebPage\",\"@id\":\"https:\/\/iberoid-shop.com\/fr\/product\/oxandrolone-10mg-imperia-labs\/\",\"url\":\"https:\/\/iberoid-shop.com\/fr\/product\/oxandrolone-10mg-imperia-labs\/\",\"name\":\"Oxandrolone 10mg - (Espa\u00f1ol) Esteroides en l\u00ednea\",\"isPartOf\":{\"@id\":\"https:\/\/iberoid-shop.com\/fr\/#website\"},\"primaryImageOfPage\":{\"@id\":\"https:\/\/iberoid-shop.com\/fr\/product\/oxandrolone-10mg-imperia-labs\/#primaryimage\"},\"image\":{\"@id\":\"https:\/\/iberoid-shop.com\/fr\/product\/oxandrolone-10mg-imperia-labs\/#primaryimage\"},\"thumbnailUrl\":\"https:\/\/iberoid-shop.com\/wp-content\/uploads\/2024\/09\/Imperia-Labs-Oxandrolone-10.jpg?v=1726402738\",\"datePublished\":\"2024-09-15T12:19:08+00:00\",\"dateModified\":\"2026-02-16T11:35:02+00:00\",\"description\":\"L'Oxandrolone, un st\u00e9ro\u00efde synth\u00e9tique semblable \u00e0 la testost\u00e9rone, aide \u00e0 prendre du poids, pr\u00e9vient la perte musculaire et augmente la force sans r\u00e9tention d'eau, id\u00e9al pour les athl\u00e8tes.\",\"breadcrumb\":{\"@id\":\"https:\/\/iberoid-shop.com\/fr\/product\/oxandrolone-10mg-imperia-labs\/#breadcrumb\"},\"inLanguage\":\"fr-FR\",\"potentialAction\":[{\"@type\":\"ReadAction\",\"target\":[[\"https:\/\/iberoid-shop.com\/fr\/product\/oxandrolone-10mg-imperia-labs\/\"]]}]},{\"@type\":\"ImageObject\",\"inLanguage\":\"fr-FR\",\"@id\":\"https:\/\/iberoid-shop.com\/fr\/product\/oxandrolone-10mg-imperia-labs\/#primaryimage\",\"url\":\"https:\/\/iberoid-shop.com\/wp-content\/uploads\/2024\/09\/Imperia-Labs-Oxandrolone-10.jpg?v=1726402738\",\"contentUrl\":\"https:\/\/iberoid-shop.com\/wp-content\/uploads\/2024\/09\/Imperia-Labs-Oxandrolone-10.jpg?v=1726402738\",\"width\":2560,\"height\":1707},{\"@type\":\"BreadcrumbList\",\"@id\":\"https:\/\/iberoid-shop.com\/fr\/product\/oxandrolone-10mg-imperia-labs\/#breadcrumb\",\"itemListElement\":[{\"@type\":\"ListItem\",\"position\":1,\"name\":\"Portada\",\"item\":\"https:\/\/iberoid-shop.com\/fr\/\"},{\"@type\":\"ListItem\",\"position\":2,\"name\":\"Magasin\",\"item\":\"https:\/\/iberoid-shop.com\/fr\/shop\/\"},{\"@type\":\"ListItem\",\"position\":3,\"name\":\"Oxandrolone 10mg\"}]},{\"@type\":\"WebSite\",\"@id\":\"https:\/\/iberoid-shop.com\/fr\/#website\",\"url\":\"https:\/\/iberoid-shop.com\/fr\/\",\"name\":\"(Espa\u00f1ol) Esteroides en l\u00ednea\",\"description\":\"(Espa\u00f1ol) Comprar esteroides en l\u00ednea hoy en Espa\u00f1a y Portugal. Tenemos el mejor servicio al cliente en la industria y los productos de la m\u00e1s alta calidad\",\"potentialAction\":[{\"@type\":\"SearchAction\",\"target\":{\"@type\":\"EntryPoint\",\"urlTemplate\":\"https:\/\/iberoid-shop.com\/fr\/?s={search_term_string}\"},\"query-input\":{\"@type\":\"PropertyValueSpecification\",\"valueRequired\":true,\"valueName\":\"search_term_string\"}}],\"inLanguage\":\"fr-FR\"}]}<\/script>\n<meta property=\"product:brand\" content=\"IMPERIA LABS\" \/>\n<meta property=\"product:price:amount\" content=\"75.00\" \/>\n<meta property=\"product:price:currency\" content=\"EUR\" \/>\n<meta property=\"og:availability\" content=\"instock\" \/>\n<meta property=\"product:availability\" content=\"instock\" \/>\n<meta property=\"product:condition\" content=\"new\" \/>\n<!-- \/ Yoast SEO Premium plugin. -->","yoast_head_json":{"title":"Oxandrolone 10mg - (Espa\u00f1ol) Esteroides en l\u00ednea","description":"L'Oxandrolone, un st\u00e9ro\u00efde synth\u00e9tique semblable \u00e0 la testost\u00e9rone, aide \u00e0 prendre du poids, pr\u00e9vient la perte musculaire et augmente la force sans r\u00e9tention d'eau, id\u00e9al pour les athl\u00e8tes.","robots":{"index":"index","follow":"follow","max-snippet":"max-snippet:-1","max-image-preview":"max-image-preview:large","max-video-preview":"max-video-preview:-1"},"canonical":"https:\/\/iberoid-shop.com\/fr\/product\/oxandrolone-10mg-imperia-labs\/","og_locale":"fr_FR","og_type":"article","og_title":"Oxandrolone 10mg","og_description":"L'Oxandrolone, un st\u00e9ro\u00efde synth\u00e9tique semblable \u00e0 la testost\u00e9rone, aide \u00e0 prendre du poids, pr\u00e9vient la perte musculaire et augmente la force sans r\u00e9tention d'eau, id\u00e9al pour les athl\u00e8tes.","og_url":"https:\/\/iberoid-shop.com\/fr\/product\/oxandrolone-10mg-imperia-labs\/","og_site_name":"(Espa\u00f1ol) Esteroides en l\u00ednea","article_modified_time":"2026-02-16T11:35:02+00:00","og_image":[{"width":2560,"height":1707,"url":"https:\/\/iberoid-shop.com\/wp-content\/uploads\/2024\/09\/Imperia-Labs-Oxandrolone-10.jpg?v=1726402738","type":"image\/jpeg"}],"twitter_card":"summary_large_image","twitter_misc":{"Prix":"&euro;75.00","Disponibilit\u00e9":"En stock"},"schema":{"@context":"https:\/\/schema.org","@graph":[{"@type":"WebPage","@id":"https:\/\/iberoid-shop.com\/fr\/product\/oxandrolone-10mg-imperia-labs\/","url":"https:\/\/iberoid-shop.com\/fr\/product\/oxandrolone-10mg-imperia-labs\/","name":"Oxandrolone 10mg - (Espa\u00f1ol) Esteroides en l\u00ednea","isPartOf":{"@id":"https:\/\/iberoid-shop.com\/fr\/#website"},"primaryImageOfPage":{"@id":"https:\/\/iberoid-shop.com\/fr\/product\/oxandrolone-10mg-imperia-labs\/#primaryimage"},"image":{"@id":"https:\/\/iberoid-shop.com\/fr\/product\/oxandrolone-10mg-imperia-labs\/#primaryimage"},"thumbnailUrl":"https:\/\/iberoid-shop.com\/wp-content\/uploads\/2024\/09\/Imperia-Labs-Oxandrolone-10.jpg?v=1726402738","datePublished":"2024-09-15T12:19:08+00:00","dateModified":"2026-02-16T11:35:02+00:00","description":"L'Oxandrolone, un st\u00e9ro\u00efde synth\u00e9tique semblable \u00e0 la testost\u00e9rone, aide \u00e0 prendre du poids, pr\u00e9vient la perte musculaire et augmente la force sans r\u00e9tention d'eau, id\u00e9al pour les athl\u00e8tes.","breadcrumb":{"@id":"https:\/\/iberoid-shop.com\/fr\/product\/oxandrolone-10mg-imperia-labs\/#breadcrumb"},"inLanguage":"fr-FR","potentialAction":[{"@type":"ReadAction","target":[["https:\/\/iberoid-shop.com\/fr\/product\/oxandrolone-10mg-imperia-labs\/"]]}]},{"@type":"ImageObject","inLanguage":"fr-FR","@id":"https:\/\/iberoid-shop.com\/fr\/product\/oxandrolone-10mg-imperia-labs\/#primaryimage","url":"https:\/\/iberoid-shop.com\/wp-content\/uploads\/2024\/09\/Imperia-Labs-Oxandrolone-10.jpg?v=1726402738","contentUrl":"https:\/\/iberoid-shop.com\/wp-content\/uploads\/2024\/09\/Imperia-Labs-Oxandrolone-10.jpg?v=1726402738","width":2560,"height":1707},{"@type":"BreadcrumbList","@id":"https:\/\/iberoid-shop.com\/fr\/product\/oxandrolone-10mg-imperia-labs\/#breadcrumb","itemListElement":[{"@type":"ListItem","position":1,"name":"Portada","item":"https:\/\/iberoid-shop.com\/fr\/"},{"@type":"ListItem","position":2,"name":"Magasin","item":"https:\/\/iberoid-shop.com\/fr\/shop\/"},{"@type":"ListItem","position":3,"name":"Oxandrolone 10mg"}]},{"@type":"WebSite","@id":"https:\/\/iberoid-shop.com\/fr\/#website","url":"https:\/\/iberoid-shop.com\/fr\/","name":"(Espa\u00f1ol) Esteroides en l\u00ednea","description":"(Espa\u00f1ol) Comprar esteroides en l\u00ednea hoy en Espa\u00f1a y Portugal. Tenemos el mejor servicio al cliente en la industria y los productos de la m\u00e1s alta calidad","potentialAction":[{"@type":"SearchAction","target":{"@type":"EntryPoint","urlTemplate":"https:\/\/iberoid-shop.com\/fr\/?s={search_term_string}"},"query-input":{"@type":"PropertyValueSpecification","valueRequired":true,"valueName":"search_term_string"}}],"inLanguage":"fr-FR"}]},"product_brand":"IMPERIA LABS","product_price_amount":"75.00","product_price_currency":"EUR","og_availability":"instock","product_availability":"instock","product_condition":"new"},"_links":{"self":[{"href":"https:\/\/iberoid-shop.com\/fr\/wp-json\/wp\/v2\/product\/9646","targetHints":{"allow":["GET"]}}],"collection":[{"href":"https:\/\/iberoid-shop.com\/fr\/wp-json\/wp\/v2\/product"}],"about":[{"href":"https:\/\/iberoid-shop.com\/fr\/wp-json\/wp\/v2\/types\/product"}],"replies":[{"embeddable":true,"href":"https:\/\/iberoid-shop.com\/fr\/wp-json\/wp\/v2\/comments?post=9646"}],"wp:featuredmedia":[{"embeddable":true,"href":"https:\/\/iberoid-shop.com\/fr\/wp-json\/wp\/v2\/media\/9647"}],"wp:attachment":[{"href":"https:\/\/iberoid-shop.com\/fr\/wp-json\/wp\/v2\/media?parent=9646"}],"wp:term":[{"taxonomy":"product_brand","embeddable":true,"href":"https:\/\/iberoid-shop.com\/fr\/wp-json\/wp\/v2\/product_brand?post=9646"},{"taxonomy":"product_cat","embeddable":true,"href":"https:\/\/iberoid-shop.com\/fr\/wp-json\/wp\/v2\/product_cat?post=9646"},{"taxonomy":"product_tag","embeddable":true,"href":"https:\/\/iberoid-shop.com\/fr\/wp-json\/wp\/v2\/product_tag?post=9646"}],"curies":[{"name":"wp","href":"https:\/\/api.w.org\/{rel}","templated":true}]}}