{"id":9619,"date":"2024-08-06T19:48:03","date_gmt":"2024-08-06T19:48:03","guid":{"rendered":"https:\/\/iberoid-shop.com\/?post_type=product&#038;p=9619"},"modified":"2026-03-29T16:18:00","modified_gmt":"2026-03-29T16:18:00","slug":"gonadotropin-hcg-5000","status":"publish","type":"product","link":"https:\/\/iberoid-shop.com\/fr\/product\/gonadotropin-hcg-5000\/","title":{"rendered":"GONADOTROPIN \/ HCG 5000"},"content":{"rendered":"<p><strong>L&rsquo;injection de GONADOTROPINE \/ HCG 5000 <\/strong> est utilis\u00e9e dans le traitement de l&rsquo;infertilit\u00e9 chez les femmes. Elle est \u00e9galement utile dans le traitement de l&rsquo;hypogonadisme masculin (pubert\u00e9 retard\u00e9e et faible nombre de spermatozo\u00efdes). Elle agit en lib\u00e9rant les ovules des ovaires chez les femmes et en augmentant le niveau de testost\u00e9rone chez les hommes.<\/p>\n<p><strong>L&rsquo;injection de GONADOTROPINE \/ HCG 5000 <\/strong> est administr\u00e9e sous la supervision d&rsquo;un m\u00e9decin. Votre m\u00e9decin d\u00e9terminera le moment appropri\u00e9 pour l&rsquo;injection ; par cons\u00e9quent, suivez toujours les conseils de votre m\u00e9decin. De plus, la dose et la fr\u00e9quence d&rsquo;administration d\u00e9pendent de la condition trait\u00e9e. En cons\u00e9quence, vous devez prendre ce m\u00e9dicament pour toute la dur\u00e9e prescrite.<\/p>\n<p>Les effets secondaires les plus courants de ce m\u00e9dicament incluent douleur au site d&rsquo;injection, mal de t\u00eate, fatigue et d\u00e9pression. Si ces effets vous d\u00e9rangent ou semblent graves, informez-en votre m\u00e9decin. Il peut y avoir des moyens de les r\u00e9duire ou de les pr\u00e9venir. Les hommes peuvent remarquer de l&rsquo;acn\u00e9, de la transpiration et un \u00e9paississement de la voix. Si vous ressentez des vertiges, des \u00e9vanouissements, des douleurs abdominales ou des vomissements apr\u00e8s l&rsquo;injection, informez imm\u00e9diatement votre m\u00e9decin.<\/p>\n<p>Avant de prendre ce m\u00e9dicament, informez votre m\u00e9decin si vous avez d\u00e9j\u00e0 eu une maladie cardiaque, un kyste ovarien ou un trouble de la glande thyro\u00efdienne. De plus, votre m\u00e9decin doit \u00eatre au courant de tous les autres m\u00e9dicaments que vous prenez, car beaucoup d&rsquo;entre eux pourraient rendre ce m\u00e9dicament moins efficace ou modifier son mode d&rsquo;action. En outre, assurez-vous d&rsquo;informer votre m\u00e9decin si vous \u00eates enceinte ou si vous allaitez. De plus, vous devez \u00e9viter l&rsquo;alcool et suivre tout conseil di\u00e9t\u00e9tique donn\u00e9 par votre m\u00e9decin pendant que vous prenez ce m\u00e9dicament.<\/p>\n<p><strong>Utilisations de GONADOTROPINE \/ HCG 5000<\/strong><\/p>\n<ul>\n<li>Traitement de l&rsquo;infertilit\u00e9 f\u00e9minine<\/li>\n<li>Traitement de l&rsquo;hypogonadisme masculin<\/li>\n<\/ul>\n<p><strong>Avantages de l&rsquo;injection de HCG<\/strong><\/p>\n<ul>\n<li>Dans le traitement de l&rsquo;infertilit\u00e9 f\u00e9minine<\/li>\n<li>L&rsquo;injection de HCG 5000UI contient une hormone qui aide au d\u00e9veloppement normal d&rsquo;un ovule dans l&rsquo;ovaire d&rsquo;une femme (organe reproducteur f\u00e9minin) et stimule la lib\u00e9ration de l&rsquo;ovule lors d&rsquo;un processus appel\u00e9 ovulation. Les m\u00e9decins l&rsquo;utilisent pour induire l&rsquo;ovulation, ce qui aide \u00e0 traiter l&rsquo;infertilit\u00e9 chez les femmes et augmente les chances d&rsquo;une grossesse r\u00e9ussie. Un m\u00e9decin ou une infirmi\u00e8re administre le m\u00e9dicament. Vous devez utiliser le m\u00e9dicament comme prescrit pour garantir son efficacit\u00e9. De plus, il se peut que vous deviez continuer ce traitement pendant un certain temps apr\u00e8s \u00eatre devenue enceinte.<\/li>\n<\/ul>\n<p><strong>Effets secondaires de GONADOTROPINE \/ HCG 5000<\/strong><\/p>\n<p>La plupart des effets secondaires ne n\u00e9cessitent pas d&rsquo;attention m\u00e9dicale et disparaissent \u00e0 mesure que votre corps s&rsquo;adapte au m\u00e9dicament. Consultez votre m\u00e9decin s&rsquo;ils persistent ou si vous \u00eates inquiet \u00e0 leur sujet.<\/p>\n<p><strong>Effets secondaires courants de HCG<\/strong><\/p>\n<ul>\n<li>Douleur au site d&rsquo;injection<\/li>\n<li>Mal de t\u00eate<\/li>\n<li>Fatigue<\/li>\n<li>D\u00e9pression<\/li>\n<li>Irritation<\/li>\n<li>Agitation<\/li>\n<\/ul>\n<p><strong>Comment utiliser l&rsquo;injection de HCG<\/strong><\/p>\n<p>Votre m\u00e9decin ou votre infirmi\u00e8re vous administrera ce m\u00e9dicament. Veuillez ne pas vous auto-administrer.<\/p>\n<p><strong>Comment fonctionne GONADOTROPINE \/ HCG 5000<\/strong><\/p>\n<p>L&rsquo;injection de HCG 5000UI est une hormone sexuelle. Chez les femmes, elle aide \u00e0 la lib\u00e9ration des ovules des ovaires. Chez les hommes, elle fonctionne en augmentant la production de testost\u00e9rone ; par cons\u00e9quent, cela aide \u00e0 traiter des conditions telles que la pubert\u00e9 retard\u00e9e et le faible nombre de spermatozo\u00efdes.<\/p>","protected":false},"excerpt":{"rendered":"<p>L&rsquo;injection de GONADOTROPINE \/ HCG 5000 est utilis\u00e9e dans le traitement de l&rsquo;infertilit\u00e9 chez les femmes. Elle est \u00e9galement utile<\/p>\n","protected":false},"featured_media":10563,"comment_status":"open","ping_status":"closed","template":"","meta":[],"product_brand":[3531],"product_cat":[76],"product_tag":[],"class_list":{"0":"post-9619","1":"product","2":"type-product","3":"status-publish","4":"has-post-thumbnail","6":"product_brand-adam-pharm","7":"product_cat-hgh_peptido","9":"first","10":"instock","11":"sale","12":"shipping-taxable","13":"purchasable","14":"product-type-simple"},"yoast_head":"<!-- This site is optimized with the Yoast SEO Premium plugin v24.4 (Yoast SEO v27.0) - https:\/\/yoast.com\/product\/yoast-seo-premium-wordpress\/ -->\n<title>GONADOTROPIN \/ HCG 5000 - (Espa\u00f1ol) Esteroides en l\u00ednea<\/title>\n<meta name=\"description\" content=\"GONADOTROPIN \/ HCG 5000 Injection is used in the treatment of infertility in women. It is also helpful in the treatment of male hypogonadism\" \/>\n<meta name=\"robots\" content=\"index, follow, max-snippet:-1, max-image-preview:large, max-video-preview:-1\" \/>\n<link rel=\"canonical\" href=\"https:\/\/iberoid-shop.com\/fr\/product\/gonadotropin-hcg-5000\/\" \/>\n<meta property=\"og:locale\" content=\"fr_FR\" \/>\n<meta property=\"og:type\" content=\"article\" \/>\n<meta property=\"og:title\" content=\"GONADOTROPIN \/ HCG 5000\" \/>\n<meta property=\"og:description\" content=\"GONADOTROPIN \/ HCG 5000 Injection is used in the treatment of infertility in women. It is also helpful in the treatment of male hypogonadism\" \/>\n<meta property=\"og:url\" content=\"https:\/\/iberoid-shop.com\/fr\/product\/gonadotropin-hcg-5000\/\" \/>\n<meta property=\"og:site_name\" content=\"(Espa\u00f1ol) Esteroides en l\u00ednea\" \/>\n<meta property=\"article:modified_time\" content=\"2026-03-29T16:18:00+00:00\" \/>\n<meta property=\"og:image\" content=\"https:\/\/iberoid-shop.com\/wp-content\/uploads\/2024\/08\/hcg1.jpeg?v=1770549099\" \/>\n\t<meta property=\"og:image:width\" content=\"1131\" \/>\n\t<meta property=\"og:image:height\" content=\"1600\" \/>\n\t<meta property=\"og:image:type\" content=\"image\/jpeg\" \/>\n<meta name=\"twitter:card\" content=\"summary_large_image\" \/>\n<meta name=\"twitter:label1\" content=\"Prix\" \/>\n\t<meta name=\"twitter:data1\" content=\"&euro;25.00\" \/>\n\t<meta name=\"twitter:label2\" content=\"Disponibilit\u00e9\" \/>\n\t<meta name=\"twitter:data2\" content=\"En stock\" \/>\n<script type=\"application\/ld+json\" class=\"yoast-schema-graph\">{\"@context\":\"https:\/\/schema.org\",\"@graph\":[{\"@type\":\"WebPage\",\"@id\":\"https:\/\/iberoid-shop.com\/fr\/product\/gonadotropin-hcg-5000\/\",\"url\":\"https:\/\/iberoid-shop.com\/fr\/product\/gonadotropin-hcg-5000\/\",\"name\":\"GONADOTROPIN \/ HCG 5000 - (Espa\u00f1ol) Esteroides en l\u00ednea\",\"isPartOf\":{\"@id\":\"https:\/\/iberoid-shop.com\/fr\/#website\"},\"primaryImageOfPage\":{\"@id\":\"https:\/\/iberoid-shop.com\/fr\/product\/gonadotropin-hcg-5000\/#primaryimage\"},\"image\":{\"@id\":\"https:\/\/iberoid-shop.com\/product\/gonadotropin-hcg-5000\/#primaryimage\"},\"thumbnailUrl\":\"https:\/\/iberoid-shop.com\/wp-content\/uploads\/2024\/08\/hcg1.jpeg?v=1770549099\",\"datePublished\":\"2024-08-06T19:48:03+00:00\",\"dateModified\":\"2026-03-29T16:18:00+00:00\",\"description\":\"GONADOTROPIN \/ HCG 5000 Injection is used in the treatment of infertility in women. It is also helpful in the treatment of male hypogonadism\",\"breadcrumb\":{\"@id\":\"https:\/\/iberoid-shop.com\/fr\/product\/gonadotropin-hcg-5000\/#breadcrumb\"},\"inLanguage\":\"fr-FR\",\"potentialAction\":[{\"@type\":\"ReadAction\",\"target\":[[\"https:\/\/iberoid-shop.com\/fr\/product\/gonadotropin-hcg-5000\/\"]]}]},{\"@type\":\"ImageObject\",\"inLanguage\":\"fr-FR\",\"@id\":\"https:\/\/iberoid-shop.com\/fr\/product\/gonadotropin-hcg-5000\/#primaryimage\",\"url\":\"https:\/\/iberoid-shop.com\/wp-content\/uploads\/2024\/08\/hcg1.jpeg?v=1770549099\",\"contentUrl\":\"https:\/\/iberoid-shop.com\/wp-content\/uploads\/2024\/08\/hcg1.jpeg?v=1770549099\",\"width\":1131,\"height\":1600},{\"@type\":\"BreadcrumbList\",\"@id\":\"https:\/\/iberoid-shop.com\/fr\/product\/gonadotropin-hcg-5000\/#breadcrumb\",\"itemListElement\":[{\"@type\":\"ListItem\",\"position\":1,\"name\":\"Portada\",\"item\":\"https:\/\/iberoid-shop.com\/fr\/\"},{\"@type\":\"ListItem\",\"position\":2,\"name\":\"Magasin\",\"item\":\"https:\/\/iberoid-shop.com\/fr\/shop\/\"},{\"@type\":\"ListItem\",\"position\":3,\"name\":\"GONADOTROPIN \/ HCG 5000\"}]},{\"@type\":\"WebSite\",\"@id\":\"https:\/\/iberoid-shop.com\/fr\/#website\",\"url\":\"https:\/\/iberoid-shop.com\/fr\/\",\"name\":\"(Espa\u00f1ol) Esteroides en l\u00ednea\",\"description\":\"(Espa\u00f1ol) Comprar esteroides en l\u00ednea hoy en Espa\u00f1a y Portugal. Tenemos el mejor servicio al cliente en la industria y los productos de la m\u00e1s alta calidad\",\"potentialAction\":[{\"@type\":\"SearchAction\",\"target\":{\"@type\":\"EntryPoint\",\"urlTemplate\":\"https:\/\/iberoid-shop.com\/fr\/?s={search_term_string}\"},\"query-input\":{\"@type\":\"PropertyValueSpecification\",\"valueRequired\":true,\"valueName\":\"search_term_string\"}}],\"inLanguage\":\"fr-FR\"}]}<\/script>\n<meta property=\"product:brand\" content=\"AdamLabs\" \/>\n<meta property=\"product:price:amount\" content=\"25.00\" \/>\n<meta property=\"product:price:currency\" content=\"EUR\" \/>\n<meta property=\"og:availability\" content=\"instock\" \/>\n<meta property=\"product:availability\" content=\"instock\" \/>\n<meta property=\"product:condition\" content=\"new\" \/>\n<!-- \/ Yoast SEO Premium plugin. -->","yoast_head_json":{"title":"GONADOTROPIN \/ HCG 5000 - (Espa\u00f1ol) Esteroides en l\u00ednea","description":"GONADOTROPIN \/ HCG 5000 Injection is used in the treatment of infertility in women. It is also helpful in the treatment of male hypogonadism","robots":{"index":"index","follow":"follow","max-snippet":"max-snippet:-1","max-image-preview":"max-image-preview:large","max-video-preview":"max-video-preview:-1"},"canonical":"https:\/\/iberoid-shop.com\/fr\/product\/gonadotropin-hcg-5000\/","og_locale":"fr_FR","og_type":"article","og_title":"GONADOTROPIN \/ HCG 5000","og_description":"GONADOTROPIN \/ HCG 5000 Injection is used in the treatment of infertility in women. It is also helpful in the treatment of male hypogonadism","og_url":"https:\/\/iberoid-shop.com\/fr\/product\/gonadotropin-hcg-5000\/","og_site_name":"(Espa\u00f1ol) Esteroides en l\u00ednea","article_modified_time":"2026-03-29T16:18:00+00:00","og_image":[{"width":1131,"height":1600,"url":"https:\/\/iberoid-shop.com\/wp-content\/uploads\/2024\/08\/hcg1.jpeg?v=1770549099","type":"image\/jpeg"}],"twitter_card":"summary_large_image","twitter_misc":{"Prix":"&euro;25.00","Disponibilit\u00e9":"En stock"},"schema":{"@context":"https:\/\/schema.org","@graph":[{"@type":"WebPage","@id":"https:\/\/iberoid-shop.com\/fr\/product\/gonadotropin-hcg-5000\/","url":"https:\/\/iberoid-shop.com\/fr\/product\/gonadotropin-hcg-5000\/","name":"GONADOTROPIN \/ HCG 5000 - (Espa\u00f1ol) Esteroides en l\u00ednea","isPartOf":{"@id":"https:\/\/iberoid-shop.com\/fr\/#website"},"primaryImageOfPage":{"@id":"https:\/\/iberoid-shop.com\/fr\/product\/gonadotropin-hcg-5000\/#primaryimage"},"image":{"@id":"https:\/\/iberoid-shop.com\/product\/gonadotropin-hcg-5000\/#primaryimage"},"thumbnailUrl":"https:\/\/iberoid-shop.com\/wp-content\/uploads\/2024\/08\/hcg1.jpeg?v=1770549099","datePublished":"2024-08-06T19:48:03+00:00","dateModified":"2026-03-29T16:18:00+00:00","description":"GONADOTROPIN \/ HCG 5000 Injection is used in the treatment of infertility in women. It is also helpful in the treatment of male hypogonadism","breadcrumb":{"@id":"https:\/\/iberoid-shop.com\/fr\/product\/gonadotropin-hcg-5000\/#breadcrumb"},"inLanguage":"fr-FR","potentialAction":[{"@type":"ReadAction","target":[["https:\/\/iberoid-shop.com\/fr\/product\/gonadotropin-hcg-5000\/"]]}]},{"@type":"ImageObject","inLanguage":"fr-FR","@id":"https:\/\/iberoid-shop.com\/fr\/product\/gonadotropin-hcg-5000\/#primaryimage","url":"https:\/\/iberoid-shop.com\/wp-content\/uploads\/2024\/08\/hcg1.jpeg?v=1770549099","contentUrl":"https:\/\/iberoid-shop.com\/wp-content\/uploads\/2024\/08\/hcg1.jpeg?v=1770549099","width":1131,"height":1600},{"@type":"BreadcrumbList","@id":"https:\/\/iberoid-shop.com\/fr\/product\/gonadotropin-hcg-5000\/#breadcrumb","itemListElement":[{"@type":"ListItem","position":1,"name":"Portada","item":"https:\/\/iberoid-shop.com\/fr\/"},{"@type":"ListItem","position":2,"name":"Magasin","item":"https:\/\/iberoid-shop.com\/fr\/shop\/"},{"@type":"ListItem","position":3,"name":"GONADOTROPIN \/ HCG 5000"}]},{"@type":"WebSite","@id":"https:\/\/iberoid-shop.com\/fr\/#website","url":"https:\/\/iberoid-shop.com\/fr\/","name":"(Espa\u00f1ol) Esteroides en l\u00ednea","description":"(Espa\u00f1ol) Comprar esteroides en l\u00ednea hoy en Espa\u00f1a y Portugal. Tenemos el mejor servicio al cliente en la industria y los productos de la m\u00e1s alta calidad","potentialAction":[{"@type":"SearchAction","target":{"@type":"EntryPoint","urlTemplate":"https:\/\/iberoid-shop.com\/fr\/?s={search_term_string}"},"query-input":{"@type":"PropertyValueSpecification","valueRequired":true,"valueName":"search_term_string"}}],"inLanguage":"fr-FR"}]},"product_brand":"AdamLabs","product_price_amount":"25.00","product_price_currency":"EUR","og_availability":"instock","product_availability":"instock","product_condition":"new"},"_links":{"self":[{"href":"https:\/\/iberoid-shop.com\/fr\/wp-json\/wp\/v2\/product\/9619","targetHints":{"allow":["GET"]}}],"collection":[{"href":"https:\/\/iberoid-shop.com\/fr\/wp-json\/wp\/v2\/product"}],"about":[{"href":"https:\/\/iberoid-shop.com\/fr\/wp-json\/wp\/v2\/types\/product"}],"replies":[{"embeddable":true,"href":"https:\/\/iberoid-shop.com\/fr\/wp-json\/wp\/v2\/comments?post=9619"}],"wp:featuredmedia":[{"embeddable":true,"href":"https:\/\/iberoid-shop.com\/fr\/wp-json\/wp\/v2\/media\/10563"}],"wp:attachment":[{"href":"https:\/\/iberoid-shop.com\/fr\/wp-json\/wp\/v2\/media?parent=9619"}],"wp:term":[{"taxonomy":"product_brand","embeddable":true,"href":"https:\/\/iberoid-shop.com\/fr\/wp-json\/wp\/v2\/product_brand?post=9619"},{"taxonomy":"product_cat","embeddable":true,"href":"https:\/\/iberoid-shop.com\/fr\/wp-json\/wp\/v2\/product_cat?post=9619"},{"taxonomy":"product_tag","embeddable":true,"href":"https:\/\/iberoid-shop.com\/fr\/wp-json\/wp\/v2\/product_tag?post=9619"}],"curies":[{"name":"wp","href":"https:\/\/api.w.org\/{rel}","templated":true}]}}