{"id":9617,"date":"2024-08-06T19:45:14","date_gmt":"2024-08-06T19:45:14","guid":{"rendered":"https:\/\/iberoid-shop.com\/?post_type=product&#038;p=9617"},"modified":"2026-04-04T09:23:28","modified_gmt":"2026-04-04T09:23:28","slug":"soma-160-somatropine","status":"publish","type":"product","link":"https:\/\/iberoid-shop.com\/fr\/product\/soma-160-somatropine\/","title":{"rendered":"SOMA 160 \/ SOMATROPINE"},"content":{"rendered":"<p><strong>SOMA 160 \/ SOMATROPINE <\/strong>est une forme d&rsquo;hormone de croissance humaine importante pour la croissance des os et des muscles.<\/p>\n<p>SOMA 160 \/ SOMATROPINE est utilis\u00e9 pour traiter le retard de croissance chez les enfants et les adultes qui manquent d&rsquo;hormone de croissance naturelle. Cela inclut les personnes de petite taille due au syndrome de Noonan, au syndrome de Turner, au syndrome de Prader-Willi, \u00e0 une petite taille \u00e0 la naissance sans rattrapage de croissance et \u00e0 d&rsquo;autres causes.<\/p>\n<p>La somatropine est \u00e9galement utilis\u00e9e chez les adultes pour traiter le syndrome de l&rsquo;intestin court ou pour pr\u00e9venir une perte de poids importante li\u00e9e au SIDA.<\/p>\n<p>La somatropine peut \u00e9galement \u00eatre utilis\u00e9e \u00e0 des fins non r\u00e9pertori\u00e9es dans ce guide de m\u00e9dicament.<\/p>\n<p><strong>Effets secondaires de SOMA 160\/SOMATROPINE<\/strong><\/p>\n<p>Obtenez une aide m\u00e9dicale d&rsquo;urgence si vous pr\u00e9sentez <strong>des signes de r\u00e9action allergique<\/strong>\u00a0: urticaire\u00a0; respiration difficile; gonflement du visage, des l\u00e8vres, de la langue ou de la gorge.<\/p>\n<p>De graves probl\u00e8mes respiratoires peuvent survenir chez les patients atteints du syndrome de Prader-Willi qui utilisent de la somatropine. <strong>Si vous souffrez du syndrome de Prader-Willi <\/strong>, appelez votre m\u00e9decin rapidement si vous d\u00e9veloppez des signes de probl\u00e8mes pulmonaires ou respiratoires tels qu&rsquo;un essoufflement, une toux ou un ronflement nouveau ou accru.<\/p>\n<p>Appelez \u00e9galement votre m\u00e9decin imm\u00e9diatement si vous avez\u00a0:<\/p>\n<ul>\n<li>douleur aux genoux ou aux hanches, marche en boitant\u00a0;<\/li>\n<li>douleur, gonflement, chaleur ou drainage des oreilles\u00a0;<\/li>\n<li>un engourdissement ou des picotements au poignet, \u00e0 la main ou aux doigts\u00a0;<\/li>\n<li>gonflement ou gonflement s\u00e9v\u00e8re des mains et des pieds\u00a0;<\/li>\n<li>des changements de comportement\u00a0;<\/li>\n<li>probl\u00e8mes de vision, maux de t\u00eate inhabituels\u00a0;<\/li>\n<li>des changements dans la forme ou la taille d&rsquo;un grain de beaut\u00e9\u00a0;<\/li>\n<li>douleur ou gonflement des articulations;<\/li>\n<li>pancr\u00e9atite &#8211; douleur intense dans la partie sup\u00e9rieure de l&rsquo;estomac se propageant au dos, naus\u00e9es et vomissements\u00a0;<\/li>\n<li>glyc\u00e9mie \u00e9lev\u00e9e\u00a0: soif accrue, miction accrue, bouche s\u00e8che, haleine fruit\u00e9e\u00a0;<\/li>\n<li>augmentation de la pression \u00e0 l&rsquo;int\u00e9rieur du cr\u00e2ne &#8211; maux de t\u00eate s\u00e9v\u00e8res, bourdonnements d&rsquo;oreilles, \u00e9tourdissements, naus\u00e9es, probl\u00e8mes de vision, douleur derri\u00e8re les yeux\u00a0; ou<\/li>\n<li>signes d&rsquo;un probl\u00e8me de glande surr\u00e9nale\u00a0: faiblesse extr\u00eame, \u00e9tourdissements graves, perte de poids, changement de couleur de la peau, sensation de tr\u00e8s faible ou de fatigue.<\/li>\n<\/ul>\n<p><strong>Les effets secondaires courants de la somatropine peuvent inclure\u00a0:<\/strong><\/p>\n<ul>\n<li>douleur, d\u00e9mangeaisons ou changements cutan\u00e9s \u00e0 l&rsquo;endroit o\u00f9 le m\u00e9dicament a \u00e9t\u00e9 inject\u00e9\u00a0;<\/li>\n<li>gonflement, prise de poids rapide\u00a0;<\/li>\n<li>douleurs musculaires ou articulaires;<\/li>\n<li>un engourdissement ou des picotements\u00a0;<\/li>\n<li>douleurs \u00e0 l&rsquo;estomac, gaz ;<\/li>\n<li>maux de t\u00eate, maux de dos; ou<\/li>\n<li>sympt\u00f4mes du rhume ou de la grippe, nez bouch\u00e9, \u00e9ternuements, mal de gorge, douleur aux oreilles.<\/li>\n<\/ul>\n<p>Il ne s&rsquo;agit pas d&rsquo;une liste compl\u00e8te des effets secondaires et d&rsquo;autres peuvent survenir. Appelez votre m\u00e9decin pour obtenir un avis m\u00e9dical sur les effets secondaires. Vous pouvez signaler les effets secondaires \u00e0 la FDA au 1-800-FDA-1088.<\/p>\n<p><strong>Avertissements<\/strong><\/p>\n<p>Vous ne devez pas utiliser la somatropine si vous souffrez d&rsquo;un cancer, d&rsquo;une r\u00e9tinopathie diab\u00e9tique ou si vous \u00eates trait\u00e9 pour le syndrome de Prader-Willi et que vous \u00eates en surpoids ou avez de graves probl\u00e8mes respiratoires. Vous ne devez pas utiliser la somatropine si vous souffrez d&rsquo;une maladie grave due \u00e0 une insuffisance pulmonaire ou \u00e0 des complications r\u00e9sultant d&rsquo;une intervention chirurgicale r\u00e9cente, d&rsquo;une blessure ou d&rsquo;un traumatisme m\u00e9dical.<\/p>\n<p><strong>Avant de prendre ce m\u00e9dicament<\/strong><\/p>\n<p>Vous ne devez pas utiliser la somatropine si vous \u00eates allergique \u00e0 la somatropine ou \u00e0 l&rsquo;alcool benzylique, ou si vous avez\u00a0:<\/p>\n<ul>\n<li>une maladie grave due \u00e0 une insuffisance pulmonaire ou \u00e0 des complications r\u00e9sultant d&rsquo;une intervention chirurgicale, d&rsquo;une blessure ou d&rsquo;un traumatisme m\u00e9dical r\u00e9cent\u00a0;<\/li>\n<li>\u00e9piphyses ferm\u00e9es ;<\/li>\n<li>cancer actif;<\/li>\n<li>probl\u00e8mes oculaires caus\u00e9s par le diab\u00e8te (r\u00e9tinopathie diab\u00e9tique) ; ou<\/li>\n<li>vous \u00eates trait\u00e9 pour le syndrome de Prader-Willi et vous \u00eates en surpoids ou avez de graves probl\u00e8mes respiratoires (y compris l&rsquo;apn\u00e9e du sommeil).<\/li>\n<\/ul>\n<p>Informez votre m\u00e9decin si vous avez d\u00e9j\u00e0 eu\u00a0:<\/p>\n<ul>\n<li>cancer (surtout pendant l&rsquo;enfance);<\/li>\n<li>diab\u00e8te;<\/li>\n<li>probl\u00e8mes respiratoires, apn\u00e9e du sommeil (la respiration s&rsquo;arr\u00eate pendant le sommeil) ;<\/li>\n<li>un trouble de l&rsquo;hypophyse\u00a0;<\/li>\n<li>courbure anormale de la colonne vert\u00e9brale (scoliose) ;<\/li>\n<li>thyro\u00efde sous-active;<\/li>\n<li>un traumatisme cr\u00e2nien ou une tumeur au cerveau\u00a0; ou<\/li>\n<li>cancer du cerveau chez l&rsquo;enfant et radioth\u00e9rapie.<\/li>\n<\/ul>\n<p>Dans certains cas, la somatropine ne doit pas \u00eatre utilis\u00e9e chez un enfant. Certaines marques de somatropine contiennent un ingr\u00e9dient qui peut provoquer des effets secondaires graves, voire la mort, chez les tr\u00e8s jeunes nourrissons ou les b\u00e9b\u00e9s pr\u00e9matur\u00e9s. <strong>Ne donnez pas ce m\u00e9dicament \u00e0 un enfant sans avis m\u00e9dical.<\/strong><\/p>\n<p>Informez votre m\u00e9decin si vous \u00eates enceinte ou si vous allaitez.<\/p>\n<p><strong>Comment devrais-je utiliser SOMA 160\/ SOMATROPINE ?<\/strong><\/p>\n<p>Votre dose et votre marque de somatropine, ainsi que la fr\u00e9quence \u00e0 laquelle vous l&rsquo;utilisez d\u00e9pendront de l&rsquo;affection que vous traitez. Suivez toutes les instructions sur l\u2019\u00e9tiquette de votre ordonnance et lisez tous les guides de m\u00e9dicaments ou fiches d\u2019instructions. Utilisez le m\u00e9dicament exactement comme indiqu\u00e9.<\/p>\n<p>La somatropine est inject\u00e9e dans un muscle ou sous la peau. Un professionnel de la sant\u00e9 peut vous apprendre \u00e0 utiliser correctement le m\u00e9dicament par vous-m\u00eame.<\/p>\n<p>N&rsquo;injectez pas l&rsquo;injection sous-cutan\u00e9e (sous la peau) au m\u00eame endroit deux fois de suite.<\/p>\n<p>Lisez et suivez attentivement les instructions d&rsquo;utilisation fournies avec votre m\u00e9dicament. N&rsquo;utilisez pas la somatropine si vous ne comprenez pas toutes les instructions pour une utilisation appropri\u00e9e. Demandez \u00e0 votre m\u00e9decin ou \u00e0 votre pharmacien si vous avez des questions.<\/p>\n<p>Pr\u00e9parez votre injection uniquement lorsque vous \u00eates pr\u00eat \u00e0 la faire. Ne secouez pas le m\u00e9dicament. Ne pas utiliser si le m\u00e9dicament semble trouble, a chang\u00e9 de couleur ou contient des particules. Appelez votre pharmacien pour un nouveau m\u00e9dicament.<\/p>\n<p>Si votre m\u00e9dicament est livr\u00e9 avec une seringue, une cartouche ou un stylo injecteur, utilisez uniquement cet appareil pour administrer votre m\u00e9dicament.<\/p>\n<p>Vous pourriez avoir besoin de tests m\u00e9dicaux fr\u00e9quents.<\/p>\n<p>Suivez tout plan de r\u00e9gime cr\u00e9\u00e9 pour vous par votre m\u00e9decin ou votre conseiller en nutrition pour vous aider \u00e0 contr\u00f4ler votre \u00e9tat.<\/p>\n<p><strong>La fa\u00e7on dont vous conserverez ce m\u00e9dicament d\u00e9pendra de la marque de somatropine et du diluant que vous utilisez. <\/strong>Demandez \u00e0 votre pharmacien si vous avez des questions sur la conservation appropri\u00e9e de vos m\u00e9dicaments.<\/p>\n<p>Jetez toute somatropine restante apr\u00e8s la date de p\u00e9remption indiqu\u00e9e sur l&rsquo;\u00e9tiquette.<\/p>\n<p>Utilisez une aiguille et une seringue une seule fois, puis placez-les dans un r\u00e9cipient anti-perforation pour objets tranchants. Suivez les lois nationales ou locales sur la fa\u00e7on de disposer de ce conteneur. Gardez-le hors de port\u00e9e des enfants et des animaux domestiques.<\/p>","protected":false},"excerpt":{"rendered":"<p>SOMA 160 \/ SOMATROPINE est une forme d&rsquo;hormone de croissance humaine importante pour la croissance des os et des muscles.<\/p>\n","protected":false},"featured_media":9618,"comment_status":"open","ping_status":"closed","template":"","meta":[],"product_brand":[],"product_cat":[76],"product_tag":[],"class_list":{"0":"post-9617","1":"product","2":"type-product","3":"status-publish","4":"has-post-thumbnail","6":"product_cat-hgh_peptido","8":"first","9":"instock","10":"sale","11":"shipping-taxable","12":"purchasable","13":"product-type-simple"},"yoast_head":"<!-- This site is optimized with the Yoast SEO Premium plugin v24.4 (Yoast SEO v27.0) - https:\/\/yoast.com\/product\/yoast-seo-premium-wordpress\/ -->\n<title>SOMA 160 \/ SOMATROPINE - (Espa\u00f1ol) Esteroides en l\u00ednea<\/title>\n<meta name=\"description\" content=\"SOMA 160 \/ SOMATROPINE est utilis\u00e9 pour traiter le retard de croissance chez les enfants et les adultes qui manquent d&#039;hormone de croissance naturelle. Cela inclut les personnes de petite taille en raison\" \/>\n<meta name=\"robots\" content=\"index, follow, max-snippet:-1, max-image-preview:large, max-video-preview:-1\" \/>\n<link rel=\"canonical\" href=\"https:\/\/iberoid-shop.com\/fr\/product\/soma-160-somatropine\/\" \/>\n<meta property=\"og:locale\" content=\"fr_FR\" \/>\n<meta property=\"og:type\" content=\"article\" \/>\n<meta property=\"og:title\" content=\"SOMA 160 \/ SOMATROPINE\" \/>\n<meta property=\"og:description\" content=\"SOMA 160 \/ SOMATROPINE est utilis\u00e9 pour traiter le retard de croissance chez les enfants et les adultes qui manquent d&#039;hormone de croissance naturelle. Cela inclut les personnes de petite taille en raison\" \/>\n<meta property=\"og:url\" content=\"https:\/\/iberoid-shop.com\/fr\/product\/soma-160-somatropine\/\" \/>\n<meta property=\"og:site_name\" content=\"(Espa\u00f1ol) Esteroides en l\u00ednea\" \/>\n<meta property=\"article:modified_time\" content=\"2026-04-04T09:23:28+00:00\" \/>\n<meta property=\"og:image\" content=\"https:\/\/iberoid-shop.com\/wp-content\/uploads\/2024\/08\/soma160.jpg?v=1722973485\" \/>\n\t<meta property=\"og:image:width\" content=\"1000\" \/>\n\t<meta property=\"og:image:height\" content=\"941\" \/>\n\t<meta property=\"og:image:type\" content=\"image\/jpeg\" \/>\n<meta name=\"twitter:card\" content=\"summary_large_image\" \/>\n<meta name=\"twitter:label1\" content=\"Prix\" \/>\n\t<meta name=\"twitter:data1\" content=\"&euro;175.00\" \/>\n\t<meta name=\"twitter:label2\" content=\"Disponibilit\u00e9\" \/>\n\t<meta name=\"twitter:data2\" content=\"En stock\" \/>\n<script type=\"application\/ld+json\" class=\"yoast-schema-graph\">{\"@context\":\"https:\/\/schema.org\",\"@graph\":[{\"@type\":\"WebPage\",\"@id\":\"https:\/\/iberoid-shop.com\/fr\/product\/soma-160-somatropine\/\",\"url\":\"https:\/\/iberoid-shop.com\/fr\/product\/soma-160-somatropine\/\",\"name\":\"SOMA 160 \/ SOMATROPINE - (Espa\u00f1ol) Esteroides en l\u00ednea\",\"isPartOf\":{\"@id\":\"https:\/\/iberoid-shop.com\/fr\/#website\"},\"primaryImageOfPage\":{\"@id\":\"https:\/\/iberoid-shop.com\/fr\/product\/soma-160-somatropine\/#primaryimage\"},\"image\":{\"@id\":\"https:\/\/iberoid-shop.com\/fr\/product\/soma-160-somatropine\/#primaryimage\"},\"thumbnailUrl\":\"https:\/\/iberoid-shop.com\/wp-content\/uploads\/2024\/08\/soma160.jpg?v=1722973485\",\"datePublished\":\"2024-08-06T19:45:14+00:00\",\"dateModified\":\"2026-04-04T09:23:28+00:00\",\"description\":\"SOMA 160 \/ SOMATROPINE est utilis\u00e9 pour traiter le retard de croissance chez les enfants et les adultes qui manquent d'hormone de croissance naturelle. Cela inclut les personnes de petite taille en raison\",\"breadcrumb\":{\"@id\":\"https:\/\/iberoid-shop.com\/fr\/product\/soma-160-somatropine\/#breadcrumb\"},\"inLanguage\":\"fr-FR\",\"potentialAction\":[{\"@type\":\"ReadAction\",\"target\":[[\"https:\/\/iberoid-shop.com\/fr\/product\/soma-160-somatropine\/\"]]}]},{\"@type\":\"ImageObject\",\"inLanguage\":\"fr-FR\",\"@id\":\"https:\/\/iberoid-shop.com\/fr\/product\/soma-160-somatropine\/#primaryimage\",\"url\":\"https:\/\/iberoid-shop.com\/wp-content\/uploads\/2024\/08\/soma160.jpg?v=1722973485\",\"contentUrl\":\"https:\/\/iberoid-shop.com\/wp-content\/uploads\/2024\/08\/soma160.jpg?v=1722973485\",\"width\":1000,\"height\":941,\"caption\":\"SOMA 160 \/ SOMATROPINE\"},{\"@type\":\"BreadcrumbList\",\"@id\":\"https:\/\/iberoid-shop.com\/fr\/product\/soma-160-somatropine\/#breadcrumb\",\"itemListElement\":[{\"@type\":\"ListItem\",\"position\":1,\"name\":\"Portada\",\"item\":\"https:\/\/iberoid-shop.com\/fr\/\"},{\"@type\":\"ListItem\",\"position\":2,\"name\":\"Magasin\",\"item\":\"https:\/\/iberoid-shop.com\/fr\/shop\/\"},{\"@type\":\"ListItem\",\"position\":3,\"name\":\"SOMA 160 \/ SOMATROPINE\"}]},{\"@type\":\"WebSite\",\"@id\":\"https:\/\/iberoid-shop.com\/fr\/#website\",\"url\":\"https:\/\/iberoid-shop.com\/fr\/\",\"name\":\"(Espa\u00f1ol) Esteroides en l\u00ednea\",\"description\":\"(Espa\u00f1ol) Comprar esteroides en l\u00ednea hoy en Espa\u00f1a y Portugal. Tenemos el mejor servicio al cliente en la industria y los productos de la m\u00e1s alta calidad\",\"potentialAction\":[{\"@type\":\"SearchAction\",\"target\":{\"@type\":\"EntryPoint\",\"urlTemplate\":\"https:\/\/iberoid-shop.com\/fr\/?s={search_term_string}\"},\"query-input\":{\"@type\":\"PropertyValueSpecification\",\"valueRequired\":true,\"valueName\":\"search_term_string\"}}],\"inLanguage\":\"fr-FR\"}]}<\/script>\n<meta property=\"product:brand\" content=\"AdamLabs\" \/>\n<meta property=\"product:price:amount\" content=\"175.00\" \/>\n<meta property=\"product:price:currency\" content=\"EUR\" \/>\n<meta property=\"og:availability\" content=\"instock\" \/>\n<meta property=\"product:availability\" content=\"instock\" \/>\n<meta property=\"product:condition\" content=\"new\" \/>\n<!-- \/ Yoast SEO Premium plugin. -->","yoast_head_json":{"title":"SOMA 160 \/ SOMATROPINE - (Espa\u00f1ol) Esteroides en l\u00ednea","description":"SOMA 160 \/ SOMATROPINE est utilis\u00e9 pour traiter le retard de croissance chez les enfants et les adultes qui manquent d'hormone de croissance naturelle. Cela inclut les personnes de petite taille en raison","robots":{"index":"index","follow":"follow","max-snippet":"max-snippet:-1","max-image-preview":"max-image-preview:large","max-video-preview":"max-video-preview:-1"},"canonical":"https:\/\/iberoid-shop.com\/fr\/product\/soma-160-somatropine\/","og_locale":"fr_FR","og_type":"article","og_title":"SOMA 160 \/ SOMATROPINE","og_description":"SOMA 160 \/ SOMATROPINE est utilis\u00e9 pour traiter le retard de croissance chez les enfants et les adultes qui manquent d'hormone de croissance naturelle. Cela inclut les personnes de petite taille en raison","og_url":"https:\/\/iberoid-shop.com\/fr\/product\/soma-160-somatropine\/","og_site_name":"(Espa\u00f1ol) Esteroides en l\u00ednea","article_modified_time":"2026-04-04T09:23:28+00:00","og_image":[{"width":1000,"height":941,"url":"https:\/\/iberoid-shop.com\/wp-content\/uploads\/2024\/08\/soma160.jpg?v=1722973485","type":"image\/jpeg"}],"twitter_card":"summary_large_image","twitter_misc":{"Prix":"&euro;175.00","Disponibilit\u00e9":"En stock"},"schema":{"@context":"https:\/\/schema.org","@graph":[{"@type":"WebPage","@id":"https:\/\/iberoid-shop.com\/fr\/product\/soma-160-somatropine\/","url":"https:\/\/iberoid-shop.com\/fr\/product\/soma-160-somatropine\/","name":"SOMA 160 \/ SOMATROPINE - (Espa\u00f1ol) Esteroides en l\u00ednea","isPartOf":{"@id":"https:\/\/iberoid-shop.com\/fr\/#website"},"primaryImageOfPage":{"@id":"https:\/\/iberoid-shop.com\/fr\/product\/soma-160-somatropine\/#primaryimage"},"image":{"@id":"https:\/\/iberoid-shop.com\/fr\/product\/soma-160-somatropine\/#primaryimage"},"thumbnailUrl":"https:\/\/iberoid-shop.com\/wp-content\/uploads\/2024\/08\/soma160.jpg?v=1722973485","datePublished":"2024-08-06T19:45:14+00:00","dateModified":"2026-04-04T09:23:28+00:00","description":"SOMA 160 \/ SOMATROPINE est utilis\u00e9 pour traiter le retard de croissance chez les enfants et les adultes qui manquent d'hormone de croissance naturelle. Cela inclut les personnes de petite taille en raison","breadcrumb":{"@id":"https:\/\/iberoid-shop.com\/fr\/product\/soma-160-somatropine\/#breadcrumb"},"inLanguage":"fr-FR","potentialAction":[{"@type":"ReadAction","target":[["https:\/\/iberoid-shop.com\/fr\/product\/soma-160-somatropine\/"]]}]},{"@type":"ImageObject","inLanguage":"fr-FR","@id":"https:\/\/iberoid-shop.com\/fr\/product\/soma-160-somatropine\/#primaryimage","url":"https:\/\/iberoid-shop.com\/wp-content\/uploads\/2024\/08\/soma160.jpg?v=1722973485","contentUrl":"https:\/\/iberoid-shop.com\/wp-content\/uploads\/2024\/08\/soma160.jpg?v=1722973485","width":1000,"height":941,"caption":"SOMA 160 \/ SOMATROPINE"},{"@type":"BreadcrumbList","@id":"https:\/\/iberoid-shop.com\/fr\/product\/soma-160-somatropine\/#breadcrumb","itemListElement":[{"@type":"ListItem","position":1,"name":"Portada","item":"https:\/\/iberoid-shop.com\/fr\/"},{"@type":"ListItem","position":2,"name":"Magasin","item":"https:\/\/iberoid-shop.com\/fr\/shop\/"},{"@type":"ListItem","position":3,"name":"SOMA 160 \/ SOMATROPINE"}]},{"@type":"WebSite","@id":"https:\/\/iberoid-shop.com\/fr\/#website","url":"https:\/\/iberoid-shop.com\/fr\/","name":"(Espa\u00f1ol) Esteroides en l\u00ednea","description":"(Espa\u00f1ol) Comprar esteroides en l\u00ednea hoy en Espa\u00f1a y Portugal. Tenemos el mejor servicio al cliente en la industria y los productos de la m\u00e1s alta calidad","potentialAction":[{"@type":"SearchAction","target":{"@type":"EntryPoint","urlTemplate":"https:\/\/iberoid-shop.com\/fr\/?s={search_term_string}"},"query-input":{"@type":"PropertyValueSpecification","valueRequired":true,"valueName":"search_term_string"}}],"inLanguage":"fr-FR"}]},"product_brand":"AdamLabs","product_price_amount":"175.00","product_price_currency":"EUR","og_availability":"instock","product_availability":"instock","product_condition":"new"},"_links":{"self":[{"href":"https:\/\/iberoid-shop.com\/fr\/wp-json\/wp\/v2\/product\/9617","targetHints":{"allow":["GET"]}}],"collection":[{"href":"https:\/\/iberoid-shop.com\/fr\/wp-json\/wp\/v2\/product"}],"about":[{"href":"https:\/\/iberoid-shop.com\/fr\/wp-json\/wp\/v2\/types\/product"}],"replies":[{"embeddable":true,"href":"https:\/\/iberoid-shop.com\/fr\/wp-json\/wp\/v2\/comments?post=9617"}],"wp:featuredmedia":[{"embeddable":true,"href":"https:\/\/iberoid-shop.com\/fr\/wp-json\/wp\/v2\/media\/9618"}],"wp:attachment":[{"href":"https:\/\/iberoid-shop.com\/fr\/wp-json\/wp\/v2\/media?parent=9617"}],"wp:term":[{"taxonomy":"product_brand","embeddable":true,"href":"https:\/\/iberoid-shop.com\/fr\/wp-json\/wp\/v2\/product_brand?post=9617"},{"taxonomy":"product_cat","embeddable":true,"href":"https:\/\/iberoid-shop.com\/fr\/wp-json\/wp\/v2\/product_cat?post=9617"},{"taxonomy":"product_tag","embeddable":true,"href":"https:\/\/iberoid-shop.com\/fr\/wp-json\/wp\/v2\/product_tag?post=9617"}],"curies":[{"name":"wp","href":"https:\/\/api.w.org\/{rel}","templated":true}]}}