{"id":9593,"date":"2024-08-02T09:45:17","date_gmt":"2024-08-02T09:45:17","guid":{"rendered":"https:\/\/iberoid-shop.com\/?post_type=product&#038;p=9593"},"modified":"2024-12-05T20:16:40","modified_gmt":"2024-12-05T20:16:40","slug":"pack-3-super-kamagra","status":"publish","type":"product","link":"https:\/\/iberoid-shop.com\/fr\/product\/pack-3-super-kamagra\/","title":{"rendered":"PACK 3 SUPER KAMAGRA"},"content":{"rendered":"<p><strong>PACK 3 SUPER KAMAGRA <\/strong>\/4 tabs 100mg est une solution compl\u00e8te pour les hommes aux prises avec la dysfonction \u00e9rectile (DE) et l&rsquo;\u00e9jaculation pr\u00e9coce (EP). Il combine deux ingr\u00e9dients efficaces pour traiter ces probl\u00e8mes simultan\u00e9ment :<\/p>\n<ol>\n<li><strong>Sild\u00e9nafil <\/strong>: Il s&rsquo;agit d&rsquo;un inhibiteur de la PDE5 bien connu qui am\u00e9liore le flux sanguin vers le p\u00e9nis, ce qui facilite l&rsquo;obtention et le maintien d&rsquo;une \u00e9rection ferme. Il agit en relaxant les vaisseaux sanguins du p\u00e9nis, am\u00e9liorant ainsi les performances sexuelles.<\/li>\n<li><strong>Dapox\u00e9tine <\/strong>: ISRS sp\u00e9cifiquement con\u00e7u pour retarder l&rsquo;\u00e9jaculation. En augmentant les niveaux de s\u00e9rotonine dans le cerveau, la dapox\u00e9tine aide \u00e0 prolonger le temps avant l&rsquo;\u00e9jaculation, am\u00e9liorant ainsi le contr\u00f4le et prolongeant le plaisir sexuel.<\/li>\n<\/ol>\n<p><strong>Description:<\/strong> <strong>Le PACK 3 SUPER KAMAGRA <\/strong>est formul\u00e9 pour les hommes qui ont besoin d&rsquo;aide en cas de dysfonction \u00e9rectile et d&rsquo;\u00e9jaculation pr\u00e9coce. Le composant sild\u00e9nafil soutient la fonction \u00e9rectile, tandis que la dapox\u00e9tine s&rsquo;attaque \u00e0 l&rsquo;\u00e9jaculation pr\u00e9coce, ce qui permet une exp\u00e9rience sexuelle plus \u00e9panouissante et plus contr\u00f4l\u00e9e.<\/p>\n<p>En r\u00e8gle g\u00e9n\u00e9rale, le comprim\u00e9 doit \u00eatre pris environ 30 \u00e0 60 minutes avant l&rsquo;activit\u00e9 sexuelle. Ses effets durent g\u00e9n\u00e9ralement plusieurs heures, ce qui laisse suffisamment de temps pour une intimit\u00e9 spontan\u00e9e. Pour de meilleurs r\u00e9sultats, \u00e9vitez de consommer des repas lourds ou riches en graisses avant l&rsquo;utilisation, car ils peuvent affecter l&rsquo;efficacit\u00e9. Demandez toujours conseil \u00e0 un professionnel de la sant\u00e9 avant d&rsquo;utiliser <strong>PACK 3 SUPER KAMAGRA <\/strong>, en particulier si vous avez des probl\u00e8mes de sant\u00e9 existants ou si vous prenez d&rsquo;autres m\u00e9dicaments, afin de vous assurer qu&rsquo;il est s\u00fbr et adapt\u00e9 \u00e0 votre situation.<\/p>\n<p>&nbsp;<\/p>","protected":false},"excerpt":{"rendered":"<p>PACK 3 SUPER KAMAGRA \/4 tabs 100mg est une solution compl\u00e8te pour les hommes aux prises avec la dysfonction \u00e9rectile<\/p>\n","protected":false},"featured_media":9594,"comment_status":"open","ping_status":"closed","template":"","meta":[],"product_brand":[],"product_cat":[73,3474],"product_tag":[],"class_list":{"0":"post-9593","1":"product","2":"type-product","3":"status-publish","4":"has-post-thumbnail","6":"product_cat-ssteroides_orales","7":"product_cat-packs","9":"first","10":"outofstock","11":"shipping-taxable","12":"purchasable","13":"product-type-simple"},"yoast_head":"<!-- This site is optimized with the Yoast SEO Premium plugin v24.4 (Yoast SEO v27.0) - https:\/\/yoast.com\/product\/yoast-seo-premium-wordpress\/ -->\n<title>PACK 3 SUPER KAMAGRA - (Espa\u00f1ol) Esteroides en l\u00ednea<\/title>\n<meta name=\"description\" content=\"PACK 3 SUPER KAMAGRA is formulated for men who need help with both ED and PE. The sildenafil component supports erectile function, while dapoxetine\" \/>\n<meta name=\"robots\" content=\"index, follow, max-snippet:-1, max-image-preview:large, max-video-preview:-1\" \/>\n<link rel=\"canonical\" href=\"https:\/\/iberoid-shop.com\/fr\/product\/pack-3-super-kamagra\/\" \/>\n<meta property=\"og:locale\" content=\"fr_FR\" \/>\n<meta property=\"og:type\" content=\"article\" \/>\n<meta property=\"og:title\" content=\"PACK 3 SUPER KAMAGRA\" \/>\n<meta property=\"og:description\" content=\"PACK 3 SUPER KAMAGRA is formulated for men who need help with both ED and PE. The sildenafil component supports erectile function, while dapoxetine\" \/>\n<meta property=\"og:url\" content=\"https:\/\/iberoid-shop.com\/fr\/product\/pack-3-super-kamagra\/\" \/>\n<meta property=\"og:site_name\" content=\"(Espa\u00f1ol) Esteroides en l\u00ednea\" \/>\n<meta property=\"article:modified_time\" content=\"2024-12-05T20:16:40+00:00\" \/>\n<meta property=\"og:image\" content=\"https:\/\/iberoid-shop.com\/wp-content\/uploads\/2024\/08\/super_kamagra-3.jpg?v=1722591882\" \/>\n\t<meta property=\"og:image:width\" content=\"200\" \/>\n\t<meta property=\"og:image:height\" content=\"200\" \/>\n\t<meta property=\"og:image:type\" content=\"image\/jpeg\" \/>\n<meta name=\"twitter:card\" content=\"summary_large_image\" \/>\n<meta name=\"twitter:label1\" content=\"Prix\" \/>\n\t<meta name=\"twitter:data1\" content=\"&euro;55.00\" \/>\n\t<meta name=\"twitter:label2\" content=\"Disponibilit\u00e9\" \/>\n\t<meta name=\"twitter:data2\" content=\"Rupture de stock\" \/>\n<script type=\"application\/ld+json\" class=\"yoast-schema-graph\">{\"@context\":\"https:\/\/schema.org\",\"@graph\":[{\"@type\":\"WebPage\",\"@id\":\"https:\/\/iberoid-shop.com\/fr\/product\/pack-3-super-kamagra\/\",\"url\":\"https:\/\/iberoid-shop.com\/fr\/product\/pack-3-super-kamagra\/\",\"name\":\"PACK 3 SUPER KAMAGRA - (Espa\u00f1ol) Esteroides en l\u00ednea\",\"isPartOf\":{\"@id\":\"https:\/\/iberoid-shop.com\/fr\/#website\"},\"primaryImageOfPage\":{\"@id\":\"https:\/\/iberoid-shop.com\/fr\/product\/pack-3-super-kamagra\/#primaryimage\"},\"image\":{\"@id\":\"https:\/\/iberoid-shop.com\/fr\/product\/pack-3-super-kamagra\/#primaryimage\"},\"thumbnailUrl\":\"https:\/\/iberoid-shop.com\/wp-content\/uploads\/2024\/08\/super_kamagra-3.jpg?v=1722591882\",\"datePublished\":\"2024-08-02T09:45:17+00:00\",\"dateModified\":\"2024-12-05T20:16:40+00:00\",\"description\":\"PACK 3 SUPER KAMAGRA is formulated for men who need help with both ED and PE. The sildenafil component supports erectile function, while dapoxetine\",\"breadcrumb\":{\"@id\":\"https:\/\/iberoid-shop.com\/fr\/product\/pack-3-super-kamagra\/#breadcrumb\"},\"inLanguage\":\"fr-FR\",\"potentialAction\":[{\"@type\":\"ReadAction\",\"target\":[[\"https:\/\/iberoid-shop.com\/fr\/product\/pack-3-super-kamagra\/\"]]}]},{\"@type\":\"ImageObject\",\"inLanguage\":\"fr-FR\",\"@id\":\"https:\/\/iberoid-shop.com\/fr\/product\/pack-3-super-kamagra\/#primaryimage\",\"url\":\"https:\/\/iberoid-shop.com\/wp-content\/uploads\/2024\/08\/super_kamagra-3.jpg?v=1722591882\",\"contentUrl\":\"https:\/\/iberoid-shop.com\/wp-content\/uploads\/2024\/08\/super_kamagra-3.jpg?v=1722591882\",\"width\":200,\"height\":200,\"caption\":\"PACK 3 SUPER KAMAGRA\"},{\"@type\":\"BreadcrumbList\",\"@id\":\"https:\/\/iberoid-shop.com\/fr\/product\/pack-3-super-kamagra\/#breadcrumb\",\"itemListElement\":[{\"@type\":\"ListItem\",\"position\":1,\"name\":\"Portada\",\"item\":\"https:\/\/iberoid-shop.com\/fr\/\"},{\"@type\":\"ListItem\",\"position\":2,\"name\":\"Magasin\",\"item\":\"https:\/\/iberoid-shop.com\/fr\/shop\/\"},{\"@type\":\"ListItem\",\"position\":3,\"name\":\"PACK 3 SUPER KAMAGRA\"}]},{\"@type\":\"WebSite\",\"@id\":\"https:\/\/iberoid-shop.com\/fr\/#website\",\"url\":\"https:\/\/iberoid-shop.com\/fr\/\",\"name\":\"(Espa\u00f1ol) Esteroides en l\u00ednea\",\"description\":\"(Espa\u00f1ol) Comprar esteroides en l\u00ednea hoy en Espa\u00f1a y Portugal. Tenemos el mejor servicio al cliente en la industria y los productos de la m\u00e1s alta calidad\",\"potentialAction\":[{\"@type\":\"SearchAction\",\"target\":{\"@type\":\"EntryPoint\",\"urlTemplate\":\"https:\/\/iberoid-shop.com\/fr\/?s={search_term_string}\"},\"query-input\":{\"@type\":\"PropertyValueSpecification\",\"valueRequired\":true,\"valueName\":\"search_term_string\"}}],\"inLanguage\":\"fr-FR\"}]}<\/script>\n<meta property=\"product:price:amount\" content=\"55.00\" \/>\n<meta property=\"product:price:currency\" content=\"EUR\" \/>\n<meta property=\"og:availability\" content=\"out of stock\" \/>\n<meta property=\"product:availability\" content=\"out of stock\" \/>\n<meta property=\"product:condition\" content=\"new\" \/>\n<!-- \/ Yoast SEO Premium plugin. -->","yoast_head_json":{"title":"PACK 3 SUPER KAMAGRA - (Espa\u00f1ol) Esteroides en l\u00ednea","description":"PACK 3 SUPER KAMAGRA is formulated for men who need help with both ED and PE. The sildenafil component supports erectile function, while dapoxetine","robots":{"index":"index","follow":"follow","max-snippet":"max-snippet:-1","max-image-preview":"max-image-preview:large","max-video-preview":"max-video-preview:-1"},"canonical":"https:\/\/iberoid-shop.com\/fr\/product\/pack-3-super-kamagra\/","og_locale":"fr_FR","og_type":"article","og_title":"PACK 3 SUPER KAMAGRA","og_description":"PACK 3 SUPER KAMAGRA is formulated for men who need help with both ED and PE. The sildenafil component supports erectile function, while dapoxetine","og_url":"https:\/\/iberoid-shop.com\/fr\/product\/pack-3-super-kamagra\/","og_site_name":"(Espa\u00f1ol) Esteroides en l\u00ednea","article_modified_time":"2024-12-05T20:16:40+00:00","og_image":[{"width":200,"height":200,"url":"https:\/\/iberoid-shop.com\/wp-content\/uploads\/2024\/08\/super_kamagra-3.jpg?v=1722591882","type":"image\/jpeg"}],"twitter_card":"summary_large_image","twitter_misc":{"Prix":"&euro;55.00","Disponibilit\u00e9":"Rupture de stock"},"schema":{"@context":"https:\/\/schema.org","@graph":[{"@type":"WebPage","@id":"https:\/\/iberoid-shop.com\/fr\/product\/pack-3-super-kamagra\/","url":"https:\/\/iberoid-shop.com\/fr\/product\/pack-3-super-kamagra\/","name":"PACK 3 SUPER KAMAGRA - (Espa\u00f1ol) Esteroides en l\u00ednea","isPartOf":{"@id":"https:\/\/iberoid-shop.com\/fr\/#website"},"primaryImageOfPage":{"@id":"https:\/\/iberoid-shop.com\/fr\/product\/pack-3-super-kamagra\/#primaryimage"},"image":{"@id":"https:\/\/iberoid-shop.com\/fr\/product\/pack-3-super-kamagra\/#primaryimage"},"thumbnailUrl":"https:\/\/iberoid-shop.com\/wp-content\/uploads\/2024\/08\/super_kamagra-3.jpg?v=1722591882","datePublished":"2024-08-02T09:45:17+00:00","dateModified":"2024-12-05T20:16:40+00:00","description":"PACK 3 SUPER KAMAGRA is formulated for men who need help with both ED and PE. The sildenafil component supports erectile function, while dapoxetine","breadcrumb":{"@id":"https:\/\/iberoid-shop.com\/fr\/product\/pack-3-super-kamagra\/#breadcrumb"},"inLanguage":"fr-FR","potentialAction":[{"@type":"ReadAction","target":[["https:\/\/iberoid-shop.com\/fr\/product\/pack-3-super-kamagra\/"]]}]},{"@type":"ImageObject","inLanguage":"fr-FR","@id":"https:\/\/iberoid-shop.com\/fr\/product\/pack-3-super-kamagra\/#primaryimage","url":"https:\/\/iberoid-shop.com\/wp-content\/uploads\/2024\/08\/super_kamagra-3.jpg?v=1722591882","contentUrl":"https:\/\/iberoid-shop.com\/wp-content\/uploads\/2024\/08\/super_kamagra-3.jpg?v=1722591882","width":200,"height":200,"caption":"PACK 3 SUPER KAMAGRA"},{"@type":"BreadcrumbList","@id":"https:\/\/iberoid-shop.com\/fr\/product\/pack-3-super-kamagra\/#breadcrumb","itemListElement":[{"@type":"ListItem","position":1,"name":"Portada","item":"https:\/\/iberoid-shop.com\/fr\/"},{"@type":"ListItem","position":2,"name":"Magasin","item":"https:\/\/iberoid-shop.com\/fr\/shop\/"},{"@type":"ListItem","position":3,"name":"PACK 3 SUPER KAMAGRA"}]},{"@type":"WebSite","@id":"https:\/\/iberoid-shop.com\/fr\/#website","url":"https:\/\/iberoid-shop.com\/fr\/","name":"(Espa\u00f1ol) Esteroides en l\u00ednea","description":"(Espa\u00f1ol) Comprar esteroides en l\u00ednea hoy en Espa\u00f1a y Portugal. Tenemos el mejor servicio al cliente en la industria y los productos de la m\u00e1s alta calidad","potentialAction":[{"@type":"SearchAction","target":{"@type":"EntryPoint","urlTemplate":"https:\/\/iberoid-shop.com\/fr\/?s={search_term_string}"},"query-input":{"@type":"PropertyValueSpecification","valueRequired":true,"valueName":"search_term_string"}}],"inLanguage":"fr-FR"}]},"product_price_amount":"55.00","product_price_currency":"EUR","og_availability":"out of stock","product_availability":"out of stock","product_condition":"new"},"_links":{"self":[{"href":"https:\/\/iberoid-shop.com\/fr\/wp-json\/wp\/v2\/product\/9593","targetHints":{"allow":["GET"]}}],"collection":[{"href":"https:\/\/iberoid-shop.com\/fr\/wp-json\/wp\/v2\/product"}],"about":[{"href":"https:\/\/iberoid-shop.com\/fr\/wp-json\/wp\/v2\/types\/product"}],"replies":[{"embeddable":true,"href":"https:\/\/iberoid-shop.com\/fr\/wp-json\/wp\/v2\/comments?post=9593"}],"wp:featuredmedia":[{"embeddable":true,"href":"https:\/\/iberoid-shop.com\/fr\/wp-json\/wp\/v2\/media\/9594"}],"wp:attachment":[{"href":"https:\/\/iberoid-shop.com\/fr\/wp-json\/wp\/v2\/media?parent=9593"}],"wp:term":[{"taxonomy":"product_brand","embeddable":true,"href":"https:\/\/iberoid-shop.com\/fr\/wp-json\/wp\/v2\/product_brand?post=9593"},{"taxonomy":"product_cat","embeddable":true,"href":"https:\/\/iberoid-shop.com\/fr\/wp-json\/wp\/v2\/product_cat?post=9593"},{"taxonomy":"product_tag","embeddable":true,"href":"https:\/\/iberoid-shop.com\/fr\/wp-json\/wp\/v2\/product_tag?post=9593"}],"curies":[{"name":"wp","href":"https:\/\/api.w.org\/{rel}","templated":true}]}}