{"id":9559,"date":"2024-07-16T18:27:49","date_gmt":"2024-07-16T18:27:49","guid":{"rendered":"https:\/\/iberoid-shop.com\/?post_type=product&#038;p=9559"},"modified":"2024-09-25T11:46:54","modified_gmt":"2024-09-25T11:46:54","slug":"danamax-dianabol","status":"publish","type":"product","link":"https:\/\/iberoid-shop.com\/fr\/product\/danamax-dianabol\/","title":{"rendered":"DANAMAX ( DIANABOL )"},"content":{"rendered":"<p>DANAMAX ( DIANABOL ), \u00e9galement connu sous le nom de M\u00e9thane, est un puissant st\u00e9ro\u00efde oral d&rsquo;origine testost\u00e9rone.<\/p>\n<p>Il procure une augmentation significative de la masse et de la force musculaires gr\u00e2ce \u00e0 ses fortes propri\u00e9t\u00e9s anabolisantes et androg\u00e8nes mod\u00e9r\u00e9es. La composition en m\u00e9thane emp\u00eache une aromatisation importante, ce qui limite la r\u00e9tention d&rsquo;eau \u00e0 des niveaux mod\u00e9r\u00e9s. Souvent utilis\u00e9 en d\u00e9but de cycles de st\u00e9ro\u00efdes pour des r\u00e9sultats rapides en gain de masse musculaire. , Dianabol est populaire parmi les bodybuilders et les athl\u00e8tes dans les disciplines o\u00f9 le poids n&rsquo;est pas un facteur d\u00e9cisif.<\/p>\n<p>Effets de l&rsquo;utilisation de DANAMAX ( DIANABOL )<br \/>\nDianabol augmente consid\u00e9rablement la force et la masse musculaire tout en am\u00e9liorant l&rsquo;app\u00e9tit et la synth\u00e8se des prot\u00e9ines, en particulier lorsqu&rsquo;il est associ\u00e9 \u00e0 des r\u00e9gimes riches en prot\u00e9ines. Cela le rend id\u00e9al pour augmenter rapidement la masse musculaire et acc\u00e9l\u00e9rer les processus de r\u00e9cup\u00e9ration.<\/p>\n<p>M\u00e9thode d&rsquo;utilisation :<br \/>\nLa dose quotidienne recommand\u00e9e de Dianabol est comprise entre 30 et 50 mg. Pour \u00e9viter les effets secondaires tels que les ballonnements et la r\u00e9tention d&rsquo;eau, il est important de respecter ces posologies. Il est conseill\u00e9 de ne pas utiliser le Dianabol plus de 10 semaines en raison de param\u00e8tres h\u00e9patiques potentiellement \u00e9lev\u00e9s.<\/p>\n<p>Dianabol peut \u00eatre combin\u00e9 avec succ\u00e8s avec d\u2019autres st\u00e9ro\u00efdes anabolisants dans divers r\u00e9gimes pour optimiser les r\u00e9sultats, en tenant toujours compte des besoins et des objectifs individuels de l\u2019athl\u00e8te.<\/p>","protected":false},"excerpt":{"rendered":"<p>DANAMAX ( DIANABOL ), \u00e9galement connu sous le nom de M\u00e9thane, est un puissant st\u00e9ro\u00efde oral d&rsquo;origine testost\u00e9rone. Il procure<\/p>\n","protected":false},"featured_media":9560,"comment_status":"open","ping_status":"closed","template":"","meta":[],"product_brand":[],"product_cat":[73,69],"product_tag":[],"class_list":{"0":"post-9559","1":"product","2":"type-product","3":"status-publish","4":"has-post-thumbnail","6":"product_cat-ssteroides_orales","7":"product_cat-esteroides_inyectables","9":"first","10":"outofstock","11":"shipping-taxable","12":"purchasable","13":"product-type-simple"},"yoast_head":"<!-- This site is optimized with the Yoast SEO Premium plugin v24.4 (Yoast SEO v27.0) - https:\/\/yoast.com\/product\/yoast-seo-premium-wordpress\/ -->\n<title>DANAMAX ( DIANABOL ) - (Espa\u00f1ol) Esteroides en l\u00ednea<\/title>\n<meta name=\"description\" content=\"DANAMAX ( DIANABOL ) provides a significant increase in muscle mass and strength thanks to its strong anabolic and moderate androgenic properties.\" \/>\n<meta name=\"robots\" content=\"index, follow, max-snippet:-1, max-image-preview:large, max-video-preview:-1\" \/>\n<link rel=\"canonical\" href=\"https:\/\/iberoid-shop.com\/fr\/product\/danamax-dianabol\/\" \/>\n<meta property=\"og:locale\" content=\"fr_FR\" \/>\n<meta property=\"og:type\" content=\"article\" \/>\n<meta property=\"og:title\" content=\"DANAMAX ( DIANABOL )\" \/>\n<meta property=\"og:description\" content=\"DANAMAX ( DIANABOL ) provides a significant increase in muscle mass and strength thanks to its strong anabolic and moderate androgenic properties.\" \/>\n<meta property=\"og:url\" content=\"https:\/\/iberoid-shop.com\/fr\/product\/danamax-dianabol\/\" \/>\n<meta property=\"og:site_name\" content=\"(Espa\u00f1ol) Esteroides en l\u00ednea\" \/>\n<meta property=\"article:modified_time\" content=\"2024-09-25T11:46:54+00:00\" \/>\n<meta property=\"og:image\" content=\"https:\/\/iberoid-shop.com\/wp-content\/uploads\/2024\/07\/danamax.jpg?v=1721154417\" \/>\n\t<meta property=\"og:image:width\" content=\"1928\" \/>\n\t<meta property=\"og:image:height\" content=\"1003\" \/>\n\t<meta property=\"og:image:type\" content=\"image\/jpeg\" \/>\n<meta name=\"twitter:card\" content=\"summary_large_image\" \/>\n<meta name=\"twitter:label1\" content=\"Prix\" \/>\n\t<meta name=\"twitter:data1\" content=\"&euro;35.00\" \/>\n\t<meta name=\"twitter:label2\" content=\"Disponibilit\u00e9\" \/>\n\t<meta name=\"twitter:data2\" content=\"Rupture de stock\" \/>\n<script type=\"application\/ld+json\" class=\"yoast-schema-graph\">{\"@context\":\"https:\/\/schema.org\",\"@graph\":[{\"@type\":\"WebPage\",\"@id\":\"https:\/\/iberoid-shop.com\/fr\/product\/danamax-dianabol\/\",\"url\":\"https:\/\/iberoid-shop.com\/fr\/product\/danamax-dianabol\/\",\"name\":\"DANAMAX ( DIANABOL ) - (Espa\u00f1ol) Esteroides en l\u00ednea\",\"isPartOf\":{\"@id\":\"https:\/\/iberoid-shop.com\/fr\/#website\"},\"primaryImageOfPage\":{\"@id\":\"https:\/\/iberoid-shop.com\/fr\/product\/danamax-dianabol\/#primaryimage\"},\"image\":{\"@id\":\"https:\/\/iberoid-shop.com\/fr\/product\/danamax-dianabol\/#primaryimage\"},\"thumbnailUrl\":\"https:\/\/iberoid-shop.com\/wp-content\/uploads\/2024\/07\/danamax.jpg?v=1721154417\",\"datePublished\":\"2024-07-16T18:27:49+00:00\",\"dateModified\":\"2024-09-25T11:46:54+00:00\",\"description\":\"DANAMAX ( DIANABOL ) provides a significant increase in muscle mass and strength thanks to its strong anabolic and moderate androgenic properties.\",\"breadcrumb\":{\"@id\":\"https:\/\/iberoid-shop.com\/fr\/product\/danamax-dianabol\/#breadcrumb\"},\"inLanguage\":\"fr-FR\",\"potentialAction\":[{\"@type\":\"ReadAction\",\"target\":[[\"https:\/\/iberoid-shop.com\/fr\/product\/danamax-dianabol\/\"]]}]},{\"@type\":\"ImageObject\",\"inLanguage\":\"fr-FR\",\"@id\":\"https:\/\/iberoid-shop.com\/fr\/product\/danamax-dianabol\/#primaryimage\",\"url\":\"https:\/\/iberoid-shop.com\/wp-content\/uploads\/2024\/07\/danamax.jpg?v=1721154417\",\"contentUrl\":\"https:\/\/iberoid-shop.com\/wp-content\/uploads\/2024\/07\/danamax.jpg?v=1721154417\",\"width\":1928,\"height\":1003,\"caption\":\"DANAMAX ( DIANABOL )\"},{\"@type\":\"BreadcrumbList\",\"@id\":\"https:\/\/iberoid-shop.com\/fr\/product\/danamax-dianabol\/#breadcrumb\",\"itemListElement\":[{\"@type\":\"ListItem\",\"position\":1,\"name\":\"Portada\",\"item\":\"https:\/\/iberoid-shop.com\/fr\/\"},{\"@type\":\"ListItem\",\"position\":2,\"name\":\"Magasin\",\"item\":\"https:\/\/iberoid-shop.com\/fr\/shop\/\"},{\"@type\":\"ListItem\",\"position\":3,\"name\":\"DANAMAX ( DIANABOL )\"}]},{\"@type\":\"WebSite\",\"@id\":\"https:\/\/iberoid-shop.com\/fr\/#website\",\"url\":\"https:\/\/iberoid-shop.com\/fr\/\",\"name\":\"(Espa\u00f1ol) Esteroides en l\u00ednea\",\"description\":\"(Espa\u00f1ol) Comprar esteroides en l\u00ednea hoy en Espa\u00f1a y Portugal. Tenemos el mejor servicio al cliente en la industria y los productos de la m\u00e1s alta calidad\",\"potentialAction\":[{\"@type\":\"SearchAction\",\"target\":{\"@type\":\"EntryPoint\",\"urlTemplate\":\"https:\/\/iberoid-shop.com\/fr\/?s={search_term_string}\"},\"query-input\":{\"@type\":\"PropertyValueSpecification\",\"valueRequired\":true,\"valueName\":\"search_term_string\"}}],\"inLanguage\":\"fr-FR\"}]}<\/script>\n<meta property=\"product:brand\" content=\"MaxLab\" \/>\n<meta property=\"product:price:amount\" content=\"35.00\" \/>\n<meta property=\"product:price:currency\" content=\"EUR\" \/>\n<meta property=\"og:availability\" content=\"out of stock\" \/>\n<meta property=\"product:availability\" content=\"out of stock\" \/>\n<meta property=\"product:condition\" content=\"new\" \/>\n<!-- \/ Yoast SEO Premium plugin. -->","yoast_head_json":{"title":"DANAMAX ( DIANABOL ) - (Espa\u00f1ol) Esteroides en l\u00ednea","description":"DANAMAX ( DIANABOL ) provides a significant increase in muscle mass and strength thanks to its strong anabolic and moderate androgenic properties.","robots":{"index":"index","follow":"follow","max-snippet":"max-snippet:-1","max-image-preview":"max-image-preview:large","max-video-preview":"max-video-preview:-1"},"canonical":"https:\/\/iberoid-shop.com\/fr\/product\/danamax-dianabol\/","og_locale":"fr_FR","og_type":"article","og_title":"DANAMAX ( DIANABOL )","og_description":"DANAMAX ( DIANABOL ) provides a significant increase in muscle mass and strength thanks to its strong anabolic and moderate androgenic properties.","og_url":"https:\/\/iberoid-shop.com\/fr\/product\/danamax-dianabol\/","og_site_name":"(Espa\u00f1ol) Esteroides en l\u00ednea","article_modified_time":"2024-09-25T11:46:54+00:00","og_image":[{"width":1928,"height":1003,"url":"https:\/\/iberoid-shop.com\/wp-content\/uploads\/2024\/07\/danamax.jpg?v=1721154417","type":"image\/jpeg"}],"twitter_card":"summary_large_image","twitter_misc":{"Prix":"&euro;35.00","Disponibilit\u00e9":"Rupture de stock"},"schema":{"@context":"https:\/\/schema.org","@graph":[{"@type":"WebPage","@id":"https:\/\/iberoid-shop.com\/fr\/product\/danamax-dianabol\/","url":"https:\/\/iberoid-shop.com\/fr\/product\/danamax-dianabol\/","name":"DANAMAX ( DIANABOL ) - (Espa\u00f1ol) Esteroides en l\u00ednea","isPartOf":{"@id":"https:\/\/iberoid-shop.com\/fr\/#website"},"primaryImageOfPage":{"@id":"https:\/\/iberoid-shop.com\/fr\/product\/danamax-dianabol\/#primaryimage"},"image":{"@id":"https:\/\/iberoid-shop.com\/fr\/product\/danamax-dianabol\/#primaryimage"},"thumbnailUrl":"https:\/\/iberoid-shop.com\/wp-content\/uploads\/2024\/07\/danamax.jpg?v=1721154417","datePublished":"2024-07-16T18:27:49+00:00","dateModified":"2024-09-25T11:46:54+00:00","description":"DANAMAX ( DIANABOL ) provides a significant increase in muscle mass and strength thanks to its strong anabolic and moderate androgenic properties.","breadcrumb":{"@id":"https:\/\/iberoid-shop.com\/fr\/product\/danamax-dianabol\/#breadcrumb"},"inLanguage":"fr-FR","potentialAction":[{"@type":"ReadAction","target":[["https:\/\/iberoid-shop.com\/fr\/product\/danamax-dianabol\/"]]}]},{"@type":"ImageObject","inLanguage":"fr-FR","@id":"https:\/\/iberoid-shop.com\/fr\/product\/danamax-dianabol\/#primaryimage","url":"https:\/\/iberoid-shop.com\/wp-content\/uploads\/2024\/07\/danamax.jpg?v=1721154417","contentUrl":"https:\/\/iberoid-shop.com\/wp-content\/uploads\/2024\/07\/danamax.jpg?v=1721154417","width":1928,"height":1003,"caption":"DANAMAX ( DIANABOL )"},{"@type":"BreadcrumbList","@id":"https:\/\/iberoid-shop.com\/fr\/product\/danamax-dianabol\/#breadcrumb","itemListElement":[{"@type":"ListItem","position":1,"name":"Portada","item":"https:\/\/iberoid-shop.com\/fr\/"},{"@type":"ListItem","position":2,"name":"Magasin","item":"https:\/\/iberoid-shop.com\/fr\/shop\/"},{"@type":"ListItem","position":3,"name":"DANAMAX ( DIANABOL )"}]},{"@type":"WebSite","@id":"https:\/\/iberoid-shop.com\/fr\/#website","url":"https:\/\/iberoid-shop.com\/fr\/","name":"(Espa\u00f1ol) Esteroides en l\u00ednea","description":"(Espa\u00f1ol) Comprar esteroides en l\u00ednea hoy en Espa\u00f1a y Portugal. Tenemos el mejor servicio al cliente en la industria y los productos de la m\u00e1s alta calidad","potentialAction":[{"@type":"SearchAction","target":{"@type":"EntryPoint","urlTemplate":"https:\/\/iberoid-shop.com\/fr\/?s={search_term_string}"},"query-input":{"@type":"PropertyValueSpecification","valueRequired":true,"valueName":"search_term_string"}}],"inLanguage":"fr-FR"}]},"product_brand":"MaxLab","product_price_amount":"35.00","product_price_currency":"EUR","og_availability":"out of stock","product_availability":"out of stock","product_condition":"new"},"_links":{"self":[{"href":"https:\/\/iberoid-shop.com\/fr\/wp-json\/wp\/v2\/product\/9559","targetHints":{"allow":["GET"]}}],"collection":[{"href":"https:\/\/iberoid-shop.com\/fr\/wp-json\/wp\/v2\/product"}],"about":[{"href":"https:\/\/iberoid-shop.com\/fr\/wp-json\/wp\/v2\/types\/product"}],"replies":[{"embeddable":true,"href":"https:\/\/iberoid-shop.com\/fr\/wp-json\/wp\/v2\/comments?post=9559"}],"wp:featuredmedia":[{"embeddable":true,"href":"https:\/\/iberoid-shop.com\/fr\/wp-json\/wp\/v2\/media\/9560"}],"wp:attachment":[{"href":"https:\/\/iberoid-shop.com\/fr\/wp-json\/wp\/v2\/media?parent=9559"}],"wp:term":[{"taxonomy":"product_brand","embeddable":true,"href":"https:\/\/iberoid-shop.com\/fr\/wp-json\/wp\/v2\/product_brand?post=9559"},{"taxonomy":"product_cat","embeddable":true,"href":"https:\/\/iberoid-shop.com\/fr\/wp-json\/wp\/v2\/product_cat?post=9559"},{"taxonomy":"product_tag","embeddable":true,"href":"https:\/\/iberoid-shop.com\/fr\/wp-json\/wp\/v2\/product_tag?post=9559"}],"curies":[{"name":"wp","href":"https:\/\/api.w.org\/{rel}","templated":true}]}}