{"id":9534,"date":"2024-07-13T13:02:44","date_gmt":"2024-07-13T13:02:44","guid":{"rendered":"https:\/\/iberoid-shop.com\/?post_type=product&#038;p=9534"},"modified":"2024-09-07T18:19:25","modified_gmt":"2024-09-07T18:19:25","slug":"stronba-stanozolol","status":"publish","type":"product","link":"https:\/\/iberoid-shop.com\/fr\/product\/stronba-stanozolol\/","title":{"rendered":"STRONBA \/ stanozolol"},"content":{"rendered":"<p><strong>STRONBA \/ stanozolol <\/strong>10 mg\/105 comprim\u00e9s<\/p>\n<p>Le paquet Stronba contient 100 comprim\u00e9s. Stanozolol traite l&rsquo;angio-\u0153d\u00e8me h\u00e9r\u00e9ditaire, une affection provoquant des \u00e9pisodes de gonflement du visage, des extr\u00e9mit\u00e9s, des organes g\u00e9nitaux, de la paroi intestinale et de la gorge.<\/p>\n<p>Stanozolol contenu dans Stronba peut r\u00e9duire la fr\u00e9quence et la gravit\u00e9 de ces crises. Il d\u00e9rive de la dihydrotestost\u00e9rone, pr\u00e9sentant des effets plus l\u00e9gers, \u00e0 l\u2019exception des effets secondaires androg\u00e8nes associ\u00e9s. Il d\u00e9montre une forte tendance \u00e0 favoriser la croissance musculaire.<\/p>\n<p><strong>Contre-indications :<\/strong><\/p>\n<p>Stanozolol n&rsquo;est pas indiqu\u00e9 chez les patients souffrant d&rsquo;hypersensibilit\u00e9 au m\u00e9dicament, de cancer de la prostate, de cancer du sein chez l&rsquo;homme, de carcinome du sein chez la femme pr\u00e9sentant une hypercalc\u00e9mie, d&rsquo;ath\u00e9roscl\u00e9rose s\u00e9v\u00e8re, d&rsquo;insuffisance h\u00e9patique et r\u00e9nale, de prostatite aigu\u00eb et chronique, de grossesse et d&rsquo;allaitement.<\/p>\n<h2>Administration de STRONBA\/stanozolol\u00a0:<\/h2>\n<p>La dose optimale pour les adultes est de 10 \u00e0 20 mg\/jour. La dose conservatrice est de 5 \u00e0 10 mg\/jour.<\/p>\n<p>Pour minimiser la fr\u00e9quence et la gravit\u00e9 des crises d&rsquo;angio-\u0153d\u00e8me h\u00e9r\u00e9ditaire, les m\u00e9decins ont ajust\u00e9 les doses individuelles en fonction de la r\u00e9activit\u00e9 du patient. Le traitement commence par une dose de 2 mg trois fois par jour. Une fois l&rsquo;effet positif obtenu, la dose est progressivement r\u00e9duite sur une p\u00e9riode de 1 \u00e0 3 mois jusqu&rsquo;\u00e0 2 mg par jour.<\/p>\n<p><strong>Action m\u00e9dicale :<\/strong><\/p>\n<p>Le stanozolol est un st\u00e9ro\u00efde anabolisant. Ce m\u00e9dicament stimule les processus anabolisants et inhibe les processus cataboliques provoqu\u00e9s par les glucocortico\u00efdes. Stanozol induit une augmentation de la masse musculaire, r\u00e9duit les amas graisseux, am\u00e9liore les tissus trophiques, favorise le d\u00e9p\u00f4t de calcium dans les os, retient l&rsquo;azote, le phosphore, le soufre, le potassium, le sodium et l&rsquo;eau dans le corps. L&rsquo;activit\u00e9 h\u00e9matopo\u00ef\u00e9tique est caus\u00e9e par l&rsquo;augmentation du niveau de synth\u00e8se de l&rsquo;\u00e9rythropo\u00ef\u00e9tine.<\/p>\n<p>L&rsquo;action anti-allergique est due \u00e0 l&rsquo;augmentation de la fraction du compl\u00e9ment C1 dans le s\u00e9rum. Une activit\u00e9 androg\u00e8ne mod\u00e9r\u00e9e peut provoquer le d\u00e9veloppement de caract\u00e8res sexuels secondaires masculins.<\/p>\n<p><strong>Pr\u00e9cautions:<\/strong><\/p>\n<p>Si vous ressentez les premiers signes de virilisation (tels qu&rsquo;un approfondissement de la voix, un hirsutisme, une acn\u00e9, une clitorom\u00e9galie), arr\u00eatez de prendre ce m\u00e9dicament pour \u00e9viter les effets secondaires ind\u00e9sirables. Une surveillance r\u00e9guli\u00e8re des taux de lipides et de cholest\u00e9rol est n\u00e9cessaire. L&rsquo;utilisation p\u00e9diatrique doit \u00eatre supervis\u00e9e par un sp\u00e9cialiste exp\u00e9riment\u00e9 afin de pr\u00e9venir une calcification pr\u00e9matur\u00e9e des os \u00e9piphysaires.<\/p>\n<h2>Effets secondaires:<\/h2>\n<p>Stanozol peut provoquer diff\u00e9rents effets secondaires chez les femmes et les hommes. Ils pr\u00e9sentent des sympt\u00f4mes diff\u00e9rents chez les hommes et chez les femmes, mais peuvent \u00eatre les m\u00eames dans certains cas.<\/p>\n<p>Femmes &#8211; sympt\u00f4mes virilisants, inhibition de la fonction ovarienne, troubles menstruels, hypercalc\u00e9mie.<\/p>\n<p>Hommes\u00a0:\u00a0aux stades pr\u00e9pub\u00e8res, les sympt\u00f4mes peuvent inclure une virilisation, une hyperpigmentation cutan\u00e9e idiopathique et un arr\u00eat de la croissance (d\u00fb \u00e0 la calcification des zones de croissance \u00e9piphysaires des os tubulaires). Pendant les stades postpub\u00e8res , les probl\u00e8mes courants incluent l\u2019irritation de la vessie, la gyn\u00e9comastie et le priapisme. Chez les hommes \u00e2g\u00e9s, des affections telles qu\u2019une hypertrophie et\/ou un carcinome de la prostate peuvent survenir.<\/p>\n<p>Hommes et femmes &#8211; progression de l&rsquo;ath\u00e9roscl\u00e9rose, \u0153d\u00e8me p\u00e9riph\u00e9rique, alt\u00e9ration de la fonction h\u00e9patique avec jaunisse, modifications de la formule sanguine, douleurs des os tubulaires longs, hypocoagulation sujette aux saignements.<\/p>\n<h2>Surdosage\u00a0:<\/h2>\n<p>En cas de surdosage de Stanozol , demandez de l&rsquo;aide d&rsquo;urgence.<\/p>","protected":false},"excerpt":{"rendered":"<p>STRONBA \/ stanozolol 10 mg\/105 comprim\u00e9s Le paquet Stronba contient 100 comprim\u00e9s. Stanozolol traite l&rsquo;angio-\u0153d\u00e8me h\u00e9r\u00e9ditaire, une affection provoquant des<\/p>\n","protected":false},"featured_media":9536,"comment_status":"open","ping_status":"closed","template":"","meta":[],"product_brand":[],"product_cat":[73],"product_tag":[],"class_list":{"0":"post-9534","1":"product","2":"type-product","3":"status-publish","4":"has-post-thumbnail","6":"product_cat-ssteroides_orales","8":"first","9":"outofstock","10":"shipping-taxable","11":"purchasable","12":"product-type-simple"},"yoast_head":"<!-- This site is optimized with the Yoast SEO Premium plugin v24.4 (Yoast SEO v27.0) - https:\/\/yoast.com\/product\/yoast-seo-premium-wordpress\/ -->\n<title>STRONBA \/ stanozolol - buy online at (Espa\u00f1ol) Esteroides en l\u00ednea<\/title>\n<meta name=\"description\" content=\"STRONBA \/ stanozolol is an anabolic steroid. This medicine stimulates anabolic processes and inhibits the catabolic ones caused by the glucocorticoids.\" \/>\n<meta name=\"robots\" content=\"index, follow, max-snippet:-1, max-image-preview:large, max-video-preview:-1\" \/>\n<link rel=\"canonical\" href=\"https:\/\/iberoid-shop.com\/fr\/product\/stronba-stanozolol\/\" \/>\n<meta property=\"og:locale\" content=\"fr_FR\" \/>\n<meta property=\"og:type\" content=\"article\" \/>\n<meta property=\"og:title\" content=\"STRONBA \/ stanozolol\" \/>\n<meta property=\"og:description\" content=\"STRONBA \/ stanozolol is an anabolic steroid. This medicine stimulates anabolic processes and inhibits the catabolic ones caused by the glucocorticoids.\" \/>\n<meta property=\"og:url\" content=\"https:\/\/iberoid-shop.com\/fr\/product\/stronba-stanozolol\/\" \/>\n<meta property=\"og:site_name\" content=\"(Espa\u00f1ol) Esteroides en l\u00ednea\" \/>\n<meta property=\"article:modified_time\" content=\"2024-09-07T18:19:25+00:00\" \/>\n<meta property=\"og:image\" content=\"https:\/\/iberoid-shop.com\/wp-content\/uploads\/2024\/07\/PHARMA-GROUP-stronba-570x570-525x700-1.jpg?v=1720875718\" \/>\n\t<meta property=\"og:image:width\" content=\"525\" \/>\n\t<meta property=\"og:image:height\" content=\"700\" \/>\n\t<meta property=\"og:image:type\" content=\"image\/jpeg\" \/>\n<meta name=\"twitter:card\" content=\"summary_large_image\" \/>\n<meta name=\"twitter:label1\" content=\"Prix\" \/>\n\t<meta name=\"twitter:data1\" content=\"&euro;35.00\" \/>\n\t<meta name=\"twitter:label2\" content=\"Disponibilit\u00e9\" \/>\n\t<meta name=\"twitter:data2\" content=\"Rupture de stock\" \/>\n<script type=\"application\/ld+json\" class=\"yoast-schema-graph\">{\"@context\":\"https:\/\/schema.org\",\"@graph\":[{\"@type\":\"WebPage\",\"@id\":\"https:\/\/iberoid-shop.com\/fr\/product\/stronba-stanozolol\/\",\"url\":\"https:\/\/iberoid-shop.com\/fr\/product\/stronba-stanozolol\/\",\"name\":\"STRONBA \/ stanozolol - buy online at (Espa\u00f1ol) Esteroides en l\u00ednea\",\"isPartOf\":{\"@id\":\"https:\/\/iberoid-shop.com\/fr\/#website\"},\"primaryImageOfPage\":{\"@id\":\"https:\/\/iberoid-shop.com\/fr\/product\/stronba-stanozolol\/#primaryimage\"},\"image\":{\"@id\":\"https:\/\/iberoid-shop.com\/fr\/product\/stronba-stanozolol\/#primaryimage\"},\"thumbnailUrl\":\"https:\/\/iberoid-shop.com\/wp-content\/uploads\/2024\/07\/PHARMA-GROUP-stronba-570x570-525x700-1.jpg?v=1720875718\",\"datePublished\":\"2024-07-13T13:02:44+00:00\",\"dateModified\":\"2024-09-07T18:19:25+00:00\",\"description\":\"STRONBA \/ stanozolol is an anabolic steroid. This medicine stimulates anabolic processes and inhibits the catabolic ones caused by the glucocorticoids.\",\"breadcrumb\":{\"@id\":\"https:\/\/iberoid-shop.com\/fr\/product\/stronba-stanozolol\/#breadcrumb\"},\"inLanguage\":\"fr-FR\",\"potentialAction\":[{\"@type\":\"ReadAction\",\"target\":[[\"https:\/\/iberoid-shop.com\/fr\/product\/stronba-stanozolol\/\"]]}]},{\"@type\":\"ImageObject\",\"inLanguage\":\"fr-FR\",\"@id\":\"https:\/\/iberoid-shop.com\/fr\/product\/stronba-stanozolol\/#primaryimage\",\"url\":\"https:\/\/iberoid-shop.com\/wp-content\/uploads\/2024\/07\/PHARMA-GROUP-stronba-570x570-525x700-1.jpg?v=1720875718\",\"contentUrl\":\"https:\/\/iberoid-shop.com\/wp-content\/uploads\/2024\/07\/PHARMA-GROUP-stronba-570x570-525x700-1.jpg?v=1720875718\",\"width\":525,\"height\":700,\"caption\":\"STRONBA \/ stanozolol\"},{\"@type\":\"BreadcrumbList\",\"@id\":\"https:\/\/iberoid-shop.com\/fr\/product\/stronba-stanozolol\/#breadcrumb\",\"itemListElement\":[{\"@type\":\"ListItem\",\"position\":1,\"name\":\"Portada\",\"item\":\"https:\/\/iberoid-shop.com\/fr\/\"},{\"@type\":\"ListItem\",\"position\":2,\"name\":\"Magasin\",\"item\":\"https:\/\/iberoid-shop.com\/fr\/shop\/\"},{\"@type\":\"ListItem\",\"position\":3,\"name\":\"STRONBA \/ stanozolol\"}]},{\"@type\":\"WebSite\",\"@id\":\"https:\/\/iberoid-shop.com\/fr\/#website\",\"url\":\"https:\/\/iberoid-shop.com\/fr\/\",\"name\":\"(Espa\u00f1ol) Esteroides en l\u00ednea\",\"description\":\"(Espa\u00f1ol) Comprar esteroides en l\u00ednea hoy en Espa\u00f1a y Portugal. Tenemos el mejor servicio al cliente en la industria y los productos de la m\u00e1s alta calidad\",\"potentialAction\":[{\"@type\":\"SearchAction\",\"target\":{\"@type\":\"EntryPoint\",\"urlTemplate\":\"https:\/\/iberoid-shop.com\/fr\/?s={search_term_string}\"},\"query-input\":{\"@type\":\"PropertyValueSpecification\",\"valueRequired\":true,\"valueName\":\"search_term_string\"}}],\"inLanguage\":\"fr-FR\"}]}<\/script>\n<meta property=\"product:brand\" content=\"PHARMA GROUP\" \/>\n<meta property=\"product:price:amount\" content=\"35.00\" \/>\n<meta property=\"product:price:currency\" content=\"EUR\" \/>\n<meta property=\"og:availability\" content=\"out of stock\" \/>\n<meta property=\"product:availability\" content=\"out of stock\" \/>\n<meta property=\"product:condition\" content=\"new\" \/>\n<!-- \/ Yoast SEO Premium plugin. -->","yoast_head_json":{"title":"STRONBA \/ stanozolol - buy online at (Espa\u00f1ol) Esteroides en l\u00ednea","description":"STRONBA \/ stanozolol is an anabolic steroid. This medicine stimulates anabolic processes and inhibits the catabolic ones caused by the glucocorticoids.","robots":{"index":"index","follow":"follow","max-snippet":"max-snippet:-1","max-image-preview":"max-image-preview:large","max-video-preview":"max-video-preview:-1"},"canonical":"https:\/\/iberoid-shop.com\/fr\/product\/stronba-stanozolol\/","og_locale":"fr_FR","og_type":"article","og_title":"STRONBA \/ stanozolol","og_description":"STRONBA \/ stanozolol is an anabolic steroid. This medicine stimulates anabolic processes and inhibits the catabolic ones caused by the glucocorticoids.","og_url":"https:\/\/iberoid-shop.com\/fr\/product\/stronba-stanozolol\/","og_site_name":"(Espa\u00f1ol) Esteroides en l\u00ednea","article_modified_time":"2024-09-07T18:19:25+00:00","og_image":[{"width":525,"height":700,"url":"https:\/\/iberoid-shop.com\/wp-content\/uploads\/2024\/07\/PHARMA-GROUP-stronba-570x570-525x700-1.jpg?v=1720875718","type":"image\/jpeg"}],"twitter_card":"summary_large_image","twitter_misc":{"Prix":"&euro;35.00","Disponibilit\u00e9":"Rupture de stock"},"schema":{"@context":"https:\/\/schema.org","@graph":[{"@type":"WebPage","@id":"https:\/\/iberoid-shop.com\/fr\/product\/stronba-stanozolol\/","url":"https:\/\/iberoid-shop.com\/fr\/product\/stronba-stanozolol\/","name":"STRONBA \/ stanozolol - buy online at (Espa\u00f1ol) Esteroides en l\u00ednea","isPartOf":{"@id":"https:\/\/iberoid-shop.com\/fr\/#website"},"primaryImageOfPage":{"@id":"https:\/\/iberoid-shop.com\/fr\/product\/stronba-stanozolol\/#primaryimage"},"image":{"@id":"https:\/\/iberoid-shop.com\/fr\/product\/stronba-stanozolol\/#primaryimage"},"thumbnailUrl":"https:\/\/iberoid-shop.com\/wp-content\/uploads\/2024\/07\/PHARMA-GROUP-stronba-570x570-525x700-1.jpg?v=1720875718","datePublished":"2024-07-13T13:02:44+00:00","dateModified":"2024-09-07T18:19:25+00:00","description":"STRONBA \/ stanozolol is an anabolic steroid. This medicine stimulates anabolic processes and inhibits the catabolic ones caused by the glucocorticoids.","breadcrumb":{"@id":"https:\/\/iberoid-shop.com\/fr\/product\/stronba-stanozolol\/#breadcrumb"},"inLanguage":"fr-FR","potentialAction":[{"@type":"ReadAction","target":[["https:\/\/iberoid-shop.com\/fr\/product\/stronba-stanozolol\/"]]}]},{"@type":"ImageObject","inLanguage":"fr-FR","@id":"https:\/\/iberoid-shop.com\/fr\/product\/stronba-stanozolol\/#primaryimage","url":"https:\/\/iberoid-shop.com\/wp-content\/uploads\/2024\/07\/PHARMA-GROUP-stronba-570x570-525x700-1.jpg?v=1720875718","contentUrl":"https:\/\/iberoid-shop.com\/wp-content\/uploads\/2024\/07\/PHARMA-GROUP-stronba-570x570-525x700-1.jpg?v=1720875718","width":525,"height":700,"caption":"STRONBA \/ stanozolol"},{"@type":"BreadcrumbList","@id":"https:\/\/iberoid-shop.com\/fr\/product\/stronba-stanozolol\/#breadcrumb","itemListElement":[{"@type":"ListItem","position":1,"name":"Portada","item":"https:\/\/iberoid-shop.com\/fr\/"},{"@type":"ListItem","position":2,"name":"Magasin","item":"https:\/\/iberoid-shop.com\/fr\/shop\/"},{"@type":"ListItem","position":3,"name":"STRONBA \/ stanozolol"}]},{"@type":"WebSite","@id":"https:\/\/iberoid-shop.com\/fr\/#website","url":"https:\/\/iberoid-shop.com\/fr\/","name":"(Espa\u00f1ol) Esteroides en l\u00ednea","description":"(Espa\u00f1ol) Comprar esteroides en l\u00ednea hoy en Espa\u00f1a y Portugal. Tenemos el mejor servicio al cliente en la industria y los productos de la m\u00e1s alta calidad","potentialAction":[{"@type":"SearchAction","target":{"@type":"EntryPoint","urlTemplate":"https:\/\/iberoid-shop.com\/fr\/?s={search_term_string}"},"query-input":{"@type":"PropertyValueSpecification","valueRequired":true,"valueName":"search_term_string"}}],"inLanguage":"fr-FR"}]},"product_brand":"PHARMA GROUP","product_price_amount":"35.00","product_price_currency":"EUR","og_availability":"out of stock","product_availability":"out of stock","product_condition":"new"},"_links":{"self":[{"href":"https:\/\/iberoid-shop.com\/fr\/wp-json\/wp\/v2\/product\/9534","targetHints":{"allow":["GET"]}}],"collection":[{"href":"https:\/\/iberoid-shop.com\/fr\/wp-json\/wp\/v2\/product"}],"about":[{"href":"https:\/\/iberoid-shop.com\/fr\/wp-json\/wp\/v2\/types\/product"}],"replies":[{"embeddable":true,"href":"https:\/\/iberoid-shop.com\/fr\/wp-json\/wp\/v2\/comments?post=9534"}],"wp:featuredmedia":[{"embeddable":true,"href":"https:\/\/iberoid-shop.com\/fr\/wp-json\/wp\/v2\/media\/9536"}],"wp:attachment":[{"href":"https:\/\/iberoid-shop.com\/fr\/wp-json\/wp\/v2\/media?parent=9534"}],"wp:term":[{"taxonomy":"product_brand","embeddable":true,"href":"https:\/\/iberoid-shop.com\/fr\/wp-json\/wp\/v2\/product_brand?post=9534"},{"taxonomy":"product_cat","embeddable":true,"href":"https:\/\/iberoid-shop.com\/fr\/wp-json\/wp\/v2\/product_cat?post=9534"},{"taxonomy":"product_tag","embeddable":true,"href":"https:\/\/iberoid-shop.com\/fr\/wp-json\/wp\/v2\/product_tag?post=9534"}],"curies":[{"name":"wp","href":"https:\/\/api.w.org\/{rel}","templated":true}]}}