{"id":9517,"date":"2024-07-06T15:38:14","date_gmt":"2024-07-06T15:38:14","guid":{"rendered":"https:\/\/iberoid-shop.com\/?post_type=product&#038;p=9517"},"modified":"2025-08-30T09:48:53","modified_gmt":"2025-08-30T09:48:53","slug":"bacteriostatic-water","status":"publish","type":"product","link":"https:\/\/iberoid-shop.com\/fr\/product\/bacteriostatic-water\/","title":{"rendered":"L\u2019eau bact\u00e9riostatique"},"content":{"rendered":"<p><strong>L\u2019eau bact\u00e9riostatique <\/strong>pour injection est une eau st\u00e9rile et apyrog\u00e8ne qui contient 0,9 % d\u2019alcool benzylique (9 mg\/mL) ajout\u00e9 comme conservateur bact\u00e9riostatique.<\/p>\n<p>Cette pr\u00e9paration d&rsquo;eau st\u00e9rile et d&rsquo;alcool benzylique ( BnOH ) permet des pr\u00e9l\u00e8vements r\u00e9p\u00e9t\u00e9s \u00e0 partir d&rsquo;un seul flacon en plastique de 30 ml.<\/p>\n<p>La diff\u00e9rence entre l\u2019eau bact\u00e9riostatique et l\u2019eau st\u00e9rile r\u00e9side dans le fait que les autres eaux st\u00e9riles injectables ne contiennent pas d\u2019agent bact\u00e9riostatique. Il s\u2019agit donc de flacons unidose et doivent \u00eatre jet\u00e9s apr\u00e8s une seule utilisation.<\/p>\n<p>L&rsquo;eau est un constituant essentiel de tous les tissus corporels et repr\u00e9sente environ 70 % du poids corporel total. Les besoins quotidiens normaux moyens d&rsquo;un adulte varient de deux \u00e0 trois litres (1,0 \u00e0 1,5 litre chacun pour la perte d&rsquo;eau insensible due \u00e0 la transpiration et \u00e0 la production d&rsquo;urine).<\/p>\n<p>L&rsquo;\u00e9quilibre hydrique est maintenu par divers m\u00e9canismes de r\u00e9gulation. La distribution de l&rsquo;eau d\u00e9pend principalement de la concentration en \u00e9lectrolytes dans les compartiments corporels et le sodium (Na + ) joue un r\u00f4le majeur dans le maintien de l&rsquo;\u00e9quilibre physiologique.<\/p>\n<h1>INDICATIONS ET UTILISATION de l&rsquo;eau bact\u00e9riostatique<\/h1>\n<p>Cette pr\u00e9paration parent\u00e9rale est uniquement indiqu\u00e9e pour diluer ou dissoudre des m\u00e9dicaments destin\u00e9s \u00e0 une injection intraveineuse, intramusculaire ou sous-cutan\u00e9e, selon les instructions fournies par le fabricant du m\u00e9dicament \u00e0 administrer.<\/p>\n<h1>CONTRE-INDICATIONS<\/h1>\n<p>En raison de la toxicit\u00e9 potentielle de l&rsquo;alcool benzylique chez les nouveau-n\u00e9s, il est imp\u00e9ratif d&rsquo;\u00e9viter d&rsquo;utiliser des solutions contenant de l&rsquo;alcool benzylique chez cette population de patients.<\/p>\n<p>N&rsquo;utilisez pas de pr\u00e9parations parent\u00e9rales contenant de l&rsquo;alcool benzylique pour remplacer les liquides.<\/p>\n<p>\u00c9vitez d&rsquo;utiliser des pr\u00e9parations parent\u00e9rales contenant de l&rsquo;alcool benzylique dans les proc\u00e9dures d&rsquo;anesth\u00e9sie p\u00e9ridurale ou rachidienne.<\/p>\n<p>L\u2019administration intraveineuse d\u2019eau bact\u00e9riostatique pour injection sans solut\u00e9 peut entra\u00eener une h\u00e9molyse.<\/p>\n<h1>PR\u00c9CAUTIONS<\/h1>\n<p>N\u2019injectez pas Injection, USP par voie intraveineuse \u00e0 moins que les additifs n\u2019entra\u00eenent un m\u00e9lange isotonique approximatif. En outre,<\/p>\n<p>consultez les instructions du fabricant pour conna\u00eetre la dissolution appropri\u00e9e du m\u00e9dicament, la voie d&rsquo;injection et le d\u00e9bit. En plus,<\/p>\n<p>Inspectez les m\u00e9dicaments reconstitu\u00e9s (dilu\u00e9s ou dissous) pour v\u00e9rifier leur clart\u00e9 (s&rsquo;ils sont solubles) et l&rsquo;absence de pr\u00e9cipitation ou de d\u00e9coloration inattendue avant l&rsquo;administration.<\/p>","protected":false},"excerpt":{"rendered":"<p>L\u2019eau bact\u00e9riostatique pour injection est une eau st\u00e9rile et apyrog\u00e8ne qui contient 0,9 % d\u2019alcool benzylique (9 mg\/mL) ajout\u00e9 comme<\/p>\n","protected":false},"featured_media":9519,"comment_status":"open","ping_status":"closed","template":"","meta":[],"product_brand":[],"product_cat":[69],"product_tag":[],"class_list":{"0":"post-9517","1":"product","2":"type-product","3":"status-publish","4":"has-post-thumbnail","6":"product_cat-esteroides_inyectables","8":"first","9":"outofstock","10":"shipping-taxable","11":"purchasable","12":"product-type-simple"},"yoast_head":"<!-- This site is optimized with the Yoast SEO Premium plugin v24.4 (Yoast SEO v27.3) - https:\/\/yoast.com\/product\/yoast-seo-premium-wordpress\/ -->\n<title>L\u2019eau bact\u00e9riostatique - (Espa\u00f1ol) Esteroides en l\u00ednea<\/title>\n<meta name=\"description\" content=\"Bacteriostatic Water\u00a0is sterile, non-pyrogenic water that contains 0.9% benzyl alcohol (9mg\/mL) added as a bacteriostatic preservative.\" \/>\n<meta name=\"robots\" content=\"index, follow, max-snippet:-1, max-image-preview:large, max-video-preview:-1\" \/>\n<link rel=\"canonical\" href=\"https:\/\/iberoid-shop.com\/fr\/product\/bacteriostatic-water\/\" \/>\n<meta property=\"og:locale\" content=\"fr_FR\" \/>\n<meta property=\"og:type\" content=\"article\" \/>\n<meta property=\"og:title\" content=\"L\u2019eau bact\u00e9riostatique\" \/>\n<meta property=\"og:description\" content=\"Bacteriostatic Water\u00a0is sterile, non-pyrogenic water that contains 0.9% benzyl alcohol (9mg\/mL) added as a bacteriostatic preservative.\" \/>\n<meta property=\"og:url\" content=\"https:\/\/iberoid-shop.com\/fr\/product\/bacteriostatic-water\/\" \/>\n<meta property=\"og:site_name\" content=\"(Espa\u00f1ol) Esteroides en l\u00ednea\" \/>\n<meta property=\"article:modified_time\" content=\"2025-08-30T09:48:53+00:00\" \/>\n<meta property=\"og:image\" content=\"https:\/\/iberoid-shop.com\/wp-content\/uploads\/2024\/07\/apa-1-scaled.jpg?v=1720280212\" \/>\n\t<meta property=\"og:image:width\" content=\"1920\" \/>\n\t<meta property=\"og:image:height\" content=\"2560\" \/>\n\t<meta property=\"og:image:type\" content=\"image\/jpeg\" \/>\n<meta name=\"twitter:card\" content=\"summary_large_image\" \/>\n<meta name=\"twitter:label1\" content=\"Prix\" \/>\n\t<meta name=\"twitter:data1\" content=\"&euro;12.00\" \/>\n\t<meta name=\"twitter:label2\" content=\"Disponibilit\u00e9\" \/>\n\t<meta name=\"twitter:data2\" content=\"Rupture de stock\" \/>\n<script type=\"application\/ld+json\" class=\"yoast-schema-graph\">{\"@context\":\"https:\\\/\\\/schema.org\",\"@graph\":[{\"@type\":\"WebPage\",\"@id\":\"https:\\\/\\\/iberoid-shop.com\\\/fr\\\/product\\\/bacteriostatic-water\\\/\",\"url\":\"https:\\\/\\\/iberoid-shop.com\\\/fr\\\/product\\\/bacteriostatic-water\\\/\",\"name\":\"L\u2019eau bact\u00e9riostatique - (Espa\u00f1ol) Esteroides en l\u00ednea\",\"isPartOf\":{\"@id\":\"https:\\\/\\\/iberoid-shop.com\\\/fr\\\/#website\"},\"primaryImageOfPage\":{\"@id\":\"https:\\\/\\\/iberoid-shop.com\\\/fr\\\/product\\\/bacteriostatic-water\\\/#primaryimage\"},\"image\":{\"@id\":\"https:\\\/\\\/iberoid-shop.com\\\/fr\\\/product\\\/bacteriostatic-water\\\/#primaryimage\"},\"thumbnailUrl\":\"https:\\\/\\\/iberoid-shop.com\\\/wp-content\\\/uploads\\\/2024\\\/07\\\/apa-1-scaled.jpg?v=1720280212\",\"datePublished\":\"2024-07-06T15:38:14+00:00\",\"dateModified\":\"2025-08-30T09:48:53+00:00\",\"description\":\"Bacteriostatic Water\u00a0is sterile, non-pyrogenic water that contains 0.9% benzyl alcohol (9mg\\\/mL) added as a bacteriostatic preservative.\",\"breadcrumb\":{\"@id\":\"https:\\\/\\\/iberoid-shop.com\\\/fr\\\/product\\\/bacteriostatic-water\\\/#breadcrumb\"},\"inLanguage\":\"fr-FR\",\"potentialAction\":[{\"@type\":\"ReadAction\",\"target\":[[\"https:\\\/\\\/iberoid-shop.com\\\/fr\\\/product\\\/bacteriostatic-water\\\/\"]]}]},{\"@type\":\"ImageObject\",\"inLanguage\":\"fr-FR\",\"@id\":\"https:\\\/\\\/iberoid-shop.com\\\/fr\\\/product\\\/bacteriostatic-water\\\/#primaryimage\",\"url\":\"https:\\\/\\\/iberoid-shop.com\\\/wp-content\\\/uploads\\\/2024\\\/07\\\/apa-1-scaled.jpg?v=1720280212\",\"contentUrl\":\"https:\\\/\\\/iberoid-shop.com\\\/wp-content\\\/uploads\\\/2024\\\/07\\\/apa-1-scaled.jpg?v=1720280212\",\"width\":1920,\"height\":2560,\"caption\":\"Bacteriostatic Water\"},{\"@type\":\"BreadcrumbList\",\"@id\":\"https:\\\/\\\/iberoid-shop.com\\\/fr\\\/product\\\/bacteriostatic-water\\\/#breadcrumb\",\"itemListElement\":[{\"@type\":\"ListItem\",\"position\":1,\"name\":\"Portada\",\"item\":\"https:\\\/\\\/iberoid-shop.com\\\/fr\\\/\"},{\"@type\":\"ListItem\",\"position\":2,\"name\":\"Magasin\",\"item\":\"https:\\\/\\\/iberoid-shop.com\\\/fr\\\/shop\\\/\"},{\"@type\":\"ListItem\",\"position\":3,\"name\":\"L\u2019eau bact\u00e9riostatique\"}]},{\"@type\":\"WebSite\",\"@id\":\"https:\\\/\\\/iberoid-shop.com\\\/fr\\\/#website\",\"url\":\"https:\\\/\\\/iberoid-shop.com\\\/fr\\\/\",\"name\":\"(Espa\u00f1ol) Esteroides en l\u00ednea\",\"description\":\"(Espa\u00f1ol) Comprar esteroides en l\u00ednea hoy en Espa\u00f1a y Portugal. Tenemos el mejor servicio al cliente en la industria y los productos de la m\u00e1s alta calidad\",\"potentialAction\":[{\"@type\":\"SearchAction\",\"target\":{\"@type\":\"EntryPoint\",\"urlTemplate\":\"https:\\\/\\\/iberoid-shop.com\\\/fr\\\/?s={search_term_string}\"},\"query-input\":{\"@type\":\"PropertyValueSpecification\",\"valueRequired\":true,\"valueName\":\"search_term_string\"}}],\"inLanguage\":\"fr-FR\"}]}<\/script>\n<meta property=\"product:brand\" content=\"AdamLabs\" \/>\n<meta property=\"product:price:amount\" content=\"12.00\" \/>\n<meta property=\"product:price:currency\" content=\"EUR\" \/>\n<meta property=\"og:availability\" content=\"out of stock\" \/>\n<meta property=\"product:availability\" content=\"out of stock\" \/>\n<meta property=\"product:condition\" content=\"new\" \/>\n<!-- \/ Yoast SEO Premium plugin. -->","yoast_head_json":{"title":"L\u2019eau bact\u00e9riostatique - (Espa\u00f1ol) Esteroides en l\u00ednea","description":"Bacteriostatic Water\u00a0is sterile, non-pyrogenic water that contains 0.9% benzyl alcohol (9mg\/mL) added as a bacteriostatic preservative.","robots":{"index":"index","follow":"follow","max-snippet":"max-snippet:-1","max-image-preview":"max-image-preview:large","max-video-preview":"max-video-preview:-1"},"canonical":"https:\/\/iberoid-shop.com\/fr\/product\/bacteriostatic-water\/","og_locale":"fr_FR","og_type":"article","og_title":"L\u2019eau bact\u00e9riostatique","og_description":"Bacteriostatic Water\u00a0is sterile, non-pyrogenic water that contains 0.9% benzyl alcohol (9mg\/mL) added as a bacteriostatic preservative.","og_url":"https:\/\/iberoid-shop.com\/fr\/product\/bacteriostatic-water\/","og_site_name":"(Espa\u00f1ol) Esteroides en l\u00ednea","article_modified_time":"2025-08-30T09:48:53+00:00","og_image":[{"width":1920,"height":2560,"url":"https:\/\/iberoid-shop.com\/wp-content\/uploads\/2024\/07\/apa-1-scaled.jpg?v=1720280212","type":"image\/jpeg"}],"twitter_card":"summary_large_image","twitter_misc":{"Prix":"&euro;12.00","Disponibilit\u00e9":"Rupture de stock"},"schema":{"@context":"https:\/\/schema.org","@graph":[{"@type":"WebPage","@id":"https:\/\/iberoid-shop.com\/fr\/product\/bacteriostatic-water\/","url":"https:\/\/iberoid-shop.com\/fr\/product\/bacteriostatic-water\/","name":"L\u2019eau bact\u00e9riostatique - (Espa\u00f1ol) Esteroides en l\u00ednea","isPartOf":{"@id":"https:\/\/iberoid-shop.com\/fr\/#website"},"primaryImageOfPage":{"@id":"https:\/\/iberoid-shop.com\/fr\/product\/bacteriostatic-water\/#primaryimage"},"image":{"@id":"https:\/\/iberoid-shop.com\/fr\/product\/bacteriostatic-water\/#primaryimage"},"thumbnailUrl":"https:\/\/iberoid-shop.com\/wp-content\/uploads\/2024\/07\/apa-1-scaled.jpg?v=1720280212","datePublished":"2024-07-06T15:38:14+00:00","dateModified":"2025-08-30T09:48:53+00:00","description":"Bacteriostatic Water\u00a0is sterile, non-pyrogenic water that contains 0.9% benzyl alcohol (9mg\/mL) added as a bacteriostatic preservative.","breadcrumb":{"@id":"https:\/\/iberoid-shop.com\/fr\/product\/bacteriostatic-water\/#breadcrumb"},"inLanguage":"fr-FR","potentialAction":[{"@type":"ReadAction","target":[["https:\/\/iberoid-shop.com\/fr\/product\/bacteriostatic-water\/"]]}]},{"@type":"ImageObject","inLanguage":"fr-FR","@id":"https:\/\/iberoid-shop.com\/fr\/product\/bacteriostatic-water\/#primaryimage","url":"https:\/\/iberoid-shop.com\/wp-content\/uploads\/2024\/07\/apa-1-scaled.jpg?v=1720280212","contentUrl":"https:\/\/iberoid-shop.com\/wp-content\/uploads\/2024\/07\/apa-1-scaled.jpg?v=1720280212","width":1920,"height":2560,"caption":"Bacteriostatic Water"},{"@type":"BreadcrumbList","@id":"https:\/\/iberoid-shop.com\/fr\/product\/bacteriostatic-water\/#breadcrumb","itemListElement":[{"@type":"ListItem","position":1,"name":"Portada","item":"https:\/\/iberoid-shop.com\/fr\/"},{"@type":"ListItem","position":2,"name":"Magasin","item":"https:\/\/iberoid-shop.com\/fr\/shop\/"},{"@type":"ListItem","position":3,"name":"L\u2019eau bact\u00e9riostatique"}]},{"@type":"WebSite","@id":"https:\/\/iberoid-shop.com\/fr\/#website","url":"https:\/\/iberoid-shop.com\/fr\/","name":"(Espa\u00f1ol) Esteroides en l\u00ednea","description":"(Espa\u00f1ol) Comprar esteroides en l\u00ednea hoy en Espa\u00f1a y Portugal. Tenemos el mejor servicio al cliente en la industria y los productos de la m\u00e1s alta calidad","potentialAction":[{"@type":"SearchAction","target":{"@type":"EntryPoint","urlTemplate":"https:\/\/iberoid-shop.com\/fr\/?s={search_term_string}"},"query-input":{"@type":"PropertyValueSpecification","valueRequired":true,"valueName":"search_term_string"}}],"inLanguage":"fr-FR"}]},"product_brand":"AdamLabs","product_price_amount":"12.00","product_price_currency":"EUR","og_availability":"out of stock","product_availability":"out of stock","product_condition":"new"},"_links":{"self":[{"href":"https:\/\/iberoid-shop.com\/fr\/wp-json\/wp\/v2\/product\/9517","targetHints":{"allow":["GET"]}}],"collection":[{"href":"https:\/\/iberoid-shop.com\/fr\/wp-json\/wp\/v2\/product"}],"about":[{"href":"https:\/\/iberoid-shop.com\/fr\/wp-json\/wp\/v2\/types\/product"}],"replies":[{"embeddable":true,"href":"https:\/\/iberoid-shop.com\/fr\/wp-json\/wp\/v2\/comments?post=9517"}],"wp:featuredmedia":[{"embeddable":true,"href":"https:\/\/iberoid-shop.com\/fr\/wp-json\/wp\/v2\/media\/9519"}],"wp:attachment":[{"href":"https:\/\/iberoid-shop.com\/fr\/wp-json\/wp\/v2\/media?parent=9517"}],"wp:term":[{"taxonomy":"product_brand","embeddable":true,"href":"https:\/\/iberoid-shop.com\/fr\/wp-json\/wp\/v2\/product_brand?post=9517"},{"taxonomy":"product_cat","embeddable":true,"href":"https:\/\/iberoid-shop.com\/fr\/wp-json\/wp\/v2\/product_cat?post=9517"},{"taxonomy":"product_tag","embeddable":true,"href":"https:\/\/iberoid-shop.com\/fr\/wp-json\/wp\/v2\/product_tag?post=9517"}],"curies":[{"name":"wp","href":"https:\/\/api.w.org\/{rel}","templated":true}]}}