{"id":9514,"date":"2024-07-06T15:32:47","date_gmt":"2024-07-06T15:32:47","guid":{"rendered":"https:\/\/iberoid-shop.com\/?post_type=product&#038;p=9514"},"modified":"2026-03-29T16:22:50","modified_gmt":"2026-03-29T16:22:50","slug":"clenotech-clenbuterol","status":"publish","type":"product","link":"https:\/\/iberoid-shop.com\/fr\/product\/clenotech-clenbuterol\/","title":{"rendered":"CLENOTECH \/ CLENBUTEROL"},"content":{"rendered":"<p><strong>CLENOTECH \/ CLENBUTEROL 40mcg\/100 comprim\u00e9s<\/strong><\/p>\n<p><strong>CLENOTECH \/ CLENBUTEROL<\/strong> est un m\u00e9dicament br\u00fble-graisse qui augmente votre taux m\u00e9tabolique. M\u00eame si son utilisation n\u2019est pas approuv\u00e9e aux \u00c9tats-Unis, certains athl\u00e8tes et bodybuilders utilisent le clenbut\u00e9rol pour les aider \u00e0 atteindre leurs objectifs de mise en forme.\u200cVoici ce que vous devez savoir sur ce m\u00e9dicament puissant et risqu\u00e9.<br \/>\n<strong>Qu\u2019est-ce que le clenbut\u00e9rol\u00a0?<\/strong><\/p>\n<p>Le clenbut\u00e9rol est un m\u00e9dicament dont l&rsquo;usage humain n&rsquo;est pas approuv\u00e9 aux \u00c9tats-Unis. Dans certains pays, il est disponible sur ordonnance uniquement pour les personnes souffrant d&rsquo;asthme ou d&rsquo;autres probl\u00e8mes respiratoires. Depuis 1998, la FDA autorise le clenbut\u00e9rol pour traiter les chevaux souffrant d&rsquo;asthme. Il n&rsquo;est pas autoris\u00e9 pour les animaux utilis\u00e9s dans la production alimentaire.\u200c<\/p>\n<p>Le clenbut\u00e9rol est une substance qui a des effets semblables \u00e0 ceux des st\u00e9ro\u00efdes et est class\u00e9e comme agoniste b\u00eata2-adr\u00e9nergique. Cela signifie qu\u2019il stimule les r\u00e9cepteurs b\u00eata2-adr\u00e9nergiques de votre gorge. Le m\u00e9dicament aide \u00e0 d\u00e9tendre vos muscles et vos poumons, facilitant ainsi la respiration si vous souffrez d&rsquo;asthme ou d&rsquo;une autre maladie respiratoire. Il peut rester dans votre corps jusqu\u2019\u00e0 39 heures apr\u00e8s sa prise.<\/p>\n<p><strong>Clenbut\u00e9rol pour la musculation<\/strong><\/p>\n<p>Cependant, le clenbut\u00e9rol \u2013 \u00e9galement appel\u00e9 clen \u2013 est consomm\u00e9 par les athl\u00e8tes et les bodybuilders en raison de sa capacit\u00e9 \u00e0 br\u00fbler les graisses. Les m\u00eames r\u00e9cepteurs qui sont activ\u00e9s lors de la prise de clenbut\u00e9rol contre l&rsquo;asthme aident \u00e9galement \u00e0 br\u00fbler les graisses et \u00e0 augmenter la masse musculaire maigre. Les athl\u00e8tes qui utilisent quotidiennement du clenbut\u00e9rol en prennent g\u00e9n\u00e9ralement entre 60 et 120 microgrammes par jour. Normalement, cela est pris en association avec d\u2019autres m\u00e9dicaments am\u00e9liorant les performances ou des st\u00e9ro\u00efdes anabolisants.\u200c<\/p>\n<p>Le clenbut\u00e9rol augmente la temp\u00e9rature de votre corps gr\u00e2ce \u00e0 un processus appel\u00e9 thermogen\u00e8se. Une fois la temp\u00e9rature de votre corps augment\u00e9e, votre m\u00e9tabolisme est alors pr\u00eat \u00e0 br\u00fbler plus de calories. Puisque la graisse est stock\u00e9e dans le corps sous forme d\u2019\u00e9nergie, votre corps peut utiliser les calories que vous avez d\u00e9j\u00e0 stock\u00e9es. Cela peut diminuer votre graisse corporelle et r\u00e9duire votre poids global.\u200c<\/p>\n<p>Le clenbut\u00e9rol \u00e9tant un bronchodilatateur, il ouvre vos voies respiratoires lorsque vous le prenez. Ceci est utile pour les personnes asthmatiques. Pour les athl\u00e8tes, cela leur permet d\u2019augmenter leur endurance en ayant plus de flux d\u2019air circulant dans le corps. Plus d\u2019oxyg\u00e8ne est disponible, vous pouvez donc performer plus fort et mieux.\u200c<\/p>\n<p>M\u00eame si ce n\u2019est pas l\u00e9gal aux \u00c9tats-Unis, les athl\u00e8tes et les bodybuilders continuent d\u2019abuser du Clen pour les aider \u00e0 perdre du poids et \u00e0 augmenter leur masse musculaire. Beaucoup y voient une alternative aux st\u00e9ro\u00efdes anabolisants \u2013 les m\u00e9dicaments qui viennent g\u00e9n\u00e9ralement \u00e0 l\u2019esprit lorsque l\u2019on pense aux substances am\u00e9liorant les performances. Il a la r\u00e9putation d\u2019\u00eatre un \u00ab st\u00e9ro\u00efde non st\u00e9ro\u00efdien \u00bb en raison de sa capacit\u00e9 \u00e0 imiter les st\u00e9ro\u00efdes. Comme il ne s\u2019agit pas techniquement d\u2019un st\u00e9ro\u00efde, certains athl\u00e8tes consid\u00e9raient le clenbut\u00e9rol pour la musculation comme une approche plus \u00ab naturelle \u00bb de la construction musculaire.<\/p>\n<p><strong>Avantages de l&rsquo;utilisation de CLENOTECH \/ CLENBUTEROL<\/strong><\/p>\n<p>M\u00eame si c\u2019est ill\u00e9gal et qu\u2019il entra\u00eene plusieurs effets secondaires, de nombreux athl\u00e8tes en abusent encore.\u200c<\/p>\n<p>Moins d\u2019effets secondaires androg\u00e8nes.On pense que le clenbut\u00e9rol est plus populaire que les st\u00e9ro\u00efdes anabolisants aupr\u00e8s des culturistes f\u00e9minines car il entra\u00eene moins d\u2019effets secondaires androg\u00e8nes. Les st\u00e9ro\u00efdes provoquent g\u00e9n\u00e9ralement des effets secondaires comme une augmentation de la pilosit\u00e9 du visage ou un approfondissement de votre voix. Le clenbut\u00e9rol n\u2019est pas connu pour en \u00eatre la cause.\u200c<\/p>\n<p>Perte de poids rapide.Comme indiqu\u00e9, le clenbut\u00e9rol agit en augmentant votre m\u00e9tabolisme, vous aidant ainsi \u00e0 br\u00fbler les graisses. Une \u00e9tude a port\u00e9 sur deux groupes d\u2019hommes en surpoids soumis au m\u00eame r\u00e9gime strict. Un groupe a re\u00e7u du clenbut\u00e9rol et un autre non. En dix semaines, le groupe ayant re\u00e7u du clenbut\u00e9rol a perdu en moyenne 11,4 kilogrammes de graisse et le groupe t\u00e9moin a perdu 8,7 kilogrammes de graisse.\u200c<\/p>\n<p>Suppression de l&rsquo;app\u00e9tit.De nombreux bodybuilders comptent sur le clenbut\u00e9rol avant une performance ou une comp\u00e9tition \u00e0 venir pour \u00e9liminer l\u2019exc\u00e8s de graisse. Un effet secondaire de ce m\u00e9dicament est qu\u2019il aide \u00e0 r\u00e9duire votre app\u00e9tit afin que vous absorbiez moins de calories. Cependant, tout le monde ne ressent pas cet effet.<\/p>","protected":false},"excerpt":{"rendered":"<p>CLENOTECH \/ CLENBUTEROL 40mcg\/100 comprim\u00e9s CLENOTECH \/ CLENBUTEROL est un m\u00e9dicament br\u00fble-graisse qui augmente votre taux m\u00e9tabolique. M\u00eame si son<\/p>\n","protected":false},"featured_media":9516,"comment_status":"open","ping_status":"closed","template":"","meta":[],"product_brand":[],"product_cat":[73],"product_tag":[],"class_list":{"0":"post-9514","1":"product","2":"type-product","3":"status-publish","4":"has-post-thumbnail","6":"product_cat-ssteroides_orales","8":"first","9":"outofstock","10":"sale","11":"shipping-taxable","12":"purchasable","13":"product-type-simple"},"yoast_head":"<!-- This site is optimized with the Yoast SEO Premium plugin v24.4 (Yoast SEO v27.0) - https:\/\/yoast.com\/product\/yoast-seo-premium-wordpress\/ -->\n<title>CLENOTECH \/ CLENBUTEROL - buy online at (Espa\u00f1ol) Esteroides en l\u00ednea<\/title>\n<meta name=\"description\" content=\"CLENOTECH \/ CLENBUTEROL is a fat-burning drug that raises your metabolic rate. Even though it is not approved for use in the U.S., some athletes and bodybuilders\" \/>\n<meta name=\"robots\" content=\"index, follow, max-snippet:-1, max-image-preview:large, max-video-preview:-1\" \/>\n<link rel=\"canonical\" href=\"https:\/\/iberoid-shop.com\/fr\/product\/clenotech-clenbuterol\/\" \/>\n<meta property=\"og:locale\" content=\"fr_FR\" \/>\n<meta property=\"og:type\" content=\"article\" \/>\n<meta property=\"og:title\" content=\"CLENOTECH \/ CLENBUTEROL\" \/>\n<meta property=\"og:description\" content=\"CLENOTECH \/ CLENBUTEROL is a fat-burning drug that raises your metabolic rate. Even though it is not approved for use in the U.S., some athletes and bodybuilders\" \/>\n<meta property=\"og:url\" content=\"https:\/\/iberoid-shop.com\/fr\/product\/clenotech-clenbuterol\/\" \/>\n<meta property=\"og:site_name\" content=\"(Espa\u00f1ol) Esteroides en l\u00ednea\" \/>\n<meta property=\"article:modified_time\" content=\"2026-03-29T16:22:50+00:00\" \/>\n<meta property=\"og:image\" content=\"https:\/\/iberoid-shop.com\/wp-content\/uploads\/2024\/07\/cln-scaled.jpg?v=1720279939\" \/>\n\t<meta property=\"og:image:width\" content=\"1720\" \/>\n\t<meta property=\"og:image:height\" content=\"2560\" \/>\n\t<meta property=\"og:image:type\" content=\"image\/jpeg\" \/>\n<meta name=\"twitter:card\" content=\"summary_large_image\" \/>\n<meta name=\"twitter:label1\" content=\"Prix\" \/>\n\t<meta name=\"twitter:data1\" content=\"&euro;15.00\" \/>\n\t<meta name=\"twitter:label2\" content=\"Disponibilit\u00e9\" \/>\n\t<meta name=\"twitter:data2\" content=\"Rupture de stock\" \/>\n<script type=\"application\/ld+json\" class=\"yoast-schema-graph\">{\"@context\":\"https:\/\/schema.org\",\"@graph\":[{\"@type\":\"WebPage\",\"@id\":\"https:\/\/iberoid-shop.com\/fr\/product\/clenotech-clenbuterol\/\",\"url\":\"https:\/\/iberoid-shop.com\/fr\/product\/clenotech-clenbuterol\/\",\"name\":\"CLENOTECH \/ CLENBUTEROL - buy online at (Espa\u00f1ol) Esteroides en l\u00ednea\",\"isPartOf\":{\"@id\":\"https:\/\/iberoid-shop.com\/fr\/#website\"},\"primaryImageOfPage\":{\"@id\":\"https:\/\/iberoid-shop.com\/fr\/product\/clenotech-clenbuterol\/#primaryimage\"},\"image\":{\"@id\":\"https:\/\/iberoid-shop.com\/fr\/product\/clenotech-clenbuterol\/#primaryimage\"},\"thumbnailUrl\":\"https:\/\/iberoid-shop.com\/wp-content\/uploads\/2024\/07\/cln-scaled.jpg?v=1720279939\",\"datePublished\":\"2024-07-06T15:32:47+00:00\",\"dateModified\":\"2026-03-29T16:22:50+00:00\",\"description\":\"CLENOTECH \/ CLENBUTEROL is a fat-burning drug that raises your metabolic rate. Even though it is not approved for use in the U.S., some athletes and bodybuilders\",\"breadcrumb\":{\"@id\":\"https:\/\/iberoid-shop.com\/fr\/product\/clenotech-clenbuterol\/#breadcrumb\"},\"inLanguage\":\"fr-FR\",\"potentialAction\":[{\"@type\":\"ReadAction\",\"target\":[[\"https:\/\/iberoid-shop.com\/fr\/product\/clenotech-clenbuterol\/\"]]}]},{\"@type\":\"ImageObject\",\"inLanguage\":\"fr-FR\",\"@id\":\"https:\/\/iberoid-shop.com\/fr\/product\/clenotech-clenbuterol\/#primaryimage\",\"url\":\"https:\/\/iberoid-shop.com\/wp-content\/uploads\/2024\/07\/cln-scaled.jpg?v=1720279939\",\"contentUrl\":\"https:\/\/iberoid-shop.com\/wp-content\/uploads\/2024\/07\/cln-scaled.jpg?v=1720279939\",\"width\":1720,\"height\":2560,\"caption\":\"CLENOTECH \/ CLENBUTEROL\"},{\"@type\":\"BreadcrumbList\",\"@id\":\"https:\/\/iberoid-shop.com\/fr\/product\/clenotech-clenbuterol\/#breadcrumb\",\"itemListElement\":[{\"@type\":\"ListItem\",\"position\":1,\"name\":\"Portada\",\"item\":\"https:\/\/iberoid-shop.com\/fr\/\"},{\"@type\":\"ListItem\",\"position\":2,\"name\":\"Magasin\",\"item\":\"https:\/\/iberoid-shop.com\/fr\/shop\/\"},{\"@type\":\"ListItem\",\"position\":3,\"name\":\"CLENOTECH \/ CLENBUTEROL\"}]},{\"@type\":\"WebSite\",\"@id\":\"https:\/\/iberoid-shop.com\/fr\/#website\",\"url\":\"https:\/\/iberoid-shop.com\/fr\/\",\"name\":\"(Espa\u00f1ol) Esteroides en l\u00ednea\",\"description\":\"(Espa\u00f1ol) Comprar esteroides en l\u00ednea hoy en Espa\u00f1a y Portugal. Tenemos el mejor servicio al cliente en la industria y los productos de la m\u00e1s alta calidad\",\"potentialAction\":[{\"@type\":\"SearchAction\",\"target\":{\"@type\":\"EntryPoint\",\"urlTemplate\":\"https:\/\/iberoid-shop.com\/fr\/?s={search_term_string}\"},\"query-input\":{\"@type\":\"PropertyValueSpecification\",\"valueRequired\":true,\"valueName\":\"search_term_string\"}}],\"inLanguage\":\"fr-FR\"}]}<\/script>\n<meta property=\"product:price:amount\" content=\"15.00\" \/>\n<meta property=\"product:price:currency\" content=\"EUR\" \/>\n<meta property=\"og:availability\" content=\"out of stock\" \/>\n<meta property=\"product:availability\" content=\"out of stock\" \/>\n<meta property=\"product:condition\" content=\"new\" \/>\n<!-- \/ Yoast SEO Premium plugin. -->","yoast_head_json":{"title":"CLENOTECH \/ CLENBUTEROL - buy online at (Espa\u00f1ol) Esteroides en l\u00ednea","description":"CLENOTECH \/ CLENBUTEROL is a fat-burning drug that raises your metabolic rate. Even though it is not approved for use in the U.S., some athletes and bodybuilders","robots":{"index":"index","follow":"follow","max-snippet":"max-snippet:-1","max-image-preview":"max-image-preview:large","max-video-preview":"max-video-preview:-1"},"canonical":"https:\/\/iberoid-shop.com\/fr\/product\/clenotech-clenbuterol\/","og_locale":"fr_FR","og_type":"article","og_title":"CLENOTECH \/ CLENBUTEROL","og_description":"CLENOTECH \/ CLENBUTEROL is a fat-burning drug that raises your metabolic rate. Even though it is not approved for use in the U.S., some athletes and bodybuilders","og_url":"https:\/\/iberoid-shop.com\/fr\/product\/clenotech-clenbuterol\/","og_site_name":"(Espa\u00f1ol) Esteroides en l\u00ednea","article_modified_time":"2026-03-29T16:22:50+00:00","og_image":[{"width":1720,"height":2560,"url":"https:\/\/iberoid-shop.com\/wp-content\/uploads\/2024\/07\/cln-scaled.jpg?v=1720279939","type":"image\/jpeg"}],"twitter_card":"summary_large_image","twitter_misc":{"Prix":"&euro;15.00","Disponibilit\u00e9":"Rupture de stock"},"schema":{"@context":"https:\/\/schema.org","@graph":[{"@type":"WebPage","@id":"https:\/\/iberoid-shop.com\/fr\/product\/clenotech-clenbuterol\/","url":"https:\/\/iberoid-shop.com\/fr\/product\/clenotech-clenbuterol\/","name":"CLENOTECH \/ CLENBUTEROL - buy online at (Espa\u00f1ol) Esteroides en l\u00ednea","isPartOf":{"@id":"https:\/\/iberoid-shop.com\/fr\/#website"},"primaryImageOfPage":{"@id":"https:\/\/iberoid-shop.com\/fr\/product\/clenotech-clenbuterol\/#primaryimage"},"image":{"@id":"https:\/\/iberoid-shop.com\/fr\/product\/clenotech-clenbuterol\/#primaryimage"},"thumbnailUrl":"https:\/\/iberoid-shop.com\/wp-content\/uploads\/2024\/07\/cln-scaled.jpg?v=1720279939","datePublished":"2024-07-06T15:32:47+00:00","dateModified":"2026-03-29T16:22:50+00:00","description":"CLENOTECH \/ CLENBUTEROL is a fat-burning drug that raises your metabolic rate. Even though it is not approved for use in the U.S., some athletes and bodybuilders","breadcrumb":{"@id":"https:\/\/iberoid-shop.com\/fr\/product\/clenotech-clenbuterol\/#breadcrumb"},"inLanguage":"fr-FR","potentialAction":[{"@type":"ReadAction","target":[["https:\/\/iberoid-shop.com\/fr\/product\/clenotech-clenbuterol\/"]]}]},{"@type":"ImageObject","inLanguage":"fr-FR","@id":"https:\/\/iberoid-shop.com\/fr\/product\/clenotech-clenbuterol\/#primaryimage","url":"https:\/\/iberoid-shop.com\/wp-content\/uploads\/2024\/07\/cln-scaled.jpg?v=1720279939","contentUrl":"https:\/\/iberoid-shop.com\/wp-content\/uploads\/2024\/07\/cln-scaled.jpg?v=1720279939","width":1720,"height":2560,"caption":"CLENOTECH \/ CLENBUTEROL"},{"@type":"BreadcrumbList","@id":"https:\/\/iberoid-shop.com\/fr\/product\/clenotech-clenbuterol\/#breadcrumb","itemListElement":[{"@type":"ListItem","position":1,"name":"Portada","item":"https:\/\/iberoid-shop.com\/fr\/"},{"@type":"ListItem","position":2,"name":"Magasin","item":"https:\/\/iberoid-shop.com\/fr\/shop\/"},{"@type":"ListItem","position":3,"name":"CLENOTECH \/ CLENBUTEROL"}]},{"@type":"WebSite","@id":"https:\/\/iberoid-shop.com\/fr\/#website","url":"https:\/\/iberoid-shop.com\/fr\/","name":"(Espa\u00f1ol) Esteroides en l\u00ednea","description":"(Espa\u00f1ol) Comprar esteroides en l\u00ednea hoy en Espa\u00f1a y Portugal. Tenemos el mejor servicio al cliente en la industria y los productos de la m\u00e1s alta calidad","potentialAction":[{"@type":"SearchAction","target":{"@type":"EntryPoint","urlTemplate":"https:\/\/iberoid-shop.com\/fr\/?s={search_term_string}"},"query-input":{"@type":"PropertyValueSpecification","valueRequired":true,"valueName":"search_term_string"}}],"inLanguage":"fr-FR"}]},"product_price_amount":"15.00","product_price_currency":"EUR","og_availability":"out of stock","product_availability":"out of stock","product_condition":"new"},"_links":{"self":[{"href":"https:\/\/iberoid-shop.com\/fr\/wp-json\/wp\/v2\/product\/9514","targetHints":{"allow":["GET"]}}],"collection":[{"href":"https:\/\/iberoid-shop.com\/fr\/wp-json\/wp\/v2\/product"}],"about":[{"href":"https:\/\/iberoid-shop.com\/fr\/wp-json\/wp\/v2\/types\/product"}],"replies":[{"embeddable":true,"href":"https:\/\/iberoid-shop.com\/fr\/wp-json\/wp\/v2\/comments?post=9514"}],"wp:featuredmedia":[{"embeddable":true,"href":"https:\/\/iberoid-shop.com\/fr\/wp-json\/wp\/v2\/media\/9516"}],"wp:attachment":[{"href":"https:\/\/iberoid-shop.com\/fr\/wp-json\/wp\/v2\/media?parent=9514"}],"wp:term":[{"taxonomy":"product_brand","embeddable":true,"href":"https:\/\/iberoid-shop.com\/fr\/wp-json\/wp\/v2\/product_brand?post=9514"},{"taxonomy":"product_cat","embeddable":true,"href":"https:\/\/iberoid-shop.com\/fr\/wp-json\/wp\/v2\/product_cat?post=9514"},{"taxonomy":"product_tag","embeddable":true,"href":"https:\/\/iberoid-shop.com\/fr\/wp-json\/wp\/v2\/product_tag?post=9514"}],"curies":[{"name":"wp","href":"https:\/\/api.w.org\/{rel}","templated":true}]}}