{"id":9496,"date":"2024-06-19T12:15:25","date_gmt":"2024-06-19T12:15:25","guid":{"rendered":"https:\/\/iberoid-shop.com\/?post_type=product&#038;p=9496"},"modified":"2025-06-13T12:53:33","modified_gmt":"2025-06-13T12:53:33","slug":"sustanon","status":"publish","type":"product","link":"https:\/\/iberoid-shop.com\/fr\/product\/sustanon\/","title":{"rendered":"SUSTANON"},"content":{"rendered":"<p><strong>SUSTANON \/10 ampoules<\/strong><\/p>\n<p>Sustoged est un st\u00e9ro\u00efde produit par Euro Prime Pharmaceuticals, une soci\u00e9t\u00e9 pharmaceutique moldave. Le m\u00e9dicament se pr\u00e9sente sous forme d&rsquo;injections et contient des ingr\u00e9dients actifs : 30 mg de propionate de testost\u00e9rone, 60 mg de ph\u00e9nylpropionate de testost\u00e9rone, 60 mg d&rsquo;isocaproate de testost\u00e9rone et 100 mg de d\u00e9canoate de testost\u00e9rone, ainsi que des excipients suppl\u00e9mentaires. Initialement, les m\u00e9decins utilisaient ce m\u00e9dicament en m\u00e9decine, o\u00f9 le traitement n\u00e9cessite l&rsquo;administration de testost\u00e9rone, une hormone m\u00e2le, pour le fonctionnement normal des fonctions vitales du corps humain.<\/p>\n<p>Dans les sports modernes, les athl\u00e8tes le consid\u00e8rent comme un m\u00e9dicament essentiel dans les cours de st\u00e9ro\u00efdes pour gagner qualitativement de la masse musculaire et augmenter la force.<\/p>\n<p>Le m\u00e9dicament a une longue dur\u00e9e d\u2019action en raison de ses quatre esters de testost\u00e9rone diff\u00e9rents, qui commencent \u00e0 agir imm\u00e9diatement apr\u00e8s l\u2019administration. Les athl\u00e8tes peuvent obtenir des r\u00e9sultats positifs en injectant Sustanon EPF une fois par semaine en combinaison avec une activit\u00e9 physique et une alimentation sportive bien \u00e9quilibr\u00e9e. Il est utilis\u00e9 en musculation, en dynamophilie et en halt\u00e9rophilie.<\/p>\n<p><strong>Quelles propri\u00e9t\u00e9s sont inh\u00e9rentes \u00e0 SUSTANON<\/strong><\/p>\n<p>Sustoged se caract\u00e9rise par un effet positif sur le corps d&rsquo;un athl\u00e8te :<\/p>\n<p>efficace dans le d\u00e9veloppement musculaire rapide,<br \/>\naide \u00e0 augmenter la capacit\u00e9 physique,<br \/>\nam\u00e9liore l&rsquo;app\u00e9tit,<br \/>\naugmente consid\u00e9rablement la libido pendant le cours,<br \/>\naide \u00e0 retrouver force et \u00e9nergie apr\u00e8s un entra\u00eenement sportif,<br \/>\nne retient pas les liquides dans le corps.<\/p>\n<p>Les avis sur Euro Prime Sustanon laiss\u00e9s par des athl\u00e8tes professionnels confirment la rationalit\u00e9 de suivre un cours avec Sustoged. L&rsquo;action du m\u00e9dicament vise l&rsquo;activation et la formation d&rsquo;anneaux sanguins et de globules rouges, ce qui am\u00e9liore l&rsquo;oxyg\u00e9nation des fibres musculaires. En cons\u00e9quence, l\u2019athl\u00e8te tol\u00e8re plus facilement l\u2019activit\u00e9 physique. En raison de l&rsquo;action prolong\u00e9e, l&rsquo;augmentation minimale de la masse musculaire pour un cours en solo est de 4 kilogrammes, et avec le bon r\u00e9gime et une s\u00e9rie d&rsquo;exercices sportifs, vous pouvez ajouter 10 kilogrammes de poids. Lorsqu&rsquo;il est administr\u00e9, le m\u00e9dicament ne provoque pas de br\u00fblure, d&rsquo;inconfort ni de gonflement au site d&rsquo;injection.<\/p>\n<p><strong>Caract\u00e9ristiques de la prise de Sustoged<\/strong><\/p>\n<p>La dur\u00e9e du cours et le dosage optimal sont fix\u00e9s par un m\u00e9decin qualifi\u00e9 ou un entra\u00eeneur sportif, guid\u00e9 par les donn\u00e9es physiques de l&rsquo;athl\u00e8te et les objectifs fix\u00e9s.<\/p>\n<p>La posologie optimale pour un athl\u00e8te d\u00e9butant est de 250 mg par voie intramusculaire une fois par semaine. Pour les athl\u00e8tes plus avanc\u00e9s, afin d&rsquo;augmenter les performances, la dose hebdomadaire est de 500 \u00e0 750 mg.<\/p>\n<p>Les cures combin\u00e9es de Sustanon EPF avec des st\u00e9ro\u00efdes oraux, tels que Turinabol, sont tr\u00e8s efficaces. Avec leur aide, vous pouvez obtenir des muscles de haute qualit\u00e9 et augmenter votre force. Ils fonctionnent tr\u00e8s bien en conjonction avec Stanozolol ou Oxandrolone. Les associations avec Danabol, Anabol et M\u00e9thane doivent \u00eatre trait\u00e9es avec prudence, car elles peuvent provoquer l&rsquo;accumulation d&rsquo;un exc\u00e8s de liquide et la formation d&rsquo;une couche graisseuse.<\/p>","protected":false},"excerpt":{"rendered":"<p>SUSTANON \/10 ampoules Sustoged est un st\u00e9ro\u00efde produit par Euro Prime Pharmaceuticals, une soci\u00e9t\u00e9 pharmaceutique moldave. Le m\u00e9dicament se pr\u00e9sente<\/p>\n","protected":false},"featured_media":9498,"comment_status":"open","ping_status":"closed","template":"","meta":[],"product_brand":[],"product_cat":[69],"product_tag":[],"class_list":{"0":"post-9496","1":"product","2":"type-product","3":"status-publish","4":"has-post-thumbnail","6":"product_cat-esteroides_inyectables","8":"first","9":"outofstock","10":"sale","11":"shipping-taxable","12":"purchasable","13":"product-type-simple"},"yoast_head":"<!-- This site is optimized with the Yoast SEO Premium plugin v24.4 (Yoast SEO v27.0) - https:\/\/yoast.com\/product\/yoast-seo-premium-wordpress\/ -->\n<title>SUSTANON buy online - best price at (Espa\u00f1ol) Esteroides en l\u00ednea<\/title>\n<meta name=\"description\" content=\"Sustanon is a steroid drug that Euro Prime Pharmaceuticals, a Moldovan pharmaceutical company, produces. The drug comes in the form of injections and\" \/>\n<meta name=\"robots\" content=\"index, follow, max-snippet:-1, max-image-preview:large, max-video-preview:-1\" \/>\n<link rel=\"canonical\" href=\"https:\/\/iberoid-shop.com\/fr\/product\/sustanon\/\" \/>\n<meta property=\"og:locale\" content=\"fr_FR\" \/>\n<meta property=\"og:type\" content=\"article\" \/>\n<meta property=\"og:title\" content=\"SUSTANON\" \/>\n<meta property=\"og:description\" content=\"Sustanon is a steroid drug that Euro Prime Pharmaceuticals, a Moldovan pharmaceutical company, produces. The drug comes in the form of injections and\" \/>\n<meta property=\"og:url\" content=\"https:\/\/iberoid-shop.com\/fr\/product\/sustanon\/\" \/>\n<meta property=\"og:site_name\" content=\"(Espa\u00f1ol) Esteroides en l\u00ednea\" \/>\n<meta property=\"article:modified_time\" content=\"2025-06-13T12:53:33+00:00\" \/>\n<meta property=\"og:image\" content=\"https:\/\/iberoid-shop.com\/wp-content\/uploads\/2024\/06\/sus.jpg?v=1718799298\" \/>\n\t<meta property=\"og:image:width\" content=\"594\" \/>\n\t<meta property=\"og:image:height\" content=\"627\" \/>\n\t<meta property=\"og:image:type\" content=\"image\/jpeg\" \/>\n<meta name=\"twitter:card\" content=\"summary_large_image\" \/>\n<meta name=\"twitter:label1\" content=\"Prix\" \/>\n\t<meta name=\"twitter:data1\" content=\"&euro;45.00\" \/>\n\t<meta name=\"twitter:label2\" content=\"Disponibilit\u00e9\" \/>\n\t<meta name=\"twitter:data2\" content=\"Rupture de stock\" \/>\n<script type=\"application\/ld+json\" class=\"yoast-schema-graph\">{\"@context\":\"https:\/\/schema.org\",\"@graph\":[{\"@type\":\"WebPage\",\"@id\":\"https:\/\/iberoid-shop.com\/fr\/product\/sustanon\/\",\"url\":\"https:\/\/iberoid-shop.com\/fr\/product\/sustanon\/\",\"name\":\"SUSTANON buy online - best price at (Espa\u00f1ol) Esteroides en l\u00ednea\",\"isPartOf\":{\"@id\":\"https:\/\/iberoid-shop.com\/fr\/#website\"},\"primaryImageOfPage\":{\"@id\":\"https:\/\/iberoid-shop.com\/fr\/product\/sustanon\/#primaryimage\"},\"image\":{\"@id\":\"https:\/\/iberoid-shop.com\/fr\/product\/sustanon\/#primaryimage\"},\"thumbnailUrl\":\"https:\/\/iberoid-shop.com\/wp-content\/uploads\/2024\/06\/sus.jpg?v=1718799298\",\"datePublished\":\"2024-06-19T12:15:25+00:00\",\"dateModified\":\"2025-06-13T12:53:33+00:00\",\"description\":\"Sustanon is a steroid drug that Euro Prime Pharmaceuticals, a Moldovan pharmaceutical company, produces. The drug comes in the form of injections and\",\"breadcrumb\":{\"@id\":\"https:\/\/iberoid-shop.com\/fr\/product\/sustanon\/#breadcrumb\"},\"inLanguage\":\"fr-FR\",\"potentialAction\":[{\"@type\":\"ReadAction\",\"target\":[[\"https:\/\/iberoid-shop.com\/fr\/product\/sustanon\/\"]]}]},{\"@type\":\"ImageObject\",\"inLanguage\":\"fr-FR\",\"@id\":\"https:\/\/iberoid-shop.com\/fr\/product\/sustanon\/#primaryimage\",\"url\":\"https:\/\/iberoid-shop.com\/wp-content\/uploads\/2024\/06\/sus.jpg?v=1718799298\",\"contentUrl\":\"https:\/\/iberoid-shop.com\/wp-content\/uploads\/2024\/06\/sus.jpg?v=1718799298\",\"width\":594,\"height\":627,\"caption\":\"Sustanon , sustoged\"},{\"@type\":\"BreadcrumbList\",\"@id\":\"https:\/\/iberoid-shop.com\/fr\/product\/sustanon\/#breadcrumb\",\"itemListElement\":[{\"@type\":\"ListItem\",\"position\":1,\"name\":\"Portada\",\"item\":\"https:\/\/iberoid-shop.com\/fr\/\"},{\"@type\":\"ListItem\",\"position\":2,\"name\":\"Magasin\",\"item\":\"https:\/\/iberoid-shop.com\/fr\/shop\/\"},{\"@type\":\"ListItem\",\"position\":3,\"name\":\"SUSTANON\"}]},{\"@type\":\"WebSite\",\"@id\":\"https:\/\/iberoid-shop.com\/fr\/#website\",\"url\":\"https:\/\/iberoid-shop.com\/fr\/\",\"name\":\"(Espa\u00f1ol) Esteroides en l\u00ednea\",\"description\":\"(Espa\u00f1ol) Comprar esteroides en l\u00ednea hoy en Espa\u00f1a y Portugal. Tenemos el mejor servicio al cliente en la industria y los productos de la m\u00e1s alta calidad\",\"potentialAction\":[{\"@type\":\"SearchAction\",\"target\":{\"@type\":\"EntryPoint\",\"urlTemplate\":\"https:\/\/iberoid-shop.com\/fr\/?s={search_term_string}\"},\"query-input\":{\"@type\":\"PropertyValueSpecification\",\"valueRequired\":true,\"valueName\":\"search_term_string\"}}],\"inLanguage\":\"fr-FR\"}]}<\/script>\n<meta property=\"product:brand\" content=\"Euro Prime Pharmaceuticals (EPF)\" \/>\n<meta property=\"product:price:amount\" content=\"45.00\" \/>\n<meta property=\"product:price:currency\" content=\"EUR\" \/>\n<meta property=\"og:availability\" content=\"out of stock\" \/>\n<meta property=\"product:availability\" content=\"out of stock\" \/>\n<meta property=\"product:condition\" content=\"new\" \/>\n<!-- \/ Yoast SEO Premium plugin. -->","yoast_head_json":{"title":"SUSTANON buy online - best price at (Espa\u00f1ol) Esteroides en l\u00ednea","description":"Sustanon is a steroid drug that Euro Prime Pharmaceuticals, a Moldovan pharmaceutical company, produces. The drug comes in the form of injections and","robots":{"index":"index","follow":"follow","max-snippet":"max-snippet:-1","max-image-preview":"max-image-preview:large","max-video-preview":"max-video-preview:-1"},"canonical":"https:\/\/iberoid-shop.com\/fr\/product\/sustanon\/","og_locale":"fr_FR","og_type":"article","og_title":"SUSTANON","og_description":"Sustanon is a steroid drug that Euro Prime Pharmaceuticals, a Moldovan pharmaceutical company, produces. The drug comes in the form of injections and","og_url":"https:\/\/iberoid-shop.com\/fr\/product\/sustanon\/","og_site_name":"(Espa\u00f1ol) Esteroides en l\u00ednea","article_modified_time":"2025-06-13T12:53:33+00:00","og_image":[{"width":594,"height":627,"url":"https:\/\/iberoid-shop.com\/wp-content\/uploads\/2024\/06\/sus.jpg?v=1718799298","type":"image\/jpeg"}],"twitter_card":"summary_large_image","twitter_misc":{"Prix":"&euro;45.00","Disponibilit\u00e9":"Rupture de stock"},"schema":{"@context":"https:\/\/schema.org","@graph":[{"@type":"WebPage","@id":"https:\/\/iberoid-shop.com\/fr\/product\/sustanon\/","url":"https:\/\/iberoid-shop.com\/fr\/product\/sustanon\/","name":"SUSTANON buy online - best price at (Espa\u00f1ol) Esteroides en l\u00ednea","isPartOf":{"@id":"https:\/\/iberoid-shop.com\/fr\/#website"},"primaryImageOfPage":{"@id":"https:\/\/iberoid-shop.com\/fr\/product\/sustanon\/#primaryimage"},"image":{"@id":"https:\/\/iberoid-shop.com\/fr\/product\/sustanon\/#primaryimage"},"thumbnailUrl":"https:\/\/iberoid-shop.com\/wp-content\/uploads\/2024\/06\/sus.jpg?v=1718799298","datePublished":"2024-06-19T12:15:25+00:00","dateModified":"2025-06-13T12:53:33+00:00","description":"Sustanon is a steroid drug that Euro Prime Pharmaceuticals, a Moldovan pharmaceutical company, produces. The drug comes in the form of injections and","breadcrumb":{"@id":"https:\/\/iberoid-shop.com\/fr\/product\/sustanon\/#breadcrumb"},"inLanguage":"fr-FR","potentialAction":[{"@type":"ReadAction","target":[["https:\/\/iberoid-shop.com\/fr\/product\/sustanon\/"]]}]},{"@type":"ImageObject","inLanguage":"fr-FR","@id":"https:\/\/iberoid-shop.com\/fr\/product\/sustanon\/#primaryimage","url":"https:\/\/iberoid-shop.com\/wp-content\/uploads\/2024\/06\/sus.jpg?v=1718799298","contentUrl":"https:\/\/iberoid-shop.com\/wp-content\/uploads\/2024\/06\/sus.jpg?v=1718799298","width":594,"height":627,"caption":"Sustanon , sustoged"},{"@type":"BreadcrumbList","@id":"https:\/\/iberoid-shop.com\/fr\/product\/sustanon\/#breadcrumb","itemListElement":[{"@type":"ListItem","position":1,"name":"Portada","item":"https:\/\/iberoid-shop.com\/fr\/"},{"@type":"ListItem","position":2,"name":"Magasin","item":"https:\/\/iberoid-shop.com\/fr\/shop\/"},{"@type":"ListItem","position":3,"name":"SUSTANON"}]},{"@type":"WebSite","@id":"https:\/\/iberoid-shop.com\/fr\/#website","url":"https:\/\/iberoid-shop.com\/fr\/","name":"(Espa\u00f1ol) Esteroides en l\u00ednea","description":"(Espa\u00f1ol) Comprar esteroides en l\u00ednea hoy en Espa\u00f1a y Portugal. Tenemos el mejor servicio al cliente en la industria y los productos de la m\u00e1s alta calidad","potentialAction":[{"@type":"SearchAction","target":{"@type":"EntryPoint","urlTemplate":"https:\/\/iberoid-shop.com\/fr\/?s={search_term_string}"},"query-input":{"@type":"PropertyValueSpecification","valueRequired":true,"valueName":"search_term_string"}}],"inLanguage":"fr-FR"}]},"product_brand":"Euro Prime Pharmaceuticals (EPF)","product_price_amount":"45.00","product_price_currency":"EUR","og_availability":"out of stock","product_availability":"out of stock","product_condition":"new"},"_links":{"self":[{"href":"https:\/\/iberoid-shop.com\/fr\/wp-json\/wp\/v2\/product\/9496","targetHints":{"allow":["GET"]}}],"collection":[{"href":"https:\/\/iberoid-shop.com\/fr\/wp-json\/wp\/v2\/product"}],"about":[{"href":"https:\/\/iberoid-shop.com\/fr\/wp-json\/wp\/v2\/types\/product"}],"replies":[{"embeddable":true,"href":"https:\/\/iberoid-shop.com\/fr\/wp-json\/wp\/v2\/comments?post=9496"}],"wp:featuredmedia":[{"embeddable":true,"href":"https:\/\/iberoid-shop.com\/fr\/wp-json\/wp\/v2\/media\/9498"}],"wp:attachment":[{"href":"https:\/\/iberoid-shop.com\/fr\/wp-json\/wp\/v2\/media?parent=9496"}],"wp:term":[{"taxonomy":"product_brand","embeddable":true,"href":"https:\/\/iberoid-shop.com\/fr\/wp-json\/wp\/v2\/product_brand?post=9496"},{"taxonomy":"product_cat","embeddable":true,"href":"https:\/\/iberoid-shop.com\/fr\/wp-json\/wp\/v2\/product_cat?post=9496"},{"taxonomy":"product_tag","embeddable":true,"href":"https:\/\/iberoid-shop.com\/fr\/wp-json\/wp\/v2\/product_tag?post=9496"}],"curies":[{"name":"wp","href":"https:\/\/api.w.org\/{rel}","templated":true}]}}