{"id":9493,"date":"2024-06-19T12:13:50","date_gmt":"2024-06-19T12:13:50","guid":{"rendered":"https:\/\/iberoid-shop.com\/?post_type=product&#038;p=9493"},"modified":"2025-10-03T07:57:56","modified_gmt":"2025-10-03T07:57:56","slug":"testoged-e-testosteron-enanthate","status":"publish","type":"product","link":"https:\/\/iberoid-shop.com\/fr\/product\/testoged-e-testosteron-enanthate\/","title":{"rendered":"Testoged E \/ TESTOST\u00c9RON ENANTHATE"},"content":{"rendered":"<p>Testoged E \/ TESTOST\u00c9RON ENANTHATE \/ 10 ampoules<\/p>\n<p>Testoged E \/ TESTOSTERON ENANTHATE est un produit \u00e9nanthate de testost\u00e9rone de haute qualit\u00e9 fabriqu\u00e9 par EPF (Euro Prime Farmaceuticals). L&rsquo;\u00e9nanthate de testost\u00e9rone est une hormone st\u00e9ro\u00efde injectable \u00e0 action prolong\u00e9e qui imite les effets de la testost\u00e9rone naturelle. Il est largement utilis\u00e9 en m\u00e9decine pour la th\u00e9rapie de remplacement de la testost\u00e9rone (TRT) ainsi qu&rsquo;en musculation et en athl\u00e9tisme pour am\u00e9liorer la masse musculaire, la force et les performances sportives globales. La version EPF Premium indique un produit de qualit\u00e9 sup\u00e9rieure, garantissant des r\u00e9sultats fiables et efficaces aux utilisateurs cherchant \u00e0 optimiser leurs niveaux d&rsquo;hormones et leurs performances physiques.<\/p>\n<p>Testoged E est un st\u00e9ro\u00efde qui, une fois dans le corps, se transforme en \u0153strog\u00e8ne. Les gens utilisent Testoged E dans les cures de prise de poids. La dose recommand\u00e9e varie entre 250 mg et 500 mg par semaine, et les individus doivent administrer l&rsquo;injection une fois tous les 3 jours dans le muscle fessier. De plus, comme Testoged E peut arr\u00eater la s\u00e9cr\u00e9tion de testost\u00e9rone du corps, les m\u00e9decins recommandent une th\u00e9rapie post-cycle compos\u00e9e de Clomid et de Tamoxif\u00e8ne.<\/p>\n<p>Testoged E, s&rsquo;il est administr\u00e9 aux doses recommand\u00e9es et avec une th\u00e9rapie post-cycle, corrige ou emp\u00eache l&rsquo;apparition des effets secondaires. Cette th\u00e9rapie post-cycle vise \u00e0 r\u00e9guler la propre production de testost\u00e9rone de l&rsquo;organisme et commence deux \u00e0 trois semaines apr\u00e8s la derni\u00e8re injection de testost\u00e9rone. La cure post cycle d\u00e9marre apr\u00e8s ce d\u00e9lai car la testost\u00e9rone reste active dans l\u2019organisme jusqu\u2019\u00e0 trois semaines.<\/p>\n<p>Dans tout traitement aux st\u00e9ro\u00efdes, il est important de suivre quelques r\u00e8gles essentielles pour obtenir les r\u00e9sultats souhait\u00e9s. Respecter les principaux repas de la journ\u00e9e est crucial. La nourriture doit \u00eatre riche en prot\u00e9ines, vitamines, antioxydants. Vous devez manger de la viande maigre comme le b\u0153uf, le poisson, le poulet. Les l\u00e9gumes sont importants. Les fruits contiennent des antioxydants et donnent de l&rsquo;\u00e9nergie au corps.<\/p>","protected":false},"excerpt":{"rendered":"<p>Testoged E \/ TESTOST\u00c9RON ENANTHATE \/ 10 ampoules Testoged E \/ TESTOSTERON ENANTHATE est un produit \u00e9nanthate de testost\u00e9rone de<\/p>\n","protected":false},"featured_media":9495,"comment_status":"open","ping_status":"closed","template":"","meta":[],"product_brand":[],"product_cat":[69],"product_tag":[],"class_list":{"0":"post-9493","1":"product","2":"type-product","3":"status-publish","4":"has-post-thumbnail","6":"product_cat-esteroides_inyectables","8":"first","9":"outofstock","10":"sale","11":"shipping-taxable","12":"purchasable","13":"product-type-simple"},"yoast_head":"<!-- This site is optimized with the Yoast SEO Premium plugin v24.4 (Yoast SEO v27.3) - https:\/\/yoast.com\/product\/yoast-seo-premium-wordpress\/ -->\n<title>Testoged E \/ TESTOST\u00c9RON ENANTHATE - (Espa\u00f1ol) Esteroides en l\u00ednea<\/title>\n<meta name=\"description\" content=\"Testoged E \/ TESTOSTERON ENANTHATE is a long-acting injectable steroid hormone that mimics the effects of natural testosterone. It is widely used in\" \/>\n<meta name=\"robots\" content=\"index, follow, max-snippet:-1, max-image-preview:large, max-video-preview:-1\" \/>\n<link rel=\"canonical\" href=\"https:\/\/iberoid-shop.com\/fr\/product\/testoged-e-testosteron-enanthate\/\" \/>\n<meta property=\"og:locale\" content=\"fr_FR\" \/>\n<meta property=\"og:type\" content=\"article\" \/>\n<meta property=\"og:title\" content=\"Testoged E \/ TESTOST\u00c9RON ENANTHATE\" \/>\n<meta property=\"og:description\" content=\"Testoged E \/ TESTOSTERON ENANTHATE is a long-acting injectable steroid hormone that mimics the effects of natural testosterone. It is widely used in\" \/>\n<meta property=\"og:url\" content=\"https:\/\/iberoid-shop.com\/fr\/product\/testoged-e-testosteron-enanthate\/\" \/>\n<meta property=\"og:site_name\" content=\"(Espa\u00f1ol) Esteroides en l\u00ednea\" \/>\n<meta property=\"article:modified_time\" content=\"2025-10-03T07:57:56+00:00\" \/>\n<meta property=\"og:image\" content=\"https:\/\/iberoid-shop.com\/wp-content\/uploads\/2024\/06\/te.jpg?v=1718799198\" \/>\n\t<meta property=\"og:image:width\" content=\"594\" \/>\n\t<meta property=\"og:image:height\" content=\"627\" \/>\n\t<meta property=\"og:image:type\" content=\"image\/jpeg\" \/>\n<meta name=\"twitter:card\" content=\"summary_large_image\" \/>\n<meta name=\"twitter:label1\" content=\"Prix\" \/>\n\t<meta name=\"twitter:data1\" content=\"&euro;45.00\" \/>\n\t<meta name=\"twitter:label2\" content=\"Disponibilit\u00e9\" \/>\n\t<meta name=\"twitter:data2\" content=\"Rupture de stock\" \/>\n<script type=\"application\/ld+json\" class=\"yoast-schema-graph\">{\"@context\":\"https:\\\/\\\/schema.org\",\"@graph\":[{\"@type\":\"WebPage\",\"@id\":\"https:\\\/\\\/iberoid-shop.com\\\/fr\\\/product\\\/testoged-e-testosteron-enanthate\\\/\",\"url\":\"https:\\\/\\\/iberoid-shop.com\\\/fr\\\/product\\\/testoged-e-testosteron-enanthate\\\/\",\"name\":\"Testoged E \\\/ TESTOST\u00c9RON ENANTHATE - (Espa\u00f1ol) Esteroides en l\u00ednea\",\"isPartOf\":{\"@id\":\"https:\\\/\\\/iberoid-shop.com\\\/fr\\\/#website\"},\"primaryImageOfPage\":{\"@id\":\"https:\\\/\\\/iberoid-shop.com\\\/fr\\\/product\\\/testoged-e-testosteron-enanthate\\\/#primaryimage\"},\"image\":{\"@id\":\"https:\\\/\\\/iberoid-shop.com\\\/fr\\\/product\\\/testoged-e-testosteron-enanthate\\\/#primaryimage\"},\"thumbnailUrl\":\"https:\\\/\\\/iberoid-shop.com\\\/wp-content\\\/uploads\\\/2024\\\/06\\\/te.jpg?v=1718799198\",\"datePublished\":\"2024-06-19T12:13:50+00:00\",\"dateModified\":\"2025-10-03T07:57:56+00:00\",\"description\":\"Testoged E \\\/ TESTOSTERON ENANTHATE is a long-acting injectable steroid hormone that mimics the effects of natural testosterone. It is widely used in\",\"breadcrumb\":{\"@id\":\"https:\\\/\\\/iberoid-shop.com\\\/fr\\\/product\\\/testoged-e-testosteron-enanthate\\\/#breadcrumb\"},\"inLanguage\":\"fr-FR\",\"potentialAction\":[{\"@type\":\"ReadAction\",\"target\":[[\"https:\\\/\\\/iberoid-shop.com\\\/fr\\\/product\\\/testoged-e-testosteron-enanthate\\\/\"]]}]},{\"@type\":\"ImageObject\",\"inLanguage\":\"fr-FR\",\"@id\":\"https:\\\/\\\/iberoid-shop.com\\\/fr\\\/product\\\/testoged-e-testosteron-enanthate\\\/#primaryimage\",\"url\":\"https:\\\/\\\/iberoid-shop.com\\\/wp-content\\\/uploads\\\/2024\\\/06\\\/te.jpg?v=1718799198\",\"contentUrl\":\"https:\\\/\\\/iberoid-shop.com\\\/wp-content\\\/uploads\\\/2024\\\/06\\\/te.jpg?v=1718799198\",\"width\":594,\"height\":627,\"caption\":\"Testoged E \\\/ TESTOSTERON ENANTHATE\"},{\"@type\":\"BreadcrumbList\",\"@id\":\"https:\\\/\\\/iberoid-shop.com\\\/fr\\\/product\\\/testoged-e-testosteron-enanthate\\\/#breadcrumb\",\"itemListElement\":[{\"@type\":\"ListItem\",\"position\":1,\"name\":\"Portada\",\"item\":\"https:\\\/\\\/iberoid-shop.com\\\/fr\\\/\"},{\"@type\":\"ListItem\",\"position\":2,\"name\":\"Magasin\",\"item\":\"https:\\\/\\\/iberoid-shop.com\\\/fr\\\/shop\\\/\"},{\"@type\":\"ListItem\",\"position\":3,\"name\":\"Testoged E \\\/ TESTOST\u00c9RON ENANTHATE\"}]},{\"@type\":\"WebSite\",\"@id\":\"https:\\\/\\\/iberoid-shop.com\\\/fr\\\/#website\",\"url\":\"https:\\\/\\\/iberoid-shop.com\\\/fr\\\/\",\"name\":\"(Espa\u00f1ol) Esteroides en l\u00ednea\",\"description\":\"(Espa\u00f1ol) Comprar esteroides en l\u00ednea hoy en Espa\u00f1a y Portugal. Tenemos el mejor servicio al cliente en la industria y los productos de la m\u00e1s alta calidad\",\"potentialAction\":[{\"@type\":\"SearchAction\",\"target\":{\"@type\":\"EntryPoint\",\"urlTemplate\":\"https:\\\/\\\/iberoid-shop.com\\\/fr\\\/?s={search_term_string}\"},\"query-input\":{\"@type\":\"PropertyValueSpecification\",\"valueRequired\":true,\"valueName\":\"search_term_string\"}}],\"inLanguage\":\"fr-FR\"}]}<\/script>\n<meta property=\"product:price:amount\" content=\"45.00\" \/>\n<meta property=\"product:price:currency\" content=\"EUR\" \/>\n<meta property=\"og:availability\" content=\"out of stock\" \/>\n<meta property=\"product:availability\" content=\"out of stock\" \/>\n<meta property=\"product:condition\" content=\"new\" \/>\n<!-- \/ Yoast SEO Premium plugin. -->","yoast_head_json":{"title":"Testoged E \/ TESTOST\u00c9RON ENANTHATE - (Espa\u00f1ol) Esteroides en l\u00ednea","description":"Testoged E \/ TESTOSTERON ENANTHATE is a long-acting injectable steroid hormone that mimics the effects of natural testosterone. It is widely used in","robots":{"index":"index","follow":"follow","max-snippet":"max-snippet:-1","max-image-preview":"max-image-preview:large","max-video-preview":"max-video-preview:-1"},"canonical":"https:\/\/iberoid-shop.com\/fr\/product\/testoged-e-testosteron-enanthate\/","og_locale":"fr_FR","og_type":"article","og_title":"Testoged E \/ TESTOST\u00c9RON ENANTHATE","og_description":"Testoged E \/ TESTOSTERON ENANTHATE is a long-acting injectable steroid hormone that mimics the effects of natural testosterone. It is widely used in","og_url":"https:\/\/iberoid-shop.com\/fr\/product\/testoged-e-testosteron-enanthate\/","og_site_name":"(Espa\u00f1ol) Esteroides en l\u00ednea","article_modified_time":"2025-10-03T07:57:56+00:00","og_image":[{"width":594,"height":627,"url":"https:\/\/iberoid-shop.com\/wp-content\/uploads\/2024\/06\/te.jpg?v=1718799198","type":"image\/jpeg"}],"twitter_card":"summary_large_image","twitter_misc":{"Prix":"&euro;45.00","Disponibilit\u00e9":"Rupture de stock"},"schema":{"@context":"https:\/\/schema.org","@graph":[{"@type":"WebPage","@id":"https:\/\/iberoid-shop.com\/fr\/product\/testoged-e-testosteron-enanthate\/","url":"https:\/\/iberoid-shop.com\/fr\/product\/testoged-e-testosteron-enanthate\/","name":"Testoged E \/ TESTOST\u00c9RON ENANTHATE - (Espa\u00f1ol) Esteroides en l\u00ednea","isPartOf":{"@id":"https:\/\/iberoid-shop.com\/fr\/#website"},"primaryImageOfPage":{"@id":"https:\/\/iberoid-shop.com\/fr\/product\/testoged-e-testosteron-enanthate\/#primaryimage"},"image":{"@id":"https:\/\/iberoid-shop.com\/fr\/product\/testoged-e-testosteron-enanthate\/#primaryimage"},"thumbnailUrl":"https:\/\/iberoid-shop.com\/wp-content\/uploads\/2024\/06\/te.jpg?v=1718799198","datePublished":"2024-06-19T12:13:50+00:00","dateModified":"2025-10-03T07:57:56+00:00","description":"Testoged E \/ TESTOSTERON ENANTHATE is a long-acting injectable steroid hormone that mimics the effects of natural testosterone. It is widely used in","breadcrumb":{"@id":"https:\/\/iberoid-shop.com\/fr\/product\/testoged-e-testosteron-enanthate\/#breadcrumb"},"inLanguage":"fr-FR","potentialAction":[{"@type":"ReadAction","target":[["https:\/\/iberoid-shop.com\/fr\/product\/testoged-e-testosteron-enanthate\/"]]}]},{"@type":"ImageObject","inLanguage":"fr-FR","@id":"https:\/\/iberoid-shop.com\/fr\/product\/testoged-e-testosteron-enanthate\/#primaryimage","url":"https:\/\/iberoid-shop.com\/wp-content\/uploads\/2024\/06\/te.jpg?v=1718799198","contentUrl":"https:\/\/iberoid-shop.com\/wp-content\/uploads\/2024\/06\/te.jpg?v=1718799198","width":594,"height":627,"caption":"Testoged E \/ TESTOSTERON ENANTHATE"},{"@type":"BreadcrumbList","@id":"https:\/\/iberoid-shop.com\/fr\/product\/testoged-e-testosteron-enanthate\/#breadcrumb","itemListElement":[{"@type":"ListItem","position":1,"name":"Portada","item":"https:\/\/iberoid-shop.com\/fr\/"},{"@type":"ListItem","position":2,"name":"Magasin","item":"https:\/\/iberoid-shop.com\/fr\/shop\/"},{"@type":"ListItem","position":3,"name":"Testoged E \/ TESTOST\u00c9RON ENANTHATE"}]},{"@type":"WebSite","@id":"https:\/\/iberoid-shop.com\/fr\/#website","url":"https:\/\/iberoid-shop.com\/fr\/","name":"(Espa\u00f1ol) Esteroides en l\u00ednea","description":"(Espa\u00f1ol) Comprar esteroides en l\u00ednea hoy en Espa\u00f1a y Portugal. Tenemos el mejor servicio al cliente en la industria y los productos de la m\u00e1s alta calidad","potentialAction":[{"@type":"SearchAction","target":{"@type":"EntryPoint","urlTemplate":"https:\/\/iberoid-shop.com\/fr\/?s={search_term_string}"},"query-input":{"@type":"PropertyValueSpecification","valueRequired":true,"valueName":"search_term_string"}}],"inLanguage":"fr-FR"}]},"product_price_amount":"45.00","product_price_currency":"EUR","og_availability":"out of stock","product_availability":"out of stock","product_condition":"new"},"_links":{"self":[{"href":"https:\/\/iberoid-shop.com\/fr\/wp-json\/wp\/v2\/product\/9493","targetHints":{"allow":["GET"]}}],"collection":[{"href":"https:\/\/iberoid-shop.com\/fr\/wp-json\/wp\/v2\/product"}],"about":[{"href":"https:\/\/iberoid-shop.com\/fr\/wp-json\/wp\/v2\/types\/product"}],"replies":[{"embeddable":true,"href":"https:\/\/iberoid-shop.com\/fr\/wp-json\/wp\/v2\/comments?post=9493"}],"wp:featuredmedia":[{"embeddable":true,"href":"https:\/\/iberoid-shop.com\/fr\/wp-json\/wp\/v2\/media\/9495"}],"wp:attachment":[{"href":"https:\/\/iberoid-shop.com\/fr\/wp-json\/wp\/v2\/media?parent=9493"}],"wp:term":[{"taxonomy":"product_brand","embeddable":true,"href":"https:\/\/iberoid-shop.com\/fr\/wp-json\/wp\/v2\/product_brand?post=9493"},{"taxonomy":"product_cat","embeddable":true,"href":"https:\/\/iberoid-shop.com\/fr\/wp-json\/wp\/v2\/product_cat?post=9493"},{"taxonomy":"product_tag","embeddable":true,"href":"https:\/\/iberoid-shop.com\/fr\/wp-json\/wp\/v2\/product_tag?post=9493"}],"curies":[{"name":"wp","href":"https:\/\/api.w.org\/{rel}","templated":true}]}}