{"id":9461,"date":"2024-05-26T11:38:34","date_gmt":"2024-05-26T11:38:34","guid":{"rendered":"https:\/\/iberoid-shop.com\/?post_type=product&#038;p=9461"},"modified":"2025-05-11T13:11:21","modified_gmt":"2025-05-11T13:11:21","slug":"trenbolone-enanthate","status":"publish","type":"product","link":"https:\/\/iberoid-shop.com\/fr\/product\/trenbolone-enanthate\/","title":{"rendered":"TRENBOLONE ENANTHATE"},"content":{"rendered":"<p><strong>Trenbolone Enanthate <\/strong>est un puissant m\u00e9dicament pharmacologique sportif sans aromatisation. Le principal ingr\u00e9dient actif est l\u2019\u00e9nanthate de trenbolone, un st\u00e9ro\u00efde ester. Le m\u00e9dicament est tr\u00e8s demand\u00e9 dans le domaine du bodybuilding.<\/p>\n<p><strong>Description du trenbolone \u00e9nanthate<\/strong><\/p>\n<p>Le trenbolone est un st\u00e9ro\u00efde de haute qualit\u00e9 dot\u00e9 d\u2019une activit\u00e9 anabolisante \u00e9lev\u00e9e. Son pouvoir est similaire \u00e0 celui de la testost\u00e9rone, mais n\u2019a pas tendance \u00e0 s\u2019aromatiser. L\u2019athl\u00e8te ne sera pas sujet \u00e0 des effets secondaires tels que la conversion de la testost\u00e9rone en \u0153strog\u00e8ne ou la gyn\u00e9comastie. La substance n\u2019est pas non plus toxique pour le foie ou les reins. On le trouve sur le march\u00e9 sous trois formes d&rsquo;\u00e9ther : le carbonate d&rsquo;hexahydrobenzyle , l&rsquo;ac\u00e9tate et l&rsquo;\u00e9nanthate. La dur\u00e9e d&rsquo;action d\u00e9pend du type de cha\u00eene ester, mais l&rsquo;effet de chacune est similaire, puisque la trenbolone est s\u00e9par\u00e9e de l&rsquo;ester dans le corps.<\/p>\n<p>L&rsquo;\u00e9nanthate de trenbolone est la deuxi\u00e8me forme d&rsquo;ester la plus durable. La p\u00e9riode d&rsquo;action de la substance dans le corps dure 7 \u00e0 10 jours. Il suffit \u00e0 un athl\u00e8te de s&rsquo;injecter le m\u00e9dicament 1 \u00e0 2 fois par semaine pour maintenir sa concentration \u00e0 un niveau constamment \u00e9lev\u00e9. Les propri\u00e9t\u00e9s pharmacologiques de l&rsquo;hexahydrobenzylcarbonate sont similaires \u00e0 celles du trenbolone.<\/p>\n<p>Les m\u00e9dicaments \u00e0 base de trenbolone sont tr\u00e8s demand\u00e9s dans l&rsquo;industrie du sport. Ils sont activement utilis\u00e9s pour la coupe et la prise de poids. La substance provoque une augmentation active de la masse musculaire, de la force et de l&rsquo;endurance, tout en assurant simultan\u00e9ment un s\u00e9chage de haute qualit\u00e9 de la masse d\u00e9j\u00e0 acquise, augmentant ainsi son relief et sa densit\u00e9.<\/p>\n<p><strong>Effet de l&rsquo;utilisation<\/strong><\/p>\n<p>La cl\u00e9 d&rsquo;un effet de haute qualit\u00e9 sans interf\u00e9rence n\u00e9gative est un parcours correctement s\u00e9lectionn\u00e9. Dans un premier temps, vous devez subir une consultation et un examen avec un m\u00e9decin. V\u00e9rifiez votre corps pour la compatibilit\u00e9 et les contre-indications. Apr\u00e8s cela, le sp\u00e9cialiste s\u00e9lectionne un cours individuel.<\/p>\n<ul>\n<li>Augmentation de la force physique et de l\u2019endurance\u00a0;<\/li>\n<li>Croissance musculaire active\u00a0;<\/li>\n<li>R\u00e9duction de la graisse corporelle\u00a0;<\/li>\n<li>\u00c9limination du cortisol\u00a0;<\/li>\n<li>Augmentation de la libido\u00a0;<\/li>\n<li>Soulagement et densit\u00e9 musculaires\u00a0;<\/li>\n<li>Augmentation des concentrations de facteur de croissance analogue \u00e0 l&rsquo;insuline et d&rsquo;hormone de croissance.<\/li>\n<\/ul>\n<p><strong>Effets secondaires<\/strong><\/p>\n<p>Le m\u00e9dicament a tendance \u00e0 pr\u00e9senter des effets secondaires mineurs en cas de surdosage. Dans ce cas, il est recommand\u00e9 de r\u00e9duire la dose ou d\u2019arr\u00eater de la prendre.<\/p>\n<ul>\n<li>Calvitie;<\/li>\n<li>Croissance des cheveux chez les hommes\u00a0;<\/li>\n<li>Acn\u00e9;<\/li>\n<li>La peau grasse;<\/li>\n<li>Probl\u00e8mes de sommeil\u00a0;<\/li>\n<li>Augmentation de la pression art\u00e9rielle\u00a0;<\/li>\n<li>Agression.<\/li>\n<\/ul>\n<p><strong>Application<\/strong><\/p>\n<p>La dur\u00e9e du cours est de minimum 4 semaines. Si la cure dure plus de 6 semaines, elle s&rsquo;accompagne de la prise de gonadotrophine. La posologie optimale du m\u00e9dicament est de 200 \u00e0 300 mg par semaine. Il est obligatoire de subir un PCT apr\u00e8s avoir termin\u00e9 le cours de st\u00e9ro\u00efdes.<\/p>","protected":false},"excerpt":{"rendered":"<p>Trenbolone Enanthate est un puissant m\u00e9dicament pharmacologique sportif sans aromatisation. Le principal ingr\u00e9dient actif est l\u2019\u00e9nanthate de trenbolone, un st\u00e9ro\u00efde<\/p>\n","protected":false},"featured_media":9463,"comment_status":"open","ping_status":"closed","template":"","meta":[],"product_brand":[],"product_cat":[69],"product_tag":[],"class_list":{"0":"post-9461","1":"product","2":"type-product","3":"status-publish","4":"has-post-thumbnail","6":"product_cat-esteroides_inyectables","8":"first","9":"outofstock","10":"shipping-taxable","11":"purchasable","12":"product-type-simple"},"yoast_head":"<!-- This site is optimized with the Yoast SEO Premium plugin v24.4 (Yoast SEO v27.0) - https:\/\/yoast.com\/product\/yoast-seo-premium-wordpress\/ -->\n<title>TRENBOLONE ENANTHATE - (Espa\u00f1ol) Esteroides en l\u00ednea<\/title>\n<meta name=\"description\" content=\"Trenbolone Enanthate is a powerful sports pharmacological drug without aromatization. The main active ingredient is the ester steroid trenbolone enanthate.\" \/>\n<meta name=\"robots\" content=\"index, follow, max-snippet:-1, max-image-preview:large, max-video-preview:-1\" \/>\n<link rel=\"canonical\" href=\"https:\/\/iberoid-shop.com\/fr\/product\/trenbolone-enanthate\/\" \/>\n<meta property=\"og:locale\" content=\"fr_FR\" \/>\n<meta property=\"og:type\" content=\"article\" \/>\n<meta property=\"og:title\" content=\"TRENBOLONE ENANTHATE\" \/>\n<meta property=\"og:description\" content=\"Trenbolone Enanthate is a powerful sports pharmacological drug without aromatization. The main active ingredient is the ester steroid trenbolone enanthate.\" \/>\n<meta property=\"og:url\" content=\"https:\/\/iberoid-shop.com\/fr\/product\/trenbolone-enanthate\/\" \/>\n<meta property=\"og:site_name\" content=\"(Espa\u00f1ol) Esteroides en l\u00ednea\" \/>\n<meta property=\"article:modified_time\" content=\"2025-05-11T13:11:21+00:00\" \/>\n<meta property=\"og:image\" content=\"https:\/\/iberoid-shop.com\/wp-content\/uploads\/2024\/05\/TE-scaled.jpg?v=1716723478\" \/>\n\t<meta property=\"og:image:width\" content=\"1948\" \/>\n\t<meta property=\"og:image:height\" content=\"2560\" \/>\n\t<meta property=\"og:image:type\" content=\"image\/jpeg\" \/>\n<meta name=\"twitter:card\" content=\"summary_large_image\" \/>\n<meta name=\"twitter:label1\" content=\"Prix\" \/>\n\t<meta name=\"twitter:data1\" content=\"&euro;55.00\" \/>\n\t<meta name=\"twitter:label2\" content=\"Disponibilit\u00e9\" \/>\n\t<meta name=\"twitter:data2\" content=\"Rupture de stock\" \/>\n<script type=\"application\/ld+json\" class=\"yoast-schema-graph\">{\"@context\":\"https:\/\/schema.org\",\"@graph\":[{\"@type\":\"WebPage\",\"@id\":\"https:\/\/iberoid-shop.com\/fr\/product\/trenbolone-enanthate\/\",\"url\":\"https:\/\/iberoid-shop.com\/fr\/product\/trenbolone-enanthate\/\",\"name\":\"TRENBOLONE ENANTHATE - (Espa\u00f1ol) Esteroides en l\u00ednea\",\"isPartOf\":{\"@id\":\"https:\/\/iberoid-shop.com\/fr\/#website\"},\"primaryImageOfPage\":{\"@id\":\"https:\/\/iberoid-shop.com\/fr\/product\/trenbolone-enanthate\/#primaryimage\"},\"image\":{\"@id\":\"https:\/\/iberoid-shop.com\/fr\/product\/trenbolone-enanthate\/#primaryimage\"},\"thumbnailUrl\":\"https:\/\/iberoid-shop.com\/wp-content\/uploads\/2024\/05\/TE-scaled.jpg?v=1716723478\",\"datePublished\":\"2024-05-26T11:38:34+00:00\",\"dateModified\":\"2025-05-11T13:11:21+00:00\",\"description\":\"Trenbolone Enanthate is a powerful sports pharmacological drug without aromatization. The main active ingredient is the ester steroid trenbolone enanthate.\",\"breadcrumb\":{\"@id\":\"https:\/\/iberoid-shop.com\/fr\/product\/trenbolone-enanthate\/#breadcrumb\"},\"inLanguage\":\"fr-FR\",\"potentialAction\":[{\"@type\":\"ReadAction\",\"target\":[[\"https:\/\/iberoid-shop.com\/fr\/product\/trenbolone-enanthate\/\"]]}]},{\"@type\":\"ImageObject\",\"inLanguage\":\"fr-FR\",\"@id\":\"https:\/\/iberoid-shop.com\/fr\/product\/trenbolone-enanthate\/#primaryimage\",\"url\":\"https:\/\/iberoid-shop.com\/wp-content\/uploads\/2024\/05\/TE-scaled.jpg?v=1716723478\",\"contentUrl\":\"https:\/\/iberoid-shop.com\/wp-content\/uploads\/2024\/05\/TE-scaled.jpg?v=1716723478\",\"width\":1948,\"height\":2560,\"caption\":\"TRENBOLONE ENANTHATE\"},{\"@type\":\"BreadcrumbList\",\"@id\":\"https:\/\/iberoid-shop.com\/fr\/product\/trenbolone-enanthate\/#breadcrumb\",\"itemListElement\":[{\"@type\":\"ListItem\",\"position\":1,\"name\":\"Portada\",\"item\":\"https:\/\/iberoid-shop.com\/fr\/\"},{\"@type\":\"ListItem\",\"position\":2,\"name\":\"Magasin\",\"item\":\"https:\/\/iberoid-shop.com\/fr\/shop\/\"},{\"@type\":\"ListItem\",\"position\":3,\"name\":\"TRENBOLONE ENANTHATE\"}]},{\"@type\":\"WebSite\",\"@id\":\"https:\/\/iberoid-shop.com\/fr\/#website\",\"url\":\"https:\/\/iberoid-shop.com\/fr\/\",\"name\":\"(Espa\u00f1ol) Esteroides en l\u00ednea\",\"description\":\"(Espa\u00f1ol) Comprar esteroides en l\u00ednea hoy en Espa\u00f1a y Portugal. Tenemos el mejor servicio al cliente en la industria y los productos de la m\u00e1s alta calidad\",\"potentialAction\":[{\"@type\":\"SearchAction\",\"target\":{\"@type\":\"EntryPoint\",\"urlTemplate\":\"https:\/\/iberoid-shop.com\/fr\/?s={search_term_string}\"},\"query-input\":{\"@type\":\"PropertyValueSpecification\",\"valueRequired\":true,\"valueName\":\"search_term_string\"}}],\"inLanguage\":\"fr-FR\"}]}<\/script>\n<meta property=\"product:brand\" content=\"Vitality Meds\" \/>\n<meta property=\"product:price:amount\" content=\"55.00\" \/>\n<meta property=\"product:price:currency\" content=\"EUR\" \/>\n<meta property=\"og:availability\" content=\"out of stock\" \/>\n<meta property=\"product:availability\" content=\"out of stock\" \/>\n<meta property=\"product:condition\" content=\"new\" \/>\n<!-- \/ Yoast SEO Premium plugin. -->","yoast_head_json":{"title":"TRENBOLONE ENANTHATE - (Espa\u00f1ol) Esteroides en l\u00ednea","description":"Trenbolone Enanthate is a powerful sports pharmacological drug without aromatization. The main active ingredient is the ester steroid trenbolone enanthate.","robots":{"index":"index","follow":"follow","max-snippet":"max-snippet:-1","max-image-preview":"max-image-preview:large","max-video-preview":"max-video-preview:-1"},"canonical":"https:\/\/iberoid-shop.com\/fr\/product\/trenbolone-enanthate\/","og_locale":"fr_FR","og_type":"article","og_title":"TRENBOLONE ENANTHATE","og_description":"Trenbolone Enanthate is a powerful sports pharmacological drug without aromatization. The main active ingredient is the ester steroid trenbolone enanthate.","og_url":"https:\/\/iberoid-shop.com\/fr\/product\/trenbolone-enanthate\/","og_site_name":"(Espa\u00f1ol) Esteroides en l\u00ednea","article_modified_time":"2025-05-11T13:11:21+00:00","og_image":[{"width":1948,"height":2560,"url":"https:\/\/iberoid-shop.com\/wp-content\/uploads\/2024\/05\/TE-scaled.jpg?v=1716723478","type":"image\/jpeg"}],"twitter_card":"summary_large_image","twitter_misc":{"Prix":"&euro;55.00","Disponibilit\u00e9":"Rupture de stock"},"schema":{"@context":"https:\/\/schema.org","@graph":[{"@type":"WebPage","@id":"https:\/\/iberoid-shop.com\/fr\/product\/trenbolone-enanthate\/","url":"https:\/\/iberoid-shop.com\/fr\/product\/trenbolone-enanthate\/","name":"TRENBOLONE ENANTHATE - (Espa\u00f1ol) Esteroides en l\u00ednea","isPartOf":{"@id":"https:\/\/iberoid-shop.com\/fr\/#website"},"primaryImageOfPage":{"@id":"https:\/\/iberoid-shop.com\/fr\/product\/trenbolone-enanthate\/#primaryimage"},"image":{"@id":"https:\/\/iberoid-shop.com\/fr\/product\/trenbolone-enanthate\/#primaryimage"},"thumbnailUrl":"https:\/\/iberoid-shop.com\/wp-content\/uploads\/2024\/05\/TE-scaled.jpg?v=1716723478","datePublished":"2024-05-26T11:38:34+00:00","dateModified":"2025-05-11T13:11:21+00:00","description":"Trenbolone Enanthate is a powerful sports pharmacological drug without aromatization. The main active ingredient is the ester steroid trenbolone enanthate.","breadcrumb":{"@id":"https:\/\/iberoid-shop.com\/fr\/product\/trenbolone-enanthate\/#breadcrumb"},"inLanguage":"fr-FR","potentialAction":[{"@type":"ReadAction","target":[["https:\/\/iberoid-shop.com\/fr\/product\/trenbolone-enanthate\/"]]}]},{"@type":"ImageObject","inLanguage":"fr-FR","@id":"https:\/\/iberoid-shop.com\/fr\/product\/trenbolone-enanthate\/#primaryimage","url":"https:\/\/iberoid-shop.com\/wp-content\/uploads\/2024\/05\/TE-scaled.jpg?v=1716723478","contentUrl":"https:\/\/iberoid-shop.com\/wp-content\/uploads\/2024\/05\/TE-scaled.jpg?v=1716723478","width":1948,"height":2560,"caption":"TRENBOLONE ENANTHATE"},{"@type":"BreadcrumbList","@id":"https:\/\/iberoid-shop.com\/fr\/product\/trenbolone-enanthate\/#breadcrumb","itemListElement":[{"@type":"ListItem","position":1,"name":"Portada","item":"https:\/\/iberoid-shop.com\/fr\/"},{"@type":"ListItem","position":2,"name":"Magasin","item":"https:\/\/iberoid-shop.com\/fr\/shop\/"},{"@type":"ListItem","position":3,"name":"TRENBOLONE ENANTHATE"}]},{"@type":"WebSite","@id":"https:\/\/iberoid-shop.com\/fr\/#website","url":"https:\/\/iberoid-shop.com\/fr\/","name":"(Espa\u00f1ol) Esteroides en l\u00ednea","description":"(Espa\u00f1ol) Comprar esteroides en l\u00ednea hoy en Espa\u00f1a y Portugal. Tenemos el mejor servicio al cliente en la industria y los productos de la m\u00e1s alta calidad","potentialAction":[{"@type":"SearchAction","target":{"@type":"EntryPoint","urlTemplate":"https:\/\/iberoid-shop.com\/fr\/?s={search_term_string}"},"query-input":{"@type":"PropertyValueSpecification","valueRequired":true,"valueName":"search_term_string"}}],"inLanguage":"fr-FR"}]},"product_brand":"Vitality Meds","product_price_amount":"55.00","product_price_currency":"EUR","og_availability":"out of stock","product_availability":"out of stock","product_condition":"new"},"_links":{"self":[{"href":"https:\/\/iberoid-shop.com\/fr\/wp-json\/wp\/v2\/product\/9461","targetHints":{"allow":["GET"]}}],"collection":[{"href":"https:\/\/iberoid-shop.com\/fr\/wp-json\/wp\/v2\/product"}],"about":[{"href":"https:\/\/iberoid-shop.com\/fr\/wp-json\/wp\/v2\/types\/product"}],"replies":[{"embeddable":true,"href":"https:\/\/iberoid-shop.com\/fr\/wp-json\/wp\/v2\/comments?post=9461"}],"wp:featuredmedia":[{"embeddable":true,"href":"https:\/\/iberoid-shop.com\/fr\/wp-json\/wp\/v2\/media\/9463"}],"wp:attachment":[{"href":"https:\/\/iberoid-shop.com\/fr\/wp-json\/wp\/v2\/media?parent=9461"}],"wp:term":[{"taxonomy":"product_brand","embeddable":true,"href":"https:\/\/iberoid-shop.com\/fr\/wp-json\/wp\/v2\/product_brand?post=9461"},{"taxonomy":"product_cat","embeddable":true,"href":"https:\/\/iberoid-shop.com\/fr\/wp-json\/wp\/v2\/product_cat?post=9461"},{"taxonomy":"product_tag","embeddable":true,"href":"https:\/\/iberoid-shop.com\/fr\/wp-json\/wp\/v2\/product_tag?post=9461"}],"curies":[{"name":"wp","href":"https:\/\/api.w.org\/{rel}","templated":true}]}}