{"id":9458,"date":"2024-05-26T11:34:28","date_gmt":"2024-05-26T11:34:28","guid":{"rendered":"https:\/\/iberoid-shop.com\/?post_type=product&#038;p=9458"},"modified":"2026-03-22T12:07:24","modified_gmt":"2026-03-22T12:07:24","slug":"tri-trenbolone","status":"publish","type":"product","link":"https:\/\/iberoid-shop.com\/fr\/product\/tri-trenbolone\/","title":{"rendered":"TRI-TRENBOLONE"},"content":{"rendered":"<p><strong>TRI-TRENBOLONE \/ 200MG-ml<\/strong> contient de l&rsquo;ac\u00e9tate de trenbolone, de l&rsquo;\u00e9nanthate de trenbolone, de l&rsquo;hexahydrobenzylcarbonate de trenbolone\u00a0;<\/p>\n<p>Voie d&rsquo;administration<\/p>\n<p>Pour usage intramusculaire uniquement\u00a0;<\/p>\n<p><strong>Indication\u00a0:<\/strong><\/p>\n<p>Les v\u00e9t\u00e9rinaires utilisent TRI-TRENBOLONE sur le b\u00e9tail pour augmenter la croissance musculaire et l&rsquo;app\u00e9tit. Ce st\u00e9ro\u00efde provoque non seulement une croissance musculaire substantielle, mais am\u00e9liore \u00e9galement la duret\u00e9, la densit\u00e9, la vascularisation et la s\u00e9cheresse. Il est bien connu comme l&rsquo;un des meilleurs activateurs de force disponibles.<\/p>\n<p>Contre-indications\u00a0:<br \/>\nNe pas administrer aux bovins de moins de 6 semaines<br \/>\nNe pas utiliser chez les g\u00e9nisses qui produisent ou pourraient produire \u00e0 l&rsquo;avenir du lait ou des produits laitiers destin\u00e9s \u00e0 la consommation humaine<br \/>\nNe pas administrer aux bovins accr\u00e9dit\u00e9s sans HGP<br \/>\nAdministration de TRI-TRENBOLONE\u00a0:<\/p>\n<p>La dose optimale de Trenbolone Enanthate est de 300 \u00e0 600 mg par semaine. Ajustez la posologie en fonction de la prescription de votre m\u00e9decin. Le traitement d\u00e9pend de facteurs tels que l&rsquo;activit\u00e9 physique, l&rsquo;\u00e2ge et la gravit\u00e9 de la maladie. Ne pas utiliser Trenbolone pendant plus de 10 semaines.<\/p>\n<p><strong>Action m\u00e9dicale :<\/strong><\/p>\n<p>TRI-TRENBOLONE est une combinaison de trois esters de Trenbolone : l&rsquo;ac\u00e9tate de Trenbolone, l&rsquo;\u00e9nanthate de Trenbolone et l&rsquo;hexahydrobenzylcarbonate de Trenbolone. La pr\u00e9sence de l&rsquo;ester d&rsquo;ac\u00e9tate permet \u00e0 Tri-Tren d&rsquo;afficher une r\u00e9ponse physiologique initiale rapide. Les deux autres esters, qui se lib\u00e8rent \u00e0 des rythmes plus lents, prolongent la r\u00e9ponse physiologique avec une courbe d&rsquo;absorption relativement plate sur la dur\u00e9e du cycle de vie de l&rsquo;injection.<\/p>\n<p>TRI-TRENBOLONE favorise grandement la synth\u00e8se des prot\u00e9ines et cr\u00e9e un bilan azot\u00e9 positif. Il stimule l&rsquo;app\u00e9tit et am\u00e9liore la conversion des prot\u00e9ines. Des tests en laboratoire ont montr\u00e9 que l&rsquo;ac\u00e9tate de Trenbolone augmente la synth\u00e8se des prot\u00e9ines et r\u00e9duit le d\u00e9p\u00f4t de graisse. Il favorise efficacement la taille et la force lorsqu&rsquo;il est associ\u00e9 \u00e0 des prot\u00e9ines et des calories ad\u00e9quates, soutient les processus de construction des tissus corporels et peut inverser le catabolisme.<\/p>\n<p><strong>Pr\u00e9cautions\u00a0:<\/strong><\/p>\n<p>L\u2019\u00e9nanthate de trenbolone ne doit pas \u00eatre utilis\u00e9 si\u00a0:<\/p>\n<p>Vous \u00eates allergique \u00e0 l\u2019un des ingr\u00e9dients de la trenbolone<\/p>\n<p>Si vous \u00eates enceinte, pr\u00e9voyez de devenir enceinte ou allaitez<\/p>\n<p>Vous avez un cancer du sein et \u00eates un homme\u00a0; un cancer de la prostate connu ou suspect\u00e9\u00a0; ou des probl\u00e8mes cardiaques, h\u00e9patiques ou r\u00e9naux graves<\/p>\n<p>Contactez imm\u00e9diatement votre m\u00e9decin ou votre prestataire de soins de sant\u00e9 si l\u2019une de ces situations s\u2019applique \u00e0 vous.<\/p>\n<p><strong>Effets secondaires\u00a0:<\/strong><\/p>\n<p>Tri-Tren affecte les niveaux de testost\u00e9rone, il est donc fortement conseill\u00e9 d\u2019utiliser des m\u00e9dicaments stimulants comme Clomid et HCG \u00e0 la fin du traitement par trenbolone. Ces produits aident \u00e0 pr\u00e9venir les troubles hormonaux\u00a0; par exemple, les testicules peuvent ne pas r\u00e9pondre normalement \u00e0 la reprise de la production de gonadotrophines s\u2019ils sont dans un \u00e9tat atrophi\u00e9.<\/p>\n<p>Les effets secondaires courants de Tri-Tren sont une peau grasse, un comportement agressif, une perte de cheveux et une r\u00e9tention d\u2019eau \u00e9lev\u00e9e. De nombreux patients ont signal\u00e9 que l\u2019acn\u00e9 a tendance \u00e0 appara\u00eetre sur l\u2019avant-bras, le haut du bras, l\u2019\u00e9paule, la poitrine, le dos et \u00e9galement sur le visage au cours des premi\u00e8res \u00e9tapes du traitement par ce m\u00e9dicament.<\/p>","protected":false},"excerpt":{"rendered":"<p>TRI-TRENBOLONE \/ 200MG-ml contient de l&rsquo;ac\u00e9tate de trenbolone, de l&rsquo;\u00e9nanthate de trenbolone, de l&rsquo;hexahydrobenzylcarbonate de trenbolone\u00a0; Voie d&rsquo;administration Pour usage<\/p>\n","protected":false},"featured_media":9460,"comment_status":"open","ping_status":"closed","template":"","meta":[],"product_brand":[],"product_cat":[69],"product_tag":[],"class_list":{"0":"post-9458","1":"product","2":"type-product","3":"status-publish","4":"has-post-thumbnail","6":"product_cat-esteroides_inyectables","8":"first","9":"outofstock","10":"sale","11":"shipping-taxable","12":"purchasable","13":"product-type-simple"},"yoast_head":"<!-- This site is optimized with the Yoast SEO Premium plugin v24.4 (Yoast SEO v27.3) - https:\/\/yoast.com\/product\/yoast-seo-premium-wordpress\/ -->\n<title>TRI-TRENBOLONE - (Espa\u00f1ol) Esteroides en l\u00ednea<\/title>\n<meta name=\"description\" content=\"TRI-TRENBOLONE is a combination of three esters of Trenbolone: Trenabolone Acetate, Trenbolone Enanthate and Trenbolone Hexahydrobenzylcarbonate.\" \/>\n<meta name=\"robots\" content=\"index, follow, max-snippet:-1, max-image-preview:large, max-video-preview:-1\" \/>\n<link rel=\"canonical\" href=\"https:\/\/iberoid-shop.com\/fr\/product\/tri-trenbolone\/\" \/>\n<meta property=\"og:locale\" content=\"fr_FR\" \/>\n<meta property=\"og:type\" content=\"article\" \/>\n<meta property=\"og:title\" content=\"TRI-TRENBOLONE\" \/>\n<meta property=\"og:description\" content=\"TRI-TRENBOLONE is a combination of three esters of Trenbolone: Trenabolone Acetate, Trenbolone Enanthate and Trenbolone Hexahydrobenzylcarbonate.\" \/>\n<meta property=\"og:url\" content=\"https:\/\/iberoid-shop.com\/fr\/product\/tri-trenbolone\/\" \/>\n<meta property=\"og:site_name\" content=\"(Espa\u00f1ol) Esteroides en l\u00ednea\" \/>\n<meta property=\"article:modified_time\" content=\"2026-03-22T12:07:24+00:00\" \/>\n<meta property=\"og:image\" content=\"https:\/\/iberoid-shop.com\/wp-content\/uploads\/2024\/05\/TT-scaled.jpg?v=1716723230\" \/>\n\t<meta property=\"og:image:width\" content=\"1547\" \/>\n\t<meta property=\"og:image:height\" content=\"2560\" \/>\n\t<meta property=\"og:image:type\" content=\"image\/jpeg\" \/>\n<meta name=\"twitter:card\" content=\"summary_large_image\" \/>\n<meta name=\"twitter:label1\" content=\"Prix\" \/>\n\t<meta name=\"twitter:data1\" content=\"&euro;50.00\" \/>\n\t<meta name=\"twitter:label2\" content=\"Disponibilit\u00e9\" \/>\n\t<meta name=\"twitter:data2\" content=\"Rupture de stock\" \/>\n<script type=\"application\/ld+json\" class=\"yoast-schema-graph\">{\"@context\":\"https:\\\/\\\/schema.org\",\"@graph\":[{\"@type\":\"WebPage\",\"@id\":\"https:\\\/\\\/iberoid-shop.com\\\/fr\\\/product\\\/tri-trenbolone\\\/\",\"url\":\"https:\\\/\\\/iberoid-shop.com\\\/fr\\\/product\\\/tri-trenbolone\\\/\",\"name\":\"TRI-TRENBOLONE - (Espa\u00f1ol) Esteroides en l\u00ednea\",\"isPartOf\":{\"@id\":\"https:\\\/\\\/iberoid.com\\\/#website\"},\"primaryImageOfPage\":{\"@id\":\"https:\\\/\\\/iberoid-shop.com\\\/fr\\\/product\\\/tri-trenbolone\\\/#primaryimage\"},\"image\":{\"@id\":\"https:\\\/\\\/iberoid-shop.com\\\/fr\\\/product\\\/tri-trenbolone\\\/#primaryimage\"},\"thumbnailUrl\":\"https:\\\/\\\/iberoid-shop.com\\\/wp-content\\\/uploads\\\/2024\\\/05\\\/TT-scaled.jpg?v=1716723230\",\"datePublished\":\"2024-05-26T11:34:28+00:00\",\"dateModified\":\"2026-03-22T12:07:24+00:00\",\"description\":\"TRI-TRENBOLONE is a combination of three esters of Trenbolone: Trenabolone Acetate, Trenbolone Enanthate and Trenbolone Hexahydrobenzylcarbonate.\",\"breadcrumb\":{\"@id\":\"https:\\\/\\\/iberoid-shop.com\\\/fr\\\/product\\\/tri-trenbolone\\\/#breadcrumb\"},\"inLanguage\":\"fr-FR\",\"potentialAction\":[{\"@type\":\"ReadAction\",\"target\":[[\"https:\\\/\\\/iberoid-shop.com\\\/fr\\\/product\\\/tri-trenbolone\\\/\"]]}]},{\"@type\":\"ImageObject\",\"inLanguage\":\"fr-FR\",\"@id\":\"https:\\\/\\\/iberoid-shop.com\\\/fr\\\/product\\\/tri-trenbolone\\\/#primaryimage\",\"url\":\"https:\\\/\\\/iberoid-shop.com\\\/wp-content\\\/uploads\\\/2024\\\/05\\\/TT-scaled.jpg?v=1716723230\",\"contentUrl\":\"https:\\\/\\\/iberoid-shop.com\\\/wp-content\\\/uploads\\\/2024\\\/05\\\/TT-scaled.jpg?v=1716723230\",\"width\":1547,\"height\":2560,\"caption\":\"TRI-TRENBOLONE\"},{\"@type\":\"BreadcrumbList\",\"@id\":\"https:\\\/\\\/iberoid-shop.com\\\/fr\\\/product\\\/tri-trenbolone\\\/#breadcrumb\",\"itemListElement\":[{\"@type\":\"ListItem\",\"position\":1,\"name\":\"Portada\",\"item\":\"https:\\\/\\\/iberoid.com\\\/\"},{\"@type\":\"ListItem\",\"position\":2,\"name\":\"Magasin\",\"item\":\"https:\\\/\\\/iberoid-shop.com\\\/fr\\\/shop\\\/\"},{\"@type\":\"ListItem\",\"position\":3,\"name\":\"TRI-TRENBOLONE\"}]},{\"@type\":\"WebSite\",\"@id\":\"https:\\\/\\\/iberoid.com\\\/#website\",\"url\":\"https:\\\/\\\/iberoid.com\\\/\",\"name\":\"(Espa\u00f1ol) Esteroides en l\u00ednea\",\"description\":\"(Espa\u00f1ol) Comprar esteroides en l\u00ednea hoy en Espa\u00f1a y Portugal. Tenemos el mejor servicio al cliente en la industria y los productos de la m\u00e1s alta calidad\",\"potentialAction\":[{\"@type\":\"SearchAction\",\"target\":{\"@type\":\"EntryPoint\",\"urlTemplate\":\"https:\\\/\\\/iberoid.com\\\/?s={search_term_string}\"},\"query-input\":{\"@type\":\"PropertyValueSpecification\",\"valueRequired\":true,\"valueName\":\"search_term_string\"}}],\"inLanguage\":\"fr-FR\"}]}<\/script>\n<meta property=\"product:brand\" content=\"Vitality Meds\" \/>\n<meta property=\"product:price:amount\" content=\"50.00\" \/>\n<meta property=\"product:price:currency\" content=\"EUR\" \/>\n<meta property=\"og:availability\" content=\"out of stock\" \/>\n<meta property=\"product:availability\" content=\"out of stock\" \/>\n<meta property=\"product:condition\" content=\"new\" \/>\n<!-- \/ Yoast SEO Premium plugin. -->","yoast_head_json":{"title":"TRI-TRENBOLONE - (Espa\u00f1ol) Esteroides en l\u00ednea","description":"TRI-TRENBOLONE is a combination of three esters of Trenbolone: Trenabolone Acetate, Trenbolone Enanthate and Trenbolone Hexahydrobenzylcarbonate.","robots":{"index":"index","follow":"follow","max-snippet":"max-snippet:-1","max-image-preview":"max-image-preview:large","max-video-preview":"max-video-preview:-1"},"canonical":"https:\/\/iberoid-shop.com\/fr\/product\/tri-trenbolone\/","og_locale":"fr_FR","og_type":"article","og_title":"TRI-TRENBOLONE","og_description":"TRI-TRENBOLONE is a combination of three esters of Trenbolone: Trenabolone Acetate, Trenbolone Enanthate and Trenbolone Hexahydrobenzylcarbonate.","og_url":"https:\/\/iberoid-shop.com\/fr\/product\/tri-trenbolone\/","og_site_name":"(Espa\u00f1ol) Esteroides en l\u00ednea","article_modified_time":"2026-03-22T12:07:24+00:00","og_image":[{"width":1547,"height":2560,"url":"https:\/\/iberoid-shop.com\/wp-content\/uploads\/2024\/05\/TT-scaled.jpg?v=1716723230","type":"image\/jpeg"}],"twitter_card":"summary_large_image","twitter_misc":{"Prix":"&euro;50.00","Disponibilit\u00e9":"Rupture de stock"},"schema":{"@context":"https:\/\/schema.org","@graph":[{"@type":"WebPage","@id":"https:\/\/iberoid-shop.com\/fr\/product\/tri-trenbolone\/","url":"https:\/\/iberoid-shop.com\/fr\/product\/tri-trenbolone\/","name":"TRI-TRENBOLONE - (Espa\u00f1ol) Esteroides en l\u00ednea","isPartOf":{"@id":"https:\/\/iberoid.com\/#website"},"primaryImageOfPage":{"@id":"https:\/\/iberoid-shop.com\/fr\/product\/tri-trenbolone\/#primaryimage"},"image":{"@id":"https:\/\/iberoid-shop.com\/fr\/product\/tri-trenbolone\/#primaryimage"},"thumbnailUrl":"https:\/\/iberoid-shop.com\/wp-content\/uploads\/2024\/05\/TT-scaled.jpg?v=1716723230","datePublished":"2024-05-26T11:34:28+00:00","dateModified":"2026-03-22T12:07:24+00:00","description":"TRI-TRENBOLONE is a combination of three esters of Trenbolone: Trenabolone Acetate, Trenbolone Enanthate and Trenbolone Hexahydrobenzylcarbonate.","breadcrumb":{"@id":"https:\/\/iberoid-shop.com\/fr\/product\/tri-trenbolone\/#breadcrumb"},"inLanguage":"fr-FR","potentialAction":[{"@type":"ReadAction","target":[["https:\/\/iberoid-shop.com\/fr\/product\/tri-trenbolone\/"]]}]},{"@type":"ImageObject","inLanguage":"fr-FR","@id":"https:\/\/iberoid-shop.com\/fr\/product\/tri-trenbolone\/#primaryimage","url":"https:\/\/iberoid-shop.com\/wp-content\/uploads\/2024\/05\/TT-scaled.jpg?v=1716723230","contentUrl":"https:\/\/iberoid-shop.com\/wp-content\/uploads\/2024\/05\/TT-scaled.jpg?v=1716723230","width":1547,"height":2560,"caption":"TRI-TRENBOLONE"},{"@type":"BreadcrumbList","@id":"https:\/\/iberoid-shop.com\/fr\/product\/tri-trenbolone\/#breadcrumb","itemListElement":[{"@type":"ListItem","position":1,"name":"Portada","item":"https:\/\/iberoid.com\/"},{"@type":"ListItem","position":2,"name":"Magasin","item":"https:\/\/iberoid-shop.com\/fr\/shop\/"},{"@type":"ListItem","position":3,"name":"TRI-TRENBOLONE"}]},{"@type":"WebSite","@id":"https:\/\/iberoid.com\/#website","url":"https:\/\/iberoid.com\/","name":"(Espa\u00f1ol) Esteroides en l\u00ednea","description":"(Espa\u00f1ol) Comprar esteroides en l\u00ednea hoy en Espa\u00f1a y Portugal. Tenemos el mejor servicio al cliente en la industria y los productos de la m\u00e1s alta calidad","potentialAction":[{"@type":"SearchAction","target":{"@type":"EntryPoint","urlTemplate":"https:\/\/iberoid.com\/?s={search_term_string}"},"query-input":{"@type":"PropertyValueSpecification","valueRequired":true,"valueName":"search_term_string"}}],"inLanguage":"fr-FR"}]},"product_brand":"Vitality Meds","product_price_amount":"50.00","product_price_currency":"EUR","og_availability":"out of stock","product_availability":"out of stock","product_condition":"new"},"_links":{"self":[{"href":"https:\/\/iberoid-shop.com\/fr\/wp-json\/wp\/v2\/product\/9458","targetHints":{"allow":["GET"]}}],"collection":[{"href":"https:\/\/iberoid-shop.com\/fr\/wp-json\/wp\/v2\/product"}],"about":[{"href":"https:\/\/iberoid-shop.com\/fr\/wp-json\/wp\/v2\/types\/product"}],"replies":[{"embeddable":true,"href":"https:\/\/iberoid-shop.com\/fr\/wp-json\/wp\/v2\/comments?post=9458"}],"wp:featuredmedia":[{"embeddable":true,"href":"https:\/\/iberoid-shop.com\/fr\/wp-json\/wp\/v2\/media\/9460"}],"wp:attachment":[{"href":"https:\/\/iberoid-shop.com\/fr\/wp-json\/wp\/v2\/media?parent=9458"}],"wp:term":[{"taxonomy":"product_brand","embeddable":true,"href":"https:\/\/iberoid-shop.com\/fr\/wp-json\/wp\/v2\/product_brand?post=9458"},{"taxonomy":"product_cat","embeddable":true,"href":"https:\/\/iberoid-shop.com\/fr\/wp-json\/wp\/v2\/product_cat?post=9458"},{"taxonomy":"product_tag","embeddable":true,"href":"https:\/\/iberoid-shop.com\/fr\/wp-json\/wp\/v2\/product_tag?post=9458"}],"curies":[{"name":"wp","href":"https:\/\/api.w.org\/{rel}","templated":true}]}}